{"id":3387,"date":"2025-01-13T13:13:47","date_gmt":"2025-01-13T13:13:47","guid":{"rendered":"https:\/\/aivlisoft.com\/?post_type=product&#038;p=3387"},"modified":"2025-01-14T10:07:08","modified_gmt":"2025-01-14T10:07:08","slug":"ewent-ew1538-soporte-sobremesa-gas-2-monitores-27","status":"publish","type":"product","link":"https:\/\/aivlisoft.net\/shop\/producto\/ewent-ew1538-soporte-sobremesa-gas-2-monitores-27\/","title":{"rendered":"EWENT EW1538 Soporte Sobremesa Gas 2 Monitores 27"},"content":{"rendered":"<p>Cree un entorno de trabajo ergon&oacute;mico y que ahorre espacio utilizando el soporte de escritorio <strong>EW1538 <\/strong>totalmente met&aacute;lico para 2 monitores con resorte de gas. Coloque las pantallas a su altura y &aacute;ngulo de visi&oacute;n ideales con una sola mano gracias a su conveniente sistema de resorte de gas. &iexcl;Ideal para espacios de trabajo flexibles! El soporte de escritorio EW1538 es adecuado para dos pantallas de hasta 27 pulgadas y 2-7 kg cada una<\/p>\n<p>Ideal para espacios de trabajo flexibles.<\/p>\n<p>Cuando trabaje en un espacio de oficina con espacios de trabajo flexibles, puede usar el soporte de escritorio dual <strong>EW1538 <\/strong>con resorte de gas. El <strong>EW1538 <\/strong>es f&aacute;cilmente ajustable en altura y profundidad sin necesidad de herramientas. Incline, gire y gire sus pantallas para crear un espacio de trabajo ergon&oacute;mico ideal y reducir el riesgo de quejas de cuello, espalda y hombros. Los cables se mantienen fuera de la vista gracias al sistema de gesti&oacute;n de cables.<\/p>\n<table class=\"tabla_caracteristicas k-table\" width=\"100%\">\n<tr>\n<td><strong>Marca<\/strong><\/td>\n<td>Ewent<\/td>\n<\/tr>\n<tr>\n<td><strong>Modelo<\/strong><\/td>\n<td><strong>EW1538<\/strong><\/td>\n<\/tr>\n<tr>\n<td><strong>Caracter&iacute;sticas<\/strong><\/td>\n<td>&#8211; Tama&ntilde;o de pantalla sugerido: 13 &quot;- 27&quot;<br \/>\t\t\t&#8211; Adecuado para: 2 pantallas<br \/>\t\t\t&#8211; Material: aluminio, acero, pl&aacute;stico<br \/>\t\t\t&#8211; Acabado superficial: recubrimiento en polvo<br \/>\t\t\t&#8211; Tama&ntilde;o del producto: 738 x 408 x 250 mm<br \/>\t\t\t&#8211; Instalaci&oacute;n: Independiente<br \/>\t\t\t&#8211; Rango de capacidad de peso: 2 &#8211; 7 kg<br \/>\t\t\t&#8211; Carga nominal: 12 kg<br \/>\t\t\t&#8211; VESA: 100&#215;100,75&#215;75<br \/>\t\t\t&#8211; Placa VESA de liberaci&oacute;n r&aacute;pida: s&iacute;<br \/>\t\t\t&#8211; Inclinaci&oacute;n: + 20 &deg;&nbsp; -20 &deg;<br \/>\t\t\t&#8211; Giratorio: + 10 &deg;&nbsp; -10 &deg;<br \/>\t\t\t&#8211; Girar: 180 &deg;<br \/>\t\t\t&#8211; Altura del poste: 370 mm<br \/>\t\t\t&#8211; Libremente ajustable en altura: S&iacute; (resorte de gas)<br \/>\t\t\t&#8211; Gesti&oacute;n de cables: S&iacute;<br \/>\t\t\t&#8211; Color: Negro<\/td>\n<\/tr>\n<tr>\n<td><strong>Fecha de revisi&oacute;n<\/strong><\/td>\n<td>20-05-2022 por MPM<\/td>\n<\/tr>\n<\/table>\n","protected":false},"excerpt":{"rendered":"<p>Cree un entorno de trabajo ergon&oacute;mico y que ahorre espacio utilizando el soporte de escritorio EW1538 totalmente met&aacute;lico para 2 monitores con resorte de gas. Coloque las pantallas a su altura y &aacute;ngulo de visi&oacute;n ideales con una sola mano gracias a su conveniente sistema de resorte de gas. &iexcl;Ideal para espacios de trabajo flexibles!&hellip;&nbsp;<a href=\"https:\/\/aivlisoft.net\/shop\/producto\/ewent-ew1538-soporte-sobremesa-gas-2-monitores-27\/\" rel=\"bookmark\"><span class=\"screen-reader-text\">EWENT EW1538 Soporte Sobremesa Gas 2 Monitores 27<\/span><\/a><\/p>\n","protected":false},"featured_media":3388,"template":"","meta":{"neve_meta_sidebar":"","neve_meta_container":"","neve_meta_enable_content_width":"","neve_meta_content_width":0,"neve_meta_title_alignment":"","neve_meta_author_avatar":"","neve_post_elements_order":"","neve_meta_disable_header":"","neve_meta_disable_footer":"","neve_meta_disable_title":""},"product_brand":[],"product_cat":[15],"product_tag":[1026],"class_list":{"0":"post-3387","1":"product","2":"type-product","3":"status-publish","4":"has-post-thumbnail","6":"product_cat-sin-categorizar","7":"product_tag-ew1538","9":"first","10":"instock","11":"taxable","12":"shipping-taxable","13":"purchasable","14":"product-type-simple"},"yoast_head":"<!-- This site is optimized with the Yoast SEO plugin v26.0 - https:\/\/yoast.com\/wordpress\/plugins\/seo\/ -->\n<title>EWENT EW1538 Soporte Sobremesa Gas 2 Monitores 27 - Aivlisoft Inform\u00e1tica<\/title>\n<meta name=\"robots\" content=\"index, follow, max-snippet:-1, max-image-preview:large, max-video-preview:-1\" \/>\n<link rel=\"canonical\" href=\"https:\/\/aivlisoft.net\/shop\/producto\/ewent-ew1538-soporte-sobremesa-gas-2-monitores-27\/\" \/>\n<meta property=\"og:locale\" content=\"es_ES\" \/>\n<meta property=\"og:type\" content=\"article\" \/>\n<meta property=\"og:title\" content=\"EWENT EW1538 Soporte Sobremesa Gas 2 Monitores 27 - Aivlisoft Inform\u00e1tica\" \/>\n<meta property=\"og:description\" content=\"Cree un entorno de trabajo ergon&oacute;mico y que ahorre espacio utilizando el soporte de escritorio EW1538 totalmente met&aacute;lico para 2 monitores con resorte de gas. Coloque las pantallas a su altura y &aacute;ngulo de visi&oacute;n ideales con una sola mano gracias a su conveniente sistema de resorte de gas. &iexcl;Ideal para espacios de trabajo flexibles!&hellip;&nbsp;EWENT EW1538 Soporte Sobremesa Gas 2 Monitores 27\" \/>\n<meta property=\"og:url\" content=\"https:\/\/aivlisoft.net\/shop\/producto\/ewent-ew1538-soporte-sobremesa-gas-2-monitores-27\/\" \/>\n<meta property=\"og:site_name\" content=\"Aivlisoft Inform\u00e1tica\" \/>\n<meta property=\"article:modified_time\" content=\"2025-01-14T10:07:08+00:00\" \/>\n<meta property=\"og:image\" content=\"https:\/\/aivlisoft.net\/shop\/wp-content\/uploads\/2025\/01\/AISATV0277_800-1.jpg\" \/>\n\t<meta property=\"og:image:width\" content=\"800\" \/>\n\t<meta property=\"og:image:height\" content=\"800\" \/>\n\t<meta property=\"og:image:type\" content=\"image\/jpeg\" \/>\n<meta name=\"twitter:card\" content=\"summary_large_image\" \/>\n<meta name=\"twitter:label1\" content=\"Tiempo de lectura\" \/>\n\t<meta name=\"twitter:data1\" content=\"1 minuto\" \/>\n<script type=\"application\/ld+json\" class=\"yoast-schema-graph\">{\"@context\":\"https:\/\/schema.org\",\"@graph\":[{\"@type\":\"WebPage\",\"@id\":\"https:\/\/aivlisoft.net\/shop\/producto\/ewent-ew1538-soporte-sobremesa-gas-2-monitores-27\/\",\"url\":\"https:\/\/aivlisoft.net\/shop\/producto\/ewent-ew1538-soporte-sobremesa-gas-2-monitores-27\/\",\"name\":\"EWENT EW1538 Soporte Sobremesa Gas 2 Monitores 27 - Aivlisoft Inform\u00e1tica\",\"isPartOf\":{\"@id\":\"https:\/\/aivlisoft.net\/shop\/#website\"},\"primaryImageOfPage\":{\"@id\":\"https:\/\/aivlisoft.net\/shop\/producto\/ewent-ew1538-soporte-sobremesa-gas-2-monitores-27\/#primaryimage\"},\"image\":{\"@id\":\"https:\/\/aivlisoft.net\/shop\/producto\/ewent-ew1538-soporte-sobremesa-gas-2-monitores-27\/#primaryimage\"},\"thumbnailUrl\":\"https:\/\/aivlisoft.net\/shop\/wp-content\/uploads\/2025\/01\/AISATV0277_800-1.jpg\",\"datePublished\":\"2025-01-13T13:13:47+00:00\",\"dateModified\":\"2025-01-14T10:07:08+00:00\",\"breadcrumb\":{\"@id\":\"https:\/\/aivlisoft.net\/shop\/producto\/ewent-ew1538-soporte-sobremesa-gas-2-monitores-27\/#breadcrumb\"},\"inLanguage\":\"es\",\"potentialAction\":[{\"@type\":\"ReadAction\",\"target\":[\"https:\/\/aivlisoft.net\/shop\/producto\/ewent-ew1538-soporte-sobremesa-gas-2-monitores-27\/\"]}]},{\"@type\":\"ImageObject\",\"inLanguage\":\"es\",\"@id\":\"https:\/\/aivlisoft.net\/shop\/producto\/ewent-ew1538-soporte-sobremesa-gas-2-monitores-27\/#primaryimage\",\"url\":\"https:\/\/aivlisoft.net\/shop\/wp-content\/uploads\/2025\/01\/AISATV0277_800-1.jpg\",\"contentUrl\":\"https:\/\/aivlisoft.net\/shop\/wp-content\/uploads\/2025\/01\/AISATV0277_800-1.jpg\",\"width\":800,\"height\":800},{\"@type\":\"BreadcrumbList\",\"@id\":\"https:\/\/aivlisoft.net\/shop\/producto\/ewent-ew1538-soporte-sobremesa-gas-2-monitores-27\/#breadcrumb\",\"itemListElement\":[{\"@type\":\"ListItem\",\"position\":1,\"name\":\"Portada\",\"item\":\"https:\/\/aivlisoft.net\/shop\/\"},{\"@type\":\"ListItem\",\"position\":2,\"name\":\"Tienda\",\"item\":\"https:\/\/aivlisoft.net\/shop\/tienda\/\"},{\"@type\":\"ListItem\",\"position\":3,\"name\":\"EWENT EW1538 Soporte Sobremesa Gas 2 Monitores 27\"}]},{\"@type\":\"WebSite\",\"@id\":\"https:\/\/aivlisoft.net\/shop\/#website\",\"url\":\"https:\/\/aivlisoft.net\/shop\/\",\"name\":\"Aivlisoft Inform\u00e1tica\",\"description\":\"En Aivlisoft Inform\u00e1tica ofrecemos soluciones tecnol\u00f3gicas para empresas: venta de ordenadores, consumibles, perif\u00e9ricos y m\u00e1s. Calidad, atenci\u00f3n personalizada y los mejores precios para tu negocio.\",\"publisher\":{\"@id\":\"https:\/\/aivlisoft.net\/shop\/#organization\"},\"potentialAction\":[{\"@type\":\"SearchAction\",\"target\":{\"@type\":\"EntryPoint\",\"urlTemplate\":\"https:\/\/aivlisoft.net\/shop\/?s={search_term_string}\"},\"query-input\":{\"@type\":\"PropertyValueSpecification\",\"valueRequired\":true,\"valueName\":\"search_term_string\"}}],\"inLanguage\":\"es\"},{\"@type\":\"Organization\",\"@id\":\"https:\/\/aivlisoft.net\/shop\/#organization\",\"name\":\"Aivlisoft Inform\u00e1tica\",\"url\":\"https:\/\/aivlisoft.net\/shop\/\",\"logo\":{\"@type\":\"ImageObject\",\"inLanguage\":\"es\",\"@id\":\"https:\/\/aivlisoft.net\/shop\/#\/schema\/logo\/image\/\",\"url\":\"https:\/\/aivlisoft.net\/shop\/wp-content\/uploads\/2024\/12\/removal.ai_5b848c54-0cdf-4140-95c5-c5536bb7573b-logodef.png\",\"contentUrl\":\"https:\/\/aivlisoft.net\/shop\/wp-content\/uploads\/2024\/12\/removal.ai_5b848c54-0cdf-4140-95c5-c5536bb7573b-logodef.png\",\"width\":484,\"height\":182,\"caption\":\"Aivlisoft Inform\u00e1tica\"},\"image\":{\"@id\":\"https:\/\/aivlisoft.net\/shop\/#\/schema\/logo\/image\/\"}}]}<\/script>\n<!-- \/ Yoast SEO plugin. -->","yoast_head_json":{"title":"EWENT EW1538 Soporte Sobremesa Gas 2 Monitores 27 - Aivlisoft Inform\u00e1tica","robots":{"index":"index","follow":"follow","max-snippet":"max-snippet:-1","max-image-preview":"max-image-preview:large","max-video-preview":"max-video-preview:-1"},"canonical":"https:\/\/aivlisoft.net\/shop\/producto\/ewent-ew1538-soporte-sobremesa-gas-2-monitores-27\/","og_locale":"es_ES","og_type":"article","og_title":"EWENT EW1538 Soporte Sobremesa Gas 2 Monitores 27 - Aivlisoft Inform\u00e1tica","og_description":"Cree un entorno de trabajo ergon&oacute;mico y que ahorre espacio utilizando el soporte de escritorio EW1538 totalmente met&aacute;lico para 2 monitores con resorte de gas. Coloque las pantallas a su altura y &aacute;ngulo de visi&oacute;n ideales con una sola mano gracias a su conveniente sistema de resorte de gas. &iexcl;Ideal para espacios de trabajo flexibles!&hellip;&nbsp;EWENT EW1538 Soporte Sobremesa Gas 2 Monitores 27","og_url":"https:\/\/aivlisoft.net\/shop\/producto\/ewent-ew1538-soporte-sobremesa-gas-2-monitores-27\/","og_site_name":"Aivlisoft Inform\u00e1tica","article_modified_time":"2025-01-14T10:07:08+00:00","og_image":[{"width":800,"height":800,"url":"https:\/\/aivlisoft.net\/shop\/wp-content\/uploads\/2025\/01\/AISATV0277_800-1.jpg","type":"image\/jpeg"}],"twitter_card":"summary_large_image","twitter_misc":{"Tiempo de lectura":"1 minuto"},"schema":{"@context":"https:\/\/schema.org","@graph":[{"@type":"WebPage","@id":"https:\/\/aivlisoft.net\/shop\/producto\/ewent-ew1538-soporte-sobremesa-gas-2-monitores-27\/","url":"https:\/\/aivlisoft.net\/shop\/producto\/ewent-ew1538-soporte-sobremesa-gas-2-monitores-27\/","name":"EWENT EW1538 Soporte Sobremesa Gas 2 Monitores 27 - Aivlisoft Inform\u00e1tica","isPartOf":{"@id":"https:\/\/aivlisoft.net\/shop\/#website"},"primaryImageOfPage":{"@id":"https:\/\/aivlisoft.net\/shop\/producto\/ewent-ew1538-soporte-sobremesa-gas-2-monitores-27\/#primaryimage"},"image":{"@id":"https:\/\/aivlisoft.net\/shop\/producto\/ewent-ew1538-soporte-sobremesa-gas-2-monitores-27\/#primaryimage"},"thumbnailUrl":"https:\/\/aivlisoft.net\/shop\/wp-content\/uploads\/2025\/01\/AISATV0277_800-1.jpg","datePublished":"2025-01-13T13:13:47+00:00","dateModified":"2025-01-14T10:07:08+00:00","breadcrumb":{"@id":"https:\/\/aivlisoft.net\/shop\/producto\/ewent-ew1538-soporte-sobremesa-gas-2-monitores-27\/#breadcrumb"},"inLanguage":"es","potentialAction":[{"@type":"ReadAction","target":["https:\/\/aivlisoft.net\/shop\/producto\/ewent-ew1538-soporte-sobremesa-gas-2-monitores-27\/"]}]},{"@type":"ImageObject","inLanguage":"es","@id":"https:\/\/aivlisoft.net\/shop\/producto\/ewent-ew1538-soporte-sobremesa-gas-2-monitores-27\/#primaryimage","url":"https:\/\/aivlisoft.net\/shop\/wp-content\/uploads\/2025\/01\/AISATV0277_800-1.jpg","contentUrl":"https:\/\/aivlisoft.net\/shop\/wp-content\/uploads\/2025\/01\/AISATV0277_800-1.jpg","width":800,"height":800},{"@type":"BreadcrumbList","@id":"https:\/\/aivlisoft.net\/shop\/producto\/ewent-ew1538-soporte-sobremesa-gas-2-monitores-27\/#breadcrumb","itemListElement":[{"@type":"ListItem","position":1,"name":"Portada","item":"https:\/\/aivlisoft.net\/shop\/"},{"@type":"ListItem","position":2,"name":"Tienda","item":"https:\/\/aivlisoft.net\/shop\/tienda\/"},{"@type":"ListItem","position":3,"name":"EWENT EW1538 Soporte Sobremesa Gas 2 Monitores 27"}]},{"@type":"WebSite","@id":"https:\/\/aivlisoft.net\/shop\/#website","url":"https:\/\/aivlisoft.net\/shop\/","name":"Aivlisoft Inform\u00e1tica","description":"En Aivlisoft Inform\u00e1tica ofrecemos soluciones tecnol\u00f3gicas para empresas: venta de ordenadores, consumibles, perif\u00e9ricos y m\u00e1s. Calidad, atenci\u00f3n personalizada y los mejores precios para tu negocio.","publisher":{"@id":"https:\/\/aivlisoft.net\/shop\/#organization"},"potentialAction":[{"@type":"SearchAction","target":{"@type":"EntryPoint","urlTemplate":"https:\/\/aivlisoft.net\/shop\/?s={search_term_string}"},"query-input":{"@type":"PropertyValueSpecification","valueRequired":true,"valueName":"search_term_string"}}],"inLanguage":"es"},{"@type":"Organization","@id":"https:\/\/aivlisoft.net\/shop\/#organization","name":"Aivlisoft Inform\u00e1tica","url":"https:\/\/aivlisoft.net\/shop\/","logo":{"@type":"ImageObject","inLanguage":"es","@id":"https:\/\/aivlisoft.net\/shop\/#\/schema\/logo\/image\/","url":"https:\/\/aivlisoft.net\/shop\/wp-content\/uploads\/2024\/12\/removal.ai_5b848c54-0cdf-4140-95c5-c5536bb7573b-logodef.png","contentUrl":"https:\/\/aivlisoft.net\/shop\/wp-content\/uploads\/2024\/12\/removal.ai_5b848c54-0cdf-4140-95c5-c5536bb7573b-logodef.png","width":484,"height":182,"caption":"Aivlisoft Inform\u00e1tica"},"image":{"@id":"https:\/\/aivlisoft.net\/shop\/#\/schema\/logo\/image\/"}}]}},"_links":{"self":[{"href":"https:\/\/aivlisoft.net\/shop\/wp-json\/wp\/v2\/product\/3387","targetHints":{"allow":["GET"]}}],"collection":[{"href":"https:\/\/aivlisoft.net\/shop\/wp-json\/wp\/v2\/product"}],"about":[{"href":"https:\/\/aivlisoft.net\/shop\/wp-json\/wp\/v2\/types\/product"}],"wp:featuredmedia":[{"embeddable":true,"href":"https:\/\/aivlisoft.net\/shop\/wp-json\/wp\/v2\/media\/3388"}],"wp:attachment":[{"href":"https:\/\/aivlisoft.net\/shop\/wp-json\/wp\/v2\/media?parent=3387"}],"wp:term":[{"taxonomy":"product_brand","embeddable":true,"href":"https:\/\/aivlisoft.net\/shop\/wp-json\/wp\/v2\/product_brand?post=3387"},{"taxonomy":"product_cat","embeddable":true,"href":"https:\/\/aivlisoft.net\/shop\/wp-json\/wp\/v2\/product_cat?post=3387"},{"taxonomy":"product_tag","embeddable":true,"href":"https:\/\/aivlisoft.net\/shop\/wp-json\/wp\/v2\/product_tag?post=3387"}],"curies":[{"name":"wp","href":"https:\/\/api.w.org\/{rel}","templated":true}]}}