{"id":3378,"date":"2025-01-13T13:13:44","date_gmt":"2025-01-13T13:13:44","guid":{"rendered":"https:\/\/aivlisoft.com\/?post_type=product&#038;p=3378"},"modified":"2025-01-14T10:07:06","modified_gmt":"2025-01-14T10:07:06","slug":"tooq-lpce1170tsli-b-soporte-techo-tv-37-70-negro","status":"publish","type":"product","link":"https:\/\/aivlisoft.net\/shop\/producto\/tooq-lpce1170tsli-b-soporte-techo-tv-37-70-negro\/","title":{"rendered":"Tooq LPCE1170TSLI-B Soporte techo TV 37&#8243;-70&#8243; Negro"},"content":{"rendered":"<p><\/p>\n<table class=\"tabla_caracteristicas k-table\" width=\"100%\">\n<tbody>\n<tr>\n<td><strong>Marca<\/strong><\/td>\n<td>Tooq<\/td>\n<\/tr>\n<tr>\n<td><strong>Modelo<\/strong><\/td>\n<td><strong>LPCE1170TSLI-B<\/strong><\/td>\n<\/tr>\n<tr>\n<td><strong>Uso<\/strong><\/td>\n<td>&#8211; Soporte TV\/Monitor<\/td>\n<\/tr>\n<tr>\n<td valign=\"top\"><strong>Caracteristicas<\/strong><\/td>\n<td>&#8211; Pantallas soportadas: <strong>37&#8243;-70&#8243;<\/strong><br \/>&#8211; Compatible con VESA: 200&#215;200, 300&#215;300, 400&#215;200, 400&#215;400 y 600&#215;400<br \/>&#8211; Peso m&aacute;ximo soportado de pantalla: <strong>50 kg<\/strong><br \/>&#8211; &Aacute;ngulo de inclinaci&oacute;n: +0&deg;\/-25&deg;<br \/>&#8211; &Aacute;ngulo de rotaci&oacute;n: +180&deg;\/-180&deg;<br \/>&#8211; &Aacute;ngulo de nivelaci&oacute;n: +3&deg;\/-3&deg;<br \/>&#8211; Distancia de techo: 1060-1560 mm<br \/>&#8211; Apto para techos inclinados: +60&deg;\/-60&deg;<br \/>&#8211; Sistema de organizaci&oacute;n de cables<br \/>&#8211; Compatible con pantallas curvas<br \/>&#8211; Color: Negro<br \/>&#8211; Peso neto: 12,4 kg. Peso bruto: 15,8 kg<br \/>&#8211; Medidas del embalaje: 935x310x145 mm<br \/><strong>Contenido<\/strong><br \/>&#8211; 1 x Soporte<br \/>&#8211; 1 x Kit montaje (incluye herramientas)<br \/>&#8211; 1 x Manual de instalaci&oacute;n<\/td>\n<\/tr>\n<tr>\n<td><strong>Fecha de revisi&oacute;n<\/strong><\/td>\n<td>23-09-2020 por MSB<\/td>\n<\/tr>\n<\/tbody>\n<\/table>\n","protected":false},"excerpt":{"rendered":"<p>Marca Tooq Modelo LPCE1170TSLI-B Uso &#8211; Soporte TV\/Monitor Caracteristicas &#8211; Pantallas soportadas: 37&#8243;-70&#8243;&#8211; Compatible con VESA: 200&#215;200, 300&#215;300, 400&#215;200, 400&#215;400 y 600&#215;400&#8211; Peso m&aacute;ximo soportado de pantalla: 50 kg&#8211; &Aacute;ngulo de inclinaci&oacute;n: +0&deg;\/-25&deg;&#8211; &Aacute;ngulo de rotaci&oacute;n: +180&deg;\/-180&deg;&#8211; &Aacute;ngulo de nivelaci&oacute;n: +3&deg;\/-3&deg;&#8211; Distancia de techo: 1060-1560 mm&#8211; Apto para techos inclinados: +60&deg;\/-60&deg;&#8211; Sistema de organizaci&oacute;n de&hellip;&nbsp;<a href=\"https:\/\/aivlisoft.net\/shop\/producto\/tooq-lpce1170tsli-b-soporte-techo-tv-37-70-negro\/\" rel=\"bookmark\"><span class=\"screen-reader-text\">Tooq LPCE1170TSLI-B Soporte techo TV 37&#8243;-70&#8243; Negro<\/span><\/a><\/p>\n","protected":false},"featured_media":3379,"template":"","meta":{"neve_meta_sidebar":"","neve_meta_container":"","neve_meta_enable_content_width":"","neve_meta_content_width":0,"neve_meta_title_alignment":"","neve_meta_author_avatar":"","neve_post_elements_order":"","neve_meta_disable_header":"","neve_meta_disable_footer":"","neve_meta_disable_title":""},"product_brand":[],"product_cat":[15],"product_tag":[1024],"class_list":{"0":"post-3378","1":"product","2":"type-product","3":"status-publish","4":"has-post-thumbnail","6":"product_cat-sin-categorizar","7":"product_tag-lpce1170tsli-b","9":"first","10":"instock","11":"taxable","12":"shipping-taxable","13":"purchasable","14":"product-type-simple"},"yoast_head":"<!-- This site is optimized with the Yoast SEO plugin v26.0 - https:\/\/yoast.com\/wordpress\/plugins\/seo\/ -->\n<title>Tooq LPCE1170TSLI-B Soporte techo TV 37&quot;-70&quot; Negro - Aivlisoft Inform\u00e1tica<\/title>\n<meta name=\"robots\" content=\"index, follow, max-snippet:-1, max-image-preview:large, max-video-preview:-1\" \/>\n<link rel=\"canonical\" href=\"https:\/\/aivlisoft.net\/shop\/producto\/tooq-lpce1170tsli-b-soporte-techo-tv-37-70-negro\/\" \/>\n<meta property=\"og:locale\" content=\"es_ES\" \/>\n<meta property=\"og:type\" content=\"article\" \/>\n<meta property=\"og:title\" content=\"Tooq LPCE1170TSLI-B Soporte techo TV 37&quot;-70&quot; Negro - Aivlisoft Inform\u00e1tica\" \/>\n<meta property=\"og:description\" content=\"Marca Tooq Modelo LPCE1170TSLI-B Uso &#8211; Soporte TV\/Monitor Caracteristicas &#8211; Pantallas soportadas: 37&#8243;-70&#8243;&#8211; Compatible con VESA: 200&#215;200, 300&#215;300, 400&#215;200, 400&#215;400 y 600&#215;400&#8211; Peso m&aacute;ximo soportado de pantalla: 50 kg&#8211; &Aacute;ngulo de inclinaci&oacute;n: +0&deg;\/-25&deg;&#8211; &Aacute;ngulo de rotaci&oacute;n: +180&deg;\/-180&deg;&#8211; &Aacute;ngulo de nivelaci&oacute;n: +3&deg;\/-3&deg;&#8211; Distancia de techo: 1060-1560 mm&#8211; Apto para techos inclinados: +60&deg;\/-60&deg;&#8211; Sistema de organizaci&oacute;n de&hellip;&nbsp;Tooq LPCE1170TSLI-B Soporte techo TV 37&#8243;-70&#8243; Negro\" \/>\n<meta property=\"og:url\" content=\"https:\/\/aivlisoft.net\/shop\/producto\/tooq-lpce1170tsli-b-soporte-techo-tv-37-70-negro\/\" \/>\n<meta property=\"og:site_name\" content=\"Aivlisoft Inform\u00e1tica\" \/>\n<meta property=\"article:modified_time\" content=\"2025-01-14T10:07:06+00:00\" \/>\n<meta property=\"og:image\" content=\"https:\/\/aivlisoft.net\/shop\/wp-content\/uploads\/2025\/01\/AISATV0275_800-1.jpg\" \/>\n\t<meta property=\"og:image:width\" content=\"800\" \/>\n\t<meta property=\"og:image:height\" content=\"800\" \/>\n\t<meta property=\"og:image:type\" content=\"image\/jpeg\" \/>\n<meta name=\"twitter:card\" content=\"summary_large_image\" \/>\n<meta name=\"twitter:label1\" content=\"Tiempo de lectura\" \/>\n\t<meta name=\"twitter:data1\" content=\"1 minuto\" \/>\n<script type=\"application\/ld+json\" class=\"yoast-schema-graph\">{\"@context\":\"https:\/\/schema.org\",\"@graph\":[{\"@type\":\"WebPage\",\"@id\":\"https:\/\/aivlisoft.net\/shop\/producto\/tooq-lpce1170tsli-b-soporte-techo-tv-37-70-negro\/\",\"url\":\"https:\/\/aivlisoft.net\/shop\/producto\/tooq-lpce1170tsli-b-soporte-techo-tv-37-70-negro\/\",\"name\":\"Tooq LPCE1170TSLI-B Soporte techo TV 37\\\"-70\\\" Negro - Aivlisoft Inform\u00e1tica\",\"isPartOf\":{\"@id\":\"https:\/\/aivlisoft.net\/shop\/#website\"},\"primaryImageOfPage\":{\"@id\":\"https:\/\/aivlisoft.net\/shop\/producto\/tooq-lpce1170tsli-b-soporte-techo-tv-37-70-negro\/#primaryimage\"},\"image\":{\"@id\":\"https:\/\/aivlisoft.net\/shop\/producto\/tooq-lpce1170tsli-b-soporte-techo-tv-37-70-negro\/#primaryimage\"},\"thumbnailUrl\":\"https:\/\/aivlisoft.net\/shop\/wp-content\/uploads\/2025\/01\/AISATV0275_800-1.jpg\",\"datePublished\":\"2025-01-13T13:13:44+00:00\",\"dateModified\":\"2025-01-14T10:07:06+00:00\",\"breadcrumb\":{\"@id\":\"https:\/\/aivlisoft.net\/shop\/producto\/tooq-lpce1170tsli-b-soporte-techo-tv-37-70-negro\/#breadcrumb\"},\"inLanguage\":\"es\",\"potentialAction\":[{\"@type\":\"ReadAction\",\"target\":[\"https:\/\/aivlisoft.net\/shop\/producto\/tooq-lpce1170tsli-b-soporte-techo-tv-37-70-negro\/\"]}]},{\"@type\":\"ImageObject\",\"inLanguage\":\"es\",\"@id\":\"https:\/\/aivlisoft.net\/shop\/producto\/tooq-lpce1170tsli-b-soporte-techo-tv-37-70-negro\/#primaryimage\",\"url\":\"https:\/\/aivlisoft.net\/shop\/wp-content\/uploads\/2025\/01\/AISATV0275_800-1.jpg\",\"contentUrl\":\"https:\/\/aivlisoft.net\/shop\/wp-content\/uploads\/2025\/01\/AISATV0275_800-1.jpg\",\"width\":800,\"height\":800},{\"@type\":\"BreadcrumbList\",\"@id\":\"https:\/\/aivlisoft.net\/shop\/producto\/tooq-lpce1170tsli-b-soporte-techo-tv-37-70-negro\/#breadcrumb\",\"itemListElement\":[{\"@type\":\"ListItem\",\"position\":1,\"name\":\"Portada\",\"item\":\"https:\/\/aivlisoft.net\/shop\/\"},{\"@type\":\"ListItem\",\"position\":2,\"name\":\"Tienda\",\"item\":\"https:\/\/aivlisoft.net\/shop\/tienda\/\"},{\"@type\":\"ListItem\",\"position\":3,\"name\":\"Tooq LPCE1170TSLI-B Soporte techo TV 37&#8243;-70&#8243; Negro\"}]},{\"@type\":\"WebSite\",\"@id\":\"https:\/\/aivlisoft.net\/shop\/#website\",\"url\":\"https:\/\/aivlisoft.net\/shop\/\",\"name\":\"Aivlisoft Inform\u00e1tica\",\"description\":\"En Aivlisoft Inform\u00e1tica ofrecemos soluciones tecnol\u00f3gicas para empresas: venta de ordenadores, consumibles, perif\u00e9ricos y m\u00e1s. Calidad, atenci\u00f3n personalizada y los mejores precios para tu negocio.\",\"publisher\":{\"@id\":\"https:\/\/aivlisoft.net\/shop\/#organization\"},\"potentialAction\":[{\"@type\":\"SearchAction\",\"target\":{\"@type\":\"EntryPoint\",\"urlTemplate\":\"https:\/\/aivlisoft.net\/shop\/?s={search_term_string}\"},\"query-input\":{\"@type\":\"PropertyValueSpecification\",\"valueRequired\":true,\"valueName\":\"search_term_string\"}}],\"inLanguage\":\"es\"},{\"@type\":\"Organization\",\"@id\":\"https:\/\/aivlisoft.net\/shop\/#organization\",\"name\":\"Aivlisoft Inform\u00e1tica\",\"url\":\"https:\/\/aivlisoft.net\/shop\/\",\"logo\":{\"@type\":\"ImageObject\",\"inLanguage\":\"es\",\"@id\":\"https:\/\/aivlisoft.net\/shop\/#\/schema\/logo\/image\/\",\"url\":\"https:\/\/aivlisoft.net\/shop\/wp-content\/uploads\/2024\/12\/removal.ai_5b848c54-0cdf-4140-95c5-c5536bb7573b-logodef.png\",\"contentUrl\":\"https:\/\/aivlisoft.net\/shop\/wp-content\/uploads\/2024\/12\/removal.ai_5b848c54-0cdf-4140-95c5-c5536bb7573b-logodef.png\",\"width\":484,\"height\":182,\"caption\":\"Aivlisoft Inform\u00e1tica\"},\"image\":{\"@id\":\"https:\/\/aivlisoft.net\/shop\/#\/schema\/logo\/image\/\"}}]}<\/script>\n<!-- \/ Yoast SEO plugin. -->","yoast_head_json":{"title":"Tooq LPCE1170TSLI-B Soporte techo TV 37\"-70\" Negro - Aivlisoft Inform\u00e1tica","robots":{"index":"index","follow":"follow","max-snippet":"max-snippet:-1","max-image-preview":"max-image-preview:large","max-video-preview":"max-video-preview:-1"},"canonical":"https:\/\/aivlisoft.net\/shop\/producto\/tooq-lpce1170tsli-b-soporte-techo-tv-37-70-negro\/","og_locale":"es_ES","og_type":"article","og_title":"Tooq LPCE1170TSLI-B Soporte techo TV 37\"-70\" Negro - Aivlisoft Inform\u00e1tica","og_description":"Marca Tooq Modelo LPCE1170TSLI-B Uso &#8211; Soporte TV\/Monitor Caracteristicas &#8211; Pantallas soportadas: 37&#8243;-70&#8243;&#8211; Compatible con VESA: 200&#215;200, 300&#215;300, 400&#215;200, 400&#215;400 y 600&#215;400&#8211; Peso m&aacute;ximo soportado de pantalla: 50 kg&#8211; &Aacute;ngulo de inclinaci&oacute;n: +0&deg;\/-25&deg;&#8211; &Aacute;ngulo de rotaci&oacute;n: +180&deg;\/-180&deg;&#8211; &Aacute;ngulo de nivelaci&oacute;n: +3&deg;\/-3&deg;&#8211; Distancia de techo: 1060-1560 mm&#8211; Apto para techos inclinados: +60&deg;\/-60&deg;&#8211; Sistema de organizaci&oacute;n de&hellip;&nbsp;Tooq LPCE1170TSLI-B Soporte techo TV 37&#8243;-70&#8243; Negro","og_url":"https:\/\/aivlisoft.net\/shop\/producto\/tooq-lpce1170tsli-b-soporte-techo-tv-37-70-negro\/","og_site_name":"Aivlisoft Inform\u00e1tica","article_modified_time":"2025-01-14T10:07:06+00:00","og_image":[{"width":800,"height":800,"url":"https:\/\/aivlisoft.net\/shop\/wp-content\/uploads\/2025\/01\/AISATV0275_800-1.jpg","type":"image\/jpeg"}],"twitter_card":"summary_large_image","twitter_misc":{"Tiempo de lectura":"1 minuto"},"schema":{"@context":"https:\/\/schema.org","@graph":[{"@type":"WebPage","@id":"https:\/\/aivlisoft.net\/shop\/producto\/tooq-lpce1170tsli-b-soporte-techo-tv-37-70-negro\/","url":"https:\/\/aivlisoft.net\/shop\/producto\/tooq-lpce1170tsli-b-soporte-techo-tv-37-70-negro\/","name":"Tooq LPCE1170TSLI-B Soporte techo TV 37\"-70\" Negro - Aivlisoft Inform\u00e1tica","isPartOf":{"@id":"https:\/\/aivlisoft.net\/shop\/#website"},"primaryImageOfPage":{"@id":"https:\/\/aivlisoft.net\/shop\/producto\/tooq-lpce1170tsli-b-soporte-techo-tv-37-70-negro\/#primaryimage"},"image":{"@id":"https:\/\/aivlisoft.net\/shop\/producto\/tooq-lpce1170tsli-b-soporte-techo-tv-37-70-negro\/#primaryimage"},"thumbnailUrl":"https:\/\/aivlisoft.net\/shop\/wp-content\/uploads\/2025\/01\/AISATV0275_800-1.jpg","datePublished":"2025-01-13T13:13:44+00:00","dateModified":"2025-01-14T10:07:06+00:00","breadcrumb":{"@id":"https:\/\/aivlisoft.net\/shop\/producto\/tooq-lpce1170tsli-b-soporte-techo-tv-37-70-negro\/#breadcrumb"},"inLanguage":"es","potentialAction":[{"@type":"ReadAction","target":["https:\/\/aivlisoft.net\/shop\/producto\/tooq-lpce1170tsli-b-soporte-techo-tv-37-70-negro\/"]}]},{"@type":"ImageObject","inLanguage":"es","@id":"https:\/\/aivlisoft.net\/shop\/producto\/tooq-lpce1170tsli-b-soporte-techo-tv-37-70-negro\/#primaryimage","url":"https:\/\/aivlisoft.net\/shop\/wp-content\/uploads\/2025\/01\/AISATV0275_800-1.jpg","contentUrl":"https:\/\/aivlisoft.net\/shop\/wp-content\/uploads\/2025\/01\/AISATV0275_800-1.jpg","width":800,"height":800},{"@type":"BreadcrumbList","@id":"https:\/\/aivlisoft.net\/shop\/producto\/tooq-lpce1170tsli-b-soporte-techo-tv-37-70-negro\/#breadcrumb","itemListElement":[{"@type":"ListItem","position":1,"name":"Portada","item":"https:\/\/aivlisoft.net\/shop\/"},{"@type":"ListItem","position":2,"name":"Tienda","item":"https:\/\/aivlisoft.net\/shop\/tienda\/"},{"@type":"ListItem","position":3,"name":"Tooq LPCE1170TSLI-B Soporte techo TV 37&#8243;-70&#8243; Negro"}]},{"@type":"WebSite","@id":"https:\/\/aivlisoft.net\/shop\/#website","url":"https:\/\/aivlisoft.net\/shop\/","name":"Aivlisoft Inform\u00e1tica","description":"En Aivlisoft Inform\u00e1tica ofrecemos soluciones tecnol\u00f3gicas para empresas: venta de ordenadores, consumibles, perif\u00e9ricos y m\u00e1s. Calidad, atenci\u00f3n personalizada y los mejores precios para tu negocio.","publisher":{"@id":"https:\/\/aivlisoft.net\/shop\/#organization"},"potentialAction":[{"@type":"SearchAction","target":{"@type":"EntryPoint","urlTemplate":"https:\/\/aivlisoft.net\/shop\/?s={search_term_string}"},"query-input":{"@type":"PropertyValueSpecification","valueRequired":true,"valueName":"search_term_string"}}],"inLanguage":"es"},{"@type":"Organization","@id":"https:\/\/aivlisoft.net\/shop\/#organization","name":"Aivlisoft Inform\u00e1tica","url":"https:\/\/aivlisoft.net\/shop\/","logo":{"@type":"ImageObject","inLanguage":"es","@id":"https:\/\/aivlisoft.net\/shop\/#\/schema\/logo\/image\/","url":"https:\/\/aivlisoft.net\/shop\/wp-content\/uploads\/2024\/12\/removal.ai_5b848c54-0cdf-4140-95c5-c5536bb7573b-logodef.png","contentUrl":"https:\/\/aivlisoft.net\/shop\/wp-content\/uploads\/2024\/12\/removal.ai_5b848c54-0cdf-4140-95c5-c5536bb7573b-logodef.png","width":484,"height":182,"caption":"Aivlisoft Inform\u00e1tica"},"image":{"@id":"https:\/\/aivlisoft.net\/shop\/#\/schema\/logo\/image\/"}}]}},"_links":{"self":[{"href":"https:\/\/aivlisoft.net\/shop\/wp-json\/wp\/v2\/product\/3378","targetHints":{"allow":["GET"]}}],"collection":[{"href":"https:\/\/aivlisoft.net\/shop\/wp-json\/wp\/v2\/product"}],"about":[{"href":"https:\/\/aivlisoft.net\/shop\/wp-json\/wp\/v2\/types\/product"}],"wp:featuredmedia":[{"embeddable":true,"href":"https:\/\/aivlisoft.net\/shop\/wp-json\/wp\/v2\/media\/3379"}],"wp:attachment":[{"href":"https:\/\/aivlisoft.net\/shop\/wp-json\/wp\/v2\/media?parent=3378"}],"wp:term":[{"taxonomy":"product_brand","embeddable":true,"href":"https:\/\/aivlisoft.net\/shop\/wp-json\/wp\/v2\/product_brand?post=3378"},{"taxonomy":"product_cat","embeddable":true,"href":"https:\/\/aivlisoft.net\/shop\/wp-json\/wp\/v2\/product_cat?post=3378"},{"taxonomy":"product_tag","embeddable":true,"href":"https:\/\/aivlisoft.net\/shop\/wp-json\/wp\/v2\/product_tag?post=3378"}],"curies":[{"name":"wp","href":"https:\/\/api.w.org\/{rel}","templated":true}]}}