{"id":3371,"date":"2025-01-13T13:13:42","date_gmt":"2025-01-13T13:13:42","guid":{"rendered":"https:\/\/aivlisoft.com\/?post_type=product&#038;p=3371"},"modified":"2025-01-14T10:07:05","modified_gmt":"2025-01-14T10:07:05","slug":"iggual-soporte-elevador-monitor-hubx4p-carga-qi","status":"publish","type":"product","link":"https:\/\/aivlisoft.net\/shop\/producto\/iggual-soporte-elevador-monitor-hubx4p-carga-qi\/","title":{"rendered":"iggual Soporte elevador monitor + HUBx4p +carga Qi"},"content":{"rendered":"<p>Descubre todas las prestaciones del nuevo soporte para monitor USB 3.0 de iggual, un producto tres en uno perfecto para elevar la altura de tu monitor, elegante y muy funcional.<br \/>Este soporte definitivo de iggual dispone de una base de carga inal&aacute;mbrica, con una potencia m&aacute;xima de 15W, que te permitir&aacute; mantener la bater&iacute;a de tu m&oacute;vil siempre a punto. Adem&aacute;s, cuenta con 4 puertos USB 3.0 en uno de sus laterales, para que puedas conectar un mayor n&uacute;mero de dispositivos a tu PC.<br \/>Asimismo, este accesorio garantiza la estabilidad de tu monitor y es capaz de soportar hasta 15 kg de peso gracias a la resistencia de los materiales que lo componen. A su vez, ofrece un dise&ntilde;o sofisticado, con una base negra de aluminio, que te permitir&aacute; guardar tu teclado en su parte inferior para ganar espacio en tu escritorio.<br \/>&nbsp;<\/p>\n<table class=\"tabla_caracteristicas\" width=\"100%\">\n<tr>\n<td><strong>Marca<\/strong><\/td>\n<td>iggual<\/td>\n<\/tr>\n<tr>\n<td><strong>Modelo<\/strong><\/td>\n<td><strong>IGG316900 <\/strong><\/td>\n<\/tr>\n<tr>\n<td><strong>Tipo<\/strong><\/td>\n<td>&#8211; Soporte monitor USB 3.0 y carga inal&aacute;mbrica<\/td>\n<\/tr>\n<tr>\n<td><strong>Caracter&iacute;sticas<\/strong><\/td>\n<td>&#8211; Carga m&aacute;xima soportada: 15 kg<br \/>\t\t\t&#8211; Interfaces: USB 3.0 y carga inal&aacute;mbrica<br \/>\t\t\t&#8211; 4 puertos USB 3.0 5V &#8211; 1,5A (4,8 Gbit\/s &#8211; 600 MB\/s)<br \/>\t\t\t&#8211; Capacidad de carga inal&aacute;mbrica: 15W (m&aacute;x)<br \/>\t\t\t&#8211; Compatible con Windows, macOS, Linux<br \/>\t\t\t&#8211; Enchufar y listo<br \/>\t\t\t&#8211; Indicador LED<br \/>\t\t\t&#8211; Materiales: aluminio y pl&aacute;stico<br \/>\t\t\t&#8211; Dimensiones: 55 x 20 x 9,5 cm<br \/>\t\t\t&#8211; Peso: 1,1 kg<br \/>\t\t\t&#8211; Color: Negro<\/td>\n<\/tr>\n<tr>\n<td><strong>Fecha de revisi&oacute;n<\/strong><\/td>\n<td>09-04-2021 por MSB<\/td>\n<\/tr>\n<\/table>\n","protected":false},"excerpt":{"rendered":"<p>Descubre todas las prestaciones del nuevo soporte para monitor USB 3.0 de iggual, un producto tres en uno perfecto para elevar la altura de tu monitor, elegante y muy funcional.Este soporte definitivo de iggual dispone de una base de carga inal&aacute;mbrica, con una potencia m&aacute;xima de 15W, que te permitir&aacute; mantener la bater&iacute;a de tu&hellip;&nbsp;<a href=\"https:\/\/aivlisoft.net\/shop\/producto\/iggual-soporte-elevador-monitor-hubx4p-carga-qi\/\" rel=\"bookmark\"><span class=\"screen-reader-text\">iggual Soporte elevador monitor + HUBx4p +carga Qi<\/span><\/a><\/p>\n","protected":false},"featured_media":3372,"template":"","meta":{"neve_meta_sidebar":"","neve_meta_container":"","neve_meta_enable_content_width":"","neve_meta_content_width":0,"neve_meta_title_alignment":"","neve_meta_author_avatar":"","neve_post_elements_order":"","neve_meta_disable_header":"","neve_meta_disable_footer":"","neve_meta_disable_title":""},"product_brand":[],"product_cat":[15],"product_tag":[1021],"class_list":{"0":"post-3371","1":"product","2":"type-product","3":"status-publish","4":"has-post-thumbnail","6":"product_cat-sin-categorizar","7":"product_tag-igg316900","9":"first","10":"instock","11":"taxable","12":"shipping-taxable","13":"purchasable","14":"product-type-simple"},"yoast_head":"<!-- This site is optimized with the Yoast SEO plugin v26.0 - https:\/\/yoast.com\/wordpress\/plugins\/seo\/ -->\n<title>iggual Soporte elevador monitor + HUBx4p +carga Qi - Aivlisoft Inform\u00e1tica<\/title>\n<meta name=\"robots\" content=\"index, follow, max-snippet:-1, max-image-preview:large, max-video-preview:-1\" \/>\n<link rel=\"canonical\" href=\"https:\/\/aivlisoft.net\/shop\/producto\/iggual-soporte-elevador-monitor-hubx4p-carga-qi\/\" \/>\n<meta property=\"og:locale\" content=\"es_ES\" \/>\n<meta property=\"og:type\" content=\"article\" \/>\n<meta property=\"og:title\" content=\"iggual Soporte elevador monitor + HUBx4p +carga Qi - Aivlisoft Inform\u00e1tica\" \/>\n<meta property=\"og:description\" content=\"Descubre todas las prestaciones del nuevo soporte para monitor USB 3.0 de iggual, un producto tres en uno perfecto para elevar la altura de tu monitor, elegante y muy funcional.Este soporte definitivo de iggual dispone de una base de carga inal&aacute;mbrica, con una potencia m&aacute;xima de 15W, que te permitir&aacute; mantener la bater&iacute;a de tu&hellip;&nbsp;iggual Soporte elevador monitor + HUBx4p +carga Qi\" \/>\n<meta property=\"og:url\" content=\"https:\/\/aivlisoft.net\/shop\/producto\/iggual-soporte-elevador-monitor-hubx4p-carga-qi\/\" \/>\n<meta property=\"og:site_name\" content=\"Aivlisoft Inform\u00e1tica\" \/>\n<meta property=\"article:modified_time\" content=\"2025-01-14T10:07:05+00:00\" \/>\n<meta property=\"og:image\" content=\"https:\/\/aivlisoft.net\/shop\/wp-content\/uploads\/2025\/01\/AISATV0271_800-1.jpg\" \/>\n\t<meta property=\"og:image:width\" content=\"800\" \/>\n\t<meta property=\"og:image:height\" content=\"800\" \/>\n\t<meta property=\"og:image:type\" content=\"image\/jpeg\" \/>\n<meta name=\"twitter:card\" content=\"summary_large_image\" \/>\n<meta name=\"twitter:label1\" content=\"Tiempo de lectura\" \/>\n\t<meta name=\"twitter:data1\" content=\"1 minuto\" \/>\n<script type=\"application\/ld+json\" class=\"yoast-schema-graph\">{\"@context\":\"https:\/\/schema.org\",\"@graph\":[{\"@type\":\"WebPage\",\"@id\":\"https:\/\/aivlisoft.net\/shop\/producto\/iggual-soporte-elevador-monitor-hubx4p-carga-qi\/\",\"url\":\"https:\/\/aivlisoft.net\/shop\/producto\/iggual-soporte-elevador-monitor-hubx4p-carga-qi\/\",\"name\":\"iggual Soporte elevador monitor + HUBx4p +carga Qi - Aivlisoft Inform\u00e1tica\",\"isPartOf\":{\"@id\":\"https:\/\/aivlisoft.net\/shop\/#website\"},\"primaryImageOfPage\":{\"@id\":\"https:\/\/aivlisoft.net\/shop\/producto\/iggual-soporte-elevador-monitor-hubx4p-carga-qi\/#primaryimage\"},\"image\":{\"@id\":\"https:\/\/aivlisoft.net\/shop\/producto\/iggual-soporte-elevador-monitor-hubx4p-carga-qi\/#primaryimage\"},\"thumbnailUrl\":\"https:\/\/aivlisoft.net\/shop\/wp-content\/uploads\/2025\/01\/AISATV0271_800-1.jpg\",\"datePublished\":\"2025-01-13T13:13:42+00:00\",\"dateModified\":\"2025-01-14T10:07:05+00:00\",\"breadcrumb\":{\"@id\":\"https:\/\/aivlisoft.net\/shop\/producto\/iggual-soporte-elevador-monitor-hubx4p-carga-qi\/#breadcrumb\"},\"inLanguage\":\"es\",\"potentialAction\":[{\"@type\":\"ReadAction\",\"target\":[\"https:\/\/aivlisoft.net\/shop\/producto\/iggual-soporte-elevador-monitor-hubx4p-carga-qi\/\"]}]},{\"@type\":\"ImageObject\",\"inLanguage\":\"es\",\"@id\":\"https:\/\/aivlisoft.net\/shop\/producto\/iggual-soporte-elevador-monitor-hubx4p-carga-qi\/#primaryimage\",\"url\":\"https:\/\/aivlisoft.net\/shop\/wp-content\/uploads\/2025\/01\/AISATV0271_800-1.jpg\",\"contentUrl\":\"https:\/\/aivlisoft.net\/shop\/wp-content\/uploads\/2025\/01\/AISATV0271_800-1.jpg\",\"width\":800,\"height\":800},{\"@type\":\"BreadcrumbList\",\"@id\":\"https:\/\/aivlisoft.net\/shop\/producto\/iggual-soporte-elevador-monitor-hubx4p-carga-qi\/#breadcrumb\",\"itemListElement\":[{\"@type\":\"ListItem\",\"position\":1,\"name\":\"Portada\",\"item\":\"https:\/\/aivlisoft.net\/shop\/\"},{\"@type\":\"ListItem\",\"position\":2,\"name\":\"Tienda\",\"item\":\"https:\/\/aivlisoft.net\/shop\/tienda\/\"},{\"@type\":\"ListItem\",\"position\":3,\"name\":\"iggual Soporte elevador monitor + HUBx4p +carga Qi\"}]},{\"@type\":\"WebSite\",\"@id\":\"https:\/\/aivlisoft.net\/shop\/#website\",\"url\":\"https:\/\/aivlisoft.net\/shop\/\",\"name\":\"Aivlisoft Inform\u00e1tica\",\"description\":\"En Aivlisoft Inform\u00e1tica ofrecemos soluciones tecnol\u00f3gicas para empresas: venta de ordenadores, consumibles, perif\u00e9ricos y m\u00e1s. Calidad, atenci\u00f3n personalizada y los mejores precios para tu negocio.\",\"publisher\":{\"@id\":\"https:\/\/aivlisoft.net\/shop\/#organization\"},\"potentialAction\":[{\"@type\":\"SearchAction\",\"target\":{\"@type\":\"EntryPoint\",\"urlTemplate\":\"https:\/\/aivlisoft.net\/shop\/?s={search_term_string}\"},\"query-input\":{\"@type\":\"PropertyValueSpecification\",\"valueRequired\":true,\"valueName\":\"search_term_string\"}}],\"inLanguage\":\"es\"},{\"@type\":\"Organization\",\"@id\":\"https:\/\/aivlisoft.net\/shop\/#organization\",\"name\":\"Aivlisoft Inform\u00e1tica\",\"url\":\"https:\/\/aivlisoft.net\/shop\/\",\"logo\":{\"@type\":\"ImageObject\",\"inLanguage\":\"es\",\"@id\":\"https:\/\/aivlisoft.net\/shop\/#\/schema\/logo\/image\/\",\"url\":\"https:\/\/aivlisoft.net\/shop\/wp-content\/uploads\/2024\/12\/removal.ai_5b848c54-0cdf-4140-95c5-c5536bb7573b-logodef.png\",\"contentUrl\":\"https:\/\/aivlisoft.net\/shop\/wp-content\/uploads\/2024\/12\/removal.ai_5b848c54-0cdf-4140-95c5-c5536bb7573b-logodef.png\",\"width\":484,\"height\":182,\"caption\":\"Aivlisoft Inform\u00e1tica\"},\"image\":{\"@id\":\"https:\/\/aivlisoft.net\/shop\/#\/schema\/logo\/image\/\"}}]}<\/script>\n<!-- \/ Yoast SEO plugin. -->","yoast_head_json":{"title":"iggual Soporte elevador monitor + HUBx4p +carga Qi - Aivlisoft Inform\u00e1tica","robots":{"index":"index","follow":"follow","max-snippet":"max-snippet:-1","max-image-preview":"max-image-preview:large","max-video-preview":"max-video-preview:-1"},"canonical":"https:\/\/aivlisoft.net\/shop\/producto\/iggual-soporte-elevador-monitor-hubx4p-carga-qi\/","og_locale":"es_ES","og_type":"article","og_title":"iggual Soporte elevador monitor + HUBx4p +carga Qi - Aivlisoft Inform\u00e1tica","og_description":"Descubre todas las prestaciones del nuevo soporte para monitor USB 3.0 de iggual, un producto tres en uno perfecto para elevar la altura de tu monitor, elegante y muy funcional.Este soporte definitivo de iggual dispone de una base de carga inal&aacute;mbrica, con una potencia m&aacute;xima de 15W, que te permitir&aacute; mantener la bater&iacute;a de tu&hellip;&nbsp;iggual Soporte elevador monitor + HUBx4p +carga Qi","og_url":"https:\/\/aivlisoft.net\/shop\/producto\/iggual-soporte-elevador-monitor-hubx4p-carga-qi\/","og_site_name":"Aivlisoft Inform\u00e1tica","article_modified_time":"2025-01-14T10:07:05+00:00","og_image":[{"width":800,"height":800,"url":"https:\/\/aivlisoft.net\/shop\/wp-content\/uploads\/2025\/01\/AISATV0271_800-1.jpg","type":"image\/jpeg"}],"twitter_card":"summary_large_image","twitter_misc":{"Tiempo de lectura":"1 minuto"},"schema":{"@context":"https:\/\/schema.org","@graph":[{"@type":"WebPage","@id":"https:\/\/aivlisoft.net\/shop\/producto\/iggual-soporte-elevador-monitor-hubx4p-carga-qi\/","url":"https:\/\/aivlisoft.net\/shop\/producto\/iggual-soporte-elevador-monitor-hubx4p-carga-qi\/","name":"iggual Soporte elevador monitor + HUBx4p +carga Qi - Aivlisoft Inform\u00e1tica","isPartOf":{"@id":"https:\/\/aivlisoft.net\/shop\/#website"},"primaryImageOfPage":{"@id":"https:\/\/aivlisoft.net\/shop\/producto\/iggual-soporte-elevador-monitor-hubx4p-carga-qi\/#primaryimage"},"image":{"@id":"https:\/\/aivlisoft.net\/shop\/producto\/iggual-soporte-elevador-monitor-hubx4p-carga-qi\/#primaryimage"},"thumbnailUrl":"https:\/\/aivlisoft.net\/shop\/wp-content\/uploads\/2025\/01\/AISATV0271_800-1.jpg","datePublished":"2025-01-13T13:13:42+00:00","dateModified":"2025-01-14T10:07:05+00:00","breadcrumb":{"@id":"https:\/\/aivlisoft.net\/shop\/producto\/iggual-soporte-elevador-monitor-hubx4p-carga-qi\/#breadcrumb"},"inLanguage":"es","potentialAction":[{"@type":"ReadAction","target":["https:\/\/aivlisoft.net\/shop\/producto\/iggual-soporte-elevador-monitor-hubx4p-carga-qi\/"]}]},{"@type":"ImageObject","inLanguage":"es","@id":"https:\/\/aivlisoft.net\/shop\/producto\/iggual-soporte-elevador-monitor-hubx4p-carga-qi\/#primaryimage","url":"https:\/\/aivlisoft.net\/shop\/wp-content\/uploads\/2025\/01\/AISATV0271_800-1.jpg","contentUrl":"https:\/\/aivlisoft.net\/shop\/wp-content\/uploads\/2025\/01\/AISATV0271_800-1.jpg","width":800,"height":800},{"@type":"BreadcrumbList","@id":"https:\/\/aivlisoft.net\/shop\/producto\/iggual-soporte-elevador-monitor-hubx4p-carga-qi\/#breadcrumb","itemListElement":[{"@type":"ListItem","position":1,"name":"Portada","item":"https:\/\/aivlisoft.net\/shop\/"},{"@type":"ListItem","position":2,"name":"Tienda","item":"https:\/\/aivlisoft.net\/shop\/tienda\/"},{"@type":"ListItem","position":3,"name":"iggual Soporte elevador monitor + HUBx4p +carga Qi"}]},{"@type":"WebSite","@id":"https:\/\/aivlisoft.net\/shop\/#website","url":"https:\/\/aivlisoft.net\/shop\/","name":"Aivlisoft Inform\u00e1tica","description":"En Aivlisoft Inform\u00e1tica ofrecemos soluciones tecnol\u00f3gicas para empresas: venta de ordenadores, consumibles, perif\u00e9ricos y m\u00e1s. Calidad, atenci\u00f3n personalizada y los mejores precios para tu negocio.","publisher":{"@id":"https:\/\/aivlisoft.net\/shop\/#organization"},"potentialAction":[{"@type":"SearchAction","target":{"@type":"EntryPoint","urlTemplate":"https:\/\/aivlisoft.net\/shop\/?s={search_term_string}"},"query-input":{"@type":"PropertyValueSpecification","valueRequired":true,"valueName":"search_term_string"}}],"inLanguage":"es"},{"@type":"Organization","@id":"https:\/\/aivlisoft.net\/shop\/#organization","name":"Aivlisoft Inform\u00e1tica","url":"https:\/\/aivlisoft.net\/shop\/","logo":{"@type":"ImageObject","inLanguage":"es","@id":"https:\/\/aivlisoft.net\/shop\/#\/schema\/logo\/image\/","url":"https:\/\/aivlisoft.net\/shop\/wp-content\/uploads\/2024\/12\/removal.ai_5b848c54-0cdf-4140-95c5-c5536bb7573b-logodef.png","contentUrl":"https:\/\/aivlisoft.net\/shop\/wp-content\/uploads\/2024\/12\/removal.ai_5b848c54-0cdf-4140-95c5-c5536bb7573b-logodef.png","width":484,"height":182,"caption":"Aivlisoft Inform\u00e1tica"},"image":{"@id":"https:\/\/aivlisoft.net\/shop\/#\/schema\/logo\/image\/"}}]}},"_links":{"self":[{"href":"https:\/\/aivlisoft.net\/shop\/wp-json\/wp\/v2\/product\/3371","targetHints":{"allow":["GET"]}}],"collection":[{"href":"https:\/\/aivlisoft.net\/shop\/wp-json\/wp\/v2\/product"}],"about":[{"href":"https:\/\/aivlisoft.net\/shop\/wp-json\/wp\/v2\/types\/product"}],"wp:featuredmedia":[{"embeddable":true,"href":"https:\/\/aivlisoft.net\/shop\/wp-json\/wp\/v2\/media\/3372"}],"wp:attachment":[{"href":"https:\/\/aivlisoft.net\/shop\/wp-json\/wp\/v2\/media?parent=3371"}],"wp:term":[{"taxonomy":"product_brand","embeddable":true,"href":"https:\/\/aivlisoft.net\/shop\/wp-json\/wp\/v2\/product_brand?post=3371"},{"taxonomy":"product_cat","embeddable":true,"href":"https:\/\/aivlisoft.net\/shop\/wp-json\/wp\/v2\/product_cat?post=3371"},{"taxonomy":"product_tag","embeddable":true,"href":"https:\/\/aivlisoft.net\/shop\/wp-json\/wp\/v2\/product_tag?post=3371"}],"curies":[{"name":"wp","href":"https:\/\/api.w.org\/{rel}","templated":true}]}}