{"id":3363,"date":"2025-01-13T13:13:37","date_gmt":"2025-01-13T13:13:37","guid":{"rendered":"https:\/\/aivlisoft.com\/?post_type=product&#038;p=3363"},"modified":"2025-01-14T10:06:59","modified_gmt":"2025-01-14T10:06:59","slug":"tooq-lp1242f-b-soporte-pared-fijo-23-42-negro","status":"publish","type":"product","link":"https:\/\/aivlisoft.net\/shop\/producto\/tooq-lp1242f-b-soporte-pared-fijo-23-42-negro\/","title":{"rendered":"Tooq LP1242F-B Soporte Pared Fijo 23-42&#8243; Negro"},"content":{"rendered":"<p>&nbsp;<\/p>\n<table class=\"tabla_caracteristicas k-table\" width=\"100%\">\n<tbody>\n<tr>\n<td><strong>Marca<\/strong><\/td>\n<td>TooQ<\/td>\n<\/tr>\n<tr>\n<td><strong>Modelo<\/strong><\/td>\n<td><strong>LP1242F-B<\/strong><\/td>\n<\/tr>\n<tr>\n<td><strong>Caracteristicas<\/strong><\/td>\n<td>&#8211; Pantallas soportadas: 23&#8243;- 42&#8243;<br \/>&#8211; Compatible con VESA: 75&#215;75, 100&#215;100, 200&#215;100 y 200&#215;200<br \/>&#8211; Peso m&aacute;ximo soportado de pantalla: 35 kg<br \/>&#8211; Distancia de pared: 12 mm<br \/>&#8211; Color: Negro<br \/>&#8211; Peso neto: 0,73 Kg. Peso bruto: 1,02 kg<br \/>&#8211; Medidas del embalaje: 235x235x30 mm<br \/><strong>Contenido<\/strong><br \/>&#8211; 1 x Soporte<br \/>&#8211; 1 x Manual de instalaci&oacute;n<\/td>\n<\/tr>\n<tr>\n<td><strong>Fecha de revisi&oacute;n<\/strong><\/td>\n<td>30-07-2020 por MSB<\/td>\n<\/tr>\n<\/tbody>\n<\/table>\n","protected":false},"excerpt":{"rendered":"<p>&nbsp; Marca TooQ Modelo LP1242F-B Caracteristicas &#8211; Pantallas soportadas: 23&#8243;- 42&#8243;&#8211; Compatible con VESA: 75&#215;75, 100&#215;100, 200&#215;100 y 200&#215;200&#8211; Peso m&aacute;ximo soportado de pantalla: 35 kg&#8211; Distancia de pared: 12 mm&#8211; Color: Negro&#8211; Peso neto: 0,73 Kg. Peso bruto: 1,02 kg&#8211; Medidas del embalaje: 235x235x30 mmContenido&#8211; 1 x Soporte&#8211; 1 x Manual de instalaci&oacute;n Fecha&hellip;&nbsp;<a href=\"https:\/\/aivlisoft.net\/shop\/producto\/tooq-lp1242f-b-soporte-pared-fijo-23-42-negro\/\" rel=\"bookmark\"><span class=\"screen-reader-text\">Tooq LP1242F-B Soporte Pared Fijo 23-42&#8243; Negro<\/span><\/a><\/p>\n","protected":false},"featured_media":3364,"template":"","meta":{"neve_meta_sidebar":"","neve_meta_container":"","neve_meta_enable_content_width":"","neve_meta_content_width":0,"neve_meta_title_alignment":"","neve_meta_author_avatar":"","neve_post_elements_order":"","neve_meta_disable_header":"","neve_meta_disable_footer":"","neve_meta_disable_title":""},"product_brand":[],"product_cat":[15],"product_tag":[1018],"class_list":{"0":"post-3363","1":"product","2":"type-product","3":"status-publish","4":"has-post-thumbnail","6":"product_cat-sin-categorizar","7":"product_tag-lp1242f-b","9":"first","10":"instock","11":"taxable","12":"shipping-taxable","13":"purchasable","14":"product-type-simple"},"yoast_head":"<!-- This site is optimized with the Yoast SEO plugin v26.0 - https:\/\/yoast.com\/wordpress\/plugins\/seo\/ -->\n<title>Tooq LP1242F-B Soporte Pared Fijo 23-42&quot; Negro - Aivlisoft Inform\u00e1tica<\/title>\n<meta name=\"robots\" content=\"index, follow, max-snippet:-1, max-image-preview:large, max-video-preview:-1\" \/>\n<link rel=\"canonical\" href=\"https:\/\/aivlisoft.net\/shop\/producto\/tooq-lp1242f-b-soporte-pared-fijo-23-42-negro\/\" \/>\n<meta property=\"og:locale\" content=\"es_ES\" \/>\n<meta property=\"og:type\" content=\"article\" \/>\n<meta property=\"og:title\" content=\"Tooq LP1242F-B Soporte Pared Fijo 23-42&quot; Negro - Aivlisoft Inform\u00e1tica\" \/>\n<meta property=\"og:description\" content=\"&nbsp; Marca TooQ Modelo LP1242F-B Caracteristicas &#8211; Pantallas soportadas: 23&#8243;- 42&#8243;&#8211; Compatible con VESA: 75&#215;75, 100&#215;100, 200&#215;100 y 200&#215;200&#8211; Peso m&aacute;ximo soportado de pantalla: 35 kg&#8211; Distancia de pared: 12 mm&#8211; Color: Negro&#8211; Peso neto: 0,73 Kg. Peso bruto: 1,02 kg&#8211; Medidas del embalaje: 235x235x30 mmContenido&#8211; 1 x Soporte&#8211; 1 x Manual de instalaci&oacute;n Fecha&hellip;&nbsp;Tooq LP1242F-B Soporte Pared Fijo 23-42&#8243; Negro\" \/>\n<meta property=\"og:url\" content=\"https:\/\/aivlisoft.net\/shop\/producto\/tooq-lp1242f-b-soporte-pared-fijo-23-42-negro\/\" \/>\n<meta property=\"og:site_name\" content=\"Aivlisoft Inform\u00e1tica\" \/>\n<meta property=\"article:modified_time\" content=\"2025-01-14T10:06:59+00:00\" \/>\n<meta property=\"og:image\" content=\"https:\/\/aivlisoft.net\/shop\/wp-content\/uploads\/2025\/01\/AISATV0267_800-1.jpg\" \/>\n\t<meta property=\"og:image:width\" content=\"800\" \/>\n\t<meta property=\"og:image:height\" content=\"800\" \/>\n\t<meta property=\"og:image:type\" content=\"image\/jpeg\" \/>\n<meta name=\"twitter:card\" content=\"summary_large_image\" \/>\n<script type=\"application\/ld+json\" class=\"yoast-schema-graph\">{\"@context\":\"https:\/\/schema.org\",\"@graph\":[{\"@type\":\"WebPage\",\"@id\":\"https:\/\/aivlisoft.net\/shop\/producto\/tooq-lp1242f-b-soporte-pared-fijo-23-42-negro\/\",\"url\":\"https:\/\/aivlisoft.net\/shop\/producto\/tooq-lp1242f-b-soporte-pared-fijo-23-42-negro\/\",\"name\":\"Tooq LP1242F-B Soporte Pared Fijo 23-42\\\" Negro - Aivlisoft Inform\u00e1tica\",\"isPartOf\":{\"@id\":\"https:\/\/aivlisoft.net\/shop\/#website\"},\"primaryImageOfPage\":{\"@id\":\"https:\/\/aivlisoft.net\/shop\/producto\/tooq-lp1242f-b-soporte-pared-fijo-23-42-negro\/#primaryimage\"},\"image\":{\"@id\":\"https:\/\/aivlisoft.net\/shop\/producto\/tooq-lp1242f-b-soporte-pared-fijo-23-42-negro\/#primaryimage\"},\"thumbnailUrl\":\"https:\/\/aivlisoft.net\/shop\/wp-content\/uploads\/2025\/01\/AISATV0267_800-1.jpg\",\"datePublished\":\"2025-01-13T13:13:37+00:00\",\"dateModified\":\"2025-01-14T10:06:59+00:00\",\"breadcrumb\":{\"@id\":\"https:\/\/aivlisoft.net\/shop\/producto\/tooq-lp1242f-b-soporte-pared-fijo-23-42-negro\/#breadcrumb\"},\"inLanguage\":\"es\",\"potentialAction\":[{\"@type\":\"ReadAction\",\"target\":[\"https:\/\/aivlisoft.net\/shop\/producto\/tooq-lp1242f-b-soporte-pared-fijo-23-42-negro\/\"]}]},{\"@type\":\"ImageObject\",\"inLanguage\":\"es\",\"@id\":\"https:\/\/aivlisoft.net\/shop\/producto\/tooq-lp1242f-b-soporte-pared-fijo-23-42-negro\/#primaryimage\",\"url\":\"https:\/\/aivlisoft.net\/shop\/wp-content\/uploads\/2025\/01\/AISATV0267_800-1.jpg\",\"contentUrl\":\"https:\/\/aivlisoft.net\/shop\/wp-content\/uploads\/2025\/01\/AISATV0267_800-1.jpg\",\"width\":800,\"height\":800},{\"@type\":\"BreadcrumbList\",\"@id\":\"https:\/\/aivlisoft.net\/shop\/producto\/tooq-lp1242f-b-soporte-pared-fijo-23-42-negro\/#breadcrumb\",\"itemListElement\":[{\"@type\":\"ListItem\",\"position\":1,\"name\":\"Portada\",\"item\":\"https:\/\/aivlisoft.net\/shop\/\"},{\"@type\":\"ListItem\",\"position\":2,\"name\":\"Tienda\",\"item\":\"https:\/\/aivlisoft.net\/shop\/tienda\/\"},{\"@type\":\"ListItem\",\"position\":3,\"name\":\"Tooq LP1242F-B Soporte Pared Fijo 23-42&#8243; Negro\"}]},{\"@type\":\"WebSite\",\"@id\":\"https:\/\/aivlisoft.net\/shop\/#website\",\"url\":\"https:\/\/aivlisoft.net\/shop\/\",\"name\":\"Aivlisoft Inform\u00e1tica\",\"description\":\"En Aivlisoft Inform\u00e1tica ofrecemos soluciones tecnol\u00f3gicas para empresas: venta de ordenadores, consumibles, perif\u00e9ricos y m\u00e1s. Calidad, atenci\u00f3n personalizada y los mejores precios para tu negocio.\",\"publisher\":{\"@id\":\"https:\/\/aivlisoft.net\/shop\/#organization\"},\"potentialAction\":[{\"@type\":\"SearchAction\",\"target\":{\"@type\":\"EntryPoint\",\"urlTemplate\":\"https:\/\/aivlisoft.net\/shop\/?s={search_term_string}\"},\"query-input\":{\"@type\":\"PropertyValueSpecification\",\"valueRequired\":true,\"valueName\":\"search_term_string\"}}],\"inLanguage\":\"es\"},{\"@type\":\"Organization\",\"@id\":\"https:\/\/aivlisoft.net\/shop\/#organization\",\"name\":\"Aivlisoft Inform\u00e1tica\",\"url\":\"https:\/\/aivlisoft.net\/shop\/\",\"logo\":{\"@type\":\"ImageObject\",\"inLanguage\":\"es\",\"@id\":\"https:\/\/aivlisoft.net\/shop\/#\/schema\/logo\/image\/\",\"url\":\"https:\/\/aivlisoft.net\/shop\/wp-content\/uploads\/2024\/12\/removal.ai_5b848c54-0cdf-4140-95c5-c5536bb7573b-logodef.png\",\"contentUrl\":\"https:\/\/aivlisoft.net\/shop\/wp-content\/uploads\/2024\/12\/removal.ai_5b848c54-0cdf-4140-95c5-c5536bb7573b-logodef.png\",\"width\":484,\"height\":182,\"caption\":\"Aivlisoft Inform\u00e1tica\"},\"image\":{\"@id\":\"https:\/\/aivlisoft.net\/shop\/#\/schema\/logo\/image\/\"}}]}<\/script>\n<!-- \/ Yoast SEO plugin. -->","yoast_head_json":{"title":"Tooq LP1242F-B Soporte Pared Fijo 23-42\" Negro - Aivlisoft Inform\u00e1tica","robots":{"index":"index","follow":"follow","max-snippet":"max-snippet:-1","max-image-preview":"max-image-preview:large","max-video-preview":"max-video-preview:-1"},"canonical":"https:\/\/aivlisoft.net\/shop\/producto\/tooq-lp1242f-b-soporte-pared-fijo-23-42-negro\/","og_locale":"es_ES","og_type":"article","og_title":"Tooq LP1242F-B Soporte Pared Fijo 23-42\" Negro - Aivlisoft Inform\u00e1tica","og_description":"&nbsp; Marca TooQ Modelo LP1242F-B Caracteristicas &#8211; Pantallas soportadas: 23&#8243;- 42&#8243;&#8211; Compatible con VESA: 75&#215;75, 100&#215;100, 200&#215;100 y 200&#215;200&#8211; Peso m&aacute;ximo soportado de pantalla: 35 kg&#8211; Distancia de pared: 12 mm&#8211; Color: Negro&#8211; Peso neto: 0,73 Kg. Peso bruto: 1,02 kg&#8211; Medidas del embalaje: 235x235x30 mmContenido&#8211; 1 x Soporte&#8211; 1 x Manual de instalaci&oacute;n Fecha&hellip;&nbsp;Tooq LP1242F-B Soporte Pared Fijo 23-42&#8243; Negro","og_url":"https:\/\/aivlisoft.net\/shop\/producto\/tooq-lp1242f-b-soporte-pared-fijo-23-42-negro\/","og_site_name":"Aivlisoft Inform\u00e1tica","article_modified_time":"2025-01-14T10:06:59+00:00","og_image":[{"width":800,"height":800,"url":"https:\/\/aivlisoft.net\/shop\/wp-content\/uploads\/2025\/01\/AISATV0267_800-1.jpg","type":"image\/jpeg"}],"twitter_card":"summary_large_image","schema":{"@context":"https:\/\/schema.org","@graph":[{"@type":"WebPage","@id":"https:\/\/aivlisoft.net\/shop\/producto\/tooq-lp1242f-b-soporte-pared-fijo-23-42-negro\/","url":"https:\/\/aivlisoft.net\/shop\/producto\/tooq-lp1242f-b-soporte-pared-fijo-23-42-negro\/","name":"Tooq LP1242F-B Soporte Pared Fijo 23-42\" Negro - Aivlisoft Inform\u00e1tica","isPartOf":{"@id":"https:\/\/aivlisoft.net\/shop\/#website"},"primaryImageOfPage":{"@id":"https:\/\/aivlisoft.net\/shop\/producto\/tooq-lp1242f-b-soporte-pared-fijo-23-42-negro\/#primaryimage"},"image":{"@id":"https:\/\/aivlisoft.net\/shop\/producto\/tooq-lp1242f-b-soporte-pared-fijo-23-42-negro\/#primaryimage"},"thumbnailUrl":"https:\/\/aivlisoft.net\/shop\/wp-content\/uploads\/2025\/01\/AISATV0267_800-1.jpg","datePublished":"2025-01-13T13:13:37+00:00","dateModified":"2025-01-14T10:06:59+00:00","breadcrumb":{"@id":"https:\/\/aivlisoft.net\/shop\/producto\/tooq-lp1242f-b-soporte-pared-fijo-23-42-negro\/#breadcrumb"},"inLanguage":"es","potentialAction":[{"@type":"ReadAction","target":["https:\/\/aivlisoft.net\/shop\/producto\/tooq-lp1242f-b-soporte-pared-fijo-23-42-negro\/"]}]},{"@type":"ImageObject","inLanguage":"es","@id":"https:\/\/aivlisoft.net\/shop\/producto\/tooq-lp1242f-b-soporte-pared-fijo-23-42-negro\/#primaryimage","url":"https:\/\/aivlisoft.net\/shop\/wp-content\/uploads\/2025\/01\/AISATV0267_800-1.jpg","contentUrl":"https:\/\/aivlisoft.net\/shop\/wp-content\/uploads\/2025\/01\/AISATV0267_800-1.jpg","width":800,"height":800},{"@type":"BreadcrumbList","@id":"https:\/\/aivlisoft.net\/shop\/producto\/tooq-lp1242f-b-soporte-pared-fijo-23-42-negro\/#breadcrumb","itemListElement":[{"@type":"ListItem","position":1,"name":"Portada","item":"https:\/\/aivlisoft.net\/shop\/"},{"@type":"ListItem","position":2,"name":"Tienda","item":"https:\/\/aivlisoft.net\/shop\/tienda\/"},{"@type":"ListItem","position":3,"name":"Tooq LP1242F-B Soporte Pared Fijo 23-42&#8243; Negro"}]},{"@type":"WebSite","@id":"https:\/\/aivlisoft.net\/shop\/#website","url":"https:\/\/aivlisoft.net\/shop\/","name":"Aivlisoft Inform\u00e1tica","description":"En Aivlisoft Inform\u00e1tica ofrecemos soluciones tecnol\u00f3gicas para empresas: venta de ordenadores, consumibles, perif\u00e9ricos y m\u00e1s. Calidad, atenci\u00f3n personalizada y los mejores precios para tu negocio.","publisher":{"@id":"https:\/\/aivlisoft.net\/shop\/#organization"},"potentialAction":[{"@type":"SearchAction","target":{"@type":"EntryPoint","urlTemplate":"https:\/\/aivlisoft.net\/shop\/?s={search_term_string}"},"query-input":{"@type":"PropertyValueSpecification","valueRequired":true,"valueName":"search_term_string"}}],"inLanguage":"es"},{"@type":"Organization","@id":"https:\/\/aivlisoft.net\/shop\/#organization","name":"Aivlisoft Inform\u00e1tica","url":"https:\/\/aivlisoft.net\/shop\/","logo":{"@type":"ImageObject","inLanguage":"es","@id":"https:\/\/aivlisoft.net\/shop\/#\/schema\/logo\/image\/","url":"https:\/\/aivlisoft.net\/shop\/wp-content\/uploads\/2024\/12\/removal.ai_5b848c54-0cdf-4140-95c5-c5536bb7573b-logodef.png","contentUrl":"https:\/\/aivlisoft.net\/shop\/wp-content\/uploads\/2024\/12\/removal.ai_5b848c54-0cdf-4140-95c5-c5536bb7573b-logodef.png","width":484,"height":182,"caption":"Aivlisoft Inform\u00e1tica"},"image":{"@id":"https:\/\/aivlisoft.net\/shop\/#\/schema\/logo\/image\/"}}]}},"_links":{"self":[{"href":"https:\/\/aivlisoft.net\/shop\/wp-json\/wp\/v2\/product\/3363","targetHints":{"allow":["GET"]}}],"collection":[{"href":"https:\/\/aivlisoft.net\/shop\/wp-json\/wp\/v2\/product"}],"about":[{"href":"https:\/\/aivlisoft.net\/shop\/wp-json\/wp\/v2\/types\/product"}],"wp:featuredmedia":[{"embeddable":true,"href":"https:\/\/aivlisoft.net\/shop\/wp-json\/wp\/v2\/media\/3364"}],"wp:attachment":[{"href":"https:\/\/aivlisoft.net\/shop\/wp-json\/wp\/v2\/media?parent=3363"}],"wp:term":[{"taxonomy":"product_brand","embeddable":true,"href":"https:\/\/aivlisoft.net\/shop\/wp-json\/wp\/v2\/product_brand?post=3363"},{"taxonomy":"product_cat","embeddable":true,"href":"https:\/\/aivlisoft.net\/shop\/wp-json\/wp\/v2\/product_cat?post=3363"},{"taxonomy":"product_tag","embeddable":true,"href":"https:\/\/aivlisoft.net\/shop\/wp-json\/wp\/v2\/product_tag?post=3363"}],"curies":[{"name":"wp","href":"https:\/\/api.w.org\/{rel}","templated":true}]}}