{"id":3358,"date":"2025-01-13T13:13:36","date_gmt":"2025-01-13T13:13:36","guid":{"rendered":"https:\/\/aivlisoft.com\/?post_type=product&#038;p=3358"},"modified":"2025-01-14T10:06:58","modified_gmt":"2025-01-14T10:06:58","slug":"tooq-db3265f-b-soporte-de-mesa-para-mon-tv-32-65","status":"publish","type":"product","link":"https:\/\/aivlisoft.net\/shop\/producto\/tooq-db3265f-b-soporte-de-mesa-para-mon-tv-32-65\/","title":{"rendered":"TooQ DB3265F-B Soporte de mesa para mon\/TV 32&#8243;-65&#8243;"},"content":{"rendered":"<p>&#8211; Compatible con VESA: 200&#215;200, 300&#215;200, 300&#215;300, 400&#215;200, 400&#215;300 y 400&#215;400<br \/>&#8211; Peso m&aacute;ximo soportado de pantalla: 40 kg<br \/>&#8211; Compatible con pantallas curvas<\/p>\n<table class=\"tabla_caracteristicas k-table\" width=\"100%\">\n<tbody>\n<tr>\n<td><strong>Marca<\/strong><\/td>\n<td>Tooq<\/td>\n<\/tr>\n<tr>\n<td><strong>Modelo<\/strong><\/td>\n<td><strong>DB3265F-B<\/strong><\/td>\n<\/tr>\n<tr>\n<td><strong>Uso<\/strong><\/td>\n<td>&#8211; Soporte TV\/Monitor<\/td>\n<\/tr>\n<tr>\n<td valign=\"top\"><strong>Caracteristicas<\/strong><\/td>\n<td>&#8211; Pantallas soportadas: 32&#8243; &#8211; 65&#8243;<br \/>&#8211; Compatible con VESA: 200&#215;200, 300&#215;200, 300&#215;300, 400&#215;200, 400&#215;300 y 400&#215;400<br \/>&#8211; Peso m&aacute;ximo soportado de pantalla: 40 kg<br \/>&#8211; Rango de ajuste para la altura del soporte: 735-585 mm<br \/>&#8211; Altura m&aacute;xima del soporte: 735 mm<br \/>&#8211; Medidas de la peana: 760&#215;343 mm<br \/>&#8211; Sistema de organizaci&oacute;n de cables<br \/>&#8211; Incluye almohadillas de silicona<br \/>&#8211; Compatible con pantallas curvas<br \/>&#8211; Material: Aluminio<br \/>&#8211; Color: Negro<br \/>&#8211; Peso neto: 4,2 kg.<br \/>&#8211; Peso bruto: 4,92 kg<br \/>&#8211; Medidas del embalaje: 765 x 245 x 95 mm<br \/><strong>Contenido<\/strong><br \/>&#8211; 1 x Soporte<br \/>&#8211; 1 x Kit montaje (incluye herramientas)<br \/>&#8211; 1 x Manual de instalaci&oacute;n<\/td>\n<\/tr>\n<tr>\n<td><strong>Fecha de revisi&oacute;n<\/strong><\/td>\n<td>18-06-2020 por MSB<\/td>\n<\/tr>\n<\/tbody>\n<\/table>\n","protected":false},"excerpt":{"rendered":"<p>&#8211; Compatible con VESA: 200&#215;200, 300&#215;200, 300&#215;300, 400&#215;200, 400&#215;300 y 400&#215;400&#8211; Peso m&aacute;ximo soportado de pantalla: 40 kg&#8211; Compatible con pantallas curvas Marca Tooq Modelo DB3265F-B Uso &#8211; Soporte TV\/Monitor Caracteristicas &#8211; Pantallas soportadas: 32&#8243; &#8211; 65&#8243;&#8211; Compatible con VESA: 200&#215;200, 300&#215;200, 300&#215;300, 400&#215;200, 400&#215;300 y 400&#215;400&#8211; Peso m&aacute;ximo soportado de pantalla: 40 kg&#8211; Rango&hellip;&nbsp;<a href=\"https:\/\/aivlisoft.net\/shop\/producto\/tooq-db3265f-b-soporte-de-mesa-para-mon-tv-32-65\/\" rel=\"bookmark\"><span class=\"screen-reader-text\">TooQ DB3265F-B Soporte de mesa para mon\/TV 32&#8243;-65&#8243;<\/span><\/a><\/p>\n","protected":false},"featured_media":3359,"template":"","meta":{"neve_meta_sidebar":"","neve_meta_container":"","neve_meta_enable_content_width":"","neve_meta_content_width":0,"neve_meta_title_alignment":"","neve_meta_author_avatar":"","neve_post_elements_order":"","neve_meta_disable_header":"","neve_meta_disable_footer":"","neve_meta_disable_title":""},"product_brand":[],"product_cat":[15],"product_tag":[1017],"class_list":{"0":"post-3358","1":"product","2":"type-product","3":"status-publish","4":"has-post-thumbnail","6":"product_cat-sin-categorizar","7":"product_tag-db3265f-b","9":"first","10":"instock","11":"taxable","12":"shipping-taxable","13":"purchasable","14":"product-type-simple"},"yoast_head":"<!-- This site is optimized with the Yoast SEO plugin v26.0 - https:\/\/yoast.com\/wordpress\/plugins\/seo\/ -->\n<title>TooQ DB3265F-B Soporte de mesa para mon\/TV 32&quot;-65&quot; - Aivlisoft Inform\u00e1tica<\/title>\n<meta name=\"robots\" content=\"index, follow, max-snippet:-1, max-image-preview:large, max-video-preview:-1\" \/>\n<link rel=\"canonical\" href=\"https:\/\/aivlisoft.net\/shop\/producto\/tooq-db3265f-b-soporte-de-mesa-para-mon-tv-32-65\/\" \/>\n<meta property=\"og:locale\" content=\"es_ES\" \/>\n<meta property=\"og:type\" content=\"article\" \/>\n<meta property=\"og:title\" content=\"TooQ DB3265F-B Soporte de mesa para mon\/TV 32&quot;-65&quot; - Aivlisoft Inform\u00e1tica\" \/>\n<meta property=\"og:description\" content=\"&#8211; Compatible con VESA: 200&#215;200, 300&#215;200, 300&#215;300, 400&#215;200, 400&#215;300 y 400&#215;400&#8211; Peso m&aacute;ximo soportado de pantalla: 40 kg&#8211; Compatible con pantallas curvas Marca Tooq Modelo DB3265F-B Uso &#8211; Soporte TV\/Monitor Caracteristicas &#8211; Pantallas soportadas: 32&#8243; &#8211; 65&#8243;&#8211; Compatible con VESA: 200&#215;200, 300&#215;200, 300&#215;300, 400&#215;200, 400&#215;300 y 400&#215;400&#8211; Peso m&aacute;ximo soportado de pantalla: 40 kg&#8211; Rango&hellip;&nbsp;TooQ DB3265F-B Soporte de mesa para mon\/TV 32&#8243;-65&#8243;\" \/>\n<meta property=\"og:url\" content=\"https:\/\/aivlisoft.net\/shop\/producto\/tooq-db3265f-b-soporte-de-mesa-para-mon-tv-32-65\/\" \/>\n<meta property=\"og:site_name\" content=\"Aivlisoft Inform\u00e1tica\" \/>\n<meta property=\"article:modified_time\" content=\"2025-01-14T10:06:58+00:00\" \/>\n<meta property=\"og:image\" content=\"https:\/\/aivlisoft.net\/shop\/wp-content\/uploads\/2025\/01\/AISATV0265_800-1.jpg\" \/>\n\t<meta property=\"og:image:width\" content=\"800\" \/>\n\t<meta property=\"og:image:height\" content=\"800\" \/>\n\t<meta property=\"og:image:type\" content=\"image\/jpeg\" \/>\n<meta name=\"twitter:card\" content=\"summary_large_image\" \/>\n<meta name=\"twitter:label1\" content=\"Tiempo de lectura\" \/>\n\t<meta name=\"twitter:data1\" content=\"1 minuto\" \/>\n<script type=\"application\/ld+json\" class=\"yoast-schema-graph\">{\"@context\":\"https:\/\/schema.org\",\"@graph\":[{\"@type\":\"WebPage\",\"@id\":\"https:\/\/aivlisoft.net\/shop\/producto\/tooq-db3265f-b-soporte-de-mesa-para-mon-tv-32-65\/\",\"url\":\"https:\/\/aivlisoft.net\/shop\/producto\/tooq-db3265f-b-soporte-de-mesa-para-mon-tv-32-65\/\",\"name\":\"TooQ DB3265F-B Soporte de mesa para mon\/TV 32\\\"-65\\\" - Aivlisoft Inform\u00e1tica\",\"isPartOf\":{\"@id\":\"https:\/\/aivlisoft.net\/shop\/#website\"},\"primaryImageOfPage\":{\"@id\":\"https:\/\/aivlisoft.net\/shop\/producto\/tooq-db3265f-b-soporte-de-mesa-para-mon-tv-32-65\/#primaryimage\"},\"image\":{\"@id\":\"https:\/\/aivlisoft.net\/shop\/producto\/tooq-db3265f-b-soporte-de-mesa-para-mon-tv-32-65\/#primaryimage\"},\"thumbnailUrl\":\"https:\/\/aivlisoft.net\/shop\/wp-content\/uploads\/2025\/01\/AISATV0265_800-1.jpg\",\"datePublished\":\"2025-01-13T13:13:36+00:00\",\"dateModified\":\"2025-01-14T10:06:58+00:00\",\"breadcrumb\":{\"@id\":\"https:\/\/aivlisoft.net\/shop\/producto\/tooq-db3265f-b-soporte-de-mesa-para-mon-tv-32-65\/#breadcrumb\"},\"inLanguage\":\"es\",\"potentialAction\":[{\"@type\":\"ReadAction\",\"target\":[\"https:\/\/aivlisoft.net\/shop\/producto\/tooq-db3265f-b-soporte-de-mesa-para-mon-tv-32-65\/\"]}]},{\"@type\":\"ImageObject\",\"inLanguage\":\"es\",\"@id\":\"https:\/\/aivlisoft.net\/shop\/producto\/tooq-db3265f-b-soporte-de-mesa-para-mon-tv-32-65\/#primaryimage\",\"url\":\"https:\/\/aivlisoft.net\/shop\/wp-content\/uploads\/2025\/01\/AISATV0265_800-1.jpg\",\"contentUrl\":\"https:\/\/aivlisoft.net\/shop\/wp-content\/uploads\/2025\/01\/AISATV0265_800-1.jpg\",\"width\":800,\"height\":800},{\"@type\":\"BreadcrumbList\",\"@id\":\"https:\/\/aivlisoft.net\/shop\/producto\/tooq-db3265f-b-soporte-de-mesa-para-mon-tv-32-65\/#breadcrumb\",\"itemListElement\":[{\"@type\":\"ListItem\",\"position\":1,\"name\":\"Portada\",\"item\":\"https:\/\/aivlisoft.net\/shop\/\"},{\"@type\":\"ListItem\",\"position\":2,\"name\":\"Tienda\",\"item\":\"https:\/\/aivlisoft.net\/shop\/tienda\/\"},{\"@type\":\"ListItem\",\"position\":3,\"name\":\"TooQ DB3265F-B Soporte de mesa para mon\/TV 32&#8243;-65&#8243;\"}]},{\"@type\":\"WebSite\",\"@id\":\"https:\/\/aivlisoft.net\/shop\/#website\",\"url\":\"https:\/\/aivlisoft.net\/shop\/\",\"name\":\"Aivlisoft Inform\u00e1tica\",\"description\":\"En Aivlisoft Inform\u00e1tica ofrecemos soluciones tecnol\u00f3gicas para empresas: venta de ordenadores, consumibles, perif\u00e9ricos y m\u00e1s. Calidad, atenci\u00f3n personalizada y los mejores precios para tu negocio.\",\"publisher\":{\"@id\":\"https:\/\/aivlisoft.net\/shop\/#organization\"},\"potentialAction\":[{\"@type\":\"SearchAction\",\"target\":{\"@type\":\"EntryPoint\",\"urlTemplate\":\"https:\/\/aivlisoft.net\/shop\/?s={search_term_string}\"},\"query-input\":{\"@type\":\"PropertyValueSpecification\",\"valueRequired\":true,\"valueName\":\"search_term_string\"}}],\"inLanguage\":\"es\"},{\"@type\":\"Organization\",\"@id\":\"https:\/\/aivlisoft.net\/shop\/#organization\",\"name\":\"Aivlisoft Inform\u00e1tica\",\"url\":\"https:\/\/aivlisoft.net\/shop\/\",\"logo\":{\"@type\":\"ImageObject\",\"inLanguage\":\"es\",\"@id\":\"https:\/\/aivlisoft.net\/shop\/#\/schema\/logo\/image\/\",\"url\":\"https:\/\/aivlisoft.net\/shop\/wp-content\/uploads\/2024\/12\/removal.ai_5b848c54-0cdf-4140-95c5-c5536bb7573b-logodef.png\",\"contentUrl\":\"https:\/\/aivlisoft.net\/shop\/wp-content\/uploads\/2024\/12\/removal.ai_5b848c54-0cdf-4140-95c5-c5536bb7573b-logodef.png\",\"width\":484,\"height\":182,\"caption\":\"Aivlisoft Inform\u00e1tica\"},\"image\":{\"@id\":\"https:\/\/aivlisoft.net\/shop\/#\/schema\/logo\/image\/\"}}]}<\/script>\n<!-- \/ Yoast SEO plugin. -->","yoast_head_json":{"title":"TooQ DB3265F-B Soporte de mesa para mon\/TV 32\"-65\" - Aivlisoft Inform\u00e1tica","robots":{"index":"index","follow":"follow","max-snippet":"max-snippet:-1","max-image-preview":"max-image-preview:large","max-video-preview":"max-video-preview:-1"},"canonical":"https:\/\/aivlisoft.net\/shop\/producto\/tooq-db3265f-b-soporte-de-mesa-para-mon-tv-32-65\/","og_locale":"es_ES","og_type":"article","og_title":"TooQ DB3265F-B Soporte de mesa para mon\/TV 32\"-65\" - Aivlisoft Inform\u00e1tica","og_description":"&#8211; Compatible con VESA: 200&#215;200, 300&#215;200, 300&#215;300, 400&#215;200, 400&#215;300 y 400&#215;400&#8211; Peso m&aacute;ximo soportado de pantalla: 40 kg&#8211; Compatible con pantallas curvas Marca Tooq Modelo DB3265F-B Uso &#8211; Soporte TV\/Monitor Caracteristicas &#8211; Pantallas soportadas: 32&#8243; &#8211; 65&#8243;&#8211; Compatible con VESA: 200&#215;200, 300&#215;200, 300&#215;300, 400&#215;200, 400&#215;300 y 400&#215;400&#8211; Peso m&aacute;ximo soportado de pantalla: 40 kg&#8211; Rango&hellip;&nbsp;TooQ DB3265F-B Soporte de mesa para mon\/TV 32&#8243;-65&#8243;","og_url":"https:\/\/aivlisoft.net\/shop\/producto\/tooq-db3265f-b-soporte-de-mesa-para-mon-tv-32-65\/","og_site_name":"Aivlisoft Inform\u00e1tica","article_modified_time":"2025-01-14T10:06:58+00:00","og_image":[{"width":800,"height":800,"url":"https:\/\/aivlisoft.net\/shop\/wp-content\/uploads\/2025\/01\/AISATV0265_800-1.jpg","type":"image\/jpeg"}],"twitter_card":"summary_large_image","twitter_misc":{"Tiempo de lectura":"1 minuto"},"schema":{"@context":"https:\/\/schema.org","@graph":[{"@type":"WebPage","@id":"https:\/\/aivlisoft.net\/shop\/producto\/tooq-db3265f-b-soporte-de-mesa-para-mon-tv-32-65\/","url":"https:\/\/aivlisoft.net\/shop\/producto\/tooq-db3265f-b-soporte-de-mesa-para-mon-tv-32-65\/","name":"TooQ DB3265F-B Soporte de mesa para mon\/TV 32\"-65\" - Aivlisoft Inform\u00e1tica","isPartOf":{"@id":"https:\/\/aivlisoft.net\/shop\/#website"},"primaryImageOfPage":{"@id":"https:\/\/aivlisoft.net\/shop\/producto\/tooq-db3265f-b-soporte-de-mesa-para-mon-tv-32-65\/#primaryimage"},"image":{"@id":"https:\/\/aivlisoft.net\/shop\/producto\/tooq-db3265f-b-soporte-de-mesa-para-mon-tv-32-65\/#primaryimage"},"thumbnailUrl":"https:\/\/aivlisoft.net\/shop\/wp-content\/uploads\/2025\/01\/AISATV0265_800-1.jpg","datePublished":"2025-01-13T13:13:36+00:00","dateModified":"2025-01-14T10:06:58+00:00","breadcrumb":{"@id":"https:\/\/aivlisoft.net\/shop\/producto\/tooq-db3265f-b-soporte-de-mesa-para-mon-tv-32-65\/#breadcrumb"},"inLanguage":"es","potentialAction":[{"@type":"ReadAction","target":["https:\/\/aivlisoft.net\/shop\/producto\/tooq-db3265f-b-soporte-de-mesa-para-mon-tv-32-65\/"]}]},{"@type":"ImageObject","inLanguage":"es","@id":"https:\/\/aivlisoft.net\/shop\/producto\/tooq-db3265f-b-soporte-de-mesa-para-mon-tv-32-65\/#primaryimage","url":"https:\/\/aivlisoft.net\/shop\/wp-content\/uploads\/2025\/01\/AISATV0265_800-1.jpg","contentUrl":"https:\/\/aivlisoft.net\/shop\/wp-content\/uploads\/2025\/01\/AISATV0265_800-1.jpg","width":800,"height":800},{"@type":"BreadcrumbList","@id":"https:\/\/aivlisoft.net\/shop\/producto\/tooq-db3265f-b-soporte-de-mesa-para-mon-tv-32-65\/#breadcrumb","itemListElement":[{"@type":"ListItem","position":1,"name":"Portada","item":"https:\/\/aivlisoft.net\/shop\/"},{"@type":"ListItem","position":2,"name":"Tienda","item":"https:\/\/aivlisoft.net\/shop\/tienda\/"},{"@type":"ListItem","position":3,"name":"TooQ DB3265F-B Soporte de mesa para mon\/TV 32&#8243;-65&#8243;"}]},{"@type":"WebSite","@id":"https:\/\/aivlisoft.net\/shop\/#website","url":"https:\/\/aivlisoft.net\/shop\/","name":"Aivlisoft Inform\u00e1tica","description":"En Aivlisoft Inform\u00e1tica ofrecemos soluciones tecnol\u00f3gicas para empresas: venta de ordenadores, consumibles, perif\u00e9ricos y m\u00e1s. Calidad, atenci\u00f3n personalizada y los mejores precios para tu negocio.","publisher":{"@id":"https:\/\/aivlisoft.net\/shop\/#organization"},"potentialAction":[{"@type":"SearchAction","target":{"@type":"EntryPoint","urlTemplate":"https:\/\/aivlisoft.net\/shop\/?s={search_term_string}"},"query-input":{"@type":"PropertyValueSpecification","valueRequired":true,"valueName":"search_term_string"}}],"inLanguage":"es"},{"@type":"Organization","@id":"https:\/\/aivlisoft.net\/shop\/#organization","name":"Aivlisoft Inform\u00e1tica","url":"https:\/\/aivlisoft.net\/shop\/","logo":{"@type":"ImageObject","inLanguage":"es","@id":"https:\/\/aivlisoft.net\/shop\/#\/schema\/logo\/image\/","url":"https:\/\/aivlisoft.net\/shop\/wp-content\/uploads\/2024\/12\/removal.ai_5b848c54-0cdf-4140-95c5-c5536bb7573b-logodef.png","contentUrl":"https:\/\/aivlisoft.net\/shop\/wp-content\/uploads\/2024\/12\/removal.ai_5b848c54-0cdf-4140-95c5-c5536bb7573b-logodef.png","width":484,"height":182,"caption":"Aivlisoft Inform\u00e1tica"},"image":{"@id":"https:\/\/aivlisoft.net\/shop\/#\/schema\/logo\/image\/"}}]}},"_links":{"self":[{"href":"https:\/\/aivlisoft.net\/shop\/wp-json\/wp\/v2\/product\/3358","targetHints":{"allow":["GET"]}}],"collection":[{"href":"https:\/\/aivlisoft.net\/shop\/wp-json\/wp\/v2\/product"}],"about":[{"href":"https:\/\/aivlisoft.net\/shop\/wp-json\/wp\/v2\/types\/product"}],"wp:featuredmedia":[{"embeddable":true,"href":"https:\/\/aivlisoft.net\/shop\/wp-json\/wp\/v2\/media\/3359"}],"wp:attachment":[{"href":"https:\/\/aivlisoft.net\/shop\/wp-json\/wp\/v2\/media?parent=3358"}],"wp:term":[{"taxonomy":"product_brand","embeddable":true,"href":"https:\/\/aivlisoft.net\/shop\/wp-json\/wp\/v2\/product_brand?post=3358"},{"taxonomy":"product_cat","embeddable":true,"href":"https:\/\/aivlisoft.net\/shop\/wp-json\/wp\/v2\/product_cat?post=3358"},{"taxonomy":"product_tag","embeddable":true,"href":"https:\/\/aivlisoft.net\/shop\/wp-json\/wp\/v2\/product_tag?post=3358"}],"curies":[{"name":"wp","href":"https:\/\/api.w.org\/{rel}","templated":true}]}}