{"id":3324,"date":"2025-01-13T13:13:27","date_gmt":"2025-01-13T13:13:27","guid":{"rendered":"https:\/\/aivlisoft.com\/?post_type=product&#038;p=3324"},"modified":"2025-01-14T10:06:51","modified_gmt":"2025-01-14T10:06:51","slug":"tooq-lp4970t-b-soporte-tv-37-70-incli-negro","status":"publish","type":"product","link":"https:\/\/aivlisoft.net\/shop\/producto\/tooq-lp4970t-b-soporte-tv-37-70-incli-negro\/","title":{"rendered":"Tooq  LP4970T-B Soporte TV 37&#8243;-70&#8243; Incli Negro"},"content":{"rendered":"<p>Soporte de fijaci&oacute;n en pared para pantallas planas (entre 37&#8243; y 70&#8243;) y hasta un m&aacute;ximo de 75 kg de peso<\/p>\n<p>Fabricado en metal de alta resistencia, siempre con la calidad de los productos TooQ<br \/>&#8211; Soporte met&aacute;lico inclinable para pantalla (monitor \/ plasma \/ LCD \/ LED) 37&#8243;-70&#8243;<br \/>&#8211; VESA M&aacute;ximo: 800&#215;400 mm<br \/>&#8211; Carga M&aacute;xima: 75 kg<\/p>\n<table class=\"tabla_caracteristicas k-table\" width=\"100%\">\n<tbody>\n<tr>\n<td><strong>Marca<\/strong><\/td>\n<td>Tooq<\/td>\n<\/tr>\n<tr>\n<td><strong>Modelo<\/strong><\/td>\n<td><strong>LP4970T-B<\/strong><\/td>\n<\/tr>\n<tr>\n<td><strong>Uso<\/strong><\/td>\n<td>&#8211; Soporte de TV<\/td>\n<\/tr>\n<tr>\n<td valign=\"top\"><strong>Caracteristicas<\/strong><\/td>\n<td>&#8211; Para pantalla (monitor \/ plasma \/ LCD \/ LED) <strong>37&#8243;-70&#8243;<\/strong><br \/>&#8211; VESA M&aacute;ximo: 800&#215;400 mm<br \/>&#8211; Carga M&aacute;xima: <strong>75 kg<\/strong><br \/>&#8211; &Aacute;ngulo de Inclinaci&oacute;n: -15&ordm; \/ +15&ordm;<br \/>&#8211; Distancia de la pared: 83 mm<br \/>&#8211; Color: Negro<br \/>&#8211; Compatible con LPCE01S-B<br \/>&#8211; Normativas: RoHS<br \/>&#8211; Test de funcionamiento: 100% testado<br \/><strong>Contenido<\/strong><br \/>&#8211; 1 x Soporte<br \/>&#8211; 1 x Kit montaje (No incluye herramientas)<br \/>&#8211; 1 x Manual de instalaci&oacute;n<\/td>\n<\/tr>\n<tr>\n<td><strong>Fecha de revisi&oacute;n<\/strong><\/td>\n<td>15-10-2019 por MSB<\/td>\n<\/tr>\n<\/tbody>\n<\/table>\n","protected":false},"excerpt":{"rendered":"<p>Soporte de fijaci&oacute;n en pared para pantallas planas (entre 37&#8243; y 70&#8243;) y hasta un m&aacute;ximo de 75 kg de peso Fabricado en metal de alta resistencia, siempre con la calidad de los productos TooQ&#8211; Soporte met&aacute;lico inclinable para pantalla (monitor \/ plasma \/ LCD \/ LED) 37&#8243;-70&#8243;&#8211; VESA M&aacute;ximo: 800&#215;400 mm&#8211; Carga M&aacute;xima: 75&hellip;&nbsp;<a href=\"https:\/\/aivlisoft.net\/shop\/producto\/tooq-lp4970t-b-soporte-tv-37-70-incli-negro\/\" rel=\"bookmark\"><span class=\"screen-reader-text\">Tooq  LP4970T-B Soporte TV 37&#8243;-70&#8243; Incli Negro<\/span><\/a><\/p>\n","protected":false},"featured_media":3325,"template":"","meta":{"neve_meta_sidebar":"","neve_meta_container":"","neve_meta_enable_content_width":"","neve_meta_content_width":0,"neve_meta_title_alignment":"","neve_meta_author_avatar":"","neve_post_elements_order":"","neve_meta_disable_header":"","neve_meta_disable_footer":"","neve_meta_disable_title":""},"product_brand":[],"product_cat":[15],"product_tag":[1010],"class_list":{"0":"post-3324","1":"product","2":"type-product","3":"status-publish","4":"has-post-thumbnail","6":"product_cat-sin-categorizar","7":"product_tag-lp4970t-b","9":"first","10":"instock","11":"taxable","12":"shipping-taxable","13":"purchasable","14":"product-type-simple"},"yoast_head":"<!-- This site is optimized with the Yoast SEO plugin v26.0 - https:\/\/yoast.com\/wordpress\/plugins\/seo\/ -->\n<title>Tooq LP4970T-B Soporte TV 37&quot;-70&quot; Incli Negro - Aivlisoft Inform\u00e1tica<\/title>\n<meta name=\"robots\" content=\"index, follow, max-snippet:-1, max-image-preview:large, max-video-preview:-1\" \/>\n<link rel=\"canonical\" href=\"https:\/\/aivlisoft.net\/shop\/producto\/tooq-lp4970t-b-soporte-tv-37-70-incli-negro\/\" \/>\n<meta property=\"og:locale\" content=\"es_ES\" \/>\n<meta property=\"og:type\" content=\"article\" \/>\n<meta property=\"og:title\" content=\"Tooq LP4970T-B Soporte TV 37&quot;-70&quot; Incli Negro - Aivlisoft Inform\u00e1tica\" \/>\n<meta property=\"og:description\" content=\"Soporte de fijaci&oacute;n en pared para pantallas planas (entre 37&#8243; y 70&#8243;) y hasta un m&aacute;ximo de 75 kg de peso Fabricado en metal de alta resistencia, siempre con la calidad de los productos TooQ&#8211; Soporte met&aacute;lico inclinable para pantalla (monitor \/ plasma \/ LCD \/ LED) 37&#8243;-70&#8243;&#8211; VESA M&aacute;ximo: 800&#215;400 mm&#8211; Carga M&aacute;xima: 75&hellip;&nbsp;Tooq LP4970T-B Soporte TV 37&#8243;-70&#8243; Incli Negro\" \/>\n<meta property=\"og:url\" content=\"https:\/\/aivlisoft.net\/shop\/producto\/tooq-lp4970t-b-soporte-tv-37-70-incli-negro\/\" \/>\n<meta property=\"og:site_name\" content=\"Aivlisoft Inform\u00e1tica\" \/>\n<meta property=\"article:modified_time\" content=\"2025-01-14T10:06:51+00:00\" \/>\n<meta property=\"og:image\" content=\"https:\/\/aivlisoft.net\/shop\/wp-content\/uploads\/2025\/01\/AISATV0251_800-1.jpg\" \/>\n\t<meta property=\"og:image:width\" content=\"800\" \/>\n\t<meta property=\"og:image:height\" content=\"800\" \/>\n\t<meta property=\"og:image:type\" content=\"image\/jpeg\" \/>\n<meta name=\"twitter:card\" content=\"summary_large_image\" \/>\n<meta name=\"twitter:label1\" content=\"Tiempo de lectura\" \/>\n\t<meta name=\"twitter:data1\" content=\"1 minuto\" \/>\n<script type=\"application\/ld+json\" class=\"yoast-schema-graph\">{\"@context\":\"https:\/\/schema.org\",\"@graph\":[{\"@type\":\"WebPage\",\"@id\":\"https:\/\/aivlisoft.net\/shop\/producto\/tooq-lp4970t-b-soporte-tv-37-70-incli-negro\/\",\"url\":\"https:\/\/aivlisoft.net\/shop\/producto\/tooq-lp4970t-b-soporte-tv-37-70-incli-negro\/\",\"name\":\"Tooq LP4970T-B Soporte TV 37\\\"-70\\\" Incli Negro - Aivlisoft Inform\u00e1tica\",\"isPartOf\":{\"@id\":\"https:\/\/aivlisoft.net\/shop\/#website\"},\"primaryImageOfPage\":{\"@id\":\"https:\/\/aivlisoft.net\/shop\/producto\/tooq-lp4970t-b-soporte-tv-37-70-incli-negro\/#primaryimage\"},\"image\":{\"@id\":\"https:\/\/aivlisoft.net\/shop\/producto\/tooq-lp4970t-b-soporte-tv-37-70-incli-negro\/#primaryimage\"},\"thumbnailUrl\":\"https:\/\/aivlisoft.net\/shop\/wp-content\/uploads\/2025\/01\/AISATV0251_800-1.jpg\",\"datePublished\":\"2025-01-13T13:13:27+00:00\",\"dateModified\":\"2025-01-14T10:06:51+00:00\",\"breadcrumb\":{\"@id\":\"https:\/\/aivlisoft.net\/shop\/producto\/tooq-lp4970t-b-soporte-tv-37-70-incli-negro\/#breadcrumb\"},\"inLanguage\":\"es\",\"potentialAction\":[{\"@type\":\"ReadAction\",\"target\":[\"https:\/\/aivlisoft.net\/shop\/producto\/tooq-lp4970t-b-soporte-tv-37-70-incli-negro\/\"]}]},{\"@type\":\"ImageObject\",\"inLanguage\":\"es\",\"@id\":\"https:\/\/aivlisoft.net\/shop\/producto\/tooq-lp4970t-b-soporte-tv-37-70-incli-negro\/#primaryimage\",\"url\":\"https:\/\/aivlisoft.net\/shop\/wp-content\/uploads\/2025\/01\/AISATV0251_800-1.jpg\",\"contentUrl\":\"https:\/\/aivlisoft.net\/shop\/wp-content\/uploads\/2025\/01\/AISATV0251_800-1.jpg\",\"width\":800,\"height\":800},{\"@type\":\"BreadcrumbList\",\"@id\":\"https:\/\/aivlisoft.net\/shop\/producto\/tooq-lp4970t-b-soporte-tv-37-70-incli-negro\/#breadcrumb\",\"itemListElement\":[{\"@type\":\"ListItem\",\"position\":1,\"name\":\"Portada\",\"item\":\"https:\/\/aivlisoft.net\/shop\/\"},{\"@type\":\"ListItem\",\"position\":2,\"name\":\"Tienda\",\"item\":\"https:\/\/aivlisoft.net\/shop\/tienda\/\"},{\"@type\":\"ListItem\",\"position\":3,\"name\":\"Tooq LP4970T-B Soporte TV 37&#8243;-70&#8243; Incli Negro\"}]},{\"@type\":\"WebSite\",\"@id\":\"https:\/\/aivlisoft.net\/shop\/#website\",\"url\":\"https:\/\/aivlisoft.net\/shop\/\",\"name\":\"Aivlisoft Inform\u00e1tica\",\"description\":\"En Aivlisoft Inform\u00e1tica ofrecemos soluciones tecnol\u00f3gicas para empresas: venta de ordenadores, consumibles, perif\u00e9ricos y m\u00e1s. Calidad, atenci\u00f3n personalizada y los mejores precios para tu negocio.\",\"publisher\":{\"@id\":\"https:\/\/aivlisoft.net\/shop\/#organization\"},\"potentialAction\":[{\"@type\":\"SearchAction\",\"target\":{\"@type\":\"EntryPoint\",\"urlTemplate\":\"https:\/\/aivlisoft.net\/shop\/?s={search_term_string}\"},\"query-input\":{\"@type\":\"PropertyValueSpecification\",\"valueRequired\":true,\"valueName\":\"search_term_string\"}}],\"inLanguage\":\"es\"},{\"@type\":\"Organization\",\"@id\":\"https:\/\/aivlisoft.net\/shop\/#organization\",\"name\":\"Aivlisoft Inform\u00e1tica\",\"url\":\"https:\/\/aivlisoft.net\/shop\/\",\"logo\":{\"@type\":\"ImageObject\",\"inLanguage\":\"es\",\"@id\":\"https:\/\/aivlisoft.net\/shop\/#\/schema\/logo\/image\/\",\"url\":\"https:\/\/aivlisoft.net\/shop\/wp-content\/uploads\/2024\/12\/removal.ai_5b848c54-0cdf-4140-95c5-c5536bb7573b-logodef.png\",\"contentUrl\":\"https:\/\/aivlisoft.net\/shop\/wp-content\/uploads\/2024\/12\/removal.ai_5b848c54-0cdf-4140-95c5-c5536bb7573b-logodef.png\",\"width\":484,\"height\":182,\"caption\":\"Aivlisoft Inform\u00e1tica\"},\"image\":{\"@id\":\"https:\/\/aivlisoft.net\/shop\/#\/schema\/logo\/image\/\"}}]}<\/script>\n<!-- \/ Yoast SEO plugin. -->","yoast_head_json":{"title":"Tooq LP4970T-B Soporte TV 37\"-70\" Incli Negro - Aivlisoft Inform\u00e1tica","robots":{"index":"index","follow":"follow","max-snippet":"max-snippet:-1","max-image-preview":"max-image-preview:large","max-video-preview":"max-video-preview:-1"},"canonical":"https:\/\/aivlisoft.net\/shop\/producto\/tooq-lp4970t-b-soporte-tv-37-70-incli-negro\/","og_locale":"es_ES","og_type":"article","og_title":"Tooq LP4970T-B Soporte TV 37\"-70\" Incli Negro - Aivlisoft Inform\u00e1tica","og_description":"Soporte de fijaci&oacute;n en pared para pantallas planas (entre 37&#8243; y 70&#8243;) y hasta un m&aacute;ximo de 75 kg de peso Fabricado en metal de alta resistencia, siempre con la calidad de los productos TooQ&#8211; Soporte met&aacute;lico inclinable para pantalla (monitor \/ plasma \/ LCD \/ LED) 37&#8243;-70&#8243;&#8211; VESA M&aacute;ximo: 800&#215;400 mm&#8211; Carga M&aacute;xima: 75&hellip;&nbsp;Tooq LP4970T-B Soporte TV 37&#8243;-70&#8243; Incli Negro","og_url":"https:\/\/aivlisoft.net\/shop\/producto\/tooq-lp4970t-b-soporte-tv-37-70-incli-negro\/","og_site_name":"Aivlisoft Inform\u00e1tica","article_modified_time":"2025-01-14T10:06:51+00:00","og_image":[{"width":800,"height":800,"url":"https:\/\/aivlisoft.net\/shop\/wp-content\/uploads\/2025\/01\/AISATV0251_800-1.jpg","type":"image\/jpeg"}],"twitter_card":"summary_large_image","twitter_misc":{"Tiempo de lectura":"1 minuto"},"schema":{"@context":"https:\/\/schema.org","@graph":[{"@type":"WebPage","@id":"https:\/\/aivlisoft.net\/shop\/producto\/tooq-lp4970t-b-soporte-tv-37-70-incli-negro\/","url":"https:\/\/aivlisoft.net\/shop\/producto\/tooq-lp4970t-b-soporte-tv-37-70-incli-negro\/","name":"Tooq LP4970T-B Soporte TV 37\"-70\" Incli Negro - Aivlisoft Inform\u00e1tica","isPartOf":{"@id":"https:\/\/aivlisoft.net\/shop\/#website"},"primaryImageOfPage":{"@id":"https:\/\/aivlisoft.net\/shop\/producto\/tooq-lp4970t-b-soporte-tv-37-70-incli-negro\/#primaryimage"},"image":{"@id":"https:\/\/aivlisoft.net\/shop\/producto\/tooq-lp4970t-b-soporte-tv-37-70-incli-negro\/#primaryimage"},"thumbnailUrl":"https:\/\/aivlisoft.net\/shop\/wp-content\/uploads\/2025\/01\/AISATV0251_800-1.jpg","datePublished":"2025-01-13T13:13:27+00:00","dateModified":"2025-01-14T10:06:51+00:00","breadcrumb":{"@id":"https:\/\/aivlisoft.net\/shop\/producto\/tooq-lp4970t-b-soporte-tv-37-70-incli-negro\/#breadcrumb"},"inLanguage":"es","potentialAction":[{"@type":"ReadAction","target":["https:\/\/aivlisoft.net\/shop\/producto\/tooq-lp4970t-b-soporte-tv-37-70-incli-negro\/"]}]},{"@type":"ImageObject","inLanguage":"es","@id":"https:\/\/aivlisoft.net\/shop\/producto\/tooq-lp4970t-b-soporte-tv-37-70-incli-negro\/#primaryimage","url":"https:\/\/aivlisoft.net\/shop\/wp-content\/uploads\/2025\/01\/AISATV0251_800-1.jpg","contentUrl":"https:\/\/aivlisoft.net\/shop\/wp-content\/uploads\/2025\/01\/AISATV0251_800-1.jpg","width":800,"height":800},{"@type":"BreadcrumbList","@id":"https:\/\/aivlisoft.net\/shop\/producto\/tooq-lp4970t-b-soporte-tv-37-70-incli-negro\/#breadcrumb","itemListElement":[{"@type":"ListItem","position":1,"name":"Portada","item":"https:\/\/aivlisoft.net\/shop\/"},{"@type":"ListItem","position":2,"name":"Tienda","item":"https:\/\/aivlisoft.net\/shop\/tienda\/"},{"@type":"ListItem","position":3,"name":"Tooq LP4970T-B Soporte TV 37&#8243;-70&#8243; Incli Negro"}]},{"@type":"WebSite","@id":"https:\/\/aivlisoft.net\/shop\/#website","url":"https:\/\/aivlisoft.net\/shop\/","name":"Aivlisoft Inform\u00e1tica","description":"En Aivlisoft Inform\u00e1tica ofrecemos soluciones tecnol\u00f3gicas para empresas: venta de ordenadores, consumibles, perif\u00e9ricos y m\u00e1s. Calidad, atenci\u00f3n personalizada y los mejores precios para tu negocio.","publisher":{"@id":"https:\/\/aivlisoft.net\/shop\/#organization"},"potentialAction":[{"@type":"SearchAction","target":{"@type":"EntryPoint","urlTemplate":"https:\/\/aivlisoft.net\/shop\/?s={search_term_string}"},"query-input":{"@type":"PropertyValueSpecification","valueRequired":true,"valueName":"search_term_string"}}],"inLanguage":"es"},{"@type":"Organization","@id":"https:\/\/aivlisoft.net\/shop\/#organization","name":"Aivlisoft Inform\u00e1tica","url":"https:\/\/aivlisoft.net\/shop\/","logo":{"@type":"ImageObject","inLanguage":"es","@id":"https:\/\/aivlisoft.net\/shop\/#\/schema\/logo\/image\/","url":"https:\/\/aivlisoft.net\/shop\/wp-content\/uploads\/2024\/12\/removal.ai_5b848c54-0cdf-4140-95c5-c5536bb7573b-logodef.png","contentUrl":"https:\/\/aivlisoft.net\/shop\/wp-content\/uploads\/2024\/12\/removal.ai_5b848c54-0cdf-4140-95c5-c5536bb7573b-logodef.png","width":484,"height":182,"caption":"Aivlisoft Inform\u00e1tica"},"image":{"@id":"https:\/\/aivlisoft.net\/shop\/#\/schema\/logo\/image\/"}}]}},"_links":{"self":[{"href":"https:\/\/aivlisoft.net\/shop\/wp-json\/wp\/v2\/product\/3324","targetHints":{"allow":["GET"]}}],"collection":[{"href":"https:\/\/aivlisoft.net\/shop\/wp-json\/wp\/v2\/product"}],"about":[{"href":"https:\/\/aivlisoft.net\/shop\/wp-json\/wp\/v2\/types\/product"}],"wp:featuredmedia":[{"embeddable":true,"href":"https:\/\/aivlisoft.net\/shop\/wp-json\/wp\/v2\/media\/3325"}],"wp:attachment":[{"href":"https:\/\/aivlisoft.net\/shop\/wp-json\/wp\/v2\/media?parent=3324"}],"wp:term":[{"taxonomy":"product_brand","embeddable":true,"href":"https:\/\/aivlisoft.net\/shop\/wp-json\/wp\/v2\/product_brand?post=3324"},{"taxonomy":"product_cat","embeddable":true,"href":"https:\/\/aivlisoft.net\/shop\/wp-json\/wp\/v2\/product_cat?post=3324"},{"taxonomy":"product_tag","embeddable":true,"href":"https:\/\/aivlisoft.net\/shop\/wp-json\/wp\/v2\/product_tag?post=3324"}],"curies":[{"name":"wp","href":"https:\/\/api.w.org\/{rel}","templated":true}]}}