{"id":3305,"date":"2025-01-13T13:13:20","date_gmt":"2025-01-13T13:13:20","guid":{"rendered":"https:\/\/aivlisoft.com\/?post_type=product&#038;p=3305"},"modified":"2025-01-14T10:06:44","modified_gmt":"2025-01-14T10:06:44","slug":"ewent-ew1517-soporte-para-mini-pc","status":"publish","type":"product","link":"https:\/\/aivlisoft.net\/shop\/producto\/ewent-ew1517-soporte-para-mini-pc\/","title":{"rendered":"EWENT EW1517 Soporte para mini PC"},"content":{"rendered":"<p>Mantenga su escritorio ordenado y limpio colocando su peque&ntilde;a computadora en el soporte para ordenador Thin Client <strong>EW1517<\/strong>, perfecto para ahorrar espacio. Fije el soporte a una placa VESA, a un poste o atornille el soporte en la parte de abajo del escritorio.<\/p>\n<p><strong>Soluci&oacute;n perfecta para ahorrar espacio en su escritorio<\/strong><br \/>Este vers&aacute;til soporte para ordenador EW1517 Thin Client se puede colocar en la parte posterior de un monitor acopl&aacute;ndolo una placa VESA (50&#215;50, 75&#215;75 o 100&#215;100). Tambi&eacute;n es posible sujetar el soporte a un poste. Incluso puede atornillar el soporte a la parte de abajo de su escritorio. Utilice el sistema de colocaci&oacute;n que utilice, mantendr&aacute; su escritorio limpio y ordenado.<\/p>\n<p><strong>Siempre tendr&aacute; su mini ordenador a mano<\/strong><br \/>Bien sea que su ordenador Thin Client est&eacute; montado en una placa VESA, sujeto a un poste o a la parte de abajo del escritorio, la CPU permanecer&aacute; accesible en cualquier momento. Incluimos una correa de montaje para mantener el mini ordenador seguro en su lugar. Incluye almohadillas de espuma para proteger la superficie y para evitar el ruido causado por la resonancia.<\/p>\n<table class=\"tabla_caracteristicas\" width=\"100%\">\n<tr>\n<td><strong>Marca<\/strong><\/td>\n<td>Ewent<\/td>\n<\/tr>\n<tr>\n<td><strong>Modelo<\/strong><\/td>\n<td><strong>EW1517<\/strong><\/td>\n<\/tr>\n<tr>\n<td><strong>Caracter&iacute;sticas<\/strong><\/td>\n<td>&#8211; Material: Acero, pl&aacute;stico<br \/>\t\t\t&#8211; Acabado de la superficie: Recubrimiento en polvo<br \/>\t\t\t&#8211; De color negro<br \/>\t\t\t&#8211; Tama&ntilde;o (An x Alt x Prof): 120 x 155 x 85mm<br \/>\t\t\t&#8211; Instalaci&oacute;n: VESA, poste, soporte de escritorio<br \/>\t\t\t&#8211; Tama&ntilde;o de pantalla sugerido: hasta 27&quot;<br \/>\t\t\t&#8211; Adecuado para: 1 pantalla<br \/>\t\t\t&#8211; Peso m&aacute;x para el miniPC: 5 kg<br \/>\t\t\t&#8211; Carga nominal: hasta 15 kg<br \/>\t\t\t&#8211; Si se monta en un soporte de escritorio VESA, aseg&uacute;rese de que la carga total no exceda el m&aacute;ximo. carga del soporte de escritorio<br \/>\t\t\t&#8211; Grueso de la abrazadera del poste: 35mm-50mm<br \/>\t\t\t&#8211; VESA: 100 x 100,75 x 75, 50 x 50*<br \/>\t\t\t* VESA 50 x 50 solo disponible para monitores en instalaci&oacute;n VESA<\/td>\n<\/tr>\n<tr>\n<td><strong>Fecha de revisi&oacute;n<\/strong><\/td>\n<td>05-05-2022 por MPM<\/td>\n<\/tr>\n<\/table>\n","protected":false},"excerpt":{"rendered":"<p>Mantenga su escritorio ordenado y limpio colocando su peque&ntilde;a computadora en el soporte para ordenador Thin Client EW1517, perfecto para ahorrar espacio. Fije el soporte a una placa VESA, a un poste o atornille el soporte en la parte de abajo del escritorio. Soluci&oacute;n perfecta para ahorrar espacio en su escritorioEste vers&aacute;til soporte para ordenador&hellip;&nbsp;<a href=\"https:\/\/aivlisoft.net\/shop\/producto\/ewent-ew1517-soporte-para-mini-pc\/\" rel=\"bookmark\"><span class=\"screen-reader-text\">EWENT EW1517 Soporte para mini PC<\/span><\/a><\/p>\n","protected":false},"featured_media":3306,"template":"","meta":{"neve_meta_sidebar":"","neve_meta_container":"","neve_meta_enable_content_width":"","neve_meta_content_width":0,"neve_meta_title_alignment":"","neve_meta_author_avatar":"","neve_post_elements_order":"","neve_meta_disable_header":"","neve_meta_disable_footer":"","neve_meta_disable_title":""},"product_brand":[],"product_cat":[15],"product_tag":[1006],"class_list":{"0":"post-3305","1":"product","2":"type-product","3":"status-publish","4":"has-post-thumbnail","6":"product_cat-sin-categorizar","7":"product_tag-ew1517","9":"first","10":"instock","11":"taxable","12":"shipping-taxable","13":"purchasable","14":"product-type-simple"},"yoast_head":"<!-- This site is optimized with the Yoast SEO plugin v26.0 - https:\/\/yoast.com\/wordpress\/plugins\/seo\/ -->\n<title>EWENT EW1517 Soporte para mini PC - Aivlisoft Inform\u00e1tica<\/title>\n<meta name=\"robots\" content=\"index, follow, max-snippet:-1, max-image-preview:large, max-video-preview:-1\" \/>\n<link rel=\"canonical\" href=\"https:\/\/aivlisoft.net\/shop\/producto\/ewent-ew1517-soporte-para-mini-pc\/\" \/>\n<meta property=\"og:locale\" content=\"es_ES\" \/>\n<meta property=\"og:type\" content=\"article\" \/>\n<meta property=\"og:title\" content=\"EWENT EW1517 Soporte para mini PC - Aivlisoft Inform\u00e1tica\" \/>\n<meta property=\"og:description\" content=\"Mantenga su escritorio ordenado y limpio colocando su peque&ntilde;a computadora en el soporte para ordenador Thin Client EW1517, perfecto para ahorrar espacio. Fije el soporte a una placa VESA, a un poste o atornille el soporte en la parte de abajo del escritorio. Soluci&oacute;n perfecta para ahorrar espacio en su escritorioEste vers&aacute;til soporte para ordenador&hellip;&nbsp;EWENT EW1517 Soporte para mini PC\" \/>\n<meta property=\"og:url\" content=\"https:\/\/aivlisoft.net\/shop\/producto\/ewent-ew1517-soporte-para-mini-pc\/\" \/>\n<meta property=\"og:site_name\" content=\"Aivlisoft Inform\u00e1tica\" \/>\n<meta property=\"article:modified_time\" content=\"2025-01-14T10:06:44+00:00\" \/>\n<meta property=\"og:image\" content=\"https:\/\/aivlisoft.net\/shop\/wp-content\/uploads\/2025\/01\/AISATV0236_800-1.jpg\" \/>\n\t<meta property=\"og:image:width\" content=\"800\" \/>\n\t<meta property=\"og:image:height\" content=\"800\" \/>\n\t<meta property=\"og:image:type\" content=\"image\/jpeg\" \/>\n<meta name=\"twitter:card\" content=\"summary_large_image\" \/>\n<meta name=\"twitter:label1\" content=\"Tiempo de lectura\" \/>\n\t<meta name=\"twitter:data1\" content=\"2 minutos\" \/>\n<script type=\"application\/ld+json\" class=\"yoast-schema-graph\">{\"@context\":\"https:\/\/schema.org\",\"@graph\":[{\"@type\":\"WebPage\",\"@id\":\"https:\/\/aivlisoft.net\/shop\/producto\/ewent-ew1517-soporte-para-mini-pc\/\",\"url\":\"https:\/\/aivlisoft.net\/shop\/producto\/ewent-ew1517-soporte-para-mini-pc\/\",\"name\":\"EWENT EW1517 Soporte para mini PC - Aivlisoft Inform\u00e1tica\",\"isPartOf\":{\"@id\":\"https:\/\/aivlisoft.net\/shop\/#website\"},\"primaryImageOfPage\":{\"@id\":\"https:\/\/aivlisoft.net\/shop\/producto\/ewent-ew1517-soporte-para-mini-pc\/#primaryimage\"},\"image\":{\"@id\":\"https:\/\/aivlisoft.net\/shop\/producto\/ewent-ew1517-soporte-para-mini-pc\/#primaryimage\"},\"thumbnailUrl\":\"https:\/\/aivlisoft.net\/shop\/wp-content\/uploads\/2025\/01\/AISATV0236_800-1.jpg\",\"datePublished\":\"2025-01-13T13:13:20+00:00\",\"dateModified\":\"2025-01-14T10:06:44+00:00\",\"breadcrumb\":{\"@id\":\"https:\/\/aivlisoft.net\/shop\/producto\/ewent-ew1517-soporte-para-mini-pc\/#breadcrumb\"},\"inLanguage\":\"es\",\"potentialAction\":[{\"@type\":\"ReadAction\",\"target\":[\"https:\/\/aivlisoft.net\/shop\/producto\/ewent-ew1517-soporte-para-mini-pc\/\"]}]},{\"@type\":\"ImageObject\",\"inLanguage\":\"es\",\"@id\":\"https:\/\/aivlisoft.net\/shop\/producto\/ewent-ew1517-soporte-para-mini-pc\/#primaryimage\",\"url\":\"https:\/\/aivlisoft.net\/shop\/wp-content\/uploads\/2025\/01\/AISATV0236_800-1.jpg\",\"contentUrl\":\"https:\/\/aivlisoft.net\/shop\/wp-content\/uploads\/2025\/01\/AISATV0236_800-1.jpg\",\"width\":800,\"height\":800},{\"@type\":\"BreadcrumbList\",\"@id\":\"https:\/\/aivlisoft.net\/shop\/producto\/ewent-ew1517-soporte-para-mini-pc\/#breadcrumb\",\"itemListElement\":[{\"@type\":\"ListItem\",\"position\":1,\"name\":\"Portada\",\"item\":\"https:\/\/aivlisoft.net\/shop\/\"},{\"@type\":\"ListItem\",\"position\":2,\"name\":\"Tienda\",\"item\":\"https:\/\/aivlisoft.net\/shop\/tienda\/\"},{\"@type\":\"ListItem\",\"position\":3,\"name\":\"EWENT EW1517 Soporte para mini PC\"}]},{\"@type\":\"WebSite\",\"@id\":\"https:\/\/aivlisoft.net\/shop\/#website\",\"url\":\"https:\/\/aivlisoft.net\/shop\/\",\"name\":\"Aivlisoft Inform\u00e1tica\",\"description\":\"En Aivlisoft Inform\u00e1tica ofrecemos soluciones tecnol\u00f3gicas para empresas: venta de ordenadores, consumibles, perif\u00e9ricos y m\u00e1s. Calidad, atenci\u00f3n personalizada y los mejores precios para tu negocio.\",\"publisher\":{\"@id\":\"https:\/\/aivlisoft.net\/shop\/#organization\"},\"potentialAction\":[{\"@type\":\"SearchAction\",\"target\":{\"@type\":\"EntryPoint\",\"urlTemplate\":\"https:\/\/aivlisoft.net\/shop\/?s={search_term_string}\"},\"query-input\":{\"@type\":\"PropertyValueSpecification\",\"valueRequired\":true,\"valueName\":\"search_term_string\"}}],\"inLanguage\":\"es\"},{\"@type\":\"Organization\",\"@id\":\"https:\/\/aivlisoft.net\/shop\/#organization\",\"name\":\"Aivlisoft Inform\u00e1tica\",\"url\":\"https:\/\/aivlisoft.net\/shop\/\",\"logo\":{\"@type\":\"ImageObject\",\"inLanguage\":\"es\",\"@id\":\"https:\/\/aivlisoft.net\/shop\/#\/schema\/logo\/image\/\",\"url\":\"https:\/\/aivlisoft.net\/shop\/wp-content\/uploads\/2024\/12\/removal.ai_5b848c54-0cdf-4140-95c5-c5536bb7573b-logodef.png\",\"contentUrl\":\"https:\/\/aivlisoft.net\/shop\/wp-content\/uploads\/2024\/12\/removal.ai_5b848c54-0cdf-4140-95c5-c5536bb7573b-logodef.png\",\"width\":484,\"height\":182,\"caption\":\"Aivlisoft Inform\u00e1tica\"},\"image\":{\"@id\":\"https:\/\/aivlisoft.net\/shop\/#\/schema\/logo\/image\/\"}}]}<\/script>\n<!-- \/ Yoast SEO plugin. -->","yoast_head_json":{"title":"EWENT EW1517 Soporte para mini PC - Aivlisoft Inform\u00e1tica","robots":{"index":"index","follow":"follow","max-snippet":"max-snippet:-1","max-image-preview":"max-image-preview:large","max-video-preview":"max-video-preview:-1"},"canonical":"https:\/\/aivlisoft.net\/shop\/producto\/ewent-ew1517-soporte-para-mini-pc\/","og_locale":"es_ES","og_type":"article","og_title":"EWENT EW1517 Soporte para mini PC - Aivlisoft Inform\u00e1tica","og_description":"Mantenga su escritorio ordenado y limpio colocando su peque&ntilde;a computadora en el soporte para ordenador Thin Client EW1517, perfecto para ahorrar espacio. Fije el soporte a una placa VESA, a un poste o atornille el soporte en la parte de abajo del escritorio. Soluci&oacute;n perfecta para ahorrar espacio en su escritorioEste vers&aacute;til soporte para ordenador&hellip;&nbsp;EWENT EW1517 Soporte para mini PC","og_url":"https:\/\/aivlisoft.net\/shop\/producto\/ewent-ew1517-soporte-para-mini-pc\/","og_site_name":"Aivlisoft Inform\u00e1tica","article_modified_time":"2025-01-14T10:06:44+00:00","og_image":[{"width":800,"height":800,"url":"https:\/\/aivlisoft.net\/shop\/wp-content\/uploads\/2025\/01\/AISATV0236_800-1.jpg","type":"image\/jpeg"}],"twitter_card":"summary_large_image","twitter_misc":{"Tiempo de lectura":"2 minutos"},"schema":{"@context":"https:\/\/schema.org","@graph":[{"@type":"WebPage","@id":"https:\/\/aivlisoft.net\/shop\/producto\/ewent-ew1517-soporte-para-mini-pc\/","url":"https:\/\/aivlisoft.net\/shop\/producto\/ewent-ew1517-soporte-para-mini-pc\/","name":"EWENT EW1517 Soporte para mini PC - Aivlisoft Inform\u00e1tica","isPartOf":{"@id":"https:\/\/aivlisoft.net\/shop\/#website"},"primaryImageOfPage":{"@id":"https:\/\/aivlisoft.net\/shop\/producto\/ewent-ew1517-soporte-para-mini-pc\/#primaryimage"},"image":{"@id":"https:\/\/aivlisoft.net\/shop\/producto\/ewent-ew1517-soporte-para-mini-pc\/#primaryimage"},"thumbnailUrl":"https:\/\/aivlisoft.net\/shop\/wp-content\/uploads\/2025\/01\/AISATV0236_800-1.jpg","datePublished":"2025-01-13T13:13:20+00:00","dateModified":"2025-01-14T10:06:44+00:00","breadcrumb":{"@id":"https:\/\/aivlisoft.net\/shop\/producto\/ewent-ew1517-soporte-para-mini-pc\/#breadcrumb"},"inLanguage":"es","potentialAction":[{"@type":"ReadAction","target":["https:\/\/aivlisoft.net\/shop\/producto\/ewent-ew1517-soporte-para-mini-pc\/"]}]},{"@type":"ImageObject","inLanguage":"es","@id":"https:\/\/aivlisoft.net\/shop\/producto\/ewent-ew1517-soporte-para-mini-pc\/#primaryimage","url":"https:\/\/aivlisoft.net\/shop\/wp-content\/uploads\/2025\/01\/AISATV0236_800-1.jpg","contentUrl":"https:\/\/aivlisoft.net\/shop\/wp-content\/uploads\/2025\/01\/AISATV0236_800-1.jpg","width":800,"height":800},{"@type":"BreadcrumbList","@id":"https:\/\/aivlisoft.net\/shop\/producto\/ewent-ew1517-soporte-para-mini-pc\/#breadcrumb","itemListElement":[{"@type":"ListItem","position":1,"name":"Portada","item":"https:\/\/aivlisoft.net\/shop\/"},{"@type":"ListItem","position":2,"name":"Tienda","item":"https:\/\/aivlisoft.net\/shop\/tienda\/"},{"@type":"ListItem","position":3,"name":"EWENT EW1517 Soporte para mini PC"}]},{"@type":"WebSite","@id":"https:\/\/aivlisoft.net\/shop\/#website","url":"https:\/\/aivlisoft.net\/shop\/","name":"Aivlisoft Inform\u00e1tica","description":"En Aivlisoft Inform\u00e1tica ofrecemos soluciones tecnol\u00f3gicas para empresas: venta de ordenadores, consumibles, perif\u00e9ricos y m\u00e1s. Calidad, atenci\u00f3n personalizada y los mejores precios para tu negocio.","publisher":{"@id":"https:\/\/aivlisoft.net\/shop\/#organization"},"potentialAction":[{"@type":"SearchAction","target":{"@type":"EntryPoint","urlTemplate":"https:\/\/aivlisoft.net\/shop\/?s={search_term_string}"},"query-input":{"@type":"PropertyValueSpecification","valueRequired":true,"valueName":"search_term_string"}}],"inLanguage":"es"},{"@type":"Organization","@id":"https:\/\/aivlisoft.net\/shop\/#organization","name":"Aivlisoft Inform\u00e1tica","url":"https:\/\/aivlisoft.net\/shop\/","logo":{"@type":"ImageObject","inLanguage":"es","@id":"https:\/\/aivlisoft.net\/shop\/#\/schema\/logo\/image\/","url":"https:\/\/aivlisoft.net\/shop\/wp-content\/uploads\/2024\/12\/removal.ai_5b848c54-0cdf-4140-95c5-c5536bb7573b-logodef.png","contentUrl":"https:\/\/aivlisoft.net\/shop\/wp-content\/uploads\/2024\/12\/removal.ai_5b848c54-0cdf-4140-95c5-c5536bb7573b-logodef.png","width":484,"height":182,"caption":"Aivlisoft Inform\u00e1tica"},"image":{"@id":"https:\/\/aivlisoft.net\/shop\/#\/schema\/logo\/image\/"}}]}},"_links":{"self":[{"href":"https:\/\/aivlisoft.net\/shop\/wp-json\/wp\/v2\/product\/3305","targetHints":{"allow":["GET"]}}],"collection":[{"href":"https:\/\/aivlisoft.net\/shop\/wp-json\/wp\/v2\/product"}],"about":[{"href":"https:\/\/aivlisoft.net\/shop\/wp-json\/wp\/v2\/types\/product"}],"wp:featuredmedia":[{"embeddable":true,"href":"https:\/\/aivlisoft.net\/shop\/wp-json\/wp\/v2\/media\/3306"}],"wp:attachment":[{"href":"https:\/\/aivlisoft.net\/shop\/wp-json\/wp\/v2\/media?parent=3305"}],"wp:term":[{"taxonomy":"product_brand","embeddable":true,"href":"https:\/\/aivlisoft.net\/shop\/wp-json\/wp\/v2\/product_brand?post=3305"},{"taxonomy":"product_cat","embeddable":true,"href":"https:\/\/aivlisoft.net\/shop\/wp-json\/wp\/v2\/product_cat?post=3305"},{"taxonomy":"product_tag","embeddable":true,"href":"https:\/\/aivlisoft.net\/shop\/wp-json\/wp\/v2\/product_tag?post=3305"}],"curies":[{"name":"wp","href":"https:\/\/api.w.org\/{rel}","templated":true}]}}