{"id":3300,"date":"2025-01-13T13:13:19","date_gmt":"2025-01-13T13:13:19","guid":{"rendered":"https:\/\/aivlisoft.com\/?post_type=product&#038;p=3300"},"modified":"2025-01-14T10:06:43","modified_gmt":"2025-01-14T10:06:43","slug":"ewent-ew1516-sop-tv-mesa-gas-2-moni-27-34-usb-mic","status":"publish","type":"product","link":"https:\/\/aivlisoft.net\/shop\/producto\/ewent-ew1516-sop-tv-mesa-gas-2-moni-27-34-usb-mic\/","title":{"rendered":"EWENT EW1516 Sop.TV Mesa Gas 2 Moni.27-34&#8243; USB-Mic"},"content":{"rendered":"<p>Cree un entorno de trabajo ergon&oacute;mico y que ahorre espacio utilizando el Soporte de escritorio doble <strong>EW1516 <\/strong>con resorte de gas para dos monitores, totalmente met&aacute;lico. Coloque los monitores a la altura y &aacute;ngulo de visi&oacute;n ideales utilizando tan solo una mano gracias a su c&oacute;modo sistema de resorte de gas. &iexcl;Ideal para espacios de trabajo flexibles! El soporte de escritorio EW1516 es adecuado para dos monitores de hasta 34 pulgadas y 9kg peso, y es f&aacute;cil de acoplar al escritorio a trav&eacute;s de un abrazadera o soporte con ranura.<\/p>\n<p><strong>Ideal para espacios de trabajo flexibles<\/strong><br \/>Cuando trabaje en un espacio de oficina con espacios de trabajo flexibles, puede utilizar el soporte de escritorio doble EW1516 con resorte de gas. Puede ajustar la altura y la profundidad del soporte EW1516 sin necesidad de utilizar herramientas. Incline, gire y rote sus monitores para crear un espacio de trabajo ergon&oacute;mico ideal para reducir el riesgo de dolencias de cuello, espalda y hombros. Los cables permanecen ocultos gracias al sistema de administraci&oacute;n de cables. Adem&aacute;s, el soporte para escritorio incluye un puerto USB 3.1 Gen1 (USB 3.0) y puertos de extensi&oacute;n para micr&oacute;fono y altavoz integrados<\/p>\n<p><strong>Incluye un c&oacute;modo sistema de montaje del monitor<\/strong><br \/>Ajuste el monitor a su gusto configurando la distancia de visualizaci&oacute;n ideal. El soporte para escritorio es adecuado para dos monitores de hasta 34 pulgadas con un peso hsta 9kg Kg. Su EW1516 cuenta con un soporte VESA de 75&#215;75 mm y 100&#215;100 mm. El sistema de instalaci&oacute;n sencillo posibilita el acoplamiento de un monitor al soporte de escritorio sin que necesite ayuda de nadie. Incluye todos los engranajes para el montaje, tanto para la abrazadera como para el soporte con ranura.<\/p>\n<p>&nbsp;<\/p>\n<table class=\"tabla_caracteristicas k-table\" width=\"100%\">\n<tr>\n<td><strong>Marca<\/strong><\/td>\n<td>Ewent<\/td>\n<\/tr>\n<tr>\n<td><strong>Modelo<\/strong><\/td>\n<td><strong>EW1516<\/strong><\/td>\n<\/tr>\n<tr>\n<td><strong>Caracter&iacute;sticas<\/strong><\/td>\n<td>&#8211; Material: Aluminio, Acero, Pl&aacute;stico<br \/>\t\t\t&#8211; Acabado superficial: recubrimiento en polvo<br \/>\t\t\t&#8211; De color negro<br \/>\t\t\t&#8211; Tama&ntilde;o del producto AxAxP: 900x610x370mm<br \/>\t\t\t&#8211; Instalaci&oacute;n: Abrazadera, Montaje en escritorio<br \/>\t\t\t&#8211; Tama&ntilde;o de pantalla sugerido: hasta 34&#8243;<br \/>\t\t\t&#8211; Adecuado para: 2 pantallas<br \/>\t\t\t&#8211; Pantalla plana de carga m&aacute;xima: 9 kg<br \/>\t\t\t&#8211; Pantalla curva m&aacute;xima: 7kg<br \/>\t\t\t&#8211; VESA: 100&#215;100,75&#215;75<br \/>\t\t\t&#8211; Puntos de pivote: 3<br \/>\t\t\t&#8211; Inclinaci&oacute;n: +90&deg;~-45&deg;<br \/>\t\t\t&#8211; Giratorio: 360&deg;<br \/>\t\t\t&#8211; Girar: 360 &deg;<br \/>\t\t\t&#8211; Extensi&oacute;n del brazo: 450 mm<br \/>\t\t\t&#8211; Altura: 475 mm<br \/>\t\t\t&#8211; Grosor de la abrazadera: 10 mm-83 mm<br \/>\t\t\t&#8211; Altura ajustable libremente: s&iacute; (resorte de gas)<br \/>\t\t\t&#8211; Gesti&oacute;n de cables<br \/>\t\t\t&#8211; Puerto de extensi&oacute;n USB: 1 USB 3.1 gen 1 (longitud: 180 cm)<\/td>\n<\/tr>\n<tr>\n<td><strong>Fecha de revisi&oacute;n<\/strong><\/td>\n<td>07-03-2024 por RTY<\/td>\n<\/tr>\n<\/table>\n","protected":false},"excerpt":{"rendered":"<p>Cree un entorno de trabajo ergon&oacute;mico y que ahorre espacio utilizando el Soporte de escritorio doble EW1516 con resorte de gas para dos monitores, totalmente met&aacute;lico. Coloque los monitores a la altura y &aacute;ngulo de visi&oacute;n ideales utilizando tan solo una mano gracias a su c&oacute;modo sistema de resorte de gas. &iexcl;Ideal para espacios de&hellip;&nbsp;<a href=\"https:\/\/aivlisoft.net\/shop\/producto\/ewent-ew1516-sop-tv-mesa-gas-2-moni-27-34-usb-mic\/\" rel=\"bookmark\"><span class=\"screen-reader-text\">EWENT EW1516 Sop.TV Mesa Gas 2 Moni.27-34&#8243; USB-Mic<\/span><\/a><\/p>\n","protected":false},"featured_media":3301,"template":"","meta":{"neve_meta_sidebar":"","neve_meta_container":"","neve_meta_enable_content_width":"","neve_meta_content_width":0,"neve_meta_title_alignment":"","neve_meta_author_avatar":"","neve_post_elements_order":"","neve_meta_disable_header":"","neve_meta_disable_footer":"","neve_meta_disable_title":""},"product_brand":[],"product_cat":[15],"product_tag":[1005],"class_list":{"0":"post-3300","1":"product","2":"type-product","3":"status-publish","4":"has-post-thumbnail","6":"product_cat-sin-categorizar","7":"product_tag-ew1516","9":"first","10":"instock","11":"taxable","12":"shipping-taxable","13":"purchasable","14":"product-type-simple"},"yoast_head":"<!-- This site is optimized with the Yoast SEO plugin v26.0 - https:\/\/yoast.com\/wordpress\/plugins\/seo\/ -->\n<title>EWENT EW1516 Sop.TV Mesa Gas 2 Moni.27-34&quot; USB-Mic - Aivlisoft Inform\u00e1tica<\/title>\n<meta name=\"robots\" content=\"index, follow, max-snippet:-1, max-image-preview:large, max-video-preview:-1\" \/>\n<link rel=\"canonical\" href=\"https:\/\/aivlisoft.net\/shop\/producto\/ewent-ew1516-sop-tv-mesa-gas-2-moni-27-34-usb-mic\/\" \/>\n<meta property=\"og:locale\" content=\"es_ES\" \/>\n<meta property=\"og:type\" content=\"article\" \/>\n<meta property=\"og:title\" content=\"EWENT EW1516 Sop.TV Mesa Gas 2 Moni.27-34&quot; USB-Mic - Aivlisoft Inform\u00e1tica\" \/>\n<meta property=\"og:description\" content=\"Cree un entorno de trabajo ergon&oacute;mico y que ahorre espacio utilizando el Soporte de escritorio doble EW1516 con resorte de gas para dos monitores, totalmente met&aacute;lico. Coloque los monitores a la altura y &aacute;ngulo de visi&oacute;n ideales utilizando tan solo una mano gracias a su c&oacute;modo sistema de resorte de gas. &iexcl;Ideal para espacios de&hellip;&nbsp;EWENT EW1516 Sop.TV Mesa Gas 2 Moni.27-34&#8243; USB-Mic\" \/>\n<meta property=\"og:url\" content=\"https:\/\/aivlisoft.net\/shop\/producto\/ewent-ew1516-sop-tv-mesa-gas-2-moni-27-34-usb-mic\/\" \/>\n<meta property=\"og:site_name\" content=\"Aivlisoft Inform\u00e1tica\" \/>\n<meta property=\"article:modified_time\" content=\"2025-01-14T10:06:43+00:00\" \/>\n<meta property=\"og:image\" content=\"https:\/\/aivlisoft.net\/shop\/wp-content\/uploads\/2025\/01\/AISATV0235_800-1.jpg\" \/>\n\t<meta property=\"og:image:width\" content=\"800\" \/>\n\t<meta property=\"og:image:height\" content=\"800\" \/>\n\t<meta property=\"og:image:type\" content=\"image\/jpeg\" \/>\n<meta name=\"twitter:card\" content=\"summary_large_image\" \/>\n<meta name=\"twitter:label1\" content=\"Tiempo de lectura\" \/>\n\t<meta name=\"twitter:data1\" content=\"2 minutos\" \/>\n<script type=\"application\/ld+json\" class=\"yoast-schema-graph\">{\"@context\":\"https:\/\/schema.org\",\"@graph\":[{\"@type\":\"WebPage\",\"@id\":\"https:\/\/aivlisoft.net\/shop\/producto\/ewent-ew1516-sop-tv-mesa-gas-2-moni-27-34-usb-mic\/\",\"url\":\"https:\/\/aivlisoft.net\/shop\/producto\/ewent-ew1516-sop-tv-mesa-gas-2-moni-27-34-usb-mic\/\",\"name\":\"EWENT EW1516 Sop.TV Mesa Gas 2 Moni.27-34\\\" USB-Mic - Aivlisoft Inform\u00e1tica\",\"isPartOf\":{\"@id\":\"https:\/\/aivlisoft.net\/shop\/#website\"},\"primaryImageOfPage\":{\"@id\":\"https:\/\/aivlisoft.net\/shop\/producto\/ewent-ew1516-sop-tv-mesa-gas-2-moni-27-34-usb-mic\/#primaryimage\"},\"image\":{\"@id\":\"https:\/\/aivlisoft.net\/shop\/producto\/ewent-ew1516-sop-tv-mesa-gas-2-moni-27-34-usb-mic\/#primaryimage\"},\"thumbnailUrl\":\"https:\/\/aivlisoft.net\/shop\/wp-content\/uploads\/2025\/01\/AISATV0235_800-1.jpg\",\"datePublished\":\"2025-01-13T13:13:19+00:00\",\"dateModified\":\"2025-01-14T10:06:43+00:00\",\"breadcrumb\":{\"@id\":\"https:\/\/aivlisoft.net\/shop\/producto\/ewent-ew1516-sop-tv-mesa-gas-2-moni-27-34-usb-mic\/#breadcrumb\"},\"inLanguage\":\"es\",\"potentialAction\":[{\"@type\":\"ReadAction\",\"target\":[\"https:\/\/aivlisoft.net\/shop\/producto\/ewent-ew1516-sop-tv-mesa-gas-2-moni-27-34-usb-mic\/\"]}]},{\"@type\":\"ImageObject\",\"inLanguage\":\"es\",\"@id\":\"https:\/\/aivlisoft.net\/shop\/producto\/ewent-ew1516-sop-tv-mesa-gas-2-moni-27-34-usb-mic\/#primaryimage\",\"url\":\"https:\/\/aivlisoft.net\/shop\/wp-content\/uploads\/2025\/01\/AISATV0235_800-1.jpg\",\"contentUrl\":\"https:\/\/aivlisoft.net\/shop\/wp-content\/uploads\/2025\/01\/AISATV0235_800-1.jpg\",\"width\":800,\"height\":800},{\"@type\":\"BreadcrumbList\",\"@id\":\"https:\/\/aivlisoft.net\/shop\/producto\/ewent-ew1516-sop-tv-mesa-gas-2-moni-27-34-usb-mic\/#breadcrumb\",\"itemListElement\":[{\"@type\":\"ListItem\",\"position\":1,\"name\":\"Portada\",\"item\":\"https:\/\/aivlisoft.net\/shop\/\"},{\"@type\":\"ListItem\",\"position\":2,\"name\":\"Tienda\",\"item\":\"https:\/\/aivlisoft.net\/shop\/tienda\/\"},{\"@type\":\"ListItem\",\"position\":3,\"name\":\"EWENT EW1516 Sop.TV Mesa Gas 2 Moni.27-34&#8243; USB-Mic\"}]},{\"@type\":\"WebSite\",\"@id\":\"https:\/\/aivlisoft.net\/shop\/#website\",\"url\":\"https:\/\/aivlisoft.net\/shop\/\",\"name\":\"Aivlisoft Inform\u00e1tica\",\"description\":\"En Aivlisoft Inform\u00e1tica ofrecemos soluciones tecnol\u00f3gicas para empresas: venta de ordenadores, consumibles, perif\u00e9ricos y m\u00e1s. Calidad, atenci\u00f3n personalizada y los mejores precios para tu negocio.\",\"publisher\":{\"@id\":\"https:\/\/aivlisoft.net\/shop\/#organization\"},\"potentialAction\":[{\"@type\":\"SearchAction\",\"target\":{\"@type\":\"EntryPoint\",\"urlTemplate\":\"https:\/\/aivlisoft.net\/shop\/?s={search_term_string}\"},\"query-input\":{\"@type\":\"PropertyValueSpecification\",\"valueRequired\":true,\"valueName\":\"search_term_string\"}}],\"inLanguage\":\"es\"},{\"@type\":\"Organization\",\"@id\":\"https:\/\/aivlisoft.net\/shop\/#organization\",\"name\":\"Aivlisoft Inform\u00e1tica\",\"url\":\"https:\/\/aivlisoft.net\/shop\/\",\"logo\":{\"@type\":\"ImageObject\",\"inLanguage\":\"es\",\"@id\":\"https:\/\/aivlisoft.net\/shop\/#\/schema\/logo\/image\/\",\"url\":\"https:\/\/aivlisoft.net\/shop\/wp-content\/uploads\/2024\/12\/removal.ai_5b848c54-0cdf-4140-95c5-c5536bb7573b-logodef.png\",\"contentUrl\":\"https:\/\/aivlisoft.net\/shop\/wp-content\/uploads\/2024\/12\/removal.ai_5b848c54-0cdf-4140-95c5-c5536bb7573b-logodef.png\",\"width\":484,\"height\":182,\"caption\":\"Aivlisoft Inform\u00e1tica\"},\"image\":{\"@id\":\"https:\/\/aivlisoft.net\/shop\/#\/schema\/logo\/image\/\"}}]}<\/script>\n<!-- \/ Yoast SEO plugin. -->","yoast_head_json":{"title":"EWENT EW1516 Sop.TV Mesa Gas 2 Moni.27-34\" USB-Mic - Aivlisoft Inform\u00e1tica","robots":{"index":"index","follow":"follow","max-snippet":"max-snippet:-1","max-image-preview":"max-image-preview:large","max-video-preview":"max-video-preview:-1"},"canonical":"https:\/\/aivlisoft.net\/shop\/producto\/ewent-ew1516-sop-tv-mesa-gas-2-moni-27-34-usb-mic\/","og_locale":"es_ES","og_type":"article","og_title":"EWENT EW1516 Sop.TV Mesa Gas 2 Moni.27-34\" USB-Mic - Aivlisoft Inform\u00e1tica","og_description":"Cree un entorno de trabajo ergon&oacute;mico y que ahorre espacio utilizando el Soporte de escritorio doble EW1516 con resorte de gas para dos monitores, totalmente met&aacute;lico. Coloque los monitores a la altura y &aacute;ngulo de visi&oacute;n ideales utilizando tan solo una mano gracias a su c&oacute;modo sistema de resorte de gas. &iexcl;Ideal para espacios de&hellip;&nbsp;EWENT EW1516 Sop.TV Mesa Gas 2 Moni.27-34&#8243; USB-Mic","og_url":"https:\/\/aivlisoft.net\/shop\/producto\/ewent-ew1516-sop-tv-mesa-gas-2-moni-27-34-usb-mic\/","og_site_name":"Aivlisoft Inform\u00e1tica","article_modified_time":"2025-01-14T10:06:43+00:00","og_image":[{"width":800,"height":800,"url":"https:\/\/aivlisoft.net\/shop\/wp-content\/uploads\/2025\/01\/AISATV0235_800-1.jpg","type":"image\/jpeg"}],"twitter_card":"summary_large_image","twitter_misc":{"Tiempo de lectura":"2 minutos"},"schema":{"@context":"https:\/\/schema.org","@graph":[{"@type":"WebPage","@id":"https:\/\/aivlisoft.net\/shop\/producto\/ewent-ew1516-sop-tv-mesa-gas-2-moni-27-34-usb-mic\/","url":"https:\/\/aivlisoft.net\/shop\/producto\/ewent-ew1516-sop-tv-mesa-gas-2-moni-27-34-usb-mic\/","name":"EWENT EW1516 Sop.TV Mesa Gas 2 Moni.27-34\" USB-Mic - Aivlisoft Inform\u00e1tica","isPartOf":{"@id":"https:\/\/aivlisoft.net\/shop\/#website"},"primaryImageOfPage":{"@id":"https:\/\/aivlisoft.net\/shop\/producto\/ewent-ew1516-sop-tv-mesa-gas-2-moni-27-34-usb-mic\/#primaryimage"},"image":{"@id":"https:\/\/aivlisoft.net\/shop\/producto\/ewent-ew1516-sop-tv-mesa-gas-2-moni-27-34-usb-mic\/#primaryimage"},"thumbnailUrl":"https:\/\/aivlisoft.net\/shop\/wp-content\/uploads\/2025\/01\/AISATV0235_800-1.jpg","datePublished":"2025-01-13T13:13:19+00:00","dateModified":"2025-01-14T10:06:43+00:00","breadcrumb":{"@id":"https:\/\/aivlisoft.net\/shop\/producto\/ewent-ew1516-sop-tv-mesa-gas-2-moni-27-34-usb-mic\/#breadcrumb"},"inLanguage":"es","potentialAction":[{"@type":"ReadAction","target":["https:\/\/aivlisoft.net\/shop\/producto\/ewent-ew1516-sop-tv-mesa-gas-2-moni-27-34-usb-mic\/"]}]},{"@type":"ImageObject","inLanguage":"es","@id":"https:\/\/aivlisoft.net\/shop\/producto\/ewent-ew1516-sop-tv-mesa-gas-2-moni-27-34-usb-mic\/#primaryimage","url":"https:\/\/aivlisoft.net\/shop\/wp-content\/uploads\/2025\/01\/AISATV0235_800-1.jpg","contentUrl":"https:\/\/aivlisoft.net\/shop\/wp-content\/uploads\/2025\/01\/AISATV0235_800-1.jpg","width":800,"height":800},{"@type":"BreadcrumbList","@id":"https:\/\/aivlisoft.net\/shop\/producto\/ewent-ew1516-sop-tv-mesa-gas-2-moni-27-34-usb-mic\/#breadcrumb","itemListElement":[{"@type":"ListItem","position":1,"name":"Portada","item":"https:\/\/aivlisoft.net\/shop\/"},{"@type":"ListItem","position":2,"name":"Tienda","item":"https:\/\/aivlisoft.net\/shop\/tienda\/"},{"@type":"ListItem","position":3,"name":"EWENT EW1516 Sop.TV Mesa Gas 2 Moni.27-34&#8243; USB-Mic"}]},{"@type":"WebSite","@id":"https:\/\/aivlisoft.net\/shop\/#website","url":"https:\/\/aivlisoft.net\/shop\/","name":"Aivlisoft Inform\u00e1tica","description":"En Aivlisoft Inform\u00e1tica ofrecemos soluciones tecnol\u00f3gicas para empresas: venta de ordenadores, consumibles, perif\u00e9ricos y m\u00e1s. Calidad, atenci\u00f3n personalizada y los mejores precios para tu negocio.","publisher":{"@id":"https:\/\/aivlisoft.net\/shop\/#organization"},"potentialAction":[{"@type":"SearchAction","target":{"@type":"EntryPoint","urlTemplate":"https:\/\/aivlisoft.net\/shop\/?s={search_term_string}"},"query-input":{"@type":"PropertyValueSpecification","valueRequired":true,"valueName":"search_term_string"}}],"inLanguage":"es"},{"@type":"Organization","@id":"https:\/\/aivlisoft.net\/shop\/#organization","name":"Aivlisoft Inform\u00e1tica","url":"https:\/\/aivlisoft.net\/shop\/","logo":{"@type":"ImageObject","inLanguage":"es","@id":"https:\/\/aivlisoft.net\/shop\/#\/schema\/logo\/image\/","url":"https:\/\/aivlisoft.net\/shop\/wp-content\/uploads\/2024\/12\/removal.ai_5b848c54-0cdf-4140-95c5-c5536bb7573b-logodef.png","contentUrl":"https:\/\/aivlisoft.net\/shop\/wp-content\/uploads\/2024\/12\/removal.ai_5b848c54-0cdf-4140-95c5-c5536bb7573b-logodef.png","width":484,"height":182,"caption":"Aivlisoft Inform\u00e1tica"},"image":{"@id":"https:\/\/aivlisoft.net\/shop\/#\/schema\/logo\/image\/"}}]}},"_links":{"self":[{"href":"https:\/\/aivlisoft.net\/shop\/wp-json\/wp\/v2\/product\/3300","targetHints":{"allow":["GET"]}}],"collection":[{"href":"https:\/\/aivlisoft.net\/shop\/wp-json\/wp\/v2\/product"}],"about":[{"href":"https:\/\/aivlisoft.net\/shop\/wp-json\/wp\/v2\/types\/product"}],"wp:featuredmedia":[{"embeddable":true,"href":"https:\/\/aivlisoft.net\/shop\/wp-json\/wp\/v2\/media\/3301"}],"wp:attachment":[{"href":"https:\/\/aivlisoft.net\/shop\/wp-json\/wp\/v2\/media?parent=3300"}],"wp:term":[{"taxonomy":"product_brand","embeddable":true,"href":"https:\/\/aivlisoft.net\/shop\/wp-json\/wp\/v2\/product_brand?post=3300"},{"taxonomy":"product_cat","embeddable":true,"href":"https:\/\/aivlisoft.net\/shop\/wp-json\/wp\/v2\/product_cat?post=3300"},{"taxonomy":"product_tag","embeddable":true,"href":"https:\/\/aivlisoft.net\/shop\/wp-json\/wp\/v2\/product_tag?post=3300"}],"curies":[{"name":"wp","href":"https:\/\/api.w.org\/{rel}","templated":true}]}}