{"id":3286,"date":"2025-01-13T13:13:16","date_gmt":"2025-01-13T13:13:16","guid":{"rendered":"https:\/\/aivlisoft.com\/?post_type=product&#038;p=3286"},"modified":"2025-01-14T10:06:40","modified_gmt":"2025-01-14T10:06:40","slug":"tooq-fs20100m-b-soporte-suelo-pantalla-37-100-neg","status":"publish","type":"product","link":"https:\/\/aivlisoft.net\/shop\/producto\/tooq-fs20100m-b-soporte-suelo-pantalla-37-100-neg\/","title":{"rendered":"Tooq FS20100M-B Soporte suelo Pantalla 37-100&#8243; neg"},"content":{"rendered":"<p><strong>Soporte de suelo para pantallas (monitor \/ plasma \/ LCD \/ LED) 37&quot; &#8211; 100&quot;<\/strong><\/p>\n<p>Soporte de suelo para pantallas de 37 &#8211; 100&quot; con dos bandejas. Soporta hasta un m&aacute;ximo de 150 kg<\/p>\n<p>Fabricado en metal de alta resistencia, siempre con la calidad de los productos TooQ<br \/>&nbsp;<br \/>&nbsp;<\/p>\n<table class=\"tabla_caracteristicas\" width=\"100%\">\n<tr>\n<td><strong>Marca<\/strong><\/td>\n<td>TooQ<\/td>\n<\/tr>\n<tr>\n<td><strong>Modelo<\/strong><\/td>\n<td><strong>FS20100M-B<\/strong><\/td>\n<\/tr>\n<tr>\n<td><strong>Caracteristicas<\/strong><\/td>\n<td>&#8211; Pantallas soportadas: 37&quot;-100&quot;<br \/>\t\t\t&#8211; Compatible con VESA: M&aacute;ximo 800&#215;600. M&iacute;nimo 200&#215;200<br \/>\t\t\t&#8211; Peso m&aacute;ximo soportado de pantalla: 150 kg<br \/>\t\t\t&#8211; Bandejas multiusos<br \/>\t\t\t&#8211; Rango de ajuste para la altura de soporte: 1371-1521 mm<br \/>\t\t\t&#8211; Altura m&aacute;xima del soporte: 1838 mm<br \/>\t\t\t&#8211; Medidas de bandejas: Inferior 775&#215;675 mm. Superior: 554&#215;448 mm<br \/>\t\t\t&#8211; Distancia entre ruedas: 610&#215;525 mm<br \/>\t\t\t&#8211; Ruedas con sistema de bloqueo<br \/>\t\t\t&#8211; Color: Negro<br \/>\t\t\t&#8211; Peso neto: 33,24 kg. Peso bruto: 37,62 kg<br \/>\t\t\t&#8211; Medidas de los embalajes (2): 1530x565x110 mm \/ 905x770x90 mm<br \/>\t\t\t<strong>Contenido del Paquete<\/strong><br \/>\t\t\t&#8211; 1 x Soporte con dos bandejas<br \/>\t\t\t&#8211; 1 x Kit de montaje (no incluye herramientas)<br \/>\t\t\t&#8211; 1 x Manual de instalaci&oacute;n<\/td>\n<\/tr>\n<tr>\n<td><strong>Fecha de revisi&oacute;n<\/strong><\/td>\n<td>06-108-07-2021 por YMC<\/td>\n<\/tr>\n<\/table>\n","protected":false},"excerpt":{"rendered":"<p>Soporte de suelo para pantallas (monitor \/ plasma \/ LCD \/ LED) 37&quot; &#8211; 100&quot; Soporte de suelo para pantallas de 37 &#8211; 100&quot; con dos bandejas. Soporta hasta un m&aacute;ximo de 150 kg Fabricado en metal de alta resistencia, siempre con la calidad de los productos TooQ&nbsp;&nbsp; Marca TooQ Modelo FS20100M-B Caracteristicas &#8211; Pantallas&hellip;&nbsp;<a href=\"https:\/\/aivlisoft.net\/shop\/producto\/tooq-fs20100m-b-soporte-suelo-pantalla-37-100-neg\/\" rel=\"bookmark\"><span class=\"screen-reader-text\">Tooq FS20100M-B Soporte suelo Pantalla 37-100&#8243; neg<\/span><\/a><\/p>\n","protected":false},"featured_media":3287,"template":"","meta":{"neve_meta_sidebar":"","neve_meta_container":"","neve_meta_enable_content_width":"","neve_meta_content_width":0,"neve_meta_title_alignment":"","neve_meta_author_avatar":"","neve_post_elements_order":"","neve_meta_disable_header":"","neve_meta_disable_footer":"","neve_meta_disable_title":""},"product_brand":[],"product_cat":[15],"product_tag":[999],"class_list":{"0":"post-3286","1":"product","2":"type-product","3":"status-publish","4":"has-post-thumbnail","6":"product_cat-sin-categorizar","7":"product_tag-fs20100m-b","9":"first","10":"instock","11":"taxable","12":"shipping-taxable","13":"purchasable","14":"product-type-simple"},"yoast_head":"<!-- This site is optimized with the Yoast SEO plugin v26.0 - https:\/\/yoast.com\/wordpress\/plugins\/seo\/ -->\n<title>Tooq FS20100M-B Soporte suelo Pantalla 37-100&quot; neg - Aivlisoft Inform\u00e1tica<\/title>\n<meta name=\"robots\" content=\"index, follow, max-snippet:-1, max-image-preview:large, max-video-preview:-1\" \/>\n<link rel=\"canonical\" href=\"https:\/\/aivlisoft.net\/shop\/producto\/tooq-fs20100m-b-soporte-suelo-pantalla-37-100-neg\/\" \/>\n<meta property=\"og:locale\" content=\"es_ES\" \/>\n<meta property=\"og:type\" content=\"article\" \/>\n<meta property=\"og:title\" content=\"Tooq FS20100M-B Soporte suelo Pantalla 37-100&quot; neg - Aivlisoft Inform\u00e1tica\" \/>\n<meta property=\"og:description\" content=\"Soporte de suelo para pantallas (monitor \/ plasma \/ LCD \/ LED) 37&quot; &#8211; 100&quot; Soporte de suelo para pantallas de 37 &#8211; 100&quot; con dos bandejas. Soporta hasta un m&aacute;ximo de 150 kg Fabricado en metal de alta resistencia, siempre con la calidad de los productos TooQ&nbsp;&nbsp; Marca TooQ Modelo FS20100M-B Caracteristicas &#8211; Pantallas&hellip;&nbsp;Tooq FS20100M-B Soporte suelo Pantalla 37-100&#8243; neg\" \/>\n<meta property=\"og:url\" content=\"https:\/\/aivlisoft.net\/shop\/producto\/tooq-fs20100m-b-soporte-suelo-pantalla-37-100-neg\/\" \/>\n<meta property=\"og:site_name\" content=\"Aivlisoft Inform\u00e1tica\" \/>\n<meta property=\"article:modified_time\" content=\"2025-01-14T10:06:40+00:00\" \/>\n<meta property=\"og:image\" content=\"https:\/\/aivlisoft.net\/shop\/wp-content\/uploads\/2025\/01\/AISATV0228_800-1.jpg\" \/>\n\t<meta property=\"og:image:width\" content=\"800\" \/>\n\t<meta property=\"og:image:height\" content=\"800\" \/>\n\t<meta property=\"og:image:type\" content=\"image\/jpeg\" \/>\n<meta name=\"twitter:card\" content=\"summary_large_image\" \/>\n<meta name=\"twitter:label1\" content=\"Tiempo de lectura\" \/>\n\t<meta name=\"twitter:data1\" content=\"1 minuto\" \/>\n<script type=\"application\/ld+json\" class=\"yoast-schema-graph\">{\"@context\":\"https:\/\/schema.org\",\"@graph\":[{\"@type\":\"WebPage\",\"@id\":\"https:\/\/aivlisoft.net\/shop\/producto\/tooq-fs20100m-b-soporte-suelo-pantalla-37-100-neg\/\",\"url\":\"https:\/\/aivlisoft.net\/shop\/producto\/tooq-fs20100m-b-soporte-suelo-pantalla-37-100-neg\/\",\"name\":\"Tooq FS20100M-B Soporte suelo Pantalla 37-100\\\" neg - Aivlisoft Inform\u00e1tica\",\"isPartOf\":{\"@id\":\"https:\/\/aivlisoft.net\/shop\/#website\"},\"primaryImageOfPage\":{\"@id\":\"https:\/\/aivlisoft.net\/shop\/producto\/tooq-fs20100m-b-soporte-suelo-pantalla-37-100-neg\/#primaryimage\"},\"image\":{\"@id\":\"https:\/\/aivlisoft.net\/shop\/producto\/tooq-fs20100m-b-soporte-suelo-pantalla-37-100-neg\/#primaryimage\"},\"thumbnailUrl\":\"https:\/\/aivlisoft.net\/shop\/wp-content\/uploads\/2025\/01\/AISATV0228_800-1.jpg\",\"datePublished\":\"2025-01-13T13:13:16+00:00\",\"dateModified\":\"2025-01-14T10:06:40+00:00\",\"breadcrumb\":{\"@id\":\"https:\/\/aivlisoft.net\/shop\/producto\/tooq-fs20100m-b-soporte-suelo-pantalla-37-100-neg\/#breadcrumb\"},\"inLanguage\":\"es\",\"potentialAction\":[{\"@type\":\"ReadAction\",\"target\":[\"https:\/\/aivlisoft.net\/shop\/producto\/tooq-fs20100m-b-soporte-suelo-pantalla-37-100-neg\/\"]}]},{\"@type\":\"ImageObject\",\"inLanguage\":\"es\",\"@id\":\"https:\/\/aivlisoft.net\/shop\/producto\/tooq-fs20100m-b-soporte-suelo-pantalla-37-100-neg\/#primaryimage\",\"url\":\"https:\/\/aivlisoft.net\/shop\/wp-content\/uploads\/2025\/01\/AISATV0228_800-1.jpg\",\"contentUrl\":\"https:\/\/aivlisoft.net\/shop\/wp-content\/uploads\/2025\/01\/AISATV0228_800-1.jpg\",\"width\":800,\"height\":800},{\"@type\":\"BreadcrumbList\",\"@id\":\"https:\/\/aivlisoft.net\/shop\/producto\/tooq-fs20100m-b-soporte-suelo-pantalla-37-100-neg\/#breadcrumb\",\"itemListElement\":[{\"@type\":\"ListItem\",\"position\":1,\"name\":\"Portada\",\"item\":\"https:\/\/aivlisoft.net\/shop\/\"},{\"@type\":\"ListItem\",\"position\":2,\"name\":\"Tienda\",\"item\":\"https:\/\/aivlisoft.net\/shop\/tienda\/\"},{\"@type\":\"ListItem\",\"position\":3,\"name\":\"Tooq FS20100M-B Soporte suelo Pantalla 37-100&#8243; neg\"}]},{\"@type\":\"WebSite\",\"@id\":\"https:\/\/aivlisoft.net\/shop\/#website\",\"url\":\"https:\/\/aivlisoft.net\/shop\/\",\"name\":\"Aivlisoft Inform\u00e1tica\",\"description\":\"En Aivlisoft Inform\u00e1tica ofrecemos soluciones tecnol\u00f3gicas para empresas: venta de ordenadores, consumibles, perif\u00e9ricos y m\u00e1s. Calidad, atenci\u00f3n personalizada y los mejores precios para tu negocio.\",\"publisher\":{\"@id\":\"https:\/\/aivlisoft.net\/shop\/#organization\"},\"potentialAction\":[{\"@type\":\"SearchAction\",\"target\":{\"@type\":\"EntryPoint\",\"urlTemplate\":\"https:\/\/aivlisoft.net\/shop\/?s={search_term_string}\"},\"query-input\":{\"@type\":\"PropertyValueSpecification\",\"valueRequired\":true,\"valueName\":\"search_term_string\"}}],\"inLanguage\":\"es\"},{\"@type\":\"Organization\",\"@id\":\"https:\/\/aivlisoft.net\/shop\/#organization\",\"name\":\"Aivlisoft Inform\u00e1tica\",\"url\":\"https:\/\/aivlisoft.net\/shop\/\",\"logo\":{\"@type\":\"ImageObject\",\"inLanguage\":\"es\",\"@id\":\"https:\/\/aivlisoft.net\/shop\/#\/schema\/logo\/image\/\",\"url\":\"https:\/\/aivlisoft.net\/shop\/wp-content\/uploads\/2024\/12\/removal.ai_5b848c54-0cdf-4140-95c5-c5536bb7573b-logodef.png\",\"contentUrl\":\"https:\/\/aivlisoft.net\/shop\/wp-content\/uploads\/2024\/12\/removal.ai_5b848c54-0cdf-4140-95c5-c5536bb7573b-logodef.png\",\"width\":484,\"height\":182,\"caption\":\"Aivlisoft Inform\u00e1tica\"},\"image\":{\"@id\":\"https:\/\/aivlisoft.net\/shop\/#\/schema\/logo\/image\/\"}}]}<\/script>\n<!-- \/ Yoast SEO plugin. -->","yoast_head_json":{"title":"Tooq FS20100M-B Soporte suelo Pantalla 37-100\" neg - Aivlisoft Inform\u00e1tica","robots":{"index":"index","follow":"follow","max-snippet":"max-snippet:-1","max-image-preview":"max-image-preview:large","max-video-preview":"max-video-preview:-1"},"canonical":"https:\/\/aivlisoft.net\/shop\/producto\/tooq-fs20100m-b-soporte-suelo-pantalla-37-100-neg\/","og_locale":"es_ES","og_type":"article","og_title":"Tooq FS20100M-B Soporte suelo Pantalla 37-100\" neg - Aivlisoft Inform\u00e1tica","og_description":"Soporte de suelo para pantallas (monitor \/ plasma \/ LCD \/ LED) 37&quot; &#8211; 100&quot; Soporte de suelo para pantallas de 37 &#8211; 100&quot; con dos bandejas. Soporta hasta un m&aacute;ximo de 150 kg Fabricado en metal de alta resistencia, siempre con la calidad de los productos TooQ&nbsp;&nbsp; Marca TooQ Modelo FS20100M-B Caracteristicas &#8211; Pantallas&hellip;&nbsp;Tooq FS20100M-B Soporte suelo Pantalla 37-100&#8243; neg","og_url":"https:\/\/aivlisoft.net\/shop\/producto\/tooq-fs20100m-b-soporte-suelo-pantalla-37-100-neg\/","og_site_name":"Aivlisoft Inform\u00e1tica","article_modified_time":"2025-01-14T10:06:40+00:00","og_image":[{"width":800,"height":800,"url":"https:\/\/aivlisoft.net\/shop\/wp-content\/uploads\/2025\/01\/AISATV0228_800-1.jpg","type":"image\/jpeg"}],"twitter_card":"summary_large_image","twitter_misc":{"Tiempo de lectura":"1 minuto"},"schema":{"@context":"https:\/\/schema.org","@graph":[{"@type":"WebPage","@id":"https:\/\/aivlisoft.net\/shop\/producto\/tooq-fs20100m-b-soporte-suelo-pantalla-37-100-neg\/","url":"https:\/\/aivlisoft.net\/shop\/producto\/tooq-fs20100m-b-soporte-suelo-pantalla-37-100-neg\/","name":"Tooq FS20100M-B Soporte suelo Pantalla 37-100\" neg - Aivlisoft Inform\u00e1tica","isPartOf":{"@id":"https:\/\/aivlisoft.net\/shop\/#website"},"primaryImageOfPage":{"@id":"https:\/\/aivlisoft.net\/shop\/producto\/tooq-fs20100m-b-soporte-suelo-pantalla-37-100-neg\/#primaryimage"},"image":{"@id":"https:\/\/aivlisoft.net\/shop\/producto\/tooq-fs20100m-b-soporte-suelo-pantalla-37-100-neg\/#primaryimage"},"thumbnailUrl":"https:\/\/aivlisoft.net\/shop\/wp-content\/uploads\/2025\/01\/AISATV0228_800-1.jpg","datePublished":"2025-01-13T13:13:16+00:00","dateModified":"2025-01-14T10:06:40+00:00","breadcrumb":{"@id":"https:\/\/aivlisoft.net\/shop\/producto\/tooq-fs20100m-b-soporte-suelo-pantalla-37-100-neg\/#breadcrumb"},"inLanguage":"es","potentialAction":[{"@type":"ReadAction","target":["https:\/\/aivlisoft.net\/shop\/producto\/tooq-fs20100m-b-soporte-suelo-pantalla-37-100-neg\/"]}]},{"@type":"ImageObject","inLanguage":"es","@id":"https:\/\/aivlisoft.net\/shop\/producto\/tooq-fs20100m-b-soporte-suelo-pantalla-37-100-neg\/#primaryimage","url":"https:\/\/aivlisoft.net\/shop\/wp-content\/uploads\/2025\/01\/AISATV0228_800-1.jpg","contentUrl":"https:\/\/aivlisoft.net\/shop\/wp-content\/uploads\/2025\/01\/AISATV0228_800-1.jpg","width":800,"height":800},{"@type":"BreadcrumbList","@id":"https:\/\/aivlisoft.net\/shop\/producto\/tooq-fs20100m-b-soporte-suelo-pantalla-37-100-neg\/#breadcrumb","itemListElement":[{"@type":"ListItem","position":1,"name":"Portada","item":"https:\/\/aivlisoft.net\/shop\/"},{"@type":"ListItem","position":2,"name":"Tienda","item":"https:\/\/aivlisoft.net\/shop\/tienda\/"},{"@type":"ListItem","position":3,"name":"Tooq FS20100M-B Soporte suelo Pantalla 37-100&#8243; neg"}]},{"@type":"WebSite","@id":"https:\/\/aivlisoft.net\/shop\/#website","url":"https:\/\/aivlisoft.net\/shop\/","name":"Aivlisoft Inform\u00e1tica","description":"En Aivlisoft Inform\u00e1tica ofrecemos soluciones tecnol\u00f3gicas para empresas: venta de ordenadores, consumibles, perif\u00e9ricos y m\u00e1s. Calidad, atenci\u00f3n personalizada y los mejores precios para tu negocio.","publisher":{"@id":"https:\/\/aivlisoft.net\/shop\/#organization"},"potentialAction":[{"@type":"SearchAction","target":{"@type":"EntryPoint","urlTemplate":"https:\/\/aivlisoft.net\/shop\/?s={search_term_string}"},"query-input":{"@type":"PropertyValueSpecification","valueRequired":true,"valueName":"search_term_string"}}],"inLanguage":"es"},{"@type":"Organization","@id":"https:\/\/aivlisoft.net\/shop\/#organization","name":"Aivlisoft Inform\u00e1tica","url":"https:\/\/aivlisoft.net\/shop\/","logo":{"@type":"ImageObject","inLanguage":"es","@id":"https:\/\/aivlisoft.net\/shop\/#\/schema\/logo\/image\/","url":"https:\/\/aivlisoft.net\/shop\/wp-content\/uploads\/2024\/12\/removal.ai_5b848c54-0cdf-4140-95c5-c5536bb7573b-logodef.png","contentUrl":"https:\/\/aivlisoft.net\/shop\/wp-content\/uploads\/2024\/12\/removal.ai_5b848c54-0cdf-4140-95c5-c5536bb7573b-logodef.png","width":484,"height":182,"caption":"Aivlisoft Inform\u00e1tica"},"image":{"@id":"https:\/\/aivlisoft.net\/shop\/#\/schema\/logo\/image\/"}}]}},"_links":{"self":[{"href":"https:\/\/aivlisoft.net\/shop\/wp-json\/wp\/v2\/product\/3286","targetHints":{"allow":["GET"]}}],"collection":[{"href":"https:\/\/aivlisoft.net\/shop\/wp-json\/wp\/v2\/product"}],"about":[{"href":"https:\/\/aivlisoft.net\/shop\/wp-json\/wp\/v2\/types\/product"}],"wp:featuredmedia":[{"embeddable":true,"href":"https:\/\/aivlisoft.net\/shop\/wp-json\/wp\/v2\/media\/3287"}],"wp:attachment":[{"href":"https:\/\/aivlisoft.net\/shop\/wp-json\/wp\/v2\/media?parent=3286"}],"wp:term":[{"taxonomy":"product_brand","embeddable":true,"href":"https:\/\/aivlisoft.net\/shop\/wp-json\/wp\/v2\/product_brand?post=3286"},{"taxonomy":"product_cat","embeddable":true,"href":"https:\/\/aivlisoft.net\/shop\/wp-json\/wp\/v2\/product_cat?post=3286"},{"taxonomy":"product_tag","embeddable":true,"href":"https:\/\/aivlisoft.net\/shop\/wp-json\/wp\/v2\/product_tag?post=3286"}],"curies":[{"name":"wp","href":"https:\/\/api.w.org\/{rel}","templated":true}]}}