{"id":3271,"date":"2025-01-13T13:13:10","date_gmt":"2025-01-13T13:13:10","guid":{"rendered":"https:\/\/aivlisoft.com\/?post_type=product&#038;p=3271"},"modified":"2025-01-14T10:06:35","modified_gmt":"2025-01-14T10:06:35","slug":"ewent-ew1525-soporte-pared-tv-ext-3-pivot-23-55","status":"publish","type":"product","link":"https:\/\/aivlisoft.net\/shop\/producto\/ewent-ew1525-soporte-pared-tv-ext-3-pivot-23-55\/","title":{"rendered":"EWENT EW1525 Soporte pared TV ext 3 pivot 23-55&#8243;"},"content":{"rendered":"<p>El soporte para pared <strong>EW1525 Easy Turn TV<\/strong> de tama&ntilde;o grande es la soluci&oacute;n ideal para instalar su televisor (desde 23 hasta 55 pulgadas y con un peso m&aacute;ximo de 35 kg) en la pared. El soporte es adecuado para todos los televisores con un est&aacute;ndar de montaje VESA 75&#215;75, 100&#215;100, 200&#215;100, 200&#215;200, 300&#215;200, 300&#215;300, 400&#215;200, 400&#215;300, 400&#215;400. El televisor puede inclinarse hacia arriba y hacia abajo con un &aacute;ngulo de + 5&deg;\/-12&deg; y girar hacia la izquierda y hacia la derecha con un &aacute;ngulo de +15&deg;\/-15&deg;. El soporte para pared EW1525 tiene 3 puntos de articulaci&oacute;n con una extensi&oacute;n m&aacute;xima de 51 cm. Gire el televisor en cualquier direcci&oacute;n para obtener el mejor &aacute;ngulo de visualizaci&oacute;n. Adem&aacute;s, el soporte EW1525 tambi&eacute;n tiene un ajuste de nivel de +3&deg;\/-3&deg;. Los cables permanecen ocultos gracias al sistema de administraci&oacute;n de cables.<\/p>\n<p>El sistema de instalaci&oacute;n sencillo permite que se pueda instalar primero el soporte en la pared. A continuaci&oacute;n, conecte el soporte VESA al televisor y conecte el soporte VESA al soporte de pared conectando los pernos y las tuercas proporcionados.<br \/>&nbsp;<\/p>\n<table class=\"tabla_caracteristicas\" width=\"100%\">\n<tr>\n<td><strong>Marca<\/strong><\/td>\n<td>Ewent<\/td>\n<\/tr>\n<tr>\n<td><strong>Modelo<\/strong><\/td>\n<td><strong>EW1525<\/strong><\/td>\n<\/tr>\n<tr>\n<td><strong>Caracter&iacute;sticas<\/strong><\/td>\n<td>&#8211; Material: acero, pl&aacute;stico, metal<br \/>\t\t\t&#8211; Acabado de la superficie: recubrimiento en polvo<br \/>\t\t\t&#8211; Color: negro<br \/>\t\t\t&#8211; Tama&ntilde;o del producto: 435 x 435 x 515mm<br \/>\t\t\t&#8211; Instalaci&oacute;n: pared s&oacute;lida<br \/>\t\t\t&#8211; Tama&ntilde;o de pantalla sugerido: 23&quot; &#8211; 55&quot;<br \/>\t\t\t&#8211; VESA: 75 x 75, 100 x 100, 200 x 100, 200 x2 00, 300 x 200, 400 x 200, 300 x 300, 400 x 300, 400 x 400<br \/>\t\t\t&#8211; Inclinaci&oacute;n: -15&deg; \/ + 5&deg;<br \/>\t\t\t&#8211; Giratorio: -90&deg; \/ + 90&deg;<br \/>\t\t\t&#8211; Ajuste de nivel: + 3&deg; \/ -3&deg;<br \/>\t\t\t&#8211; Perfil: 49 &#8211; 515mm<br \/>\t\t\t&#8211; Rango de capacidad de peso: 0 &#8211; 35 kg<br \/>\t\t\t&#8211; Gesti&oacute;n de cables: s&iacute;<\/td>\n<\/tr>\n<tr>\n<td><strong>Fecha de revisi&oacute;n<\/strong><\/td>\n<td>05-05-2022 por MPM<\/td>\n<\/tr>\n<\/table>\n","protected":false},"excerpt":{"rendered":"<p>El soporte para pared EW1525 Easy Turn TV de tama&ntilde;o grande es la soluci&oacute;n ideal para instalar su televisor (desde 23 hasta 55 pulgadas y con un peso m&aacute;ximo de 35 kg) en la pared. El soporte es adecuado para todos los televisores con un est&aacute;ndar de montaje VESA 75&#215;75, 100&#215;100, 200&#215;100, 200&#215;200, 300&#215;200, 300&#215;300,&hellip;&nbsp;<a href=\"https:\/\/aivlisoft.net\/shop\/producto\/ewent-ew1525-soporte-pared-tv-ext-3-pivot-23-55\/\" rel=\"bookmark\"><span class=\"screen-reader-text\">EWENT EW1525 Soporte pared TV ext 3 pivot 23-55&#8243;<\/span><\/a><\/p>\n","protected":false},"featured_media":3272,"template":"","meta":{"neve_meta_sidebar":"","neve_meta_container":"","neve_meta_enable_content_width":"","neve_meta_content_width":0,"neve_meta_title_alignment":"","neve_meta_author_avatar":"","neve_post_elements_order":"","neve_meta_disable_header":"","neve_meta_disable_footer":"","neve_meta_disable_title":""},"product_brand":[],"product_cat":[15],"product_tag":[996],"class_list":{"0":"post-3271","1":"product","2":"type-product","3":"status-publish","4":"has-post-thumbnail","6":"product_cat-sin-categorizar","7":"product_tag-ew1525","9":"first","10":"instock","11":"taxable","12":"shipping-taxable","13":"purchasable","14":"product-type-simple"},"yoast_head":"<!-- This site is optimized with the Yoast SEO plugin v26.0 - https:\/\/yoast.com\/wordpress\/plugins\/seo\/ -->\n<title>EWENT EW1525 Soporte pared TV ext 3 pivot 23-55&quot; - Aivlisoft Inform\u00e1tica<\/title>\n<meta name=\"robots\" content=\"index, follow, max-snippet:-1, max-image-preview:large, max-video-preview:-1\" \/>\n<link rel=\"canonical\" href=\"https:\/\/aivlisoft.net\/shop\/producto\/ewent-ew1525-soporte-pared-tv-ext-3-pivot-23-55\/\" \/>\n<meta property=\"og:locale\" content=\"es_ES\" \/>\n<meta property=\"og:type\" content=\"article\" \/>\n<meta property=\"og:title\" content=\"EWENT EW1525 Soporte pared TV ext 3 pivot 23-55&quot; - Aivlisoft Inform\u00e1tica\" \/>\n<meta property=\"og:description\" content=\"El soporte para pared EW1525 Easy Turn TV de tama&ntilde;o grande es la soluci&oacute;n ideal para instalar su televisor (desde 23 hasta 55 pulgadas y con un peso m&aacute;ximo de 35 kg) en la pared. El soporte es adecuado para todos los televisores con un est&aacute;ndar de montaje VESA 75&#215;75, 100&#215;100, 200&#215;100, 200&#215;200, 300&#215;200, 300&#215;300,&hellip;&nbsp;EWENT EW1525 Soporte pared TV ext 3 pivot 23-55&#8243;\" \/>\n<meta property=\"og:url\" content=\"https:\/\/aivlisoft.net\/shop\/producto\/ewent-ew1525-soporte-pared-tv-ext-3-pivot-23-55\/\" \/>\n<meta property=\"og:site_name\" content=\"Aivlisoft Inform\u00e1tica\" \/>\n<meta property=\"article:modified_time\" content=\"2025-01-14T10:06:35+00:00\" \/>\n<meta property=\"og:image\" content=\"https:\/\/aivlisoft.net\/shop\/wp-content\/uploads\/2025\/01\/AISATV0225_800-1.jpg\" \/>\n\t<meta property=\"og:image:width\" content=\"800\" \/>\n\t<meta property=\"og:image:height\" content=\"800\" \/>\n\t<meta property=\"og:image:type\" content=\"image\/jpeg\" \/>\n<meta name=\"twitter:card\" content=\"summary_large_image\" \/>\n<meta name=\"twitter:label1\" content=\"Tiempo de lectura\" \/>\n\t<meta name=\"twitter:data1\" content=\"2 minutos\" \/>\n<script type=\"application\/ld+json\" class=\"yoast-schema-graph\">{\"@context\":\"https:\/\/schema.org\",\"@graph\":[{\"@type\":\"WebPage\",\"@id\":\"https:\/\/aivlisoft.net\/shop\/producto\/ewent-ew1525-soporte-pared-tv-ext-3-pivot-23-55\/\",\"url\":\"https:\/\/aivlisoft.net\/shop\/producto\/ewent-ew1525-soporte-pared-tv-ext-3-pivot-23-55\/\",\"name\":\"EWENT EW1525 Soporte pared TV ext 3 pivot 23-55\\\" - Aivlisoft Inform\u00e1tica\",\"isPartOf\":{\"@id\":\"https:\/\/aivlisoft.net\/shop\/#website\"},\"primaryImageOfPage\":{\"@id\":\"https:\/\/aivlisoft.net\/shop\/producto\/ewent-ew1525-soporte-pared-tv-ext-3-pivot-23-55\/#primaryimage\"},\"image\":{\"@id\":\"https:\/\/aivlisoft.net\/shop\/producto\/ewent-ew1525-soporte-pared-tv-ext-3-pivot-23-55\/#primaryimage\"},\"thumbnailUrl\":\"https:\/\/aivlisoft.net\/shop\/wp-content\/uploads\/2025\/01\/AISATV0225_800-1.jpg\",\"datePublished\":\"2025-01-13T13:13:10+00:00\",\"dateModified\":\"2025-01-14T10:06:35+00:00\",\"breadcrumb\":{\"@id\":\"https:\/\/aivlisoft.net\/shop\/producto\/ewent-ew1525-soporte-pared-tv-ext-3-pivot-23-55\/#breadcrumb\"},\"inLanguage\":\"es\",\"potentialAction\":[{\"@type\":\"ReadAction\",\"target\":[\"https:\/\/aivlisoft.net\/shop\/producto\/ewent-ew1525-soporte-pared-tv-ext-3-pivot-23-55\/\"]}]},{\"@type\":\"ImageObject\",\"inLanguage\":\"es\",\"@id\":\"https:\/\/aivlisoft.net\/shop\/producto\/ewent-ew1525-soporte-pared-tv-ext-3-pivot-23-55\/#primaryimage\",\"url\":\"https:\/\/aivlisoft.net\/shop\/wp-content\/uploads\/2025\/01\/AISATV0225_800-1.jpg\",\"contentUrl\":\"https:\/\/aivlisoft.net\/shop\/wp-content\/uploads\/2025\/01\/AISATV0225_800-1.jpg\",\"width\":800,\"height\":800},{\"@type\":\"BreadcrumbList\",\"@id\":\"https:\/\/aivlisoft.net\/shop\/producto\/ewent-ew1525-soporte-pared-tv-ext-3-pivot-23-55\/#breadcrumb\",\"itemListElement\":[{\"@type\":\"ListItem\",\"position\":1,\"name\":\"Portada\",\"item\":\"https:\/\/aivlisoft.net\/shop\/\"},{\"@type\":\"ListItem\",\"position\":2,\"name\":\"Tienda\",\"item\":\"https:\/\/aivlisoft.net\/shop\/tienda\/\"},{\"@type\":\"ListItem\",\"position\":3,\"name\":\"EWENT EW1525 Soporte pared TV ext 3 pivot 23-55&#8243;\"}]},{\"@type\":\"WebSite\",\"@id\":\"https:\/\/aivlisoft.net\/shop\/#website\",\"url\":\"https:\/\/aivlisoft.net\/shop\/\",\"name\":\"Aivlisoft Inform\u00e1tica\",\"description\":\"En Aivlisoft Inform\u00e1tica ofrecemos soluciones tecnol\u00f3gicas para empresas: venta de ordenadores, consumibles, perif\u00e9ricos y m\u00e1s. Calidad, atenci\u00f3n personalizada y los mejores precios para tu negocio.\",\"publisher\":{\"@id\":\"https:\/\/aivlisoft.net\/shop\/#organization\"},\"potentialAction\":[{\"@type\":\"SearchAction\",\"target\":{\"@type\":\"EntryPoint\",\"urlTemplate\":\"https:\/\/aivlisoft.net\/shop\/?s={search_term_string}\"},\"query-input\":{\"@type\":\"PropertyValueSpecification\",\"valueRequired\":true,\"valueName\":\"search_term_string\"}}],\"inLanguage\":\"es\"},{\"@type\":\"Organization\",\"@id\":\"https:\/\/aivlisoft.net\/shop\/#organization\",\"name\":\"Aivlisoft Inform\u00e1tica\",\"url\":\"https:\/\/aivlisoft.net\/shop\/\",\"logo\":{\"@type\":\"ImageObject\",\"inLanguage\":\"es\",\"@id\":\"https:\/\/aivlisoft.net\/shop\/#\/schema\/logo\/image\/\",\"url\":\"https:\/\/aivlisoft.net\/shop\/wp-content\/uploads\/2024\/12\/removal.ai_5b848c54-0cdf-4140-95c5-c5536bb7573b-logodef.png\",\"contentUrl\":\"https:\/\/aivlisoft.net\/shop\/wp-content\/uploads\/2024\/12\/removal.ai_5b848c54-0cdf-4140-95c5-c5536bb7573b-logodef.png\",\"width\":484,\"height\":182,\"caption\":\"Aivlisoft Inform\u00e1tica\"},\"image\":{\"@id\":\"https:\/\/aivlisoft.net\/shop\/#\/schema\/logo\/image\/\"}}]}<\/script>\n<!-- \/ Yoast SEO plugin. -->","yoast_head_json":{"title":"EWENT EW1525 Soporte pared TV ext 3 pivot 23-55\" - Aivlisoft Inform\u00e1tica","robots":{"index":"index","follow":"follow","max-snippet":"max-snippet:-1","max-image-preview":"max-image-preview:large","max-video-preview":"max-video-preview:-1"},"canonical":"https:\/\/aivlisoft.net\/shop\/producto\/ewent-ew1525-soporte-pared-tv-ext-3-pivot-23-55\/","og_locale":"es_ES","og_type":"article","og_title":"EWENT EW1525 Soporte pared TV ext 3 pivot 23-55\" - Aivlisoft Inform\u00e1tica","og_description":"El soporte para pared EW1525 Easy Turn TV de tama&ntilde;o grande es la soluci&oacute;n ideal para instalar su televisor (desde 23 hasta 55 pulgadas y con un peso m&aacute;ximo de 35 kg) en la pared. El soporte es adecuado para todos los televisores con un est&aacute;ndar de montaje VESA 75&#215;75, 100&#215;100, 200&#215;100, 200&#215;200, 300&#215;200, 300&#215;300,&hellip;&nbsp;EWENT EW1525 Soporte pared TV ext 3 pivot 23-55&#8243;","og_url":"https:\/\/aivlisoft.net\/shop\/producto\/ewent-ew1525-soporte-pared-tv-ext-3-pivot-23-55\/","og_site_name":"Aivlisoft Inform\u00e1tica","article_modified_time":"2025-01-14T10:06:35+00:00","og_image":[{"width":800,"height":800,"url":"https:\/\/aivlisoft.net\/shop\/wp-content\/uploads\/2025\/01\/AISATV0225_800-1.jpg","type":"image\/jpeg"}],"twitter_card":"summary_large_image","twitter_misc":{"Tiempo de lectura":"2 minutos"},"schema":{"@context":"https:\/\/schema.org","@graph":[{"@type":"WebPage","@id":"https:\/\/aivlisoft.net\/shop\/producto\/ewent-ew1525-soporte-pared-tv-ext-3-pivot-23-55\/","url":"https:\/\/aivlisoft.net\/shop\/producto\/ewent-ew1525-soporte-pared-tv-ext-3-pivot-23-55\/","name":"EWENT EW1525 Soporte pared TV ext 3 pivot 23-55\" - Aivlisoft Inform\u00e1tica","isPartOf":{"@id":"https:\/\/aivlisoft.net\/shop\/#website"},"primaryImageOfPage":{"@id":"https:\/\/aivlisoft.net\/shop\/producto\/ewent-ew1525-soporte-pared-tv-ext-3-pivot-23-55\/#primaryimage"},"image":{"@id":"https:\/\/aivlisoft.net\/shop\/producto\/ewent-ew1525-soporte-pared-tv-ext-3-pivot-23-55\/#primaryimage"},"thumbnailUrl":"https:\/\/aivlisoft.net\/shop\/wp-content\/uploads\/2025\/01\/AISATV0225_800-1.jpg","datePublished":"2025-01-13T13:13:10+00:00","dateModified":"2025-01-14T10:06:35+00:00","breadcrumb":{"@id":"https:\/\/aivlisoft.net\/shop\/producto\/ewent-ew1525-soporte-pared-tv-ext-3-pivot-23-55\/#breadcrumb"},"inLanguage":"es","potentialAction":[{"@type":"ReadAction","target":["https:\/\/aivlisoft.net\/shop\/producto\/ewent-ew1525-soporte-pared-tv-ext-3-pivot-23-55\/"]}]},{"@type":"ImageObject","inLanguage":"es","@id":"https:\/\/aivlisoft.net\/shop\/producto\/ewent-ew1525-soporte-pared-tv-ext-3-pivot-23-55\/#primaryimage","url":"https:\/\/aivlisoft.net\/shop\/wp-content\/uploads\/2025\/01\/AISATV0225_800-1.jpg","contentUrl":"https:\/\/aivlisoft.net\/shop\/wp-content\/uploads\/2025\/01\/AISATV0225_800-1.jpg","width":800,"height":800},{"@type":"BreadcrumbList","@id":"https:\/\/aivlisoft.net\/shop\/producto\/ewent-ew1525-soporte-pared-tv-ext-3-pivot-23-55\/#breadcrumb","itemListElement":[{"@type":"ListItem","position":1,"name":"Portada","item":"https:\/\/aivlisoft.net\/shop\/"},{"@type":"ListItem","position":2,"name":"Tienda","item":"https:\/\/aivlisoft.net\/shop\/tienda\/"},{"@type":"ListItem","position":3,"name":"EWENT EW1525 Soporte pared TV ext 3 pivot 23-55&#8243;"}]},{"@type":"WebSite","@id":"https:\/\/aivlisoft.net\/shop\/#website","url":"https:\/\/aivlisoft.net\/shop\/","name":"Aivlisoft Inform\u00e1tica","description":"En Aivlisoft Inform\u00e1tica ofrecemos soluciones tecnol\u00f3gicas para empresas: venta de ordenadores, consumibles, perif\u00e9ricos y m\u00e1s. Calidad, atenci\u00f3n personalizada y los mejores precios para tu negocio.","publisher":{"@id":"https:\/\/aivlisoft.net\/shop\/#organization"},"potentialAction":[{"@type":"SearchAction","target":{"@type":"EntryPoint","urlTemplate":"https:\/\/aivlisoft.net\/shop\/?s={search_term_string}"},"query-input":{"@type":"PropertyValueSpecification","valueRequired":true,"valueName":"search_term_string"}}],"inLanguage":"es"},{"@type":"Organization","@id":"https:\/\/aivlisoft.net\/shop\/#organization","name":"Aivlisoft Inform\u00e1tica","url":"https:\/\/aivlisoft.net\/shop\/","logo":{"@type":"ImageObject","inLanguage":"es","@id":"https:\/\/aivlisoft.net\/shop\/#\/schema\/logo\/image\/","url":"https:\/\/aivlisoft.net\/shop\/wp-content\/uploads\/2024\/12\/removal.ai_5b848c54-0cdf-4140-95c5-c5536bb7573b-logodef.png","contentUrl":"https:\/\/aivlisoft.net\/shop\/wp-content\/uploads\/2024\/12\/removal.ai_5b848c54-0cdf-4140-95c5-c5536bb7573b-logodef.png","width":484,"height":182,"caption":"Aivlisoft Inform\u00e1tica"},"image":{"@id":"https:\/\/aivlisoft.net\/shop\/#\/schema\/logo\/image\/"}}]}},"_links":{"self":[{"href":"https:\/\/aivlisoft.net\/shop\/wp-json\/wp\/v2\/product\/3271","targetHints":{"allow":["GET"]}}],"collection":[{"href":"https:\/\/aivlisoft.net\/shop\/wp-json\/wp\/v2\/product"}],"about":[{"href":"https:\/\/aivlisoft.net\/shop\/wp-json\/wp\/v2\/types\/product"}],"wp:featuredmedia":[{"embeddable":true,"href":"https:\/\/aivlisoft.net\/shop\/wp-json\/wp\/v2\/media\/3272"}],"wp:attachment":[{"href":"https:\/\/aivlisoft.net\/shop\/wp-json\/wp\/v2\/media?parent=3271"}],"wp:term":[{"taxonomy":"product_brand","embeddable":true,"href":"https:\/\/aivlisoft.net\/shop\/wp-json\/wp\/v2\/product_brand?post=3271"},{"taxonomy":"product_cat","embeddable":true,"href":"https:\/\/aivlisoft.net\/shop\/wp-json\/wp\/v2\/product_cat?post=3271"},{"taxonomy":"product_tag","embeddable":true,"href":"https:\/\/aivlisoft.net\/shop\/wp-json\/wp\/v2\/product_tag?post=3271"}],"curies":[{"name":"wp","href":"https:\/\/api.w.org\/{rel}","templated":true}]}}