{"id":3261,"date":"2025-01-13T13:13:08","date_gmt":"2025-01-13T13:13:08","guid":{"rendered":"https:\/\/aivlisoft.com\/?post_type=product&#038;p=3261"},"modified":"2025-01-14T10:06:33","modified_gmt":"2025-01-14T10:06:33","slug":"tooq-lp2355tn-b-soporte-pared-gir-inc-23-35-3piv","status":"publish","type":"product","link":"https:\/\/aivlisoft.net\/shop\/producto\/tooq-lp2355tn-b-soporte-pared-gir-inc-23-35-3piv\/","title":{"rendered":"Tooq LP2355TN-B Soporte Pared Gir\/Inc 23-35&#8243; 3piv"},"content":{"rendered":"<p><strong>LP2355TN-B<\/strong><br \/>Soporte de pared para pantallas 23&quot;- 55&quot;<br \/>&#8211; VESA: 75&#215;75, 100&#215;100, 200&#215;100, 200&#215;200, 300&#215;300, 400&#215;200, 400&#215;300 y 400X400<br \/>&#8211; Peso soportado de pantalla: desde 5 kg hasta 30 kg<br \/>&#8211; Brazo con pist&oacute;n de gas regulable<\/p>\n<table class=\"tabla_caracteristicas\" width=\"100%\">\n<tr>\n<td><strong>Marca<\/strong><\/td>\n<td>TooQ<\/td>\n<\/tr>\n<tr>\n<td><strong>Modelo<\/strong><\/td>\n<td><strong>LP2355TN-B<\/strong><\/td>\n<\/tr>\n<tr>\n<td><strong>Caracteristicas<\/strong><\/td>\n<td>&#8211; Pantallas soportadas:<strong> 23&quot;- 55&quot;<\/strong><br \/>\t\t\t&#8211; Compatible con VESA: 75&#215;75, 100&#215;100, 200&#215;100, 200&#215;200, 300&#215;300, 400&#215;200, 400&#215;300 y 400X400<br \/>\t\t\t&#8211; Peso soportado de pantalla: desde 5 kg hasta 30 kg<br \/>\t\t\t&#8211; Brazo con pist&oacute;n de gas regulable<br \/>\t\t\t&#8211; &Aacute;ngulo de inclinaci&oacute;n: +5&deg;\/-15&deg;<br \/>\t\t\t&#8211; &Aacute;ngulo de giro: +90&deg;\/-90&deg;<br \/>\t\t\t&#8211; &Aacute;ngulo de nivelaci&oacute;n: +3&deg;\/-3&deg;<br \/>\t\t\t&#8211; Distancia de pared: 60-565 mm<br \/>\t\t\t&#8211; Sistema de organizaci&oacute;n de cables<br \/>\t\t\t&#8211; Compatible con pantallas curvas<br \/>\t\t\t&#8211; Color: Negro<br \/>\t\t\t&#8211; Peso neto: 4,60 kg. Peso bruto: 5,83 kg<br \/>\t\t\t&#8211; Medidas del embalaje: 505 x 365 x 75 mm<br \/>\t\t\t<strong>Contenido<\/strong><br \/>\t\t\t&#8211; 1 x Soporte<br \/>\t\t\t&#8211; 1 x Kit montaje (incluye herramientas)<br \/>\t\t\t&#8211; 1 x Manual de instalaci&oacute;n<\/td>\n<\/tr>\n<tr>\n<td><strong>Fecha de revisi&oacute;n<\/strong><\/td>\n<td>12-07-2021 por MSB<\/td>\n<\/tr>\n<\/table>\n","protected":false},"excerpt":{"rendered":"<p>LP2355TN-BSoporte de pared para pantallas 23&quot;- 55&quot;&#8211; VESA: 75&#215;75, 100&#215;100, 200&#215;100, 200&#215;200, 300&#215;300, 400&#215;200, 400&#215;300 y 400X400&#8211; Peso soportado de pantalla: desde 5 kg hasta 30 kg&#8211; Brazo con pist&oacute;n de gas regulable Marca TooQ Modelo LP2355TN-B Caracteristicas &#8211; Pantallas soportadas: 23&quot;- 55&quot; &#8211; Compatible con VESA: 75&#215;75, 100&#215;100, 200&#215;100, 200&#215;200, 300&#215;300, 400&#215;200, 400&#215;300 y&hellip;&nbsp;<a href=\"https:\/\/aivlisoft.net\/shop\/producto\/tooq-lp2355tn-b-soporte-pared-gir-inc-23-35-3piv\/\" rel=\"bookmark\"><span class=\"screen-reader-text\">Tooq LP2355TN-B Soporte Pared Gir\/Inc 23-35&#8243; 3piv<\/span><\/a><\/p>\n","protected":false},"featured_media":3262,"template":"","meta":{"neve_meta_sidebar":"","neve_meta_container":"","neve_meta_enable_content_width":"","neve_meta_content_width":0,"neve_meta_title_alignment":"","neve_meta_author_avatar":"","neve_post_elements_order":"","neve_meta_disable_header":"","neve_meta_disable_footer":"","neve_meta_disable_title":""},"product_brand":[],"product_cat":[15],"product_tag":[994],"class_list":{"0":"post-3261","1":"product","2":"type-product","3":"status-publish","4":"has-post-thumbnail","6":"product_cat-sin-categorizar","7":"product_tag-lp2355tn-b","9":"first","10":"instock","11":"taxable","12":"shipping-taxable","13":"purchasable","14":"product-type-simple"},"yoast_head":"<!-- This site is optimized with the Yoast SEO plugin v26.0 - https:\/\/yoast.com\/wordpress\/plugins\/seo\/ -->\n<title>Tooq LP2355TN-B Soporte Pared Gir\/Inc 23-35&quot; 3piv - Aivlisoft Inform\u00e1tica<\/title>\n<meta name=\"robots\" content=\"index, follow, max-snippet:-1, max-image-preview:large, max-video-preview:-1\" \/>\n<link rel=\"canonical\" href=\"https:\/\/aivlisoft.net\/shop\/producto\/tooq-lp2355tn-b-soporte-pared-gir-inc-23-35-3piv\/\" \/>\n<meta property=\"og:locale\" content=\"es_ES\" \/>\n<meta property=\"og:type\" content=\"article\" \/>\n<meta property=\"og:title\" content=\"Tooq LP2355TN-B Soporte Pared Gir\/Inc 23-35&quot; 3piv - Aivlisoft Inform\u00e1tica\" \/>\n<meta property=\"og:description\" content=\"LP2355TN-BSoporte de pared para pantallas 23&quot;- 55&quot;&#8211; VESA: 75&#215;75, 100&#215;100, 200&#215;100, 200&#215;200, 300&#215;300, 400&#215;200, 400&#215;300 y 400X400&#8211; Peso soportado de pantalla: desde 5 kg hasta 30 kg&#8211; Brazo con pist&oacute;n de gas regulable Marca TooQ Modelo LP2355TN-B Caracteristicas &#8211; Pantallas soportadas: 23&quot;- 55&quot; &#8211; Compatible con VESA: 75&#215;75, 100&#215;100, 200&#215;100, 200&#215;200, 300&#215;300, 400&#215;200, 400&#215;300 y&hellip;&nbsp;Tooq LP2355TN-B Soporte Pared Gir\/Inc 23-35&#8243; 3piv\" \/>\n<meta property=\"og:url\" content=\"https:\/\/aivlisoft.net\/shop\/producto\/tooq-lp2355tn-b-soporte-pared-gir-inc-23-35-3piv\/\" \/>\n<meta property=\"og:site_name\" content=\"Aivlisoft Inform\u00e1tica\" \/>\n<meta property=\"article:modified_time\" content=\"2025-01-14T10:06:33+00:00\" \/>\n<meta property=\"og:image\" content=\"https:\/\/aivlisoft.net\/shop\/wp-content\/uploads\/2025\/01\/AISATV0221_800-1.jpg\" \/>\n\t<meta property=\"og:image:width\" content=\"800\" \/>\n\t<meta property=\"og:image:height\" content=\"800\" \/>\n\t<meta property=\"og:image:type\" content=\"image\/jpeg\" \/>\n<meta name=\"twitter:card\" content=\"summary_large_image\" \/>\n<meta name=\"twitter:label1\" content=\"Tiempo de lectura\" \/>\n\t<meta name=\"twitter:data1\" content=\"1 minuto\" \/>\n<script type=\"application\/ld+json\" class=\"yoast-schema-graph\">{\"@context\":\"https:\/\/schema.org\",\"@graph\":[{\"@type\":\"WebPage\",\"@id\":\"https:\/\/aivlisoft.net\/shop\/producto\/tooq-lp2355tn-b-soporte-pared-gir-inc-23-35-3piv\/\",\"url\":\"https:\/\/aivlisoft.net\/shop\/producto\/tooq-lp2355tn-b-soporte-pared-gir-inc-23-35-3piv\/\",\"name\":\"Tooq LP2355TN-B Soporte Pared Gir\/Inc 23-35\\\" 3piv - Aivlisoft Inform\u00e1tica\",\"isPartOf\":{\"@id\":\"https:\/\/aivlisoft.net\/shop\/#website\"},\"primaryImageOfPage\":{\"@id\":\"https:\/\/aivlisoft.net\/shop\/producto\/tooq-lp2355tn-b-soporte-pared-gir-inc-23-35-3piv\/#primaryimage\"},\"image\":{\"@id\":\"https:\/\/aivlisoft.net\/shop\/producto\/tooq-lp2355tn-b-soporte-pared-gir-inc-23-35-3piv\/#primaryimage\"},\"thumbnailUrl\":\"https:\/\/aivlisoft.net\/shop\/wp-content\/uploads\/2025\/01\/AISATV0221_800-1.jpg\",\"datePublished\":\"2025-01-13T13:13:08+00:00\",\"dateModified\":\"2025-01-14T10:06:33+00:00\",\"breadcrumb\":{\"@id\":\"https:\/\/aivlisoft.net\/shop\/producto\/tooq-lp2355tn-b-soporte-pared-gir-inc-23-35-3piv\/#breadcrumb\"},\"inLanguage\":\"es\",\"potentialAction\":[{\"@type\":\"ReadAction\",\"target\":[\"https:\/\/aivlisoft.net\/shop\/producto\/tooq-lp2355tn-b-soporte-pared-gir-inc-23-35-3piv\/\"]}]},{\"@type\":\"ImageObject\",\"inLanguage\":\"es\",\"@id\":\"https:\/\/aivlisoft.net\/shop\/producto\/tooq-lp2355tn-b-soporte-pared-gir-inc-23-35-3piv\/#primaryimage\",\"url\":\"https:\/\/aivlisoft.net\/shop\/wp-content\/uploads\/2025\/01\/AISATV0221_800-1.jpg\",\"contentUrl\":\"https:\/\/aivlisoft.net\/shop\/wp-content\/uploads\/2025\/01\/AISATV0221_800-1.jpg\",\"width\":800,\"height\":800},{\"@type\":\"BreadcrumbList\",\"@id\":\"https:\/\/aivlisoft.net\/shop\/producto\/tooq-lp2355tn-b-soporte-pared-gir-inc-23-35-3piv\/#breadcrumb\",\"itemListElement\":[{\"@type\":\"ListItem\",\"position\":1,\"name\":\"Portada\",\"item\":\"https:\/\/aivlisoft.net\/shop\/\"},{\"@type\":\"ListItem\",\"position\":2,\"name\":\"Tienda\",\"item\":\"https:\/\/aivlisoft.net\/shop\/tienda\/\"},{\"@type\":\"ListItem\",\"position\":3,\"name\":\"Tooq LP2355TN-B Soporte Pared Gir\/Inc 23-35&#8243; 3piv\"}]},{\"@type\":\"WebSite\",\"@id\":\"https:\/\/aivlisoft.net\/shop\/#website\",\"url\":\"https:\/\/aivlisoft.net\/shop\/\",\"name\":\"Aivlisoft Inform\u00e1tica\",\"description\":\"En Aivlisoft Inform\u00e1tica ofrecemos soluciones tecnol\u00f3gicas para empresas: venta de ordenadores, consumibles, perif\u00e9ricos y m\u00e1s. Calidad, atenci\u00f3n personalizada y los mejores precios para tu negocio.\",\"publisher\":{\"@id\":\"https:\/\/aivlisoft.net\/shop\/#organization\"},\"potentialAction\":[{\"@type\":\"SearchAction\",\"target\":{\"@type\":\"EntryPoint\",\"urlTemplate\":\"https:\/\/aivlisoft.net\/shop\/?s={search_term_string}\"},\"query-input\":{\"@type\":\"PropertyValueSpecification\",\"valueRequired\":true,\"valueName\":\"search_term_string\"}}],\"inLanguage\":\"es\"},{\"@type\":\"Organization\",\"@id\":\"https:\/\/aivlisoft.net\/shop\/#organization\",\"name\":\"Aivlisoft Inform\u00e1tica\",\"url\":\"https:\/\/aivlisoft.net\/shop\/\",\"logo\":{\"@type\":\"ImageObject\",\"inLanguage\":\"es\",\"@id\":\"https:\/\/aivlisoft.net\/shop\/#\/schema\/logo\/image\/\",\"url\":\"https:\/\/aivlisoft.net\/shop\/wp-content\/uploads\/2024\/12\/removal.ai_5b848c54-0cdf-4140-95c5-c5536bb7573b-logodef.png\",\"contentUrl\":\"https:\/\/aivlisoft.net\/shop\/wp-content\/uploads\/2024\/12\/removal.ai_5b848c54-0cdf-4140-95c5-c5536bb7573b-logodef.png\",\"width\":484,\"height\":182,\"caption\":\"Aivlisoft Inform\u00e1tica\"},\"image\":{\"@id\":\"https:\/\/aivlisoft.net\/shop\/#\/schema\/logo\/image\/\"}}]}<\/script>\n<!-- \/ Yoast SEO plugin. -->","yoast_head_json":{"title":"Tooq LP2355TN-B Soporte Pared Gir\/Inc 23-35\" 3piv - Aivlisoft Inform\u00e1tica","robots":{"index":"index","follow":"follow","max-snippet":"max-snippet:-1","max-image-preview":"max-image-preview:large","max-video-preview":"max-video-preview:-1"},"canonical":"https:\/\/aivlisoft.net\/shop\/producto\/tooq-lp2355tn-b-soporte-pared-gir-inc-23-35-3piv\/","og_locale":"es_ES","og_type":"article","og_title":"Tooq LP2355TN-B Soporte Pared Gir\/Inc 23-35\" 3piv - Aivlisoft Inform\u00e1tica","og_description":"LP2355TN-BSoporte de pared para pantallas 23&quot;- 55&quot;&#8211; VESA: 75&#215;75, 100&#215;100, 200&#215;100, 200&#215;200, 300&#215;300, 400&#215;200, 400&#215;300 y 400X400&#8211; Peso soportado de pantalla: desde 5 kg hasta 30 kg&#8211; Brazo con pist&oacute;n de gas regulable Marca TooQ Modelo LP2355TN-B Caracteristicas &#8211; Pantallas soportadas: 23&quot;- 55&quot; &#8211; Compatible con VESA: 75&#215;75, 100&#215;100, 200&#215;100, 200&#215;200, 300&#215;300, 400&#215;200, 400&#215;300 y&hellip;&nbsp;Tooq LP2355TN-B Soporte Pared Gir\/Inc 23-35&#8243; 3piv","og_url":"https:\/\/aivlisoft.net\/shop\/producto\/tooq-lp2355tn-b-soporte-pared-gir-inc-23-35-3piv\/","og_site_name":"Aivlisoft Inform\u00e1tica","article_modified_time":"2025-01-14T10:06:33+00:00","og_image":[{"width":800,"height":800,"url":"https:\/\/aivlisoft.net\/shop\/wp-content\/uploads\/2025\/01\/AISATV0221_800-1.jpg","type":"image\/jpeg"}],"twitter_card":"summary_large_image","twitter_misc":{"Tiempo de lectura":"1 minuto"},"schema":{"@context":"https:\/\/schema.org","@graph":[{"@type":"WebPage","@id":"https:\/\/aivlisoft.net\/shop\/producto\/tooq-lp2355tn-b-soporte-pared-gir-inc-23-35-3piv\/","url":"https:\/\/aivlisoft.net\/shop\/producto\/tooq-lp2355tn-b-soporte-pared-gir-inc-23-35-3piv\/","name":"Tooq LP2355TN-B Soporte Pared Gir\/Inc 23-35\" 3piv - Aivlisoft Inform\u00e1tica","isPartOf":{"@id":"https:\/\/aivlisoft.net\/shop\/#website"},"primaryImageOfPage":{"@id":"https:\/\/aivlisoft.net\/shop\/producto\/tooq-lp2355tn-b-soporte-pared-gir-inc-23-35-3piv\/#primaryimage"},"image":{"@id":"https:\/\/aivlisoft.net\/shop\/producto\/tooq-lp2355tn-b-soporte-pared-gir-inc-23-35-3piv\/#primaryimage"},"thumbnailUrl":"https:\/\/aivlisoft.net\/shop\/wp-content\/uploads\/2025\/01\/AISATV0221_800-1.jpg","datePublished":"2025-01-13T13:13:08+00:00","dateModified":"2025-01-14T10:06:33+00:00","breadcrumb":{"@id":"https:\/\/aivlisoft.net\/shop\/producto\/tooq-lp2355tn-b-soporte-pared-gir-inc-23-35-3piv\/#breadcrumb"},"inLanguage":"es","potentialAction":[{"@type":"ReadAction","target":["https:\/\/aivlisoft.net\/shop\/producto\/tooq-lp2355tn-b-soporte-pared-gir-inc-23-35-3piv\/"]}]},{"@type":"ImageObject","inLanguage":"es","@id":"https:\/\/aivlisoft.net\/shop\/producto\/tooq-lp2355tn-b-soporte-pared-gir-inc-23-35-3piv\/#primaryimage","url":"https:\/\/aivlisoft.net\/shop\/wp-content\/uploads\/2025\/01\/AISATV0221_800-1.jpg","contentUrl":"https:\/\/aivlisoft.net\/shop\/wp-content\/uploads\/2025\/01\/AISATV0221_800-1.jpg","width":800,"height":800},{"@type":"BreadcrumbList","@id":"https:\/\/aivlisoft.net\/shop\/producto\/tooq-lp2355tn-b-soporte-pared-gir-inc-23-35-3piv\/#breadcrumb","itemListElement":[{"@type":"ListItem","position":1,"name":"Portada","item":"https:\/\/aivlisoft.net\/shop\/"},{"@type":"ListItem","position":2,"name":"Tienda","item":"https:\/\/aivlisoft.net\/shop\/tienda\/"},{"@type":"ListItem","position":3,"name":"Tooq LP2355TN-B Soporte Pared Gir\/Inc 23-35&#8243; 3piv"}]},{"@type":"WebSite","@id":"https:\/\/aivlisoft.net\/shop\/#website","url":"https:\/\/aivlisoft.net\/shop\/","name":"Aivlisoft Inform\u00e1tica","description":"En Aivlisoft Inform\u00e1tica ofrecemos soluciones tecnol\u00f3gicas para empresas: venta de ordenadores, consumibles, perif\u00e9ricos y m\u00e1s. Calidad, atenci\u00f3n personalizada y los mejores precios para tu negocio.","publisher":{"@id":"https:\/\/aivlisoft.net\/shop\/#organization"},"potentialAction":[{"@type":"SearchAction","target":{"@type":"EntryPoint","urlTemplate":"https:\/\/aivlisoft.net\/shop\/?s={search_term_string}"},"query-input":{"@type":"PropertyValueSpecification","valueRequired":true,"valueName":"search_term_string"}}],"inLanguage":"es"},{"@type":"Organization","@id":"https:\/\/aivlisoft.net\/shop\/#organization","name":"Aivlisoft Inform\u00e1tica","url":"https:\/\/aivlisoft.net\/shop\/","logo":{"@type":"ImageObject","inLanguage":"es","@id":"https:\/\/aivlisoft.net\/shop\/#\/schema\/logo\/image\/","url":"https:\/\/aivlisoft.net\/shop\/wp-content\/uploads\/2024\/12\/removal.ai_5b848c54-0cdf-4140-95c5-c5536bb7573b-logodef.png","contentUrl":"https:\/\/aivlisoft.net\/shop\/wp-content\/uploads\/2024\/12\/removal.ai_5b848c54-0cdf-4140-95c5-c5536bb7573b-logodef.png","width":484,"height":182,"caption":"Aivlisoft Inform\u00e1tica"},"image":{"@id":"https:\/\/aivlisoft.net\/shop\/#\/schema\/logo\/image\/"}}]}},"_links":{"self":[{"href":"https:\/\/aivlisoft.net\/shop\/wp-json\/wp\/v2\/product\/3261","targetHints":{"allow":["GET"]}}],"collection":[{"href":"https:\/\/aivlisoft.net\/shop\/wp-json\/wp\/v2\/product"}],"about":[{"href":"https:\/\/aivlisoft.net\/shop\/wp-json\/wp\/v2\/types\/product"}],"wp:featuredmedia":[{"embeddable":true,"href":"https:\/\/aivlisoft.net\/shop\/wp-json\/wp\/v2\/media\/3262"}],"wp:attachment":[{"href":"https:\/\/aivlisoft.net\/shop\/wp-json\/wp\/v2\/media?parent=3261"}],"wp:term":[{"taxonomy":"product_brand","embeddable":true,"href":"https:\/\/aivlisoft.net\/shop\/wp-json\/wp\/v2\/product_brand?post=3261"},{"taxonomy":"product_cat","embeddable":true,"href":"https:\/\/aivlisoft.net\/shop\/wp-json\/wp\/v2\/product_cat?post=3261"},{"taxonomy":"product_tag","embeddable":true,"href":"https:\/\/aivlisoft.net\/shop\/wp-json\/wp\/v2\/product_tag?post=3261"}],"curies":[{"name":"wp","href":"https:\/\/api.w.org\/{rel}","templated":true}]}}