{"id":3246,"date":"2025-01-13T13:13:04","date_gmt":"2025-01-13T13:13:04","guid":{"rendered":"https:\/\/aivlisoft.com\/?post_type=product&#038;p=3246"},"modified":"2025-01-14T10:06:30","modified_gmt":"2025-01-14T10:06:30","slug":"tooq-db1032tn-b-soporte-monitor-mesa-1brazo-13-32","status":"publish","type":"product","link":"https:\/\/aivlisoft.net\/shop\/producto\/tooq-db1032tn-b-soporte-monitor-mesa-1brazo-13-32\/","title":{"rendered":"Tooq DB1032TN-B Soporte Monitor Mesa 1Brazo 13-32&#8243;"},"content":{"rendered":"<p><strong>DB1032TN-B<\/strong><br \/>Soporte de mesa para pantallas 13&quot;-32&quot;<br \/>&#8211; VESA: 75&#215;75 y 100&#215;100<br \/>&#8211; Peso m&aacute;ximo soportado de pantalla: 8 kg<br \/>&#8211; Fabricado en materiales de alta resistencia<\/p>\n<table class=\"tabla_caracteristicas\" width=\"100%\">\n<tr>\n<td><strong>Marca<\/strong><\/td>\n<td>TooQ<\/td>\n<\/tr>\n<tr>\n<td><strong>Modelo<\/strong><\/td>\n<td><strong>DB1032TN-B<\/strong><\/td>\n<\/tr>\n<tr>\n<td><strong>Caracteristicas<\/strong><\/td>\n<td>&#8211; Pantallas soportadas: <strong>13&quot;- 32&quot;<\/strong><br \/>\t\t\t&#8211; Compatible con VESA: 75&#215;75 y 100&#215;100<br \/>\t\t\t&#8211; Peso m&aacute;ximo soportado de pantalla: 8 kg<br \/>\t\t\t&#8211; &Aacute;ngulo de inclinaci&oacute;n: +45&deg;\/-45&deg;<br \/>\t\t\t&#8211; &Aacute;ngulo de giro: +90&deg;\/-90&deg;<br \/>\t\t\t&#8211; &Aacute;ngulo de rotaci&oacute;n: +180&deg;\/-180&deg;<br \/>\t\t\t&#8211; Altura ajustable hasta 443 mm<br \/>\t\t\t&#8211; Extensi&oacute;n m&aacute;xima del brazo: 459 mm<br \/>\t\t\t&#8211; Instalaci&oacute;n mediante abrazadera o tornillo pasante<br \/>\t\t\t&#8211; Color: Negro<br \/>\t\t\t&#8211; Peso neto: 3,32 kg.<br \/>\t\t\t&#8211; Peso bruto: 3,90 kg<br \/>\t\t\t&#8211; Medidas del embalaje: 489 x 120 x 180 mm<br \/>\t\t\t<strong>Contenido<\/strong><br \/>\t\t\t&#8211; 1 x Soporte<br \/>\t\t\t&#8211; 1 x Kit montaje (incluye herramientas)<br \/>\t\t\t&#8211; 1 x Manual de instalaci&oacute;n<\/td>\n<\/tr>\n<tr>\n<td><strong>Fecha de revisi&oacute;n<\/strong><\/td>\n<td>09-07-2021 por MSB<\/td>\n<\/tr>\n<\/table>\n","protected":false},"excerpt":{"rendered":"<p>DB1032TN-BSoporte de mesa para pantallas 13&quot;-32&quot;&#8211; VESA: 75&#215;75 y 100&#215;100&#8211; Peso m&aacute;ximo soportado de pantalla: 8 kg&#8211; Fabricado en materiales de alta resistencia Marca TooQ Modelo DB1032TN-B Caracteristicas &#8211; Pantallas soportadas: 13&quot;- 32&quot; &#8211; Compatible con VESA: 75&#215;75 y 100&#215;100 &#8211; Peso m&aacute;ximo soportado de pantalla: 8 kg &#8211; &Aacute;ngulo de inclinaci&oacute;n: +45&deg;\/-45&deg; &#8211; &Aacute;ngulo&hellip;&nbsp;<a href=\"https:\/\/aivlisoft.net\/shop\/producto\/tooq-db1032tn-b-soporte-monitor-mesa-1brazo-13-32\/\" rel=\"bookmark\"><span class=\"screen-reader-text\">Tooq DB1032TN-B Soporte Monitor Mesa 1Brazo 13-32&#8243;<\/span><\/a><\/p>\n","protected":false},"featured_media":3247,"template":"","meta":{"neve_meta_sidebar":"","neve_meta_container":"","neve_meta_enable_content_width":"","neve_meta_content_width":0,"neve_meta_title_alignment":"","neve_meta_author_avatar":"","neve_post_elements_order":"","neve_meta_disable_header":"","neve_meta_disable_footer":"","neve_meta_disable_title":""},"product_brand":[],"product_cat":[15],"product_tag":[991],"class_list":{"0":"post-3246","1":"product","2":"type-product","3":"status-publish","4":"has-post-thumbnail","6":"product_cat-sin-categorizar","7":"product_tag-db1032tn-b","9":"first","10":"instock","11":"taxable","12":"shipping-taxable","13":"purchasable","14":"product-type-simple"},"yoast_head":"<!-- This site is optimized with the Yoast SEO plugin v26.0 - https:\/\/yoast.com\/wordpress\/plugins\/seo\/ -->\n<title>Tooq DB1032TN-B Soporte Monitor Mesa 1Brazo 13-32&quot; - Aivlisoft Inform\u00e1tica<\/title>\n<meta name=\"robots\" content=\"index, follow, max-snippet:-1, max-image-preview:large, max-video-preview:-1\" \/>\n<link rel=\"canonical\" href=\"https:\/\/aivlisoft.net\/shop\/producto\/tooq-db1032tn-b-soporte-monitor-mesa-1brazo-13-32\/\" \/>\n<meta property=\"og:locale\" content=\"es_ES\" \/>\n<meta property=\"og:type\" content=\"article\" \/>\n<meta property=\"og:title\" content=\"Tooq DB1032TN-B Soporte Monitor Mesa 1Brazo 13-32&quot; - Aivlisoft Inform\u00e1tica\" \/>\n<meta property=\"og:description\" content=\"DB1032TN-BSoporte de mesa para pantallas 13&quot;-32&quot;&#8211; VESA: 75&#215;75 y 100&#215;100&#8211; Peso m&aacute;ximo soportado de pantalla: 8 kg&#8211; Fabricado en materiales de alta resistencia Marca TooQ Modelo DB1032TN-B Caracteristicas &#8211; Pantallas soportadas: 13&quot;- 32&quot; &#8211; Compatible con VESA: 75&#215;75 y 100&#215;100 &#8211; Peso m&aacute;ximo soportado de pantalla: 8 kg &#8211; &Aacute;ngulo de inclinaci&oacute;n: +45&deg;\/-45&deg; &#8211; &Aacute;ngulo&hellip;&nbsp;Tooq DB1032TN-B Soporte Monitor Mesa 1Brazo 13-32&#8243;\" \/>\n<meta property=\"og:url\" content=\"https:\/\/aivlisoft.net\/shop\/producto\/tooq-db1032tn-b-soporte-monitor-mesa-1brazo-13-32\/\" \/>\n<meta property=\"og:site_name\" content=\"Aivlisoft Inform\u00e1tica\" \/>\n<meta property=\"article:modified_time\" content=\"2025-01-14T10:06:30+00:00\" \/>\n<meta property=\"og:image\" content=\"https:\/\/aivlisoft.net\/shop\/wp-content\/uploads\/2025\/01\/AISATV0217_800-1.jpg\" \/>\n\t<meta property=\"og:image:width\" content=\"800\" \/>\n\t<meta property=\"og:image:height\" content=\"800\" \/>\n\t<meta property=\"og:image:type\" content=\"image\/jpeg\" \/>\n<meta name=\"twitter:card\" content=\"summary_large_image\" \/>\n<meta name=\"twitter:label1\" content=\"Tiempo de lectura\" \/>\n\t<meta name=\"twitter:data1\" content=\"1 minuto\" \/>\n<script type=\"application\/ld+json\" class=\"yoast-schema-graph\">{\"@context\":\"https:\/\/schema.org\",\"@graph\":[{\"@type\":\"WebPage\",\"@id\":\"https:\/\/aivlisoft.net\/shop\/producto\/tooq-db1032tn-b-soporte-monitor-mesa-1brazo-13-32\/\",\"url\":\"https:\/\/aivlisoft.net\/shop\/producto\/tooq-db1032tn-b-soporte-monitor-mesa-1brazo-13-32\/\",\"name\":\"Tooq DB1032TN-B Soporte Monitor Mesa 1Brazo 13-32\\\" - Aivlisoft Inform\u00e1tica\",\"isPartOf\":{\"@id\":\"https:\/\/aivlisoft.net\/shop\/#website\"},\"primaryImageOfPage\":{\"@id\":\"https:\/\/aivlisoft.net\/shop\/producto\/tooq-db1032tn-b-soporte-monitor-mesa-1brazo-13-32\/#primaryimage\"},\"image\":{\"@id\":\"https:\/\/aivlisoft.net\/shop\/producto\/tooq-db1032tn-b-soporte-monitor-mesa-1brazo-13-32\/#primaryimage\"},\"thumbnailUrl\":\"https:\/\/aivlisoft.net\/shop\/wp-content\/uploads\/2025\/01\/AISATV0217_800-1.jpg\",\"datePublished\":\"2025-01-13T13:13:04+00:00\",\"dateModified\":\"2025-01-14T10:06:30+00:00\",\"breadcrumb\":{\"@id\":\"https:\/\/aivlisoft.net\/shop\/producto\/tooq-db1032tn-b-soporte-monitor-mesa-1brazo-13-32\/#breadcrumb\"},\"inLanguage\":\"es\",\"potentialAction\":[{\"@type\":\"ReadAction\",\"target\":[\"https:\/\/aivlisoft.net\/shop\/producto\/tooq-db1032tn-b-soporte-monitor-mesa-1brazo-13-32\/\"]}]},{\"@type\":\"ImageObject\",\"inLanguage\":\"es\",\"@id\":\"https:\/\/aivlisoft.net\/shop\/producto\/tooq-db1032tn-b-soporte-monitor-mesa-1brazo-13-32\/#primaryimage\",\"url\":\"https:\/\/aivlisoft.net\/shop\/wp-content\/uploads\/2025\/01\/AISATV0217_800-1.jpg\",\"contentUrl\":\"https:\/\/aivlisoft.net\/shop\/wp-content\/uploads\/2025\/01\/AISATV0217_800-1.jpg\",\"width\":800,\"height\":800},{\"@type\":\"BreadcrumbList\",\"@id\":\"https:\/\/aivlisoft.net\/shop\/producto\/tooq-db1032tn-b-soporte-monitor-mesa-1brazo-13-32\/#breadcrumb\",\"itemListElement\":[{\"@type\":\"ListItem\",\"position\":1,\"name\":\"Portada\",\"item\":\"https:\/\/aivlisoft.net\/shop\/\"},{\"@type\":\"ListItem\",\"position\":2,\"name\":\"Tienda\",\"item\":\"https:\/\/aivlisoft.net\/shop\/tienda\/\"},{\"@type\":\"ListItem\",\"position\":3,\"name\":\"Tooq DB1032TN-B Soporte Monitor Mesa 1Brazo 13-32&#8243;\"}]},{\"@type\":\"WebSite\",\"@id\":\"https:\/\/aivlisoft.net\/shop\/#website\",\"url\":\"https:\/\/aivlisoft.net\/shop\/\",\"name\":\"Aivlisoft Inform\u00e1tica\",\"description\":\"En Aivlisoft Inform\u00e1tica ofrecemos soluciones tecnol\u00f3gicas para empresas: venta de ordenadores, consumibles, perif\u00e9ricos y m\u00e1s. Calidad, atenci\u00f3n personalizada y los mejores precios para tu negocio.\",\"publisher\":{\"@id\":\"https:\/\/aivlisoft.net\/shop\/#organization\"},\"potentialAction\":[{\"@type\":\"SearchAction\",\"target\":{\"@type\":\"EntryPoint\",\"urlTemplate\":\"https:\/\/aivlisoft.net\/shop\/?s={search_term_string}\"},\"query-input\":{\"@type\":\"PropertyValueSpecification\",\"valueRequired\":true,\"valueName\":\"search_term_string\"}}],\"inLanguage\":\"es\"},{\"@type\":\"Organization\",\"@id\":\"https:\/\/aivlisoft.net\/shop\/#organization\",\"name\":\"Aivlisoft Inform\u00e1tica\",\"url\":\"https:\/\/aivlisoft.net\/shop\/\",\"logo\":{\"@type\":\"ImageObject\",\"inLanguage\":\"es\",\"@id\":\"https:\/\/aivlisoft.net\/shop\/#\/schema\/logo\/image\/\",\"url\":\"https:\/\/aivlisoft.net\/shop\/wp-content\/uploads\/2024\/12\/removal.ai_5b848c54-0cdf-4140-95c5-c5536bb7573b-logodef.png\",\"contentUrl\":\"https:\/\/aivlisoft.net\/shop\/wp-content\/uploads\/2024\/12\/removal.ai_5b848c54-0cdf-4140-95c5-c5536bb7573b-logodef.png\",\"width\":484,\"height\":182,\"caption\":\"Aivlisoft Inform\u00e1tica\"},\"image\":{\"@id\":\"https:\/\/aivlisoft.net\/shop\/#\/schema\/logo\/image\/\"}}]}<\/script>\n<!-- \/ Yoast SEO plugin. -->","yoast_head_json":{"title":"Tooq DB1032TN-B Soporte Monitor Mesa 1Brazo 13-32\" - Aivlisoft Inform\u00e1tica","robots":{"index":"index","follow":"follow","max-snippet":"max-snippet:-1","max-image-preview":"max-image-preview:large","max-video-preview":"max-video-preview:-1"},"canonical":"https:\/\/aivlisoft.net\/shop\/producto\/tooq-db1032tn-b-soporte-monitor-mesa-1brazo-13-32\/","og_locale":"es_ES","og_type":"article","og_title":"Tooq DB1032TN-B Soporte Monitor Mesa 1Brazo 13-32\" - Aivlisoft Inform\u00e1tica","og_description":"DB1032TN-BSoporte de mesa para pantallas 13&quot;-32&quot;&#8211; VESA: 75&#215;75 y 100&#215;100&#8211; Peso m&aacute;ximo soportado de pantalla: 8 kg&#8211; Fabricado en materiales de alta resistencia Marca TooQ Modelo DB1032TN-B Caracteristicas &#8211; Pantallas soportadas: 13&quot;- 32&quot; &#8211; Compatible con VESA: 75&#215;75 y 100&#215;100 &#8211; Peso m&aacute;ximo soportado de pantalla: 8 kg &#8211; &Aacute;ngulo de inclinaci&oacute;n: +45&deg;\/-45&deg; &#8211; &Aacute;ngulo&hellip;&nbsp;Tooq DB1032TN-B Soporte Monitor Mesa 1Brazo 13-32&#8243;","og_url":"https:\/\/aivlisoft.net\/shop\/producto\/tooq-db1032tn-b-soporte-monitor-mesa-1brazo-13-32\/","og_site_name":"Aivlisoft Inform\u00e1tica","article_modified_time":"2025-01-14T10:06:30+00:00","og_image":[{"width":800,"height":800,"url":"https:\/\/aivlisoft.net\/shop\/wp-content\/uploads\/2025\/01\/AISATV0217_800-1.jpg","type":"image\/jpeg"}],"twitter_card":"summary_large_image","twitter_misc":{"Tiempo de lectura":"1 minuto"},"schema":{"@context":"https:\/\/schema.org","@graph":[{"@type":"WebPage","@id":"https:\/\/aivlisoft.net\/shop\/producto\/tooq-db1032tn-b-soporte-monitor-mesa-1brazo-13-32\/","url":"https:\/\/aivlisoft.net\/shop\/producto\/tooq-db1032tn-b-soporte-monitor-mesa-1brazo-13-32\/","name":"Tooq DB1032TN-B Soporte Monitor Mesa 1Brazo 13-32\" - Aivlisoft Inform\u00e1tica","isPartOf":{"@id":"https:\/\/aivlisoft.net\/shop\/#website"},"primaryImageOfPage":{"@id":"https:\/\/aivlisoft.net\/shop\/producto\/tooq-db1032tn-b-soporte-monitor-mesa-1brazo-13-32\/#primaryimage"},"image":{"@id":"https:\/\/aivlisoft.net\/shop\/producto\/tooq-db1032tn-b-soporte-monitor-mesa-1brazo-13-32\/#primaryimage"},"thumbnailUrl":"https:\/\/aivlisoft.net\/shop\/wp-content\/uploads\/2025\/01\/AISATV0217_800-1.jpg","datePublished":"2025-01-13T13:13:04+00:00","dateModified":"2025-01-14T10:06:30+00:00","breadcrumb":{"@id":"https:\/\/aivlisoft.net\/shop\/producto\/tooq-db1032tn-b-soporte-monitor-mesa-1brazo-13-32\/#breadcrumb"},"inLanguage":"es","potentialAction":[{"@type":"ReadAction","target":["https:\/\/aivlisoft.net\/shop\/producto\/tooq-db1032tn-b-soporte-monitor-mesa-1brazo-13-32\/"]}]},{"@type":"ImageObject","inLanguage":"es","@id":"https:\/\/aivlisoft.net\/shop\/producto\/tooq-db1032tn-b-soporte-monitor-mesa-1brazo-13-32\/#primaryimage","url":"https:\/\/aivlisoft.net\/shop\/wp-content\/uploads\/2025\/01\/AISATV0217_800-1.jpg","contentUrl":"https:\/\/aivlisoft.net\/shop\/wp-content\/uploads\/2025\/01\/AISATV0217_800-1.jpg","width":800,"height":800},{"@type":"BreadcrumbList","@id":"https:\/\/aivlisoft.net\/shop\/producto\/tooq-db1032tn-b-soporte-monitor-mesa-1brazo-13-32\/#breadcrumb","itemListElement":[{"@type":"ListItem","position":1,"name":"Portada","item":"https:\/\/aivlisoft.net\/shop\/"},{"@type":"ListItem","position":2,"name":"Tienda","item":"https:\/\/aivlisoft.net\/shop\/tienda\/"},{"@type":"ListItem","position":3,"name":"Tooq DB1032TN-B Soporte Monitor Mesa 1Brazo 13-32&#8243;"}]},{"@type":"WebSite","@id":"https:\/\/aivlisoft.net\/shop\/#website","url":"https:\/\/aivlisoft.net\/shop\/","name":"Aivlisoft Inform\u00e1tica","description":"En Aivlisoft Inform\u00e1tica ofrecemos soluciones tecnol\u00f3gicas para empresas: venta de ordenadores, consumibles, perif\u00e9ricos y m\u00e1s. Calidad, atenci\u00f3n personalizada y los mejores precios para tu negocio.","publisher":{"@id":"https:\/\/aivlisoft.net\/shop\/#organization"},"potentialAction":[{"@type":"SearchAction","target":{"@type":"EntryPoint","urlTemplate":"https:\/\/aivlisoft.net\/shop\/?s={search_term_string}"},"query-input":{"@type":"PropertyValueSpecification","valueRequired":true,"valueName":"search_term_string"}}],"inLanguage":"es"},{"@type":"Organization","@id":"https:\/\/aivlisoft.net\/shop\/#organization","name":"Aivlisoft Inform\u00e1tica","url":"https:\/\/aivlisoft.net\/shop\/","logo":{"@type":"ImageObject","inLanguage":"es","@id":"https:\/\/aivlisoft.net\/shop\/#\/schema\/logo\/image\/","url":"https:\/\/aivlisoft.net\/shop\/wp-content\/uploads\/2024\/12\/removal.ai_5b848c54-0cdf-4140-95c5-c5536bb7573b-logodef.png","contentUrl":"https:\/\/aivlisoft.net\/shop\/wp-content\/uploads\/2024\/12\/removal.ai_5b848c54-0cdf-4140-95c5-c5536bb7573b-logodef.png","width":484,"height":182,"caption":"Aivlisoft Inform\u00e1tica"},"image":{"@id":"https:\/\/aivlisoft.net\/shop\/#\/schema\/logo\/image\/"}}]}},"_links":{"self":[{"href":"https:\/\/aivlisoft.net\/shop\/wp-json\/wp\/v2\/product\/3246","targetHints":{"allow":["GET"]}}],"collection":[{"href":"https:\/\/aivlisoft.net\/shop\/wp-json\/wp\/v2\/product"}],"about":[{"href":"https:\/\/aivlisoft.net\/shop\/wp-json\/wp\/v2\/types\/product"}],"wp:featuredmedia":[{"embeddable":true,"href":"https:\/\/aivlisoft.net\/shop\/wp-json\/wp\/v2\/media\/3247"}],"wp:attachment":[{"href":"https:\/\/aivlisoft.net\/shop\/wp-json\/wp\/v2\/media?parent=3246"}],"wp:term":[{"taxonomy":"product_brand","embeddable":true,"href":"https:\/\/aivlisoft.net\/shop\/wp-json\/wp\/v2\/product_brand?post=3246"},{"taxonomy":"product_cat","embeddable":true,"href":"https:\/\/aivlisoft.net\/shop\/wp-json\/wp\/v2\/product_cat?post=3246"},{"taxonomy":"product_tag","embeddable":true,"href":"https:\/\/aivlisoft.net\/shop\/wp-json\/wp\/v2\/product_tag?post=3246"}],"curies":[{"name":"wp","href":"https:\/\/api.w.org\/{rel}","templated":true}]}}