{"id":3220,"date":"2025-01-13T13:12:56","date_gmt":"2025-01-13T13:12:56","guid":{"rendered":"https:\/\/aivlisoft.com\/?post_type=product&#038;p=3220"},"modified":"2025-01-14T10:06:20","modified_gmt":"2025-01-14T10:06:20","slug":"ewent-ew1512-soporte-mesa-2-monitor-13-32","status":"publish","type":"product","link":"https:\/\/aivlisoft.net\/shop\/producto\/ewent-ew1512-soporte-mesa-2-monitor-13-32\/","title":{"rendered":"EWENT EW1512 Soporte mesa 2 monitor 13-32&#8243;"},"content":{"rendered":"<p>Cree un entorno de trabajo ergon&oacute;mico y con ahorro de espacio mediante el soporte de escritorio LCD dual Ewent <strong>EW1512<\/strong>. Coloque dos pantallas a la altura y con el &aacute;ngulo de visualizaci&oacute;n ideales para conseguir una postura mejor y, de esta manera, evitar dolencias de espalda, cuello y hombros. El soporte de escritorio dual Ewent <strong>EW1512 <\/strong>es adecuado para pantallas de hasta 32 pulgadas y es f&aacute;cil de acoplar al escritorio a trav&eacute;s de un abrazadera o soporte con ranura.<\/p>\n<p>La altura y profundidad de su <strong>EW1512 <\/strong>se puede ajustar f&aacute;cilmente sin herramientas mediante su pr&aacute;ctico sistema de tornillos de palanca. Incline, gire y rote las pantallas para crear un espacio de trabajo ergon&oacute;mico ideal para reducir el riesgo de dolencias de cuello y espalda. Los cables permanecen ocultos gracias al sistema de administraci&oacute;n de cables.<\/p>\n<p>Su Ewent <strong>EW1512 <\/strong>tiene tres puntos de giro por monitor para establecer la distancia de visualizaci&oacute;n ideal. El soporte para escritorio de Ewent es adecuado para dos pantallas de hasta 32 pulgadas con un peso m&aacute;ximo de 8 kg cada una. Su <strong>EW1512 <\/strong>cuenta con un soporte VESA de 75&#215;75 mm y 100&#215;100 mm. El sistema de instalaci&oacute;n sencillo posibilita el acoplamiento de dos monitores al soporte de escritorio sin que necesite ayuda de nadie. El soporte de escritorio Ewent cuenta con todo lo necesario para el montaje tanto para soporte de abrazadera como para soporte de ranura.<\/p>\n<p>&nbsp;<\/p>\n<table class=\"tabla_caracteristicas\" width=\"100%\">\n<tr>\n<td><strong>Marca<\/strong><\/td>\n<td>Ewent<\/td>\n<\/tr>\n<tr>\n<td><strong>Modelo<\/strong><\/td>\n<td><strong>EW1512<\/strong><\/td>\n<\/tr>\n<tr>\n<td><strong>Caracter&iacute;sticas<\/strong><\/td>\n<td>&#8211; Material: Aluminio, Acero, Pl&aacute;stico<br \/>\t\t\t&#8211; Acabado superficial: recubrimiento en polvo<br \/>\t\t\t&#8211; De color negro<br \/>\t\t\t&#8211; Tama&ntilde;o del producto: 920 x 600 x 120mm<br \/>\t\t\t&#8211; Instalaci&oacute;n: abrazadera, montaje de escritorio<br \/>\t\t\t&#8211; Tama&ntilde;o de pantalla sugerido: 13&#8243; &#8211; 32&#8243;<br \/>\t\t\t&#8211; Adecuado para: 2 pantallas<br \/>\t\t\t&#8211; Rango de capacidad de peso: 0-8 kg<br \/>\t\t\t&#8211; Carga nominal: 8 kg por pantalla<br \/>\t\t\t&#8211; VESA: 100&#215;100, 75&#215;75<br \/>\t\t\t&#8211; Puntos de pivote: 3<br \/>\t\t\t&#8211; Inclinaci&oacute;n: + 90&deg; ~ -90 &deg;<br \/>\t\t\t&#8211; Giratorio: 360&deg;<br \/>\t\t\t&#8211; Girar: 360&deg;<br \/>\t\t\t&#8211; Brazo extendido: 440 mm<br \/>\t\t\t&#8211; Altura: 450 mm<br \/>\t\t\t&#8211; Grueso de la abrazadera: 10 mm-88 mm<br \/>\t\t\t&#8211; Libremente ajustable en altura: S&iacute;<br \/>\t\t\t&#8211; Alineaci&oacute;n de pantalla individual: S&iacute;<br \/>\t\t\t&#8211; Gesti&oacute;n de cable: S&iacute;<\/td>\n<\/tr>\n<tr>\n<td><strong>Fecha de revisi&oacute;n<\/strong><\/td>\n<td>26-06-2023 por RTY<\/td>\n<\/tr>\n<\/table>\n","protected":false},"excerpt":{"rendered":"<p>Cree un entorno de trabajo ergon&oacute;mico y con ahorro de espacio mediante el soporte de escritorio LCD dual Ewent EW1512. Coloque dos pantallas a la altura y con el &aacute;ngulo de visualizaci&oacute;n ideales para conseguir una postura mejor y, de esta manera, evitar dolencias de espalda, cuello y hombros. El soporte de escritorio dual Ewent&hellip;&nbsp;<a href=\"https:\/\/aivlisoft.net\/shop\/producto\/ewent-ew1512-soporte-mesa-2-monitor-13-32\/\" rel=\"bookmark\"><span class=\"screen-reader-text\">EWENT EW1512 Soporte mesa 2 monitor 13-32&#8243;<\/span><\/a><\/p>\n","protected":false},"featured_media":3221,"template":"","meta":{"neve_meta_sidebar":"","neve_meta_container":"","neve_meta_enable_content_width":"","neve_meta_content_width":0,"neve_meta_title_alignment":"","neve_meta_author_avatar":"","neve_post_elements_order":"","neve_meta_disable_header":"","neve_meta_disable_footer":"","neve_meta_disable_title":""},"product_brand":[],"product_cat":[15],"product_tag":[985],"class_list":{"0":"post-3220","1":"product","2":"type-product","3":"status-publish","4":"has-post-thumbnail","6":"product_cat-sin-categorizar","7":"product_tag-ew1512","9":"first","10":"instock","11":"taxable","12":"shipping-taxable","13":"purchasable","14":"product-type-simple"},"yoast_head":"<!-- This site is optimized with the Yoast SEO plugin v26.0 - https:\/\/yoast.com\/wordpress\/plugins\/seo\/ -->\n<title>EWENT EW1512 Soporte mesa 2 monitor 13-32&quot; - Aivlisoft Inform\u00e1tica<\/title>\n<meta name=\"robots\" content=\"index, follow, max-snippet:-1, max-image-preview:large, max-video-preview:-1\" \/>\n<link rel=\"canonical\" href=\"https:\/\/aivlisoft.net\/shop\/producto\/ewent-ew1512-soporte-mesa-2-monitor-13-32\/\" \/>\n<meta property=\"og:locale\" content=\"es_ES\" \/>\n<meta property=\"og:type\" content=\"article\" \/>\n<meta property=\"og:title\" content=\"EWENT EW1512 Soporte mesa 2 monitor 13-32&quot; - Aivlisoft Inform\u00e1tica\" \/>\n<meta property=\"og:description\" content=\"Cree un entorno de trabajo ergon&oacute;mico y con ahorro de espacio mediante el soporte de escritorio LCD dual Ewent EW1512. Coloque dos pantallas a la altura y con el &aacute;ngulo de visualizaci&oacute;n ideales para conseguir una postura mejor y, de esta manera, evitar dolencias de espalda, cuello y hombros. El soporte de escritorio dual Ewent&hellip;&nbsp;EWENT EW1512 Soporte mesa 2 monitor 13-32&#8243;\" \/>\n<meta property=\"og:url\" content=\"https:\/\/aivlisoft.net\/shop\/producto\/ewent-ew1512-soporte-mesa-2-monitor-13-32\/\" \/>\n<meta property=\"og:site_name\" content=\"Aivlisoft Inform\u00e1tica\" \/>\n<meta property=\"article:modified_time\" content=\"2025-01-14T10:06:20+00:00\" \/>\n<meta property=\"og:image\" content=\"https:\/\/aivlisoft.net\/shop\/wp-content\/uploads\/2025\/01\/AISATV0202_800-1.jpg\" \/>\n\t<meta property=\"og:image:width\" content=\"800\" \/>\n\t<meta property=\"og:image:height\" content=\"800\" \/>\n\t<meta property=\"og:image:type\" content=\"image\/jpeg\" \/>\n<meta name=\"twitter:card\" content=\"summary_large_image\" \/>\n<meta name=\"twitter:label1\" content=\"Tiempo de lectura\" \/>\n\t<meta name=\"twitter:data1\" content=\"2 minutos\" \/>\n<script type=\"application\/ld+json\" class=\"yoast-schema-graph\">{\"@context\":\"https:\/\/schema.org\",\"@graph\":[{\"@type\":\"WebPage\",\"@id\":\"https:\/\/aivlisoft.net\/shop\/producto\/ewent-ew1512-soporte-mesa-2-monitor-13-32\/\",\"url\":\"https:\/\/aivlisoft.net\/shop\/producto\/ewent-ew1512-soporte-mesa-2-monitor-13-32\/\",\"name\":\"EWENT EW1512 Soporte mesa 2 monitor 13-32\\\" - Aivlisoft Inform\u00e1tica\",\"isPartOf\":{\"@id\":\"https:\/\/aivlisoft.net\/shop\/#website\"},\"primaryImageOfPage\":{\"@id\":\"https:\/\/aivlisoft.net\/shop\/producto\/ewent-ew1512-soporte-mesa-2-monitor-13-32\/#primaryimage\"},\"image\":{\"@id\":\"https:\/\/aivlisoft.net\/shop\/producto\/ewent-ew1512-soporte-mesa-2-monitor-13-32\/#primaryimage\"},\"thumbnailUrl\":\"https:\/\/aivlisoft.net\/shop\/wp-content\/uploads\/2025\/01\/AISATV0202_800-1.jpg\",\"datePublished\":\"2025-01-13T13:12:56+00:00\",\"dateModified\":\"2025-01-14T10:06:20+00:00\",\"breadcrumb\":{\"@id\":\"https:\/\/aivlisoft.net\/shop\/producto\/ewent-ew1512-soporte-mesa-2-monitor-13-32\/#breadcrumb\"},\"inLanguage\":\"es\",\"potentialAction\":[{\"@type\":\"ReadAction\",\"target\":[\"https:\/\/aivlisoft.net\/shop\/producto\/ewent-ew1512-soporte-mesa-2-monitor-13-32\/\"]}]},{\"@type\":\"ImageObject\",\"inLanguage\":\"es\",\"@id\":\"https:\/\/aivlisoft.net\/shop\/producto\/ewent-ew1512-soporte-mesa-2-monitor-13-32\/#primaryimage\",\"url\":\"https:\/\/aivlisoft.net\/shop\/wp-content\/uploads\/2025\/01\/AISATV0202_800-1.jpg\",\"contentUrl\":\"https:\/\/aivlisoft.net\/shop\/wp-content\/uploads\/2025\/01\/AISATV0202_800-1.jpg\",\"width\":800,\"height\":800},{\"@type\":\"BreadcrumbList\",\"@id\":\"https:\/\/aivlisoft.net\/shop\/producto\/ewent-ew1512-soporte-mesa-2-monitor-13-32\/#breadcrumb\",\"itemListElement\":[{\"@type\":\"ListItem\",\"position\":1,\"name\":\"Portada\",\"item\":\"https:\/\/aivlisoft.net\/shop\/\"},{\"@type\":\"ListItem\",\"position\":2,\"name\":\"Tienda\",\"item\":\"https:\/\/aivlisoft.net\/shop\/tienda\/\"},{\"@type\":\"ListItem\",\"position\":3,\"name\":\"EWENT EW1512 Soporte mesa 2 monitor 13-32&#8243;\"}]},{\"@type\":\"WebSite\",\"@id\":\"https:\/\/aivlisoft.net\/shop\/#website\",\"url\":\"https:\/\/aivlisoft.net\/shop\/\",\"name\":\"Aivlisoft Inform\u00e1tica\",\"description\":\"En Aivlisoft Inform\u00e1tica ofrecemos soluciones tecnol\u00f3gicas para empresas: venta de ordenadores, consumibles, perif\u00e9ricos y m\u00e1s. Calidad, atenci\u00f3n personalizada y los mejores precios para tu negocio.\",\"publisher\":{\"@id\":\"https:\/\/aivlisoft.net\/shop\/#organization\"},\"potentialAction\":[{\"@type\":\"SearchAction\",\"target\":{\"@type\":\"EntryPoint\",\"urlTemplate\":\"https:\/\/aivlisoft.net\/shop\/?s={search_term_string}\"},\"query-input\":{\"@type\":\"PropertyValueSpecification\",\"valueRequired\":true,\"valueName\":\"search_term_string\"}}],\"inLanguage\":\"es\"},{\"@type\":\"Organization\",\"@id\":\"https:\/\/aivlisoft.net\/shop\/#organization\",\"name\":\"Aivlisoft Inform\u00e1tica\",\"url\":\"https:\/\/aivlisoft.net\/shop\/\",\"logo\":{\"@type\":\"ImageObject\",\"inLanguage\":\"es\",\"@id\":\"https:\/\/aivlisoft.net\/shop\/#\/schema\/logo\/image\/\",\"url\":\"https:\/\/aivlisoft.net\/shop\/wp-content\/uploads\/2024\/12\/removal.ai_5b848c54-0cdf-4140-95c5-c5536bb7573b-logodef.png\",\"contentUrl\":\"https:\/\/aivlisoft.net\/shop\/wp-content\/uploads\/2024\/12\/removal.ai_5b848c54-0cdf-4140-95c5-c5536bb7573b-logodef.png\",\"width\":484,\"height\":182,\"caption\":\"Aivlisoft Inform\u00e1tica\"},\"image\":{\"@id\":\"https:\/\/aivlisoft.net\/shop\/#\/schema\/logo\/image\/\"}}]}<\/script>\n<!-- \/ Yoast SEO plugin. -->","yoast_head_json":{"title":"EWENT EW1512 Soporte mesa 2 monitor 13-32\" - Aivlisoft Inform\u00e1tica","robots":{"index":"index","follow":"follow","max-snippet":"max-snippet:-1","max-image-preview":"max-image-preview:large","max-video-preview":"max-video-preview:-1"},"canonical":"https:\/\/aivlisoft.net\/shop\/producto\/ewent-ew1512-soporte-mesa-2-monitor-13-32\/","og_locale":"es_ES","og_type":"article","og_title":"EWENT EW1512 Soporte mesa 2 monitor 13-32\" - Aivlisoft Inform\u00e1tica","og_description":"Cree un entorno de trabajo ergon&oacute;mico y con ahorro de espacio mediante el soporte de escritorio LCD dual Ewent EW1512. Coloque dos pantallas a la altura y con el &aacute;ngulo de visualizaci&oacute;n ideales para conseguir una postura mejor y, de esta manera, evitar dolencias de espalda, cuello y hombros. El soporte de escritorio dual Ewent&hellip;&nbsp;EWENT EW1512 Soporte mesa 2 monitor 13-32&#8243;","og_url":"https:\/\/aivlisoft.net\/shop\/producto\/ewent-ew1512-soporte-mesa-2-monitor-13-32\/","og_site_name":"Aivlisoft Inform\u00e1tica","article_modified_time":"2025-01-14T10:06:20+00:00","og_image":[{"width":800,"height":800,"url":"https:\/\/aivlisoft.net\/shop\/wp-content\/uploads\/2025\/01\/AISATV0202_800-1.jpg","type":"image\/jpeg"}],"twitter_card":"summary_large_image","twitter_misc":{"Tiempo de lectura":"2 minutos"},"schema":{"@context":"https:\/\/schema.org","@graph":[{"@type":"WebPage","@id":"https:\/\/aivlisoft.net\/shop\/producto\/ewent-ew1512-soporte-mesa-2-monitor-13-32\/","url":"https:\/\/aivlisoft.net\/shop\/producto\/ewent-ew1512-soporte-mesa-2-monitor-13-32\/","name":"EWENT EW1512 Soporte mesa 2 monitor 13-32\" - Aivlisoft Inform\u00e1tica","isPartOf":{"@id":"https:\/\/aivlisoft.net\/shop\/#website"},"primaryImageOfPage":{"@id":"https:\/\/aivlisoft.net\/shop\/producto\/ewent-ew1512-soporte-mesa-2-monitor-13-32\/#primaryimage"},"image":{"@id":"https:\/\/aivlisoft.net\/shop\/producto\/ewent-ew1512-soporte-mesa-2-monitor-13-32\/#primaryimage"},"thumbnailUrl":"https:\/\/aivlisoft.net\/shop\/wp-content\/uploads\/2025\/01\/AISATV0202_800-1.jpg","datePublished":"2025-01-13T13:12:56+00:00","dateModified":"2025-01-14T10:06:20+00:00","breadcrumb":{"@id":"https:\/\/aivlisoft.net\/shop\/producto\/ewent-ew1512-soporte-mesa-2-monitor-13-32\/#breadcrumb"},"inLanguage":"es","potentialAction":[{"@type":"ReadAction","target":["https:\/\/aivlisoft.net\/shop\/producto\/ewent-ew1512-soporte-mesa-2-monitor-13-32\/"]}]},{"@type":"ImageObject","inLanguage":"es","@id":"https:\/\/aivlisoft.net\/shop\/producto\/ewent-ew1512-soporte-mesa-2-monitor-13-32\/#primaryimage","url":"https:\/\/aivlisoft.net\/shop\/wp-content\/uploads\/2025\/01\/AISATV0202_800-1.jpg","contentUrl":"https:\/\/aivlisoft.net\/shop\/wp-content\/uploads\/2025\/01\/AISATV0202_800-1.jpg","width":800,"height":800},{"@type":"BreadcrumbList","@id":"https:\/\/aivlisoft.net\/shop\/producto\/ewent-ew1512-soporte-mesa-2-monitor-13-32\/#breadcrumb","itemListElement":[{"@type":"ListItem","position":1,"name":"Portada","item":"https:\/\/aivlisoft.net\/shop\/"},{"@type":"ListItem","position":2,"name":"Tienda","item":"https:\/\/aivlisoft.net\/shop\/tienda\/"},{"@type":"ListItem","position":3,"name":"EWENT EW1512 Soporte mesa 2 monitor 13-32&#8243;"}]},{"@type":"WebSite","@id":"https:\/\/aivlisoft.net\/shop\/#website","url":"https:\/\/aivlisoft.net\/shop\/","name":"Aivlisoft Inform\u00e1tica","description":"En Aivlisoft Inform\u00e1tica ofrecemos soluciones tecnol\u00f3gicas para empresas: venta de ordenadores, consumibles, perif\u00e9ricos y m\u00e1s. Calidad, atenci\u00f3n personalizada y los mejores precios para tu negocio.","publisher":{"@id":"https:\/\/aivlisoft.net\/shop\/#organization"},"potentialAction":[{"@type":"SearchAction","target":{"@type":"EntryPoint","urlTemplate":"https:\/\/aivlisoft.net\/shop\/?s={search_term_string}"},"query-input":{"@type":"PropertyValueSpecification","valueRequired":true,"valueName":"search_term_string"}}],"inLanguage":"es"},{"@type":"Organization","@id":"https:\/\/aivlisoft.net\/shop\/#organization","name":"Aivlisoft Inform\u00e1tica","url":"https:\/\/aivlisoft.net\/shop\/","logo":{"@type":"ImageObject","inLanguage":"es","@id":"https:\/\/aivlisoft.net\/shop\/#\/schema\/logo\/image\/","url":"https:\/\/aivlisoft.net\/shop\/wp-content\/uploads\/2024\/12\/removal.ai_5b848c54-0cdf-4140-95c5-c5536bb7573b-logodef.png","contentUrl":"https:\/\/aivlisoft.net\/shop\/wp-content\/uploads\/2024\/12\/removal.ai_5b848c54-0cdf-4140-95c5-c5536bb7573b-logodef.png","width":484,"height":182,"caption":"Aivlisoft Inform\u00e1tica"},"image":{"@id":"https:\/\/aivlisoft.net\/shop\/#\/schema\/logo\/image\/"}}]}},"_links":{"self":[{"href":"https:\/\/aivlisoft.net\/shop\/wp-json\/wp\/v2\/product\/3220","targetHints":{"allow":["GET"]}}],"collection":[{"href":"https:\/\/aivlisoft.net\/shop\/wp-json\/wp\/v2\/product"}],"about":[{"href":"https:\/\/aivlisoft.net\/shop\/wp-json\/wp\/v2\/types\/product"}],"wp:featuredmedia":[{"embeddable":true,"href":"https:\/\/aivlisoft.net\/shop\/wp-json\/wp\/v2\/media\/3221"}],"wp:attachment":[{"href":"https:\/\/aivlisoft.net\/shop\/wp-json\/wp\/v2\/media?parent=3220"}],"wp:term":[{"taxonomy":"product_brand","embeddable":true,"href":"https:\/\/aivlisoft.net\/shop\/wp-json\/wp\/v2\/product_brand?post=3220"},{"taxonomy":"product_cat","embeddable":true,"href":"https:\/\/aivlisoft.net\/shop\/wp-json\/wp\/v2\/product_cat?post=3220"},{"taxonomy":"product_tag","embeddable":true,"href":"https:\/\/aivlisoft.net\/shop\/wp-json\/wp\/v2\/product_tag?post=3220"}],"curies":[{"name":"wp","href":"https:\/\/api.w.org\/{rel}","templated":true}]}}