{"id":3215,"date":"2025-01-13T13:12:55","date_gmt":"2025-01-13T13:12:55","guid":{"rendered":"https:\/\/aivlisoft.com\/?post_type=product&#038;p=3215"},"modified":"2025-01-14T10:06:19","modified_gmt":"2025-01-14T10:06:19","slug":"ewent-ew1510-soporte-mesa1-monitor-13-34","status":"publish","type":"product","link":"https:\/\/aivlisoft.net\/shop\/producto\/ewent-ew1510-soporte-mesa1-monitor-13-34\/","title":{"rendered":"EWENT EW1510 soporte mesa1 monitor 13-34&#8243;"},"content":{"rendered":"<p>Cree un entorno de trabajo ergon&oacute;mico y con ahorro de espacio mediante el soporte de escritorio LCD Ewent <strong>EW1510<\/strong>. Coloque el monitor a la altura y con el &aacute;ngulo de visualizaci&oacute;n ideales para conseguir una postura mejor y, de esta manera, evitar dolencias de espalda, cuello y hombros. El soporte de escritorio Ewent EW1510 es adecuado para pantallas de hasta 34 pulgadas y es f&aacute;cil de acoplar al escritorio a trav&eacute;s de un abrazadera o soporte con ranura.<\/p>\n<p>La altura y profundidad de su <strong>EW1510 <\/strong>se puede ajustar f&aacute;cilmente sin herramientas mediante su pr&aacute;ctico sistema de tornillos de palanca. Incline, gire y rote la pantalla para crear un espacio de trabajo ergon&oacute;mico ideal para reducir el riesgo de dolencias de cuello y espalda. Los cables permanecen ocultos gracias al sistema de administraci&oacute;n de cables.<\/p>\n<p>Su Ewent <strong>EW1510 <\/strong>tiene tres puntos de giro para establecer la distancia de visualizaci&oacute;n ideal. El soporte para escritorio de Ewent es adecuado para una pantalla de hasta 34 pulgadas con un peso m&aacute;ximo de 9 kg. Cuenta con un soporte VESA de 75&#215;75 mm y 100&#215;100 mm. El sistema de instalaci&oacute;n sencillo posibilita el acoplamiento de un monitor al soporte de escritorio sin que necesite ayuda de nadie. Cuenta con todo lo necesario para el montaje tanto para soporte de abrazadera como para soporte de ranura.<\/p>\n<table class=\"tabla_caracteristicas\" width=\"100%\">\n<tr>\n<td><strong>Marca<\/strong><\/td>\n<td>Ewent<\/td>\n<\/tr>\n<tr>\n<td><strong>Modelo<\/strong><\/td>\n<td><strong>EW1510<\/strong><\/td>\n<\/tr>\n<tr>\n<td><strong>Caracter&iacute;sticas<\/strong><\/td>\n<td>&#8211; Material: Aluminio, Acero, Pl&aacute;stico<br \/>\t\t\t&#8211; Acabado superficial: recubrimiento en polvo<br \/>\t\t\t&#8211; De color negro<br \/>\t\t\t&#8211; Tama&ntilde;o del producto: 480 x 600 x 120mm<br \/>\t\t\t&#8211; Instalaci&oacute;n: abrazadera, montaje de escritorio<br \/>\t\t\t&#8211; Tama&ntilde;o de pantalla sugerido: 13&#8243; &#8211; 34&#8243;<br \/>\t\t\t&#8211; Adecuado para: 1 pantalla<br \/>\t\t\t&#8211; Pantalla plana de carga m&aacute;xima: 9 kg<br \/>\t\t\t&#8211; Pantalla curva m&aacute;xima: 7 kg<br \/>\t\t\t&#8211; VESA: 100 x 100, 75 x 75<br \/>\t\t\t&#8211; Puntos de pivote: 3<br \/>\t\t\t&#8211; Inclinaci&oacute;n: + 90 &deg; ~ -90 &deg;<br \/>\t\t\t&#8211; Giratorio: 360 &deg;<br \/>\t\t\t&#8211; Girar: 360 &deg;<br \/>\t\t\t&#8211; Brazo extendido: 440 mm<br \/>\t\t\t&#8211; Altura: 445 mm<br \/>\t\t\t&#8211; Grueso de la abrazadera: 10 mm-88 mm<br \/>\t\t\t&#8211; Libremente ajustable en altura:<br \/>\t\t\t&#8211; Gesti&oacute;n de cable<\/td>\n<\/tr>\n<tr>\n<td><strong>Fecha de revisi&oacute;n<\/strong><\/td>\n<td>19-09-2024 por A<\/td>\n<\/tr>\n<\/table>\n","protected":false},"excerpt":{"rendered":"<p>Cree un entorno de trabajo ergon&oacute;mico y con ahorro de espacio mediante el soporte de escritorio LCD Ewent EW1510. Coloque el monitor a la altura y con el &aacute;ngulo de visualizaci&oacute;n ideales para conseguir una postura mejor y, de esta manera, evitar dolencias de espalda, cuello y hombros. El soporte de escritorio Ewent EW1510 es&hellip;&nbsp;<a href=\"https:\/\/aivlisoft.net\/shop\/producto\/ewent-ew1510-soporte-mesa1-monitor-13-34\/\" rel=\"bookmark\"><span class=\"screen-reader-text\">EWENT EW1510 soporte mesa1 monitor 13-34&#8243;<\/span><\/a><\/p>\n","protected":false},"featured_media":3216,"template":"","meta":{"neve_meta_sidebar":"","neve_meta_container":"","neve_meta_enable_content_width":"","neve_meta_content_width":0,"neve_meta_title_alignment":"","neve_meta_author_avatar":"","neve_post_elements_order":"","neve_meta_disable_header":"","neve_meta_disable_footer":"","neve_meta_disable_title":""},"product_brand":[],"product_cat":[15],"product_tag":[984],"class_list":{"0":"post-3215","1":"product","2":"type-product","3":"status-publish","4":"has-post-thumbnail","6":"product_cat-sin-categorizar","7":"product_tag-ew1510","9":"first","10":"instock","11":"taxable","12":"shipping-taxable","13":"purchasable","14":"product-type-simple"},"yoast_head":"<!-- This site is optimized with the Yoast SEO plugin v26.0 - https:\/\/yoast.com\/wordpress\/plugins\/seo\/ -->\n<title>EWENT EW1510 soporte mesa1 monitor 13-34&quot; - Aivlisoft Inform\u00e1tica<\/title>\n<meta name=\"robots\" content=\"index, follow, max-snippet:-1, max-image-preview:large, max-video-preview:-1\" \/>\n<link rel=\"canonical\" href=\"https:\/\/aivlisoft.net\/shop\/producto\/ewent-ew1510-soporte-mesa1-monitor-13-34\/\" \/>\n<meta property=\"og:locale\" content=\"es_ES\" \/>\n<meta property=\"og:type\" content=\"article\" \/>\n<meta property=\"og:title\" content=\"EWENT EW1510 soporte mesa1 monitor 13-34&quot; - Aivlisoft Inform\u00e1tica\" \/>\n<meta property=\"og:description\" content=\"Cree un entorno de trabajo ergon&oacute;mico y con ahorro de espacio mediante el soporte de escritorio LCD Ewent EW1510. Coloque el monitor a la altura y con el &aacute;ngulo de visualizaci&oacute;n ideales para conseguir una postura mejor y, de esta manera, evitar dolencias de espalda, cuello y hombros. El soporte de escritorio Ewent EW1510 es&hellip;&nbsp;EWENT EW1510 soporte mesa1 monitor 13-34&#8243;\" \/>\n<meta property=\"og:url\" content=\"https:\/\/aivlisoft.net\/shop\/producto\/ewent-ew1510-soporte-mesa1-monitor-13-34\/\" \/>\n<meta property=\"og:site_name\" content=\"Aivlisoft Inform\u00e1tica\" \/>\n<meta property=\"article:modified_time\" content=\"2025-01-14T10:06:19+00:00\" \/>\n<meta property=\"og:image\" content=\"https:\/\/aivlisoft.net\/shop\/wp-content\/uploads\/2025\/01\/AISATV0201_800-1.jpg\" \/>\n\t<meta property=\"og:image:width\" content=\"800\" \/>\n\t<meta property=\"og:image:height\" content=\"800\" \/>\n\t<meta property=\"og:image:type\" content=\"image\/jpeg\" \/>\n<meta name=\"twitter:card\" content=\"summary_large_image\" \/>\n<meta name=\"twitter:label1\" content=\"Tiempo de lectura\" \/>\n\t<meta name=\"twitter:data1\" content=\"2 minutos\" \/>\n<script type=\"application\/ld+json\" class=\"yoast-schema-graph\">{\"@context\":\"https:\/\/schema.org\",\"@graph\":[{\"@type\":\"WebPage\",\"@id\":\"https:\/\/aivlisoft.net\/shop\/producto\/ewent-ew1510-soporte-mesa1-monitor-13-34\/\",\"url\":\"https:\/\/aivlisoft.net\/shop\/producto\/ewent-ew1510-soporte-mesa1-monitor-13-34\/\",\"name\":\"EWENT EW1510 soporte mesa1 monitor 13-34\\\" - Aivlisoft Inform\u00e1tica\",\"isPartOf\":{\"@id\":\"https:\/\/aivlisoft.net\/shop\/#website\"},\"primaryImageOfPage\":{\"@id\":\"https:\/\/aivlisoft.net\/shop\/producto\/ewent-ew1510-soporte-mesa1-monitor-13-34\/#primaryimage\"},\"image\":{\"@id\":\"https:\/\/aivlisoft.net\/shop\/producto\/ewent-ew1510-soporte-mesa1-monitor-13-34\/#primaryimage\"},\"thumbnailUrl\":\"https:\/\/aivlisoft.net\/shop\/wp-content\/uploads\/2025\/01\/AISATV0201_800-1.jpg\",\"datePublished\":\"2025-01-13T13:12:55+00:00\",\"dateModified\":\"2025-01-14T10:06:19+00:00\",\"breadcrumb\":{\"@id\":\"https:\/\/aivlisoft.net\/shop\/producto\/ewent-ew1510-soporte-mesa1-monitor-13-34\/#breadcrumb\"},\"inLanguage\":\"es\",\"potentialAction\":[{\"@type\":\"ReadAction\",\"target\":[\"https:\/\/aivlisoft.net\/shop\/producto\/ewent-ew1510-soporte-mesa1-monitor-13-34\/\"]}]},{\"@type\":\"ImageObject\",\"inLanguage\":\"es\",\"@id\":\"https:\/\/aivlisoft.net\/shop\/producto\/ewent-ew1510-soporte-mesa1-monitor-13-34\/#primaryimage\",\"url\":\"https:\/\/aivlisoft.net\/shop\/wp-content\/uploads\/2025\/01\/AISATV0201_800-1.jpg\",\"contentUrl\":\"https:\/\/aivlisoft.net\/shop\/wp-content\/uploads\/2025\/01\/AISATV0201_800-1.jpg\",\"width\":800,\"height\":800},{\"@type\":\"BreadcrumbList\",\"@id\":\"https:\/\/aivlisoft.net\/shop\/producto\/ewent-ew1510-soporte-mesa1-monitor-13-34\/#breadcrumb\",\"itemListElement\":[{\"@type\":\"ListItem\",\"position\":1,\"name\":\"Portada\",\"item\":\"https:\/\/aivlisoft.net\/shop\/\"},{\"@type\":\"ListItem\",\"position\":2,\"name\":\"Tienda\",\"item\":\"https:\/\/aivlisoft.net\/shop\/tienda\/\"},{\"@type\":\"ListItem\",\"position\":3,\"name\":\"EWENT EW1510 soporte mesa1 monitor 13-34&#8243;\"}]},{\"@type\":\"WebSite\",\"@id\":\"https:\/\/aivlisoft.net\/shop\/#website\",\"url\":\"https:\/\/aivlisoft.net\/shop\/\",\"name\":\"Aivlisoft Inform\u00e1tica\",\"description\":\"En Aivlisoft Inform\u00e1tica ofrecemos soluciones tecnol\u00f3gicas para empresas: venta de ordenadores, consumibles, perif\u00e9ricos y m\u00e1s. Calidad, atenci\u00f3n personalizada y los mejores precios para tu negocio.\",\"publisher\":{\"@id\":\"https:\/\/aivlisoft.net\/shop\/#organization\"},\"potentialAction\":[{\"@type\":\"SearchAction\",\"target\":{\"@type\":\"EntryPoint\",\"urlTemplate\":\"https:\/\/aivlisoft.net\/shop\/?s={search_term_string}\"},\"query-input\":{\"@type\":\"PropertyValueSpecification\",\"valueRequired\":true,\"valueName\":\"search_term_string\"}}],\"inLanguage\":\"es\"},{\"@type\":\"Organization\",\"@id\":\"https:\/\/aivlisoft.net\/shop\/#organization\",\"name\":\"Aivlisoft Inform\u00e1tica\",\"url\":\"https:\/\/aivlisoft.net\/shop\/\",\"logo\":{\"@type\":\"ImageObject\",\"inLanguage\":\"es\",\"@id\":\"https:\/\/aivlisoft.net\/shop\/#\/schema\/logo\/image\/\",\"url\":\"https:\/\/aivlisoft.net\/shop\/wp-content\/uploads\/2024\/12\/removal.ai_5b848c54-0cdf-4140-95c5-c5536bb7573b-logodef.png\",\"contentUrl\":\"https:\/\/aivlisoft.net\/shop\/wp-content\/uploads\/2024\/12\/removal.ai_5b848c54-0cdf-4140-95c5-c5536bb7573b-logodef.png\",\"width\":484,\"height\":182,\"caption\":\"Aivlisoft Inform\u00e1tica\"},\"image\":{\"@id\":\"https:\/\/aivlisoft.net\/shop\/#\/schema\/logo\/image\/\"}}]}<\/script>\n<!-- \/ Yoast SEO plugin. -->","yoast_head_json":{"title":"EWENT EW1510 soporte mesa1 monitor 13-34\" - Aivlisoft Inform\u00e1tica","robots":{"index":"index","follow":"follow","max-snippet":"max-snippet:-1","max-image-preview":"max-image-preview:large","max-video-preview":"max-video-preview:-1"},"canonical":"https:\/\/aivlisoft.net\/shop\/producto\/ewent-ew1510-soporte-mesa1-monitor-13-34\/","og_locale":"es_ES","og_type":"article","og_title":"EWENT EW1510 soporte mesa1 monitor 13-34\" - Aivlisoft Inform\u00e1tica","og_description":"Cree un entorno de trabajo ergon&oacute;mico y con ahorro de espacio mediante el soporte de escritorio LCD Ewent EW1510. Coloque el monitor a la altura y con el &aacute;ngulo de visualizaci&oacute;n ideales para conseguir una postura mejor y, de esta manera, evitar dolencias de espalda, cuello y hombros. El soporte de escritorio Ewent EW1510 es&hellip;&nbsp;EWENT EW1510 soporte mesa1 monitor 13-34&#8243;","og_url":"https:\/\/aivlisoft.net\/shop\/producto\/ewent-ew1510-soporte-mesa1-monitor-13-34\/","og_site_name":"Aivlisoft Inform\u00e1tica","article_modified_time":"2025-01-14T10:06:19+00:00","og_image":[{"width":800,"height":800,"url":"https:\/\/aivlisoft.net\/shop\/wp-content\/uploads\/2025\/01\/AISATV0201_800-1.jpg","type":"image\/jpeg"}],"twitter_card":"summary_large_image","twitter_misc":{"Tiempo de lectura":"2 minutos"},"schema":{"@context":"https:\/\/schema.org","@graph":[{"@type":"WebPage","@id":"https:\/\/aivlisoft.net\/shop\/producto\/ewent-ew1510-soporte-mesa1-monitor-13-34\/","url":"https:\/\/aivlisoft.net\/shop\/producto\/ewent-ew1510-soporte-mesa1-monitor-13-34\/","name":"EWENT EW1510 soporte mesa1 monitor 13-34\" - Aivlisoft Inform\u00e1tica","isPartOf":{"@id":"https:\/\/aivlisoft.net\/shop\/#website"},"primaryImageOfPage":{"@id":"https:\/\/aivlisoft.net\/shop\/producto\/ewent-ew1510-soporte-mesa1-monitor-13-34\/#primaryimage"},"image":{"@id":"https:\/\/aivlisoft.net\/shop\/producto\/ewent-ew1510-soporte-mesa1-monitor-13-34\/#primaryimage"},"thumbnailUrl":"https:\/\/aivlisoft.net\/shop\/wp-content\/uploads\/2025\/01\/AISATV0201_800-1.jpg","datePublished":"2025-01-13T13:12:55+00:00","dateModified":"2025-01-14T10:06:19+00:00","breadcrumb":{"@id":"https:\/\/aivlisoft.net\/shop\/producto\/ewent-ew1510-soporte-mesa1-monitor-13-34\/#breadcrumb"},"inLanguage":"es","potentialAction":[{"@type":"ReadAction","target":["https:\/\/aivlisoft.net\/shop\/producto\/ewent-ew1510-soporte-mesa1-monitor-13-34\/"]}]},{"@type":"ImageObject","inLanguage":"es","@id":"https:\/\/aivlisoft.net\/shop\/producto\/ewent-ew1510-soporte-mesa1-monitor-13-34\/#primaryimage","url":"https:\/\/aivlisoft.net\/shop\/wp-content\/uploads\/2025\/01\/AISATV0201_800-1.jpg","contentUrl":"https:\/\/aivlisoft.net\/shop\/wp-content\/uploads\/2025\/01\/AISATV0201_800-1.jpg","width":800,"height":800},{"@type":"BreadcrumbList","@id":"https:\/\/aivlisoft.net\/shop\/producto\/ewent-ew1510-soporte-mesa1-monitor-13-34\/#breadcrumb","itemListElement":[{"@type":"ListItem","position":1,"name":"Portada","item":"https:\/\/aivlisoft.net\/shop\/"},{"@type":"ListItem","position":2,"name":"Tienda","item":"https:\/\/aivlisoft.net\/shop\/tienda\/"},{"@type":"ListItem","position":3,"name":"EWENT EW1510 soporte mesa1 monitor 13-34&#8243;"}]},{"@type":"WebSite","@id":"https:\/\/aivlisoft.net\/shop\/#website","url":"https:\/\/aivlisoft.net\/shop\/","name":"Aivlisoft Inform\u00e1tica","description":"En Aivlisoft Inform\u00e1tica ofrecemos soluciones tecnol\u00f3gicas para empresas: venta de ordenadores, consumibles, perif\u00e9ricos y m\u00e1s. Calidad, atenci\u00f3n personalizada y los mejores precios para tu negocio.","publisher":{"@id":"https:\/\/aivlisoft.net\/shop\/#organization"},"potentialAction":[{"@type":"SearchAction","target":{"@type":"EntryPoint","urlTemplate":"https:\/\/aivlisoft.net\/shop\/?s={search_term_string}"},"query-input":{"@type":"PropertyValueSpecification","valueRequired":true,"valueName":"search_term_string"}}],"inLanguage":"es"},{"@type":"Organization","@id":"https:\/\/aivlisoft.net\/shop\/#organization","name":"Aivlisoft Inform\u00e1tica","url":"https:\/\/aivlisoft.net\/shop\/","logo":{"@type":"ImageObject","inLanguage":"es","@id":"https:\/\/aivlisoft.net\/shop\/#\/schema\/logo\/image\/","url":"https:\/\/aivlisoft.net\/shop\/wp-content\/uploads\/2024\/12\/removal.ai_5b848c54-0cdf-4140-95c5-c5536bb7573b-logodef.png","contentUrl":"https:\/\/aivlisoft.net\/shop\/wp-content\/uploads\/2024\/12\/removal.ai_5b848c54-0cdf-4140-95c5-c5536bb7573b-logodef.png","width":484,"height":182,"caption":"Aivlisoft Inform\u00e1tica"},"image":{"@id":"https:\/\/aivlisoft.net\/shop\/#\/schema\/logo\/image\/"}}]}},"_links":{"self":[{"href":"https:\/\/aivlisoft.net\/shop\/wp-json\/wp\/v2\/product\/3215","targetHints":{"allow":["GET"]}}],"collection":[{"href":"https:\/\/aivlisoft.net\/shop\/wp-json\/wp\/v2\/product"}],"about":[{"href":"https:\/\/aivlisoft.net\/shop\/wp-json\/wp\/v2\/types\/product"}],"wp:featuredmedia":[{"embeddable":true,"href":"https:\/\/aivlisoft.net\/shop\/wp-json\/wp\/v2\/media\/3216"}],"wp:attachment":[{"href":"https:\/\/aivlisoft.net\/shop\/wp-json\/wp\/v2\/media?parent=3215"}],"wp:term":[{"taxonomy":"product_brand","embeddable":true,"href":"https:\/\/aivlisoft.net\/shop\/wp-json\/wp\/v2\/product_brand?post=3215"},{"taxonomy":"product_cat","embeddable":true,"href":"https:\/\/aivlisoft.net\/shop\/wp-json\/wp\/v2\/product_cat?post=3215"},{"taxonomy":"product_tag","embeddable":true,"href":"https:\/\/aivlisoft.net\/shop\/wp-json\/wp\/v2\/product_tag?post=3215"}],"curies":[{"name":"wp","href":"https:\/\/api.w.org\/{rel}","templated":true}]}}