{"id":3196,"date":"2025-01-13T13:12:52","date_gmt":"2025-01-13T13:12:52","guid":{"rendered":"https:\/\/aivlisoft.com\/?post_type=product&#038;p=3196"},"modified":"2025-01-14T10:06:14","modified_gmt":"2025-01-14T10:06:14","slug":"ewent-ew1501-soporte-tv-pared-bracket-m-23-42","status":"publish","type":"product","link":"https:\/\/aivlisoft.net\/shop\/producto\/ewent-ew1501-soporte-tv-pared-bracket-m-23-42\/","title":{"rendered":"EWENT EW1501 soporte TV pared Bracket M, 23 &#8211; 42&#8243;"},"content":{"rendered":"<p>El soporte para montaje en pared EasyFix EW1501 ofrece un perfil fino de 19,5mm entre la TV y la pared. Gracias a esta soluci&oacute;n, su TV parecer&aacute; un cuadro de la pared. Una soluci&oacute;n funcional y c&oacute;moda, id&oacute;nea para salas con espacio limitado disponible.<br \/>EW1501 es adecuado para todas las TVs con el est&aacute;ndar de montaje VESA 50 &#8211; 75 &#8211; 100 y 200 mm La instalaci&oacute;n del soporte de la TV en la pared resulta f&aacute;cil gracias al nivelador de burbuja que se incluye. <br \/>&#8211; Dise&ntilde;ado para televisores de entre 23 y 42 pulgadas<br \/>&#8211; Con soporte VESA: 50 x 50, 75 x 75, 100 x 100, 200 x 100, 200 x 200<br \/>&#8211; Dise&ntilde;o para ahorrar espacio: solo 19,5 mm desde la pared<br \/>&#8211; Sistema de seguridad: mantiene el televisor firme en su lugar<\/p>\n<table>\n<tbody>\n<tr>\n<td><strong>Marca<\/strong><\/td>\n<td>Ewent<\/td>\n<\/tr>\n<tr>\n<td><strong>Modelo<\/strong><\/td>\n<td><strong>EW1501<\/strong><\/td>\n<\/tr>\n<tr>\n<td><strong>Caracteristicas<\/strong><\/td>\n<td>&#8211; Material: Aluminio, Acero<br \/>&#8211; Acabado superficial: recubrimiento en polvo<br \/>&#8211; Color: negro<br \/>&#8211; Tama&ntilde;o del producto: 19.5x265x222mm<br \/>&#8211; Instalaci&oacute;n: pared s&oacute;lida<br \/>&#8211; Tama&ntilde;o de pantalla sugerido: 23 \u00ab-42\u00bb<br \/>&#8211; VESA: 50&#215;50,75&#215;75,100&#215;100,200&#215;100,200&#215;200<br \/>&#8211; Rango de capacidad de peso: 0-35 kg<br \/>&#8211; Con nivel incorporado<\/td>\n<\/tr>\n<tr>\n<td><strong>Fecha de revisi&oacute;n<\/strong><\/td>\n<td>17-11-2017 por MSB<\/td>\n<\/tr>\n<\/tbody>\n<\/table>\n","protected":false},"excerpt":{"rendered":"<p>El soporte para montaje en pared EasyFix EW1501 ofrece un perfil fino de 19,5mm entre la TV y la pared. Gracias a esta soluci&oacute;n, su TV parecer&aacute; un cuadro de la pared. Una soluci&oacute;n funcional y c&oacute;moda, id&oacute;nea para salas con espacio limitado disponible.EW1501 es adecuado para todas las TVs con el est&aacute;ndar de montaje&hellip;&nbsp;<a href=\"https:\/\/aivlisoft.net\/shop\/producto\/ewent-ew1501-soporte-tv-pared-bracket-m-23-42\/\" rel=\"bookmark\"><span class=\"screen-reader-text\">EWENT EW1501 soporte TV pared Bracket M, 23 &#8211; 42&#8243;<\/span><\/a><\/p>\n","protected":false},"featured_media":3197,"template":"","meta":{"neve_meta_sidebar":"","neve_meta_container":"","neve_meta_enable_content_width":"","neve_meta_content_width":0,"neve_meta_title_alignment":"","neve_meta_author_avatar":"","neve_post_elements_order":"","neve_meta_disable_header":"","neve_meta_disable_footer":"","neve_meta_disable_title":""},"product_brand":[],"product_cat":[15],"product_tag":[979],"class_list":{"0":"post-3196","1":"product","2":"type-product","3":"status-publish","4":"has-post-thumbnail","6":"product_cat-sin-categorizar","7":"product_tag-ew1501","9":"first","10":"instock","11":"taxable","12":"shipping-taxable","13":"purchasable","14":"product-type-simple"},"yoast_head":"<!-- This site is optimized with the Yoast SEO plugin v26.0 - https:\/\/yoast.com\/wordpress\/plugins\/seo\/ -->\n<title>EWENT EW1501 soporte TV pared Bracket M, 23 - 42&quot; - Aivlisoft Inform\u00e1tica<\/title>\n<meta name=\"robots\" content=\"index, follow, max-snippet:-1, max-image-preview:large, max-video-preview:-1\" \/>\n<link rel=\"canonical\" href=\"https:\/\/aivlisoft.net\/shop\/producto\/ewent-ew1501-soporte-tv-pared-bracket-m-23-42\/\" \/>\n<meta property=\"og:locale\" content=\"es_ES\" \/>\n<meta property=\"og:type\" content=\"article\" \/>\n<meta property=\"og:title\" content=\"EWENT EW1501 soporte TV pared Bracket M, 23 - 42&quot; - Aivlisoft Inform\u00e1tica\" \/>\n<meta property=\"og:description\" content=\"El soporte para montaje en pared EasyFix EW1501 ofrece un perfil fino de 19,5mm entre la TV y la pared. Gracias a esta soluci&oacute;n, su TV parecer&aacute; un cuadro de la pared. Una soluci&oacute;n funcional y c&oacute;moda, id&oacute;nea para salas con espacio limitado disponible.EW1501 es adecuado para todas las TVs con el est&aacute;ndar de montaje&hellip;&nbsp;EWENT EW1501 soporte TV pared Bracket M, 23 &#8211; 42&#8243;\" \/>\n<meta property=\"og:url\" content=\"https:\/\/aivlisoft.net\/shop\/producto\/ewent-ew1501-soporte-tv-pared-bracket-m-23-42\/\" \/>\n<meta property=\"og:site_name\" content=\"Aivlisoft Inform\u00e1tica\" \/>\n<meta property=\"article:modified_time\" content=\"2025-01-14T10:06:14+00:00\" \/>\n<meta property=\"og:image\" content=\"https:\/\/aivlisoft.net\/shop\/wp-content\/uploads\/2025\/01\/AISATV0196_800-1.jpg\" \/>\n\t<meta property=\"og:image:width\" content=\"800\" \/>\n\t<meta property=\"og:image:height\" content=\"800\" \/>\n\t<meta property=\"og:image:type\" content=\"image\/jpeg\" \/>\n<meta name=\"twitter:card\" content=\"summary_large_image\" \/>\n<meta name=\"twitter:label1\" content=\"Tiempo de lectura\" \/>\n\t<meta name=\"twitter:data1\" content=\"1 minuto\" \/>\n<script type=\"application\/ld+json\" class=\"yoast-schema-graph\">{\"@context\":\"https:\/\/schema.org\",\"@graph\":[{\"@type\":\"WebPage\",\"@id\":\"https:\/\/aivlisoft.net\/shop\/producto\/ewent-ew1501-soporte-tv-pared-bracket-m-23-42\/\",\"url\":\"https:\/\/aivlisoft.net\/shop\/producto\/ewent-ew1501-soporte-tv-pared-bracket-m-23-42\/\",\"name\":\"EWENT EW1501 soporte TV pared Bracket M, 23 - 42\\\" - Aivlisoft Inform\u00e1tica\",\"isPartOf\":{\"@id\":\"https:\/\/aivlisoft.net\/shop\/#website\"},\"primaryImageOfPage\":{\"@id\":\"https:\/\/aivlisoft.net\/shop\/producto\/ewent-ew1501-soporte-tv-pared-bracket-m-23-42\/#primaryimage\"},\"image\":{\"@id\":\"https:\/\/aivlisoft.net\/shop\/producto\/ewent-ew1501-soporte-tv-pared-bracket-m-23-42\/#primaryimage\"},\"thumbnailUrl\":\"https:\/\/aivlisoft.net\/shop\/wp-content\/uploads\/2025\/01\/AISATV0196_800-1.jpg\",\"datePublished\":\"2025-01-13T13:12:52+00:00\",\"dateModified\":\"2025-01-14T10:06:14+00:00\",\"breadcrumb\":{\"@id\":\"https:\/\/aivlisoft.net\/shop\/producto\/ewent-ew1501-soporte-tv-pared-bracket-m-23-42\/#breadcrumb\"},\"inLanguage\":\"es\",\"potentialAction\":[{\"@type\":\"ReadAction\",\"target\":[\"https:\/\/aivlisoft.net\/shop\/producto\/ewent-ew1501-soporte-tv-pared-bracket-m-23-42\/\"]}]},{\"@type\":\"ImageObject\",\"inLanguage\":\"es\",\"@id\":\"https:\/\/aivlisoft.net\/shop\/producto\/ewent-ew1501-soporte-tv-pared-bracket-m-23-42\/#primaryimage\",\"url\":\"https:\/\/aivlisoft.net\/shop\/wp-content\/uploads\/2025\/01\/AISATV0196_800-1.jpg\",\"contentUrl\":\"https:\/\/aivlisoft.net\/shop\/wp-content\/uploads\/2025\/01\/AISATV0196_800-1.jpg\",\"width\":800,\"height\":800},{\"@type\":\"BreadcrumbList\",\"@id\":\"https:\/\/aivlisoft.net\/shop\/producto\/ewent-ew1501-soporte-tv-pared-bracket-m-23-42\/#breadcrumb\",\"itemListElement\":[{\"@type\":\"ListItem\",\"position\":1,\"name\":\"Portada\",\"item\":\"https:\/\/aivlisoft.net\/shop\/\"},{\"@type\":\"ListItem\",\"position\":2,\"name\":\"Tienda\",\"item\":\"https:\/\/aivlisoft.net\/shop\/tienda\/\"},{\"@type\":\"ListItem\",\"position\":3,\"name\":\"EWENT EW1501 soporte TV pared Bracket M, 23 &#8211; 42&#8243;\"}]},{\"@type\":\"WebSite\",\"@id\":\"https:\/\/aivlisoft.net\/shop\/#website\",\"url\":\"https:\/\/aivlisoft.net\/shop\/\",\"name\":\"Aivlisoft Inform\u00e1tica\",\"description\":\"En Aivlisoft Inform\u00e1tica ofrecemos soluciones tecnol\u00f3gicas para empresas: venta de ordenadores, consumibles, perif\u00e9ricos y m\u00e1s. Calidad, atenci\u00f3n personalizada y los mejores precios para tu negocio.\",\"publisher\":{\"@id\":\"https:\/\/aivlisoft.net\/shop\/#organization\"},\"potentialAction\":[{\"@type\":\"SearchAction\",\"target\":{\"@type\":\"EntryPoint\",\"urlTemplate\":\"https:\/\/aivlisoft.net\/shop\/?s={search_term_string}\"},\"query-input\":{\"@type\":\"PropertyValueSpecification\",\"valueRequired\":true,\"valueName\":\"search_term_string\"}}],\"inLanguage\":\"es\"},{\"@type\":\"Organization\",\"@id\":\"https:\/\/aivlisoft.net\/shop\/#organization\",\"name\":\"Aivlisoft Inform\u00e1tica\",\"url\":\"https:\/\/aivlisoft.net\/shop\/\",\"logo\":{\"@type\":\"ImageObject\",\"inLanguage\":\"es\",\"@id\":\"https:\/\/aivlisoft.net\/shop\/#\/schema\/logo\/image\/\",\"url\":\"https:\/\/aivlisoft.net\/shop\/wp-content\/uploads\/2024\/12\/removal.ai_5b848c54-0cdf-4140-95c5-c5536bb7573b-logodef.png\",\"contentUrl\":\"https:\/\/aivlisoft.net\/shop\/wp-content\/uploads\/2024\/12\/removal.ai_5b848c54-0cdf-4140-95c5-c5536bb7573b-logodef.png\",\"width\":484,\"height\":182,\"caption\":\"Aivlisoft Inform\u00e1tica\"},\"image\":{\"@id\":\"https:\/\/aivlisoft.net\/shop\/#\/schema\/logo\/image\/\"}}]}<\/script>\n<!-- \/ Yoast SEO plugin. -->","yoast_head_json":{"title":"EWENT EW1501 soporte TV pared Bracket M, 23 - 42\" - Aivlisoft Inform\u00e1tica","robots":{"index":"index","follow":"follow","max-snippet":"max-snippet:-1","max-image-preview":"max-image-preview:large","max-video-preview":"max-video-preview:-1"},"canonical":"https:\/\/aivlisoft.net\/shop\/producto\/ewent-ew1501-soporte-tv-pared-bracket-m-23-42\/","og_locale":"es_ES","og_type":"article","og_title":"EWENT EW1501 soporte TV pared Bracket M, 23 - 42\" - Aivlisoft Inform\u00e1tica","og_description":"El soporte para montaje en pared EasyFix EW1501 ofrece un perfil fino de 19,5mm entre la TV y la pared. Gracias a esta soluci&oacute;n, su TV parecer&aacute; un cuadro de la pared. Una soluci&oacute;n funcional y c&oacute;moda, id&oacute;nea para salas con espacio limitado disponible.EW1501 es adecuado para todas las TVs con el est&aacute;ndar de montaje&hellip;&nbsp;EWENT EW1501 soporte TV pared Bracket M, 23 &#8211; 42&#8243;","og_url":"https:\/\/aivlisoft.net\/shop\/producto\/ewent-ew1501-soporte-tv-pared-bracket-m-23-42\/","og_site_name":"Aivlisoft Inform\u00e1tica","article_modified_time":"2025-01-14T10:06:14+00:00","og_image":[{"width":800,"height":800,"url":"https:\/\/aivlisoft.net\/shop\/wp-content\/uploads\/2025\/01\/AISATV0196_800-1.jpg","type":"image\/jpeg"}],"twitter_card":"summary_large_image","twitter_misc":{"Tiempo de lectura":"1 minuto"},"schema":{"@context":"https:\/\/schema.org","@graph":[{"@type":"WebPage","@id":"https:\/\/aivlisoft.net\/shop\/producto\/ewent-ew1501-soporte-tv-pared-bracket-m-23-42\/","url":"https:\/\/aivlisoft.net\/shop\/producto\/ewent-ew1501-soporte-tv-pared-bracket-m-23-42\/","name":"EWENT EW1501 soporte TV pared Bracket M, 23 - 42\" - Aivlisoft Inform\u00e1tica","isPartOf":{"@id":"https:\/\/aivlisoft.net\/shop\/#website"},"primaryImageOfPage":{"@id":"https:\/\/aivlisoft.net\/shop\/producto\/ewent-ew1501-soporte-tv-pared-bracket-m-23-42\/#primaryimage"},"image":{"@id":"https:\/\/aivlisoft.net\/shop\/producto\/ewent-ew1501-soporte-tv-pared-bracket-m-23-42\/#primaryimage"},"thumbnailUrl":"https:\/\/aivlisoft.net\/shop\/wp-content\/uploads\/2025\/01\/AISATV0196_800-1.jpg","datePublished":"2025-01-13T13:12:52+00:00","dateModified":"2025-01-14T10:06:14+00:00","breadcrumb":{"@id":"https:\/\/aivlisoft.net\/shop\/producto\/ewent-ew1501-soporte-tv-pared-bracket-m-23-42\/#breadcrumb"},"inLanguage":"es","potentialAction":[{"@type":"ReadAction","target":["https:\/\/aivlisoft.net\/shop\/producto\/ewent-ew1501-soporte-tv-pared-bracket-m-23-42\/"]}]},{"@type":"ImageObject","inLanguage":"es","@id":"https:\/\/aivlisoft.net\/shop\/producto\/ewent-ew1501-soporte-tv-pared-bracket-m-23-42\/#primaryimage","url":"https:\/\/aivlisoft.net\/shop\/wp-content\/uploads\/2025\/01\/AISATV0196_800-1.jpg","contentUrl":"https:\/\/aivlisoft.net\/shop\/wp-content\/uploads\/2025\/01\/AISATV0196_800-1.jpg","width":800,"height":800},{"@type":"BreadcrumbList","@id":"https:\/\/aivlisoft.net\/shop\/producto\/ewent-ew1501-soporte-tv-pared-bracket-m-23-42\/#breadcrumb","itemListElement":[{"@type":"ListItem","position":1,"name":"Portada","item":"https:\/\/aivlisoft.net\/shop\/"},{"@type":"ListItem","position":2,"name":"Tienda","item":"https:\/\/aivlisoft.net\/shop\/tienda\/"},{"@type":"ListItem","position":3,"name":"EWENT EW1501 soporte TV pared Bracket M, 23 &#8211; 42&#8243;"}]},{"@type":"WebSite","@id":"https:\/\/aivlisoft.net\/shop\/#website","url":"https:\/\/aivlisoft.net\/shop\/","name":"Aivlisoft Inform\u00e1tica","description":"En Aivlisoft Inform\u00e1tica ofrecemos soluciones tecnol\u00f3gicas para empresas: venta de ordenadores, consumibles, perif\u00e9ricos y m\u00e1s. Calidad, atenci\u00f3n personalizada y los mejores precios para tu negocio.","publisher":{"@id":"https:\/\/aivlisoft.net\/shop\/#organization"},"potentialAction":[{"@type":"SearchAction","target":{"@type":"EntryPoint","urlTemplate":"https:\/\/aivlisoft.net\/shop\/?s={search_term_string}"},"query-input":{"@type":"PropertyValueSpecification","valueRequired":true,"valueName":"search_term_string"}}],"inLanguage":"es"},{"@type":"Organization","@id":"https:\/\/aivlisoft.net\/shop\/#organization","name":"Aivlisoft Inform\u00e1tica","url":"https:\/\/aivlisoft.net\/shop\/","logo":{"@type":"ImageObject","inLanguage":"es","@id":"https:\/\/aivlisoft.net\/shop\/#\/schema\/logo\/image\/","url":"https:\/\/aivlisoft.net\/shop\/wp-content\/uploads\/2024\/12\/removal.ai_5b848c54-0cdf-4140-95c5-c5536bb7573b-logodef.png","contentUrl":"https:\/\/aivlisoft.net\/shop\/wp-content\/uploads\/2024\/12\/removal.ai_5b848c54-0cdf-4140-95c5-c5536bb7573b-logodef.png","width":484,"height":182,"caption":"Aivlisoft Inform\u00e1tica"},"image":{"@id":"https:\/\/aivlisoft.net\/shop\/#\/schema\/logo\/image\/"}}]}},"_links":{"self":[{"href":"https:\/\/aivlisoft.net\/shop\/wp-json\/wp\/v2\/product\/3196","targetHints":{"allow":["GET"]}}],"collection":[{"href":"https:\/\/aivlisoft.net\/shop\/wp-json\/wp\/v2\/product"}],"about":[{"href":"https:\/\/aivlisoft.net\/shop\/wp-json\/wp\/v2\/types\/product"}],"wp:featuredmedia":[{"embeddable":true,"href":"https:\/\/aivlisoft.net\/shop\/wp-json\/wp\/v2\/media\/3197"}],"wp:attachment":[{"href":"https:\/\/aivlisoft.net\/shop\/wp-json\/wp\/v2\/media?parent=3196"}],"wp:term":[{"taxonomy":"product_brand","embeddable":true,"href":"https:\/\/aivlisoft.net\/shop\/wp-json\/wp\/v2\/product_brand?post=3196"},{"taxonomy":"product_cat","embeddable":true,"href":"https:\/\/aivlisoft.net\/shop\/wp-json\/wp\/v2\/product_cat?post=3196"},{"taxonomy":"product_tag","embeddable":true,"href":"https:\/\/aivlisoft.net\/shop\/wp-json\/wp\/v2\/product_tag?post=3196"}],"curies":[{"name":"wp","href":"https:\/\/api.w.org\/{rel}","templated":true}]}}