{"id":3192,"date":"2025-01-13T13:12:48","date_gmt":"2025-01-13T13:12:48","guid":{"rendered":"https:\/\/aivlisoft.com\/?post_type=product&#038;p=3192"},"modified":"2025-01-14T10:06:10","modified_gmt":"2025-01-14T10:06:10","slug":"tooq-fs1870m-b-soporte-tv-suelo-ruedas-37-70-ne","status":"publish","type":"product","link":"https:\/\/aivlisoft.net\/shop\/producto\/tooq-fs1870m-b-soporte-tv-suelo-ruedas-37-70-ne\/","title":{"rendered":"Tooq FS1870M-B Soporte TV  Suelo Ruedas 37&#8243;-70&#8243; Ne"},"content":{"rendered":"<p><strong>FS1870M-B<\/strong><br \/>Soporte de suelo de aluminio con ruedas para pantallas 37&quot;-70&quot;<br \/>&#8211; VESA M&aacute;ximo: 600&#215;400 mm<br \/>&#8211; Peso m&aacute;ximo soportado de pantalla: 50 kg<br \/>&#8211; Rotaci&oacute;n de pantalla: 90&deg;<\/p>\n<table class=\"tabla_caracteristicas k-table\" width=\"100%\">\n<tr>\n<td><strong>Marca<\/strong><\/td>\n<td>Tooq<\/td>\n<\/tr>\n<tr>\n<td><strong>Modelo<\/strong><\/td>\n<td><strong>FS1870M-B<\/strong><\/td>\n<\/tr>\n<tr>\n<td valign=\"top\"><strong>Caracteristicas<\/strong><\/td>\n<td>&#8211; Pantallas soportadas: <strong>37&quot;-70&quot;<\/strong><br \/>\t\t\t&#8211; Compatible con VESA: M&aacute;ximo 600&#215;400. M&iacute;nimo 200&#215;200<br \/>\t\t\t&#8211; Peso m&aacute;ximo soportado de pantalla: 50 kg<br \/>\t\t\t&#8211; &Aacute;ngulo de inclinaci&oacute;n: +5&deg;\/-12&deg;<br \/>\t\t\t&#8211; Rotaci&oacute;n de pantalla: 90&deg;<br \/>\t\t\t&#8211; Bandejas regulables para reproductor\/DVD y para c&aacute;mara en la parte superior<br \/>\t\t\t&#8211; Rango de ajuste para la altura de soporte: 1200-1600 mm<br \/>\t\t\t&#8211; Altura m&aacute;xima con bandeja superior: 2069 mm<br \/>\t\t\t&#8211; Medidas de bandejas: Inferior 430&#215;335 mm . Superior: 285&#215;150 mm<br \/>\t\t\t&#8211; Distancia entre ruedas: 828&#215;700 mm<br \/>\t\t\t&#8211; Ruedas con sistema de bloqueo<br \/>\t\t\t&#8211; Sistema de organizaci&oacute;n de cables<br \/>\t\t\t&#8211; Color: Plata<br \/>\t\t\t&#8211; Peso neto: 21 kg. Peso bruto: 24,30 kg<br \/>\t\t\t&#8211; Medidas del embalaje: 1145x545x260 mm<br \/>\t\t\t<strong>Contenido<\/strong><br \/>\t\t\t&#8211; 1 x Soporte con dos bandejas<br \/>\t\t\t&#8211; 1 x Kit de montaje (incluye herramientas)<br \/>\t\t\t&#8211; 1 x Manual de instalaci&oacute;n<\/td>\n<\/tr>\n<tr>\n<td><strong>Fecha de revisi&oacute;n<\/strong><\/td>\n<td>08-07-2021 por MSB<\/td>\n<\/tr>\n<\/table>\n","protected":false},"excerpt":{"rendered":"<p>FS1870M-BSoporte de suelo de aluminio con ruedas para pantallas 37&quot;-70&quot;&#8211; VESA M&aacute;ximo: 600&#215;400 mm&#8211; Peso m&aacute;ximo soportado de pantalla: 50 kg&#8211; Rotaci&oacute;n de pantalla: 90&deg; Marca Tooq Modelo FS1870M-B Caracteristicas &#8211; Pantallas soportadas: 37&quot;-70&quot; &#8211; Compatible con VESA: M&aacute;ximo 600&#215;400. M&iacute;nimo 200&#215;200 &#8211; Peso m&aacute;ximo soportado de pantalla: 50 kg &#8211; &Aacute;ngulo de inclinaci&oacute;n: +5&deg;\/-12&deg;&hellip;&nbsp;<a href=\"https:\/\/aivlisoft.net\/shop\/producto\/tooq-fs1870m-b-soporte-tv-suelo-ruedas-37-70-ne\/\" rel=\"bookmark\"><span class=\"screen-reader-text\">Tooq FS1870M-B Soporte TV  Suelo Ruedas 37&#8243;-70&#8243; Ne<\/span><\/a><\/p>\n","protected":false},"featured_media":3193,"template":"","meta":{"neve_meta_sidebar":"","neve_meta_container":"","neve_meta_enable_content_width":"","neve_meta_content_width":0,"neve_meta_title_alignment":"","neve_meta_author_avatar":"","neve_post_elements_order":"","neve_meta_disable_header":"","neve_meta_disable_footer":"","neve_meta_disable_title":""},"product_brand":[],"product_cat":[15],"product_tag":[978],"class_list":{"0":"post-3192","1":"product","2":"type-product","3":"status-publish","4":"has-post-thumbnail","6":"product_cat-sin-categorizar","7":"product_tag-fs1870m-b","9":"first","10":"instock","11":"taxable","12":"shipping-taxable","13":"purchasable","14":"product-type-simple"},"yoast_head":"<!-- This site is optimized with the Yoast SEO plugin v26.0 - https:\/\/yoast.com\/wordpress\/plugins\/seo\/ -->\n<title>Tooq FS1870M-B Soporte TV Suelo Ruedas 37&quot;-70&quot; Ne - Aivlisoft Inform\u00e1tica<\/title>\n<meta name=\"robots\" content=\"index, follow, max-snippet:-1, max-image-preview:large, max-video-preview:-1\" \/>\n<link rel=\"canonical\" href=\"https:\/\/aivlisoft.net\/shop\/producto\/tooq-fs1870m-b-soporte-tv-suelo-ruedas-37-70-ne\/\" \/>\n<meta property=\"og:locale\" content=\"es_ES\" \/>\n<meta property=\"og:type\" content=\"article\" \/>\n<meta property=\"og:title\" content=\"Tooq FS1870M-B Soporte TV Suelo Ruedas 37&quot;-70&quot; Ne - Aivlisoft Inform\u00e1tica\" \/>\n<meta property=\"og:description\" content=\"FS1870M-BSoporte de suelo de aluminio con ruedas para pantallas 37&quot;-70&quot;&#8211; VESA M&aacute;ximo: 600&#215;400 mm&#8211; Peso m&aacute;ximo soportado de pantalla: 50 kg&#8211; Rotaci&oacute;n de pantalla: 90&deg; Marca Tooq Modelo FS1870M-B Caracteristicas &#8211; Pantallas soportadas: 37&quot;-70&quot; &#8211; Compatible con VESA: M&aacute;ximo 600&#215;400. M&iacute;nimo 200&#215;200 &#8211; Peso m&aacute;ximo soportado de pantalla: 50 kg &#8211; &Aacute;ngulo de inclinaci&oacute;n: +5&deg;\/-12&deg;&hellip;&nbsp;Tooq FS1870M-B Soporte TV Suelo Ruedas 37&#8243;-70&#8243; Ne\" \/>\n<meta property=\"og:url\" content=\"https:\/\/aivlisoft.net\/shop\/producto\/tooq-fs1870m-b-soporte-tv-suelo-ruedas-37-70-ne\/\" \/>\n<meta property=\"og:site_name\" content=\"Aivlisoft Inform\u00e1tica\" \/>\n<meta property=\"article:modified_time\" content=\"2025-01-14T10:06:10+00:00\" \/>\n<meta property=\"og:image\" content=\"https:\/\/aivlisoft.net\/shop\/wp-content\/uploads\/2025\/01\/AISATV0193_800-1.jpg\" \/>\n\t<meta property=\"og:image:width\" content=\"800\" \/>\n\t<meta property=\"og:image:height\" content=\"800\" \/>\n\t<meta property=\"og:image:type\" content=\"image\/jpeg\" \/>\n<meta name=\"twitter:card\" content=\"summary_large_image\" \/>\n<meta name=\"twitter:label1\" content=\"Tiempo de lectura\" \/>\n\t<meta name=\"twitter:data1\" content=\"1 minuto\" \/>\n<script type=\"application\/ld+json\" class=\"yoast-schema-graph\">{\"@context\":\"https:\/\/schema.org\",\"@graph\":[{\"@type\":\"WebPage\",\"@id\":\"https:\/\/aivlisoft.net\/shop\/producto\/tooq-fs1870m-b-soporte-tv-suelo-ruedas-37-70-ne\/\",\"url\":\"https:\/\/aivlisoft.net\/shop\/producto\/tooq-fs1870m-b-soporte-tv-suelo-ruedas-37-70-ne\/\",\"name\":\"Tooq FS1870M-B Soporte TV Suelo Ruedas 37\\\"-70\\\" Ne - Aivlisoft Inform\u00e1tica\",\"isPartOf\":{\"@id\":\"https:\/\/aivlisoft.net\/shop\/#website\"},\"primaryImageOfPage\":{\"@id\":\"https:\/\/aivlisoft.net\/shop\/producto\/tooq-fs1870m-b-soporte-tv-suelo-ruedas-37-70-ne\/#primaryimage\"},\"image\":{\"@id\":\"https:\/\/aivlisoft.net\/shop\/producto\/tooq-fs1870m-b-soporte-tv-suelo-ruedas-37-70-ne\/#primaryimage\"},\"thumbnailUrl\":\"https:\/\/aivlisoft.net\/shop\/wp-content\/uploads\/2025\/01\/AISATV0193_800-1.jpg\",\"datePublished\":\"2025-01-13T13:12:48+00:00\",\"dateModified\":\"2025-01-14T10:06:10+00:00\",\"breadcrumb\":{\"@id\":\"https:\/\/aivlisoft.net\/shop\/producto\/tooq-fs1870m-b-soporte-tv-suelo-ruedas-37-70-ne\/#breadcrumb\"},\"inLanguage\":\"es\",\"potentialAction\":[{\"@type\":\"ReadAction\",\"target\":[\"https:\/\/aivlisoft.net\/shop\/producto\/tooq-fs1870m-b-soporte-tv-suelo-ruedas-37-70-ne\/\"]}]},{\"@type\":\"ImageObject\",\"inLanguage\":\"es\",\"@id\":\"https:\/\/aivlisoft.net\/shop\/producto\/tooq-fs1870m-b-soporte-tv-suelo-ruedas-37-70-ne\/#primaryimage\",\"url\":\"https:\/\/aivlisoft.net\/shop\/wp-content\/uploads\/2025\/01\/AISATV0193_800-1.jpg\",\"contentUrl\":\"https:\/\/aivlisoft.net\/shop\/wp-content\/uploads\/2025\/01\/AISATV0193_800-1.jpg\",\"width\":800,\"height\":800},{\"@type\":\"BreadcrumbList\",\"@id\":\"https:\/\/aivlisoft.net\/shop\/producto\/tooq-fs1870m-b-soporte-tv-suelo-ruedas-37-70-ne\/#breadcrumb\",\"itemListElement\":[{\"@type\":\"ListItem\",\"position\":1,\"name\":\"Portada\",\"item\":\"https:\/\/aivlisoft.net\/shop\/\"},{\"@type\":\"ListItem\",\"position\":2,\"name\":\"Tienda\",\"item\":\"https:\/\/aivlisoft.net\/shop\/tienda\/\"},{\"@type\":\"ListItem\",\"position\":3,\"name\":\"Tooq FS1870M-B Soporte TV Suelo Ruedas 37&#8243;-70&#8243; Ne\"}]},{\"@type\":\"WebSite\",\"@id\":\"https:\/\/aivlisoft.net\/shop\/#website\",\"url\":\"https:\/\/aivlisoft.net\/shop\/\",\"name\":\"Aivlisoft Inform\u00e1tica\",\"description\":\"En Aivlisoft Inform\u00e1tica ofrecemos soluciones tecnol\u00f3gicas para empresas: venta de ordenadores, consumibles, perif\u00e9ricos y m\u00e1s. Calidad, atenci\u00f3n personalizada y los mejores precios para tu negocio.\",\"publisher\":{\"@id\":\"https:\/\/aivlisoft.net\/shop\/#organization\"},\"potentialAction\":[{\"@type\":\"SearchAction\",\"target\":{\"@type\":\"EntryPoint\",\"urlTemplate\":\"https:\/\/aivlisoft.net\/shop\/?s={search_term_string}\"},\"query-input\":{\"@type\":\"PropertyValueSpecification\",\"valueRequired\":true,\"valueName\":\"search_term_string\"}}],\"inLanguage\":\"es\"},{\"@type\":\"Organization\",\"@id\":\"https:\/\/aivlisoft.net\/shop\/#organization\",\"name\":\"Aivlisoft Inform\u00e1tica\",\"url\":\"https:\/\/aivlisoft.net\/shop\/\",\"logo\":{\"@type\":\"ImageObject\",\"inLanguage\":\"es\",\"@id\":\"https:\/\/aivlisoft.net\/shop\/#\/schema\/logo\/image\/\",\"url\":\"https:\/\/aivlisoft.net\/shop\/wp-content\/uploads\/2024\/12\/removal.ai_5b848c54-0cdf-4140-95c5-c5536bb7573b-logodef.png\",\"contentUrl\":\"https:\/\/aivlisoft.net\/shop\/wp-content\/uploads\/2024\/12\/removal.ai_5b848c54-0cdf-4140-95c5-c5536bb7573b-logodef.png\",\"width\":484,\"height\":182,\"caption\":\"Aivlisoft Inform\u00e1tica\"},\"image\":{\"@id\":\"https:\/\/aivlisoft.net\/shop\/#\/schema\/logo\/image\/\"}}]}<\/script>\n<!-- \/ Yoast SEO plugin. -->","yoast_head_json":{"title":"Tooq FS1870M-B Soporte TV Suelo Ruedas 37\"-70\" Ne - Aivlisoft Inform\u00e1tica","robots":{"index":"index","follow":"follow","max-snippet":"max-snippet:-1","max-image-preview":"max-image-preview:large","max-video-preview":"max-video-preview:-1"},"canonical":"https:\/\/aivlisoft.net\/shop\/producto\/tooq-fs1870m-b-soporte-tv-suelo-ruedas-37-70-ne\/","og_locale":"es_ES","og_type":"article","og_title":"Tooq FS1870M-B Soporte TV Suelo Ruedas 37\"-70\" Ne - Aivlisoft Inform\u00e1tica","og_description":"FS1870M-BSoporte de suelo de aluminio con ruedas para pantallas 37&quot;-70&quot;&#8211; VESA M&aacute;ximo: 600&#215;400 mm&#8211; Peso m&aacute;ximo soportado de pantalla: 50 kg&#8211; Rotaci&oacute;n de pantalla: 90&deg; Marca Tooq Modelo FS1870M-B Caracteristicas &#8211; Pantallas soportadas: 37&quot;-70&quot; &#8211; Compatible con VESA: M&aacute;ximo 600&#215;400. M&iacute;nimo 200&#215;200 &#8211; Peso m&aacute;ximo soportado de pantalla: 50 kg &#8211; &Aacute;ngulo de inclinaci&oacute;n: +5&deg;\/-12&deg;&hellip;&nbsp;Tooq FS1870M-B Soporte TV Suelo Ruedas 37&#8243;-70&#8243; Ne","og_url":"https:\/\/aivlisoft.net\/shop\/producto\/tooq-fs1870m-b-soporte-tv-suelo-ruedas-37-70-ne\/","og_site_name":"Aivlisoft Inform\u00e1tica","article_modified_time":"2025-01-14T10:06:10+00:00","og_image":[{"width":800,"height":800,"url":"https:\/\/aivlisoft.net\/shop\/wp-content\/uploads\/2025\/01\/AISATV0193_800-1.jpg","type":"image\/jpeg"}],"twitter_card":"summary_large_image","twitter_misc":{"Tiempo de lectura":"1 minuto"},"schema":{"@context":"https:\/\/schema.org","@graph":[{"@type":"WebPage","@id":"https:\/\/aivlisoft.net\/shop\/producto\/tooq-fs1870m-b-soporte-tv-suelo-ruedas-37-70-ne\/","url":"https:\/\/aivlisoft.net\/shop\/producto\/tooq-fs1870m-b-soporte-tv-suelo-ruedas-37-70-ne\/","name":"Tooq FS1870M-B Soporte TV Suelo Ruedas 37\"-70\" Ne - Aivlisoft Inform\u00e1tica","isPartOf":{"@id":"https:\/\/aivlisoft.net\/shop\/#website"},"primaryImageOfPage":{"@id":"https:\/\/aivlisoft.net\/shop\/producto\/tooq-fs1870m-b-soporte-tv-suelo-ruedas-37-70-ne\/#primaryimage"},"image":{"@id":"https:\/\/aivlisoft.net\/shop\/producto\/tooq-fs1870m-b-soporte-tv-suelo-ruedas-37-70-ne\/#primaryimage"},"thumbnailUrl":"https:\/\/aivlisoft.net\/shop\/wp-content\/uploads\/2025\/01\/AISATV0193_800-1.jpg","datePublished":"2025-01-13T13:12:48+00:00","dateModified":"2025-01-14T10:06:10+00:00","breadcrumb":{"@id":"https:\/\/aivlisoft.net\/shop\/producto\/tooq-fs1870m-b-soporte-tv-suelo-ruedas-37-70-ne\/#breadcrumb"},"inLanguage":"es","potentialAction":[{"@type":"ReadAction","target":["https:\/\/aivlisoft.net\/shop\/producto\/tooq-fs1870m-b-soporte-tv-suelo-ruedas-37-70-ne\/"]}]},{"@type":"ImageObject","inLanguage":"es","@id":"https:\/\/aivlisoft.net\/shop\/producto\/tooq-fs1870m-b-soporte-tv-suelo-ruedas-37-70-ne\/#primaryimage","url":"https:\/\/aivlisoft.net\/shop\/wp-content\/uploads\/2025\/01\/AISATV0193_800-1.jpg","contentUrl":"https:\/\/aivlisoft.net\/shop\/wp-content\/uploads\/2025\/01\/AISATV0193_800-1.jpg","width":800,"height":800},{"@type":"BreadcrumbList","@id":"https:\/\/aivlisoft.net\/shop\/producto\/tooq-fs1870m-b-soporte-tv-suelo-ruedas-37-70-ne\/#breadcrumb","itemListElement":[{"@type":"ListItem","position":1,"name":"Portada","item":"https:\/\/aivlisoft.net\/shop\/"},{"@type":"ListItem","position":2,"name":"Tienda","item":"https:\/\/aivlisoft.net\/shop\/tienda\/"},{"@type":"ListItem","position":3,"name":"Tooq FS1870M-B Soporte TV Suelo Ruedas 37&#8243;-70&#8243; Ne"}]},{"@type":"WebSite","@id":"https:\/\/aivlisoft.net\/shop\/#website","url":"https:\/\/aivlisoft.net\/shop\/","name":"Aivlisoft Inform\u00e1tica","description":"En Aivlisoft Inform\u00e1tica ofrecemos soluciones tecnol\u00f3gicas para empresas: venta de ordenadores, consumibles, perif\u00e9ricos y m\u00e1s. Calidad, atenci\u00f3n personalizada y los mejores precios para tu negocio.","publisher":{"@id":"https:\/\/aivlisoft.net\/shop\/#organization"},"potentialAction":[{"@type":"SearchAction","target":{"@type":"EntryPoint","urlTemplate":"https:\/\/aivlisoft.net\/shop\/?s={search_term_string}"},"query-input":{"@type":"PropertyValueSpecification","valueRequired":true,"valueName":"search_term_string"}}],"inLanguage":"es"},{"@type":"Organization","@id":"https:\/\/aivlisoft.net\/shop\/#organization","name":"Aivlisoft Inform\u00e1tica","url":"https:\/\/aivlisoft.net\/shop\/","logo":{"@type":"ImageObject","inLanguage":"es","@id":"https:\/\/aivlisoft.net\/shop\/#\/schema\/logo\/image\/","url":"https:\/\/aivlisoft.net\/shop\/wp-content\/uploads\/2024\/12\/removal.ai_5b848c54-0cdf-4140-95c5-c5536bb7573b-logodef.png","contentUrl":"https:\/\/aivlisoft.net\/shop\/wp-content\/uploads\/2024\/12\/removal.ai_5b848c54-0cdf-4140-95c5-c5536bb7573b-logodef.png","width":484,"height":182,"caption":"Aivlisoft Inform\u00e1tica"},"image":{"@id":"https:\/\/aivlisoft.net\/shop\/#\/schema\/logo\/image\/"}}]}},"_links":{"self":[{"href":"https:\/\/aivlisoft.net\/shop\/wp-json\/wp\/v2\/product\/3192","targetHints":{"allow":["GET"]}}],"collection":[{"href":"https:\/\/aivlisoft.net\/shop\/wp-json\/wp\/v2\/product"}],"about":[{"href":"https:\/\/aivlisoft.net\/shop\/wp-json\/wp\/v2\/types\/product"}],"wp:featuredmedia":[{"embeddable":true,"href":"https:\/\/aivlisoft.net\/shop\/wp-json\/wp\/v2\/media\/3193"}],"wp:attachment":[{"href":"https:\/\/aivlisoft.net\/shop\/wp-json\/wp\/v2\/media?parent=3192"}],"wp:term":[{"taxonomy":"product_brand","embeddable":true,"href":"https:\/\/aivlisoft.net\/shop\/wp-json\/wp\/v2\/product_brand?post=3192"},{"taxonomy":"product_cat","embeddable":true,"href":"https:\/\/aivlisoft.net\/shop\/wp-json\/wp\/v2\/product_cat?post=3192"},{"taxonomy":"product_tag","embeddable":true,"href":"https:\/\/aivlisoft.net\/shop\/wp-json\/wp\/v2\/product_tag?post=3192"}],"curies":[{"name":"wp","href":"https:\/\/api.w.org\/{rel}","templated":true}]}}