{"id":3123,"date":"2025-01-13T13:12:30","date_gmt":"2025-01-13T13:12:30","guid":{"rendered":"https:\/\/aivlisoft.com\/?post_type=product&#038;p=3123"},"modified":"2025-01-14T10:05:50","modified_gmt":"2025-01-14T10:05:50","slug":"tooq-lp4270t-b-soportetv-ultradelgado-incli-37-70","status":"publish","type":"product","link":"https:\/\/aivlisoft.net\/shop\/producto\/tooq-lp4270t-b-soportetv-ultradelgado-incli-37-70\/","title":{"rendered":"Tooq LP4270T-B SoporteTV Ultradelgado Incli 37-70&#8243;"},"content":{"rendered":"<p><strong><\/strong><strong>Caracter&iacute;sticas y Est&aacute;ndares<\/strong><br \/>Soporte ultra compacto que le permite fijar su monitor\/TV LCD, Plasma y LED de 37&rdquo; a 70&rdquo; pulgadas a una distancia de la pared de 53mm. Realizado con materiales de alta calidad soporta hasta un m&aacute;ximo de 40kg de peso.<br \/>Compatible con los est&aacute;ndares VESA de fijaci&oacute;n (maximo 600 x 400 mm)<\/p>\n<p><strong>F&aacute;cil y R&aacute;pido.<\/strong><br \/>Incluye manual de instrucciones y kit de montaje para que en unos minutos pueda disfrutar de su TV o monitor en el lugar elegido.<\/p>\n<p><strong>Su Elecci&oacute;n.<\/strong><br \/>Con 10 a&ntilde;os de garant&iacute;a y fabricado en metal de alta resistencia est&aacute; disponible en negro metalizado. Siempre con la calidad de los productos Tooq y al mejor precio.<\/p>\n<table class=\"tabla_caracteristicas k-table\" width=\"100%\">\n<tbody>\n<tr>\n<td><strong>Marca<\/strong><\/td>\n<td>Tooq<\/td>\n<\/tr>\n<tr>\n<td><strong>Modelo<\/strong><\/td>\n<td><strong>LP4270T-B<\/strong><\/td>\n<\/tr>\n<tr>\n<td><strong>Uso<\/strong><\/td>\n<td>&#8211; Soporte de TV<\/td>\n<\/tr>\n<tr>\n<td valign=\"top\"><strong>Caracteristicas<\/strong><\/td>\n<td>&#8211; Soporte inclinable para monitor\/TV LCD, Plasma y LED<br \/>&#8211; VESA m&aacute;ximo: 600 x 400 mm<br \/>&#8211; Pantallas soportadas: 37&rdquo; ~70&rdquo;<br \/>&#8211; Carga m&aacute;xima: 40kg<br \/>&#8211; Inclinaci&oacute;n: entre -12&ordm; y +12&ordm;<br \/>&#8211; Distancia a la pared: 53mm<br \/>&#8211; Incluye nivel de burbuja para una mayor precisi&oacute;n en la instalaci&oacute;n<br \/>&#8211; Color negro<br \/><strong>Contenido<\/strong><br \/>&#8211; Soporte<br \/>&#8211; Kit de montaje<br \/>&#8211; Manual de instrucciones <\/td>\n<\/tr>\n<tr>\n<td><strong>Fecha de revisi&oacute;n<\/strong><\/td>\n<td>15-12-2016 por MSB<\/td>\n<\/tr>\n<\/tbody>\n<\/table>\n","protected":false},"excerpt":{"rendered":"<p>Caracter&iacute;sticas y Est&aacute;ndaresSoporte ultra compacto que le permite fijar su monitor\/TV LCD, Plasma y LED de 37&rdquo; a 70&rdquo; pulgadas a una distancia de la pared de 53mm. Realizado con materiales de alta calidad soporta hasta un m&aacute;ximo de 40kg de peso.Compatible con los est&aacute;ndares VESA de fijaci&oacute;n (maximo 600 x 400 mm) F&aacute;cil y&hellip;&nbsp;<a href=\"https:\/\/aivlisoft.net\/shop\/producto\/tooq-lp4270t-b-soportetv-ultradelgado-incli-37-70\/\" rel=\"bookmark\"><span class=\"screen-reader-text\">Tooq LP4270T-B SoporteTV Ultradelgado Incli 37-70&#8243;<\/span><\/a><\/p>\n","protected":false},"featured_media":3124,"template":"","meta":{"neve_meta_sidebar":"","neve_meta_container":"","neve_meta_enable_content_width":"","neve_meta_content_width":0,"neve_meta_title_alignment":"","neve_meta_author_avatar":"","neve_post_elements_order":"","neve_meta_disable_header":"","neve_meta_disable_footer":"","neve_meta_disable_title":""},"product_brand":[],"product_cat":[15],"product_tag":[962],"class_list":{"0":"post-3123","1":"product","2":"type-product","3":"status-publish","4":"has-post-thumbnail","6":"product_cat-sin-categorizar","7":"product_tag-lp4270t-b","9":"first","10":"instock","11":"taxable","12":"shipping-taxable","13":"purchasable","14":"product-type-simple"},"yoast_head":"<!-- This site is optimized with the Yoast SEO plugin v26.0 - https:\/\/yoast.com\/wordpress\/plugins\/seo\/ -->\n<title>Tooq LP4270T-B SoporteTV Ultradelgado Incli 37-70&quot; - Aivlisoft Inform\u00e1tica<\/title>\n<meta name=\"robots\" content=\"index, follow, max-snippet:-1, max-image-preview:large, max-video-preview:-1\" \/>\n<link rel=\"canonical\" href=\"https:\/\/aivlisoft.net\/shop\/producto\/tooq-lp4270t-b-soportetv-ultradelgado-incli-37-70\/\" \/>\n<meta property=\"og:locale\" content=\"es_ES\" \/>\n<meta property=\"og:type\" content=\"article\" \/>\n<meta property=\"og:title\" content=\"Tooq LP4270T-B SoporteTV Ultradelgado Incli 37-70&quot; - Aivlisoft Inform\u00e1tica\" \/>\n<meta property=\"og:description\" content=\"Caracter&iacute;sticas y Est&aacute;ndaresSoporte ultra compacto que le permite fijar su monitor\/TV LCD, Plasma y LED de 37&rdquo; a 70&rdquo; pulgadas a una distancia de la pared de 53mm. Realizado con materiales de alta calidad soporta hasta un m&aacute;ximo de 40kg de peso.Compatible con los est&aacute;ndares VESA de fijaci&oacute;n (maximo 600 x 400 mm) F&aacute;cil y&hellip;&nbsp;Tooq LP4270T-B SoporteTV Ultradelgado Incli 37-70&#8243;\" \/>\n<meta property=\"og:url\" content=\"https:\/\/aivlisoft.net\/shop\/producto\/tooq-lp4270t-b-soportetv-ultradelgado-incli-37-70\/\" \/>\n<meta property=\"og:site_name\" content=\"Aivlisoft Inform\u00e1tica\" \/>\n<meta property=\"article:modified_time\" content=\"2025-01-14T10:05:50+00:00\" \/>\n<meta property=\"og:image\" content=\"https:\/\/aivlisoft.net\/shop\/wp-content\/uploads\/2025\/01\/AISATV0162_800-1.jpg\" \/>\n\t<meta property=\"og:image:width\" content=\"800\" \/>\n\t<meta property=\"og:image:height\" content=\"800\" \/>\n\t<meta property=\"og:image:type\" content=\"image\/jpeg\" \/>\n<meta name=\"twitter:card\" content=\"summary_large_image\" \/>\n<meta name=\"twitter:label1\" content=\"Tiempo de lectura\" \/>\n\t<meta name=\"twitter:data1\" content=\"1 minuto\" \/>\n<script type=\"application\/ld+json\" class=\"yoast-schema-graph\">{\"@context\":\"https:\/\/schema.org\",\"@graph\":[{\"@type\":\"WebPage\",\"@id\":\"https:\/\/aivlisoft.net\/shop\/producto\/tooq-lp4270t-b-soportetv-ultradelgado-incli-37-70\/\",\"url\":\"https:\/\/aivlisoft.net\/shop\/producto\/tooq-lp4270t-b-soportetv-ultradelgado-incli-37-70\/\",\"name\":\"Tooq LP4270T-B SoporteTV Ultradelgado Incli 37-70\\\" - Aivlisoft Inform\u00e1tica\",\"isPartOf\":{\"@id\":\"https:\/\/aivlisoft.net\/shop\/#website\"},\"primaryImageOfPage\":{\"@id\":\"https:\/\/aivlisoft.net\/shop\/producto\/tooq-lp4270t-b-soportetv-ultradelgado-incli-37-70\/#primaryimage\"},\"image\":{\"@id\":\"https:\/\/aivlisoft.net\/shop\/producto\/tooq-lp4270t-b-soportetv-ultradelgado-incli-37-70\/#primaryimage\"},\"thumbnailUrl\":\"https:\/\/aivlisoft.net\/shop\/wp-content\/uploads\/2025\/01\/AISATV0162_800-1.jpg\",\"datePublished\":\"2025-01-13T13:12:30+00:00\",\"dateModified\":\"2025-01-14T10:05:50+00:00\",\"breadcrumb\":{\"@id\":\"https:\/\/aivlisoft.net\/shop\/producto\/tooq-lp4270t-b-soportetv-ultradelgado-incli-37-70\/#breadcrumb\"},\"inLanguage\":\"es\",\"potentialAction\":[{\"@type\":\"ReadAction\",\"target\":[\"https:\/\/aivlisoft.net\/shop\/producto\/tooq-lp4270t-b-soportetv-ultradelgado-incli-37-70\/\"]}]},{\"@type\":\"ImageObject\",\"inLanguage\":\"es\",\"@id\":\"https:\/\/aivlisoft.net\/shop\/producto\/tooq-lp4270t-b-soportetv-ultradelgado-incli-37-70\/#primaryimage\",\"url\":\"https:\/\/aivlisoft.net\/shop\/wp-content\/uploads\/2025\/01\/AISATV0162_800-1.jpg\",\"contentUrl\":\"https:\/\/aivlisoft.net\/shop\/wp-content\/uploads\/2025\/01\/AISATV0162_800-1.jpg\",\"width\":800,\"height\":800},{\"@type\":\"BreadcrumbList\",\"@id\":\"https:\/\/aivlisoft.net\/shop\/producto\/tooq-lp4270t-b-soportetv-ultradelgado-incli-37-70\/#breadcrumb\",\"itemListElement\":[{\"@type\":\"ListItem\",\"position\":1,\"name\":\"Portada\",\"item\":\"https:\/\/aivlisoft.net\/shop\/\"},{\"@type\":\"ListItem\",\"position\":2,\"name\":\"Tienda\",\"item\":\"https:\/\/aivlisoft.net\/shop\/tienda\/\"},{\"@type\":\"ListItem\",\"position\":3,\"name\":\"Tooq LP4270T-B SoporteTV Ultradelgado Incli 37-70&#8243;\"}]},{\"@type\":\"WebSite\",\"@id\":\"https:\/\/aivlisoft.net\/shop\/#website\",\"url\":\"https:\/\/aivlisoft.net\/shop\/\",\"name\":\"Aivlisoft Inform\u00e1tica\",\"description\":\"En Aivlisoft Inform\u00e1tica ofrecemos soluciones tecnol\u00f3gicas para empresas: venta de ordenadores, consumibles, perif\u00e9ricos y m\u00e1s. Calidad, atenci\u00f3n personalizada y los mejores precios para tu negocio.\",\"publisher\":{\"@id\":\"https:\/\/aivlisoft.net\/shop\/#organization\"},\"potentialAction\":[{\"@type\":\"SearchAction\",\"target\":{\"@type\":\"EntryPoint\",\"urlTemplate\":\"https:\/\/aivlisoft.net\/shop\/?s={search_term_string}\"},\"query-input\":{\"@type\":\"PropertyValueSpecification\",\"valueRequired\":true,\"valueName\":\"search_term_string\"}}],\"inLanguage\":\"es\"},{\"@type\":\"Organization\",\"@id\":\"https:\/\/aivlisoft.net\/shop\/#organization\",\"name\":\"Aivlisoft Inform\u00e1tica\",\"url\":\"https:\/\/aivlisoft.net\/shop\/\",\"logo\":{\"@type\":\"ImageObject\",\"inLanguage\":\"es\",\"@id\":\"https:\/\/aivlisoft.net\/shop\/#\/schema\/logo\/image\/\",\"url\":\"https:\/\/aivlisoft.net\/shop\/wp-content\/uploads\/2024\/12\/removal.ai_5b848c54-0cdf-4140-95c5-c5536bb7573b-logodef.png\",\"contentUrl\":\"https:\/\/aivlisoft.net\/shop\/wp-content\/uploads\/2024\/12\/removal.ai_5b848c54-0cdf-4140-95c5-c5536bb7573b-logodef.png\",\"width\":484,\"height\":182,\"caption\":\"Aivlisoft Inform\u00e1tica\"},\"image\":{\"@id\":\"https:\/\/aivlisoft.net\/shop\/#\/schema\/logo\/image\/\"}}]}<\/script>\n<!-- \/ Yoast SEO plugin. -->","yoast_head_json":{"title":"Tooq LP4270T-B SoporteTV Ultradelgado Incli 37-70\" - Aivlisoft Inform\u00e1tica","robots":{"index":"index","follow":"follow","max-snippet":"max-snippet:-1","max-image-preview":"max-image-preview:large","max-video-preview":"max-video-preview:-1"},"canonical":"https:\/\/aivlisoft.net\/shop\/producto\/tooq-lp4270t-b-soportetv-ultradelgado-incli-37-70\/","og_locale":"es_ES","og_type":"article","og_title":"Tooq LP4270T-B SoporteTV Ultradelgado Incli 37-70\" - Aivlisoft Inform\u00e1tica","og_description":"Caracter&iacute;sticas y Est&aacute;ndaresSoporte ultra compacto que le permite fijar su monitor\/TV LCD, Plasma y LED de 37&rdquo; a 70&rdquo; pulgadas a una distancia de la pared de 53mm. Realizado con materiales de alta calidad soporta hasta un m&aacute;ximo de 40kg de peso.Compatible con los est&aacute;ndares VESA de fijaci&oacute;n (maximo 600 x 400 mm) F&aacute;cil y&hellip;&nbsp;Tooq LP4270T-B SoporteTV Ultradelgado Incli 37-70&#8243;","og_url":"https:\/\/aivlisoft.net\/shop\/producto\/tooq-lp4270t-b-soportetv-ultradelgado-incli-37-70\/","og_site_name":"Aivlisoft Inform\u00e1tica","article_modified_time":"2025-01-14T10:05:50+00:00","og_image":[{"width":800,"height":800,"url":"https:\/\/aivlisoft.net\/shop\/wp-content\/uploads\/2025\/01\/AISATV0162_800-1.jpg","type":"image\/jpeg"}],"twitter_card":"summary_large_image","twitter_misc":{"Tiempo de lectura":"1 minuto"},"schema":{"@context":"https:\/\/schema.org","@graph":[{"@type":"WebPage","@id":"https:\/\/aivlisoft.net\/shop\/producto\/tooq-lp4270t-b-soportetv-ultradelgado-incli-37-70\/","url":"https:\/\/aivlisoft.net\/shop\/producto\/tooq-lp4270t-b-soportetv-ultradelgado-incli-37-70\/","name":"Tooq LP4270T-B SoporteTV Ultradelgado Incli 37-70\" - Aivlisoft Inform\u00e1tica","isPartOf":{"@id":"https:\/\/aivlisoft.net\/shop\/#website"},"primaryImageOfPage":{"@id":"https:\/\/aivlisoft.net\/shop\/producto\/tooq-lp4270t-b-soportetv-ultradelgado-incli-37-70\/#primaryimage"},"image":{"@id":"https:\/\/aivlisoft.net\/shop\/producto\/tooq-lp4270t-b-soportetv-ultradelgado-incli-37-70\/#primaryimage"},"thumbnailUrl":"https:\/\/aivlisoft.net\/shop\/wp-content\/uploads\/2025\/01\/AISATV0162_800-1.jpg","datePublished":"2025-01-13T13:12:30+00:00","dateModified":"2025-01-14T10:05:50+00:00","breadcrumb":{"@id":"https:\/\/aivlisoft.net\/shop\/producto\/tooq-lp4270t-b-soportetv-ultradelgado-incli-37-70\/#breadcrumb"},"inLanguage":"es","potentialAction":[{"@type":"ReadAction","target":["https:\/\/aivlisoft.net\/shop\/producto\/tooq-lp4270t-b-soportetv-ultradelgado-incli-37-70\/"]}]},{"@type":"ImageObject","inLanguage":"es","@id":"https:\/\/aivlisoft.net\/shop\/producto\/tooq-lp4270t-b-soportetv-ultradelgado-incli-37-70\/#primaryimage","url":"https:\/\/aivlisoft.net\/shop\/wp-content\/uploads\/2025\/01\/AISATV0162_800-1.jpg","contentUrl":"https:\/\/aivlisoft.net\/shop\/wp-content\/uploads\/2025\/01\/AISATV0162_800-1.jpg","width":800,"height":800},{"@type":"BreadcrumbList","@id":"https:\/\/aivlisoft.net\/shop\/producto\/tooq-lp4270t-b-soportetv-ultradelgado-incli-37-70\/#breadcrumb","itemListElement":[{"@type":"ListItem","position":1,"name":"Portada","item":"https:\/\/aivlisoft.net\/shop\/"},{"@type":"ListItem","position":2,"name":"Tienda","item":"https:\/\/aivlisoft.net\/shop\/tienda\/"},{"@type":"ListItem","position":3,"name":"Tooq LP4270T-B SoporteTV Ultradelgado Incli 37-70&#8243;"}]},{"@type":"WebSite","@id":"https:\/\/aivlisoft.net\/shop\/#website","url":"https:\/\/aivlisoft.net\/shop\/","name":"Aivlisoft Inform\u00e1tica","description":"En Aivlisoft Inform\u00e1tica ofrecemos soluciones tecnol\u00f3gicas para empresas: venta de ordenadores, consumibles, perif\u00e9ricos y m\u00e1s. Calidad, atenci\u00f3n personalizada y los mejores precios para tu negocio.","publisher":{"@id":"https:\/\/aivlisoft.net\/shop\/#organization"},"potentialAction":[{"@type":"SearchAction","target":{"@type":"EntryPoint","urlTemplate":"https:\/\/aivlisoft.net\/shop\/?s={search_term_string}"},"query-input":{"@type":"PropertyValueSpecification","valueRequired":true,"valueName":"search_term_string"}}],"inLanguage":"es"},{"@type":"Organization","@id":"https:\/\/aivlisoft.net\/shop\/#organization","name":"Aivlisoft Inform\u00e1tica","url":"https:\/\/aivlisoft.net\/shop\/","logo":{"@type":"ImageObject","inLanguage":"es","@id":"https:\/\/aivlisoft.net\/shop\/#\/schema\/logo\/image\/","url":"https:\/\/aivlisoft.net\/shop\/wp-content\/uploads\/2024\/12\/removal.ai_5b848c54-0cdf-4140-95c5-c5536bb7573b-logodef.png","contentUrl":"https:\/\/aivlisoft.net\/shop\/wp-content\/uploads\/2024\/12\/removal.ai_5b848c54-0cdf-4140-95c5-c5536bb7573b-logodef.png","width":484,"height":182,"caption":"Aivlisoft Inform\u00e1tica"},"image":{"@id":"https:\/\/aivlisoft.net\/shop\/#\/schema\/logo\/image\/"}}]}},"_links":{"self":[{"href":"https:\/\/aivlisoft.net\/shop\/wp-json\/wp\/v2\/product\/3123","targetHints":{"allow":["GET"]}}],"collection":[{"href":"https:\/\/aivlisoft.net\/shop\/wp-json\/wp\/v2\/product"}],"about":[{"href":"https:\/\/aivlisoft.net\/shop\/wp-json\/wp\/v2\/types\/product"}],"wp:featuredmedia":[{"embeddable":true,"href":"https:\/\/aivlisoft.net\/shop\/wp-json\/wp\/v2\/media\/3124"}],"wp:attachment":[{"href":"https:\/\/aivlisoft.net\/shop\/wp-json\/wp\/v2\/media?parent=3123"}],"wp:term":[{"taxonomy":"product_brand","embeddable":true,"href":"https:\/\/aivlisoft.net\/shop\/wp-json\/wp\/v2\/product_brand?post=3123"},{"taxonomy":"product_cat","embeddable":true,"href":"https:\/\/aivlisoft.net\/shop\/wp-json\/wp\/v2\/product_cat?post=3123"},{"taxonomy":"product_tag","embeddable":true,"href":"https:\/\/aivlisoft.net\/shop\/wp-json\/wp\/v2\/product_tag?post=3123"}],"curies":[{"name":"wp","href":"https:\/\/api.w.org\/{rel}","templated":true}]}}