{"id":2965,"date":"2025-01-13T13:11:37","date_gmt":"2025-01-13T13:11:37","guid":{"rendered":"https:\/\/aivlisoft.com\/?post_type=product&#038;p=2965"},"modified":"2025-01-14T10:04:44","modified_gmt":"2025-01-14T10:04:44","slug":"cougar-sillon-gaming-ranger-one-gray","status":"publish","type":"product","link":"https:\/\/aivlisoft.net\/shop\/producto\/cougar-sillon-gaming-ranger-one-gray\/","title":{"rendered":"Cougar Sillon Gaming Ranger One Gray"},"content":{"rendered":"<p>Fabricado con materiales de primera calidad, como un robusto armaz&oacute;n de acero y componentes de alta calidad, el Ranger One est&aacute; disponible con una selecci&oacute;n de tapicer&iacute;as de tela tejida o imitaci&oacute;n de lino (exclusivo de Ranger Gray) en un elegante patr&oacute;n de cuadros de diamante, que favorece la transpirabilidad y a&ntilde;ade un toque de sofisticada elegancia. Con un reposapi&eacute;s abatible y un respaldo reclinable, garantiza un confort superior durante largas sesiones de juego.<\/p>\n<table class=\"tabla_caracteristicas\" width=\"100%\">\n<tr>\n<td valign=\"top\"><strong>Marca<\/strong><\/td>\n<td><strong>Cougar<\/strong><\/td>\n<\/tr>\n<tr>\n<td valign=\"top\"><strong>Modelo<\/strong><\/td>\n<td valign=\"top\"><strong>3MRAOGRA.0001<\/strong><\/td>\n<\/tr>\n<tr>\n<td valign=\"top\"><strong>Caracter&iacute;sticas<\/strong><\/td>\n<td>&#8211; Comodidad incomparable<br \/>\t\t\t&#8211; Bolsillo Lateral<br \/>\t\t\t&#8211; Reposacabezas y dise&ntilde;o lumbar<br \/>\t\t\t&#8211; Sistema reclinable 95&deg;~160&deg;<br \/>\t\t\t&#8211; Tapicer&iacute;a de tela tejida\/imitaci&oacute;n de lino<br \/>\t\t\t&#8211; Logotipo bordado<br \/>\t\t\t&#8211; Dise&ntilde;o de patr&oacute;n de cuadros de diamantes<br \/>\t\t\t&#8211; Soporta hasta 160kg<br \/>\t\t\t<strong>Dimensiones y peso<\/strong><br \/>\t\t\t&#8211; 740 x 840 x 1025 mm<br \/>\t\t\t&#8211; 32,5 kg<\/td>\n<\/tr>\n<tr>\n<td valign=\"top\"><strong>Fecha de revisi&oacute;n<\/strong><\/td>\n<td>09-08-2024 por RTY<\/td>\n<\/tr>\n<\/table>\n","protected":false},"excerpt":{"rendered":"<p>Fabricado con materiales de primera calidad, como un robusto armaz&oacute;n de acero y componentes de alta calidad, el Ranger One est&aacute; disponible con una selecci&oacute;n de tapicer&iacute;as de tela tejida o imitaci&oacute;n de lino (exclusivo de Ranger Gray) en un elegante patr&oacute;n de cuadros de diamante, que favorece la transpirabilidad y a&ntilde;ade un toque de&hellip;&nbsp;<a href=\"https:\/\/aivlisoft.net\/shop\/producto\/cougar-sillon-gaming-ranger-one-gray\/\" rel=\"bookmark\"><span class=\"screen-reader-text\">Cougar Sillon Gaming Ranger One Gray<\/span><\/a><\/p>\n","protected":false},"featured_media":2966,"template":"","meta":{"neve_meta_sidebar":"","neve_meta_container":"","neve_meta_enable_content_width":"","neve_meta_content_width":0,"neve_meta_title_alignment":"","neve_meta_author_avatar":"","neve_post_elements_order":"","neve_meta_disable_header":"","neve_meta_disable_footer":"","neve_meta_disable_title":""},"product_brand":[],"product_cat":[8694],"product_tag":[890],"class_list":{"0":"post-2965","1":"product","2":"type-product","3":"status-publish","4":"has-post-thumbnail","6":"product_cat-sillas","7":"product_tag-3mraogra-0001","9":"first","10":"instock","11":"taxable","12":"shipping-taxable","13":"purchasable","14":"product-type-simple"},"yoast_head":"<!-- This site is optimized with the Yoast SEO plugin v26.0 - https:\/\/yoast.com\/wordpress\/plugins\/seo\/ -->\n<title>Cougar Sillon Gaming Ranger One Gray - Aivlisoft Inform\u00e1tica<\/title>\n<meta name=\"robots\" content=\"index, follow, max-snippet:-1, max-image-preview:large, max-video-preview:-1\" \/>\n<link rel=\"canonical\" href=\"https:\/\/aivlisoft.net\/shop\/producto\/cougar-sillon-gaming-ranger-one-gray\/\" \/>\n<meta property=\"og:locale\" content=\"es_ES\" \/>\n<meta property=\"og:type\" content=\"article\" \/>\n<meta property=\"og:title\" content=\"Cougar Sillon Gaming Ranger One Gray - Aivlisoft Inform\u00e1tica\" \/>\n<meta property=\"og:description\" content=\"Fabricado con materiales de primera calidad, como un robusto armaz&oacute;n de acero y componentes de alta calidad, el Ranger One est&aacute; disponible con una selecci&oacute;n de tapicer&iacute;as de tela tejida o imitaci&oacute;n de lino (exclusivo de Ranger Gray) en un elegante patr&oacute;n de cuadros de diamante, que favorece la transpirabilidad y a&ntilde;ade un toque de&hellip;&nbsp;Cougar Sillon Gaming Ranger One Gray\" \/>\n<meta property=\"og:url\" content=\"https:\/\/aivlisoft.net\/shop\/producto\/cougar-sillon-gaming-ranger-one-gray\/\" \/>\n<meta property=\"og:site_name\" content=\"Aivlisoft Inform\u00e1tica\" \/>\n<meta property=\"article:modified_time\" content=\"2025-01-14T10:04:44+00:00\" \/>\n<meta property=\"og:image\" content=\"https:\/\/aivlisoft.net\/shop\/wp-content\/uploads\/2025\/01\/AGAMPA0603_800-1.jpg\" \/>\n\t<meta property=\"og:image:width\" content=\"800\" \/>\n\t<meta property=\"og:image:height\" content=\"800\" \/>\n\t<meta property=\"og:image:type\" content=\"image\/jpeg\" \/>\n<meta name=\"twitter:card\" content=\"summary_large_image\" \/>\n<meta name=\"twitter:label1\" content=\"Tiempo de lectura\" \/>\n\t<meta name=\"twitter:data1\" content=\"1 minuto\" \/>\n<script type=\"application\/ld+json\" class=\"yoast-schema-graph\">{\"@context\":\"https:\/\/schema.org\",\"@graph\":[{\"@type\":\"WebPage\",\"@id\":\"https:\/\/aivlisoft.net\/shop\/producto\/cougar-sillon-gaming-ranger-one-gray\/\",\"url\":\"https:\/\/aivlisoft.net\/shop\/producto\/cougar-sillon-gaming-ranger-one-gray\/\",\"name\":\"Cougar Sillon Gaming Ranger One Gray - Aivlisoft Inform\u00e1tica\",\"isPartOf\":{\"@id\":\"https:\/\/aivlisoft.net\/shop\/#website\"},\"primaryImageOfPage\":{\"@id\":\"https:\/\/aivlisoft.net\/shop\/producto\/cougar-sillon-gaming-ranger-one-gray\/#primaryimage\"},\"image\":{\"@id\":\"https:\/\/aivlisoft.net\/shop\/producto\/cougar-sillon-gaming-ranger-one-gray\/#primaryimage\"},\"thumbnailUrl\":\"https:\/\/aivlisoft.net\/shop\/wp-content\/uploads\/2025\/01\/AGAMPA0603_800-1.jpg\",\"datePublished\":\"2025-01-13T13:11:37+00:00\",\"dateModified\":\"2025-01-14T10:04:44+00:00\",\"breadcrumb\":{\"@id\":\"https:\/\/aivlisoft.net\/shop\/producto\/cougar-sillon-gaming-ranger-one-gray\/#breadcrumb\"},\"inLanguage\":\"es\",\"potentialAction\":[{\"@type\":\"ReadAction\",\"target\":[\"https:\/\/aivlisoft.net\/shop\/producto\/cougar-sillon-gaming-ranger-one-gray\/\"]}]},{\"@type\":\"ImageObject\",\"inLanguage\":\"es\",\"@id\":\"https:\/\/aivlisoft.net\/shop\/producto\/cougar-sillon-gaming-ranger-one-gray\/#primaryimage\",\"url\":\"https:\/\/aivlisoft.net\/shop\/wp-content\/uploads\/2025\/01\/AGAMPA0603_800-1.jpg\",\"contentUrl\":\"https:\/\/aivlisoft.net\/shop\/wp-content\/uploads\/2025\/01\/AGAMPA0603_800-1.jpg\",\"width\":800,\"height\":800},{\"@type\":\"BreadcrumbList\",\"@id\":\"https:\/\/aivlisoft.net\/shop\/producto\/cougar-sillon-gaming-ranger-one-gray\/#breadcrumb\",\"itemListElement\":[{\"@type\":\"ListItem\",\"position\":1,\"name\":\"Portada\",\"item\":\"https:\/\/aivlisoft.net\/shop\/\"},{\"@type\":\"ListItem\",\"position\":2,\"name\":\"Tienda\",\"item\":\"https:\/\/aivlisoft.net\/shop\/tienda\/\"},{\"@type\":\"ListItem\",\"position\":3,\"name\":\"Cougar Sillon Gaming Ranger One Gray\"}]},{\"@type\":\"WebSite\",\"@id\":\"https:\/\/aivlisoft.net\/shop\/#website\",\"url\":\"https:\/\/aivlisoft.net\/shop\/\",\"name\":\"Aivlisoft Inform\u00e1tica\",\"description\":\"En Aivlisoft Inform\u00e1tica ofrecemos soluciones tecnol\u00f3gicas para empresas: venta de ordenadores, consumibles, perif\u00e9ricos y m\u00e1s. Calidad, atenci\u00f3n personalizada y los mejores precios para tu negocio.\",\"publisher\":{\"@id\":\"https:\/\/aivlisoft.net\/shop\/#organization\"},\"potentialAction\":[{\"@type\":\"SearchAction\",\"target\":{\"@type\":\"EntryPoint\",\"urlTemplate\":\"https:\/\/aivlisoft.net\/shop\/?s={search_term_string}\"},\"query-input\":{\"@type\":\"PropertyValueSpecification\",\"valueRequired\":true,\"valueName\":\"search_term_string\"}}],\"inLanguage\":\"es\"},{\"@type\":\"Organization\",\"@id\":\"https:\/\/aivlisoft.net\/shop\/#organization\",\"name\":\"Aivlisoft Inform\u00e1tica\",\"url\":\"https:\/\/aivlisoft.net\/shop\/\",\"logo\":{\"@type\":\"ImageObject\",\"inLanguage\":\"es\",\"@id\":\"https:\/\/aivlisoft.net\/shop\/#\/schema\/logo\/image\/\",\"url\":\"https:\/\/aivlisoft.net\/shop\/wp-content\/uploads\/2024\/12\/removal.ai_5b848c54-0cdf-4140-95c5-c5536bb7573b-logodef.png\",\"contentUrl\":\"https:\/\/aivlisoft.net\/shop\/wp-content\/uploads\/2024\/12\/removal.ai_5b848c54-0cdf-4140-95c5-c5536bb7573b-logodef.png\",\"width\":484,\"height\":182,\"caption\":\"Aivlisoft Inform\u00e1tica\"},\"image\":{\"@id\":\"https:\/\/aivlisoft.net\/shop\/#\/schema\/logo\/image\/\"}}]}<\/script>\n<!-- \/ Yoast SEO plugin. -->","yoast_head_json":{"title":"Cougar Sillon Gaming Ranger One Gray - Aivlisoft Inform\u00e1tica","robots":{"index":"index","follow":"follow","max-snippet":"max-snippet:-1","max-image-preview":"max-image-preview:large","max-video-preview":"max-video-preview:-1"},"canonical":"https:\/\/aivlisoft.net\/shop\/producto\/cougar-sillon-gaming-ranger-one-gray\/","og_locale":"es_ES","og_type":"article","og_title":"Cougar Sillon Gaming Ranger One Gray - Aivlisoft Inform\u00e1tica","og_description":"Fabricado con materiales de primera calidad, como un robusto armaz&oacute;n de acero y componentes de alta calidad, el Ranger One est&aacute; disponible con una selecci&oacute;n de tapicer&iacute;as de tela tejida o imitaci&oacute;n de lino (exclusivo de Ranger Gray) en un elegante patr&oacute;n de cuadros de diamante, que favorece la transpirabilidad y a&ntilde;ade un toque de&hellip;&nbsp;Cougar Sillon Gaming Ranger One Gray","og_url":"https:\/\/aivlisoft.net\/shop\/producto\/cougar-sillon-gaming-ranger-one-gray\/","og_site_name":"Aivlisoft Inform\u00e1tica","article_modified_time":"2025-01-14T10:04:44+00:00","og_image":[{"width":800,"height":800,"url":"https:\/\/aivlisoft.net\/shop\/wp-content\/uploads\/2025\/01\/AGAMPA0603_800-1.jpg","type":"image\/jpeg"}],"twitter_card":"summary_large_image","twitter_misc":{"Tiempo de lectura":"1 minuto"},"schema":{"@context":"https:\/\/schema.org","@graph":[{"@type":"WebPage","@id":"https:\/\/aivlisoft.net\/shop\/producto\/cougar-sillon-gaming-ranger-one-gray\/","url":"https:\/\/aivlisoft.net\/shop\/producto\/cougar-sillon-gaming-ranger-one-gray\/","name":"Cougar Sillon Gaming Ranger One Gray - Aivlisoft Inform\u00e1tica","isPartOf":{"@id":"https:\/\/aivlisoft.net\/shop\/#website"},"primaryImageOfPage":{"@id":"https:\/\/aivlisoft.net\/shop\/producto\/cougar-sillon-gaming-ranger-one-gray\/#primaryimage"},"image":{"@id":"https:\/\/aivlisoft.net\/shop\/producto\/cougar-sillon-gaming-ranger-one-gray\/#primaryimage"},"thumbnailUrl":"https:\/\/aivlisoft.net\/shop\/wp-content\/uploads\/2025\/01\/AGAMPA0603_800-1.jpg","datePublished":"2025-01-13T13:11:37+00:00","dateModified":"2025-01-14T10:04:44+00:00","breadcrumb":{"@id":"https:\/\/aivlisoft.net\/shop\/producto\/cougar-sillon-gaming-ranger-one-gray\/#breadcrumb"},"inLanguage":"es","potentialAction":[{"@type":"ReadAction","target":["https:\/\/aivlisoft.net\/shop\/producto\/cougar-sillon-gaming-ranger-one-gray\/"]}]},{"@type":"ImageObject","inLanguage":"es","@id":"https:\/\/aivlisoft.net\/shop\/producto\/cougar-sillon-gaming-ranger-one-gray\/#primaryimage","url":"https:\/\/aivlisoft.net\/shop\/wp-content\/uploads\/2025\/01\/AGAMPA0603_800-1.jpg","contentUrl":"https:\/\/aivlisoft.net\/shop\/wp-content\/uploads\/2025\/01\/AGAMPA0603_800-1.jpg","width":800,"height":800},{"@type":"BreadcrumbList","@id":"https:\/\/aivlisoft.net\/shop\/producto\/cougar-sillon-gaming-ranger-one-gray\/#breadcrumb","itemListElement":[{"@type":"ListItem","position":1,"name":"Portada","item":"https:\/\/aivlisoft.net\/shop\/"},{"@type":"ListItem","position":2,"name":"Tienda","item":"https:\/\/aivlisoft.net\/shop\/tienda\/"},{"@type":"ListItem","position":3,"name":"Cougar Sillon Gaming Ranger One Gray"}]},{"@type":"WebSite","@id":"https:\/\/aivlisoft.net\/shop\/#website","url":"https:\/\/aivlisoft.net\/shop\/","name":"Aivlisoft Inform\u00e1tica","description":"En Aivlisoft Inform\u00e1tica ofrecemos soluciones tecnol\u00f3gicas para empresas: venta de ordenadores, consumibles, perif\u00e9ricos y m\u00e1s. Calidad, atenci\u00f3n personalizada y los mejores precios para tu negocio.","publisher":{"@id":"https:\/\/aivlisoft.net\/shop\/#organization"},"potentialAction":[{"@type":"SearchAction","target":{"@type":"EntryPoint","urlTemplate":"https:\/\/aivlisoft.net\/shop\/?s={search_term_string}"},"query-input":{"@type":"PropertyValueSpecification","valueRequired":true,"valueName":"search_term_string"}}],"inLanguage":"es"},{"@type":"Organization","@id":"https:\/\/aivlisoft.net\/shop\/#organization","name":"Aivlisoft Inform\u00e1tica","url":"https:\/\/aivlisoft.net\/shop\/","logo":{"@type":"ImageObject","inLanguage":"es","@id":"https:\/\/aivlisoft.net\/shop\/#\/schema\/logo\/image\/","url":"https:\/\/aivlisoft.net\/shop\/wp-content\/uploads\/2024\/12\/removal.ai_5b848c54-0cdf-4140-95c5-c5536bb7573b-logodef.png","contentUrl":"https:\/\/aivlisoft.net\/shop\/wp-content\/uploads\/2024\/12\/removal.ai_5b848c54-0cdf-4140-95c5-c5536bb7573b-logodef.png","width":484,"height":182,"caption":"Aivlisoft Inform\u00e1tica"},"image":{"@id":"https:\/\/aivlisoft.net\/shop\/#\/schema\/logo\/image\/"}}]}},"_links":{"self":[{"href":"https:\/\/aivlisoft.net\/shop\/wp-json\/wp\/v2\/product\/2965","targetHints":{"allow":["GET"]}}],"collection":[{"href":"https:\/\/aivlisoft.net\/shop\/wp-json\/wp\/v2\/product"}],"about":[{"href":"https:\/\/aivlisoft.net\/shop\/wp-json\/wp\/v2\/types\/product"}],"wp:featuredmedia":[{"embeddable":true,"href":"https:\/\/aivlisoft.net\/shop\/wp-json\/wp\/v2\/media\/2966"}],"wp:attachment":[{"href":"https:\/\/aivlisoft.net\/shop\/wp-json\/wp\/v2\/media?parent=2965"}],"wp:term":[{"taxonomy":"product_brand","embeddable":true,"href":"https:\/\/aivlisoft.net\/shop\/wp-json\/wp\/v2\/product_brand?post=2965"},{"taxonomy":"product_cat","embeddable":true,"href":"https:\/\/aivlisoft.net\/shop\/wp-json\/wp\/v2\/product_cat?post=2965"},{"taxonomy":"product_tag","embeddable":true,"href":"https:\/\/aivlisoft.net\/shop\/wp-json\/wp\/v2\/product_tag?post=2965"}],"curies":[{"name":"wp","href":"https:\/\/api.w.org\/{rel}","templated":true}]}}