{"id":2938,"date":"2025-01-13T13:11:29","date_gmt":"2025-01-13T13:11:29","guid":{"rendered":"https:\/\/aivlisoft.com\/?post_type=product&#038;p=2938"},"modified":"2025-01-14T10:04:36","modified_gmt":"2025-01-14T10:04:36","slug":"drift-silla-gaming-drair200-mesh-blanca","status":"publish","type":"product","link":"https:\/\/aivlisoft.net\/shop\/producto\/drift-silla-gaming-drair200-mesh-blanca\/","title":{"rendered":"Drift Silla gaming DRAIR200 Mesh blanca"},"content":{"rendered":"<p>DRAIR200 es una silla gamer ergon&oacute;mica que llega para completar nuestro cat&aacute;logo. Esta silla gaming est&aacute; construida con una malla ultratranspirable, aunando ergonom&iacute;a, comodidad y dise&ntilde;o para ayudarte a subir de nivel.<\/p>\n<table class=\"tabla_caracteristicas\" width=\"100%\">\n<tr>\n<td valign=\"top\"><strong>Marca<\/strong><\/td>\n<td>Drift<\/td>\n<\/tr>\n<tr>\n<td valign=\"top\"><strong>Modelo<\/strong><\/td>\n<td><strong>DRAIR200<\/strong><\/td>\n<\/tr>\n<tr>\n<td valign=\"top\"><strong>Caracter&iacute;sticas<\/strong><\/td>\n<td>&#8211; Material externo: Malla tensada de alta calidad<br \/>\t\t\t&#8211; Material interno: Estructura de pol&iacute;meros reforzados<br \/>\t\t\t&#8211; Reposabrazos: Ajustable 2D con acolchado extra<br \/>\t\t\t&#8211; Material base: nailon<br \/>\t\t\t&#8211; Material ruedas: nailon + PU<br \/>\t\t\t&#8211; Elevador: Pist&oacute;n de gas de 80 mm, Clase 4<br \/>\t\t\t&#8211; Funciones: Reclinaci&oacute;n, giro y funci&oacute;n de bloqueo<br \/>\t\t\t&#8211; Cojines: Cervical y lumbar integrados<br \/>\t\t\t&#8211; Peso m&aacute;ximo soportado: 150 kg<br \/>\t\t\t* Peso m&aacute;ximo permitido con el respaldo en posici&oacute;n vertical<br \/>\t\t\t<strong>Dimensiones y peso<\/strong><br \/>\t\t\t&#8211; 61 x 120-128 x 64 cm<br \/>\t\t\t&#8211; Dimensiones base: 64 cm<br \/>\t\t\t&#8211; 14.7 kg<\/td>\n<\/tr>\n<tr>\n<td valign=\"top\"><strong>Fecha de revisi&oacute;n<\/strong><\/td>\n<td>11-09-2024 por RTY<\/td>\n<\/tr>\n<\/table>\n","protected":false},"excerpt":{"rendered":"<p>DRAIR200 es una silla gamer ergon&oacute;mica que llega para completar nuestro cat&aacute;logo. Esta silla gaming est&aacute; construida con una malla ultratranspirable, aunando ergonom&iacute;a, comodidad y dise&ntilde;o para ayudarte a subir de nivel. Marca Drift Modelo DRAIR200 Caracter&iacute;sticas &#8211; Material externo: Malla tensada de alta calidad &#8211; Material interno: Estructura de pol&iacute;meros reforzados &#8211; Reposabrazos: Ajustable&hellip;&nbsp;<a href=\"https:\/\/aivlisoft.net\/shop\/producto\/drift-silla-gaming-drair200-mesh-blanca\/\" rel=\"bookmark\"><span class=\"screen-reader-text\">Drift Silla gaming DRAIR200 Mesh blanca<\/span><\/a><\/p>\n","protected":false},"featured_media":2939,"template":"","meta":{"neve_meta_sidebar":"","neve_meta_container":"","neve_meta_enable_content_width":"","neve_meta_content_width":0,"neve_meta_title_alignment":"","neve_meta_author_avatar":"","neve_post_elements_order":"","neve_meta_disable_header":"","neve_meta_disable_footer":"","neve_meta_disable_title":""},"product_brand":[],"product_cat":[8694],"product_tag":[884],"class_list":{"0":"post-2938","1":"product","2":"type-product","3":"status-publish","4":"has-post-thumbnail","6":"product_cat-sillas","7":"product_tag-drair200","9":"first","10":"instock","11":"taxable","12":"shipping-taxable","13":"purchasable","14":"product-type-simple"},"yoast_head":"<!-- This site is optimized with the Yoast SEO plugin v26.0 - https:\/\/yoast.com\/wordpress\/plugins\/seo\/ -->\n<title>Drift Silla gaming DRAIR200 Mesh blanca - Aivlisoft Inform\u00e1tica<\/title>\n<meta name=\"robots\" content=\"index, follow, max-snippet:-1, max-image-preview:large, max-video-preview:-1\" \/>\n<link rel=\"canonical\" href=\"https:\/\/aivlisoft.net\/shop\/producto\/drift-silla-gaming-drair200-mesh-blanca\/\" \/>\n<meta property=\"og:locale\" content=\"es_ES\" \/>\n<meta property=\"og:type\" content=\"article\" \/>\n<meta property=\"og:title\" content=\"Drift Silla gaming DRAIR200 Mesh blanca - Aivlisoft Inform\u00e1tica\" \/>\n<meta property=\"og:description\" content=\"DRAIR200 es una silla gamer ergon&oacute;mica que llega para completar nuestro cat&aacute;logo. Esta silla gaming est&aacute; construida con una malla ultratranspirable, aunando ergonom&iacute;a, comodidad y dise&ntilde;o para ayudarte a subir de nivel. Marca Drift Modelo DRAIR200 Caracter&iacute;sticas &#8211; Material externo: Malla tensada de alta calidad &#8211; Material interno: Estructura de pol&iacute;meros reforzados &#8211; Reposabrazos: Ajustable&hellip;&nbsp;Drift Silla gaming DRAIR200 Mesh blanca\" \/>\n<meta property=\"og:url\" content=\"https:\/\/aivlisoft.net\/shop\/producto\/drift-silla-gaming-drair200-mesh-blanca\/\" \/>\n<meta property=\"og:site_name\" content=\"Aivlisoft Inform\u00e1tica\" \/>\n<meta property=\"article:modified_time\" content=\"2025-01-14T10:04:36+00:00\" \/>\n<meta property=\"og:image\" content=\"https:\/\/aivlisoft.net\/shop\/wp-content\/uploads\/2025\/01\/AGAMPA0597_800-1.jpg\" \/>\n\t<meta property=\"og:image:width\" content=\"800\" \/>\n\t<meta property=\"og:image:height\" content=\"800\" \/>\n\t<meta property=\"og:image:type\" content=\"image\/jpeg\" \/>\n<meta name=\"twitter:card\" content=\"summary_large_image\" \/>\n<meta name=\"twitter:label1\" content=\"Tiempo de lectura\" \/>\n\t<meta name=\"twitter:data1\" content=\"1 minuto\" \/>\n<script type=\"application\/ld+json\" class=\"yoast-schema-graph\">{\"@context\":\"https:\/\/schema.org\",\"@graph\":[{\"@type\":\"WebPage\",\"@id\":\"https:\/\/aivlisoft.net\/shop\/producto\/drift-silla-gaming-drair200-mesh-blanca\/\",\"url\":\"https:\/\/aivlisoft.net\/shop\/producto\/drift-silla-gaming-drair200-mesh-blanca\/\",\"name\":\"Drift Silla gaming DRAIR200 Mesh blanca - Aivlisoft Inform\u00e1tica\",\"isPartOf\":{\"@id\":\"https:\/\/aivlisoft.net\/shop\/#website\"},\"primaryImageOfPage\":{\"@id\":\"https:\/\/aivlisoft.net\/shop\/producto\/drift-silla-gaming-drair200-mesh-blanca\/#primaryimage\"},\"image\":{\"@id\":\"https:\/\/aivlisoft.net\/shop\/producto\/drift-silla-gaming-drair200-mesh-blanca\/#primaryimage\"},\"thumbnailUrl\":\"https:\/\/aivlisoft.net\/shop\/wp-content\/uploads\/2025\/01\/AGAMPA0597_800-1.jpg\",\"datePublished\":\"2025-01-13T13:11:29+00:00\",\"dateModified\":\"2025-01-14T10:04:36+00:00\",\"breadcrumb\":{\"@id\":\"https:\/\/aivlisoft.net\/shop\/producto\/drift-silla-gaming-drair200-mesh-blanca\/#breadcrumb\"},\"inLanguage\":\"es\",\"potentialAction\":[{\"@type\":\"ReadAction\",\"target\":[\"https:\/\/aivlisoft.net\/shop\/producto\/drift-silla-gaming-drair200-mesh-blanca\/\"]}]},{\"@type\":\"ImageObject\",\"inLanguage\":\"es\",\"@id\":\"https:\/\/aivlisoft.net\/shop\/producto\/drift-silla-gaming-drair200-mesh-blanca\/#primaryimage\",\"url\":\"https:\/\/aivlisoft.net\/shop\/wp-content\/uploads\/2025\/01\/AGAMPA0597_800-1.jpg\",\"contentUrl\":\"https:\/\/aivlisoft.net\/shop\/wp-content\/uploads\/2025\/01\/AGAMPA0597_800-1.jpg\",\"width\":800,\"height\":800},{\"@type\":\"BreadcrumbList\",\"@id\":\"https:\/\/aivlisoft.net\/shop\/producto\/drift-silla-gaming-drair200-mesh-blanca\/#breadcrumb\",\"itemListElement\":[{\"@type\":\"ListItem\",\"position\":1,\"name\":\"Portada\",\"item\":\"https:\/\/aivlisoft.net\/shop\/\"},{\"@type\":\"ListItem\",\"position\":2,\"name\":\"Tienda\",\"item\":\"https:\/\/aivlisoft.net\/shop\/tienda\/\"},{\"@type\":\"ListItem\",\"position\":3,\"name\":\"Drift Silla gaming DRAIR200 Mesh blanca\"}]},{\"@type\":\"WebSite\",\"@id\":\"https:\/\/aivlisoft.net\/shop\/#website\",\"url\":\"https:\/\/aivlisoft.net\/shop\/\",\"name\":\"Aivlisoft Inform\u00e1tica\",\"description\":\"En Aivlisoft Inform\u00e1tica ofrecemos soluciones tecnol\u00f3gicas para empresas: venta de ordenadores, consumibles, perif\u00e9ricos y m\u00e1s. Calidad, atenci\u00f3n personalizada y los mejores precios para tu negocio.\",\"publisher\":{\"@id\":\"https:\/\/aivlisoft.net\/shop\/#organization\"},\"potentialAction\":[{\"@type\":\"SearchAction\",\"target\":{\"@type\":\"EntryPoint\",\"urlTemplate\":\"https:\/\/aivlisoft.net\/shop\/?s={search_term_string}\"},\"query-input\":{\"@type\":\"PropertyValueSpecification\",\"valueRequired\":true,\"valueName\":\"search_term_string\"}}],\"inLanguage\":\"es\"},{\"@type\":\"Organization\",\"@id\":\"https:\/\/aivlisoft.net\/shop\/#organization\",\"name\":\"Aivlisoft Inform\u00e1tica\",\"url\":\"https:\/\/aivlisoft.net\/shop\/\",\"logo\":{\"@type\":\"ImageObject\",\"inLanguage\":\"es\",\"@id\":\"https:\/\/aivlisoft.net\/shop\/#\/schema\/logo\/image\/\",\"url\":\"https:\/\/aivlisoft.net\/shop\/wp-content\/uploads\/2024\/12\/removal.ai_5b848c54-0cdf-4140-95c5-c5536bb7573b-logodef.png\",\"contentUrl\":\"https:\/\/aivlisoft.net\/shop\/wp-content\/uploads\/2024\/12\/removal.ai_5b848c54-0cdf-4140-95c5-c5536bb7573b-logodef.png\",\"width\":484,\"height\":182,\"caption\":\"Aivlisoft Inform\u00e1tica\"},\"image\":{\"@id\":\"https:\/\/aivlisoft.net\/shop\/#\/schema\/logo\/image\/\"}}]}<\/script>\n<!-- \/ Yoast SEO plugin. -->","yoast_head_json":{"title":"Drift Silla gaming DRAIR200 Mesh blanca - Aivlisoft Inform\u00e1tica","robots":{"index":"index","follow":"follow","max-snippet":"max-snippet:-1","max-image-preview":"max-image-preview:large","max-video-preview":"max-video-preview:-1"},"canonical":"https:\/\/aivlisoft.net\/shop\/producto\/drift-silla-gaming-drair200-mesh-blanca\/","og_locale":"es_ES","og_type":"article","og_title":"Drift Silla gaming DRAIR200 Mesh blanca - Aivlisoft Inform\u00e1tica","og_description":"DRAIR200 es una silla gamer ergon&oacute;mica que llega para completar nuestro cat&aacute;logo. Esta silla gaming est&aacute; construida con una malla ultratranspirable, aunando ergonom&iacute;a, comodidad y dise&ntilde;o para ayudarte a subir de nivel. Marca Drift Modelo DRAIR200 Caracter&iacute;sticas &#8211; Material externo: Malla tensada de alta calidad &#8211; Material interno: Estructura de pol&iacute;meros reforzados &#8211; Reposabrazos: Ajustable&hellip;&nbsp;Drift Silla gaming DRAIR200 Mesh blanca","og_url":"https:\/\/aivlisoft.net\/shop\/producto\/drift-silla-gaming-drair200-mesh-blanca\/","og_site_name":"Aivlisoft Inform\u00e1tica","article_modified_time":"2025-01-14T10:04:36+00:00","og_image":[{"width":800,"height":800,"url":"https:\/\/aivlisoft.net\/shop\/wp-content\/uploads\/2025\/01\/AGAMPA0597_800-1.jpg","type":"image\/jpeg"}],"twitter_card":"summary_large_image","twitter_misc":{"Tiempo de lectura":"1 minuto"},"schema":{"@context":"https:\/\/schema.org","@graph":[{"@type":"WebPage","@id":"https:\/\/aivlisoft.net\/shop\/producto\/drift-silla-gaming-drair200-mesh-blanca\/","url":"https:\/\/aivlisoft.net\/shop\/producto\/drift-silla-gaming-drair200-mesh-blanca\/","name":"Drift Silla gaming DRAIR200 Mesh blanca - Aivlisoft Inform\u00e1tica","isPartOf":{"@id":"https:\/\/aivlisoft.net\/shop\/#website"},"primaryImageOfPage":{"@id":"https:\/\/aivlisoft.net\/shop\/producto\/drift-silla-gaming-drair200-mesh-blanca\/#primaryimage"},"image":{"@id":"https:\/\/aivlisoft.net\/shop\/producto\/drift-silla-gaming-drair200-mesh-blanca\/#primaryimage"},"thumbnailUrl":"https:\/\/aivlisoft.net\/shop\/wp-content\/uploads\/2025\/01\/AGAMPA0597_800-1.jpg","datePublished":"2025-01-13T13:11:29+00:00","dateModified":"2025-01-14T10:04:36+00:00","breadcrumb":{"@id":"https:\/\/aivlisoft.net\/shop\/producto\/drift-silla-gaming-drair200-mesh-blanca\/#breadcrumb"},"inLanguage":"es","potentialAction":[{"@type":"ReadAction","target":["https:\/\/aivlisoft.net\/shop\/producto\/drift-silla-gaming-drair200-mesh-blanca\/"]}]},{"@type":"ImageObject","inLanguage":"es","@id":"https:\/\/aivlisoft.net\/shop\/producto\/drift-silla-gaming-drair200-mesh-blanca\/#primaryimage","url":"https:\/\/aivlisoft.net\/shop\/wp-content\/uploads\/2025\/01\/AGAMPA0597_800-1.jpg","contentUrl":"https:\/\/aivlisoft.net\/shop\/wp-content\/uploads\/2025\/01\/AGAMPA0597_800-1.jpg","width":800,"height":800},{"@type":"BreadcrumbList","@id":"https:\/\/aivlisoft.net\/shop\/producto\/drift-silla-gaming-drair200-mesh-blanca\/#breadcrumb","itemListElement":[{"@type":"ListItem","position":1,"name":"Portada","item":"https:\/\/aivlisoft.net\/shop\/"},{"@type":"ListItem","position":2,"name":"Tienda","item":"https:\/\/aivlisoft.net\/shop\/tienda\/"},{"@type":"ListItem","position":3,"name":"Drift Silla gaming DRAIR200 Mesh blanca"}]},{"@type":"WebSite","@id":"https:\/\/aivlisoft.net\/shop\/#website","url":"https:\/\/aivlisoft.net\/shop\/","name":"Aivlisoft Inform\u00e1tica","description":"En Aivlisoft Inform\u00e1tica ofrecemos soluciones tecnol\u00f3gicas para empresas: venta de ordenadores, consumibles, perif\u00e9ricos y m\u00e1s. Calidad, atenci\u00f3n personalizada y los mejores precios para tu negocio.","publisher":{"@id":"https:\/\/aivlisoft.net\/shop\/#organization"},"potentialAction":[{"@type":"SearchAction","target":{"@type":"EntryPoint","urlTemplate":"https:\/\/aivlisoft.net\/shop\/?s={search_term_string}"},"query-input":{"@type":"PropertyValueSpecification","valueRequired":true,"valueName":"search_term_string"}}],"inLanguage":"es"},{"@type":"Organization","@id":"https:\/\/aivlisoft.net\/shop\/#organization","name":"Aivlisoft Inform\u00e1tica","url":"https:\/\/aivlisoft.net\/shop\/","logo":{"@type":"ImageObject","inLanguage":"es","@id":"https:\/\/aivlisoft.net\/shop\/#\/schema\/logo\/image\/","url":"https:\/\/aivlisoft.net\/shop\/wp-content\/uploads\/2024\/12\/removal.ai_5b848c54-0cdf-4140-95c5-c5536bb7573b-logodef.png","contentUrl":"https:\/\/aivlisoft.net\/shop\/wp-content\/uploads\/2024\/12\/removal.ai_5b848c54-0cdf-4140-95c5-c5536bb7573b-logodef.png","width":484,"height":182,"caption":"Aivlisoft Inform\u00e1tica"},"image":{"@id":"https:\/\/aivlisoft.net\/shop\/#\/schema\/logo\/image\/"}}]}},"_links":{"self":[{"href":"https:\/\/aivlisoft.net\/shop\/wp-json\/wp\/v2\/product\/2938","targetHints":{"allow":["GET"]}}],"collection":[{"href":"https:\/\/aivlisoft.net\/shop\/wp-json\/wp\/v2\/product"}],"about":[{"href":"https:\/\/aivlisoft.net\/shop\/wp-json\/wp\/v2\/types\/product"}],"wp:featuredmedia":[{"embeddable":true,"href":"https:\/\/aivlisoft.net\/shop\/wp-json\/wp\/v2\/media\/2939"}],"wp:attachment":[{"href":"https:\/\/aivlisoft.net\/shop\/wp-json\/wp\/v2\/media?parent=2938"}],"wp:term":[{"taxonomy":"product_brand","embeddable":true,"href":"https:\/\/aivlisoft.net\/shop\/wp-json\/wp\/v2\/product_brand?post=2938"},{"taxonomy":"product_cat","embeddable":true,"href":"https:\/\/aivlisoft.net\/shop\/wp-json\/wp\/v2\/product_cat?post=2938"},{"taxonomy":"product_tag","embeddable":true,"href":"https:\/\/aivlisoft.net\/shop\/wp-json\/wp\/v2\/product_tag?post=2938"}],"curies":[{"name":"wp","href":"https:\/\/api.w.org\/{rel}","templated":true}]}}