{"id":2840,"date":"2025-01-13T13:11:02","date_gmt":"2025-01-13T13:11:02","guid":{"rendered":"https:\/\/aivlisoft.com\/?post_type=product&#038;p=2840"},"modified":"2025-01-14T10:04:07","modified_gmt":"2025-01-14T10:04:07","slug":"drift-silla-gaming-dr90-pro-gris-negro","status":"publish","type":"product","link":"https:\/\/aivlisoft.net\/shop\/producto\/drift-silla-gaming-dr90-pro-gris-negro\/","title":{"rendered":"DRIFT Silla Gaming DR90 PRO Gris\/Negro"},"content":{"rendered":"<p><strong>Reposabrazos 2D<\/strong><br \/>Disfruta de la ergonom&iacute;a que ofrecen los reposabrazos de la DR90 PRO, ya que han sido dise&ntilde;ados para conseguir el apoyo perfecto para mantener una postura siempre c&oacute;moda: podr&aacute;s ajustarlos en altura y &aacute;ngulo lateral.<\/p>\n<p><strong>Dise&ntilde;o innovador<\/strong><br \/>Esta silla gaming de tela cuenta con una s&oacute;lida estructura de metal que asegura un desplazamiento delicado y la estabilidad total, lo que la hace perfecta para cualquier jugador. La transpiraci&oacute;n est&aacute; asegurada gracias a sus incre&iacute;bles acabados en tela suave de alta calidad, incluso en las sesiones m&aacute;s largas.<\/p>\n<p><strong>Pist&oacute;n de gas de clase 4<\/strong><br \/>Con un s&oacute;lido pist&oacute;n de gas de Clase 4, soporta hasta 150 kilos de peso.<\/p>\n<p><strong>Desplazamiento suave<\/strong><br \/>Despl&aacute;zate de manera segura y silenciosa con la DR90 PRO, ya que cuenta con una base estable y unas ruedas de 60 mm que ofrecen un deslizamiento perfecto en cualquier superficie.<\/p>\n<p><strong>Comodidad garantizada<\/strong><br \/>Para jugar, estudiar o trabajar, entre las funcionalidades de la Drift DR90PRO destaca el mecanismo de mariposa que integra, que posibilita un adecuado reparto del peso del cuerpo, mejorando tu rendimiento.<\/p>\n<p><strong>Asiento regulable en altura<\/strong><br \/>Entre sus distintas opciones de ajuste, la DR90 PRO tambi&eacute;n cuenta con un asiento regulable en altura, de manera que podr&aacute;s adaptarla a tu espacio de juego o trabajo sin problemas.<\/p>\n<p><strong>Respaldo reclinable<\/strong><br \/>La silla gamer DR90 PRO ofrece enormes posibilidades de ajuste: se adapta a tu espalda gracias a un respaldo reclinable hasta los 135&ordm; que te permitir&aacute; jugar, trabajar y tambi&eacute;n descansar entre partida y partida.<\/p>\n<p><strong>Coj&iacute;n lumbar y cervical<\/strong><br \/>Incorpora un coj&iacute;n lumbar y otro cervical para cuidar la salud de tu espalda y cuello, que te permitir&aacute;n disfrutar de tus juegos favoritos durante un sinf&iacute;n de horas sin darte cuenta y sin que tu cuerpo se resienta.<\/p>\n<p><strong>Estilo y Comodidad<\/strong><br \/>Podr&aacute;s encontrar esta original silla gamer o para escritorio con cuatro combinaciones de color distintas: gris oscuro combinado con negro; gris con blanco; gris con turquesa; y gris con rosa. La decisi&oacute;n m&aacute;s dif&iacute;cil ser&aacute; con cu&aacute;l quedarte.<\/p>\n<table class=\"tabla_caracteristicas k-table\" width=\"100%\">\n<tr>\n<td valign=\"top\"><strong>Marca<\/strong><\/td>\n<td>Drift<\/td>\n<\/tr>\n<tr>\n<td valign=\"top\"><strong>Modelo<\/strong><\/td>\n<td><strong>DR90PROB<\/strong><\/td>\n<\/tr>\n<tr>\n<td valign=\"top\"><strong>Caracteristicas<\/strong><\/td>\n<td>&#8211; Material externo: Tela Fabric<br \/>\t\t\t&#8211; Material interno: Foam | Estructura de metal<br \/>\t\t\t&#8211; Reposabrazos: Pintados en negro con cojines de cuero de PU, acolchado extra<br \/>\t\t\t&#8211; Base: Base de nylon negra de 64cm con ruedas de nylon negro<br \/>\t\t\t&#8211; Ruedas: Material: nailon | N&ordm; de radios: 6 | Di&aacute;metro: 60mm<br \/>\t\t\t&#8211; Elevador: Elevador de gas pintado en negro, 80mm, Clase 4<br \/>\t\t\t&#8211; Funciones: Inclinaci&oacute;n, giro, y funci&oacute;n de bloqueo<br \/>\t\t\t&#8211; Cojines: Coj&iacute;n lumbar y cervical<br \/>\t\t\t&#8211; Medidas generales: 68 x 124.5-132 x 63 cm (Ancho x Alto x Largo)<br \/>\t\t\t&#8211; Color: Gris \/ Negro<br \/>\t\t\t&#8211; Peso neto: 19.1 Kg<br \/>\t\t\t&#8211; Peso m&aacute;ximo soportado: 150 Kg<\/td>\n<\/tr>\n<tr>\n<td valign=\"top\"><strong>Fecha de revisi&oacute;n<\/strong><\/td>\n<td>20-03-2023 por MSB<\/td>\n<\/tr>\n<\/table>\n","protected":false},"excerpt":{"rendered":"<p>Reposabrazos 2DDisfruta de la ergonom&iacute;a que ofrecen los reposabrazos de la DR90 PRO, ya que han sido dise&ntilde;ados para conseguir el apoyo perfecto para mantener una postura siempre c&oacute;moda: podr&aacute;s ajustarlos en altura y &aacute;ngulo lateral. Dise&ntilde;o innovadorEsta silla gaming de tela cuenta con una s&oacute;lida estructura de metal que asegura un desplazamiento delicado y&hellip;&nbsp;<a href=\"https:\/\/aivlisoft.net\/shop\/producto\/drift-silla-gaming-dr90-pro-gris-negro\/\" rel=\"bookmark\"><span class=\"screen-reader-text\">DRIFT Silla Gaming DR90 PRO Gris\/Negro<\/span><\/a><\/p>\n","protected":false},"featured_media":2841,"template":"","meta":{"neve_meta_sidebar":"","neve_meta_container":"","neve_meta_enable_content_width":"","neve_meta_content_width":0,"neve_meta_title_alignment":"","neve_meta_author_avatar":"","neve_post_elements_order":"","neve_meta_disable_header":"","neve_meta_disable_footer":"","neve_meta_disable_title":""},"product_brand":[],"product_cat":[8694],"product_tag":[858],"class_list":{"0":"post-2840","1":"product","2":"type-product","3":"status-publish","4":"has-post-thumbnail","6":"product_cat-sillas","7":"product_tag-dr90prob","9":"first","10":"instock","11":"taxable","12":"shipping-taxable","13":"purchasable","14":"product-type-simple"},"yoast_head":"<!-- This site is optimized with the Yoast SEO plugin v26.0 - https:\/\/yoast.com\/wordpress\/plugins\/seo\/ -->\n<title>DRIFT Silla Gaming DR90 PRO Gris\/Negro - Aivlisoft Inform\u00e1tica<\/title>\n<meta name=\"robots\" content=\"index, follow, max-snippet:-1, max-image-preview:large, max-video-preview:-1\" \/>\n<link rel=\"canonical\" href=\"https:\/\/aivlisoft.net\/shop\/producto\/drift-silla-gaming-dr90-pro-gris-negro\/\" \/>\n<meta property=\"og:locale\" content=\"es_ES\" \/>\n<meta property=\"og:type\" content=\"article\" \/>\n<meta property=\"og:title\" content=\"DRIFT Silla Gaming DR90 PRO Gris\/Negro - Aivlisoft Inform\u00e1tica\" \/>\n<meta property=\"og:description\" content=\"Reposabrazos 2DDisfruta de la ergonom&iacute;a que ofrecen los reposabrazos de la DR90 PRO, ya que han sido dise&ntilde;ados para conseguir el apoyo perfecto para mantener una postura siempre c&oacute;moda: podr&aacute;s ajustarlos en altura y &aacute;ngulo lateral. Dise&ntilde;o innovadorEsta silla gaming de tela cuenta con una s&oacute;lida estructura de metal que asegura un desplazamiento delicado y&hellip;&nbsp;DRIFT Silla Gaming DR90 PRO Gris\/Negro\" \/>\n<meta property=\"og:url\" content=\"https:\/\/aivlisoft.net\/shop\/producto\/drift-silla-gaming-dr90-pro-gris-negro\/\" \/>\n<meta property=\"og:site_name\" content=\"Aivlisoft Inform\u00e1tica\" \/>\n<meta property=\"article:modified_time\" content=\"2025-01-14T10:04:07+00:00\" \/>\n<meta property=\"og:image\" content=\"https:\/\/aivlisoft.net\/shop\/wp-content\/uploads\/2025\/01\/AGAMPA0563_800-1.jpg\" \/>\n\t<meta property=\"og:image:width\" content=\"800\" \/>\n\t<meta property=\"og:image:height\" content=\"800\" \/>\n\t<meta property=\"og:image:type\" content=\"image\/jpeg\" \/>\n<meta name=\"twitter:card\" content=\"summary_large_image\" \/>\n<meta name=\"twitter:label1\" content=\"Tiempo de lectura\" \/>\n\t<meta name=\"twitter:data1\" content=\"2 minutos\" \/>\n<script type=\"application\/ld+json\" class=\"yoast-schema-graph\">{\"@context\":\"https:\/\/schema.org\",\"@graph\":[{\"@type\":\"WebPage\",\"@id\":\"https:\/\/aivlisoft.net\/shop\/producto\/drift-silla-gaming-dr90-pro-gris-negro\/\",\"url\":\"https:\/\/aivlisoft.net\/shop\/producto\/drift-silla-gaming-dr90-pro-gris-negro\/\",\"name\":\"DRIFT Silla Gaming DR90 PRO Gris\/Negro - Aivlisoft Inform\u00e1tica\",\"isPartOf\":{\"@id\":\"https:\/\/aivlisoft.net\/shop\/#website\"},\"primaryImageOfPage\":{\"@id\":\"https:\/\/aivlisoft.net\/shop\/producto\/drift-silla-gaming-dr90-pro-gris-negro\/#primaryimage\"},\"image\":{\"@id\":\"https:\/\/aivlisoft.net\/shop\/producto\/drift-silla-gaming-dr90-pro-gris-negro\/#primaryimage\"},\"thumbnailUrl\":\"https:\/\/aivlisoft.net\/shop\/wp-content\/uploads\/2025\/01\/AGAMPA0563_800-1.jpg\",\"datePublished\":\"2025-01-13T13:11:02+00:00\",\"dateModified\":\"2025-01-14T10:04:07+00:00\",\"breadcrumb\":{\"@id\":\"https:\/\/aivlisoft.net\/shop\/producto\/drift-silla-gaming-dr90-pro-gris-negro\/#breadcrumb\"},\"inLanguage\":\"es\",\"potentialAction\":[{\"@type\":\"ReadAction\",\"target\":[\"https:\/\/aivlisoft.net\/shop\/producto\/drift-silla-gaming-dr90-pro-gris-negro\/\"]}]},{\"@type\":\"ImageObject\",\"inLanguage\":\"es\",\"@id\":\"https:\/\/aivlisoft.net\/shop\/producto\/drift-silla-gaming-dr90-pro-gris-negro\/#primaryimage\",\"url\":\"https:\/\/aivlisoft.net\/shop\/wp-content\/uploads\/2025\/01\/AGAMPA0563_800-1.jpg\",\"contentUrl\":\"https:\/\/aivlisoft.net\/shop\/wp-content\/uploads\/2025\/01\/AGAMPA0563_800-1.jpg\",\"width\":800,\"height\":800},{\"@type\":\"BreadcrumbList\",\"@id\":\"https:\/\/aivlisoft.net\/shop\/producto\/drift-silla-gaming-dr90-pro-gris-negro\/#breadcrumb\",\"itemListElement\":[{\"@type\":\"ListItem\",\"position\":1,\"name\":\"Portada\",\"item\":\"https:\/\/aivlisoft.net\/shop\/\"},{\"@type\":\"ListItem\",\"position\":2,\"name\":\"Tienda\",\"item\":\"https:\/\/aivlisoft.net\/shop\/tienda\/\"},{\"@type\":\"ListItem\",\"position\":3,\"name\":\"DRIFT Silla Gaming DR90 PRO Gris\/Negro\"}]},{\"@type\":\"WebSite\",\"@id\":\"https:\/\/aivlisoft.net\/shop\/#website\",\"url\":\"https:\/\/aivlisoft.net\/shop\/\",\"name\":\"Aivlisoft Inform\u00e1tica\",\"description\":\"En Aivlisoft Inform\u00e1tica ofrecemos soluciones tecnol\u00f3gicas para empresas: venta de ordenadores, consumibles, perif\u00e9ricos y m\u00e1s. Calidad, atenci\u00f3n personalizada y los mejores precios para tu negocio.\",\"publisher\":{\"@id\":\"https:\/\/aivlisoft.net\/shop\/#organization\"},\"potentialAction\":[{\"@type\":\"SearchAction\",\"target\":{\"@type\":\"EntryPoint\",\"urlTemplate\":\"https:\/\/aivlisoft.net\/shop\/?s={search_term_string}\"},\"query-input\":{\"@type\":\"PropertyValueSpecification\",\"valueRequired\":true,\"valueName\":\"search_term_string\"}}],\"inLanguage\":\"es\"},{\"@type\":\"Organization\",\"@id\":\"https:\/\/aivlisoft.net\/shop\/#organization\",\"name\":\"Aivlisoft Inform\u00e1tica\",\"url\":\"https:\/\/aivlisoft.net\/shop\/\",\"logo\":{\"@type\":\"ImageObject\",\"inLanguage\":\"es\",\"@id\":\"https:\/\/aivlisoft.net\/shop\/#\/schema\/logo\/image\/\",\"url\":\"https:\/\/aivlisoft.net\/shop\/wp-content\/uploads\/2024\/12\/removal.ai_5b848c54-0cdf-4140-95c5-c5536bb7573b-logodef.png\",\"contentUrl\":\"https:\/\/aivlisoft.net\/shop\/wp-content\/uploads\/2024\/12\/removal.ai_5b848c54-0cdf-4140-95c5-c5536bb7573b-logodef.png\",\"width\":484,\"height\":182,\"caption\":\"Aivlisoft Inform\u00e1tica\"},\"image\":{\"@id\":\"https:\/\/aivlisoft.net\/shop\/#\/schema\/logo\/image\/\"}}]}<\/script>\n<!-- \/ Yoast SEO plugin. -->","yoast_head_json":{"title":"DRIFT Silla Gaming DR90 PRO Gris\/Negro - Aivlisoft Inform\u00e1tica","robots":{"index":"index","follow":"follow","max-snippet":"max-snippet:-1","max-image-preview":"max-image-preview:large","max-video-preview":"max-video-preview:-1"},"canonical":"https:\/\/aivlisoft.net\/shop\/producto\/drift-silla-gaming-dr90-pro-gris-negro\/","og_locale":"es_ES","og_type":"article","og_title":"DRIFT Silla Gaming DR90 PRO Gris\/Negro - Aivlisoft Inform\u00e1tica","og_description":"Reposabrazos 2DDisfruta de la ergonom&iacute;a que ofrecen los reposabrazos de la DR90 PRO, ya que han sido dise&ntilde;ados para conseguir el apoyo perfecto para mantener una postura siempre c&oacute;moda: podr&aacute;s ajustarlos en altura y &aacute;ngulo lateral. Dise&ntilde;o innovadorEsta silla gaming de tela cuenta con una s&oacute;lida estructura de metal que asegura un desplazamiento delicado y&hellip;&nbsp;DRIFT Silla Gaming DR90 PRO Gris\/Negro","og_url":"https:\/\/aivlisoft.net\/shop\/producto\/drift-silla-gaming-dr90-pro-gris-negro\/","og_site_name":"Aivlisoft Inform\u00e1tica","article_modified_time":"2025-01-14T10:04:07+00:00","og_image":[{"width":800,"height":800,"url":"https:\/\/aivlisoft.net\/shop\/wp-content\/uploads\/2025\/01\/AGAMPA0563_800-1.jpg","type":"image\/jpeg"}],"twitter_card":"summary_large_image","twitter_misc":{"Tiempo de lectura":"2 minutos"},"schema":{"@context":"https:\/\/schema.org","@graph":[{"@type":"WebPage","@id":"https:\/\/aivlisoft.net\/shop\/producto\/drift-silla-gaming-dr90-pro-gris-negro\/","url":"https:\/\/aivlisoft.net\/shop\/producto\/drift-silla-gaming-dr90-pro-gris-negro\/","name":"DRIFT Silla Gaming DR90 PRO Gris\/Negro - Aivlisoft Inform\u00e1tica","isPartOf":{"@id":"https:\/\/aivlisoft.net\/shop\/#website"},"primaryImageOfPage":{"@id":"https:\/\/aivlisoft.net\/shop\/producto\/drift-silla-gaming-dr90-pro-gris-negro\/#primaryimage"},"image":{"@id":"https:\/\/aivlisoft.net\/shop\/producto\/drift-silla-gaming-dr90-pro-gris-negro\/#primaryimage"},"thumbnailUrl":"https:\/\/aivlisoft.net\/shop\/wp-content\/uploads\/2025\/01\/AGAMPA0563_800-1.jpg","datePublished":"2025-01-13T13:11:02+00:00","dateModified":"2025-01-14T10:04:07+00:00","breadcrumb":{"@id":"https:\/\/aivlisoft.net\/shop\/producto\/drift-silla-gaming-dr90-pro-gris-negro\/#breadcrumb"},"inLanguage":"es","potentialAction":[{"@type":"ReadAction","target":["https:\/\/aivlisoft.net\/shop\/producto\/drift-silla-gaming-dr90-pro-gris-negro\/"]}]},{"@type":"ImageObject","inLanguage":"es","@id":"https:\/\/aivlisoft.net\/shop\/producto\/drift-silla-gaming-dr90-pro-gris-negro\/#primaryimage","url":"https:\/\/aivlisoft.net\/shop\/wp-content\/uploads\/2025\/01\/AGAMPA0563_800-1.jpg","contentUrl":"https:\/\/aivlisoft.net\/shop\/wp-content\/uploads\/2025\/01\/AGAMPA0563_800-1.jpg","width":800,"height":800},{"@type":"BreadcrumbList","@id":"https:\/\/aivlisoft.net\/shop\/producto\/drift-silla-gaming-dr90-pro-gris-negro\/#breadcrumb","itemListElement":[{"@type":"ListItem","position":1,"name":"Portada","item":"https:\/\/aivlisoft.net\/shop\/"},{"@type":"ListItem","position":2,"name":"Tienda","item":"https:\/\/aivlisoft.net\/shop\/tienda\/"},{"@type":"ListItem","position":3,"name":"DRIFT Silla Gaming DR90 PRO Gris\/Negro"}]},{"@type":"WebSite","@id":"https:\/\/aivlisoft.net\/shop\/#website","url":"https:\/\/aivlisoft.net\/shop\/","name":"Aivlisoft Inform\u00e1tica","description":"En Aivlisoft Inform\u00e1tica ofrecemos soluciones tecnol\u00f3gicas para empresas: venta de ordenadores, consumibles, perif\u00e9ricos y m\u00e1s. Calidad, atenci\u00f3n personalizada y los mejores precios para tu negocio.","publisher":{"@id":"https:\/\/aivlisoft.net\/shop\/#organization"},"potentialAction":[{"@type":"SearchAction","target":{"@type":"EntryPoint","urlTemplate":"https:\/\/aivlisoft.net\/shop\/?s={search_term_string}"},"query-input":{"@type":"PropertyValueSpecification","valueRequired":true,"valueName":"search_term_string"}}],"inLanguage":"es"},{"@type":"Organization","@id":"https:\/\/aivlisoft.net\/shop\/#organization","name":"Aivlisoft Inform\u00e1tica","url":"https:\/\/aivlisoft.net\/shop\/","logo":{"@type":"ImageObject","inLanguage":"es","@id":"https:\/\/aivlisoft.net\/shop\/#\/schema\/logo\/image\/","url":"https:\/\/aivlisoft.net\/shop\/wp-content\/uploads\/2024\/12\/removal.ai_5b848c54-0cdf-4140-95c5-c5536bb7573b-logodef.png","contentUrl":"https:\/\/aivlisoft.net\/shop\/wp-content\/uploads\/2024\/12\/removal.ai_5b848c54-0cdf-4140-95c5-c5536bb7573b-logodef.png","width":484,"height":182,"caption":"Aivlisoft Inform\u00e1tica"},"image":{"@id":"https:\/\/aivlisoft.net\/shop\/#\/schema\/logo\/image\/"}}]}},"_links":{"self":[{"href":"https:\/\/aivlisoft.net\/shop\/wp-json\/wp\/v2\/product\/2840","targetHints":{"allow":["GET"]}}],"collection":[{"href":"https:\/\/aivlisoft.net\/shop\/wp-json\/wp\/v2\/product"}],"about":[{"href":"https:\/\/aivlisoft.net\/shop\/wp-json\/wp\/v2\/types\/product"}],"wp:featuredmedia":[{"embeddable":true,"href":"https:\/\/aivlisoft.net\/shop\/wp-json\/wp\/v2\/media\/2841"}],"wp:attachment":[{"href":"https:\/\/aivlisoft.net\/shop\/wp-json\/wp\/v2\/media?parent=2840"}],"wp:term":[{"taxonomy":"product_brand","embeddable":true,"href":"https:\/\/aivlisoft.net\/shop\/wp-json\/wp\/v2\/product_brand?post=2840"},{"taxonomy":"product_cat","embeddable":true,"href":"https:\/\/aivlisoft.net\/shop\/wp-json\/wp\/v2\/product_cat?post=2840"},{"taxonomy":"product_tag","embeddable":true,"href":"https:\/\/aivlisoft.net\/shop\/wp-json\/wp\/v2\/product_tag?post=2840"}],"curies":[{"name":"wp","href":"https:\/\/api.w.org\/{rel}","templated":true}]}}