{"id":2831,"date":"2025-01-13T13:10:58","date_gmt":"2025-01-13T13:10:58","guid":{"rendered":"https:\/\/aivlisoft.com\/?post_type=product&#038;p=2831"},"modified":"2025-01-14T10:04:02","modified_gmt":"2025-01-14T10:04:02","slug":"drift-silla-gaming-dr110-negra","status":"publish","type":"product","link":"https:\/\/aivlisoft.net\/shop\/producto\/drift-silla-gaming-dr110-negra\/","title":{"rendered":"DRIFT Silla Gaming DR110 Negra"},"content":{"rendered":"<p><strong>Reposabrazos 4D<\/strong><br \/>Para una comodidad m&aacute;xima, esta silla integra reposabrazos 4D acolchados y personalizados con el logo de Drift.<\/p>\n<p><strong>Alta transpiraci&oacute;n<\/strong><br \/>La DR110 es una silla para jugadores revestida de un tejido de tela muy suave, de manera que la transpiraci&oacute;n queda asegurada, manteni&eacute;ndose uno m&aacute;s fresco durante todo el d&iacute;a, incluso en los meses m&aacute;s calurosos del a&ntilde;o.<\/p>\n<p><strong>Pist&oacute;n de gas de clase 4<\/strong><br \/>Su robusta base de metal de 70 cm con pist&oacute;n de gas de Clase 4 ofrece una gran resistencia, pudiendo admitir hasta un peso de 150 kilos.<\/p>\n<p><strong>Desplazamiento silencioso<\/strong><br \/>Sus ruedas silenciosas de nailon y poliuretano, personalizadas con el logo de Drift, permiten un desplazamiento sin esfuerzo, controlando los movimientos.<\/p>\n<p><strong>Ergonom&iacute;a ganadora<\/strong><br \/>La DR110 cuenta con un mecanismo de mariposa que favorece una buena postura corporal.<\/p>\n<p><strong>Altura regulable<\/strong><br \/>Podr&aacute;s ajustar la silla tambi&eacute;n en altura, de manera que la DR110 se adapta a tu espacio gaming o de trabajo sin complicaciones.<\/p>\n<p><strong>Respaldo ajustable<\/strong><br \/>Si necesitas una breve siesta entre partida y partida para recuperar energ&iacute;a, podr&aacute;s reclinar el respaldo hasta los 135 grados. Si&eacute;ntate o rel&aacute;jate, t&uacute; decides.<\/p>\n<p><strong>Coj&iacute;n lumbar y cervical<\/strong><br \/>Para una sujeci&oacute;n ergon&oacute;mica, incluye tanto coj&iacute;n lumbar como coj&iacute;n cervical, de modo que puedas apoyar las partes m&aacute;s delicadas del cuerpo manteniendo una postura saludable.<\/p>\n<table class=\"tabla_caracteristicas k-table\" width=\"100%\">\n<tr>\n<td valign=\"top\"><strong>Marca<\/strong><\/td>\n<td>Drift<\/td>\n<\/tr>\n<tr>\n<td valign=\"top\"><strong>Modelo<\/strong><\/td>\n<td><strong>DR110BK<\/strong><\/td>\n<\/tr>\n<tr>\n<td valign=\"top\"><strong>Caracteristicas<\/strong><\/td>\n<td>&#8211; Material externo: Tela<br \/>\t\t\t&#8211; Material interno: Foam | Estructura de metal<br \/>\t\t\t&#8211; Reposabrazos: Reposabrazos 4D<br \/>\t\t\t&#8211; Base: Base de metal negra de 70 cm<br \/>\t\t\t&#8211; Ruedas: Ruedas de nylon negro y PU silenciosas<br \/>\t\t\t&#8211; Elevador: Elevador de gas pintado en negro, 80mm, Clase 4<br \/>\t\t\t&#8211; Funciones: Inclinaci&oacute;n, giro, y funci&oacute;n de bloqueo<br \/>\t\t\t&#8211; Cojines: Coj&iacute;n lumbar y cervical<br \/>\t\t\t&#8211; Medidas generales: 71 x 78-84 x 121-131 cm (Largo x Ancho x Alto)<br \/>\t\t\t&#8211; Color: Negro<br \/>\t\t\t&#8211; Peso neto: 19.2 Kg<br \/>\t\t\t&#8211; Peso m&aacute;ximo soportado: 150 Kg<\/td>\n<\/tr>\n<tr>\n<td valign=\"top\"><strong>Fecha de revisi&oacute;n<\/strong><\/td>\n<td>20-03-2023 por MSB<\/td>\n<\/tr>\n<\/table>\n","protected":false},"excerpt":{"rendered":"<p>Reposabrazos 4DPara una comodidad m&aacute;xima, esta silla integra reposabrazos 4D acolchados y personalizados con el logo de Drift. Alta transpiraci&oacute;nLa DR110 es una silla para jugadores revestida de un tejido de tela muy suave, de manera que la transpiraci&oacute;n queda asegurada, manteni&eacute;ndose uno m&aacute;s fresco durante todo el d&iacute;a, incluso en los meses m&aacute;s calurosos&hellip;&nbsp;<a href=\"https:\/\/aivlisoft.net\/shop\/producto\/drift-silla-gaming-dr110-negra\/\" rel=\"bookmark\"><span class=\"screen-reader-text\">DRIFT Silla Gaming DR110 Negra<\/span><\/a><\/p>\n","protected":false},"featured_media":2832,"template":"","meta":{"neve_meta_sidebar":"","neve_meta_container":"","neve_meta_enable_content_width":"","neve_meta_content_width":0,"neve_meta_title_alignment":"","neve_meta_author_avatar":"","neve_post_elements_order":"","neve_meta_disable_header":"","neve_meta_disable_footer":"","neve_meta_disable_title":""},"product_brand":[],"product_cat":[8694],"product_tag":[855],"class_list":{"0":"post-2831","1":"product","2":"type-product","3":"status-publish","4":"has-post-thumbnail","6":"product_cat-sillas","7":"product_tag-dr110bk","9":"first","10":"instock","11":"taxable","12":"shipping-taxable","13":"purchasable","14":"product-type-simple"},"yoast_head":"<!-- This site is optimized with the Yoast SEO plugin v26.0 - https:\/\/yoast.com\/wordpress\/plugins\/seo\/ -->\n<title>DRIFT Silla Gaming DR110 Negra - Aivlisoft Inform\u00e1tica<\/title>\n<meta name=\"robots\" content=\"index, follow, max-snippet:-1, max-image-preview:large, max-video-preview:-1\" \/>\n<link rel=\"canonical\" href=\"https:\/\/aivlisoft.net\/shop\/producto\/drift-silla-gaming-dr110-negra\/\" \/>\n<meta property=\"og:locale\" content=\"es_ES\" \/>\n<meta property=\"og:type\" content=\"article\" \/>\n<meta property=\"og:title\" content=\"DRIFT Silla Gaming DR110 Negra - Aivlisoft Inform\u00e1tica\" \/>\n<meta property=\"og:description\" content=\"Reposabrazos 4DPara una comodidad m&aacute;xima, esta silla integra reposabrazos 4D acolchados y personalizados con el logo de Drift. Alta transpiraci&oacute;nLa DR110 es una silla para jugadores revestida de un tejido de tela muy suave, de manera que la transpiraci&oacute;n queda asegurada, manteni&eacute;ndose uno m&aacute;s fresco durante todo el d&iacute;a, incluso en los meses m&aacute;s calurosos&hellip;&nbsp;DRIFT Silla Gaming DR110 Negra\" \/>\n<meta property=\"og:url\" content=\"https:\/\/aivlisoft.net\/shop\/producto\/drift-silla-gaming-dr110-negra\/\" \/>\n<meta property=\"og:site_name\" content=\"Aivlisoft Inform\u00e1tica\" \/>\n<meta property=\"article:modified_time\" content=\"2025-01-14T10:04:02+00:00\" \/>\n<meta property=\"og:image\" content=\"https:\/\/aivlisoft.net\/shop\/wp-content\/uploads\/2025\/01\/AGAMPA0560_800-1.jpg\" \/>\n\t<meta property=\"og:image:width\" content=\"800\" \/>\n\t<meta property=\"og:image:height\" content=\"800\" \/>\n\t<meta property=\"og:image:type\" content=\"image\/jpeg\" \/>\n<meta name=\"twitter:card\" content=\"summary_large_image\" \/>\n<meta name=\"twitter:label1\" content=\"Tiempo de lectura\" \/>\n\t<meta name=\"twitter:data1\" content=\"2 minutos\" \/>\n<script type=\"application\/ld+json\" class=\"yoast-schema-graph\">{\"@context\":\"https:\/\/schema.org\",\"@graph\":[{\"@type\":\"WebPage\",\"@id\":\"https:\/\/aivlisoft.net\/shop\/producto\/drift-silla-gaming-dr110-negra\/\",\"url\":\"https:\/\/aivlisoft.net\/shop\/producto\/drift-silla-gaming-dr110-negra\/\",\"name\":\"DRIFT Silla Gaming DR110 Negra - Aivlisoft Inform\u00e1tica\",\"isPartOf\":{\"@id\":\"https:\/\/aivlisoft.net\/shop\/#website\"},\"primaryImageOfPage\":{\"@id\":\"https:\/\/aivlisoft.net\/shop\/producto\/drift-silla-gaming-dr110-negra\/#primaryimage\"},\"image\":{\"@id\":\"https:\/\/aivlisoft.net\/shop\/producto\/drift-silla-gaming-dr110-negra\/#primaryimage\"},\"thumbnailUrl\":\"https:\/\/aivlisoft.net\/shop\/wp-content\/uploads\/2025\/01\/AGAMPA0560_800-1.jpg\",\"datePublished\":\"2025-01-13T13:10:58+00:00\",\"dateModified\":\"2025-01-14T10:04:02+00:00\",\"breadcrumb\":{\"@id\":\"https:\/\/aivlisoft.net\/shop\/producto\/drift-silla-gaming-dr110-negra\/#breadcrumb\"},\"inLanguage\":\"es\",\"potentialAction\":[{\"@type\":\"ReadAction\",\"target\":[\"https:\/\/aivlisoft.net\/shop\/producto\/drift-silla-gaming-dr110-negra\/\"]}]},{\"@type\":\"ImageObject\",\"inLanguage\":\"es\",\"@id\":\"https:\/\/aivlisoft.net\/shop\/producto\/drift-silla-gaming-dr110-negra\/#primaryimage\",\"url\":\"https:\/\/aivlisoft.net\/shop\/wp-content\/uploads\/2025\/01\/AGAMPA0560_800-1.jpg\",\"contentUrl\":\"https:\/\/aivlisoft.net\/shop\/wp-content\/uploads\/2025\/01\/AGAMPA0560_800-1.jpg\",\"width\":800,\"height\":800},{\"@type\":\"BreadcrumbList\",\"@id\":\"https:\/\/aivlisoft.net\/shop\/producto\/drift-silla-gaming-dr110-negra\/#breadcrumb\",\"itemListElement\":[{\"@type\":\"ListItem\",\"position\":1,\"name\":\"Portada\",\"item\":\"https:\/\/aivlisoft.net\/shop\/\"},{\"@type\":\"ListItem\",\"position\":2,\"name\":\"Tienda\",\"item\":\"https:\/\/aivlisoft.net\/shop\/tienda\/\"},{\"@type\":\"ListItem\",\"position\":3,\"name\":\"DRIFT Silla Gaming DR110 Negra\"}]},{\"@type\":\"WebSite\",\"@id\":\"https:\/\/aivlisoft.net\/shop\/#website\",\"url\":\"https:\/\/aivlisoft.net\/shop\/\",\"name\":\"Aivlisoft Inform\u00e1tica\",\"description\":\"En Aivlisoft Inform\u00e1tica ofrecemos soluciones tecnol\u00f3gicas para empresas: venta de ordenadores, consumibles, perif\u00e9ricos y m\u00e1s. Calidad, atenci\u00f3n personalizada y los mejores precios para tu negocio.\",\"publisher\":{\"@id\":\"https:\/\/aivlisoft.net\/shop\/#organization\"},\"potentialAction\":[{\"@type\":\"SearchAction\",\"target\":{\"@type\":\"EntryPoint\",\"urlTemplate\":\"https:\/\/aivlisoft.net\/shop\/?s={search_term_string}\"},\"query-input\":{\"@type\":\"PropertyValueSpecification\",\"valueRequired\":true,\"valueName\":\"search_term_string\"}}],\"inLanguage\":\"es\"},{\"@type\":\"Organization\",\"@id\":\"https:\/\/aivlisoft.net\/shop\/#organization\",\"name\":\"Aivlisoft Inform\u00e1tica\",\"url\":\"https:\/\/aivlisoft.net\/shop\/\",\"logo\":{\"@type\":\"ImageObject\",\"inLanguage\":\"es\",\"@id\":\"https:\/\/aivlisoft.net\/shop\/#\/schema\/logo\/image\/\",\"url\":\"https:\/\/aivlisoft.net\/shop\/wp-content\/uploads\/2024\/12\/removal.ai_5b848c54-0cdf-4140-95c5-c5536bb7573b-logodef.png\",\"contentUrl\":\"https:\/\/aivlisoft.net\/shop\/wp-content\/uploads\/2024\/12\/removal.ai_5b848c54-0cdf-4140-95c5-c5536bb7573b-logodef.png\",\"width\":484,\"height\":182,\"caption\":\"Aivlisoft Inform\u00e1tica\"},\"image\":{\"@id\":\"https:\/\/aivlisoft.net\/shop\/#\/schema\/logo\/image\/\"}}]}<\/script>\n<!-- \/ Yoast SEO plugin. -->","yoast_head_json":{"title":"DRIFT Silla Gaming DR110 Negra - Aivlisoft Inform\u00e1tica","robots":{"index":"index","follow":"follow","max-snippet":"max-snippet:-1","max-image-preview":"max-image-preview:large","max-video-preview":"max-video-preview:-1"},"canonical":"https:\/\/aivlisoft.net\/shop\/producto\/drift-silla-gaming-dr110-negra\/","og_locale":"es_ES","og_type":"article","og_title":"DRIFT Silla Gaming DR110 Negra - Aivlisoft Inform\u00e1tica","og_description":"Reposabrazos 4DPara una comodidad m&aacute;xima, esta silla integra reposabrazos 4D acolchados y personalizados con el logo de Drift. Alta transpiraci&oacute;nLa DR110 es una silla para jugadores revestida de un tejido de tela muy suave, de manera que la transpiraci&oacute;n queda asegurada, manteni&eacute;ndose uno m&aacute;s fresco durante todo el d&iacute;a, incluso en los meses m&aacute;s calurosos&hellip;&nbsp;DRIFT Silla Gaming DR110 Negra","og_url":"https:\/\/aivlisoft.net\/shop\/producto\/drift-silla-gaming-dr110-negra\/","og_site_name":"Aivlisoft Inform\u00e1tica","article_modified_time":"2025-01-14T10:04:02+00:00","og_image":[{"width":800,"height":800,"url":"https:\/\/aivlisoft.net\/shop\/wp-content\/uploads\/2025\/01\/AGAMPA0560_800-1.jpg","type":"image\/jpeg"}],"twitter_card":"summary_large_image","twitter_misc":{"Tiempo de lectura":"2 minutos"},"schema":{"@context":"https:\/\/schema.org","@graph":[{"@type":"WebPage","@id":"https:\/\/aivlisoft.net\/shop\/producto\/drift-silla-gaming-dr110-negra\/","url":"https:\/\/aivlisoft.net\/shop\/producto\/drift-silla-gaming-dr110-negra\/","name":"DRIFT Silla Gaming DR110 Negra - Aivlisoft Inform\u00e1tica","isPartOf":{"@id":"https:\/\/aivlisoft.net\/shop\/#website"},"primaryImageOfPage":{"@id":"https:\/\/aivlisoft.net\/shop\/producto\/drift-silla-gaming-dr110-negra\/#primaryimage"},"image":{"@id":"https:\/\/aivlisoft.net\/shop\/producto\/drift-silla-gaming-dr110-negra\/#primaryimage"},"thumbnailUrl":"https:\/\/aivlisoft.net\/shop\/wp-content\/uploads\/2025\/01\/AGAMPA0560_800-1.jpg","datePublished":"2025-01-13T13:10:58+00:00","dateModified":"2025-01-14T10:04:02+00:00","breadcrumb":{"@id":"https:\/\/aivlisoft.net\/shop\/producto\/drift-silla-gaming-dr110-negra\/#breadcrumb"},"inLanguage":"es","potentialAction":[{"@type":"ReadAction","target":["https:\/\/aivlisoft.net\/shop\/producto\/drift-silla-gaming-dr110-negra\/"]}]},{"@type":"ImageObject","inLanguage":"es","@id":"https:\/\/aivlisoft.net\/shop\/producto\/drift-silla-gaming-dr110-negra\/#primaryimage","url":"https:\/\/aivlisoft.net\/shop\/wp-content\/uploads\/2025\/01\/AGAMPA0560_800-1.jpg","contentUrl":"https:\/\/aivlisoft.net\/shop\/wp-content\/uploads\/2025\/01\/AGAMPA0560_800-1.jpg","width":800,"height":800},{"@type":"BreadcrumbList","@id":"https:\/\/aivlisoft.net\/shop\/producto\/drift-silla-gaming-dr110-negra\/#breadcrumb","itemListElement":[{"@type":"ListItem","position":1,"name":"Portada","item":"https:\/\/aivlisoft.net\/shop\/"},{"@type":"ListItem","position":2,"name":"Tienda","item":"https:\/\/aivlisoft.net\/shop\/tienda\/"},{"@type":"ListItem","position":3,"name":"DRIFT Silla Gaming DR110 Negra"}]},{"@type":"WebSite","@id":"https:\/\/aivlisoft.net\/shop\/#website","url":"https:\/\/aivlisoft.net\/shop\/","name":"Aivlisoft Inform\u00e1tica","description":"En Aivlisoft Inform\u00e1tica ofrecemos soluciones tecnol\u00f3gicas para empresas: venta de ordenadores, consumibles, perif\u00e9ricos y m\u00e1s. Calidad, atenci\u00f3n personalizada y los mejores precios para tu negocio.","publisher":{"@id":"https:\/\/aivlisoft.net\/shop\/#organization"},"potentialAction":[{"@type":"SearchAction","target":{"@type":"EntryPoint","urlTemplate":"https:\/\/aivlisoft.net\/shop\/?s={search_term_string}"},"query-input":{"@type":"PropertyValueSpecification","valueRequired":true,"valueName":"search_term_string"}}],"inLanguage":"es"},{"@type":"Organization","@id":"https:\/\/aivlisoft.net\/shop\/#organization","name":"Aivlisoft Inform\u00e1tica","url":"https:\/\/aivlisoft.net\/shop\/","logo":{"@type":"ImageObject","inLanguage":"es","@id":"https:\/\/aivlisoft.net\/shop\/#\/schema\/logo\/image\/","url":"https:\/\/aivlisoft.net\/shop\/wp-content\/uploads\/2024\/12\/removal.ai_5b848c54-0cdf-4140-95c5-c5536bb7573b-logodef.png","contentUrl":"https:\/\/aivlisoft.net\/shop\/wp-content\/uploads\/2024\/12\/removal.ai_5b848c54-0cdf-4140-95c5-c5536bb7573b-logodef.png","width":484,"height":182,"caption":"Aivlisoft Inform\u00e1tica"},"image":{"@id":"https:\/\/aivlisoft.net\/shop\/#\/schema\/logo\/image\/"}}]}},"_links":{"self":[{"href":"https:\/\/aivlisoft.net\/shop\/wp-json\/wp\/v2\/product\/2831","targetHints":{"allow":["GET"]}}],"collection":[{"href":"https:\/\/aivlisoft.net\/shop\/wp-json\/wp\/v2\/product"}],"about":[{"href":"https:\/\/aivlisoft.net\/shop\/wp-json\/wp\/v2\/types\/product"}],"wp:featuredmedia":[{"embeddable":true,"href":"https:\/\/aivlisoft.net\/shop\/wp-json\/wp\/v2\/media\/2832"}],"wp:attachment":[{"href":"https:\/\/aivlisoft.net\/shop\/wp-json\/wp\/v2\/media?parent=2831"}],"wp:term":[{"taxonomy":"product_brand","embeddable":true,"href":"https:\/\/aivlisoft.net\/shop\/wp-json\/wp\/v2\/product_brand?post=2831"},{"taxonomy":"product_cat","embeddable":true,"href":"https:\/\/aivlisoft.net\/shop\/wp-json\/wp\/v2\/product_cat?post=2831"},{"taxonomy":"product_tag","embeddable":true,"href":"https:\/\/aivlisoft.net\/shop\/wp-json\/wp\/v2\/product_tag?post=2831"}],"curies":[{"name":"wp","href":"https:\/\/api.w.org\/{rel}","templated":true}]}}