{"id":2817,"date":"2025-01-13T13:10:55","date_gmt":"2025-01-13T13:10:55","guid":{"rendered":"https:\/\/aivlisoft.com\/?post_type=product&#038;p=2817"},"modified":"2025-01-14T10:03:59","modified_gmt":"2025-01-14T10:03:59","slug":"cougar-silla-gaming-argo-one-black","status":"publish","type":"product","link":"https:\/\/aivlisoft.net\/shop\/producto\/cougar-silla-gaming-argo-one-black\/","title":{"rendered":"Cougar Silla Gaming Argo One Black"},"content":{"rendered":"<p><strong>Excelente silla para juegos por su ergonom&iacute;a<\/strong><br \/>Argo One presenta comodidad contorneada, excelente soporte y estilo..<\/p>\n<p><strong>M&aacute;s ergonom&iacute;a, m&aacute;s c&oacute;modo<\/strong><br \/>Argo One viene con un soporte de malla elastom&eacute;rica transpirable y el marco PAFRP. Adem&aacute;s, puede personalizar la posici&oacute;n del asiento con un respaldo, un asiento y un reposacabezas ajustables.<br \/>El dise&ntilde;o de soporte lumbar de Argo One se adapta a la curvatura de la columna que lo mantiene en una posici&oacute;n m&aacute;s c&oacute;moda y saludable.<\/p>\n<p><strong>Transpirabilidad, Flexibilidad y Soporte<\/strong><br \/>El asiento y el respaldo est&aacute;n hechos de malla elastom&eacute;rica transpirable, lo que brinda una excelente flexibilidad y soporte. La malla elastom&eacute;rica es transpirable para disipar el calor y se mantiene fresco durante las sesiones de juego m&aacute;s largas.<\/p>\n<p><strong>No solo para juegos, sino para su salud<\/strong><br \/>El marco de estilo est&aacute; construido con PAFRP de grado industrial para que Argo One sea resistente, estable y flexible para apoyar la espalda, la columna vertebral y la zona lumbar c&oacute;modamente en todo momento para una posici&oacute;n m&aacute;s saludable.<\/p>\n<p><strong>Disfrute de la capacidad de ajuste total<\/strong><br \/>Argo One le permite personalizar completamente su posici&oacute;n sentado con un respaldo, asiento, reposacabezas y reposabrazos ajustables. El reposacabezas de cuero de PVC y la almohada lumbar son el&aacute;sticos, lo que brinda soporte a la cabeza y la regi&oacute;n lumbar para proporcionar una postura saludable para sentarse.<\/p>\n<table class=\"tabla_caracteristicas\" width=\"100%\">\n<tr>\n<td valign=\"top\"><strong>Marca<\/strong><\/td>\n<td>Cougar<\/td>\n<\/tr>\n<tr>\n<td valign=\"top\"><strong>Modelo<\/strong><\/td>\n<td><strong>3MARGOSB.0001<\/strong><\/td>\n<\/tr>\n<tr>\n<td valign=\"top\"><strong>Caracter&iacute;sticas<\/strong><\/td>\n<td>&#8211; Un respaldo, asiento, reposacabezas y reposabrazos ajustables<br \/>\t\t\t&#8211; Peso m&aacute;ximo 150 Kg<br \/>\t\t\t&#8211; Malla elastom&eacute;rica transpirable<br \/>\t\t\t&#8211; Asiento estable y respaldo flexible para apoyar la espalda<\/td>\n<\/tr>\n<tr>\n<td valign=\"top\"><strong>Fecha de revisi&oacute;n<\/strong><\/td>\n<td>25-08-2022 por MPM<\/td>\n<\/tr>\n<\/table>\n","protected":false},"excerpt":{"rendered":"<p>Excelente silla para juegos por su ergonom&iacute;aArgo One presenta comodidad contorneada, excelente soporte y estilo.. M&aacute;s ergonom&iacute;a, m&aacute;s c&oacute;modoArgo One viene con un soporte de malla elastom&eacute;rica transpirable y el marco PAFRP. Adem&aacute;s, puede personalizar la posici&oacute;n del asiento con un respaldo, un asiento y un reposacabezas ajustables.El dise&ntilde;o de soporte lumbar de Argo One&hellip;&nbsp;<a href=\"https:\/\/aivlisoft.net\/shop\/producto\/cougar-silla-gaming-argo-one-black\/\" rel=\"bookmark\"><span class=\"screen-reader-text\">Cougar Silla Gaming Argo One Black<\/span><\/a><\/p>\n","protected":false},"featured_media":2818,"template":"","meta":{"neve_meta_sidebar":"","neve_meta_container":"","neve_meta_enable_content_width":"","neve_meta_content_width":0,"neve_meta_title_alignment":"","neve_meta_author_avatar":"","neve_post_elements_order":"","neve_meta_disable_header":"","neve_meta_disable_footer":"","neve_meta_disable_title":""},"product_brand":[],"product_cat":[8694],"product_tag":[851],"class_list":{"0":"post-2817","1":"product","2":"type-product","3":"status-publish","4":"has-post-thumbnail","6":"product_cat-sillas","7":"product_tag-3margosb-0001","9":"first","10":"instock","11":"taxable","12":"shipping-taxable","13":"purchasable","14":"product-type-simple"},"yoast_head":"<!-- This site is optimized with the Yoast SEO plugin v26.0 - https:\/\/yoast.com\/wordpress\/plugins\/seo\/ -->\n<title>Cougar Silla Gaming Argo One Black - Aivlisoft Inform\u00e1tica<\/title>\n<meta name=\"robots\" content=\"index, follow, max-snippet:-1, max-image-preview:large, max-video-preview:-1\" \/>\n<link rel=\"canonical\" href=\"https:\/\/aivlisoft.net\/shop\/producto\/cougar-silla-gaming-argo-one-black\/\" \/>\n<meta property=\"og:locale\" content=\"es_ES\" \/>\n<meta property=\"og:type\" content=\"article\" \/>\n<meta property=\"og:title\" content=\"Cougar Silla Gaming Argo One Black - Aivlisoft Inform\u00e1tica\" \/>\n<meta property=\"og:description\" content=\"Excelente silla para juegos por su ergonom&iacute;aArgo One presenta comodidad contorneada, excelente soporte y estilo.. M&aacute;s ergonom&iacute;a, m&aacute;s c&oacute;modoArgo One viene con un soporte de malla elastom&eacute;rica transpirable y el marco PAFRP. Adem&aacute;s, puede personalizar la posici&oacute;n del asiento con un respaldo, un asiento y un reposacabezas ajustables.El dise&ntilde;o de soporte lumbar de Argo One&hellip;&nbsp;Cougar Silla Gaming Argo One Black\" \/>\n<meta property=\"og:url\" content=\"https:\/\/aivlisoft.net\/shop\/producto\/cougar-silla-gaming-argo-one-black\/\" \/>\n<meta property=\"og:site_name\" content=\"Aivlisoft Inform\u00e1tica\" \/>\n<meta property=\"article:modified_time\" content=\"2025-01-14T10:03:59+00:00\" \/>\n<meta property=\"og:image\" content=\"https:\/\/aivlisoft.net\/shop\/wp-content\/uploads\/2025\/01\/AGAMPA0548_800-1.jpg\" \/>\n\t<meta property=\"og:image:width\" content=\"800\" \/>\n\t<meta property=\"og:image:height\" content=\"800\" \/>\n\t<meta property=\"og:image:type\" content=\"image\/jpeg\" \/>\n<meta name=\"twitter:card\" content=\"summary_large_image\" \/>\n<meta name=\"twitter:label1\" content=\"Tiempo de lectura\" \/>\n\t<meta name=\"twitter:data1\" content=\"2 minutos\" \/>\n<script type=\"application\/ld+json\" class=\"yoast-schema-graph\">{\"@context\":\"https:\/\/schema.org\",\"@graph\":[{\"@type\":\"WebPage\",\"@id\":\"https:\/\/aivlisoft.net\/shop\/producto\/cougar-silla-gaming-argo-one-black\/\",\"url\":\"https:\/\/aivlisoft.net\/shop\/producto\/cougar-silla-gaming-argo-one-black\/\",\"name\":\"Cougar Silla Gaming Argo One Black - Aivlisoft Inform\u00e1tica\",\"isPartOf\":{\"@id\":\"https:\/\/aivlisoft.net\/shop\/#website\"},\"primaryImageOfPage\":{\"@id\":\"https:\/\/aivlisoft.net\/shop\/producto\/cougar-silla-gaming-argo-one-black\/#primaryimage\"},\"image\":{\"@id\":\"https:\/\/aivlisoft.net\/shop\/producto\/cougar-silla-gaming-argo-one-black\/#primaryimage\"},\"thumbnailUrl\":\"https:\/\/aivlisoft.net\/shop\/wp-content\/uploads\/2025\/01\/AGAMPA0548_800-1.jpg\",\"datePublished\":\"2025-01-13T13:10:55+00:00\",\"dateModified\":\"2025-01-14T10:03:59+00:00\",\"breadcrumb\":{\"@id\":\"https:\/\/aivlisoft.net\/shop\/producto\/cougar-silla-gaming-argo-one-black\/#breadcrumb\"},\"inLanguage\":\"es\",\"potentialAction\":[{\"@type\":\"ReadAction\",\"target\":[\"https:\/\/aivlisoft.net\/shop\/producto\/cougar-silla-gaming-argo-one-black\/\"]}]},{\"@type\":\"ImageObject\",\"inLanguage\":\"es\",\"@id\":\"https:\/\/aivlisoft.net\/shop\/producto\/cougar-silla-gaming-argo-one-black\/#primaryimage\",\"url\":\"https:\/\/aivlisoft.net\/shop\/wp-content\/uploads\/2025\/01\/AGAMPA0548_800-1.jpg\",\"contentUrl\":\"https:\/\/aivlisoft.net\/shop\/wp-content\/uploads\/2025\/01\/AGAMPA0548_800-1.jpg\",\"width\":800,\"height\":800},{\"@type\":\"BreadcrumbList\",\"@id\":\"https:\/\/aivlisoft.net\/shop\/producto\/cougar-silla-gaming-argo-one-black\/#breadcrumb\",\"itemListElement\":[{\"@type\":\"ListItem\",\"position\":1,\"name\":\"Portada\",\"item\":\"https:\/\/aivlisoft.net\/shop\/\"},{\"@type\":\"ListItem\",\"position\":2,\"name\":\"Tienda\",\"item\":\"https:\/\/aivlisoft.net\/shop\/tienda\/\"},{\"@type\":\"ListItem\",\"position\":3,\"name\":\"Cougar Silla Gaming Argo One Black\"}]},{\"@type\":\"WebSite\",\"@id\":\"https:\/\/aivlisoft.net\/shop\/#website\",\"url\":\"https:\/\/aivlisoft.net\/shop\/\",\"name\":\"Aivlisoft Inform\u00e1tica\",\"description\":\"En Aivlisoft Inform\u00e1tica ofrecemos soluciones tecnol\u00f3gicas para empresas: venta de ordenadores, consumibles, perif\u00e9ricos y m\u00e1s. Calidad, atenci\u00f3n personalizada y los mejores precios para tu negocio.\",\"publisher\":{\"@id\":\"https:\/\/aivlisoft.net\/shop\/#organization\"},\"potentialAction\":[{\"@type\":\"SearchAction\",\"target\":{\"@type\":\"EntryPoint\",\"urlTemplate\":\"https:\/\/aivlisoft.net\/shop\/?s={search_term_string}\"},\"query-input\":{\"@type\":\"PropertyValueSpecification\",\"valueRequired\":true,\"valueName\":\"search_term_string\"}}],\"inLanguage\":\"es\"},{\"@type\":\"Organization\",\"@id\":\"https:\/\/aivlisoft.net\/shop\/#organization\",\"name\":\"Aivlisoft Inform\u00e1tica\",\"url\":\"https:\/\/aivlisoft.net\/shop\/\",\"logo\":{\"@type\":\"ImageObject\",\"inLanguage\":\"es\",\"@id\":\"https:\/\/aivlisoft.net\/shop\/#\/schema\/logo\/image\/\",\"url\":\"https:\/\/aivlisoft.net\/shop\/wp-content\/uploads\/2024\/12\/removal.ai_5b848c54-0cdf-4140-95c5-c5536bb7573b-logodef.png\",\"contentUrl\":\"https:\/\/aivlisoft.net\/shop\/wp-content\/uploads\/2024\/12\/removal.ai_5b848c54-0cdf-4140-95c5-c5536bb7573b-logodef.png\",\"width\":484,\"height\":182,\"caption\":\"Aivlisoft Inform\u00e1tica\"},\"image\":{\"@id\":\"https:\/\/aivlisoft.net\/shop\/#\/schema\/logo\/image\/\"}}]}<\/script>\n<!-- \/ Yoast SEO plugin. -->","yoast_head_json":{"title":"Cougar Silla Gaming Argo One Black - Aivlisoft Inform\u00e1tica","robots":{"index":"index","follow":"follow","max-snippet":"max-snippet:-1","max-image-preview":"max-image-preview:large","max-video-preview":"max-video-preview:-1"},"canonical":"https:\/\/aivlisoft.net\/shop\/producto\/cougar-silla-gaming-argo-one-black\/","og_locale":"es_ES","og_type":"article","og_title":"Cougar Silla Gaming Argo One Black - Aivlisoft Inform\u00e1tica","og_description":"Excelente silla para juegos por su ergonom&iacute;aArgo One presenta comodidad contorneada, excelente soporte y estilo.. M&aacute;s ergonom&iacute;a, m&aacute;s c&oacute;modoArgo One viene con un soporte de malla elastom&eacute;rica transpirable y el marco PAFRP. Adem&aacute;s, puede personalizar la posici&oacute;n del asiento con un respaldo, un asiento y un reposacabezas ajustables.El dise&ntilde;o de soporte lumbar de Argo One&hellip;&nbsp;Cougar Silla Gaming Argo One Black","og_url":"https:\/\/aivlisoft.net\/shop\/producto\/cougar-silla-gaming-argo-one-black\/","og_site_name":"Aivlisoft Inform\u00e1tica","article_modified_time":"2025-01-14T10:03:59+00:00","og_image":[{"width":800,"height":800,"url":"https:\/\/aivlisoft.net\/shop\/wp-content\/uploads\/2025\/01\/AGAMPA0548_800-1.jpg","type":"image\/jpeg"}],"twitter_card":"summary_large_image","twitter_misc":{"Tiempo de lectura":"2 minutos"},"schema":{"@context":"https:\/\/schema.org","@graph":[{"@type":"WebPage","@id":"https:\/\/aivlisoft.net\/shop\/producto\/cougar-silla-gaming-argo-one-black\/","url":"https:\/\/aivlisoft.net\/shop\/producto\/cougar-silla-gaming-argo-one-black\/","name":"Cougar Silla Gaming Argo One Black - Aivlisoft Inform\u00e1tica","isPartOf":{"@id":"https:\/\/aivlisoft.net\/shop\/#website"},"primaryImageOfPage":{"@id":"https:\/\/aivlisoft.net\/shop\/producto\/cougar-silla-gaming-argo-one-black\/#primaryimage"},"image":{"@id":"https:\/\/aivlisoft.net\/shop\/producto\/cougar-silla-gaming-argo-one-black\/#primaryimage"},"thumbnailUrl":"https:\/\/aivlisoft.net\/shop\/wp-content\/uploads\/2025\/01\/AGAMPA0548_800-1.jpg","datePublished":"2025-01-13T13:10:55+00:00","dateModified":"2025-01-14T10:03:59+00:00","breadcrumb":{"@id":"https:\/\/aivlisoft.net\/shop\/producto\/cougar-silla-gaming-argo-one-black\/#breadcrumb"},"inLanguage":"es","potentialAction":[{"@type":"ReadAction","target":["https:\/\/aivlisoft.net\/shop\/producto\/cougar-silla-gaming-argo-one-black\/"]}]},{"@type":"ImageObject","inLanguage":"es","@id":"https:\/\/aivlisoft.net\/shop\/producto\/cougar-silla-gaming-argo-one-black\/#primaryimage","url":"https:\/\/aivlisoft.net\/shop\/wp-content\/uploads\/2025\/01\/AGAMPA0548_800-1.jpg","contentUrl":"https:\/\/aivlisoft.net\/shop\/wp-content\/uploads\/2025\/01\/AGAMPA0548_800-1.jpg","width":800,"height":800},{"@type":"BreadcrumbList","@id":"https:\/\/aivlisoft.net\/shop\/producto\/cougar-silla-gaming-argo-one-black\/#breadcrumb","itemListElement":[{"@type":"ListItem","position":1,"name":"Portada","item":"https:\/\/aivlisoft.net\/shop\/"},{"@type":"ListItem","position":2,"name":"Tienda","item":"https:\/\/aivlisoft.net\/shop\/tienda\/"},{"@type":"ListItem","position":3,"name":"Cougar Silla Gaming Argo One Black"}]},{"@type":"WebSite","@id":"https:\/\/aivlisoft.net\/shop\/#website","url":"https:\/\/aivlisoft.net\/shop\/","name":"Aivlisoft Inform\u00e1tica","description":"En Aivlisoft Inform\u00e1tica ofrecemos soluciones tecnol\u00f3gicas para empresas: venta de ordenadores, consumibles, perif\u00e9ricos y m\u00e1s. Calidad, atenci\u00f3n personalizada y los mejores precios para tu negocio.","publisher":{"@id":"https:\/\/aivlisoft.net\/shop\/#organization"},"potentialAction":[{"@type":"SearchAction","target":{"@type":"EntryPoint","urlTemplate":"https:\/\/aivlisoft.net\/shop\/?s={search_term_string}"},"query-input":{"@type":"PropertyValueSpecification","valueRequired":true,"valueName":"search_term_string"}}],"inLanguage":"es"},{"@type":"Organization","@id":"https:\/\/aivlisoft.net\/shop\/#organization","name":"Aivlisoft Inform\u00e1tica","url":"https:\/\/aivlisoft.net\/shop\/","logo":{"@type":"ImageObject","inLanguage":"es","@id":"https:\/\/aivlisoft.net\/shop\/#\/schema\/logo\/image\/","url":"https:\/\/aivlisoft.net\/shop\/wp-content\/uploads\/2024\/12\/removal.ai_5b848c54-0cdf-4140-95c5-c5536bb7573b-logodef.png","contentUrl":"https:\/\/aivlisoft.net\/shop\/wp-content\/uploads\/2024\/12\/removal.ai_5b848c54-0cdf-4140-95c5-c5536bb7573b-logodef.png","width":484,"height":182,"caption":"Aivlisoft Inform\u00e1tica"},"image":{"@id":"https:\/\/aivlisoft.net\/shop\/#\/schema\/logo\/image\/"}}]}},"_links":{"self":[{"href":"https:\/\/aivlisoft.net\/shop\/wp-json\/wp\/v2\/product\/2817","targetHints":{"allow":["GET"]}}],"collection":[{"href":"https:\/\/aivlisoft.net\/shop\/wp-json\/wp\/v2\/product"}],"about":[{"href":"https:\/\/aivlisoft.net\/shop\/wp-json\/wp\/v2\/types\/product"}],"wp:featuredmedia":[{"embeddable":true,"href":"https:\/\/aivlisoft.net\/shop\/wp-json\/wp\/v2\/media\/2818"}],"wp:attachment":[{"href":"https:\/\/aivlisoft.net\/shop\/wp-json\/wp\/v2\/media?parent=2817"}],"wp:term":[{"taxonomy":"product_brand","embeddable":true,"href":"https:\/\/aivlisoft.net\/shop\/wp-json\/wp\/v2\/product_brand?post=2817"},{"taxonomy":"product_cat","embeddable":true,"href":"https:\/\/aivlisoft.net\/shop\/wp-json\/wp\/v2\/product_cat?post=2817"},{"taxonomy":"product_tag","embeddable":true,"href":"https:\/\/aivlisoft.net\/shop\/wp-json\/wp\/v2\/product_tag?post=2817"}],"curies":[{"name":"wp","href":"https:\/\/api.w.org\/{rel}","templated":true}]}}