{"id":2802,"date":"2025-01-13T13:10:52","date_gmt":"2025-01-13T13:10:52","guid":{"rendered":"https:\/\/aivlisoft.com\/?post_type=product&#038;p=2802"},"modified":"2025-01-14T10:03:56","modified_gmt":"2025-01-14T10:03:56","slug":"cougar-silla-gaming-armor-titan-pro","status":"publish","type":"product","link":"https:\/\/aivlisoft.net\/shop\/producto\/cougar-silla-gaming-armor-titan-pro\/","title":{"rendered":"Cougar Silla Gaming Armor Titan Pro"},"content":{"rendered":"<p><strong>La silla de juego insignia<\/strong><br \/>ARMOR TITAN PRO es el trono de juego perfecto para aquellos que desean disfrutar de sus juegos con absoluta comodidad mientras disfrutan de una silla de juego visualmente atractiva. Dotado de una construcci&oacute;n extra grande y con soporte para hasta 160 kg, muchas opciones de ajuste y materiales de alta calidad, si est&aacute; buscando la mejor silla de juego, &iexcl;est&aacute; buscando ARMOR TITAN PRO!<\/p>\n<p><strong>Un trono de juego masivo: soporte para 160 kg<\/strong><br \/>Con soporte para hasta 160 kg (mucho m&aacute;s all&aacute; de las capacidades de la mayor&iacute;a de los competidores) y una estructura de acero, ARMOR TITAN PRO es un asiento s&oacute;lido como una roca que se mantendr&aacute; c&oacute;modamente durante horas. &iexcl;Con un ancho de asiento de 60 cm y un tama&ntilde;o generalmente masivo, esta silla realmente vale la pena de reyes!<\/p>\n<p><strong>Textura tipo gamuza<\/strong><br \/>COUGAR ARMOR TITAN PRO es un asiento premium para los jugadores m&aacute;s exigentes. TITAN PRO se suma a su incre&iacute;ble calidad y caracter&iacute;sticas de capacidades de personalizaci&oacute;n: una textura premium de gamuza en ambas almohadas y el lado frontal \/ superior de los flancos angulados de la silla. El rendimiento y el aspecto hermoso se encuentran en una silla digna de la verdadera realeza.<\/p>\n<p><strong>Dise&ntilde;o de espalda alta que abraza el cuerpo<\/strong><br \/>Dotado de un dise&ntilde;o ergon&oacute;mico creado especialmente para jugadores, ARMOR TITAN PRO ha sido creado para apoyar su cuerpo c&oacute;modamente. Su estructura de respaldo alto sostendr&aacute; adecuadamente su espalda baja, minimizando la tensi&oacute;n all&iacute;.<\/p>\n<p><strong>Cuero de PVC Premium transpirable<\/strong><br \/>ARMOR TITAN PRO te trae solo lo mejor. Su cuero de PVC premium extra grueso se siente agradable al tacto y permite el paso del aire, lo que lo mantendr&aacute; fresco y c&oacute;modo.<\/p>\n<p><strong>Memory Head Pillow &amp; Lumbar Pillow<\/strong><br \/>Para proporcionar soporte y comodidad adicionales, ARMOR TITAN PRO incluye dos almohadas c&oacute;modas para la cabeza y la regi&oacute;n lumbar. &iexcl;C&eacute;ntrate en el juego!<\/p>\n<p><strong>Dise&ntilde;o ajustable<\/strong><br \/>ARMOR TITAN PRO se adaptar&aacute; a sus necesidades en todo momento a trav&eacute;s de cuatro opciones de ajuste:<br \/>Ajuste de altura de elevaci&oacute;n del pist&oacute;n y Ajuste f&aacute;cilmente la altura de ARMOR TITAN PRO con el elevador de pist&oacute;n de alta calidad.<\/p>\n<p><strong>Reclinaci&oacute;n continua<\/strong><br \/>Con ARMOR TITAN PRO, no est&aacute; restringido a pasos fijos cuando reclina su silla. En lugar de limitarse a unas pocas opciones, puede encontrar el punto exacto que maximiza su comodidad y permanecer all&iacute;. 170&ordm; reclinado<\/p>\n<p><strong>ARMOR TITAN PRO<\/strong> le permite reclinarse hasta 170&ordm;. Mant&eacute;ngase derecho mientras trabaja y acu&eacute;stese para descansar cuando haya terminado.<\/p>\n<p><strong>Rock the Titan PRO<\/strong><br \/>La conveniente capacidad de inclinaci&oacute;n de ARMOR TITAN PRO le permite inclinar la silla (hasta 13&ordm;) para lograr la posici&oacute;n perfecta y bloquearla con una palanca convenientemente colocada, todo mientras est&aacute; sentado sobre ella.<\/p>\n<p><strong>Reposabrazos ajustable 4D<\/strong><br \/>Listos para satisfacer sus necesidades, los reposabrazos de ARMOR TITAN PRO le permiten ajustarlos de cuatro maneras diferentes, tres dimensiones y ocho direcciones:<\/p>\n<p>Ajuste hacia atr&aacute;s \/ adelante: Proporciona un descanso c&oacute;modo para el codo, el antebrazo y el brazo.<br \/>Giro a la izquierda \/ derecha: ideal para mantener los reposabrazos disponibles, sin importar la posici&oacute;n que adopte.<br \/>Ajuste de altura: mover el reposabrazos hacia arriba o hacia abajo lo ayudar&aacute; a encontrar la posici&oacute;n m&aacute;s adecuada para disfrutar de los juegos.<br \/>Ajuste izquierdo \/ derecho: Apto para todos los tama&ntilde;os de cuerpo y posiciones.<\/p>\n<p><strong>Calidad y seguridad<\/strong><br \/>ARMOR TITAN PRO es tan confiable como su nombre lo indica, y ha sido creado con los mejores componentes para garantizar no solo que durar&aacute; mucho tiempo, sino que tambi&eacute;n podr&aacute; utilizar todas sus incre&iacute;bles funciones de manera segura.<\/p>\n<p><strong>Marco de acero completo<\/strong><br \/>Los huesos ARMOR TITAN PRO est&aacute;n hechos de acero, no solo garantizan una durabilidad a largo plazo, sino que tambi&eacute;n brindan un fuerte soporte para su cuerpo. M&aacute;xima calidad: cilindro de elevaci&oacute;n de gas clase 4<br \/>&nbsp;<\/p>\n<table class=\"tabla_caracteristicas\" width=\"100%\">\n<tr>\n<td><strong>Marca<\/strong><\/td>\n<td>Cougar<\/td>\n<\/tr>\n<tr>\n<td><strong>Modelo<\/strong><\/td>\n<td><strong>3MTITANS.0001<\/strong><\/td>\n<\/tr>\n<tr>\n<td><strong>Caracter&iacute;sticas<\/strong><\/td>\n<td>&#8211; Capacidad de peso 160 kg (352.73 lb)<br \/>\t\t\t&#8211; Peso del producto 28.6 kg (63.05 lb)<\/td>\n<\/tr>\n<tr>\n<td><strong>Fecha de revisi&oacute;n<\/strong><\/td>\n<td>25-08-2022 por MPM<\/td>\n<\/tr>\n<\/table>\n","protected":false},"excerpt":{"rendered":"<p>La silla de juego insigniaARMOR TITAN PRO es el trono de juego perfecto para aquellos que desean disfrutar de sus juegos con absoluta comodidad mientras disfrutan de una silla de juego visualmente atractiva. Dotado de una construcci&oacute;n extra grande y con soporte para hasta 160 kg, muchas opciones de ajuste y materiales de alta calidad,&hellip;&nbsp;<a href=\"https:\/\/aivlisoft.net\/shop\/producto\/cougar-silla-gaming-armor-titan-pro\/\" rel=\"bookmark\"><span class=\"screen-reader-text\">Cougar Silla Gaming Armor Titan Pro<\/span><\/a><\/p>\n","protected":false},"featured_media":2803,"template":"","meta":{"neve_meta_sidebar":"","neve_meta_container":"","neve_meta_enable_content_width":"","neve_meta_content_width":0,"neve_meta_title_alignment":"","neve_meta_author_avatar":"","neve_post_elements_order":"","neve_meta_disable_header":"","neve_meta_disable_footer":"","neve_meta_disable_title":""},"product_brand":[],"product_cat":[8694],"product_tag":[848],"class_list":{"0":"post-2802","1":"product","2":"type-product","3":"status-publish","4":"has-post-thumbnail","6":"product_cat-sillas","7":"product_tag-3mtitans-0001","9":"first","10":"instock","11":"taxable","12":"shipping-taxable","13":"purchasable","14":"product-type-simple"},"yoast_head":"<!-- This site is optimized with the Yoast SEO plugin v26.0 - https:\/\/yoast.com\/wordpress\/plugins\/seo\/ -->\n<title>Cougar Silla Gaming Armor Titan Pro - Aivlisoft Inform\u00e1tica<\/title>\n<meta name=\"robots\" content=\"index, follow, max-snippet:-1, max-image-preview:large, max-video-preview:-1\" \/>\n<link rel=\"canonical\" href=\"https:\/\/aivlisoft.net\/shop\/producto\/cougar-silla-gaming-armor-titan-pro\/\" \/>\n<meta property=\"og:locale\" content=\"es_ES\" \/>\n<meta property=\"og:type\" content=\"article\" \/>\n<meta property=\"og:title\" content=\"Cougar Silla Gaming Armor Titan Pro - Aivlisoft Inform\u00e1tica\" \/>\n<meta property=\"og:description\" content=\"La silla de juego insigniaARMOR TITAN PRO es el trono de juego perfecto para aquellos que desean disfrutar de sus juegos con absoluta comodidad mientras disfrutan de una silla de juego visualmente atractiva. Dotado de una construcci&oacute;n extra grande y con soporte para hasta 160 kg, muchas opciones de ajuste y materiales de alta calidad,&hellip;&nbsp;Cougar Silla Gaming Armor Titan Pro\" \/>\n<meta property=\"og:url\" content=\"https:\/\/aivlisoft.net\/shop\/producto\/cougar-silla-gaming-armor-titan-pro\/\" \/>\n<meta property=\"og:site_name\" content=\"Aivlisoft Inform\u00e1tica\" \/>\n<meta property=\"article:modified_time\" content=\"2025-01-14T10:03:56+00:00\" \/>\n<meta property=\"og:image\" content=\"https:\/\/aivlisoft.net\/shop\/wp-content\/uploads\/2025\/01\/AGAMPA0545_800-1.jpg\" \/>\n\t<meta property=\"og:image:width\" content=\"800\" \/>\n\t<meta property=\"og:image:height\" content=\"800\" \/>\n\t<meta property=\"og:image:type\" content=\"image\/jpeg\" \/>\n<meta name=\"twitter:card\" content=\"summary_large_image\" \/>\n<meta name=\"twitter:label1\" content=\"Tiempo de lectura\" \/>\n\t<meta name=\"twitter:data1\" content=\"4 minutos\" \/>\n<script type=\"application\/ld+json\" class=\"yoast-schema-graph\">{\"@context\":\"https:\/\/schema.org\",\"@graph\":[{\"@type\":\"WebPage\",\"@id\":\"https:\/\/aivlisoft.net\/shop\/producto\/cougar-silla-gaming-armor-titan-pro\/\",\"url\":\"https:\/\/aivlisoft.net\/shop\/producto\/cougar-silla-gaming-armor-titan-pro\/\",\"name\":\"Cougar Silla Gaming Armor Titan Pro - Aivlisoft Inform\u00e1tica\",\"isPartOf\":{\"@id\":\"https:\/\/aivlisoft.net\/shop\/#website\"},\"primaryImageOfPage\":{\"@id\":\"https:\/\/aivlisoft.net\/shop\/producto\/cougar-silla-gaming-armor-titan-pro\/#primaryimage\"},\"image\":{\"@id\":\"https:\/\/aivlisoft.net\/shop\/producto\/cougar-silla-gaming-armor-titan-pro\/#primaryimage\"},\"thumbnailUrl\":\"https:\/\/aivlisoft.net\/shop\/wp-content\/uploads\/2025\/01\/AGAMPA0545_800-1.jpg\",\"datePublished\":\"2025-01-13T13:10:52+00:00\",\"dateModified\":\"2025-01-14T10:03:56+00:00\",\"breadcrumb\":{\"@id\":\"https:\/\/aivlisoft.net\/shop\/producto\/cougar-silla-gaming-armor-titan-pro\/#breadcrumb\"},\"inLanguage\":\"es\",\"potentialAction\":[{\"@type\":\"ReadAction\",\"target\":[\"https:\/\/aivlisoft.net\/shop\/producto\/cougar-silla-gaming-armor-titan-pro\/\"]}]},{\"@type\":\"ImageObject\",\"inLanguage\":\"es\",\"@id\":\"https:\/\/aivlisoft.net\/shop\/producto\/cougar-silla-gaming-armor-titan-pro\/#primaryimage\",\"url\":\"https:\/\/aivlisoft.net\/shop\/wp-content\/uploads\/2025\/01\/AGAMPA0545_800-1.jpg\",\"contentUrl\":\"https:\/\/aivlisoft.net\/shop\/wp-content\/uploads\/2025\/01\/AGAMPA0545_800-1.jpg\",\"width\":800,\"height\":800},{\"@type\":\"BreadcrumbList\",\"@id\":\"https:\/\/aivlisoft.net\/shop\/producto\/cougar-silla-gaming-armor-titan-pro\/#breadcrumb\",\"itemListElement\":[{\"@type\":\"ListItem\",\"position\":1,\"name\":\"Portada\",\"item\":\"https:\/\/aivlisoft.net\/shop\/\"},{\"@type\":\"ListItem\",\"position\":2,\"name\":\"Tienda\",\"item\":\"https:\/\/aivlisoft.net\/shop\/tienda\/\"},{\"@type\":\"ListItem\",\"position\":3,\"name\":\"Cougar Silla Gaming Armor Titan Pro\"}]},{\"@type\":\"WebSite\",\"@id\":\"https:\/\/aivlisoft.net\/shop\/#website\",\"url\":\"https:\/\/aivlisoft.net\/shop\/\",\"name\":\"Aivlisoft Inform\u00e1tica\",\"description\":\"En Aivlisoft Inform\u00e1tica ofrecemos soluciones tecnol\u00f3gicas para empresas: venta de ordenadores, consumibles, perif\u00e9ricos y m\u00e1s. Calidad, atenci\u00f3n personalizada y los mejores precios para tu negocio.\",\"publisher\":{\"@id\":\"https:\/\/aivlisoft.net\/shop\/#organization\"},\"potentialAction\":[{\"@type\":\"SearchAction\",\"target\":{\"@type\":\"EntryPoint\",\"urlTemplate\":\"https:\/\/aivlisoft.net\/shop\/?s={search_term_string}\"},\"query-input\":{\"@type\":\"PropertyValueSpecification\",\"valueRequired\":true,\"valueName\":\"search_term_string\"}}],\"inLanguage\":\"es\"},{\"@type\":\"Organization\",\"@id\":\"https:\/\/aivlisoft.net\/shop\/#organization\",\"name\":\"Aivlisoft Inform\u00e1tica\",\"url\":\"https:\/\/aivlisoft.net\/shop\/\",\"logo\":{\"@type\":\"ImageObject\",\"inLanguage\":\"es\",\"@id\":\"https:\/\/aivlisoft.net\/shop\/#\/schema\/logo\/image\/\",\"url\":\"https:\/\/aivlisoft.net\/shop\/wp-content\/uploads\/2024\/12\/removal.ai_5b848c54-0cdf-4140-95c5-c5536bb7573b-logodef.png\",\"contentUrl\":\"https:\/\/aivlisoft.net\/shop\/wp-content\/uploads\/2024\/12\/removal.ai_5b848c54-0cdf-4140-95c5-c5536bb7573b-logodef.png\",\"width\":484,\"height\":182,\"caption\":\"Aivlisoft Inform\u00e1tica\"},\"image\":{\"@id\":\"https:\/\/aivlisoft.net\/shop\/#\/schema\/logo\/image\/\"}}]}<\/script>\n<!-- \/ Yoast SEO plugin. -->","yoast_head_json":{"title":"Cougar Silla Gaming Armor Titan Pro - Aivlisoft Inform\u00e1tica","robots":{"index":"index","follow":"follow","max-snippet":"max-snippet:-1","max-image-preview":"max-image-preview:large","max-video-preview":"max-video-preview:-1"},"canonical":"https:\/\/aivlisoft.net\/shop\/producto\/cougar-silla-gaming-armor-titan-pro\/","og_locale":"es_ES","og_type":"article","og_title":"Cougar Silla Gaming Armor Titan Pro - Aivlisoft Inform\u00e1tica","og_description":"La silla de juego insigniaARMOR TITAN PRO es el trono de juego perfecto para aquellos que desean disfrutar de sus juegos con absoluta comodidad mientras disfrutan de una silla de juego visualmente atractiva. Dotado de una construcci&oacute;n extra grande y con soporte para hasta 160 kg, muchas opciones de ajuste y materiales de alta calidad,&hellip;&nbsp;Cougar Silla Gaming Armor Titan Pro","og_url":"https:\/\/aivlisoft.net\/shop\/producto\/cougar-silla-gaming-armor-titan-pro\/","og_site_name":"Aivlisoft Inform\u00e1tica","article_modified_time":"2025-01-14T10:03:56+00:00","og_image":[{"width":800,"height":800,"url":"https:\/\/aivlisoft.net\/shop\/wp-content\/uploads\/2025\/01\/AGAMPA0545_800-1.jpg","type":"image\/jpeg"}],"twitter_card":"summary_large_image","twitter_misc":{"Tiempo de lectura":"4 minutos"},"schema":{"@context":"https:\/\/schema.org","@graph":[{"@type":"WebPage","@id":"https:\/\/aivlisoft.net\/shop\/producto\/cougar-silla-gaming-armor-titan-pro\/","url":"https:\/\/aivlisoft.net\/shop\/producto\/cougar-silla-gaming-armor-titan-pro\/","name":"Cougar Silla Gaming Armor Titan Pro - Aivlisoft Inform\u00e1tica","isPartOf":{"@id":"https:\/\/aivlisoft.net\/shop\/#website"},"primaryImageOfPage":{"@id":"https:\/\/aivlisoft.net\/shop\/producto\/cougar-silla-gaming-armor-titan-pro\/#primaryimage"},"image":{"@id":"https:\/\/aivlisoft.net\/shop\/producto\/cougar-silla-gaming-armor-titan-pro\/#primaryimage"},"thumbnailUrl":"https:\/\/aivlisoft.net\/shop\/wp-content\/uploads\/2025\/01\/AGAMPA0545_800-1.jpg","datePublished":"2025-01-13T13:10:52+00:00","dateModified":"2025-01-14T10:03:56+00:00","breadcrumb":{"@id":"https:\/\/aivlisoft.net\/shop\/producto\/cougar-silla-gaming-armor-titan-pro\/#breadcrumb"},"inLanguage":"es","potentialAction":[{"@type":"ReadAction","target":["https:\/\/aivlisoft.net\/shop\/producto\/cougar-silla-gaming-armor-titan-pro\/"]}]},{"@type":"ImageObject","inLanguage":"es","@id":"https:\/\/aivlisoft.net\/shop\/producto\/cougar-silla-gaming-armor-titan-pro\/#primaryimage","url":"https:\/\/aivlisoft.net\/shop\/wp-content\/uploads\/2025\/01\/AGAMPA0545_800-1.jpg","contentUrl":"https:\/\/aivlisoft.net\/shop\/wp-content\/uploads\/2025\/01\/AGAMPA0545_800-1.jpg","width":800,"height":800},{"@type":"BreadcrumbList","@id":"https:\/\/aivlisoft.net\/shop\/producto\/cougar-silla-gaming-armor-titan-pro\/#breadcrumb","itemListElement":[{"@type":"ListItem","position":1,"name":"Portada","item":"https:\/\/aivlisoft.net\/shop\/"},{"@type":"ListItem","position":2,"name":"Tienda","item":"https:\/\/aivlisoft.net\/shop\/tienda\/"},{"@type":"ListItem","position":3,"name":"Cougar Silla Gaming Armor Titan Pro"}]},{"@type":"WebSite","@id":"https:\/\/aivlisoft.net\/shop\/#website","url":"https:\/\/aivlisoft.net\/shop\/","name":"Aivlisoft Inform\u00e1tica","description":"En Aivlisoft Inform\u00e1tica ofrecemos soluciones tecnol\u00f3gicas para empresas: venta de ordenadores, consumibles, perif\u00e9ricos y m\u00e1s. Calidad, atenci\u00f3n personalizada y los mejores precios para tu negocio.","publisher":{"@id":"https:\/\/aivlisoft.net\/shop\/#organization"},"potentialAction":[{"@type":"SearchAction","target":{"@type":"EntryPoint","urlTemplate":"https:\/\/aivlisoft.net\/shop\/?s={search_term_string}"},"query-input":{"@type":"PropertyValueSpecification","valueRequired":true,"valueName":"search_term_string"}}],"inLanguage":"es"},{"@type":"Organization","@id":"https:\/\/aivlisoft.net\/shop\/#organization","name":"Aivlisoft Inform\u00e1tica","url":"https:\/\/aivlisoft.net\/shop\/","logo":{"@type":"ImageObject","inLanguage":"es","@id":"https:\/\/aivlisoft.net\/shop\/#\/schema\/logo\/image\/","url":"https:\/\/aivlisoft.net\/shop\/wp-content\/uploads\/2024\/12\/removal.ai_5b848c54-0cdf-4140-95c5-c5536bb7573b-logodef.png","contentUrl":"https:\/\/aivlisoft.net\/shop\/wp-content\/uploads\/2024\/12\/removal.ai_5b848c54-0cdf-4140-95c5-c5536bb7573b-logodef.png","width":484,"height":182,"caption":"Aivlisoft Inform\u00e1tica"},"image":{"@id":"https:\/\/aivlisoft.net\/shop\/#\/schema\/logo\/image\/"}}]}},"_links":{"self":[{"href":"https:\/\/aivlisoft.net\/shop\/wp-json\/wp\/v2\/product\/2802","targetHints":{"allow":["GET"]}}],"collection":[{"href":"https:\/\/aivlisoft.net\/shop\/wp-json\/wp\/v2\/product"}],"about":[{"href":"https:\/\/aivlisoft.net\/shop\/wp-json\/wp\/v2\/types\/product"}],"wp:featuredmedia":[{"embeddable":true,"href":"https:\/\/aivlisoft.net\/shop\/wp-json\/wp\/v2\/media\/2803"}],"wp:attachment":[{"href":"https:\/\/aivlisoft.net\/shop\/wp-json\/wp\/v2\/media?parent=2802"}],"wp:term":[{"taxonomy":"product_brand","embeddable":true,"href":"https:\/\/aivlisoft.net\/shop\/wp-json\/wp\/v2\/product_brand?post=2802"},{"taxonomy":"product_cat","embeddable":true,"href":"https:\/\/aivlisoft.net\/shop\/wp-json\/wp\/v2\/product_cat?post=2802"},{"taxonomy":"product_tag","embeddable":true,"href":"https:\/\/aivlisoft.net\/shop\/wp-json\/wp\/v2\/product_tag?post=2802"}],"curies":[{"name":"wp","href":"https:\/\/api.w.org\/{rel}","templated":true}]}}