{"id":2683,"date":"2025-01-13T13:10:08","date_gmt":"2025-01-13T13:10:08","guid":{"rendered":"https:\/\/aivlisoft.com\/?post_type=product&#038;p=2683"},"modified":"2025-01-14T10:03:14","modified_gmt":"2025-01-14T10:03:14","slug":"spirit-of-gamer-volante-pro-1-pc","status":"publish","type":"product","link":"https:\/\/aivlisoft.net\/shop\/producto\/spirit-of-gamer-volante-pro-1-pc\/","title":{"rendered":"Spirit of Gamer Volante Pro 1 PC"},"content":{"rendered":"<p><\/p>\n<table class=\"tabla_caracteristicas\" width=\"100%\">\n<tr>\n<td valign=\"top\"><strong>Marca<\/strong><\/td>\n<td>Spirit of Gamer<\/td>\n<\/tr>\n<tr>\n<td valign=\"top\"><strong>Modelo<\/strong><\/td>\n<td><strong>SOG-RWP1<\/strong><\/td>\n<\/tr>\n<tr>\n<td valign=\"top\"><strong>Caracter&iacute;sticas<\/strong><\/td>\n<td>&#8211; Bot&oacute;n de inicio para acceder directamente a la configuraci&oacute;n de su consola<br \/>\t\t\t&#8211; Cruce octodireccional anal&oacute;gica<br \/>\t\t\t&#8211; Lever de velocidad pro y paletas secuenciales para un control r&aacute;pido de las relaciones<br \/>\t\t\t&#8211; Motor de doble vibraci&oacute;n para sensaciones cada vez m&aacute;s reales<br \/>\t\t\t&#8211; Pedal progresivo para aceleraci&oacute;n y frenado ultra precisos<br \/>\t\t\t&#8211; Recubrimiento Grip Control para un agarre de carrera<br \/>\t\t\t&#8211; Volante con rango de giro de 180&deg;<br \/>\t\t\t&#8211; Plataforma(s) compatibles: ordenador personal<br \/>\t\t\t&#8211; Conexi&oacute;n: Cable USB<br \/>\t\t\t&#8211; Duraci&oacute;n del cable:<br \/>\t\t\t&nbsp; Eje de pedalier: 1,60 m<br \/>\t\t\t&nbsp; Volante: 2 m<br \/>\t\t\t<strong>Dimensiones y peso<\/strong><br \/>\t\t\t&#8211; 30x 27 x 32.5 cm<br \/>\t\t\t&#8211; 3 kg<br \/>\t\t\t<strong>Contenido<\/strong><br \/>\t\t\t&#8211; El pedalero<br \/>\t\t\t&#8211; Gu&iacute;a de instalaci&oacute;n r&aacute;pida<br \/>\t\t\t&#8211; Sistema de sujeci&oacute;n<br \/>\t\t\t&#8211; Volador<\/td>\n<\/tr>\n<tr>\n<td valign=\"top\"><strong>Fecha de revisi&oacute;n<\/strong><\/td>\n<td>05-08-2024 por RTY<\/td>\n<\/tr>\n<\/table>\n","protected":false},"excerpt":{"rendered":"<p>Marca Spirit of Gamer Modelo SOG-RWP1 Caracter&iacute;sticas &#8211; Bot&oacute;n de inicio para acceder directamente a la configuraci&oacute;n de su consola &#8211; Cruce octodireccional anal&oacute;gica &#8211; Lever de velocidad pro y paletas secuenciales para un control r&aacute;pido de las relaciones &#8211; Motor de doble vibraci&oacute;n para sensaciones cada vez m&aacute;s reales &#8211; Pedal progresivo para aceleraci&oacute;n&hellip;&nbsp;<a href=\"https:\/\/aivlisoft.net\/shop\/producto\/spirit-of-gamer-volante-pro-1-pc\/\" rel=\"bookmark\"><span class=\"screen-reader-text\">Spirit of Gamer Volante Pro 1 PC<\/span><\/a><\/p>\n","protected":false},"featured_media":2684,"template":"","meta":{"neve_meta_sidebar":"","neve_meta_container":"","neve_meta_enable_content_width":"","neve_meta_content_width":0,"neve_meta_title_alignment":"","neve_meta_author_avatar":"","neve_post_elements_order":"","neve_meta_disable_header":"","neve_meta_disable_footer":"","neve_meta_disable_title":""},"product_brand":[],"product_cat":[15],"product_tag":[806],"class_list":{"0":"post-2683","1":"product","2":"type-product","3":"status-publish","4":"has-post-thumbnail","6":"product_cat-sin-categorizar","7":"product_tag-sog-rwp1","9":"first","10":"instock","11":"taxable","12":"shipping-taxable","13":"purchasable","14":"product-type-simple"},"yoast_head":"<!-- This site is optimized with the Yoast SEO plugin v26.0 - https:\/\/yoast.com\/wordpress\/plugins\/seo\/ -->\n<title>Spirit of Gamer Volante Pro 1 PC - Aivlisoft Inform\u00e1tica<\/title>\n<meta name=\"robots\" content=\"index, follow, max-snippet:-1, max-image-preview:large, max-video-preview:-1\" \/>\n<link rel=\"canonical\" href=\"https:\/\/aivlisoft.net\/shop\/producto\/spirit-of-gamer-volante-pro-1-pc\/\" \/>\n<meta property=\"og:locale\" content=\"es_ES\" \/>\n<meta property=\"og:type\" content=\"article\" \/>\n<meta property=\"og:title\" content=\"Spirit of Gamer Volante Pro 1 PC - Aivlisoft Inform\u00e1tica\" \/>\n<meta property=\"og:description\" content=\"Marca Spirit of Gamer Modelo SOG-RWP1 Caracter&iacute;sticas &#8211; Bot&oacute;n de inicio para acceder directamente a la configuraci&oacute;n de su consola &#8211; Cruce octodireccional anal&oacute;gica &#8211; Lever de velocidad pro y paletas secuenciales para un control r&aacute;pido de las relaciones &#8211; Motor de doble vibraci&oacute;n para sensaciones cada vez m&aacute;s reales &#8211; Pedal progresivo para aceleraci&oacute;n&hellip;&nbsp;Spirit of Gamer Volante Pro 1 PC\" \/>\n<meta property=\"og:url\" content=\"https:\/\/aivlisoft.net\/shop\/producto\/spirit-of-gamer-volante-pro-1-pc\/\" \/>\n<meta property=\"og:site_name\" content=\"Aivlisoft Inform\u00e1tica\" \/>\n<meta property=\"article:modified_time\" content=\"2025-01-14T10:03:14+00:00\" \/>\n<meta property=\"og:image\" content=\"https:\/\/aivlisoft.net\/shop\/wp-content\/uploads\/2025\/01\/AGAMAC0214_800-1.jpg\" \/>\n\t<meta property=\"og:image:width\" content=\"800\" \/>\n\t<meta property=\"og:image:height\" content=\"800\" \/>\n\t<meta property=\"og:image:type\" content=\"image\/jpeg\" \/>\n<meta name=\"twitter:card\" content=\"summary_large_image\" \/>\n<meta name=\"twitter:label1\" content=\"Tiempo de lectura\" \/>\n\t<meta name=\"twitter:data1\" content=\"1 minuto\" \/>\n<script type=\"application\/ld+json\" class=\"yoast-schema-graph\">{\"@context\":\"https:\/\/schema.org\",\"@graph\":[{\"@type\":\"WebPage\",\"@id\":\"https:\/\/aivlisoft.net\/shop\/producto\/spirit-of-gamer-volante-pro-1-pc\/\",\"url\":\"https:\/\/aivlisoft.net\/shop\/producto\/spirit-of-gamer-volante-pro-1-pc\/\",\"name\":\"Spirit of Gamer Volante Pro 1 PC - Aivlisoft Inform\u00e1tica\",\"isPartOf\":{\"@id\":\"https:\/\/aivlisoft.net\/shop\/#website\"},\"primaryImageOfPage\":{\"@id\":\"https:\/\/aivlisoft.net\/shop\/producto\/spirit-of-gamer-volante-pro-1-pc\/#primaryimage\"},\"image\":{\"@id\":\"https:\/\/aivlisoft.net\/shop\/producto\/spirit-of-gamer-volante-pro-1-pc\/#primaryimage\"},\"thumbnailUrl\":\"https:\/\/aivlisoft.net\/shop\/wp-content\/uploads\/2025\/01\/AGAMAC0214_800-1.jpg\",\"datePublished\":\"2025-01-13T13:10:08+00:00\",\"dateModified\":\"2025-01-14T10:03:14+00:00\",\"breadcrumb\":{\"@id\":\"https:\/\/aivlisoft.net\/shop\/producto\/spirit-of-gamer-volante-pro-1-pc\/#breadcrumb\"},\"inLanguage\":\"es\",\"potentialAction\":[{\"@type\":\"ReadAction\",\"target\":[\"https:\/\/aivlisoft.net\/shop\/producto\/spirit-of-gamer-volante-pro-1-pc\/\"]}]},{\"@type\":\"ImageObject\",\"inLanguage\":\"es\",\"@id\":\"https:\/\/aivlisoft.net\/shop\/producto\/spirit-of-gamer-volante-pro-1-pc\/#primaryimage\",\"url\":\"https:\/\/aivlisoft.net\/shop\/wp-content\/uploads\/2025\/01\/AGAMAC0214_800-1.jpg\",\"contentUrl\":\"https:\/\/aivlisoft.net\/shop\/wp-content\/uploads\/2025\/01\/AGAMAC0214_800-1.jpg\",\"width\":800,\"height\":800},{\"@type\":\"BreadcrumbList\",\"@id\":\"https:\/\/aivlisoft.net\/shop\/producto\/spirit-of-gamer-volante-pro-1-pc\/#breadcrumb\",\"itemListElement\":[{\"@type\":\"ListItem\",\"position\":1,\"name\":\"Portada\",\"item\":\"https:\/\/aivlisoft.net\/shop\/\"},{\"@type\":\"ListItem\",\"position\":2,\"name\":\"Tienda\",\"item\":\"https:\/\/aivlisoft.net\/shop\/tienda\/\"},{\"@type\":\"ListItem\",\"position\":3,\"name\":\"Spirit of Gamer Volante Pro 1 PC\"}]},{\"@type\":\"WebSite\",\"@id\":\"https:\/\/aivlisoft.net\/shop\/#website\",\"url\":\"https:\/\/aivlisoft.net\/shop\/\",\"name\":\"Aivlisoft Inform\u00e1tica\",\"description\":\"En Aivlisoft Inform\u00e1tica ofrecemos soluciones tecnol\u00f3gicas para empresas: venta de ordenadores, consumibles, perif\u00e9ricos y m\u00e1s. Calidad, atenci\u00f3n personalizada y los mejores precios para tu negocio.\",\"publisher\":{\"@id\":\"https:\/\/aivlisoft.net\/shop\/#organization\"},\"potentialAction\":[{\"@type\":\"SearchAction\",\"target\":{\"@type\":\"EntryPoint\",\"urlTemplate\":\"https:\/\/aivlisoft.net\/shop\/?s={search_term_string}\"},\"query-input\":{\"@type\":\"PropertyValueSpecification\",\"valueRequired\":true,\"valueName\":\"search_term_string\"}}],\"inLanguage\":\"es\"},{\"@type\":\"Organization\",\"@id\":\"https:\/\/aivlisoft.net\/shop\/#organization\",\"name\":\"Aivlisoft Inform\u00e1tica\",\"url\":\"https:\/\/aivlisoft.net\/shop\/\",\"logo\":{\"@type\":\"ImageObject\",\"inLanguage\":\"es\",\"@id\":\"https:\/\/aivlisoft.net\/shop\/#\/schema\/logo\/image\/\",\"url\":\"https:\/\/aivlisoft.net\/shop\/wp-content\/uploads\/2024\/12\/removal.ai_5b848c54-0cdf-4140-95c5-c5536bb7573b-logodef.png\",\"contentUrl\":\"https:\/\/aivlisoft.net\/shop\/wp-content\/uploads\/2024\/12\/removal.ai_5b848c54-0cdf-4140-95c5-c5536bb7573b-logodef.png\",\"width\":484,\"height\":182,\"caption\":\"Aivlisoft Inform\u00e1tica\"},\"image\":{\"@id\":\"https:\/\/aivlisoft.net\/shop\/#\/schema\/logo\/image\/\"}}]}<\/script>\n<!-- \/ Yoast SEO plugin. -->","yoast_head_json":{"title":"Spirit of Gamer Volante Pro 1 PC - Aivlisoft Inform\u00e1tica","robots":{"index":"index","follow":"follow","max-snippet":"max-snippet:-1","max-image-preview":"max-image-preview:large","max-video-preview":"max-video-preview:-1"},"canonical":"https:\/\/aivlisoft.net\/shop\/producto\/spirit-of-gamer-volante-pro-1-pc\/","og_locale":"es_ES","og_type":"article","og_title":"Spirit of Gamer Volante Pro 1 PC - Aivlisoft Inform\u00e1tica","og_description":"Marca Spirit of Gamer Modelo SOG-RWP1 Caracter&iacute;sticas &#8211; Bot&oacute;n de inicio para acceder directamente a la configuraci&oacute;n de su consola &#8211; Cruce octodireccional anal&oacute;gica &#8211; Lever de velocidad pro y paletas secuenciales para un control r&aacute;pido de las relaciones &#8211; Motor de doble vibraci&oacute;n para sensaciones cada vez m&aacute;s reales &#8211; Pedal progresivo para aceleraci&oacute;n&hellip;&nbsp;Spirit of Gamer Volante Pro 1 PC","og_url":"https:\/\/aivlisoft.net\/shop\/producto\/spirit-of-gamer-volante-pro-1-pc\/","og_site_name":"Aivlisoft Inform\u00e1tica","article_modified_time":"2025-01-14T10:03:14+00:00","og_image":[{"width":800,"height":800,"url":"https:\/\/aivlisoft.net\/shop\/wp-content\/uploads\/2025\/01\/AGAMAC0214_800-1.jpg","type":"image\/jpeg"}],"twitter_card":"summary_large_image","twitter_misc":{"Tiempo de lectura":"1 minuto"},"schema":{"@context":"https:\/\/schema.org","@graph":[{"@type":"WebPage","@id":"https:\/\/aivlisoft.net\/shop\/producto\/spirit-of-gamer-volante-pro-1-pc\/","url":"https:\/\/aivlisoft.net\/shop\/producto\/spirit-of-gamer-volante-pro-1-pc\/","name":"Spirit of Gamer Volante Pro 1 PC - Aivlisoft Inform\u00e1tica","isPartOf":{"@id":"https:\/\/aivlisoft.net\/shop\/#website"},"primaryImageOfPage":{"@id":"https:\/\/aivlisoft.net\/shop\/producto\/spirit-of-gamer-volante-pro-1-pc\/#primaryimage"},"image":{"@id":"https:\/\/aivlisoft.net\/shop\/producto\/spirit-of-gamer-volante-pro-1-pc\/#primaryimage"},"thumbnailUrl":"https:\/\/aivlisoft.net\/shop\/wp-content\/uploads\/2025\/01\/AGAMAC0214_800-1.jpg","datePublished":"2025-01-13T13:10:08+00:00","dateModified":"2025-01-14T10:03:14+00:00","breadcrumb":{"@id":"https:\/\/aivlisoft.net\/shop\/producto\/spirit-of-gamer-volante-pro-1-pc\/#breadcrumb"},"inLanguage":"es","potentialAction":[{"@type":"ReadAction","target":["https:\/\/aivlisoft.net\/shop\/producto\/spirit-of-gamer-volante-pro-1-pc\/"]}]},{"@type":"ImageObject","inLanguage":"es","@id":"https:\/\/aivlisoft.net\/shop\/producto\/spirit-of-gamer-volante-pro-1-pc\/#primaryimage","url":"https:\/\/aivlisoft.net\/shop\/wp-content\/uploads\/2025\/01\/AGAMAC0214_800-1.jpg","contentUrl":"https:\/\/aivlisoft.net\/shop\/wp-content\/uploads\/2025\/01\/AGAMAC0214_800-1.jpg","width":800,"height":800},{"@type":"BreadcrumbList","@id":"https:\/\/aivlisoft.net\/shop\/producto\/spirit-of-gamer-volante-pro-1-pc\/#breadcrumb","itemListElement":[{"@type":"ListItem","position":1,"name":"Portada","item":"https:\/\/aivlisoft.net\/shop\/"},{"@type":"ListItem","position":2,"name":"Tienda","item":"https:\/\/aivlisoft.net\/shop\/tienda\/"},{"@type":"ListItem","position":3,"name":"Spirit of Gamer Volante Pro 1 PC"}]},{"@type":"WebSite","@id":"https:\/\/aivlisoft.net\/shop\/#website","url":"https:\/\/aivlisoft.net\/shop\/","name":"Aivlisoft Inform\u00e1tica","description":"En Aivlisoft Inform\u00e1tica ofrecemos soluciones tecnol\u00f3gicas para empresas: venta de ordenadores, consumibles, perif\u00e9ricos y m\u00e1s. Calidad, atenci\u00f3n personalizada y los mejores precios para tu negocio.","publisher":{"@id":"https:\/\/aivlisoft.net\/shop\/#organization"},"potentialAction":[{"@type":"SearchAction","target":{"@type":"EntryPoint","urlTemplate":"https:\/\/aivlisoft.net\/shop\/?s={search_term_string}"},"query-input":{"@type":"PropertyValueSpecification","valueRequired":true,"valueName":"search_term_string"}}],"inLanguage":"es"},{"@type":"Organization","@id":"https:\/\/aivlisoft.net\/shop\/#organization","name":"Aivlisoft Inform\u00e1tica","url":"https:\/\/aivlisoft.net\/shop\/","logo":{"@type":"ImageObject","inLanguage":"es","@id":"https:\/\/aivlisoft.net\/shop\/#\/schema\/logo\/image\/","url":"https:\/\/aivlisoft.net\/shop\/wp-content\/uploads\/2024\/12\/removal.ai_5b848c54-0cdf-4140-95c5-c5536bb7573b-logodef.png","contentUrl":"https:\/\/aivlisoft.net\/shop\/wp-content\/uploads\/2024\/12\/removal.ai_5b848c54-0cdf-4140-95c5-c5536bb7573b-logodef.png","width":484,"height":182,"caption":"Aivlisoft Inform\u00e1tica"},"image":{"@id":"https:\/\/aivlisoft.net\/shop\/#\/schema\/logo\/image\/"}}]}},"_links":{"self":[{"href":"https:\/\/aivlisoft.net\/shop\/wp-json\/wp\/v2\/product\/2683","targetHints":{"allow":["GET"]}}],"collection":[{"href":"https:\/\/aivlisoft.net\/shop\/wp-json\/wp\/v2\/product"}],"about":[{"href":"https:\/\/aivlisoft.net\/shop\/wp-json\/wp\/v2\/types\/product"}],"wp:featuredmedia":[{"embeddable":true,"href":"https:\/\/aivlisoft.net\/shop\/wp-json\/wp\/v2\/media\/2684"}],"wp:attachment":[{"href":"https:\/\/aivlisoft.net\/shop\/wp-json\/wp\/v2\/media?parent=2683"}],"wp:term":[{"taxonomy":"product_brand","embeddable":true,"href":"https:\/\/aivlisoft.net\/shop\/wp-json\/wp\/v2\/product_brand?post=2683"},{"taxonomy":"product_cat","embeddable":true,"href":"https:\/\/aivlisoft.net\/shop\/wp-json\/wp\/v2\/product_cat?post=2683"},{"taxonomy":"product_tag","embeddable":true,"href":"https:\/\/aivlisoft.net\/shop\/wp-json\/wp\/v2\/product_tag?post=2683"}],"curies":[{"name":"wp","href":"https:\/\/api.w.org\/{rel}","templated":true}]}}