{"id":24094,"date":"2025-01-13T16:24:56","date_gmt":"2025-01-13T16:24:56","guid":{"rendered":"https:\/\/aivlisoft.com\/?post_type=product&#038;p=24094"},"modified":"2025-01-14T13:18:35","modified_gmt":"2025-01-14T13:18:35","slug":"xiaomi-redmi-pad-se-8-7-4gb-64gb-azul","status":"publish","type":"product","link":"https:\/\/aivlisoft.net\/shop\/producto\/xiaomi-redmi-pad-se-8-7-4gb-64gb-azul\/","title":{"rendered":"Xiaomi Redmi Pad SE 8.7&#8243; 4Gb 64Gb Azul"},"content":{"rendered":"<p><\/p>\n<table class=\"tabla_caracteristicas k-table\" width=\"100%\">\n<tr>\n<td><strong>Marca<\/strong><\/td>\n<td>Xiaomi<\/td>\n<\/tr>\n<tr>\n<td><strong>Modelo<\/strong><\/td>\n<td><strong>VHU5128EU<\/strong><\/td>\n<\/tr>\n<tr>\n<td><strong>Sistema Operativo<\/strong><\/td>\n<td>&#8211; Xiaomi HyperOS y Android U<\/td>\n<\/tr>\n<tr>\n<td><strong>Procesador<\/strong><\/td>\n<td>&#8211; MediaTek Helio G85<br \/>\t\t\t&#8211; Proceso de 12 nm, ocho n&uacute;cleosCPU:<br \/>\t\t\t&nbsp; Arm Cortex-A75 de 2,0 GHz<br \/>\t\t\t&nbsp; Arm Cortex-A55 de 1,8 GHzGPU: Arm Mali-G52 MC2<\/td>\n<\/tr>\n<tr>\n<td valign=\"top\"><strong>Memoria<\/strong><\/td>\n<td><strong>&#8211; 4 GB<\/strong><br \/>\t\t\t<strong>&#8211; 64 GB<br \/>\t\t\t&#8211; <\/strong>LPDDR4X + eMMC 5.1<br \/>\t\t\t-Almacenamiento ampliable: Hasta 2 TB<\/td>\n<\/tr>\n<tr>\n<td valign=\"top\"><strong>Pantalla<\/strong><\/td>\n<td>&#8211;<strong> 8,7&#8243; FHD+<\/strong><br \/>\t\t\t&#8211; Relaci&oacute;n de aspecto de 5:3<br \/>\t\t\t&#8211; Resoluci&oacute;n: 1340 x 800<br \/>\t\t\t&#8211; Tasa de refresco: Hasta 90 Hz<br \/>\t\t\t&#8211; Brillo: 500 nits (typ); 600 nits (modo de exteriores)<br \/>\t\t\t&#8211; Material: LCD<br \/>\t\t\t&#8211; Certificaci&oacute;n de luz azul reducida (soluci&oacute;n de software) de T&Uuml;V Rheinland<br \/>\t\t\t&#8211; Certificaci&oacute;n de tecnolog&iacute;a sin parpadeos de T&Uuml;V Rheinland<br \/>\t\t\t&#8211; Relaci&oacute;n de pantalla a cuerpo: 84,41 %<br \/>\t\t\t&#8211; Relaci&oacute;n de contraste: 1500:1<br \/>\t\t\t&#8211; Profundidad de color: 10 bits, 1000 millones de colores<br \/>\t\t\t&#8211; Atenuaci&oacute;n: 2048<br \/>\t\t\t&#8211; Modo lectura<\/td>\n<\/tr>\n<tr>\n<td valign=\"top\"><strong>Conectividad<\/strong><\/td>\n<td>&#8211; Bluetooth 5.3<br \/>\t\t\t&#8211; Wi-Fi 5 banda (802.11a\/b\/g\/n\/ac)<br \/>\t\t\t&#8211; AAC SBC LDAC<br \/>\t\t\t&#8211; FM<br \/>\t\t\t<strong>Puertos<\/strong><br \/>\t\t\t&#8211; USB 2.0<\/td>\n<\/tr>\n<tr>\n<td valign=\"top\"><strong>C&aacute;maras<\/strong><\/td>\n<td><strong>C&aacute;mara trasera<\/strong><br \/>\t\t\t&#8211; Resoluci&oacute;n: <strong>8.0MP<\/strong><br \/>\t\t\t&#8211; f\/2,0, tama&ntilde;o de p&iacute;xel de 1,12 &mu;m<br \/>\t\t\t<strong>C&aacute;mara frontal<\/strong><br \/>\t\t\t&#8211; Resoluci&oacute;n: <strong>5 MP<br \/>\t\t\t&#8211; <\/strong>f\/2,2, tama&ntilde;o de p&iacute;xel de 1,12 &mu;m<br \/>\t\t\t<strong>V&iacute;deo<\/strong><br \/>\t\t\t&#8211; C&aacute;mara trasera: 1080P 1920 x 1080 30 fps720P 1280 x 720 30 fps<br \/>\t\t\t&#8211; C&aacute;mara frontal: 1080P 1920 x 1080 30 fps720P 1280 x 720 30 fps<\/td>\n<\/tr>\n<tr>\n<td valign=\"top\"><strong>Otras caracter&iacute;sticas<\/strong><\/td>\n<td><strong>Audio<\/strong><br \/>\t\t\t&#8211; 1 x micr&oacute;fono<br \/>\t\t\t&#8211; 2 x altavoces compatibles con Dolby Atmos<br \/>\t\t\t&#8211; Conector para auriculares de 3,5 mm<br \/>\t\t\t<strong>Sensores<\/strong><br \/>\t\t\t&#8211; Accelerometer<br \/>\t\t\t&#8211; Br&uacute;jula electr&oacute;nica<br \/>\t\t\t&#8211; Sensor Hall<br \/>\t\t\t&#8211; Emisor de infrarrojos<br \/>\t\t\t&#8211; Sensor de proximidad virtual<br \/>\t\t\t&#8211; Sensor de luz virtual<br \/>\t\t\t<strong>Bater&iacute;a<\/strong><br \/>\t\t\t&#8211; Capacidad de bater&iacute;a: 6650 mAh (typ)<br \/>\t\t\t&#8211; Carga r&aacute;pida de 18 W<br \/>\t\t\t<strong>Peso y dimensiones<\/strong><br \/>\t\t\t&#8211; Altura: 250,38 mm<br \/>\t\t\t&#8211; Anchura: 157,98 mm<br \/>\t\t\t&#8211; Grosor: 7,05 mm<br \/>\t\t\t&#8211; Peso: 445 g<br \/>\t\t\t<strong>Contiene<\/strong><br \/>\t\t\t&#8211; Tablet<br \/>\t\t\t&#8211; Adaptador<br \/>\t\t\t&#8211; Cable USB tipo C<br \/>\t\t\t&#8211; Gu&iacute;a de inicio r&aacute;pido<br \/>\t\t\t&#8211; Tarjeta de garant&iacute;a<br \/>\t\t\t&#8211; Extractor de tarjeta SD<\/td>\n<\/tr>\n<tr>\n<td><strong>Fecha de revisi&oacute;n<\/strong><\/td>\n<td>21-08-2024 por RTY<\/td>\n<\/tr>\n<\/table>\n","protected":false},"excerpt":{"rendered":"<p>Marca Xiaomi Modelo VHU5128EU Sistema Operativo &#8211; Xiaomi HyperOS y Android U Procesador &#8211; MediaTek Helio G85 &#8211; Proceso de 12 nm, ocho n&uacute;cleosCPU: &nbsp; Arm Cortex-A75 de 2,0 GHz &nbsp; Arm Cortex-A55 de 1,8 GHzGPU: Arm Mali-G52 MC2 Memoria &#8211; 4 GB &#8211; 64 GB &#8211; LPDDR4X + eMMC 5.1 -Almacenamiento ampliable: Hasta 2&hellip;&nbsp;<a href=\"https:\/\/aivlisoft.net\/shop\/producto\/xiaomi-redmi-pad-se-8-7-4gb-64gb-azul\/\" rel=\"bookmark\"><span class=\"screen-reader-text\">Xiaomi Redmi Pad SE 8.7&#8243; 4Gb 64Gb Azul<\/span><\/a><\/p>\n","protected":false},"featured_media":24095,"template":"","meta":{"neve_meta_sidebar":"","neve_meta_container":"","neve_meta_enable_content_width":"","neve_meta_content_width":0,"neve_meta_title_alignment":"","neve_meta_author_avatar":"","neve_post_elements_order":"","neve_meta_disable_header":"","neve_meta_disable_footer":"","neve_meta_disable_title":""},"product_brand":[],"product_cat":[15,8682],"product_tag":[8501],"class_list":{"0":"post-24094","1":"product","2":"type-product","3":"status-publish","4":"has-post-thumbnail","6":"product_cat-sin-categorizar","7":"product_cat-telefonia-y-tablets","8":"product_tag-vhu5128eu","10":"first","11":"instock","12":"taxable","13":"shipping-taxable","14":"purchasable","15":"product-type-simple"},"yoast_head":"<!-- This site is optimized with the Yoast SEO plugin v26.0 - https:\/\/yoast.com\/wordpress\/plugins\/seo\/ -->\n<title>Xiaomi Redmi Pad SE 8.7&quot; 4Gb 64Gb Azul - Aivlisoft Inform\u00e1tica<\/title>\n<meta name=\"robots\" content=\"index, follow, max-snippet:-1, max-image-preview:large, max-video-preview:-1\" \/>\n<link rel=\"canonical\" href=\"https:\/\/aivlisoft.net\/shop\/producto\/xiaomi-redmi-pad-se-8-7-4gb-64gb-azul\/\" \/>\n<meta property=\"og:locale\" content=\"es_ES\" \/>\n<meta property=\"og:type\" content=\"article\" \/>\n<meta property=\"og:title\" content=\"Xiaomi Redmi Pad SE 8.7&quot; 4Gb 64Gb Azul - Aivlisoft Inform\u00e1tica\" \/>\n<meta property=\"og:description\" content=\"Marca Xiaomi Modelo VHU5128EU Sistema Operativo &#8211; Xiaomi HyperOS y Android U Procesador &#8211; MediaTek Helio G85 &#8211; Proceso de 12 nm, ocho n&uacute;cleosCPU: &nbsp; Arm Cortex-A75 de 2,0 GHz &nbsp; Arm Cortex-A55 de 1,8 GHzGPU: Arm Mali-G52 MC2 Memoria &#8211; 4 GB &#8211; 64 GB &#8211; LPDDR4X + eMMC 5.1 -Almacenamiento ampliable: Hasta 2&hellip;&nbsp;Xiaomi Redmi Pad SE 8.7&#8243; 4Gb 64Gb Azul\" \/>\n<meta property=\"og:url\" content=\"https:\/\/aivlisoft.net\/shop\/producto\/xiaomi-redmi-pad-se-8-7-4gb-64gb-azul\/\" \/>\n<meta property=\"og:site_name\" content=\"Aivlisoft Inform\u00e1tica\" \/>\n<meta property=\"article:modified_time\" content=\"2025-01-14T13:18:35+00:00\" \/>\n<meta property=\"og:image\" content=\"https:\/\/aivlisoft.net\/shop\/wp-content\/uploads\/2025\/01\/PPOTAB1368_800.jpg\" \/>\n\t<meta property=\"og:image:width\" content=\"800\" \/>\n\t<meta property=\"og:image:height\" content=\"800\" \/>\n\t<meta property=\"og:image:type\" content=\"image\/jpeg\" \/>\n<meta name=\"twitter:card\" content=\"summary_large_image\" \/>\n<meta name=\"twitter:label1\" content=\"Tiempo de lectura\" \/>\n\t<meta name=\"twitter:data1\" content=\"2 minutos\" \/>\n<script type=\"application\/ld+json\" class=\"yoast-schema-graph\">{\"@context\":\"https:\/\/schema.org\",\"@graph\":[{\"@type\":\"WebPage\",\"@id\":\"https:\/\/aivlisoft.net\/shop\/producto\/xiaomi-redmi-pad-se-8-7-4gb-64gb-azul\/\",\"url\":\"https:\/\/aivlisoft.net\/shop\/producto\/xiaomi-redmi-pad-se-8-7-4gb-64gb-azul\/\",\"name\":\"Xiaomi Redmi Pad SE 8.7\\\" 4Gb 64Gb Azul - Aivlisoft Inform\u00e1tica\",\"isPartOf\":{\"@id\":\"https:\/\/aivlisoft.net\/shop\/#website\"},\"primaryImageOfPage\":{\"@id\":\"https:\/\/aivlisoft.net\/shop\/producto\/xiaomi-redmi-pad-se-8-7-4gb-64gb-azul\/#primaryimage\"},\"image\":{\"@id\":\"https:\/\/aivlisoft.net\/shop\/producto\/xiaomi-redmi-pad-se-8-7-4gb-64gb-azul\/#primaryimage\"},\"thumbnailUrl\":\"https:\/\/aivlisoft.net\/shop\/wp-content\/uploads\/2025\/01\/PPOTAB1368_800.jpg\",\"datePublished\":\"2025-01-13T16:24:56+00:00\",\"dateModified\":\"2025-01-14T13:18:35+00:00\",\"breadcrumb\":{\"@id\":\"https:\/\/aivlisoft.net\/shop\/producto\/xiaomi-redmi-pad-se-8-7-4gb-64gb-azul\/#breadcrumb\"},\"inLanguage\":\"es\",\"potentialAction\":[{\"@type\":\"ReadAction\",\"target\":[\"https:\/\/aivlisoft.net\/shop\/producto\/xiaomi-redmi-pad-se-8-7-4gb-64gb-azul\/\"]}]},{\"@type\":\"ImageObject\",\"inLanguage\":\"es\",\"@id\":\"https:\/\/aivlisoft.net\/shop\/producto\/xiaomi-redmi-pad-se-8-7-4gb-64gb-azul\/#primaryimage\",\"url\":\"https:\/\/aivlisoft.net\/shop\/wp-content\/uploads\/2025\/01\/PPOTAB1368_800.jpg\",\"contentUrl\":\"https:\/\/aivlisoft.net\/shop\/wp-content\/uploads\/2025\/01\/PPOTAB1368_800.jpg\",\"width\":800,\"height\":800},{\"@type\":\"BreadcrumbList\",\"@id\":\"https:\/\/aivlisoft.net\/shop\/producto\/xiaomi-redmi-pad-se-8-7-4gb-64gb-azul\/#breadcrumb\",\"itemListElement\":[{\"@type\":\"ListItem\",\"position\":1,\"name\":\"Portada\",\"item\":\"https:\/\/aivlisoft.net\/shop\/\"},{\"@type\":\"ListItem\",\"position\":2,\"name\":\"Tienda\",\"item\":\"https:\/\/aivlisoft.net\/shop\/tienda\/\"},{\"@type\":\"ListItem\",\"position\":3,\"name\":\"Xiaomi Redmi Pad SE 8.7&#8243; 4Gb 64Gb Azul\"}]},{\"@type\":\"WebSite\",\"@id\":\"https:\/\/aivlisoft.net\/shop\/#website\",\"url\":\"https:\/\/aivlisoft.net\/shop\/\",\"name\":\"Aivlisoft Inform\u00e1tica\",\"description\":\"En Aivlisoft Inform\u00e1tica ofrecemos soluciones tecnol\u00f3gicas para empresas: venta de ordenadores, consumibles, perif\u00e9ricos y m\u00e1s. Calidad, atenci\u00f3n personalizada y los mejores precios para tu negocio.\",\"publisher\":{\"@id\":\"https:\/\/aivlisoft.net\/shop\/#organization\"},\"potentialAction\":[{\"@type\":\"SearchAction\",\"target\":{\"@type\":\"EntryPoint\",\"urlTemplate\":\"https:\/\/aivlisoft.net\/shop\/?s={search_term_string}\"},\"query-input\":{\"@type\":\"PropertyValueSpecification\",\"valueRequired\":true,\"valueName\":\"search_term_string\"}}],\"inLanguage\":\"es\"},{\"@type\":\"Organization\",\"@id\":\"https:\/\/aivlisoft.net\/shop\/#organization\",\"name\":\"Aivlisoft Inform\u00e1tica\",\"url\":\"https:\/\/aivlisoft.net\/shop\/\",\"logo\":{\"@type\":\"ImageObject\",\"inLanguage\":\"es\",\"@id\":\"https:\/\/aivlisoft.net\/shop\/#\/schema\/logo\/image\/\",\"url\":\"https:\/\/aivlisoft.net\/shop\/wp-content\/uploads\/2024\/12\/removal.ai_5b848c54-0cdf-4140-95c5-c5536bb7573b-logodef.png\",\"contentUrl\":\"https:\/\/aivlisoft.net\/shop\/wp-content\/uploads\/2024\/12\/removal.ai_5b848c54-0cdf-4140-95c5-c5536bb7573b-logodef.png\",\"width\":484,\"height\":182,\"caption\":\"Aivlisoft Inform\u00e1tica\"},\"image\":{\"@id\":\"https:\/\/aivlisoft.net\/shop\/#\/schema\/logo\/image\/\"}}]}<\/script>\n<!-- \/ Yoast SEO plugin. -->","yoast_head_json":{"title":"Xiaomi Redmi Pad SE 8.7\" 4Gb 64Gb Azul - Aivlisoft Inform\u00e1tica","robots":{"index":"index","follow":"follow","max-snippet":"max-snippet:-1","max-image-preview":"max-image-preview:large","max-video-preview":"max-video-preview:-1"},"canonical":"https:\/\/aivlisoft.net\/shop\/producto\/xiaomi-redmi-pad-se-8-7-4gb-64gb-azul\/","og_locale":"es_ES","og_type":"article","og_title":"Xiaomi Redmi Pad SE 8.7\" 4Gb 64Gb Azul - Aivlisoft Inform\u00e1tica","og_description":"Marca Xiaomi Modelo VHU5128EU Sistema Operativo &#8211; Xiaomi HyperOS y Android U Procesador &#8211; MediaTek Helio G85 &#8211; Proceso de 12 nm, ocho n&uacute;cleosCPU: &nbsp; Arm Cortex-A75 de 2,0 GHz &nbsp; Arm Cortex-A55 de 1,8 GHzGPU: Arm Mali-G52 MC2 Memoria &#8211; 4 GB &#8211; 64 GB &#8211; LPDDR4X + eMMC 5.1 -Almacenamiento ampliable: Hasta 2&hellip;&nbsp;Xiaomi Redmi Pad SE 8.7&#8243; 4Gb 64Gb Azul","og_url":"https:\/\/aivlisoft.net\/shop\/producto\/xiaomi-redmi-pad-se-8-7-4gb-64gb-azul\/","og_site_name":"Aivlisoft Inform\u00e1tica","article_modified_time":"2025-01-14T13:18:35+00:00","og_image":[{"width":800,"height":800,"url":"https:\/\/aivlisoft.net\/shop\/wp-content\/uploads\/2025\/01\/PPOTAB1368_800.jpg","type":"image\/jpeg"}],"twitter_card":"summary_large_image","twitter_misc":{"Tiempo de lectura":"2 minutos"},"schema":{"@context":"https:\/\/schema.org","@graph":[{"@type":"WebPage","@id":"https:\/\/aivlisoft.net\/shop\/producto\/xiaomi-redmi-pad-se-8-7-4gb-64gb-azul\/","url":"https:\/\/aivlisoft.net\/shop\/producto\/xiaomi-redmi-pad-se-8-7-4gb-64gb-azul\/","name":"Xiaomi Redmi Pad SE 8.7\" 4Gb 64Gb Azul - Aivlisoft Inform\u00e1tica","isPartOf":{"@id":"https:\/\/aivlisoft.net\/shop\/#website"},"primaryImageOfPage":{"@id":"https:\/\/aivlisoft.net\/shop\/producto\/xiaomi-redmi-pad-se-8-7-4gb-64gb-azul\/#primaryimage"},"image":{"@id":"https:\/\/aivlisoft.net\/shop\/producto\/xiaomi-redmi-pad-se-8-7-4gb-64gb-azul\/#primaryimage"},"thumbnailUrl":"https:\/\/aivlisoft.net\/shop\/wp-content\/uploads\/2025\/01\/PPOTAB1368_800.jpg","datePublished":"2025-01-13T16:24:56+00:00","dateModified":"2025-01-14T13:18:35+00:00","breadcrumb":{"@id":"https:\/\/aivlisoft.net\/shop\/producto\/xiaomi-redmi-pad-se-8-7-4gb-64gb-azul\/#breadcrumb"},"inLanguage":"es","potentialAction":[{"@type":"ReadAction","target":["https:\/\/aivlisoft.net\/shop\/producto\/xiaomi-redmi-pad-se-8-7-4gb-64gb-azul\/"]}]},{"@type":"ImageObject","inLanguage":"es","@id":"https:\/\/aivlisoft.net\/shop\/producto\/xiaomi-redmi-pad-se-8-7-4gb-64gb-azul\/#primaryimage","url":"https:\/\/aivlisoft.net\/shop\/wp-content\/uploads\/2025\/01\/PPOTAB1368_800.jpg","contentUrl":"https:\/\/aivlisoft.net\/shop\/wp-content\/uploads\/2025\/01\/PPOTAB1368_800.jpg","width":800,"height":800},{"@type":"BreadcrumbList","@id":"https:\/\/aivlisoft.net\/shop\/producto\/xiaomi-redmi-pad-se-8-7-4gb-64gb-azul\/#breadcrumb","itemListElement":[{"@type":"ListItem","position":1,"name":"Portada","item":"https:\/\/aivlisoft.net\/shop\/"},{"@type":"ListItem","position":2,"name":"Tienda","item":"https:\/\/aivlisoft.net\/shop\/tienda\/"},{"@type":"ListItem","position":3,"name":"Xiaomi Redmi Pad SE 8.7&#8243; 4Gb 64Gb Azul"}]},{"@type":"WebSite","@id":"https:\/\/aivlisoft.net\/shop\/#website","url":"https:\/\/aivlisoft.net\/shop\/","name":"Aivlisoft Inform\u00e1tica","description":"En Aivlisoft Inform\u00e1tica ofrecemos soluciones tecnol\u00f3gicas para empresas: venta de ordenadores, consumibles, perif\u00e9ricos y m\u00e1s. Calidad, atenci\u00f3n personalizada y los mejores precios para tu negocio.","publisher":{"@id":"https:\/\/aivlisoft.net\/shop\/#organization"},"potentialAction":[{"@type":"SearchAction","target":{"@type":"EntryPoint","urlTemplate":"https:\/\/aivlisoft.net\/shop\/?s={search_term_string}"},"query-input":{"@type":"PropertyValueSpecification","valueRequired":true,"valueName":"search_term_string"}}],"inLanguage":"es"},{"@type":"Organization","@id":"https:\/\/aivlisoft.net\/shop\/#organization","name":"Aivlisoft Inform\u00e1tica","url":"https:\/\/aivlisoft.net\/shop\/","logo":{"@type":"ImageObject","inLanguage":"es","@id":"https:\/\/aivlisoft.net\/shop\/#\/schema\/logo\/image\/","url":"https:\/\/aivlisoft.net\/shop\/wp-content\/uploads\/2024\/12\/removal.ai_5b848c54-0cdf-4140-95c5-c5536bb7573b-logodef.png","contentUrl":"https:\/\/aivlisoft.net\/shop\/wp-content\/uploads\/2024\/12\/removal.ai_5b848c54-0cdf-4140-95c5-c5536bb7573b-logodef.png","width":484,"height":182,"caption":"Aivlisoft Inform\u00e1tica"},"image":{"@id":"https:\/\/aivlisoft.net\/shop\/#\/schema\/logo\/image\/"}}]}},"_links":{"self":[{"href":"https:\/\/aivlisoft.net\/shop\/wp-json\/wp\/v2\/product\/24094","targetHints":{"allow":["GET"]}}],"collection":[{"href":"https:\/\/aivlisoft.net\/shop\/wp-json\/wp\/v2\/product"}],"about":[{"href":"https:\/\/aivlisoft.net\/shop\/wp-json\/wp\/v2\/types\/product"}],"wp:featuredmedia":[{"embeddable":true,"href":"https:\/\/aivlisoft.net\/shop\/wp-json\/wp\/v2\/media\/24095"}],"wp:attachment":[{"href":"https:\/\/aivlisoft.net\/shop\/wp-json\/wp\/v2\/media?parent=24094"}],"wp:term":[{"taxonomy":"product_brand","embeddable":true,"href":"https:\/\/aivlisoft.net\/shop\/wp-json\/wp\/v2\/product_brand?post=24094"},{"taxonomy":"product_cat","embeddable":true,"href":"https:\/\/aivlisoft.net\/shop\/wp-json\/wp\/v2\/product_cat?post=24094"},{"taxonomy":"product_tag","embeddable":true,"href":"https:\/\/aivlisoft.net\/shop\/wp-json\/wp\/v2\/product_tag?post=24094"}],"curies":[{"name":"wp","href":"https:\/\/api.w.org\/{rel}","templated":true}]}}