{"id":23015,"date":"2025-01-13T16:12:26","date_gmt":"2025-01-13T16:12:26","guid":{"rendered":"https:\/\/aivlisoft.com\/?post_type=product&#038;p=23015"},"modified":"2025-01-14T12:05:54","modified_gmt":"2025-01-14T12:05:54","slug":"iggual-pc-st-psipch707-i7-12700-16gb-1tb-sin-so","status":"publish","type":"product","link":"https:\/\/aivlisoft.net\/shop\/producto\/iggual-pc-st-psipch707-i7-12700-16gb-1tb-sin-so\/","title":{"rendered":"iggual PC ST PSIPCH707 i7-12700 16GB 1TB sin SO"},"content":{"rendered":"<p><\/p>\n<table class=\"tabla_caracteristicas k-table\" width=\"100%\">\n<tr>\n<td valign=\"top\"><strong>Marca<\/strong><\/td>\n<td>iggual<\/td>\n<\/tr>\n<tr>\n<td valign=\"top\"><strong>Modelo<\/strong><\/td>\n<td valign=\"top\"><strong>PSIPCH707<\/strong><\/td>\n<\/tr>\n<tr>\n<td valign=\"top\"><strong>Sistema Operativo<\/strong><\/td>\n<td valign=\"top\">&#8211; <strong>Sin Sistema Operativo<\/strong><\/td>\n<\/tr>\n<tr>\n<td valign=\"top\"><strong>Procesador<\/strong><\/td>\n<td>&#8211; Intel Core<strong> i7-12700<\/strong> (1.60 GHz hasta 4.9Ghz, Cach&eacute; 25MB)<\/td>\n<\/tr>\n<tr>\n<td valign=\"top\"><strong>Memoria<\/strong><\/td>\n<td>&#8211; <strong>16GB <\/strong>DDR4 3200MHz<\/td>\n<\/tr>\n<tr>\n<td valign=\"top\"><strong>Disco duro<\/strong><\/td>\n<td valign=\"top\">&#8211; <strong>1TB<\/strong> SSD M.2 2280&nbsp;PCIe 4.0 x4 NVMe<strong> <\/strong><\/td>\n<\/tr>\n<tr>\n<td valign=\"top\"><strong>Unidad &Oacute;ptica<\/strong><\/td>\n<td>&#8211; Sin unidad<\/td>\n<\/tr>\n<tr>\n<td valign=\"top\"><strong>Conexiones<\/strong><\/td>\n<td>\n<div>\n<div><strong>Frontales:<\/strong><\/div>\n<div>&#8211; 1 x USB3.0<br \/>\t\t\t&#8211; 2 x USB2.0<br \/>\t\t\t&#8211; 2 x jack 3.5mm (auriculares y micr&oacute;fono)<br \/>\t\t\t<strong>Placa, conexiones traseras:<\/strong><br \/>\t\t\t(Placa base H610M-R D4)<br \/>\t\t\t&#8211; 2 x USB 2.0<br \/>\t\t\t&#8211; 2 x USB-A 3.2 Gen 1 (3.1 Gen 1)<br \/>\t\t\t&#8211; 1 x Ethernet LAN (RJ-45)<br \/>\t\t\t&#8211; 2 x PS\/2<br \/>\t\t\t&#8211; 1 x VGA (D-Sub)<br \/>\t\t\t&#8211; 1 x HDMI 2.1<br \/>\t\t\t&#8211; 1 x DVI-D<br \/>\t\t\t&#8211; 3 x Headphone outputs<br \/>\t\t\t&#8211; Microphone in<\/div>\n<\/p><\/div>\n<\/td>\n<\/tr>\n<tr>\n<td valign=\"top\"><strong>Otras caracter&iacute;sticas<\/strong><\/td>\n<td>\n<div>\n<div>\n<div>&#8211; Estructura Acero: SECC<br \/>\t\t\t&#8211; Panel Frontal: ABS<br \/>\t\t\t&#8211; Laterales: SECC<br \/>\t\t\t&#8211; Color: Negro<br \/>\t\t\t&#8211; Slots expansi&oacute;n 4<\/div>\n<p>\t\t\t&#8211; Dimensiones: &nbsp;416mm x 365mm x 172mm<\/p><\/div>\n<\/p><\/div>\n<\/td>\n<\/tr>\n<tr>\n<td valign=\"top\"><strong>Manual del Usuario<\/strong><\/td>\n<td>&#8211; <a href=\"http:\/\/www.infortisa.com\/resources\/ManualUsuarioPSIPCH.pdf\" target=\"_blank\">Descargar Manual<\/a><\/td>\n<\/tr>\n<tr>\n<td valign=\"top\"><strong>Fecha de revisi&oacute;n<\/strong><\/td>\n<td>14-11-2023 por RTY<\/td>\n<\/tr>\n<\/table>\n","protected":false},"excerpt":{"rendered":"<p>Marca iggual Modelo PSIPCH707 Sistema Operativo &#8211; Sin Sistema Operativo Procesador &#8211; Intel Core i7-12700 (1.60 GHz hasta 4.9Ghz, Cach&eacute; 25MB) Memoria &#8211; 16GB DDR4 3200MHz Disco duro &#8211; 1TB SSD M.2 2280&nbsp;PCIe 4.0 x4 NVMe Unidad &Oacute;ptica &#8211; Sin unidad Conexiones Frontales: &#8211; 1 x USB3.0 &#8211; 2 x USB2.0 &#8211; 2 x jack&hellip;&nbsp;<a href=\"https:\/\/aivlisoft.net\/shop\/producto\/iggual-pc-st-psipch707-i7-12700-16gb-1tb-sin-so\/\" rel=\"bookmark\"><span class=\"screen-reader-text\">iggual PC ST PSIPCH707 i7-12700 16GB 1TB sin SO<\/span><\/a><\/p>\n","protected":false},"featured_media":23016,"template":"","meta":{"neve_meta_sidebar":"","neve_meta_container":"","neve_meta_enable_content_width":"","neve_meta_content_width":0,"neve_meta_title_alignment":"","neve_meta_author_avatar":"","neve_post_elements_order":"","neve_meta_disable_header":"","neve_meta_disable_footer":"","neve_meta_disable_title":""},"product_brand":[],"product_cat":[8779],"product_tag":[8152],"class_list":{"0":"post-23015","1":"product","2":"type-product","3":"status-publish","4":"has-post-thumbnail","6":"product_cat-pc-de-sobremesa","7":"product_tag-psipch707","9":"first","10":"instock","11":"taxable","12":"shipping-taxable","13":"purchasable","14":"product-type-simple"},"yoast_head":"<!-- This site is optimized with the Yoast SEO plugin v26.0 - https:\/\/yoast.com\/wordpress\/plugins\/seo\/ -->\n<title>iggual PC ST PSIPCH707 i7-12700 16GB 1TB sin SO - Aivlisoft Inform\u00e1tica<\/title>\n<meta name=\"robots\" content=\"index, follow, max-snippet:-1, max-image-preview:large, max-video-preview:-1\" \/>\n<link rel=\"canonical\" href=\"https:\/\/aivlisoft.net\/shop\/producto\/iggual-pc-st-psipch707-i7-12700-16gb-1tb-sin-so\/\" \/>\n<meta property=\"og:locale\" content=\"es_ES\" \/>\n<meta property=\"og:type\" content=\"article\" \/>\n<meta property=\"og:title\" content=\"iggual PC ST PSIPCH707 i7-12700 16GB 1TB sin SO - Aivlisoft Inform\u00e1tica\" \/>\n<meta property=\"og:description\" content=\"Marca iggual Modelo PSIPCH707 Sistema Operativo &#8211; Sin Sistema Operativo Procesador &#8211; Intel Core i7-12700 (1.60 GHz hasta 4.9Ghz, Cach&eacute; 25MB) Memoria &#8211; 16GB DDR4 3200MHz Disco duro &#8211; 1TB SSD M.2 2280&nbsp;PCIe 4.0 x4 NVMe Unidad &Oacute;ptica &#8211; Sin unidad Conexiones Frontales: &#8211; 1 x USB3.0 &#8211; 2 x USB2.0 &#8211; 2 x jack&hellip;&nbsp;iggual PC ST PSIPCH707 i7-12700 16GB 1TB sin SO\" \/>\n<meta property=\"og:url\" content=\"https:\/\/aivlisoft.net\/shop\/producto\/iggual-pc-st-psipch707-i7-12700-16gb-1tb-sin-so\/\" \/>\n<meta property=\"og:site_name\" content=\"Aivlisoft Inform\u00e1tica\" \/>\n<meta property=\"article:modified_time\" content=\"2025-01-14T12:05:54+00:00\" \/>\n<meta property=\"og:image\" content=\"https:\/\/aivlisoft.net\/shop\/wp-content\/uploads\/2025\/01\/PPCPCS1754_800.jpg\" \/>\n\t<meta property=\"og:image:width\" content=\"800\" \/>\n\t<meta property=\"og:image:height\" content=\"800\" \/>\n\t<meta property=\"og:image:type\" content=\"image\/jpeg\" \/>\n<meta name=\"twitter:card\" content=\"summary_large_image\" \/>\n<meta name=\"twitter:label1\" content=\"Tiempo de lectura\" \/>\n\t<meta name=\"twitter:data1\" content=\"1 minuto\" \/>\n<script type=\"application\/ld+json\" class=\"yoast-schema-graph\">{\"@context\":\"https:\/\/schema.org\",\"@graph\":[{\"@type\":\"WebPage\",\"@id\":\"https:\/\/aivlisoft.net\/shop\/producto\/iggual-pc-st-psipch707-i7-12700-16gb-1tb-sin-so\/\",\"url\":\"https:\/\/aivlisoft.net\/shop\/producto\/iggual-pc-st-psipch707-i7-12700-16gb-1tb-sin-so\/\",\"name\":\"iggual PC ST PSIPCH707 i7-12700 16GB 1TB sin SO - Aivlisoft Inform\u00e1tica\",\"isPartOf\":{\"@id\":\"https:\/\/aivlisoft.net\/shop\/#website\"},\"primaryImageOfPage\":{\"@id\":\"https:\/\/aivlisoft.net\/shop\/producto\/iggual-pc-st-psipch707-i7-12700-16gb-1tb-sin-so\/#primaryimage\"},\"image\":{\"@id\":\"https:\/\/aivlisoft.net\/shop\/producto\/iggual-pc-st-psipch707-i7-12700-16gb-1tb-sin-so\/#primaryimage\"},\"thumbnailUrl\":\"https:\/\/aivlisoft.net\/shop\/wp-content\/uploads\/2025\/01\/PPCPCS1754_800.jpg\",\"datePublished\":\"2025-01-13T16:12:26+00:00\",\"dateModified\":\"2025-01-14T12:05:54+00:00\",\"breadcrumb\":{\"@id\":\"https:\/\/aivlisoft.net\/shop\/producto\/iggual-pc-st-psipch707-i7-12700-16gb-1tb-sin-so\/#breadcrumb\"},\"inLanguage\":\"es\",\"potentialAction\":[{\"@type\":\"ReadAction\",\"target\":[\"https:\/\/aivlisoft.net\/shop\/producto\/iggual-pc-st-psipch707-i7-12700-16gb-1tb-sin-so\/\"]}]},{\"@type\":\"ImageObject\",\"inLanguage\":\"es\",\"@id\":\"https:\/\/aivlisoft.net\/shop\/producto\/iggual-pc-st-psipch707-i7-12700-16gb-1tb-sin-so\/#primaryimage\",\"url\":\"https:\/\/aivlisoft.net\/shop\/wp-content\/uploads\/2025\/01\/PPCPCS1754_800.jpg\",\"contentUrl\":\"https:\/\/aivlisoft.net\/shop\/wp-content\/uploads\/2025\/01\/PPCPCS1754_800.jpg\",\"width\":800,\"height\":800},{\"@type\":\"BreadcrumbList\",\"@id\":\"https:\/\/aivlisoft.net\/shop\/producto\/iggual-pc-st-psipch707-i7-12700-16gb-1tb-sin-so\/#breadcrumb\",\"itemListElement\":[{\"@type\":\"ListItem\",\"position\":1,\"name\":\"Portada\",\"item\":\"https:\/\/aivlisoft.net\/shop\/\"},{\"@type\":\"ListItem\",\"position\":2,\"name\":\"Tienda\",\"item\":\"https:\/\/aivlisoft.net\/shop\/tienda\/\"},{\"@type\":\"ListItem\",\"position\":3,\"name\":\"iggual PC ST PSIPCH707 i7-12700 16GB 1TB sin SO\"}]},{\"@type\":\"WebSite\",\"@id\":\"https:\/\/aivlisoft.net\/shop\/#website\",\"url\":\"https:\/\/aivlisoft.net\/shop\/\",\"name\":\"Aivlisoft Inform\u00e1tica\",\"description\":\"En Aivlisoft Inform\u00e1tica ofrecemos soluciones tecnol\u00f3gicas para empresas: venta de ordenadores, consumibles, perif\u00e9ricos y m\u00e1s. Calidad, atenci\u00f3n personalizada y los mejores precios para tu negocio.\",\"publisher\":{\"@id\":\"https:\/\/aivlisoft.net\/shop\/#organization\"},\"potentialAction\":[{\"@type\":\"SearchAction\",\"target\":{\"@type\":\"EntryPoint\",\"urlTemplate\":\"https:\/\/aivlisoft.net\/shop\/?s={search_term_string}\"},\"query-input\":{\"@type\":\"PropertyValueSpecification\",\"valueRequired\":true,\"valueName\":\"search_term_string\"}}],\"inLanguage\":\"es\"},{\"@type\":\"Organization\",\"@id\":\"https:\/\/aivlisoft.net\/shop\/#organization\",\"name\":\"Aivlisoft Inform\u00e1tica\",\"url\":\"https:\/\/aivlisoft.net\/shop\/\",\"logo\":{\"@type\":\"ImageObject\",\"inLanguage\":\"es\",\"@id\":\"https:\/\/aivlisoft.net\/shop\/#\/schema\/logo\/image\/\",\"url\":\"https:\/\/aivlisoft.net\/shop\/wp-content\/uploads\/2024\/12\/removal.ai_5b848c54-0cdf-4140-95c5-c5536bb7573b-logodef.png\",\"contentUrl\":\"https:\/\/aivlisoft.net\/shop\/wp-content\/uploads\/2024\/12\/removal.ai_5b848c54-0cdf-4140-95c5-c5536bb7573b-logodef.png\",\"width\":484,\"height\":182,\"caption\":\"Aivlisoft Inform\u00e1tica\"},\"image\":{\"@id\":\"https:\/\/aivlisoft.net\/shop\/#\/schema\/logo\/image\/\"}}]}<\/script>\n<!-- \/ Yoast SEO plugin. -->","yoast_head_json":{"title":"iggual PC ST PSIPCH707 i7-12700 16GB 1TB sin SO - Aivlisoft Inform\u00e1tica","robots":{"index":"index","follow":"follow","max-snippet":"max-snippet:-1","max-image-preview":"max-image-preview:large","max-video-preview":"max-video-preview:-1"},"canonical":"https:\/\/aivlisoft.net\/shop\/producto\/iggual-pc-st-psipch707-i7-12700-16gb-1tb-sin-so\/","og_locale":"es_ES","og_type":"article","og_title":"iggual PC ST PSIPCH707 i7-12700 16GB 1TB sin SO - Aivlisoft Inform\u00e1tica","og_description":"Marca iggual Modelo PSIPCH707 Sistema Operativo &#8211; Sin Sistema Operativo Procesador &#8211; Intel Core i7-12700 (1.60 GHz hasta 4.9Ghz, Cach&eacute; 25MB) Memoria &#8211; 16GB DDR4 3200MHz Disco duro &#8211; 1TB SSD M.2 2280&nbsp;PCIe 4.0 x4 NVMe Unidad &Oacute;ptica &#8211; Sin unidad Conexiones Frontales: &#8211; 1 x USB3.0 &#8211; 2 x USB2.0 &#8211; 2 x jack&hellip;&nbsp;iggual PC ST PSIPCH707 i7-12700 16GB 1TB sin SO","og_url":"https:\/\/aivlisoft.net\/shop\/producto\/iggual-pc-st-psipch707-i7-12700-16gb-1tb-sin-so\/","og_site_name":"Aivlisoft Inform\u00e1tica","article_modified_time":"2025-01-14T12:05:54+00:00","og_image":[{"width":800,"height":800,"url":"https:\/\/aivlisoft.net\/shop\/wp-content\/uploads\/2025\/01\/PPCPCS1754_800.jpg","type":"image\/jpeg"}],"twitter_card":"summary_large_image","twitter_misc":{"Tiempo de lectura":"1 minuto"},"schema":{"@context":"https:\/\/schema.org","@graph":[{"@type":"WebPage","@id":"https:\/\/aivlisoft.net\/shop\/producto\/iggual-pc-st-psipch707-i7-12700-16gb-1tb-sin-so\/","url":"https:\/\/aivlisoft.net\/shop\/producto\/iggual-pc-st-psipch707-i7-12700-16gb-1tb-sin-so\/","name":"iggual PC ST PSIPCH707 i7-12700 16GB 1TB sin SO - Aivlisoft Inform\u00e1tica","isPartOf":{"@id":"https:\/\/aivlisoft.net\/shop\/#website"},"primaryImageOfPage":{"@id":"https:\/\/aivlisoft.net\/shop\/producto\/iggual-pc-st-psipch707-i7-12700-16gb-1tb-sin-so\/#primaryimage"},"image":{"@id":"https:\/\/aivlisoft.net\/shop\/producto\/iggual-pc-st-psipch707-i7-12700-16gb-1tb-sin-so\/#primaryimage"},"thumbnailUrl":"https:\/\/aivlisoft.net\/shop\/wp-content\/uploads\/2025\/01\/PPCPCS1754_800.jpg","datePublished":"2025-01-13T16:12:26+00:00","dateModified":"2025-01-14T12:05:54+00:00","breadcrumb":{"@id":"https:\/\/aivlisoft.net\/shop\/producto\/iggual-pc-st-psipch707-i7-12700-16gb-1tb-sin-so\/#breadcrumb"},"inLanguage":"es","potentialAction":[{"@type":"ReadAction","target":["https:\/\/aivlisoft.net\/shop\/producto\/iggual-pc-st-psipch707-i7-12700-16gb-1tb-sin-so\/"]}]},{"@type":"ImageObject","inLanguage":"es","@id":"https:\/\/aivlisoft.net\/shop\/producto\/iggual-pc-st-psipch707-i7-12700-16gb-1tb-sin-so\/#primaryimage","url":"https:\/\/aivlisoft.net\/shop\/wp-content\/uploads\/2025\/01\/PPCPCS1754_800.jpg","contentUrl":"https:\/\/aivlisoft.net\/shop\/wp-content\/uploads\/2025\/01\/PPCPCS1754_800.jpg","width":800,"height":800},{"@type":"BreadcrumbList","@id":"https:\/\/aivlisoft.net\/shop\/producto\/iggual-pc-st-psipch707-i7-12700-16gb-1tb-sin-so\/#breadcrumb","itemListElement":[{"@type":"ListItem","position":1,"name":"Portada","item":"https:\/\/aivlisoft.net\/shop\/"},{"@type":"ListItem","position":2,"name":"Tienda","item":"https:\/\/aivlisoft.net\/shop\/tienda\/"},{"@type":"ListItem","position":3,"name":"iggual PC ST PSIPCH707 i7-12700 16GB 1TB sin SO"}]},{"@type":"WebSite","@id":"https:\/\/aivlisoft.net\/shop\/#website","url":"https:\/\/aivlisoft.net\/shop\/","name":"Aivlisoft Inform\u00e1tica","description":"En Aivlisoft Inform\u00e1tica ofrecemos soluciones tecnol\u00f3gicas para empresas: venta de ordenadores, consumibles, perif\u00e9ricos y m\u00e1s. Calidad, atenci\u00f3n personalizada y los mejores precios para tu negocio.","publisher":{"@id":"https:\/\/aivlisoft.net\/shop\/#organization"},"potentialAction":[{"@type":"SearchAction","target":{"@type":"EntryPoint","urlTemplate":"https:\/\/aivlisoft.net\/shop\/?s={search_term_string}"},"query-input":{"@type":"PropertyValueSpecification","valueRequired":true,"valueName":"search_term_string"}}],"inLanguage":"es"},{"@type":"Organization","@id":"https:\/\/aivlisoft.net\/shop\/#organization","name":"Aivlisoft Inform\u00e1tica","url":"https:\/\/aivlisoft.net\/shop\/","logo":{"@type":"ImageObject","inLanguage":"es","@id":"https:\/\/aivlisoft.net\/shop\/#\/schema\/logo\/image\/","url":"https:\/\/aivlisoft.net\/shop\/wp-content\/uploads\/2024\/12\/removal.ai_5b848c54-0cdf-4140-95c5-c5536bb7573b-logodef.png","contentUrl":"https:\/\/aivlisoft.net\/shop\/wp-content\/uploads\/2024\/12\/removal.ai_5b848c54-0cdf-4140-95c5-c5536bb7573b-logodef.png","width":484,"height":182,"caption":"Aivlisoft Inform\u00e1tica"},"image":{"@id":"https:\/\/aivlisoft.net\/shop\/#\/schema\/logo\/image\/"}}]}},"_links":{"self":[{"href":"https:\/\/aivlisoft.net\/shop\/wp-json\/wp\/v2\/product\/23015","targetHints":{"allow":["GET"]}}],"collection":[{"href":"https:\/\/aivlisoft.net\/shop\/wp-json\/wp\/v2\/product"}],"about":[{"href":"https:\/\/aivlisoft.net\/shop\/wp-json\/wp\/v2\/types\/product"}],"wp:featuredmedia":[{"embeddable":true,"href":"https:\/\/aivlisoft.net\/shop\/wp-json\/wp\/v2\/media\/23016"}],"wp:attachment":[{"href":"https:\/\/aivlisoft.net\/shop\/wp-json\/wp\/v2\/media?parent=23015"}],"wp:term":[{"taxonomy":"product_brand","embeddable":true,"href":"https:\/\/aivlisoft.net\/shop\/wp-json\/wp\/v2\/product_brand?post=23015"},{"taxonomy":"product_cat","embeddable":true,"href":"https:\/\/aivlisoft.net\/shop\/wp-json\/wp\/v2\/product_cat?post=23015"},{"taxonomy":"product_tag","embeddable":true,"href":"https:\/\/aivlisoft.net\/shop\/wp-json\/wp\/v2\/product_tag?post=23015"}],"curies":[{"name":"wp","href":"https:\/\/api.w.org\/{rel}","templated":true}]}}