{"id":2294,"date":"2025-01-13T13:08:08","date_gmt":"2025-01-13T13:08:08","guid":{"rendered":"https:\/\/aivlisoft.com\/?post_type=product&#038;p=2294"},"modified":"2025-01-14T10:01:16","modified_gmt":"2025-01-14T10:01:16","slug":"denver-smartwatch-swg-339-1-39-bt-vc-ip68-negro","status":"publish","type":"product","link":"https:\/\/aivlisoft.net\/shop\/producto\/denver-smartwatch-swg-339-1-39-bt-vc-ip68-negro\/","title":{"rendered":"Denver Smartwatch SWG-339 1.39&#8243; BT VC IP68 Negro"},"content":{"rendered":"<p><strong>Denver SWG-339<\/strong><\/p>\n<p>&#8211; Reloj inteligente Bluetooth con funci&oacute;n GPS para correr, andar en bicicleta, etc.<br \/>&#8211; Pantalla t&aacute;ctil de 1,39&quot;: perfecta para mostrar notificaciones, llamadas, etc.<br \/>&#8211; IP-68 a prueba de salpicaduras de agua<\/p>\n<table class=\"tabla_caracteristicas k-table\" width=\"100%\">\n<tr>\n<td><strong>Marca<\/strong><\/td>\n<td>Denver<\/td>\n<\/tr>\n<tr>\n<td><strong>Modelo<\/strong><\/td>\n<td><strong>116111100120 <\/strong><\/td>\n<\/tr>\n<tr>\n<td><strong>Caracter&iacute;sticas<\/strong><\/td>\n<td>&#8211; Pantalla TFT totalmente t&aacute;ctil de 360 x 360 de 1,39&#8243;<br \/>\t\t\t&#8211; Seguimiento GPS incorporado<br \/>\t\t\t&#8211; Sensor de frecuencia cardiaca<br \/>\t\t\t&#8211; Llamadas de voz por Bluetooth<br \/>\t\t\t&#8211; Ventana emergente de notificaci&oacute;n<br \/>\t\t\t&#8211; Varias esferas de reloj para personalizar su propio dise&ntilde;o<br \/>\t\t\t&#8211; Permite contestar o rechazar llamadas desde tu mu&ntilde;eca.<br \/>\t\t\t&#8211; M&aacute;s de 100 entrenamientos multideporte<br \/>\t\t\t&#8211; Asistente de Google y asistente Siri<br \/>\t\t\t&#8211; IP68 a prueba de agua<br \/>\t\t\t&#8211; Caja de aleaci&oacute;n de zinc frontal y trasera de ABS.<br \/>\t\t\t&#8211; Tama&ntilde;o de la bater&iacute;a: 430 mAh<br \/>\t\t\t&#8211; Tiempo de uso del GPS: hasta 20 horas<br \/>\t\t\t&#8211; Tiempo de uso: hasta 7 d&iacute;as<br \/>\t\t\t&#8211; Tiempo en espera: hasta 20 d&iacute;as<br \/>\t\t\t&#8211; Aplicaci&oacute;n: Denver smart life plus<\/td>\n<\/tr>\n<tr>\n<td><strong>Fecha de revisi&oacute;n<\/strong><\/td>\n<td>25-09-2024 por A<\/td>\n<\/tr>\n<\/table>\n","protected":false},"excerpt":{"rendered":"<p>Denver SWG-339 &#8211; Reloj inteligente Bluetooth con funci&oacute;n GPS para correr, andar en bicicleta, etc.&#8211; Pantalla t&aacute;ctil de 1,39&quot;: perfecta para mostrar notificaciones, llamadas, etc.&#8211; IP-68 a prueba de salpicaduras de agua Marca Denver Modelo 116111100120 Caracter&iacute;sticas &#8211; Pantalla TFT totalmente t&aacute;ctil de 360 x 360 de 1,39&#8243; &#8211; Seguimiento GPS incorporado &#8211; Sensor de&hellip;&nbsp;<a href=\"https:\/\/aivlisoft.net\/shop\/producto\/denver-smartwatch-swg-339-1-39-bt-vc-ip68-negro\/\" rel=\"bookmark\"><span class=\"screen-reader-text\">Denver Smartwatch SWG-339 1.39&#8243; BT VC IP68 Negro<\/span><\/a><\/p>\n","protected":false},"featured_media":2295,"template":"","meta":{"neve_meta_sidebar":"","neve_meta_container":"","neve_meta_enable_content_width":"","neve_meta_content_width":0,"neve_meta_title_alignment":"","neve_meta_author_avatar":"","neve_post_elements_order":"","neve_meta_disable_header":"","neve_meta_disable_footer":"","neve_meta_disable_title":""},"product_brand":[],"product_cat":[15],"product_tag":[691],"class_list":{"0":"post-2294","1":"product","2":"type-product","3":"status-publish","4":"has-post-thumbnail","6":"product_cat-sin-categorizar","7":"product_tag-691","9":"first","10":"instock","11":"taxable","12":"shipping-taxable","13":"purchasable","14":"product-type-simple"},"yoast_head":"<!-- This site is optimized with the Yoast SEO plugin v26.0 - https:\/\/yoast.com\/wordpress\/plugins\/seo\/ -->\n<title>Denver Smartwatch SWG-339 1.39&quot; BT VC IP68 Negro - Aivlisoft Inform\u00e1tica<\/title>\n<meta name=\"robots\" content=\"index, follow, max-snippet:-1, max-image-preview:large, max-video-preview:-1\" \/>\n<link rel=\"canonical\" href=\"https:\/\/aivlisoft.net\/shop\/producto\/denver-smartwatch-swg-339-1-39-bt-vc-ip68-negro\/\" \/>\n<meta property=\"og:locale\" content=\"es_ES\" \/>\n<meta property=\"og:type\" content=\"article\" \/>\n<meta property=\"og:title\" content=\"Denver Smartwatch SWG-339 1.39&quot; BT VC IP68 Negro - Aivlisoft Inform\u00e1tica\" \/>\n<meta property=\"og:description\" content=\"Denver SWG-339 &#8211; Reloj inteligente Bluetooth con funci&oacute;n GPS para correr, andar en bicicleta, etc.&#8211; Pantalla t&aacute;ctil de 1,39&quot;: perfecta para mostrar notificaciones, llamadas, etc.&#8211; IP-68 a prueba de salpicaduras de agua Marca Denver Modelo 116111100120 Caracter&iacute;sticas &#8211; Pantalla TFT totalmente t&aacute;ctil de 360 x 360 de 1,39&#8243; &#8211; Seguimiento GPS incorporado &#8211; Sensor de&hellip;&nbsp;Denver Smartwatch SWG-339 1.39&#8243; BT VC IP68 Negro\" \/>\n<meta property=\"og:url\" content=\"https:\/\/aivlisoft.net\/shop\/producto\/denver-smartwatch-swg-339-1-39-bt-vc-ip68-negro\/\" \/>\n<meta property=\"og:site_name\" content=\"Aivlisoft Inform\u00e1tica\" \/>\n<meta property=\"article:modified_time\" content=\"2025-01-14T10:01:16+00:00\" \/>\n<meta property=\"og:image\" content=\"https:\/\/aivlisoft.net\/shop\/wp-content\/uploads\/2025\/01\/AATWAB0510_800-1.jpg\" \/>\n\t<meta property=\"og:image:width\" content=\"800\" \/>\n\t<meta property=\"og:image:height\" content=\"800\" \/>\n\t<meta property=\"og:image:type\" content=\"image\/jpeg\" \/>\n<meta name=\"twitter:card\" content=\"summary_large_image\" \/>\n<meta name=\"twitter:label1\" content=\"Tiempo de lectura\" \/>\n\t<meta name=\"twitter:data1\" content=\"1 minuto\" \/>\n<script type=\"application\/ld+json\" class=\"yoast-schema-graph\">{\"@context\":\"https:\/\/schema.org\",\"@graph\":[{\"@type\":\"WebPage\",\"@id\":\"https:\/\/aivlisoft.net\/shop\/producto\/denver-smartwatch-swg-339-1-39-bt-vc-ip68-negro\/\",\"url\":\"https:\/\/aivlisoft.net\/shop\/producto\/denver-smartwatch-swg-339-1-39-bt-vc-ip68-negro\/\",\"name\":\"Denver Smartwatch SWG-339 1.39\\\" BT VC IP68 Negro - Aivlisoft Inform\u00e1tica\",\"isPartOf\":{\"@id\":\"https:\/\/aivlisoft.net\/shop\/#website\"},\"primaryImageOfPage\":{\"@id\":\"https:\/\/aivlisoft.net\/shop\/producto\/denver-smartwatch-swg-339-1-39-bt-vc-ip68-negro\/#primaryimage\"},\"image\":{\"@id\":\"https:\/\/aivlisoft.net\/shop\/producto\/denver-smartwatch-swg-339-1-39-bt-vc-ip68-negro\/#primaryimage\"},\"thumbnailUrl\":\"https:\/\/aivlisoft.net\/shop\/wp-content\/uploads\/2025\/01\/AATWAB0510_800-1.jpg\",\"datePublished\":\"2025-01-13T13:08:08+00:00\",\"dateModified\":\"2025-01-14T10:01:16+00:00\",\"breadcrumb\":{\"@id\":\"https:\/\/aivlisoft.net\/shop\/producto\/denver-smartwatch-swg-339-1-39-bt-vc-ip68-negro\/#breadcrumb\"},\"inLanguage\":\"es\",\"potentialAction\":[{\"@type\":\"ReadAction\",\"target\":[\"https:\/\/aivlisoft.net\/shop\/producto\/denver-smartwatch-swg-339-1-39-bt-vc-ip68-negro\/\"]}]},{\"@type\":\"ImageObject\",\"inLanguage\":\"es\",\"@id\":\"https:\/\/aivlisoft.net\/shop\/producto\/denver-smartwatch-swg-339-1-39-bt-vc-ip68-negro\/#primaryimage\",\"url\":\"https:\/\/aivlisoft.net\/shop\/wp-content\/uploads\/2025\/01\/AATWAB0510_800-1.jpg\",\"contentUrl\":\"https:\/\/aivlisoft.net\/shop\/wp-content\/uploads\/2025\/01\/AATWAB0510_800-1.jpg\",\"width\":800,\"height\":800},{\"@type\":\"BreadcrumbList\",\"@id\":\"https:\/\/aivlisoft.net\/shop\/producto\/denver-smartwatch-swg-339-1-39-bt-vc-ip68-negro\/#breadcrumb\",\"itemListElement\":[{\"@type\":\"ListItem\",\"position\":1,\"name\":\"Portada\",\"item\":\"https:\/\/aivlisoft.net\/shop\/\"},{\"@type\":\"ListItem\",\"position\":2,\"name\":\"Tienda\",\"item\":\"https:\/\/aivlisoft.net\/shop\/tienda\/\"},{\"@type\":\"ListItem\",\"position\":3,\"name\":\"Denver Smartwatch SWG-339 1.39&#8243; BT VC IP68 Negro\"}]},{\"@type\":\"WebSite\",\"@id\":\"https:\/\/aivlisoft.net\/shop\/#website\",\"url\":\"https:\/\/aivlisoft.net\/shop\/\",\"name\":\"Aivlisoft Inform\u00e1tica\",\"description\":\"En Aivlisoft Inform\u00e1tica ofrecemos soluciones tecnol\u00f3gicas para empresas: venta de ordenadores, consumibles, perif\u00e9ricos y m\u00e1s. Calidad, atenci\u00f3n personalizada y los mejores precios para tu negocio.\",\"publisher\":{\"@id\":\"https:\/\/aivlisoft.net\/shop\/#organization\"},\"potentialAction\":[{\"@type\":\"SearchAction\",\"target\":{\"@type\":\"EntryPoint\",\"urlTemplate\":\"https:\/\/aivlisoft.net\/shop\/?s={search_term_string}\"},\"query-input\":{\"@type\":\"PropertyValueSpecification\",\"valueRequired\":true,\"valueName\":\"search_term_string\"}}],\"inLanguage\":\"es\"},{\"@type\":\"Organization\",\"@id\":\"https:\/\/aivlisoft.net\/shop\/#organization\",\"name\":\"Aivlisoft Inform\u00e1tica\",\"url\":\"https:\/\/aivlisoft.net\/shop\/\",\"logo\":{\"@type\":\"ImageObject\",\"inLanguage\":\"es\",\"@id\":\"https:\/\/aivlisoft.net\/shop\/#\/schema\/logo\/image\/\",\"url\":\"https:\/\/aivlisoft.net\/shop\/wp-content\/uploads\/2024\/12\/removal.ai_5b848c54-0cdf-4140-95c5-c5536bb7573b-logodef.png\",\"contentUrl\":\"https:\/\/aivlisoft.net\/shop\/wp-content\/uploads\/2024\/12\/removal.ai_5b848c54-0cdf-4140-95c5-c5536bb7573b-logodef.png\",\"width\":484,\"height\":182,\"caption\":\"Aivlisoft Inform\u00e1tica\"},\"image\":{\"@id\":\"https:\/\/aivlisoft.net\/shop\/#\/schema\/logo\/image\/\"}}]}<\/script>\n<!-- \/ Yoast SEO plugin. -->","yoast_head_json":{"title":"Denver Smartwatch SWG-339 1.39\" BT VC IP68 Negro - Aivlisoft Inform\u00e1tica","robots":{"index":"index","follow":"follow","max-snippet":"max-snippet:-1","max-image-preview":"max-image-preview:large","max-video-preview":"max-video-preview:-1"},"canonical":"https:\/\/aivlisoft.net\/shop\/producto\/denver-smartwatch-swg-339-1-39-bt-vc-ip68-negro\/","og_locale":"es_ES","og_type":"article","og_title":"Denver Smartwatch SWG-339 1.39\" BT VC IP68 Negro - Aivlisoft Inform\u00e1tica","og_description":"Denver SWG-339 &#8211; Reloj inteligente Bluetooth con funci&oacute;n GPS para correr, andar en bicicleta, etc.&#8211; Pantalla t&aacute;ctil de 1,39&quot;: perfecta para mostrar notificaciones, llamadas, etc.&#8211; IP-68 a prueba de salpicaduras de agua Marca Denver Modelo 116111100120 Caracter&iacute;sticas &#8211; Pantalla TFT totalmente t&aacute;ctil de 360 x 360 de 1,39&#8243; &#8211; Seguimiento GPS incorporado &#8211; Sensor de&hellip;&nbsp;Denver Smartwatch SWG-339 1.39&#8243; BT VC IP68 Negro","og_url":"https:\/\/aivlisoft.net\/shop\/producto\/denver-smartwatch-swg-339-1-39-bt-vc-ip68-negro\/","og_site_name":"Aivlisoft Inform\u00e1tica","article_modified_time":"2025-01-14T10:01:16+00:00","og_image":[{"width":800,"height":800,"url":"https:\/\/aivlisoft.net\/shop\/wp-content\/uploads\/2025\/01\/AATWAB0510_800-1.jpg","type":"image\/jpeg"}],"twitter_card":"summary_large_image","twitter_misc":{"Tiempo de lectura":"1 minuto"},"schema":{"@context":"https:\/\/schema.org","@graph":[{"@type":"WebPage","@id":"https:\/\/aivlisoft.net\/shop\/producto\/denver-smartwatch-swg-339-1-39-bt-vc-ip68-negro\/","url":"https:\/\/aivlisoft.net\/shop\/producto\/denver-smartwatch-swg-339-1-39-bt-vc-ip68-negro\/","name":"Denver Smartwatch SWG-339 1.39\" BT VC IP68 Negro - Aivlisoft Inform\u00e1tica","isPartOf":{"@id":"https:\/\/aivlisoft.net\/shop\/#website"},"primaryImageOfPage":{"@id":"https:\/\/aivlisoft.net\/shop\/producto\/denver-smartwatch-swg-339-1-39-bt-vc-ip68-negro\/#primaryimage"},"image":{"@id":"https:\/\/aivlisoft.net\/shop\/producto\/denver-smartwatch-swg-339-1-39-bt-vc-ip68-negro\/#primaryimage"},"thumbnailUrl":"https:\/\/aivlisoft.net\/shop\/wp-content\/uploads\/2025\/01\/AATWAB0510_800-1.jpg","datePublished":"2025-01-13T13:08:08+00:00","dateModified":"2025-01-14T10:01:16+00:00","breadcrumb":{"@id":"https:\/\/aivlisoft.net\/shop\/producto\/denver-smartwatch-swg-339-1-39-bt-vc-ip68-negro\/#breadcrumb"},"inLanguage":"es","potentialAction":[{"@type":"ReadAction","target":["https:\/\/aivlisoft.net\/shop\/producto\/denver-smartwatch-swg-339-1-39-bt-vc-ip68-negro\/"]}]},{"@type":"ImageObject","inLanguage":"es","@id":"https:\/\/aivlisoft.net\/shop\/producto\/denver-smartwatch-swg-339-1-39-bt-vc-ip68-negro\/#primaryimage","url":"https:\/\/aivlisoft.net\/shop\/wp-content\/uploads\/2025\/01\/AATWAB0510_800-1.jpg","contentUrl":"https:\/\/aivlisoft.net\/shop\/wp-content\/uploads\/2025\/01\/AATWAB0510_800-1.jpg","width":800,"height":800},{"@type":"BreadcrumbList","@id":"https:\/\/aivlisoft.net\/shop\/producto\/denver-smartwatch-swg-339-1-39-bt-vc-ip68-negro\/#breadcrumb","itemListElement":[{"@type":"ListItem","position":1,"name":"Portada","item":"https:\/\/aivlisoft.net\/shop\/"},{"@type":"ListItem","position":2,"name":"Tienda","item":"https:\/\/aivlisoft.net\/shop\/tienda\/"},{"@type":"ListItem","position":3,"name":"Denver Smartwatch SWG-339 1.39&#8243; BT VC IP68 Negro"}]},{"@type":"WebSite","@id":"https:\/\/aivlisoft.net\/shop\/#website","url":"https:\/\/aivlisoft.net\/shop\/","name":"Aivlisoft Inform\u00e1tica","description":"En Aivlisoft Inform\u00e1tica ofrecemos soluciones tecnol\u00f3gicas para empresas: venta de ordenadores, consumibles, perif\u00e9ricos y m\u00e1s. Calidad, atenci\u00f3n personalizada y los mejores precios para tu negocio.","publisher":{"@id":"https:\/\/aivlisoft.net\/shop\/#organization"},"potentialAction":[{"@type":"SearchAction","target":{"@type":"EntryPoint","urlTemplate":"https:\/\/aivlisoft.net\/shop\/?s={search_term_string}"},"query-input":{"@type":"PropertyValueSpecification","valueRequired":true,"valueName":"search_term_string"}}],"inLanguage":"es"},{"@type":"Organization","@id":"https:\/\/aivlisoft.net\/shop\/#organization","name":"Aivlisoft Inform\u00e1tica","url":"https:\/\/aivlisoft.net\/shop\/","logo":{"@type":"ImageObject","inLanguage":"es","@id":"https:\/\/aivlisoft.net\/shop\/#\/schema\/logo\/image\/","url":"https:\/\/aivlisoft.net\/shop\/wp-content\/uploads\/2024\/12\/removal.ai_5b848c54-0cdf-4140-95c5-c5536bb7573b-logodef.png","contentUrl":"https:\/\/aivlisoft.net\/shop\/wp-content\/uploads\/2024\/12\/removal.ai_5b848c54-0cdf-4140-95c5-c5536bb7573b-logodef.png","width":484,"height":182,"caption":"Aivlisoft Inform\u00e1tica"},"image":{"@id":"https:\/\/aivlisoft.net\/shop\/#\/schema\/logo\/image\/"}}]}},"_links":{"self":[{"href":"https:\/\/aivlisoft.net\/shop\/wp-json\/wp\/v2\/product\/2294","targetHints":{"allow":["GET"]}}],"collection":[{"href":"https:\/\/aivlisoft.net\/shop\/wp-json\/wp\/v2\/product"}],"about":[{"href":"https:\/\/aivlisoft.net\/shop\/wp-json\/wp\/v2\/types\/product"}],"wp:featuredmedia":[{"embeddable":true,"href":"https:\/\/aivlisoft.net\/shop\/wp-json\/wp\/v2\/media\/2295"}],"wp:attachment":[{"href":"https:\/\/aivlisoft.net\/shop\/wp-json\/wp\/v2\/media?parent=2294"}],"wp:term":[{"taxonomy":"product_brand","embeddable":true,"href":"https:\/\/aivlisoft.net\/shop\/wp-json\/wp\/v2\/product_brand?post=2294"},{"taxonomy":"product_cat","embeddable":true,"href":"https:\/\/aivlisoft.net\/shop\/wp-json\/wp\/v2\/product_cat?post=2294"},{"taxonomy":"product_tag","embeddable":true,"href":"https:\/\/aivlisoft.net\/shop\/wp-json\/wp\/v2\/product_tag?post=2294"}],"curies":[{"name":"wp","href":"https:\/\/api.w.org\/{rel}","templated":true}]}}