{"id":2289,"date":"2025-01-13T13:08:07","date_gmt":"2025-01-13T13:08:07","guid":{"rendered":"https:\/\/aivlisoft.com\/?post_type=product&#038;p=2289"},"modified":"2025-01-14T10:01:15","modified_gmt":"2025-01-14T10:01:15","slug":"xiaomi-pulsera-smart-band-9-mystic-rose","status":"publish","type":"product","link":"https:\/\/aivlisoft.net\/shop\/producto\/xiaomi-pulsera-smart-band-9-mystic-rose\/","title":{"rendered":"XIAOMI Pulsera Smart Band 9 Mystic Rose"},"content":{"rendered":"<p><\/p>\n<table class=\"tabla_caracteristicas\" width=\"100%\">\n<tr>\n<td valign=\"top\"><strong>Marca<\/strong><\/td>\n<td>Xiaomi<\/td>\n<\/tr>\n<tr>\n<td valign=\"top\"><strong>Modelo<\/strong><\/td>\n<td valign=\"top\"><strong>BHR8345GL<\/strong><\/td>\n<\/tr>\n<tr>\n<td valign=\"top\"><strong>Pantalla<\/strong><\/td>\n<td>&#8211; Pantalla t&aacute;ctil <strong>AMOLED <\/strong>de <strong>1,62&#8243;<\/strong><br \/>\t\t\t&#8211; Resoluci&oacute;n: 192 x 490 p&iacute;xeles<br \/>\t\t\t&#8211; Brillo: hasta 1200 nits, ajustable<\/td>\n<\/tr>\n<tr>\n<td valign=\"top\"><strong>Conectividad<\/strong><\/td>\n<td>&#8211; Bluetooth 5.1 BLE<\/td>\n<\/tr>\n<tr>\n<td valign=\"top\"><strong>Caracter&iacute;sticas<\/strong><\/td>\n<td>&#8211; Motor: motor lineal<br \/>\t\t\t&#8211; Compatibilidad: Admite tel&eacute;fonos inteligentes con Android 8.0 o iOS 12.0 y superiores<br \/>\t\t\t&#8211; Aplicaci&oacute;n: Mi Fitness<br \/>\t\t\t&#8211; 150 modos de ejercicio<br \/>\t\t\t&#8211; Gesti&oacute;n integral de la salud<br \/>\t\t\t&#8211; Xiaomi Smart Band 8<br \/>\t\t\t&#8211; Resistencia al agua 5ATM<br \/>\t\t\t<strong>Bater&iacute;a<\/strong><br \/>\t\t\t&#8211; Capacidad: 233mAh<br \/>\t\t\t&#8211; M&eacute;todo de carga: carga magn&eacute;tica<br \/>\t\t\t&#8211; Tiempo de carga: aprox. 1 hora<br \/>\t\t\t&#8211; Tiempo de uso normal: &ge; 21 d&iacute;as<br \/>\t\t\t<strong>Sensores<\/strong><br \/>\t\t\t&#8211; Sensor aceler&oacute;metro<br \/>\t\t\t&#8211; Sensor girosc&oacute;pico<br \/>\t\t\t&#8211; Sensor &oacute;ptico de frecuencia card&iacute;aca<br \/>\t\t\t&#8211; Sensor de luz ambiental<br \/>\t\t\t<strong>Materiales<\/strong><br \/>\t\t\t&#8211; TPU<br \/>\t\t\t&#8211; Estuche: Caja de vidrio reforzado<br \/>\t\t\t<strong>Dimensiones y peso<\/strong><br \/>\t\t\t&#8211; 48 x 21,6 x 10,99 mm<br \/>\t\t\t*Las dimensiones de altura, anchura y grosor excluyen la correa y los salientes<br \/>\t\t\t&#8211; 15.8 g<br \/>\t\t\t&#8211; Tama&ntilde;o: 135-210 mm<br \/>\t\t\t<strong>Contiene<\/strong><br \/>\t\t\t&#8211; Xiaomi Smart Band 9<br \/>\t\t\t&#8211; Cable de carga magn&eacute;tico<br \/>\t\t\t&#8211; Manual de usuario<\/td>\n<\/tr>\n<tr>\n<td valign=\"top\"><strong>Fecha de revisi&oacute;n<\/strong><\/td>\n<td>10-09-2024 por RTY<\/td>\n<\/tr>\n<\/table>\n","protected":false},"excerpt":{"rendered":"<p>Marca Xiaomi Modelo BHR8345GL Pantalla &#8211; Pantalla t&aacute;ctil AMOLED de 1,62&#8243; &#8211; Resoluci&oacute;n: 192 x 490 p&iacute;xeles &#8211; Brillo: hasta 1200 nits, ajustable Conectividad &#8211; Bluetooth 5.1 BLE Caracter&iacute;sticas &#8211; Motor: motor lineal &#8211; Compatibilidad: Admite tel&eacute;fonos inteligentes con Android 8.0 o iOS 12.0 y superiores &#8211; Aplicaci&oacute;n: Mi Fitness &#8211; 150 modos de ejercicio&hellip;&nbsp;<a href=\"https:\/\/aivlisoft.net\/shop\/producto\/xiaomi-pulsera-smart-band-9-mystic-rose\/\" rel=\"bookmark\"><span class=\"screen-reader-text\">XIAOMI Pulsera Smart Band 9 Mystic Rose<\/span><\/a><\/p>\n","protected":false},"featured_media":2290,"template":"","meta":{"neve_meta_sidebar":"","neve_meta_container":"","neve_meta_enable_content_width":"","neve_meta_content_width":0,"neve_meta_title_alignment":"","neve_meta_author_avatar":"","neve_post_elements_order":"","neve_meta_disable_header":"","neve_meta_disable_footer":"","neve_meta_disable_title":""},"product_brand":[],"product_cat":[15],"product_tag":[690],"class_list":{"0":"post-2289","1":"product","2":"type-product","3":"status-publish","4":"has-post-thumbnail","6":"product_cat-sin-categorizar","7":"product_tag-bhr8345gl","9":"first","10":"instock","11":"taxable","12":"shipping-taxable","13":"purchasable","14":"product-type-simple"},"yoast_head":"<!-- This site is optimized with the Yoast SEO plugin v26.0 - https:\/\/yoast.com\/wordpress\/plugins\/seo\/ -->\n<title>XIAOMI Pulsera Smart Band 9 Mystic Rose - Aivlisoft Inform\u00e1tica<\/title>\n<meta name=\"robots\" content=\"index, follow, max-snippet:-1, max-image-preview:large, max-video-preview:-1\" \/>\n<link rel=\"canonical\" href=\"https:\/\/aivlisoft.net\/shop\/producto\/xiaomi-pulsera-smart-band-9-mystic-rose\/\" \/>\n<meta property=\"og:locale\" content=\"es_ES\" \/>\n<meta property=\"og:type\" content=\"article\" \/>\n<meta property=\"og:title\" content=\"XIAOMI Pulsera Smart Band 9 Mystic Rose - Aivlisoft Inform\u00e1tica\" \/>\n<meta property=\"og:description\" content=\"Marca Xiaomi Modelo BHR8345GL Pantalla &#8211; Pantalla t&aacute;ctil AMOLED de 1,62&#8243; &#8211; Resoluci&oacute;n: 192 x 490 p&iacute;xeles &#8211; Brillo: hasta 1200 nits, ajustable Conectividad &#8211; Bluetooth 5.1 BLE Caracter&iacute;sticas &#8211; Motor: motor lineal &#8211; Compatibilidad: Admite tel&eacute;fonos inteligentes con Android 8.0 o iOS 12.0 y superiores &#8211; Aplicaci&oacute;n: Mi Fitness &#8211; 150 modos de ejercicio&hellip;&nbsp;XIAOMI Pulsera Smart Band 9 Mystic Rose\" \/>\n<meta property=\"og:url\" content=\"https:\/\/aivlisoft.net\/shop\/producto\/xiaomi-pulsera-smart-band-9-mystic-rose\/\" \/>\n<meta property=\"og:site_name\" content=\"Aivlisoft Inform\u00e1tica\" \/>\n<meta property=\"article:modified_time\" content=\"2025-01-14T10:01:15+00:00\" \/>\n<meta property=\"og:image\" content=\"https:\/\/aivlisoft.net\/shop\/wp-content\/uploads\/2025\/01\/AATWAB0509_800-1.jpg\" \/>\n\t<meta property=\"og:image:width\" content=\"800\" \/>\n\t<meta property=\"og:image:height\" content=\"800\" \/>\n\t<meta property=\"og:image:type\" content=\"image\/jpeg\" \/>\n<meta name=\"twitter:card\" content=\"summary_large_image\" \/>\n<meta name=\"twitter:label1\" content=\"Tiempo de lectura\" \/>\n\t<meta name=\"twitter:data1\" content=\"1 minuto\" \/>\n<script type=\"application\/ld+json\" class=\"yoast-schema-graph\">{\"@context\":\"https:\/\/schema.org\",\"@graph\":[{\"@type\":\"WebPage\",\"@id\":\"https:\/\/aivlisoft.net\/shop\/producto\/xiaomi-pulsera-smart-band-9-mystic-rose\/\",\"url\":\"https:\/\/aivlisoft.net\/shop\/producto\/xiaomi-pulsera-smart-band-9-mystic-rose\/\",\"name\":\"XIAOMI Pulsera Smart Band 9 Mystic Rose - Aivlisoft Inform\u00e1tica\",\"isPartOf\":{\"@id\":\"https:\/\/aivlisoft.net\/shop\/#website\"},\"primaryImageOfPage\":{\"@id\":\"https:\/\/aivlisoft.net\/shop\/producto\/xiaomi-pulsera-smart-band-9-mystic-rose\/#primaryimage\"},\"image\":{\"@id\":\"https:\/\/aivlisoft.net\/shop\/producto\/xiaomi-pulsera-smart-band-9-mystic-rose\/#primaryimage\"},\"thumbnailUrl\":\"https:\/\/aivlisoft.net\/shop\/wp-content\/uploads\/2025\/01\/AATWAB0509_800-1.jpg\",\"datePublished\":\"2025-01-13T13:08:07+00:00\",\"dateModified\":\"2025-01-14T10:01:15+00:00\",\"breadcrumb\":{\"@id\":\"https:\/\/aivlisoft.net\/shop\/producto\/xiaomi-pulsera-smart-band-9-mystic-rose\/#breadcrumb\"},\"inLanguage\":\"es\",\"potentialAction\":[{\"@type\":\"ReadAction\",\"target\":[\"https:\/\/aivlisoft.net\/shop\/producto\/xiaomi-pulsera-smart-band-9-mystic-rose\/\"]}]},{\"@type\":\"ImageObject\",\"inLanguage\":\"es\",\"@id\":\"https:\/\/aivlisoft.net\/shop\/producto\/xiaomi-pulsera-smart-band-9-mystic-rose\/#primaryimage\",\"url\":\"https:\/\/aivlisoft.net\/shop\/wp-content\/uploads\/2025\/01\/AATWAB0509_800-1.jpg\",\"contentUrl\":\"https:\/\/aivlisoft.net\/shop\/wp-content\/uploads\/2025\/01\/AATWAB0509_800-1.jpg\",\"width\":800,\"height\":800},{\"@type\":\"BreadcrumbList\",\"@id\":\"https:\/\/aivlisoft.net\/shop\/producto\/xiaomi-pulsera-smart-band-9-mystic-rose\/#breadcrumb\",\"itemListElement\":[{\"@type\":\"ListItem\",\"position\":1,\"name\":\"Portada\",\"item\":\"https:\/\/aivlisoft.net\/shop\/\"},{\"@type\":\"ListItem\",\"position\":2,\"name\":\"Tienda\",\"item\":\"https:\/\/aivlisoft.net\/shop\/tienda\/\"},{\"@type\":\"ListItem\",\"position\":3,\"name\":\"XIAOMI Pulsera Smart Band 9 Mystic Rose\"}]},{\"@type\":\"WebSite\",\"@id\":\"https:\/\/aivlisoft.net\/shop\/#website\",\"url\":\"https:\/\/aivlisoft.net\/shop\/\",\"name\":\"Aivlisoft Inform\u00e1tica\",\"description\":\"En Aivlisoft Inform\u00e1tica ofrecemos soluciones tecnol\u00f3gicas para empresas: venta de ordenadores, consumibles, perif\u00e9ricos y m\u00e1s. Calidad, atenci\u00f3n personalizada y los mejores precios para tu negocio.\",\"publisher\":{\"@id\":\"https:\/\/aivlisoft.net\/shop\/#organization\"},\"potentialAction\":[{\"@type\":\"SearchAction\",\"target\":{\"@type\":\"EntryPoint\",\"urlTemplate\":\"https:\/\/aivlisoft.net\/shop\/?s={search_term_string}\"},\"query-input\":{\"@type\":\"PropertyValueSpecification\",\"valueRequired\":true,\"valueName\":\"search_term_string\"}}],\"inLanguage\":\"es\"},{\"@type\":\"Organization\",\"@id\":\"https:\/\/aivlisoft.net\/shop\/#organization\",\"name\":\"Aivlisoft Inform\u00e1tica\",\"url\":\"https:\/\/aivlisoft.net\/shop\/\",\"logo\":{\"@type\":\"ImageObject\",\"inLanguage\":\"es\",\"@id\":\"https:\/\/aivlisoft.net\/shop\/#\/schema\/logo\/image\/\",\"url\":\"https:\/\/aivlisoft.net\/shop\/wp-content\/uploads\/2024\/12\/removal.ai_5b848c54-0cdf-4140-95c5-c5536bb7573b-logodef.png\",\"contentUrl\":\"https:\/\/aivlisoft.net\/shop\/wp-content\/uploads\/2024\/12\/removal.ai_5b848c54-0cdf-4140-95c5-c5536bb7573b-logodef.png\",\"width\":484,\"height\":182,\"caption\":\"Aivlisoft Inform\u00e1tica\"},\"image\":{\"@id\":\"https:\/\/aivlisoft.net\/shop\/#\/schema\/logo\/image\/\"}}]}<\/script>\n<!-- \/ Yoast SEO plugin. -->","yoast_head_json":{"title":"XIAOMI Pulsera Smart Band 9 Mystic Rose - Aivlisoft Inform\u00e1tica","robots":{"index":"index","follow":"follow","max-snippet":"max-snippet:-1","max-image-preview":"max-image-preview:large","max-video-preview":"max-video-preview:-1"},"canonical":"https:\/\/aivlisoft.net\/shop\/producto\/xiaomi-pulsera-smart-band-9-mystic-rose\/","og_locale":"es_ES","og_type":"article","og_title":"XIAOMI Pulsera Smart Band 9 Mystic Rose - Aivlisoft Inform\u00e1tica","og_description":"Marca Xiaomi Modelo BHR8345GL Pantalla &#8211; Pantalla t&aacute;ctil AMOLED de 1,62&#8243; &#8211; Resoluci&oacute;n: 192 x 490 p&iacute;xeles &#8211; Brillo: hasta 1200 nits, ajustable Conectividad &#8211; Bluetooth 5.1 BLE Caracter&iacute;sticas &#8211; Motor: motor lineal &#8211; Compatibilidad: Admite tel&eacute;fonos inteligentes con Android 8.0 o iOS 12.0 y superiores &#8211; Aplicaci&oacute;n: Mi Fitness &#8211; 150 modos de ejercicio&hellip;&nbsp;XIAOMI Pulsera Smart Band 9 Mystic Rose","og_url":"https:\/\/aivlisoft.net\/shop\/producto\/xiaomi-pulsera-smart-band-9-mystic-rose\/","og_site_name":"Aivlisoft Inform\u00e1tica","article_modified_time":"2025-01-14T10:01:15+00:00","og_image":[{"width":800,"height":800,"url":"https:\/\/aivlisoft.net\/shop\/wp-content\/uploads\/2025\/01\/AATWAB0509_800-1.jpg","type":"image\/jpeg"}],"twitter_card":"summary_large_image","twitter_misc":{"Tiempo de lectura":"1 minuto"},"schema":{"@context":"https:\/\/schema.org","@graph":[{"@type":"WebPage","@id":"https:\/\/aivlisoft.net\/shop\/producto\/xiaomi-pulsera-smart-band-9-mystic-rose\/","url":"https:\/\/aivlisoft.net\/shop\/producto\/xiaomi-pulsera-smart-band-9-mystic-rose\/","name":"XIAOMI Pulsera Smart Band 9 Mystic Rose - Aivlisoft Inform\u00e1tica","isPartOf":{"@id":"https:\/\/aivlisoft.net\/shop\/#website"},"primaryImageOfPage":{"@id":"https:\/\/aivlisoft.net\/shop\/producto\/xiaomi-pulsera-smart-band-9-mystic-rose\/#primaryimage"},"image":{"@id":"https:\/\/aivlisoft.net\/shop\/producto\/xiaomi-pulsera-smart-band-9-mystic-rose\/#primaryimage"},"thumbnailUrl":"https:\/\/aivlisoft.net\/shop\/wp-content\/uploads\/2025\/01\/AATWAB0509_800-1.jpg","datePublished":"2025-01-13T13:08:07+00:00","dateModified":"2025-01-14T10:01:15+00:00","breadcrumb":{"@id":"https:\/\/aivlisoft.net\/shop\/producto\/xiaomi-pulsera-smart-band-9-mystic-rose\/#breadcrumb"},"inLanguage":"es","potentialAction":[{"@type":"ReadAction","target":["https:\/\/aivlisoft.net\/shop\/producto\/xiaomi-pulsera-smart-band-9-mystic-rose\/"]}]},{"@type":"ImageObject","inLanguage":"es","@id":"https:\/\/aivlisoft.net\/shop\/producto\/xiaomi-pulsera-smart-band-9-mystic-rose\/#primaryimage","url":"https:\/\/aivlisoft.net\/shop\/wp-content\/uploads\/2025\/01\/AATWAB0509_800-1.jpg","contentUrl":"https:\/\/aivlisoft.net\/shop\/wp-content\/uploads\/2025\/01\/AATWAB0509_800-1.jpg","width":800,"height":800},{"@type":"BreadcrumbList","@id":"https:\/\/aivlisoft.net\/shop\/producto\/xiaomi-pulsera-smart-band-9-mystic-rose\/#breadcrumb","itemListElement":[{"@type":"ListItem","position":1,"name":"Portada","item":"https:\/\/aivlisoft.net\/shop\/"},{"@type":"ListItem","position":2,"name":"Tienda","item":"https:\/\/aivlisoft.net\/shop\/tienda\/"},{"@type":"ListItem","position":3,"name":"XIAOMI Pulsera Smart Band 9 Mystic Rose"}]},{"@type":"WebSite","@id":"https:\/\/aivlisoft.net\/shop\/#website","url":"https:\/\/aivlisoft.net\/shop\/","name":"Aivlisoft Inform\u00e1tica","description":"En Aivlisoft Inform\u00e1tica ofrecemos soluciones tecnol\u00f3gicas para empresas: venta de ordenadores, consumibles, perif\u00e9ricos y m\u00e1s. Calidad, atenci\u00f3n personalizada y los mejores precios para tu negocio.","publisher":{"@id":"https:\/\/aivlisoft.net\/shop\/#organization"},"potentialAction":[{"@type":"SearchAction","target":{"@type":"EntryPoint","urlTemplate":"https:\/\/aivlisoft.net\/shop\/?s={search_term_string}"},"query-input":{"@type":"PropertyValueSpecification","valueRequired":true,"valueName":"search_term_string"}}],"inLanguage":"es"},{"@type":"Organization","@id":"https:\/\/aivlisoft.net\/shop\/#organization","name":"Aivlisoft Inform\u00e1tica","url":"https:\/\/aivlisoft.net\/shop\/","logo":{"@type":"ImageObject","inLanguage":"es","@id":"https:\/\/aivlisoft.net\/shop\/#\/schema\/logo\/image\/","url":"https:\/\/aivlisoft.net\/shop\/wp-content\/uploads\/2024\/12\/removal.ai_5b848c54-0cdf-4140-95c5-c5536bb7573b-logodef.png","contentUrl":"https:\/\/aivlisoft.net\/shop\/wp-content\/uploads\/2024\/12\/removal.ai_5b848c54-0cdf-4140-95c5-c5536bb7573b-logodef.png","width":484,"height":182,"caption":"Aivlisoft Inform\u00e1tica"},"image":{"@id":"https:\/\/aivlisoft.net\/shop\/#\/schema\/logo\/image\/"}}]}},"_links":{"self":[{"href":"https:\/\/aivlisoft.net\/shop\/wp-json\/wp\/v2\/product\/2289","targetHints":{"allow":["GET"]}}],"collection":[{"href":"https:\/\/aivlisoft.net\/shop\/wp-json\/wp\/v2\/product"}],"about":[{"href":"https:\/\/aivlisoft.net\/shop\/wp-json\/wp\/v2\/types\/product"}],"wp:featuredmedia":[{"embeddable":true,"href":"https:\/\/aivlisoft.net\/shop\/wp-json\/wp\/v2\/media\/2290"}],"wp:attachment":[{"href":"https:\/\/aivlisoft.net\/shop\/wp-json\/wp\/v2\/media?parent=2289"}],"wp:term":[{"taxonomy":"product_brand","embeddable":true,"href":"https:\/\/aivlisoft.net\/shop\/wp-json\/wp\/v2\/product_brand?post=2289"},{"taxonomy":"product_cat","embeddable":true,"href":"https:\/\/aivlisoft.net\/shop\/wp-json\/wp\/v2\/product_cat?post=2289"},{"taxonomy":"product_tag","embeddable":true,"href":"https:\/\/aivlisoft.net\/shop\/wp-json\/wp\/v2\/product_tag?post=2289"}],"curies":[{"name":"wp","href":"https:\/\/api.w.org\/{rel}","templated":true}]}}