{"id":22840,"date":"2025-01-13T16:10:29","date_gmt":"2025-01-13T16:10:29","guid":{"rendered":"https:\/\/aivlisoft.com\/?post_type=product&#038;p=22840"},"modified":"2025-01-14T12:04:55","modified_gmt":"2025-01-14T12:04:55","slug":"msi-am272p-872es-i7-150u-16gb-512-w11h-27-negro","status":"publish","type":"product","link":"https:\/\/aivlisoft.net\/shop\/producto\/msi-am272p-872es-i7-150u-16gb-512-w11h-27-negro\/","title":{"rendered":"MSI AM272P-872ES i7-150U 16GB 512 W11H 27&#8243; Negro"},"content":{"rendered":"<p><\/p>\n<table class=\"tabla_caracteristicas k-table\" width=\"100%\">\n<tr>\n<td><strong>Marca<\/strong><\/td>\n<td>MSI<\/td>\n<\/tr>\n<tr>\n<td><strong>Modelo<\/strong><\/td>\n<td><strong>00-AF8231-872<\/strong><\/td>\n<\/tr>\n<tr>\n<td><strong>Sistema Operativo<\/strong><\/td>\n<td>&#8211; <strong>Windows 11 Home <\/strong><\/td>\n<\/tr>\n<tr>\n<td valign=\"top\"><strong>Pantalla<\/strong><\/td>\n<td>&#8211; <strong>27&#8243; IPS<\/strong> <strong>FHD <\/strong>(1920&#215;1080) 1000:1, Anti-Glare, 300nits, 16.7M colores, 178&deg;(H)\/178&deg;(V)<\/td>\n<\/tr>\n<tr>\n<td valign=\"top\"><strong>CPU<\/strong><\/td>\n<td>&#8211; Intel Core<strong> <\/strong><strong>7 Processor 150U<\/strong> <strong> <\/strong>1.8GHz 10CPU<\/td>\n<\/tr>\n<tr>\n<td valign=\"top\"><strong>Memoria<\/strong><\/td>\n<td>&#8211; <strong>16GB<\/strong> DDR5 SDRAM 2800(5600)MHz SO-DIMM (8GB&nbsp; x 2)<br \/>\t\t\t&#8211; 2 slots<br \/>\t\t\t&#8211; Ampliable hasta 64GB<\/td>\n<\/tr>\n<tr>\n<td><strong>Disco Duro<\/strong><\/td>\n<td>&#8211; <strong>512GB <\/strong> M.2-2280 2.5&#8243;<\/td>\n<\/tr>\n<tr>\n<td><strong>Unidad &oacute;ptica<\/strong><\/td>\n<td>&#8211; Sin unidad<\/td>\n<\/tr>\n<tr>\n<td><strong>Gr&aacute;fica<\/strong><\/td>\n<td>&#8211; Intel Iris Xe<\/td>\n<\/tr>\n<tr>\n<td valign=\"top\"><strong>Conectividad<\/strong><br \/>\t\t\t&nbsp;<\/td>\n<td>&#8211; INTEL\/AX211.NGWG.NV<br \/>\t\t\t&#8211; Wi-Fi 6E<br \/>\t\t\t&#8211; Bluetooth 5.3<\/td>\n<\/tr>\n<tr>\n<td valign=\"top\"><strong>Puertos<\/strong><\/td>\n<td><strong>Lateral<\/strong><br \/>\t\t\t&#8211; 2 x USB 3.2 Gen 2 Tipo C<br \/>\t\t\t&#8211; 2 x USB 3.2 Gen 2 Tipo A<br \/>\t\t\t&#8211; 1x combo de entrada de micr&oacute;fono\/salida de auriculares<br \/>\t\t\t<strong>Trasero<\/strong><br \/>\t\t\t&#8211; 1 x entrada HDMI<br \/>\t\t\t&#8211; 1 x salida HDMI<br \/>\t\t\t&#8211; 2 x USB 2.0 Tipo A<br \/>\t\t\t&#8211; 1 x LAN RJ45<\/td>\n<\/tr>\n<tr>\n<td valign=\"top\"><strong>Otras caracter&iacute;sticas<\/strong><\/td>\n<td>&#8211; Webcam<br \/>\t\t\t&#8211; Incluye teclado y rat&oacute;n in&aacute;lambricos<br \/>\t\t\t&#8211; Realtek ALC256, 2.1 Channel HD Audio<br \/>\t\t\t&#8211; Alimentaci&oacute;n: 120W<br \/>\t\t\t&#8211; Ajuste de la inclinaci&oacute;n: -4~20<br \/>\t\t\t&#8211; Ajuste (altura): 0~130mm<br \/>\t\t\t<strong>Dimensiones y peso<\/strong><br \/>\t\t\t&#8211; 61,.75 x 194,68 x 561,48<br \/>\t\t\t&#8211; 7,5 kg<\/td>\n<\/tr>\n<tr>\n<td><strong>Fecha de revisi&oacute;n<\/strong><\/td>\n<td>22-08-2024 por RTY<\/td>\n<\/tr>\n<\/table>\n","protected":false},"excerpt":{"rendered":"<p>Marca MSI Modelo 00-AF8231-872 Sistema Operativo &#8211; Windows 11 Home Pantalla &#8211; 27&#8243; IPS FHD (1920&#215;1080) 1000:1, Anti-Glare, 300nits, 16.7M colores, 178&deg;(H)\/178&deg;(V) CPU &#8211; Intel Core 7 Processor 150U 1.8GHz 10CPU Memoria &#8211; 16GB DDR5 SDRAM 2800(5600)MHz SO-DIMM (8GB&nbsp; x 2) &#8211; 2 slots &#8211; Ampliable hasta 64GB Disco Duro &#8211; 512GB M.2-2280 2.5&#8243; Unidad&hellip;&nbsp;<a href=\"https:\/\/aivlisoft.net\/shop\/producto\/msi-am272p-872es-i7-150u-16gb-512-w11h-27-negro\/\" rel=\"bookmark\"><span class=\"screen-reader-text\">MSI AM272P-872ES i7-150U 16GB 512 W11H 27&#8243; Negro<\/span><\/a><\/p>\n","protected":false},"featured_media":22841,"template":"","meta":{"neve_meta_sidebar":"","neve_meta_container":"","neve_meta_enable_content_width":"","neve_meta_content_width":0,"neve_meta_title_alignment":"","neve_meta_author_avatar":"","neve_post_elements_order":"","neve_meta_disable_header":"","neve_meta_disable_footer":"","neve_meta_disable_title":""},"product_brand":[],"product_cat":[8776],"product_tag":[8095],"class_list":{"0":"post-22840","1":"product","2":"type-product","3":"status-publish","4":"has-post-thumbnail","6":"product_cat-todo-en-uno","7":"product_tag-00-af8231-872","9":"first","10":"instock","11":"taxable","12":"shipping-taxable","13":"purchasable","14":"product-type-simple"},"yoast_head":"<!-- This site is optimized with the Yoast SEO plugin v26.0 - https:\/\/yoast.com\/wordpress\/plugins\/seo\/ -->\n<title>MSI AM272P-872ES i7-150U 16GB 512 W11H 27&quot; Negro - Aivlisoft Inform\u00e1tica<\/title>\n<meta name=\"robots\" content=\"index, follow, max-snippet:-1, max-image-preview:large, max-video-preview:-1\" \/>\n<link rel=\"canonical\" href=\"https:\/\/aivlisoft.net\/shop\/producto\/msi-am272p-872es-i7-150u-16gb-512-w11h-27-negro\/\" \/>\n<meta property=\"og:locale\" content=\"es_ES\" \/>\n<meta property=\"og:type\" content=\"article\" \/>\n<meta property=\"og:title\" content=\"MSI AM272P-872ES i7-150U 16GB 512 W11H 27&quot; Negro - Aivlisoft Inform\u00e1tica\" \/>\n<meta property=\"og:description\" content=\"Marca MSI Modelo 00-AF8231-872 Sistema Operativo &#8211; Windows 11 Home Pantalla &#8211; 27&#8243; IPS FHD (1920&#215;1080) 1000:1, Anti-Glare, 300nits, 16.7M colores, 178&deg;(H)\/178&deg;(V) CPU &#8211; Intel Core 7 Processor 150U 1.8GHz 10CPU Memoria &#8211; 16GB DDR5 SDRAM 2800(5600)MHz SO-DIMM (8GB&nbsp; x 2) &#8211; 2 slots &#8211; Ampliable hasta 64GB Disco Duro &#8211; 512GB M.2-2280 2.5&#8243; Unidad&hellip;&nbsp;MSI AM272P-872ES i7-150U 16GB 512 W11H 27&#8243; Negro\" \/>\n<meta property=\"og:url\" content=\"https:\/\/aivlisoft.net\/shop\/producto\/msi-am272p-872es-i7-150u-16gb-512-w11h-27-negro\/\" \/>\n<meta property=\"og:site_name\" content=\"Aivlisoft Inform\u00e1tica\" \/>\n<meta property=\"article:modified_time\" content=\"2025-01-14T12:04:55+00:00\" \/>\n<meta property=\"og:image\" content=\"https:\/\/aivlisoft.net\/shop\/wp-content\/uploads\/2025\/01\/PPCAIO0710_800.jpg\" \/>\n\t<meta property=\"og:image:width\" content=\"800\" \/>\n\t<meta property=\"og:image:height\" content=\"800\" \/>\n\t<meta property=\"og:image:type\" content=\"image\/jpeg\" \/>\n<meta name=\"twitter:card\" content=\"summary_large_image\" \/>\n<meta name=\"twitter:label1\" content=\"Tiempo de lectura\" \/>\n\t<meta name=\"twitter:data1\" content=\"1 minuto\" \/>\n<script type=\"application\/ld+json\" class=\"yoast-schema-graph\">{\"@context\":\"https:\/\/schema.org\",\"@graph\":[{\"@type\":\"WebPage\",\"@id\":\"https:\/\/aivlisoft.net\/shop\/producto\/msi-am272p-872es-i7-150u-16gb-512-w11h-27-negro\/\",\"url\":\"https:\/\/aivlisoft.net\/shop\/producto\/msi-am272p-872es-i7-150u-16gb-512-w11h-27-negro\/\",\"name\":\"MSI AM272P-872ES i7-150U 16GB 512 W11H 27\\\" Negro - Aivlisoft Inform\u00e1tica\",\"isPartOf\":{\"@id\":\"https:\/\/aivlisoft.net\/shop\/#website\"},\"primaryImageOfPage\":{\"@id\":\"https:\/\/aivlisoft.net\/shop\/producto\/msi-am272p-872es-i7-150u-16gb-512-w11h-27-negro\/#primaryimage\"},\"image\":{\"@id\":\"https:\/\/aivlisoft.net\/shop\/producto\/msi-am272p-872es-i7-150u-16gb-512-w11h-27-negro\/#primaryimage\"},\"thumbnailUrl\":\"https:\/\/aivlisoft.net\/shop\/wp-content\/uploads\/2025\/01\/PPCAIO0710_800.jpg\",\"datePublished\":\"2025-01-13T16:10:29+00:00\",\"dateModified\":\"2025-01-14T12:04:55+00:00\",\"breadcrumb\":{\"@id\":\"https:\/\/aivlisoft.net\/shop\/producto\/msi-am272p-872es-i7-150u-16gb-512-w11h-27-negro\/#breadcrumb\"},\"inLanguage\":\"es\",\"potentialAction\":[{\"@type\":\"ReadAction\",\"target\":[\"https:\/\/aivlisoft.net\/shop\/producto\/msi-am272p-872es-i7-150u-16gb-512-w11h-27-negro\/\"]}]},{\"@type\":\"ImageObject\",\"inLanguage\":\"es\",\"@id\":\"https:\/\/aivlisoft.net\/shop\/producto\/msi-am272p-872es-i7-150u-16gb-512-w11h-27-negro\/#primaryimage\",\"url\":\"https:\/\/aivlisoft.net\/shop\/wp-content\/uploads\/2025\/01\/PPCAIO0710_800.jpg\",\"contentUrl\":\"https:\/\/aivlisoft.net\/shop\/wp-content\/uploads\/2025\/01\/PPCAIO0710_800.jpg\",\"width\":800,\"height\":800},{\"@type\":\"BreadcrumbList\",\"@id\":\"https:\/\/aivlisoft.net\/shop\/producto\/msi-am272p-872es-i7-150u-16gb-512-w11h-27-negro\/#breadcrumb\",\"itemListElement\":[{\"@type\":\"ListItem\",\"position\":1,\"name\":\"Portada\",\"item\":\"https:\/\/aivlisoft.net\/shop\/\"},{\"@type\":\"ListItem\",\"position\":2,\"name\":\"Tienda\",\"item\":\"https:\/\/aivlisoft.net\/shop\/tienda\/\"},{\"@type\":\"ListItem\",\"position\":3,\"name\":\"MSI AM272P-872ES i7-150U 16GB 512 W11H 27&#8243; Negro\"}]},{\"@type\":\"WebSite\",\"@id\":\"https:\/\/aivlisoft.net\/shop\/#website\",\"url\":\"https:\/\/aivlisoft.net\/shop\/\",\"name\":\"Aivlisoft Inform\u00e1tica\",\"description\":\"En Aivlisoft Inform\u00e1tica ofrecemos soluciones tecnol\u00f3gicas para empresas: venta de ordenadores, consumibles, perif\u00e9ricos y m\u00e1s. Calidad, atenci\u00f3n personalizada y los mejores precios para tu negocio.\",\"publisher\":{\"@id\":\"https:\/\/aivlisoft.net\/shop\/#organization\"},\"potentialAction\":[{\"@type\":\"SearchAction\",\"target\":{\"@type\":\"EntryPoint\",\"urlTemplate\":\"https:\/\/aivlisoft.net\/shop\/?s={search_term_string}\"},\"query-input\":{\"@type\":\"PropertyValueSpecification\",\"valueRequired\":true,\"valueName\":\"search_term_string\"}}],\"inLanguage\":\"es\"},{\"@type\":\"Organization\",\"@id\":\"https:\/\/aivlisoft.net\/shop\/#organization\",\"name\":\"Aivlisoft Inform\u00e1tica\",\"url\":\"https:\/\/aivlisoft.net\/shop\/\",\"logo\":{\"@type\":\"ImageObject\",\"inLanguage\":\"es\",\"@id\":\"https:\/\/aivlisoft.net\/shop\/#\/schema\/logo\/image\/\",\"url\":\"https:\/\/aivlisoft.net\/shop\/wp-content\/uploads\/2024\/12\/removal.ai_5b848c54-0cdf-4140-95c5-c5536bb7573b-logodef.png\",\"contentUrl\":\"https:\/\/aivlisoft.net\/shop\/wp-content\/uploads\/2024\/12\/removal.ai_5b848c54-0cdf-4140-95c5-c5536bb7573b-logodef.png\",\"width\":484,\"height\":182,\"caption\":\"Aivlisoft Inform\u00e1tica\"},\"image\":{\"@id\":\"https:\/\/aivlisoft.net\/shop\/#\/schema\/logo\/image\/\"}}]}<\/script>\n<!-- \/ Yoast SEO plugin. -->","yoast_head_json":{"title":"MSI AM272P-872ES i7-150U 16GB 512 W11H 27\" Negro - Aivlisoft Inform\u00e1tica","robots":{"index":"index","follow":"follow","max-snippet":"max-snippet:-1","max-image-preview":"max-image-preview:large","max-video-preview":"max-video-preview:-1"},"canonical":"https:\/\/aivlisoft.net\/shop\/producto\/msi-am272p-872es-i7-150u-16gb-512-w11h-27-negro\/","og_locale":"es_ES","og_type":"article","og_title":"MSI AM272P-872ES i7-150U 16GB 512 W11H 27\" Negro - Aivlisoft Inform\u00e1tica","og_description":"Marca MSI Modelo 00-AF8231-872 Sistema Operativo &#8211; Windows 11 Home Pantalla &#8211; 27&#8243; IPS FHD (1920&#215;1080) 1000:1, Anti-Glare, 300nits, 16.7M colores, 178&deg;(H)\/178&deg;(V) CPU &#8211; Intel Core 7 Processor 150U 1.8GHz 10CPU Memoria &#8211; 16GB DDR5 SDRAM 2800(5600)MHz SO-DIMM (8GB&nbsp; x 2) &#8211; 2 slots &#8211; Ampliable hasta 64GB Disco Duro &#8211; 512GB M.2-2280 2.5&#8243; Unidad&hellip;&nbsp;MSI AM272P-872ES i7-150U 16GB 512 W11H 27&#8243; Negro","og_url":"https:\/\/aivlisoft.net\/shop\/producto\/msi-am272p-872es-i7-150u-16gb-512-w11h-27-negro\/","og_site_name":"Aivlisoft Inform\u00e1tica","article_modified_time":"2025-01-14T12:04:55+00:00","og_image":[{"width":800,"height":800,"url":"https:\/\/aivlisoft.net\/shop\/wp-content\/uploads\/2025\/01\/PPCAIO0710_800.jpg","type":"image\/jpeg"}],"twitter_card":"summary_large_image","twitter_misc":{"Tiempo de lectura":"1 minuto"},"schema":{"@context":"https:\/\/schema.org","@graph":[{"@type":"WebPage","@id":"https:\/\/aivlisoft.net\/shop\/producto\/msi-am272p-872es-i7-150u-16gb-512-w11h-27-negro\/","url":"https:\/\/aivlisoft.net\/shop\/producto\/msi-am272p-872es-i7-150u-16gb-512-w11h-27-negro\/","name":"MSI AM272P-872ES i7-150U 16GB 512 W11H 27\" Negro - Aivlisoft Inform\u00e1tica","isPartOf":{"@id":"https:\/\/aivlisoft.net\/shop\/#website"},"primaryImageOfPage":{"@id":"https:\/\/aivlisoft.net\/shop\/producto\/msi-am272p-872es-i7-150u-16gb-512-w11h-27-negro\/#primaryimage"},"image":{"@id":"https:\/\/aivlisoft.net\/shop\/producto\/msi-am272p-872es-i7-150u-16gb-512-w11h-27-negro\/#primaryimage"},"thumbnailUrl":"https:\/\/aivlisoft.net\/shop\/wp-content\/uploads\/2025\/01\/PPCAIO0710_800.jpg","datePublished":"2025-01-13T16:10:29+00:00","dateModified":"2025-01-14T12:04:55+00:00","breadcrumb":{"@id":"https:\/\/aivlisoft.net\/shop\/producto\/msi-am272p-872es-i7-150u-16gb-512-w11h-27-negro\/#breadcrumb"},"inLanguage":"es","potentialAction":[{"@type":"ReadAction","target":["https:\/\/aivlisoft.net\/shop\/producto\/msi-am272p-872es-i7-150u-16gb-512-w11h-27-negro\/"]}]},{"@type":"ImageObject","inLanguage":"es","@id":"https:\/\/aivlisoft.net\/shop\/producto\/msi-am272p-872es-i7-150u-16gb-512-w11h-27-negro\/#primaryimage","url":"https:\/\/aivlisoft.net\/shop\/wp-content\/uploads\/2025\/01\/PPCAIO0710_800.jpg","contentUrl":"https:\/\/aivlisoft.net\/shop\/wp-content\/uploads\/2025\/01\/PPCAIO0710_800.jpg","width":800,"height":800},{"@type":"BreadcrumbList","@id":"https:\/\/aivlisoft.net\/shop\/producto\/msi-am272p-872es-i7-150u-16gb-512-w11h-27-negro\/#breadcrumb","itemListElement":[{"@type":"ListItem","position":1,"name":"Portada","item":"https:\/\/aivlisoft.net\/shop\/"},{"@type":"ListItem","position":2,"name":"Tienda","item":"https:\/\/aivlisoft.net\/shop\/tienda\/"},{"@type":"ListItem","position":3,"name":"MSI AM272P-872ES i7-150U 16GB 512 W11H 27&#8243; Negro"}]},{"@type":"WebSite","@id":"https:\/\/aivlisoft.net\/shop\/#website","url":"https:\/\/aivlisoft.net\/shop\/","name":"Aivlisoft Inform\u00e1tica","description":"En Aivlisoft Inform\u00e1tica ofrecemos soluciones tecnol\u00f3gicas para empresas: venta de ordenadores, consumibles, perif\u00e9ricos y m\u00e1s. Calidad, atenci\u00f3n personalizada y los mejores precios para tu negocio.","publisher":{"@id":"https:\/\/aivlisoft.net\/shop\/#organization"},"potentialAction":[{"@type":"SearchAction","target":{"@type":"EntryPoint","urlTemplate":"https:\/\/aivlisoft.net\/shop\/?s={search_term_string}"},"query-input":{"@type":"PropertyValueSpecification","valueRequired":true,"valueName":"search_term_string"}}],"inLanguage":"es"},{"@type":"Organization","@id":"https:\/\/aivlisoft.net\/shop\/#organization","name":"Aivlisoft Inform\u00e1tica","url":"https:\/\/aivlisoft.net\/shop\/","logo":{"@type":"ImageObject","inLanguage":"es","@id":"https:\/\/aivlisoft.net\/shop\/#\/schema\/logo\/image\/","url":"https:\/\/aivlisoft.net\/shop\/wp-content\/uploads\/2024\/12\/removal.ai_5b848c54-0cdf-4140-95c5-c5536bb7573b-logodef.png","contentUrl":"https:\/\/aivlisoft.net\/shop\/wp-content\/uploads\/2024\/12\/removal.ai_5b848c54-0cdf-4140-95c5-c5536bb7573b-logodef.png","width":484,"height":182,"caption":"Aivlisoft Inform\u00e1tica"},"image":{"@id":"https:\/\/aivlisoft.net\/shop\/#\/schema\/logo\/image\/"}}]}},"_links":{"self":[{"href":"https:\/\/aivlisoft.net\/shop\/wp-json\/wp\/v2\/product\/22840","targetHints":{"allow":["GET"]}}],"collection":[{"href":"https:\/\/aivlisoft.net\/shop\/wp-json\/wp\/v2\/product"}],"about":[{"href":"https:\/\/aivlisoft.net\/shop\/wp-json\/wp\/v2\/types\/product"}],"wp:featuredmedia":[{"embeddable":true,"href":"https:\/\/aivlisoft.net\/shop\/wp-json\/wp\/v2\/media\/22841"}],"wp:attachment":[{"href":"https:\/\/aivlisoft.net\/shop\/wp-json\/wp\/v2\/media?parent=22840"}],"wp:term":[{"taxonomy":"product_brand","embeddable":true,"href":"https:\/\/aivlisoft.net\/shop\/wp-json\/wp\/v2\/product_brand?post=22840"},{"taxonomy":"product_cat","embeddable":true,"href":"https:\/\/aivlisoft.net\/shop\/wp-json\/wp\/v2\/product_cat?post=22840"},{"taxonomy":"product_tag","embeddable":true,"href":"https:\/\/aivlisoft.net\/shop\/wp-json\/wp\/v2\/product_tag?post=22840"}],"curies":[{"name":"wp","href":"https:\/\/api.w.org\/{rel}","templated":true}]}}