{"id":22645,"date":"2025-01-13T16:08:24","date_gmt":"2025-01-13T16:08:24","guid":{"rendered":"https:\/\/aivlisoft.com\/?post_type=product&#038;p=22645"},"modified":"2025-01-14T13:42:14","modified_gmt":"2025-01-14T13:42:14","slug":"fanvil-h3w-b-poe2-sip-lines-6-customized-keys-2","status":"publish","type":"product","link":"https:\/\/aivlisoft.net\/shop\/producto\/fanvil-h3w-b-poe2-sip-lines-6-customized-keys-2\/","title":{"rendered":"Fanvil H3W-B PoE;2 SIP Lines; 6 customized keys ;2"},"content":{"rendered":"<p>Como tel&eacute;fono IP WiFi con audio HD, Fanvil H3W puede brindarle una experiencia de comunicaci&oacute;n m&aacute;s fluida sin problemas de cableado.<\/p>\n<p>M&aacute;s que un tel&eacute;fono IP de hotel, tambi&eacute;n es adecuado para supermercados, hospitales, centros comerciales, etc<\/p>\n<p>&nbsp;<\/p>\n<table class=\"tabla_caracteristicas\" width=\"100%\">\n<tr>\n<td valign=\"top\"><strong>Marca<\/strong><\/td>\n<td>Fanvil<\/td>\n<\/tr>\n<tr>\n<td valign=\"top\"><strong>Modelo<\/strong><\/td>\n<td><strong>H3W-Black<\/strong><\/td>\n<\/tr>\n<tr>\n<td valign=\"top\"><strong>Caracter&iacute;sticas<\/strong><\/td>\n<td>\n<div>&#8211; Teclas DSS: 6<br \/>\t\t\t&#8211; L&iacute;neas SIP: 2<br \/>\t\t\t&#8211; Audio de alta definici&oacute;n<br \/>\t\t\t&#8211; C&oacute;dec de banda ancha:G.722,Opus<br \/>\t\t\t&#8211; PoE<br \/>\t\t\t&#8211; Red: 10\/100 Mbps<br \/>\t\t\t&#8211; Wifi: WiFi 2.4G incorporado<br \/>\t\t\t&#8211; Puerto de carga USB: 1<br \/>\t\t\t&#8211; Modo de instalaci&oacute;n: Soporte de escritorio<\/div>\n<\/td>\n<\/tr>\n<tr>\n<td valign=\"top\"><strong>Funciones <\/strong><\/td>\n<td>\n<div><strong>Funciones del tel&eacute;fono<\/strong><br \/>\t\t\t&#8211; Registros de llamadas (entradas\/salidas\/perdidas, Max admite 600 registros en la web)<br \/>\t\t\t&#8211; DSS programables\/teclas programables<br \/>\t\t\t&#8211; URL de acci&oacute;n \/ URI activo<br \/>\t\t\t&#8211; Marcaci&oacute;n web<br \/>\t\t\t&#8211; Plan de marcaci&oacute;n<br \/>\t\t\t&#8211; Punto de acceso SIP<br \/>\t\t\t&#8211; Anillo distintivo<br \/>\t\t\t&#8211; Multidifusi&oacute;n<br \/>\t\t\t<strong>Funciones de llamada<\/strong><br \/>\t\t\t&#8211; Llamar \/ Responder<br \/>\t\t\t&#8211; Silenciar \/ No silenciar<br \/>\t\t\t&#8211; Llamada en espera \/ Reanudar<br \/>\t\t\t&#8211; Marcaci&oacute;n r&aacute;pida<br \/>\t\t\t&#8211; Volver a marcar<br \/>\t\t\t&#8211; Respuesta autom&aacute;tica<br \/>\t\t\t&#8211; L&iacute;nea Directa<br \/>\t\t\t&#8211; Timbre personalizado<\/div>\n<\/td>\n<\/tr>\n<tr>\n<td valign=\"top\"><strong>Conectividad<\/strong><\/td>\n<td>\n<div>&#8211; 10\/100 Mbps Ethernet<br \/>\t\t\t&#8211; IP Mode:IPv4\/IPv6\/IPv4&amp;IPv6<br \/>\t\t\t&#8211; IP Configuration: Static \/ DHCP \/ PPPoE<br \/>\t\t\t&#8211; Network Access Control: 802.1x<br \/>\t\t\t&#8211; VPN: L2TP \/ OpenVPN<br \/>\t\t\t&#8211; VLAN: 802.1P\/Q<br \/>\t\t\t&#8211; QoS<br \/>\t\t\t&#8211; RTCP-XR (RFC3611), VQ-RTCPXR(RFC6035<\/div>\n<\/td>\n<\/tr>\n<tr>\n<td valign=\"top\"><strong>Otras Caracter&iacute;sticas<\/strong><\/td>\n<td>\n<div><strong>Protocolos<\/strong><br \/>\t\t\t&#8211; SIP v1 (RFC2543), v2 (RFC3261) over UDP\/TCP\/TLS<br \/>\t\t\t&#8211; RTP\/RTCP\/SRTP<br \/>\t\t\t&#8211; STUN<br \/>\t\t\t&#8211; DHCP<br \/>\t\t\t&#8211; IPv6<br \/>\t\t\t&#8211; PPPoE<br \/>\t\t\t&#8211; L2TP<br \/>\t\t\t&#8211; OpenVPN<br \/>\t\t\t&#8211; SNTP<br \/>\t\t\t&#8211; FTP\/TFTP<br \/>\t\t\t&#8211; HTTP\/HTTPS<br \/>\t\t\t&#8211; TR-069<br \/>\t\t\t<strong>Alimentaci&oacute;n<\/strong><br \/>\t\t\t&#8211; Potencia: 5V\/2A o PoE<br \/>\t\t\t&#8211; Consumo de energ&iacute;a (PoE): 1,5 W ~ 5,65 W<br \/>\t\t\t&#8211; Consumo de energ&iacute;a (adaptador): 2,13 W ~ 7,46 W<br \/>\t\t\t<strong>Dimensiones y peso<\/strong><br \/>\t\t\t&#8211;<strong> <\/strong>151.7 x 193.2 x 131.7 mm<\/div>\n<\/td>\n<\/tr>\n<tr>\n<td><strong>Fecha revisi&oacute;n<\/strong><\/td>\n<td>13-04-2023 por RTY<\/td>\n<\/tr>\n<\/table>\n","protected":false},"excerpt":{"rendered":"<p>Como tel&eacute;fono IP WiFi con audio HD, Fanvil H3W puede brindarle una experiencia de comunicaci&oacute;n m&aacute;s fluida sin problemas de cableado. M&aacute;s que un tel&eacute;fono IP de hotel, tambi&eacute;n es adecuado para supermercados, hospitales, centros comerciales, etc &nbsp; Marca Fanvil Modelo H3W-Black Caracter&iacute;sticas &#8211; Teclas DSS: 6 &#8211; L&iacute;neas SIP: 2 &#8211; Audio de alta&hellip;&nbsp;<a href=\"https:\/\/aivlisoft.net\/shop\/producto\/fanvil-h3w-b-poe2-sip-lines-6-customized-keys-2\/\" rel=\"bookmark\"><span class=\"screen-reader-text\">Fanvil H3W-B PoE;2 SIP Lines; 6 customized keys ;2<\/span><\/a><\/p>\n","protected":false},"featured_media":22646,"template":"","meta":{"neve_meta_sidebar":"","neve_meta_container":"","neve_meta_enable_content_width":"","neve_meta_content_width":0,"neve_meta_title_alignment":"","neve_meta_author_avatar":"","neve_post_elements_order":"","neve_meta_disable_header":"","neve_meta_disable_footer":"","neve_meta_disable_title":""},"product_brand":[],"product_cat":[15,7909],"product_tag":[8019],"class_list":{"0":"post-22645","1":"product","2":"type-product","3":"status-publish","4":"has-post-thumbnail","6":"product_cat-sin-categorizar","7":"product_cat-telefonia-ip","8":"product_tag-h3w-black","10":"first","11":"instock","12":"taxable","13":"shipping-taxable","14":"purchasable","15":"product-type-simple"},"yoast_head":"<!-- This site is optimized with the Yoast SEO plugin v26.0 - https:\/\/yoast.com\/wordpress\/plugins\/seo\/ -->\n<title>Fanvil H3W-B PoE;2 SIP Lines; 6 customized keys ;2 - Aivlisoft Inform\u00e1tica<\/title>\n<meta name=\"robots\" content=\"index, follow, max-snippet:-1, max-image-preview:large, max-video-preview:-1\" \/>\n<link rel=\"canonical\" href=\"https:\/\/aivlisoft.net\/shop\/producto\/fanvil-h3w-b-poe2-sip-lines-6-customized-keys-2\/\" \/>\n<meta property=\"og:locale\" content=\"es_ES\" \/>\n<meta property=\"og:type\" content=\"article\" \/>\n<meta property=\"og:title\" content=\"Fanvil H3W-B PoE;2 SIP Lines; 6 customized keys ;2 - Aivlisoft Inform\u00e1tica\" \/>\n<meta property=\"og:description\" content=\"Como tel&eacute;fono IP WiFi con audio HD, Fanvil H3W puede brindarle una experiencia de comunicaci&oacute;n m&aacute;s fluida sin problemas de cableado. M&aacute;s que un tel&eacute;fono IP de hotel, tambi&eacute;n es adecuado para supermercados, hospitales, centros comerciales, etc &nbsp; Marca Fanvil Modelo H3W-Black Caracter&iacute;sticas &#8211; Teclas DSS: 6 &#8211; L&iacute;neas SIP: 2 &#8211; Audio de alta&hellip;&nbsp;Fanvil H3W-B PoE;2 SIP Lines; 6 customized keys ;2\" \/>\n<meta property=\"og:url\" content=\"https:\/\/aivlisoft.net\/shop\/producto\/fanvil-h3w-b-poe2-sip-lines-6-customized-keys-2\/\" \/>\n<meta property=\"og:site_name\" content=\"Aivlisoft Inform\u00e1tica\" \/>\n<meta property=\"article:modified_time\" content=\"2025-01-14T13:42:14+00:00\" \/>\n<meta property=\"og:image\" content=\"https:\/\/aivlisoft.net\/shop\/wp-content\/uploads\/2025\/01\/NTITLI0142_800.jpg\" \/>\n\t<meta property=\"og:image:width\" content=\"800\" \/>\n\t<meta property=\"og:image:height\" content=\"800\" \/>\n\t<meta property=\"og:image:type\" content=\"image\/jpeg\" \/>\n<meta name=\"twitter:card\" content=\"summary_large_image\" \/>\n<meta name=\"twitter:label1\" content=\"Tiempo de lectura\" \/>\n\t<meta name=\"twitter:data1\" content=\"2 minutos\" \/>\n<script type=\"application\/ld+json\" class=\"yoast-schema-graph\">{\"@context\":\"https:\/\/schema.org\",\"@graph\":[{\"@type\":\"WebPage\",\"@id\":\"https:\/\/aivlisoft.net\/shop\/producto\/fanvil-h3w-b-poe2-sip-lines-6-customized-keys-2\/\",\"url\":\"https:\/\/aivlisoft.net\/shop\/producto\/fanvil-h3w-b-poe2-sip-lines-6-customized-keys-2\/\",\"name\":\"Fanvil H3W-B PoE;2 SIP Lines; 6 customized keys ;2 - Aivlisoft Inform\u00e1tica\",\"isPartOf\":{\"@id\":\"https:\/\/aivlisoft.net\/shop\/#website\"},\"primaryImageOfPage\":{\"@id\":\"https:\/\/aivlisoft.net\/shop\/producto\/fanvil-h3w-b-poe2-sip-lines-6-customized-keys-2\/#primaryimage\"},\"image\":{\"@id\":\"https:\/\/aivlisoft.net\/shop\/producto\/fanvil-h3w-b-poe2-sip-lines-6-customized-keys-2\/#primaryimage\"},\"thumbnailUrl\":\"https:\/\/aivlisoft.net\/shop\/wp-content\/uploads\/2025\/01\/NTITLI0142_800.jpg\",\"datePublished\":\"2025-01-13T16:08:24+00:00\",\"dateModified\":\"2025-01-14T13:42:14+00:00\",\"breadcrumb\":{\"@id\":\"https:\/\/aivlisoft.net\/shop\/producto\/fanvil-h3w-b-poe2-sip-lines-6-customized-keys-2\/#breadcrumb\"},\"inLanguage\":\"es\",\"potentialAction\":[{\"@type\":\"ReadAction\",\"target\":[\"https:\/\/aivlisoft.net\/shop\/producto\/fanvil-h3w-b-poe2-sip-lines-6-customized-keys-2\/\"]}]},{\"@type\":\"ImageObject\",\"inLanguage\":\"es\",\"@id\":\"https:\/\/aivlisoft.net\/shop\/producto\/fanvil-h3w-b-poe2-sip-lines-6-customized-keys-2\/#primaryimage\",\"url\":\"https:\/\/aivlisoft.net\/shop\/wp-content\/uploads\/2025\/01\/NTITLI0142_800.jpg\",\"contentUrl\":\"https:\/\/aivlisoft.net\/shop\/wp-content\/uploads\/2025\/01\/NTITLI0142_800.jpg\",\"width\":800,\"height\":800},{\"@type\":\"BreadcrumbList\",\"@id\":\"https:\/\/aivlisoft.net\/shop\/producto\/fanvil-h3w-b-poe2-sip-lines-6-customized-keys-2\/#breadcrumb\",\"itemListElement\":[{\"@type\":\"ListItem\",\"position\":1,\"name\":\"Portada\",\"item\":\"https:\/\/aivlisoft.net\/shop\/\"},{\"@type\":\"ListItem\",\"position\":2,\"name\":\"Tienda\",\"item\":\"https:\/\/aivlisoft.net\/shop\/tienda\/\"},{\"@type\":\"ListItem\",\"position\":3,\"name\":\"Fanvil H3W-B PoE;2 SIP Lines; 6 customized keys ;2\"}]},{\"@type\":\"WebSite\",\"@id\":\"https:\/\/aivlisoft.net\/shop\/#website\",\"url\":\"https:\/\/aivlisoft.net\/shop\/\",\"name\":\"Aivlisoft Inform\u00e1tica\",\"description\":\"En Aivlisoft Inform\u00e1tica ofrecemos soluciones tecnol\u00f3gicas para empresas: venta de ordenadores, consumibles, perif\u00e9ricos y m\u00e1s. Calidad, atenci\u00f3n personalizada y los mejores precios para tu negocio.\",\"publisher\":{\"@id\":\"https:\/\/aivlisoft.net\/shop\/#organization\"},\"potentialAction\":[{\"@type\":\"SearchAction\",\"target\":{\"@type\":\"EntryPoint\",\"urlTemplate\":\"https:\/\/aivlisoft.net\/shop\/?s={search_term_string}\"},\"query-input\":{\"@type\":\"PropertyValueSpecification\",\"valueRequired\":true,\"valueName\":\"search_term_string\"}}],\"inLanguage\":\"es\"},{\"@type\":\"Organization\",\"@id\":\"https:\/\/aivlisoft.net\/shop\/#organization\",\"name\":\"Aivlisoft Inform\u00e1tica\",\"url\":\"https:\/\/aivlisoft.net\/shop\/\",\"logo\":{\"@type\":\"ImageObject\",\"inLanguage\":\"es\",\"@id\":\"https:\/\/aivlisoft.net\/shop\/#\/schema\/logo\/image\/\",\"url\":\"https:\/\/aivlisoft.net\/shop\/wp-content\/uploads\/2024\/12\/removal.ai_5b848c54-0cdf-4140-95c5-c5536bb7573b-logodef.png\",\"contentUrl\":\"https:\/\/aivlisoft.net\/shop\/wp-content\/uploads\/2024\/12\/removal.ai_5b848c54-0cdf-4140-95c5-c5536bb7573b-logodef.png\",\"width\":484,\"height\":182,\"caption\":\"Aivlisoft Inform\u00e1tica\"},\"image\":{\"@id\":\"https:\/\/aivlisoft.net\/shop\/#\/schema\/logo\/image\/\"}}]}<\/script>\n<!-- \/ Yoast SEO plugin. -->","yoast_head_json":{"title":"Fanvil H3W-B PoE;2 SIP Lines; 6 customized keys ;2 - Aivlisoft Inform\u00e1tica","robots":{"index":"index","follow":"follow","max-snippet":"max-snippet:-1","max-image-preview":"max-image-preview:large","max-video-preview":"max-video-preview:-1"},"canonical":"https:\/\/aivlisoft.net\/shop\/producto\/fanvil-h3w-b-poe2-sip-lines-6-customized-keys-2\/","og_locale":"es_ES","og_type":"article","og_title":"Fanvil H3W-B PoE;2 SIP Lines; 6 customized keys ;2 - Aivlisoft Inform\u00e1tica","og_description":"Como tel&eacute;fono IP WiFi con audio HD, Fanvil H3W puede brindarle una experiencia de comunicaci&oacute;n m&aacute;s fluida sin problemas de cableado. M&aacute;s que un tel&eacute;fono IP de hotel, tambi&eacute;n es adecuado para supermercados, hospitales, centros comerciales, etc &nbsp; Marca Fanvil Modelo H3W-Black Caracter&iacute;sticas &#8211; Teclas DSS: 6 &#8211; L&iacute;neas SIP: 2 &#8211; Audio de alta&hellip;&nbsp;Fanvil H3W-B PoE;2 SIP Lines; 6 customized keys ;2","og_url":"https:\/\/aivlisoft.net\/shop\/producto\/fanvil-h3w-b-poe2-sip-lines-6-customized-keys-2\/","og_site_name":"Aivlisoft Inform\u00e1tica","article_modified_time":"2025-01-14T13:42:14+00:00","og_image":[{"width":800,"height":800,"url":"https:\/\/aivlisoft.net\/shop\/wp-content\/uploads\/2025\/01\/NTITLI0142_800.jpg","type":"image\/jpeg"}],"twitter_card":"summary_large_image","twitter_misc":{"Tiempo de lectura":"2 minutos"},"schema":{"@context":"https:\/\/schema.org","@graph":[{"@type":"WebPage","@id":"https:\/\/aivlisoft.net\/shop\/producto\/fanvil-h3w-b-poe2-sip-lines-6-customized-keys-2\/","url":"https:\/\/aivlisoft.net\/shop\/producto\/fanvil-h3w-b-poe2-sip-lines-6-customized-keys-2\/","name":"Fanvil H3W-B PoE;2 SIP Lines; 6 customized keys ;2 - Aivlisoft Inform\u00e1tica","isPartOf":{"@id":"https:\/\/aivlisoft.net\/shop\/#website"},"primaryImageOfPage":{"@id":"https:\/\/aivlisoft.net\/shop\/producto\/fanvil-h3w-b-poe2-sip-lines-6-customized-keys-2\/#primaryimage"},"image":{"@id":"https:\/\/aivlisoft.net\/shop\/producto\/fanvil-h3w-b-poe2-sip-lines-6-customized-keys-2\/#primaryimage"},"thumbnailUrl":"https:\/\/aivlisoft.net\/shop\/wp-content\/uploads\/2025\/01\/NTITLI0142_800.jpg","datePublished":"2025-01-13T16:08:24+00:00","dateModified":"2025-01-14T13:42:14+00:00","breadcrumb":{"@id":"https:\/\/aivlisoft.net\/shop\/producto\/fanvil-h3w-b-poe2-sip-lines-6-customized-keys-2\/#breadcrumb"},"inLanguage":"es","potentialAction":[{"@type":"ReadAction","target":["https:\/\/aivlisoft.net\/shop\/producto\/fanvil-h3w-b-poe2-sip-lines-6-customized-keys-2\/"]}]},{"@type":"ImageObject","inLanguage":"es","@id":"https:\/\/aivlisoft.net\/shop\/producto\/fanvil-h3w-b-poe2-sip-lines-6-customized-keys-2\/#primaryimage","url":"https:\/\/aivlisoft.net\/shop\/wp-content\/uploads\/2025\/01\/NTITLI0142_800.jpg","contentUrl":"https:\/\/aivlisoft.net\/shop\/wp-content\/uploads\/2025\/01\/NTITLI0142_800.jpg","width":800,"height":800},{"@type":"BreadcrumbList","@id":"https:\/\/aivlisoft.net\/shop\/producto\/fanvil-h3w-b-poe2-sip-lines-6-customized-keys-2\/#breadcrumb","itemListElement":[{"@type":"ListItem","position":1,"name":"Portada","item":"https:\/\/aivlisoft.net\/shop\/"},{"@type":"ListItem","position":2,"name":"Tienda","item":"https:\/\/aivlisoft.net\/shop\/tienda\/"},{"@type":"ListItem","position":3,"name":"Fanvil H3W-B PoE;2 SIP Lines; 6 customized keys ;2"}]},{"@type":"WebSite","@id":"https:\/\/aivlisoft.net\/shop\/#website","url":"https:\/\/aivlisoft.net\/shop\/","name":"Aivlisoft Inform\u00e1tica","description":"En Aivlisoft Inform\u00e1tica ofrecemos soluciones tecnol\u00f3gicas para empresas: venta de ordenadores, consumibles, perif\u00e9ricos y m\u00e1s. Calidad, atenci\u00f3n personalizada y los mejores precios para tu negocio.","publisher":{"@id":"https:\/\/aivlisoft.net\/shop\/#organization"},"potentialAction":[{"@type":"SearchAction","target":{"@type":"EntryPoint","urlTemplate":"https:\/\/aivlisoft.net\/shop\/?s={search_term_string}"},"query-input":{"@type":"PropertyValueSpecification","valueRequired":true,"valueName":"search_term_string"}}],"inLanguage":"es"},{"@type":"Organization","@id":"https:\/\/aivlisoft.net\/shop\/#organization","name":"Aivlisoft Inform\u00e1tica","url":"https:\/\/aivlisoft.net\/shop\/","logo":{"@type":"ImageObject","inLanguage":"es","@id":"https:\/\/aivlisoft.net\/shop\/#\/schema\/logo\/image\/","url":"https:\/\/aivlisoft.net\/shop\/wp-content\/uploads\/2024\/12\/removal.ai_5b848c54-0cdf-4140-95c5-c5536bb7573b-logodef.png","contentUrl":"https:\/\/aivlisoft.net\/shop\/wp-content\/uploads\/2024\/12\/removal.ai_5b848c54-0cdf-4140-95c5-c5536bb7573b-logodef.png","width":484,"height":182,"caption":"Aivlisoft Inform\u00e1tica"},"image":{"@id":"https:\/\/aivlisoft.net\/shop\/#\/schema\/logo\/image\/"}}]}},"_links":{"self":[{"href":"https:\/\/aivlisoft.net\/shop\/wp-json\/wp\/v2\/product\/22645","targetHints":{"allow":["GET"]}}],"collection":[{"href":"https:\/\/aivlisoft.net\/shop\/wp-json\/wp\/v2\/product"}],"about":[{"href":"https:\/\/aivlisoft.net\/shop\/wp-json\/wp\/v2\/types\/product"}],"wp:featuredmedia":[{"embeddable":true,"href":"https:\/\/aivlisoft.net\/shop\/wp-json\/wp\/v2\/media\/22646"}],"wp:attachment":[{"href":"https:\/\/aivlisoft.net\/shop\/wp-json\/wp\/v2\/media?parent=22645"}],"wp:term":[{"taxonomy":"product_brand","embeddable":true,"href":"https:\/\/aivlisoft.net\/shop\/wp-json\/wp\/v2\/product_brand?post=22645"},{"taxonomy":"product_cat","embeddable":true,"href":"https:\/\/aivlisoft.net\/shop\/wp-json\/wp\/v2\/product_cat?post=22645"},{"taxonomy":"product_tag","embeddable":true,"href":"https:\/\/aivlisoft.net\/shop\/wp-json\/wp\/v2\/product_tag?post=22645"}],"curies":[{"name":"wp","href":"https:\/\/api.w.org\/{rel}","templated":true}]}}