{"id":22632,"date":"2025-01-13T16:08:10","date_gmt":"2025-01-13T16:08:10","guid":{"rendered":"https:\/\/aivlisoft.com\/?post_type=product&#038;p=22632"},"modified":"2025-01-14T13:42:17","modified_gmt":"2025-01-14T13:42:17","slug":"grandstream-ip-phone-grp2604p-poe-3-lineas-audiohd","status":"publish","type":"product","link":"https:\/\/aivlisoft.net\/shop\/producto\/grandstream-ip-phone-grp2604p-poe-3-lineas-audiohd\/","title":{"rendered":"GrandStream IP Phone GRP2604P PoE 3 lineas AudioHD"},"content":{"rendered":"<p>&nbsp;<\/p>\n<table class=\"tabla_caracteristicas\" width=\"100%\">\n<tr>\n<td valign=\"top\"><strong>Marca<\/strong><\/td>\n<td>Grandstream<\/td>\n<\/tr>\n<tr>\n<td valign=\"top\"><strong>Modelo<\/strong><\/td>\n<td><strong>GRP2604P<\/strong><\/td>\n<\/tr>\n<tr>\n<td valign=\"top\"><strong>Pantalla<\/strong><\/td>\n<td>&#8211; Pantalla gr&aacute;fica LCD retroiluminada de 132 x 64 (2.7&rsquo;&rsquo;)<\/td>\n<\/tr>\n<tr>\n<td valign=\"top\"><strong>Conectividad<\/strong><\/td>\n<td>\n<div>&#8211; Dos puertos Ethernet conmutados de 10\/100\/1000 Mbps con detecci&oacute;n autom&aacute;tica, PoE integrado<\/div>\n<\/td>\n<\/tr>\n<tr>\n<td valign=\"top\"><strong>Puertos<\/strong><\/td>\n<td>\n<div>&#8211; Conector RJ9 para auriculares (permitiendo EHS con auriculares Plantronics, Jabra y Sennheiser)<\/div>\n<\/td>\n<\/tr>\n<tr>\n<td valign=\"top\"><strong>Otras Caracter&iacute;sticas<\/strong><\/td>\n<td>\n<div>&#8211; Audio HD, auricular y altavoz HD con soporte para audio de banda ancha<br \/>\t\t\t&#8211; 3 teclas de l&iacute;nea con LED bicolor y soporte para 6 cuentas SIP, 4 teclas inteligentes sensibles al contexto,<br \/>\t\t\t&nbsp; programables con XML, 5 teclas (de navegaci&oacute;n, de men&uacute;), 10 teclas BLF, 8 teclas de funci&oacute;n dedicadas para: MESSAGE (con indicador LED),<br \/>\t\t\t&nbsp; TRANSFER, HEADSET, MUTE, SEND\/REDIAL, SPEAKERPHONE, VOL+, VOL-<br \/>\t\t\t&#8211; Base 2 posiciones angulares disponibles (39&deg; &amp; 45&deg;)<br \/>\t\t\t&#8211; Soporte para G.729A\/B, G.711&mu;\/a-law, G.726, G.722 (banda ancha), G.723, iLBC, OPUS, DTMF en banda y<br \/>\t\t\t&nbsp; fuera de banda (in audio, RFC2833, SIP INFO), VAD, AEC, CNG, PLC, AGC, AJB<br \/>\t\t\t&#8211; Actualizaci&oacute;n de firmware por medio de FTP\/TFTP \/ HTTP \/ HTTPS, aprovisionamiento masivo usando GDMS\/TR-069 o el archivo de configuraci&oacute;n XML cifrado con AES<br \/>\t\t\t<strong>Funciones de Telefon&iacute;a<\/strong><br \/>\t\t\t&#8211; Retenci&oacute;n, transferencia, reenv&iacute;o, conferencia de 5 participantes, estacionamiento de llamadas, captura de llamadas,<br \/>\t\t\t&nbsp; estado de l&iacute;nea compartida (SCA)\/estado de l&iacute;nea en puente (BLA), directorio telef&oacute;nico descargable (XML, LDAP, hasta 2,000 contactos),<br \/>\t\t\t&nbsp; llamada en espera, registro de llamadas (hasta 800 registros), marcaci&oacute;n autom&aacute;tica al descolgar, contestaci&oacute;n autom&aacute;tica, clic para marcar,<br \/>\t\t\t&nbsp; plan de marcaci&oacute;n flexible, hot-desking, tonos de llamada personalizados y m&uacute;sica en espera, redundancia de servidor y conmutaci&oacute;n por error<br \/>\t\t\t&#8211; Idiomas: Ingl&eacute;s, chino, coreano, japon&eacute;s, alem&aacute;n, italiano, franc&eacute;s, espa&ntilde;ol, portugu&eacute;s, ruso, croata y m&aacute;s<br \/>\t\t\t<strong>Seguridad<\/strong><br \/>\t\t\t&#8211; Contrase&ntilde;as a nivel de usuario y administrador, autenticaci&oacute;n basada en MD5 y MD5-sess, archivo de configuraci&oacute;n cifrado con AES de 256 bits,<br \/>\t\t\t&nbsp; SRTP, TLS, control de acceso a medios 802.1x, arranque seguro<br \/>\t\t\t&#8211; FCC: Parte 15 Clase B; FCC Parte 68 HAC;<br \/>\t\t\t&#8211; CE: EN 55032; EN 55035; EN 61000-3-2; EN 61000-3-3; EN 62368-1;<br \/>\t\t\t&#8211; RCM: AS\/NZS CISPR32; AS\/NZS 62368.1; AS\/CA S004;<br \/>\t\t\t&#8211; IC: ICES-003; CS-03<br \/>\t\t\t&#8211; Layer 2 QoS (802.1Q, 802.1P) y Layer 3 (ToS, DiffServ, MPLS) QoS<br \/>\t\t\t&#8211; Protocolos: SIP RFC3261, TCP\/IP\/UDP, RTP\/RTCP, RTCP-XR, HTTP\/HTTPS, ARP, ICMP, DNS (A record, SRV, NAPTR), DHCP, PPPoE,<br \/>\t\t\t&nbsp; SSH, TFTP, NTP, STUN, SIMPLE, LLDP, LDAP, TR-069, SNMP, 802.1x, TLS, SRTP, IPv6<br \/>\t\t\t<strong>Alimentaci&oacute;n<\/strong><br \/>\t\t\t&#8211; Fuente de Alimentaci&oacute;n Universal<br \/>\t\t\t&#8211; Entrada: 100-240 VAC 50-60 Hz; Salida: +5 VDC, 600 mA<br \/>\t\t\t&#8211; PoE: IEEE802.3af Clase 2, 3.84W-6.49W; IEEE802.3az (EEE)<br \/>\t\t\t<strong>Especificaciones F&iacute;sicas<\/strong><br \/>\t\t\t&#8211; Dimensi&oacute;n: 214 mm (Largo) x 206 mm (Ancho) x 68 mm (Alto) (con el auricular)<br \/>\t\t\t&#8211; Peso de la unidad: 790 g<br \/>\t\t\t<strong>Temperatura y Humedad<\/strong><br \/>\t\t\t&#8211; Operaci&oacute;n: 0 &deg;C a 40 &deg;C<br \/>\t\t\t&#8211; Almacenamiento: -10 &deg;C a 60 &deg;C<br \/>\t\t\t&#8211; Humedad: 10% a 90% sin condensaci&oacute;n<\/div>\n<\/td>\n<\/tr>\n<tr>\n<td><strong>Fecha revisi&oacute;n<\/strong><\/td>\n<td>\n<div>02-05-2022 por MPM<\/div>\n<\/td>\n<\/tr>\n<\/table>\n","protected":false},"excerpt":{"rendered":"<p>&nbsp; Marca Grandstream Modelo GRP2604P Pantalla &#8211; Pantalla gr&aacute;fica LCD retroiluminada de 132 x 64 (2.7&rsquo;&rsquo;) Conectividad &#8211; Dos puertos Ethernet conmutados de 10\/100\/1000 Mbps con detecci&oacute;n autom&aacute;tica, PoE integrado Puertos &#8211; Conector RJ9 para auriculares (permitiendo EHS con auriculares Plantronics, Jabra y Sennheiser) Otras Caracter&iacute;sticas &#8211; Audio HD, auricular y altavoz HD con soporte&hellip;&nbsp;<a href=\"https:\/\/aivlisoft.net\/shop\/producto\/grandstream-ip-phone-grp2604p-poe-3-lineas-audiohd\/\" rel=\"bookmark\"><span class=\"screen-reader-text\">GrandStream IP Phone GRP2604P PoE 3 lineas AudioHD<\/span><\/a><\/p>\n","protected":false},"featured_media":22633,"template":"","meta":{"neve_meta_sidebar":"","neve_meta_container":"","neve_meta_enable_content_width":"","neve_meta_content_width":0,"neve_meta_title_alignment":"","neve_meta_author_avatar":"","neve_post_elements_order":"","neve_meta_disable_header":"","neve_meta_disable_footer":"","neve_meta_disable_title":""},"product_brand":[],"product_cat":[15,7909],"product_tag":[8000],"class_list":{"0":"post-22632","1":"product","2":"type-product","3":"status-publish","4":"has-post-thumbnail","6":"product_cat-sin-categorizar","7":"product_cat-telefonia-ip","8":"product_tag-grp2604p","10":"first","11":"instock","12":"taxable","13":"shipping-taxable","14":"purchasable","15":"product-type-simple"},"yoast_head":"<!-- This site is optimized with the Yoast SEO plugin v26.0 - https:\/\/yoast.com\/wordpress\/plugins\/seo\/ -->\n<title>GrandStream IP Phone GRP2604P PoE 3 lineas AudioHD - Aivlisoft Inform\u00e1tica<\/title>\n<meta name=\"robots\" content=\"index, follow, max-snippet:-1, max-image-preview:large, max-video-preview:-1\" \/>\n<link rel=\"canonical\" href=\"https:\/\/aivlisoft.net\/shop\/producto\/grandstream-ip-phone-grp2604p-poe-3-lineas-audiohd\/\" \/>\n<meta property=\"og:locale\" content=\"es_ES\" \/>\n<meta property=\"og:type\" content=\"article\" \/>\n<meta property=\"og:title\" content=\"GrandStream IP Phone GRP2604P PoE 3 lineas AudioHD - Aivlisoft Inform\u00e1tica\" \/>\n<meta property=\"og:description\" content=\"&nbsp; Marca Grandstream Modelo GRP2604P Pantalla &#8211; Pantalla gr&aacute;fica LCD retroiluminada de 132 x 64 (2.7&rsquo;&rsquo;) Conectividad &#8211; Dos puertos Ethernet conmutados de 10\/100\/1000 Mbps con detecci&oacute;n autom&aacute;tica, PoE integrado Puertos &#8211; Conector RJ9 para auriculares (permitiendo EHS con auriculares Plantronics, Jabra y Sennheiser) Otras Caracter&iacute;sticas &#8211; Audio HD, auricular y altavoz HD con soporte&hellip;&nbsp;GrandStream IP Phone GRP2604P PoE 3 lineas AudioHD\" \/>\n<meta property=\"og:url\" content=\"https:\/\/aivlisoft.net\/shop\/producto\/grandstream-ip-phone-grp2604p-poe-3-lineas-audiohd\/\" \/>\n<meta property=\"og:site_name\" content=\"Aivlisoft Inform\u00e1tica\" \/>\n<meta property=\"article:modified_time\" content=\"2025-01-14T13:42:17+00:00\" \/>\n<meta property=\"og:image\" content=\"https:\/\/aivlisoft.net\/shop\/wp-content\/uploads\/2025\/01\/NTITLI0121_800.jpg\" \/>\n\t<meta property=\"og:image:width\" content=\"800\" \/>\n\t<meta property=\"og:image:height\" content=\"800\" \/>\n\t<meta property=\"og:image:type\" content=\"image\/jpeg\" \/>\n<meta name=\"twitter:card\" content=\"summary_large_image\" \/>\n<meta name=\"twitter:label1\" content=\"Tiempo de lectura\" \/>\n\t<meta name=\"twitter:data1\" content=\"3 minutos\" \/>\n<script type=\"application\/ld+json\" class=\"yoast-schema-graph\">{\"@context\":\"https:\/\/schema.org\",\"@graph\":[{\"@type\":\"WebPage\",\"@id\":\"https:\/\/aivlisoft.net\/shop\/producto\/grandstream-ip-phone-grp2604p-poe-3-lineas-audiohd\/\",\"url\":\"https:\/\/aivlisoft.net\/shop\/producto\/grandstream-ip-phone-grp2604p-poe-3-lineas-audiohd\/\",\"name\":\"GrandStream IP Phone GRP2604P PoE 3 lineas AudioHD - Aivlisoft Inform\u00e1tica\",\"isPartOf\":{\"@id\":\"https:\/\/aivlisoft.net\/shop\/#website\"},\"primaryImageOfPage\":{\"@id\":\"https:\/\/aivlisoft.net\/shop\/producto\/grandstream-ip-phone-grp2604p-poe-3-lineas-audiohd\/#primaryimage\"},\"image\":{\"@id\":\"https:\/\/aivlisoft.net\/shop\/producto\/grandstream-ip-phone-grp2604p-poe-3-lineas-audiohd\/#primaryimage\"},\"thumbnailUrl\":\"https:\/\/aivlisoft.net\/shop\/wp-content\/uploads\/2025\/01\/NTITLI0121_800.jpg\",\"datePublished\":\"2025-01-13T16:08:10+00:00\",\"dateModified\":\"2025-01-14T13:42:17+00:00\",\"breadcrumb\":{\"@id\":\"https:\/\/aivlisoft.net\/shop\/producto\/grandstream-ip-phone-grp2604p-poe-3-lineas-audiohd\/#breadcrumb\"},\"inLanguage\":\"es\",\"potentialAction\":[{\"@type\":\"ReadAction\",\"target\":[\"https:\/\/aivlisoft.net\/shop\/producto\/grandstream-ip-phone-grp2604p-poe-3-lineas-audiohd\/\"]}]},{\"@type\":\"ImageObject\",\"inLanguage\":\"es\",\"@id\":\"https:\/\/aivlisoft.net\/shop\/producto\/grandstream-ip-phone-grp2604p-poe-3-lineas-audiohd\/#primaryimage\",\"url\":\"https:\/\/aivlisoft.net\/shop\/wp-content\/uploads\/2025\/01\/NTITLI0121_800.jpg\",\"contentUrl\":\"https:\/\/aivlisoft.net\/shop\/wp-content\/uploads\/2025\/01\/NTITLI0121_800.jpg\",\"width\":800,\"height\":800},{\"@type\":\"BreadcrumbList\",\"@id\":\"https:\/\/aivlisoft.net\/shop\/producto\/grandstream-ip-phone-grp2604p-poe-3-lineas-audiohd\/#breadcrumb\",\"itemListElement\":[{\"@type\":\"ListItem\",\"position\":1,\"name\":\"Portada\",\"item\":\"https:\/\/aivlisoft.net\/shop\/\"},{\"@type\":\"ListItem\",\"position\":2,\"name\":\"Tienda\",\"item\":\"https:\/\/aivlisoft.net\/shop\/tienda\/\"},{\"@type\":\"ListItem\",\"position\":3,\"name\":\"GrandStream IP Phone GRP2604P PoE 3 lineas AudioHD\"}]},{\"@type\":\"WebSite\",\"@id\":\"https:\/\/aivlisoft.net\/shop\/#website\",\"url\":\"https:\/\/aivlisoft.net\/shop\/\",\"name\":\"Aivlisoft Inform\u00e1tica\",\"description\":\"En Aivlisoft Inform\u00e1tica ofrecemos soluciones tecnol\u00f3gicas para empresas: venta de ordenadores, consumibles, perif\u00e9ricos y m\u00e1s. Calidad, atenci\u00f3n personalizada y los mejores precios para tu negocio.\",\"publisher\":{\"@id\":\"https:\/\/aivlisoft.net\/shop\/#organization\"},\"potentialAction\":[{\"@type\":\"SearchAction\",\"target\":{\"@type\":\"EntryPoint\",\"urlTemplate\":\"https:\/\/aivlisoft.net\/shop\/?s={search_term_string}\"},\"query-input\":{\"@type\":\"PropertyValueSpecification\",\"valueRequired\":true,\"valueName\":\"search_term_string\"}}],\"inLanguage\":\"es\"},{\"@type\":\"Organization\",\"@id\":\"https:\/\/aivlisoft.net\/shop\/#organization\",\"name\":\"Aivlisoft Inform\u00e1tica\",\"url\":\"https:\/\/aivlisoft.net\/shop\/\",\"logo\":{\"@type\":\"ImageObject\",\"inLanguage\":\"es\",\"@id\":\"https:\/\/aivlisoft.net\/shop\/#\/schema\/logo\/image\/\",\"url\":\"https:\/\/aivlisoft.net\/shop\/wp-content\/uploads\/2024\/12\/removal.ai_5b848c54-0cdf-4140-95c5-c5536bb7573b-logodef.png\",\"contentUrl\":\"https:\/\/aivlisoft.net\/shop\/wp-content\/uploads\/2024\/12\/removal.ai_5b848c54-0cdf-4140-95c5-c5536bb7573b-logodef.png\",\"width\":484,\"height\":182,\"caption\":\"Aivlisoft Inform\u00e1tica\"},\"image\":{\"@id\":\"https:\/\/aivlisoft.net\/shop\/#\/schema\/logo\/image\/\"}}]}<\/script>\n<!-- \/ Yoast SEO plugin. -->","yoast_head_json":{"title":"GrandStream IP Phone GRP2604P PoE 3 lineas AudioHD - Aivlisoft Inform\u00e1tica","robots":{"index":"index","follow":"follow","max-snippet":"max-snippet:-1","max-image-preview":"max-image-preview:large","max-video-preview":"max-video-preview:-1"},"canonical":"https:\/\/aivlisoft.net\/shop\/producto\/grandstream-ip-phone-grp2604p-poe-3-lineas-audiohd\/","og_locale":"es_ES","og_type":"article","og_title":"GrandStream IP Phone GRP2604P PoE 3 lineas AudioHD - Aivlisoft Inform\u00e1tica","og_description":"&nbsp; Marca Grandstream Modelo GRP2604P Pantalla &#8211; Pantalla gr&aacute;fica LCD retroiluminada de 132 x 64 (2.7&rsquo;&rsquo;) Conectividad &#8211; Dos puertos Ethernet conmutados de 10\/100\/1000 Mbps con detecci&oacute;n autom&aacute;tica, PoE integrado Puertos &#8211; Conector RJ9 para auriculares (permitiendo EHS con auriculares Plantronics, Jabra y Sennheiser) Otras Caracter&iacute;sticas &#8211; Audio HD, auricular y altavoz HD con soporte&hellip;&nbsp;GrandStream IP Phone GRP2604P PoE 3 lineas AudioHD","og_url":"https:\/\/aivlisoft.net\/shop\/producto\/grandstream-ip-phone-grp2604p-poe-3-lineas-audiohd\/","og_site_name":"Aivlisoft Inform\u00e1tica","article_modified_time":"2025-01-14T13:42:17+00:00","og_image":[{"width":800,"height":800,"url":"https:\/\/aivlisoft.net\/shop\/wp-content\/uploads\/2025\/01\/NTITLI0121_800.jpg","type":"image\/jpeg"}],"twitter_card":"summary_large_image","twitter_misc":{"Tiempo de lectura":"3 minutos"},"schema":{"@context":"https:\/\/schema.org","@graph":[{"@type":"WebPage","@id":"https:\/\/aivlisoft.net\/shop\/producto\/grandstream-ip-phone-grp2604p-poe-3-lineas-audiohd\/","url":"https:\/\/aivlisoft.net\/shop\/producto\/grandstream-ip-phone-grp2604p-poe-3-lineas-audiohd\/","name":"GrandStream IP Phone GRP2604P PoE 3 lineas AudioHD - Aivlisoft Inform\u00e1tica","isPartOf":{"@id":"https:\/\/aivlisoft.net\/shop\/#website"},"primaryImageOfPage":{"@id":"https:\/\/aivlisoft.net\/shop\/producto\/grandstream-ip-phone-grp2604p-poe-3-lineas-audiohd\/#primaryimage"},"image":{"@id":"https:\/\/aivlisoft.net\/shop\/producto\/grandstream-ip-phone-grp2604p-poe-3-lineas-audiohd\/#primaryimage"},"thumbnailUrl":"https:\/\/aivlisoft.net\/shop\/wp-content\/uploads\/2025\/01\/NTITLI0121_800.jpg","datePublished":"2025-01-13T16:08:10+00:00","dateModified":"2025-01-14T13:42:17+00:00","breadcrumb":{"@id":"https:\/\/aivlisoft.net\/shop\/producto\/grandstream-ip-phone-grp2604p-poe-3-lineas-audiohd\/#breadcrumb"},"inLanguage":"es","potentialAction":[{"@type":"ReadAction","target":["https:\/\/aivlisoft.net\/shop\/producto\/grandstream-ip-phone-grp2604p-poe-3-lineas-audiohd\/"]}]},{"@type":"ImageObject","inLanguage":"es","@id":"https:\/\/aivlisoft.net\/shop\/producto\/grandstream-ip-phone-grp2604p-poe-3-lineas-audiohd\/#primaryimage","url":"https:\/\/aivlisoft.net\/shop\/wp-content\/uploads\/2025\/01\/NTITLI0121_800.jpg","contentUrl":"https:\/\/aivlisoft.net\/shop\/wp-content\/uploads\/2025\/01\/NTITLI0121_800.jpg","width":800,"height":800},{"@type":"BreadcrumbList","@id":"https:\/\/aivlisoft.net\/shop\/producto\/grandstream-ip-phone-grp2604p-poe-3-lineas-audiohd\/#breadcrumb","itemListElement":[{"@type":"ListItem","position":1,"name":"Portada","item":"https:\/\/aivlisoft.net\/shop\/"},{"@type":"ListItem","position":2,"name":"Tienda","item":"https:\/\/aivlisoft.net\/shop\/tienda\/"},{"@type":"ListItem","position":3,"name":"GrandStream IP Phone GRP2604P PoE 3 lineas AudioHD"}]},{"@type":"WebSite","@id":"https:\/\/aivlisoft.net\/shop\/#website","url":"https:\/\/aivlisoft.net\/shop\/","name":"Aivlisoft Inform\u00e1tica","description":"En Aivlisoft Inform\u00e1tica ofrecemos soluciones tecnol\u00f3gicas para empresas: venta de ordenadores, consumibles, perif\u00e9ricos y m\u00e1s. Calidad, atenci\u00f3n personalizada y los mejores precios para tu negocio.","publisher":{"@id":"https:\/\/aivlisoft.net\/shop\/#organization"},"potentialAction":[{"@type":"SearchAction","target":{"@type":"EntryPoint","urlTemplate":"https:\/\/aivlisoft.net\/shop\/?s={search_term_string}"},"query-input":{"@type":"PropertyValueSpecification","valueRequired":true,"valueName":"search_term_string"}}],"inLanguage":"es"},{"@type":"Organization","@id":"https:\/\/aivlisoft.net\/shop\/#organization","name":"Aivlisoft Inform\u00e1tica","url":"https:\/\/aivlisoft.net\/shop\/","logo":{"@type":"ImageObject","inLanguage":"es","@id":"https:\/\/aivlisoft.net\/shop\/#\/schema\/logo\/image\/","url":"https:\/\/aivlisoft.net\/shop\/wp-content\/uploads\/2024\/12\/removal.ai_5b848c54-0cdf-4140-95c5-c5536bb7573b-logodef.png","contentUrl":"https:\/\/aivlisoft.net\/shop\/wp-content\/uploads\/2024\/12\/removal.ai_5b848c54-0cdf-4140-95c5-c5536bb7573b-logodef.png","width":484,"height":182,"caption":"Aivlisoft Inform\u00e1tica"},"image":{"@id":"https:\/\/aivlisoft.net\/shop\/#\/schema\/logo\/image\/"}}]}},"_links":{"self":[{"href":"https:\/\/aivlisoft.net\/shop\/wp-json\/wp\/v2\/product\/22632","targetHints":{"allow":["GET"]}}],"collection":[{"href":"https:\/\/aivlisoft.net\/shop\/wp-json\/wp\/v2\/product"}],"about":[{"href":"https:\/\/aivlisoft.net\/shop\/wp-json\/wp\/v2\/types\/product"}],"wp:featuredmedia":[{"embeddable":true,"href":"https:\/\/aivlisoft.net\/shop\/wp-json\/wp\/v2\/media\/22633"}],"wp:attachment":[{"href":"https:\/\/aivlisoft.net\/shop\/wp-json\/wp\/v2\/media?parent=22632"}],"wp:term":[{"taxonomy":"product_brand","embeddable":true,"href":"https:\/\/aivlisoft.net\/shop\/wp-json\/wp\/v2\/product_brand?post=22632"},{"taxonomy":"product_cat","embeddable":true,"href":"https:\/\/aivlisoft.net\/shop\/wp-json\/wp\/v2\/product_cat?post=22632"},{"taxonomy":"product_tag","embeddable":true,"href":"https:\/\/aivlisoft.net\/shop\/wp-json\/wp\/v2\/product_tag?post=22632"}],"curies":[{"name":"wp","href":"https:\/\/api.w.org\/{rel}","templated":true}]}}