{"id":22552,"date":"2025-01-13T16:07:14","date_gmt":"2025-01-13T16:07:14","guid":{"rendered":"https:\/\/aivlisoft.com\/?post_type=product&#038;p=22552"},"modified":"2025-01-14T13:42:32","modified_gmt":"2025-01-14T13:42:32","slug":"grandstream-telefono-ip-dect-dp720","status":"publish","type":"product","link":"https:\/\/aivlisoft.net\/shop\/producto\/grandstream-telefono-ip-dect-dp720\/","title":{"rendered":"Grandstream Telefono IP DECT DP720"},"content":{"rendered":"<p>El DP720 es un tel&eacute;fono VoIP DECT inal&aacute;mbrico que permite a los usuarios movilizar su red VoIP a trav&eacute;s de cualquier empresa, bodega, tienda minorista y ambiente residencial. Es soportado por la estaci&oacute;n base VoIP DECT DP750 de Grandstream y ofrece una combinaci&oacute;n de movilidad y excelentes cualidades t&eacute;cnicas de la telefon&iacute;a. Hasta cinco tel&eacute;fonos DP720 son soportados en cada estaci&oacute;n DP750 mientras que cada tel&eacute;fono DP720 soporta un alcance de hasta 300 metros afuera y 50 metros adentro desde la estaci&oacute;n base. El tel&eacute;fono DP720 ofrece un conjunto de excelentes funciones de telefon&iacute;a incluyendo el soporte de hasta 10 cuentas SIP por tel&eacute;fono, audio full HD, un conector de auricular de 3.5 mm, soporte en m&uacute;ltiples idiomas, un altavoz y m&aacute;s. Cuando se enlaza con la Estaci&oacute;n Base DECT DP750 de Grandstream, el tel&eacute;fono DP720 ofrece un poderoso tel&eacute;fono VoIP DECT que permite a cualquier usuario empresarial o residencial crear una soluci&oacute;n VoIP inal&aacute;mbrica.<\/p>\n<table class=\"tabla_Caracteristicas k-table\" width=\"100%\">\n<tbody>\n<tr>\n<td valign=\"top\"><strong>Marca<\/strong><\/td>\n<td>Grandstream<\/td>\n<\/tr>\n<tr>\n<td valign=\"top\"><strong>Modelo<\/strong><\/td>\n<td><strong>DP720<\/strong><\/td>\n<\/tr>\n<tr>\n<td valign=\"top\"><strong>Caracteristicas<\/strong><\/td>\n<td>&#8211; Es soportado por la estaci&oacute;n base VoIP DECT DP750 de Grandstream<br \/>&#8211; Hasta cinco tel&eacute;fonos DP720 son soportados en cada estaci&oacute;n DP750<br \/>&#8211; Que cada tel&eacute;fono DP720 soporta un alcance de hasta 300 metros afuera y 50 metros adentro desde la estaci&oacute;n base<br \/>&#8211; Hasta 10 cuentas SIP por tel&eacute;fono<br \/>&#8211; Audio HD para maximizar la calidad y claridad del audio; altavoz \u00abfull-d&uacute;plex\u00bb<br \/>&#8211; Conector de auricular de 3.5 mm, Conferencia de audio de 3 v&iacute;as<br \/>&#8211; Las opciones de aprovisionamiento autom&aacute;tico incluyen TR-069 y archivos de configuraci&oacute;n XML<br \/>&#8211; Tecnolog&iacute;a de autenticaci&oacute;n y cifrado DECT para proteger llamadas y cuentas<\/td>\n<\/tr>\n<tr>\n<td><strong>Fecha revisi&oacute;n<\/strong><\/td>\n<td>29-09-2016 por MSB<\/td>\n<\/tr>\n<\/tbody>\n<\/table>\n","protected":false},"excerpt":{"rendered":"<p>El DP720 es un tel&eacute;fono VoIP DECT inal&aacute;mbrico que permite a los usuarios movilizar su red VoIP a trav&eacute;s de cualquier empresa, bodega, tienda minorista y ambiente residencial. Es soportado por la estaci&oacute;n base VoIP DECT DP750 de Grandstream y ofrece una combinaci&oacute;n de movilidad y excelentes cualidades t&eacute;cnicas de la telefon&iacute;a. Hasta cinco tel&eacute;fonos&hellip;&nbsp;<a href=\"https:\/\/aivlisoft.net\/shop\/producto\/grandstream-telefono-ip-dect-dp720\/\" rel=\"bookmark\"><span class=\"screen-reader-text\">Grandstream Telefono IP DECT DP720<\/span><\/a><\/p>\n","protected":false},"featured_media":22553,"template":"","meta":{"neve_meta_sidebar":"","neve_meta_container":"","neve_meta_enable_content_width":"","neve_meta_content_width":0,"neve_meta_title_alignment":"","neve_meta_author_avatar":"","neve_post_elements_order":"","neve_meta_disable_header":"","neve_meta_disable_footer":"","neve_meta_disable_title":""},"product_brand":[],"product_cat":[15,7909],"product_tag":[7969],"class_list":{"0":"post-22552","1":"product","2":"type-product","3":"status-publish","4":"has-post-thumbnail","6":"product_cat-sin-categorizar","7":"product_cat-telefonia-ip","8":"product_tag-dp720","10":"first","11":"instock","12":"taxable","13":"shipping-taxable","14":"purchasable","15":"product-type-simple"},"yoast_head":"<!-- This site is optimized with the Yoast SEO plugin v26.0 - https:\/\/yoast.com\/wordpress\/plugins\/seo\/ -->\n<title>Grandstream Telefono IP DECT DP720 - Aivlisoft Inform\u00e1tica<\/title>\n<meta name=\"robots\" content=\"index, follow, max-snippet:-1, max-image-preview:large, max-video-preview:-1\" \/>\n<link rel=\"canonical\" href=\"https:\/\/aivlisoft.net\/shop\/producto\/grandstream-telefono-ip-dect-dp720\/\" \/>\n<meta property=\"og:locale\" content=\"es_ES\" \/>\n<meta property=\"og:type\" content=\"article\" \/>\n<meta property=\"og:title\" content=\"Grandstream Telefono IP DECT DP720 - Aivlisoft Inform\u00e1tica\" \/>\n<meta property=\"og:description\" content=\"El DP720 es un tel&eacute;fono VoIP DECT inal&aacute;mbrico que permite a los usuarios movilizar su red VoIP a trav&eacute;s de cualquier empresa, bodega, tienda minorista y ambiente residencial. Es soportado por la estaci&oacute;n base VoIP DECT DP750 de Grandstream y ofrece una combinaci&oacute;n de movilidad y excelentes cualidades t&eacute;cnicas de la telefon&iacute;a. Hasta cinco tel&eacute;fonos&hellip;&nbsp;Grandstream Telefono IP DECT DP720\" \/>\n<meta property=\"og:url\" content=\"https:\/\/aivlisoft.net\/shop\/producto\/grandstream-telefono-ip-dect-dp720\/\" \/>\n<meta property=\"og:site_name\" content=\"Aivlisoft Inform\u00e1tica\" \/>\n<meta property=\"article:modified_time\" content=\"2025-01-14T13:42:32+00:00\" \/>\n<meta property=\"og:image\" content=\"https:\/\/aivlisoft.net\/shop\/wp-content\/uploads\/2025\/01\/NTITLI0016_800.jpg\" \/>\n\t<meta property=\"og:image:width\" content=\"800\" \/>\n\t<meta property=\"og:image:height\" content=\"800\" \/>\n\t<meta property=\"og:image:type\" content=\"image\/jpeg\" \/>\n<meta name=\"twitter:card\" content=\"summary_large_image\" \/>\n<meta name=\"twitter:label1\" content=\"Tiempo de lectura\" \/>\n\t<meta name=\"twitter:data1\" content=\"2 minutos\" \/>\n<script type=\"application\/ld+json\" class=\"yoast-schema-graph\">{\"@context\":\"https:\/\/schema.org\",\"@graph\":[{\"@type\":\"WebPage\",\"@id\":\"https:\/\/aivlisoft.net\/shop\/producto\/grandstream-telefono-ip-dect-dp720\/\",\"url\":\"https:\/\/aivlisoft.net\/shop\/producto\/grandstream-telefono-ip-dect-dp720\/\",\"name\":\"Grandstream Telefono IP DECT DP720 - Aivlisoft Inform\u00e1tica\",\"isPartOf\":{\"@id\":\"https:\/\/aivlisoft.net\/shop\/#website\"},\"primaryImageOfPage\":{\"@id\":\"https:\/\/aivlisoft.net\/shop\/producto\/grandstream-telefono-ip-dect-dp720\/#primaryimage\"},\"image\":{\"@id\":\"https:\/\/aivlisoft.net\/shop\/producto\/grandstream-telefono-ip-dect-dp720\/#primaryimage\"},\"thumbnailUrl\":\"https:\/\/aivlisoft.net\/shop\/wp-content\/uploads\/2025\/01\/NTITLI0016_800.jpg\",\"datePublished\":\"2025-01-13T16:07:14+00:00\",\"dateModified\":\"2025-01-14T13:42:32+00:00\",\"breadcrumb\":{\"@id\":\"https:\/\/aivlisoft.net\/shop\/producto\/grandstream-telefono-ip-dect-dp720\/#breadcrumb\"},\"inLanguage\":\"es\",\"potentialAction\":[{\"@type\":\"ReadAction\",\"target\":[\"https:\/\/aivlisoft.net\/shop\/producto\/grandstream-telefono-ip-dect-dp720\/\"]}]},{\"@type\":\"ImageObject\",\"inLanguage\":\"es\",\"@id\":\"https:\/\/aivlisoft.net\/shop\/producto\/grandstream-telefono-ip-dect-dp720\/#primaryimage\",\"url\":\"https:\/\/aivlisoft.net\/shop\/wp-content\/uploads\/2025\/01\/NTITLI0016_800.jpg\",\"contentUrl\":\"https:\/\/aivlisoft.net\/shop\/wp-content\/uploads\/2025\/01\/NTITLI0016_800.jpg\",\"width\":800,\"height\":800},{\"@type\":\"BreadcrumbList\",\"@id\":\"https:\/\/aivlisoft.net\/shop\/producto\/grandstream-telefono-ip-dect-dp720\/#breadcrumb\",\"itemListElement\":[{\"@type\":\"ListItem\",\"position\":1,\"name\":\"Portada\",\"item\":\"https:\/\/aivlisoft.net\/shop\/\"},{\"@type\":\"ListItem\",\"position\":2,\"name\":\"Tienda\",\"item\":\"https:\/\/aivlisoft.net\/shop\/tienda\/\"},{\"@type\":\"ListItem\",\"position\":3,\"name\":\"Grandstream Telefono IP DECT DP720\"}]},{\"@type\":\"WebSite\",\"@id\":\"https:\/\/aivlisoft.net\/shop\/#website\",\"url\":\"https:\/\/aivlisoft.net\/shop\/\",\"name\":\"Aivlisoft Inform\u00e1tica\",\"description\":\"En Aivlisoft Inform\u00e1tica ofrecemos soluciones tecnol\u00f3gicas para empresas: venta de ordenadores, consumibles, perif\u00e9ricos y m\u00e1s. Calidad, atenci\u00f3n personalizada y los mejores precios para tu negocio.\",\"publisher\":{\"@id\":\"https:\/\/aivlisoft.net\/shop\/#organization\"},\"potentialAction\":[{\"@type\":\"SearchAction\",\"target\":{\"@type\":\"EntryPoint\",\"urlTemplate\":\"https:\/\/aivlisoft.net\/shop\/?s={search_term_string}\"},\"query-input\":{\"@type\":\"PropertyValueSpecification\",\"valueRequired\":true,\"valueName\":\"search_term_string\"}}],\"inLanguage\":\"es\"},{\"@type\":\"Organization\",\"@id\":\"https:\/\/aivlisoft.net\/shop\/#organization\",\"name\":\"Aivlisoft Inform\u00e1tica\",\"url\":\"https:\/\/aivlisoft.net\/shop\/\",\"logo\":{\"@type\":\"ImageObject\",\"inLanguage\":\"es\",\"@id\":\"https:\/\/aivlisoft.net\/shop\/#\/schema\/logo\/image\/\",\"url\":\"https:\/\/aivlisoft.net\/shop\/wp-content\/uploads\/2024\/12\/removal.ai_5b848c54-0cdf-4140-95c5-c5536bb7573b-logodef.png\",\"contentUrl\":\"https:\/\/aivlisoft.net\/shop\/wp-content\/uploads\/2024\/12\/removal.ai_5b848c54-0cdf-4140-95c5-c5536bb7573b-logodef.png\",\"width\":484,\"height\":182,\"caption\":\"Aivlisoft Inform\u00e1tica\"},\"image\":{\"@id\":\"https:\/\/aivlisoft.net\/shop\/#\/schema\/logo\/image\/\"}}]}<\/script>\n<!-- \/ Yoast SEO plugin. -->","yoast_head_json":{"title":"Grandstream Telefono IP DECT DP720 - Aivlisoft Inform\u00e1tica","robots":{"index":"index","follow":"follow","max-snippet":"max-snippet:-1","max-image-preview":"max-image-preview:large","max-video-preview":"max-video-preview:-1"},"canonical":"https:\/\/aivlisoft.net\/shop\/producto\/grandstream-telefono-ip-dect-dp720\/","og_locale":"es_ES","og_type":"article","og_title":"Grandstream Telefono IP DECT DP720 - Aivlisoft Inform\u00e1tica","og_description":"El DP720 es un tel&eacute;fono VoIP DECT inal&aacute;mbrico que permite a los usuarios movilizar su red VoIP a trav&eacute;s de cualquier empresa, bodega, tienda minorista y ambiente residencial. Es soportado por la estaci&oacute;n base VoIP DECT DP750 de Grandstream y ofrece una combinaci&oacute;n de movilidad y excelentes cualidades t&eacute;cnicas de la telefon&iacute;a. Hasta cinco tel&eacute;fonos&hellip;&nbsp;Grandstream Telefono IP DECT DP720","og_url":"https:\/\/aivlisoft.net\/shop\/producto\/grandstream-telefono-ip-dect-dp720\/","og_site_name":"Aivlisoft Inform\u00e1tica","article_modified_time":"2025-01-14T13:42:32+00:00","og_image":[{"width":800,"height":800,"url":"https:\/\/aivlisoft.net\/shop\/wp-content\/uploads\/2025\/01\/NTITLI0016_800.jpg","type":"image\/jpeg"}],"twitter_card":"summary_large_image","twitter_misc":{"Tiempo de lectura":"2 minutos"},"schema":{"@context":"https:\/\/schema.org","@graph":[{"@type":"WebPage","@id":"https:\/\/aivlisoft.net\/shop\/producto\/grandstream-telefono-ip-dect-dp720\/","url":"https:\/\/aivlisoft.net\/shop\/producto\/grandstream-telefono-ip-dect-dp720\/","name":"Grandstream Telefono IP DECT DP720 - Aivlisoft Inform\u00e1tica","isPartOf":{"@id":"https:\/\/aivlisoft.net\/shop\/#website"},"primaryImageOfPage":{"@id":"https:\/\/aivlisoft.net\/shop\/producto\/grandstream-telefono-ip-dect-dp720\/#primaryimage"},"image":{"@id":"https:\/\/aivlisoft.net\/shop\/producto\/grandstream-telefono-ip-dect-dp720\/#primaryimage"},"thumbnailUrl":"https:\/\/aivlisoft.net\/shop\/wp-content\/uploads\/2025\/01\/NTITLI0016_800.jpg","datePublished":"2025-01-13T16:07:14+00:00","dateModified":"2025-01-14T13:42:32+00:00","breadcrumb":{"@id":"https:\/\/aivlisoft.net\/shop\/producto\/grandstream-telefono-ip-dect-dp720\/#breadcrumb"},"inLanguage":"es","potentialAction":[{"@type":"ReadAction","target":["https:\/\/aivlisoft.net\/shop\/producto\/grandstream-telefono-ip-dect-dp720\/"]}]},{"@type":"ImageObject","inLanguage":"es","@id":"https:\/\/aivlisoft.net\/shop\/producto\/grandstream-telefono-ip-dect-dp720\/#primaryimage","url":"https:\/\/aivlisoft.net\/shop\/wp-content\/uploads\/2025\/01\/NTITLI0016_800.jpg","contentUrl":"https:\/\/aivlisoft.net\/shop\/wp-content\/uploads\/2025\/01\/NTITLI0016_800.jpg","width":800,"height":800},{"@type":"BreadcrumbList","@id":"https:\/\/aivlisoft.net\/shop\/producto\/grandstream-telefono-ip-dect-dp720\/#breadcrumb","itemListElement":[{"@type":"ListItem","position":1,"name":"Portada","item":"https:\/\/aivlisoft.net\/shop\/"},{"@type":"ListItem","position":2,"name":"Tienda","item":"https:\/\/aivlisoft.net\/shop\/tienda\/"},{"@type":"ListItem","position":3,"name":"Grandstream Telefono IP DECT DP720"}]},{"@type":"WebSite","@id":"https:\/\/aivlisoft.net\/shop\/#website","url":"https:\/\/aivlisoft.net\/shop\/","name":"Aivlisoft Inform\u00e1tica","description":"En Aivlisoft Inform\u00e1tica ofrecemos soluciones tecnol\u00f3gicas para empresas: venta de ordenadores, consumibles, perif\u00e9ricos y m\u00e1s. Calidad, atenci\u00f3n personalizada y los mejores precios para tu negocio.","publisher":{"@id":"https:\/\/aivlisoft.net\/shop\/#organization"},"potentialAction":[{"@type":"SearchAction","target":{"@type":"EntryPoint","urlTemplate":"https:\/\/aivlisoft.net\/shop\/?s={search_term_string}"},"query-input":{"@type":"PropertyValueSpecification","valueRequired":true,"valueName":"search_term_string"}}],"inLanguage":"es"},{"@type":"Organization","@id":"https:\/\/aivlisoft.net\/shop\/#organization","name":"Aivlisoft Inform\u00e1tica","url":"https:\/\/aivlisoft.net\/shop\/","logo":{"@type":"ImageObject","inLanguage":"es","@id":"https:\/\/aivlisoft.net\/shop\/#\/schema\/logo\/image\/","url":"https:\/\/aivlisoft.net\/shop\/wp-content\/uploads\/2024\/12\/removal.ai_5b848c54-0cdf-4140-95c5-c5536bb7573b-logodef.png","contentUrl":"https:\/\/aivlisoft.net\/shop\/wp-content\/uploads\/2024\/12\/removal.ai_5b848c54-0cdf-4140-95c5-c5536bb7573b-logodef.png","width":484,"height":182,"caption":"Aivlisoft Inform\u00e1tica"},"image":{"@id":"https:\/\/aivlisoft.net\/shop\/#\/schema\/logo\/image\/"}}]}},"_links":{"self":[{"href":"https:\/\/aivlisoft.net\/shop\/wp-json\/wp\/v2\/product\/22552","targetHints":{"allow":["GET"]}}],"collection":[{"href":"https:\/\/aivlisoft.net\/shop\/wp-json\/wp\/v2\/product"}],"about":[{"href":"https:\/\/aivlisoft.net\/shop\/wp-json\/wp\/v2\/types\/product"}],"wp:featuredmedia":[{"embeddable":true,"href":"https:\/\/aivlisoft.net\/shop\/wp-json\/wp\/v2\/media\/22553"}],"wp:attachment":[{"href":"https:\/\/aivlisoft.net\/shop\/wp-json\/wp\/v2\/media?parent=22552"}],"wp:term":[{"taxonomy":"product_brand","embeddable":true,"href":"https:\/\/aivlisoft.net\/shop\/wp-json\/wp\/v2\/product_brand?post=22552"},{"taxonomy":"product_cat","embeddable":true,"href":"https:\/\/aivlisoft.net\/shop\/wp-json\/wp\/v2\/product_cat?post=22552"},{"taxonomy":"product_tag","embeddable":true,"href":"https:\/\/aivlisoft.net\/shop\/wp-json\/wp\/v2\/product_tag?post=22552"}],"curies":[{"name":"wp","href":"https:\/\/api.w.org\/{rel}","templated":true}]}}