{"id":22538,"date":"2025-01-13T16:07:06","date_gmt":"2025-01-13T16:07:06","guid":{"rendered":"https:\/\/aivlisoft.com\/?post_type=product&#038;p=22538"},"modified":"2025-01-14T13:42:35","modified_gmt":"2025-01-14T13:42:35","slug":"grandstream-telefono-ip-gxp1625","status":"publish","type":"product","link":"https:\/\/aivlisoft.net\/shop\/producto\/grandstream-telefono-ip-gxp1625\/","title":{"rendered":"Grandstream Telefono IP GXP1625"},"content":{"rendered":"<div>\n<div>El <strong>GXP1620\/1625<\/strong> es un tel&eacute;fono IP est&aacute;ndar de Grandstream para peque&ntilde;as empresas. Este modelo basado en Linux ofrece 2 l&iacute;neas, 3 teclas XML programables, audio HD y conferencia de 3 v&iacute;as. Una pantalla LCD de 132 x 48 crea una imagen clara para una f&aacute;cil visualizaci&oacute;n. Tanto el GXP1620, como el <strong>GXP1625<\/strong> incluyen puertos dobles de red de 10\/100mb y el<strong> GXP1625<\/strong> incluye PoE integrado. Las funciones adicionales como soporte multilenguaje, soporte de Electronic Hook Switch para aud&iacute;fonos Plantronics y llamada en espera permiten al <strong>GXP1620<\/strong> y al <strong>GXP1625<\/strong> ser tel&eacute;fonos IP confiables, f&aacute;ciles de usar y de alta calidad.<\/div>\n<\/div>\n<p><\/p>\n<table class=\"tabla_Caracteristicas\" width=\"100%\">\n<tbody>\n<tr>\n<td valign=\"top\"><strong>Marca<\/strong><\/td>\n<td>Grandstream<\/td>\n<\/tr>\n<tr>\n<td valign=\"top\"><strong>Modelo<\/strong><\/td>\n<td><strong>GXP1625<\/strong><\/td>\n<\/tr>\n<tr>\n<td valign=\"top\"><strong>Pantalla<\/strong><\/td>\n<td>&#8211; LCD con luz de fondo de 132 x 48 pixeles<\/td>\n<\/tr>\n<tr>\n<td valign=\"top\"><strong>Puertos<\/strong><\/td>\n<td>\n<div>&#8211; Ethernet dobles conmutados de 10\/100 Mbps<\/div>\n<div>&nbsp; con detecci&oacute;n autom&aacute;tica<\/div>\n<div>&#8211; PoE: ieee802.3af Class 2, 3.84W-6.49W<\/div>\n<\/td>\n<\/tr>\n<tr>\n<td valign=\"top\"><strong>Voz<\/strong><\/td>\n<td>\n<div>&#8211; C&oacute;decs de Voz: Soporte para G.711&mu;\/a,<\/div>\n<div>&nbsp; G.722 (banda ancha), G.723 (pendiente),<\/div>\n<div>&nbsp; G.726-32, G.729 A\/B, DTMF en banda y fuera<\/div>\n<div>&nbsp; de banda (In audio, RFC2833, SIP INFO), VAD,<\/div>\n<div>&nbsp; CNG, AEC, PLC, AJB, AGC<\/div>\n<\/td>\n<\/tr>\n<tr>\n<td valign=\"top\"><strong>Telefon&iacute;a<\/strong><\/td>\n<td>\n<div>&#8211; Retenci&oacute;n, transferencia, reenv&iacute;o (incondicional\/no<\/div>\n<div>&nbsp; respuesta\/ocupado), conferencia de 3 v&iacute;as,<\/div>\n<div>&nbsp; estacionamiento\/recuperaci&oacute;n de llamadas, marcaci&oacute;n<\/div>\n<div>&nbsp; autom&aacute;tica al descolgar, respuesta autom&aacute;tica, hacer<\/div>\n<div>&nbsp; clic para marcar, plan de marcaci&oacute;n flexible, estaciones<\/div>\n<div>&nbsp; de trabajo compartidas (hot desking), tonos de llamadas<\/div>\n<div>&nbsp; con m&uacute;sica personalizada, redundancia de servidores<\/div>\n<div>&nbsp; y conmutaci&oacute;n por error (fail-over)<\/div>\n<\/td>\n<\/tr>\n<tr>\n<td valign=\"top\">\n<div><strong>Otras<\/strong><\/div>\n<div><strong>caracteristicas<\/strong><\/div>\n<\/td>\n<td>\n<div>&#8211; Protocolos\/Normas: SIP RFC3261, TCP\/IP\/UDP,<\/div>\n<div>&nbsp; RTP\/RTCP, HTTP\/HTTPS, ARP\/RARP, ICMP, DNS<\/div>\n<div>&nbsp; (A record, SRV, NAPTR), DHCP, PPPoE, SSH, TFTP,<\/div>\n<div>&nbsp; NTP, STUN, SIMPLE, LLDP-MED, LDAP, TR-069,<\/div>\n<div>&nbsp; 802.1x, TLS, SRTP<br \/>\t\t\t&#8211; Teclas de Funci&oacute;n: 2 teclas de l&iacute;nea con LED bicolor<\/div>\n<div>&nbsp; y 2 cuentas SIP, 3 teclas XML programables sensibles<\/div>\n<div>&nbsp; al contexto, 5 teclas (navegaci&oacute;n, men&uacute;). 13 teclas de<\/div>\n<div>&nbsp; funci&oacute;n dedicada para<\/div>\n<div>&nbsp; RADIOLOCALIZACI&Oacute;N\/INTERCOMUNICACI&Oacute;N,<\/div>\n<div>&nbsp; DIRECTORIO TELEF&Oacute;NICO, MENSAJE, INICIO,<\/div>\n<div>&nbsp; RETENER, GRABAR, SILENCIO, AUD&Iacute;FONOS,<\/div>\n<div>&nbsp; TRANSFERENCIA, CONFERENCIA, ENVIAR y<\/div>\n<div>&nbsp; REMARCAR, ALTAVOZ, VOLUMEN<br \/>\t\t\t&#8211; Directorio telef&oacute;nico: directorio telef&oacute;nico descargable<\/div>\n<div>&nbsp; (XML, LDAP, hasta 500 contactos)<br \/>\t\t\t&#8211; Historial de llamadas: hasta 200 registros<br \/>\t\t\t&#8211; Conector de Aud&iacute;fonos: Conector RJ9 (permitiendo<\/div>\n<div>&nbsp; EHS con aud&iacute;fonos Plantronics)<br \/>\t\t\t&#8211; Audio HD: S&iacute;, auricular y altavoz HD con soporte para<\/div>\n<div>&nbsp; audio de banda ancha<br \/>\t\t\t&#8211; Base de Soporte: S&iacute;, permite 2 posiciones en &aacute;ngulo,<\/div>\n<div>&nbsp; montaje en pared<br \/>\t\t\t&#8211; Montaje en Pared: S&iacute;<br \/>\t\t\t&#8211; QoS: Layer 2 QoS (802.1Q, 802.1P) y Layer 3 (ToS,<\/div>\n<div>&nbsp; DiffServ, MPLS) QoS<br \/>\t\t\t&#8211; Seguridad: Control de acceso a nivel del usuario y<\/div>\n<div>&nbsp; del administrador, autenticaci&oacute;n basada en MD5 y<\/div>\n<div>&nbsp; MD5-sess, archivo de configuraci&oacute;n cifrado con<\/div>\n<div>&nbsp; AES de 256 bits, TLS, SRTP, HTTPS, 802.1x Media<\/div>\n<div>&nbsp; Access Control<br \/>\t\t\t&#8211; Multilenguaje: en, de, it, fr, es, pt, ru, hr, zh, ko, ja,&#8230;<br \/>\t\t\t&#8211; Actualizaci&oacute;n\/Aprovisionamiento: Actualizaci&oacute;n de<\/div>\n<div>&nbsp; firmware por medio de TFTP \/ HTTP \/ HTTPS,<\/div>\n<div>&nbsp; aprovisionamiento masivo usando TR-069 o el archivo<\/div>\n<div>&nbsp; de configuraci&oacute;n XML cifrado con AES<br \/>\t\t\t&#8211; Alimentaci&oacute;n y Eficiencia de Energ&iacute;a Limpia: Fuente<\/div>\n<div>&nbsp; de Alimentaci&oacute;n Universal; Entrada: 100-240VAC<\/div>\n<div>&nbsp; 50-60Hz; Salida: +5VDC, 600mA<br \/>\t\t\t&#8211; F&iacute;sicas: 209 mm (Largo) x 184,5 mm (Ancho) x 76,2 mm<\/div>\n<div>&nbsp; (Alto) (con auricular)<br \/>\t\t\t&#8211; Peso: Peso de la unidad: 0.74 kg;<\/div>\n<div>&nbsp; Peso del paquete: 1.1 kg<\/div>\n<\/td>\n<\/tr>\n<tr>\n<td valign=\"top\">\n<div><strong>Contenido <\/strong><\/div>\n<div><strong>del paquete<\/strong><\/div>\n<\/td>\n<td>\n<div>&#8211; Tel&eacute;fono GXP1625, auricular con cord&oacute;n, base de<\/div>\n<div>&nbsp; soporte, fuente de alimentaci&oacute;n universal, cable de<\/div>\n<div>&nbsp; red, Gu&iacute;a de Instalaci&oacute;n R&aacute;pida, folleto, Licencia GPL<\/div>\n<\/td>\n<\/tr>\n<tr>\n<td><strong>Fecha revisi&oacute;n<\/strong><\/td>\n<td>05-10-2015 por MSB<\/td>\n<\/tr>\n<\/tbody>\n<\/table>\n","protected":false},"excerpt":{"rendered":"<p>El GXP1620\/1625 es un tel&eacute;fono IP est&aacute;ndar de Grandstream para peque&ntilde;as empresas. Este modelo basado en Linux ofrece 2 l&iacute;neas, 3 teclas XML programables, audio HD y conferencia de 3 v&iacute;as. Una pantalla LCD de 132 x 48 crea una imagen clara para una f&aacute;cil visualizaci&oacute;n. Tanto el GXP1620, como el GXP1625 incluyen puertos dobles&hellip;&nbsp;<a href=\"https:\/\/aivlisoft.net\/shop\/producto\/grandstream-telefono-ip-gxp1625\/\" rel=\"bookmark\"><span class=\"screen-reader-text\">Grandstream Telefono IP GXP1625<\/span><\/a><\/p>\n","protected":false},"featured_media":22539,"template":"","meta":{"neve_meta_sidebar":"","neve_meta_container":"","neve_meta_enable_content_width":"","neve_meta_content_width":0,"neve_meta_title_alignment":"","neve_meta_author_avatar":"","neve_post_elements_order":"","neve_meta_disable_header":"","neve_meta_disable_footer":"","neve_meta_disable_title":""},"product_brand":[],"product_cat":[15,7909],"product_tag":[7965],"class_list":{"0":"post-22538","1":"product","2":"type-product","3":"status-publish","4":"has-post-thumbnail","6":"product_cat-sin-categorizar","7":"product_cat-telefonia-ip","8":"product_tag-gxp1625","10":"first","11":"instock","12":"taxable","13":"shipping-taxable","14":"purchasable","15":"product-type-simple"},"yoast_head":"<!-- This site is optimized with the Yoast SEO plugin v26.0 - https:\/\/yoast.com\/wordpress\/plugins\/seo\/ -->\n<title>Grandstream Telefono IP GXP1625 - Aivlisoft Inform\u00e1tica<\/title>\n<meta name=\"robots\" content=\"index, follow, max-snippet:-1, max-image-preview:large, max-video-preview:-1\" \/>\n<link rel=\"canonical\" href=\"https:\/\/aivlisoft.net\/shop\/producto\/grandstream-telefono-ip-gxp1625\/\" \/>\n<meta property=\"og:locale\" content=\"es_ES\" \/>\n<meta property=\"og:type\" content=\"article\" \/>\n<meta property=\"og:title\" content=\"Grandstream Telefono IP GXP1625 - Aivlisoft Inform\u00e1tica\" \/>\n<meta property=\"og:description\" content=\"El GXP1620\/1625 es un tel&eacute;fono IP est&aacute;ndar de Grandstream para peque&ntilde;as empresas. Este modelo basado en Linux ofrece 2 l&iacute;neas, 3 teclas XML programables, audio HD y conferencia de 3 v&iacute;as. Una pantalla LCD de 132 x 48 crea una imagen clara para una f&aacute;cil visualizaci&oacute;n. Tanto el GXP1620, como el GXP1625 incluyen puertos dobles&hellip;&nbsp;Grandstream Telefono IP GXP1625\" \/>\n<meta property=\"og:url\" content=\"https:\/\/aivlisoft.net\/shop\/producto\/grandstream-telefono-ip-gxp1625\/\" \/>\n<meta property=\"og:site_name\" content=\"Aivlisoft Inform\u00e1tica\" \/>\n<meta property=\"article:modified_time\" content=\"2025-01-14T13:42:35+00:00\" \/>\n<meta property=\"og:image\" content=\"https:\/\/aivlisoft.net\/shop\/wp-content\/uploads\/2025\/01\/NTITLI0012_800.jpg\" \/>\n\t<meta property=\"og:image:width\" content=\"800\" \/>\n\t<meta property=\"og:image:height\" content=\"800\" \/>\n\t<meta property=\"og:image:type\" content=\"image\/jpeg\" \/>\n<meta name=\"twitter:card\" content=\"summary_large_image\" \/>\n<meta name=\"twitter:label1\" content=\"Tiempo de lectura\" \/>\n\t<meta name=\"twitter:data1\" content=\"3 minutos\" \/>\n<script type=\"application\/ld+json\" class=\"yoast-schema-graph\">{\"@context\":\"https:\/\/schema.org\",\"@graph\":[{\"@type\":\"WebPage\",\"@id\":\"https:\/\/aivlisoft.net\/shop\/producto\/grandstream-telefono-ip-gxp1625\/\",\"url\":\"https:\/\/aivlisoft.net\/shop\/producto\/grandstream-telefono-ip-gxp1625\/\",\"name\":\"Grandstream Telefono IP GXP1625 - Aivlisoft Inform\u00e1tica\",\"isPartOf\":{\"@id\":\"https:\/\/aivlisoft.net\/shop\/#website\"},\"primaryImageOfPage\":{\"@id\":\"https:\/\/aivlisoft.net\/shop\/producto\/grandstream-telefono-ip-gxp1625\/#primaryimage\"},\"image\":{\"@id\":\"https:\/\/aivlisoft.net\/shop\/producto\/grandstream-telefono-ip-gxp1625\/#primaryimage\"},\"thumbnailUrl\":\"https:\/\/aivlisoft.net\/shop\/wp-content\/uploads\/2025\/01\/NTITLI0012_800.jpg\",\"datePublished\":\"2025-01-13T16:07:06+00:00\",\"dateModified\":\"2025-01-14T13:42:35+00:00\",\"breadcrumb\":{\"@id\":\"https:\/\/aivlisoft.net\/shop\/producto\/grandstream-telefono-ip-gxp1625\/#breadcrumb\"},\"inLanguage\":\"es\",\"potentialAction\":[{\"@type\":\"ReadAction\",\"target\":[\"https:\/\/aivlisoft.net\/shop\/producto\/grandstream-telefono-ip-gxp1625\/\"]}]},{\"@type\":\"ImageObject\",\"inLanguage\":\"es\",\"@id\":\"https:\/\/aivlisoft.net\/shop\/producto\/grandstream-telefono-ip-gxp1625\/#primaryimage\",\"url\":\"https:\/\/aivlisoft.net\/shop\/wp-content\/uploads\/2025\/01\/NTITLI0012_800.jpg\",\"contentUrl\":\"https:\/\/aivlisoft.net\/shop\/wp-content\/uploads\/2025\/01\/NTITLI0012_800.jpg\",\"width\":800,\"height\":800},{\"@type\":\"BreadcrumbList\",\"@id\":\"https:\/\/aivlisoft.net\/shop\/producto\/grandstream-telefono-ip-gxp1625\/#breadcrumb\",\"itemListElement\":[{\"@type\":\"ListItem\",\"position\":1,\"name\":\"Portada\",\"item\":\"https:\/\/aivlisoft.net\/shop\/\"},{\"@type\":\"ListItem\",\"position\":2,\"name\":\"Tienda\",\"item\":\"https:\/\/aivlisoft.net\/shop\/tienda\/\"},{\"@type\":\"ListItem\",\"position\":3,\"name\":\"Grandstream Telefono IP GXP1625\"}]},{\"@type\":\"WebSite\",\"@id\":\"https:\/\/aivlisoft.net\/shop\/#website\",\"url\":\"https:\/\/aivlisoft.net\/shop\/\",\"name\":\"Aivlisoft Inform\u00e1tica\",\"description\":\"En Aivlisoft Inform\u00e1tica ofrecemos soluciones tecnol\u00f3gicas para empresas: venta de ordenadores, consumibles, perif\u00e9ricos y m\u00e1s. Calidad, atenci\u00f3n personalizada y los mejores precios para tu negocio.\",\"publisher\":{\"@id\":\"https:\/\/aivlisoft.net\/shop\/#organization\"},\"potentialAction\":[{\"@type\":\"SearchAction\",\"target\":{\"@type\":\"EntryPoint\",\"urlTemplate\":\"https:\/\/aivlisoft.net\/shop\/?s={search_term_string}\"},\"query-input\":{\"@type\":\"PropertyValueSpecification\",\"valueRequired\":true,\"valueName\":\"search_term_string\"}}],\"inLanguage\":\"es\"},{\"@type\":\"Organization\",\"@id\":\"https:\/\/aivlisoft.net\/shop\/#organization\",\"name\":\"Aivlisoft Inform\u00e1tica\",\"url\":\"https:\/\/aivlisoft.net\/shop\/\",\"logo\":{\"@type\":\"ImageObject\",\"inLanguage\":\"es\",\"@id\":\"https:\/\/aivlisoft.net\/shop\/#\/schema\/logo\/image\/\",\"url\":\"https:\/\/aivlisoft.net\/shop\/wp-content\/uploads\/2024\/12\/removal.ai_5b848c54-0cdf-4140-95c5-c5536bb7573b-logodef.png\",\"contentUrl\":\"https:\/\/aivlisoft.net\/shop\/wp-content\/uploads\/2024\/12\/removal.ai_5b848c54-0cdf-4140-95c5-c5536bb7573b-logodef.png\",\"width\":484,\"height\":182,\"caption\":\"Aivlisoft Inform\u00e1tica\"},\"image\":{\"@id\":\"https:\/\/aivlisoft.net\/shop\/#\/schema\/logo\/image\/\"}}]}<\/script>\n<!-- \/ Yoast SEO plugin. -->","yoast_head_json":{"title":"Grandstream Telefono IP GXP1625 - Aivlisoft Inform\u00e1tica","robots":{"index":"index","follow":"follow","max-snippet":"max-snippet:-1","max-image-preview":"max-image-preview:large","max-video-preview":"max-video-preview:-1"},"canonical":"https:\/\/aivlisoft.net\/shop\/producto\/grandstream-telefono-ip-gxp1625\/","og_locale":"es_ES","og_type":"article","og_title":"Grandstream Telefono IP GXP1625 - Aivlisoft Inform\u00e1tica","og_description":"El GXP1620\/1625 es un tel&eacute;fono IP est&aacute;ndar de Grandstream para peque&ntilde;as empresas. Este modelo basado en Linux ofrece 2 l&iacute;neas, 3 teclas XML programables, audio HD y conferencia de 3 v&iacute;as. Una pantalla LCD de 132 x 48 crea una imagen clara para una f&aacute;cil visualizaci&oacute;n. Tanto el GXP1620, como el GXP1625 incluyen puertos dobles&hellip;&nbsp;Grandstream Telefono IP GXP1625","og_url":"https:\/\/aivlisoft.net\/shop\/producto\/grandstream-telefono-ip-gxp1625\/","og_site_name":"Aivlisoft Inform\u00e1tica","article_modified_time":"2025-01-14T13:42:35+00:00","og_image":[{"width":800,"height":800,"url":"https:\/\/aivlisoft.net\/shop\/wp-content\/uploads\/2025\/01\/NTITLI0012_800.jpg","type":"image\/jpeg"}],"twitter_card":"summary_large_image","twitter_misc":{"Tiempo de lectura":"3 minutos"},"schema":{"@context":"https:\/\/schema.org","@graph":[{"@type":"WebPage","@id":"https:\/\/aivlisoft.net\/shop\/producto\/grandstream-telefono-ip-gxp1625\/","url":"https:\/\/aivlisoft.net\/shop\/producto\/grandstream-telefono-ip-gxp1625\/","name":"Grandstream Telefono IP GXP1625 - Aivlisoft Inform\u00e1tica","isPartOf":{"@id":"https:\/\/aivlisoft.net\/shop\/#website"},"primaryImageOfPage":{"@id":"https:\/\/aivlisoft.net\/shop\/producto\/grandstream-telefono-ip-gxp1625\/#primaryimage"},"image":{"@id":"https:\/\/aivlisoft.net\/shop\/producto\/grandstream-telefono-ip-gxp1625\/#primaryimage"},"thumbnailUrl":"https:\/\/aivlisoft.net\/shop\/wp-content\/uploads\/2025\/01\/NTITLI0012_800.jpg","datePublished":"2025-01-13T16:07:06+00:00","dateModified":"2025-01-14T13:42:35+00:00","breadcrumb":{"@id":"https:\/\/aivlisoft.net\/shop\/producto\/grandstream-telefono-ip-gxp1625\/#breadcrumb"},"inLanguage":"es","potentialAction":[{"@type":"ReadAction","target":["https:\/\/aivlisoft.net\/shop\/producto\/grandstream-telefono-ip-gxp1625\/"]}]},{"@type":"ImageObject","inLanguage":"es","@id":"https:\/\/aivlisoft.net\/shop\/producto\/grandstream-telefono-ip-gxp1625\/#primaryimage","url":"https:\/\/aivlisoft.net\/shop\/wp-content\/uploads\/2025\/01\/NTITLI0012_800.jpg","contentUrl":"https:\/\/aivlisoft.net\/shop\/wp-content\/uploads\/2025\/01\/NTITLI0012_800.jpg","width":800,"height":800},{"@type":"BreadcrumbList","@id":"https:\/\/aivlisoft.net\/shop\/producto\/grandstream-telefono-ip-gxp1625\/#breadcrumb","itemListElement":[{"@type":"ListItem","position":1,"name":"Portada","item":"https:\/\/aivlisoft.net\/shop\/"},{"@type":"ListItem","position":2,"name":"Tienda","item":"https:\/\/aivlisoft.net\/shop\/tienda\/"},{"@type":"ListItem","position":3,"name":"Grandstream Telefono IP GXP1625"}]},{"@type":"WebSite","@id":"https:\/\/aivlisoft.net\/shop\/#website","url":"https:\/\/aivlisoft.net\/shop\/","name":"Aivlisoft Inform\u00e1tica","description":"En Aivlisoft Inform\u00e1tica ofrecemos soluciones tecnol\u00f3gicas para empresas: venta de ordenadores, consumibles, perif\u00e9ricos y m\u00e1s. Calidad, atenci\u00f3n personalizada y los mejores precios para tu negocio.","publisher":{"@id":"https:\/\/aivlisoft.net\/shop\/#organization"},"potentialAction":[{"@type":"SearchAction","target":{"@type":"EntryPoint","urlTemplate":"https:\/\/aivlisoft.net\/shop\/?s={search_term_string}"},"query-input":{"@type":"PropertyValueSpecification","valueRequired":true,"valueName":"search_term_string"}}],"inLanguage":"es"},{"@type":"Organization","@id":"https:\/\/aivlisoft.net\/shop\/#organization","name":"Aivlisoft Inform\u00e1tica","url":"https:\/\/aivlisoft.net\/shop\/","logo":{"@type":"ImageObject","inLanguage":"es","@id":"https:\/\/aivlisoft.net\/shop\/#\/schema\/logo\/image\/","url":"https:\/\/aivlisoft.net\/shop\/wp-content\/uploads\/2024\/12\/removal.ai_5b848c54-0cdf-4140-95c5-c5536bb7573b-logodef.png","contentUrl":"https:\/\/aivlisoft.net\/shop\/wp-content\/uploads\/2024\/12\/removal.ai_5b848c54-0cdf-4140-95c5-c5536bb7573b-logodef.png","width":484,"height":182,"caption":"Aivlisoft Inform\u00e1tica"},"image":{"@id":"https:\/\/aivlisoft.net\/shop\/#\/schema\/logo\/image\/"}}]}},"_links":{"self":[{"href":"https:\/\/aivlisoft.net\/shop\/wp-json\/wp\/v2\/product\/22538","targetHints":{"allow":["GET"]}}],"collection":[{"href":"https:\/\/aivlisoft.net\/shop\/wp-json\/wp\/v2\/product"}],"about":[{"href":"https:\/\/aivlisoft.net\/shop\/wp-json\/wp\/v2\/types\/product"}],"wp:featuredmedia":[{"embeddable":true,"href":"https:\/\/aivlisoft.net\/shop\/wp-json\/wp\/v2\/media\/22539"}],"wp:attachment":[{"href":"https:\/\/aivlisoft.net\/shop\/wp-json\/wp\/v2\/media?parent=22538"}],"wp:term":[{"taxonomy":"product_brand","embeddable":true,"href":"https:\/\/aivlisoft.net\/shop\/wp-json\/wp\/v2\/product_brand?post=22538"},{"taxonomy":"product_cat","embeddable":true,"href":"https:\/\/aivlisoft.net\/shop\/wp-json\/wp\/v2\/product_cat?post=22538"},{"taxonomy":"product_tag","embeddable":true,"href":"https:\/\/aivlisoft.net\/shop\/wp-json\/wp\/v2\/product_tag?post=22538"}],"curies":[{"name":"wp","href":"https:\/\/api.w.org\/{rel}","templated":true}]}}