{"id":22510,"date":"2025-01-13T16:06:51","date_gmt":"2025-01-13T16:06:51","guid":{"rendered":"https:\/\/aivlisoft.com\/?post_type=product&#038;p=22510"},"modified":"2025-01-13T16:06:52","modified_gmt":"2025-01-13T16:06:52","slug":"grandstream-telefono-ip-gxp2130-v2-2","status":"publish","type":"product","link":"https:\/\/aivlisoft.net\/shop\/producto\/grandstream-telefono-ip-gxp2130-v2-2\/","title":{"rendered":"Grandstream Telefono IP GXP2130 v2"},"content":{"rendered":"<div><strong>Grandstream GX2130 V2<\/strong><\/div>\n<div>Grandstream GXP2130 V2 es un tel&eacute;fono IP de categor&iacute;a empresarial.<\/div>\n<div>GXP2130 V2 incluye de serie pantalla color LCD 2.8&rdquo;, 4 teclas programables XML sensibles al contexto, 8 teclas de extensi&oacute;n BLF programables, doble puerto de red Gigabit, PoE integrado, conferencia&nbsp; de voz de 4 v&iacute;as y Electronic Hook Switch (EHS). El GXP2130 ofrece calidad de audio superior en el auricular y el altavoz, recursos telef&oacute;nicos valiosos y de &uacute;ltima generaci&oacute;n, informaci&oacute;n personalizada y servicio de aplicaci&oacute;n personalizable, aprovisionamiento autom&aacute;tico para f&aacute;cil instalaci&oacute;n, protecci&oacute;n de seguridad avanzada para mayor privacidad e interoperabilidad amplia con la mayor&iacute;a de&nbsp; los dispositivos SIP de terceros y las principales plataformas SIP\/NGN\/IMS. Ideal para peque&ntilde;as y medianas empresas, grandes&nbsp; negocios, oficinas peque&ntilde;as y home offices, el GXP2130 es la elecci&oacute;n perfecta para usuarios que buscan un tel&eacute;fono IP de alta calidad,&nbsp; con variedad de recursos, funcionalidades avanzadas y sencillo de usar.<\/div>\n<p><\/p>\n<table class=\"tabla_Caracteristicas\" width=\"100%\">\n<tbody>\n<tr>\n<td valign=\"top\"><strong>Marca<\/strong><\/td>\n<td>Grandstream<\/td>\n<\/tr>\n<tr>\n<td valign=\"top\"><strong>Modelo<\/strong><\/td>\n<td><strong>GXP2130<\/strong><\/td>\n<\/tr>\n<tr>\n<td valign=\"top\"><strong>Pantalla<\/strong><\/td>\n<td>&#8211; LCD TFT a color de 2.8 pulgadas (320&#215;240)<\/td>\n<\/tr>\n<tr>\n<td valign=\"top\"><strong>Conectividad<\/strong><\/td>\n<td>\n<div>&#8211; Doble puerto de red con detecci&oacute;n autom&aacute;tica de<\/div>\n<div>&nbsp; 10\/100\/1000 Mbps con PoE integrado<\/div>\n<div>&#8211; Bluetooth<\/div>\n<\/td>\n<\/tr>\n<tr>\n<td valign=\"top\"><strong>Puertos<\/strong><\/td>\n<td>\n<div>&#8211; Puertos auxiliares: RJ9<\/div>\n<div>&nbsp; (que permite EHS con aud&iacute;fonos Plantronics)<\/div>\n<\/td>\n<\/tr>\n<tr>\n<td valign=\"top\"><strong>Caracteristicas<\/strong><\/td>\n<td>\n<div>&#8211; Protocolos\/Est&aacute;ndares: SIP RFC3261,<\/div>\n<div>&nbsp; TCP\/IP\/UDP, RTP\/RTCP, HTTP\/HTTPS,<\/div>\n<div>&nbsp; ARP, ICMP, DNS (A record, SRV, NAPTR),<\/div>\n<div>&nbsp; DHCP, PPPoE, TELNET, TFTP, NTP, STUN,<\/div>\n<div>&nbsp; SIMPLE, LLDP, LDAP, TR-069, 802.1x, TLS,<\/div>\n<div>&nbsp; SRTP, IPv6<br \/>\t\t\t&#8211; Codec de voz: Soporte para G.729A\/B,<\/div>\n<div>&nbsp; G.711 &mu; \/a-law, G.726, G.722 (banda ancha),<\/div>\n<div>&nbsp; DTMF en banda y fuera de banda<\/div>\n<div>&nbsp; (en audio, RFC2833, SIP INFO)<br \/>\t\t\t&#8211; Recursos de Telefon&iacute;a: Retenci&oacute;n de llamada,<\/div>\n<div>&nbsp; transferencia, reenv&iacute;o de llamada, conferencia de 4 v&iacute;as,<\/div>\n<div>&nbsp; llamada estacionada (call park), captura de llamada,<\/div>\n<div>&nbsp; apariencia de llamada compartida<\/div>\n<div>&nbsp; (SCA, shared-call-appearance)\/apariencia de<\/div>\n<div>&nbsp; l&iacute;nea en puente (BLA, bridged-line-appearance),<\/div>\n<div>&nbsp; agenda telef&oacute;nica descargable<\/div>\n<div>&nbsp; (XML, LDAP, hasta 2000 &iacute;tems), llamada en espera,<\/div>\n<div>&nbsp; registro de llamadas (hasta 500),<\/div>\n<div>&nbsp; personalizaci&oacute;n de pantalla, marcado autom&aacute;tico<\/div>\n<div>&nbsp; al descolgar, respuesta autom&aacute;tica, clic para marcar,<br \/>\t\t\t&nbsp; plan de marcado flexible, escritorio m&oacute;vil (hot desking),<\/div>\n<div>&nbsp; m&uacute;sica de espera y tonos de llamada personalizados,<\/div>\n<div>&nbsp; servidor redundante y fail-over<\/div>\n<div>&nbsp; (conmutaci&oacute;n en caso de fallo)<br \/>\t\t\t&#8211; QoS: Capa 2 (802.1Q, 802.1p) y Capa 3<\/div>\n<div>&nbsp; (ToS, DiffServ, MPLS) QoS<br \/>\t\t\t&#8211; Seguridad: Contrase&ntilde;as de nivel de administrador<\/div>\n<div>&nbsp; y usuario, autenticaci&oacute;n basada en MD5 y MD5-sess,<\/div>\n<div>&nbsp; archivo de configuraci&oacute;n segura basada en AES, SRTP,<\/div>\n<div>&nbsp; TLS, control de acceso a medios 802.1x<br \/>\t\t\t&#8211; Multilenguaje: Alem&aacute;n, &aacute;rabe, checo, chino,<\/div>\n<div>&nbsp; coreano, croata, esloveno, espa&ntilde;ol, franc&eacute;s,<\/div>\n<div>&nbsp; hebreo, holand&eacute;s, h&uacute;ngaro, ingl&eacute;s, italiano,<\/div>\n<div>&nbsp; japon&eacute;s, polaco, portugu&eacute;s, ruso, turco<br \/>\t\t\t&#8211; Actualizaci&oacute;n\/Aprovisionamiento:<\/div>\n<div>&nbsp; Actualizaci&oacute;n de firmware a trav&eacute;s de<\/div>\n<div>&nbsp; TFTP\/HTTP\/HTTPS, aprovisionamiento masivo<\/div>\n<div>&nbsp; usando TR-069 o archivo de configuraci&oacute;n XML cifrado<br \/>\t\t\t&#8211; Eficiencia y Alimentaci&oacute;n:<\/div>\n<div>&nbsp; Adaptador de alimentaci&oacute;n incluido<\/div>\n<div>&nbsp; Entrada: 100-240VAC; Salida: +12VDC, 0.5A (6W)<br \/>\t\t\t&nbsp; PoE (Power-over-Ethernet) integrado, 802.3af, Classe 2<br \/>\t\t\t&#8211; Dimensiones y peso :<\/div>\n<div>&nbsp; Tama&ntilde;o: 193 mm (ancho) x 211 mm (largo) x 85 mm (alto)<\/div>\n<div>&nbsp; 0,81 kg.<br \/>\t\t\t&#8211; Temperatura y Humedad: 0 ~ 40&ordm;C, 10 ~ 90%<\/div>\n<div>&nbsp; (sin condensaci&oacute;n)<br \/>\t\t\t&#8211; Contenido del paquete: Tel&eacute;fono GXP2130,<\/div>\n<div>&nbsp; auricular con cable, base de soporte,<\/div>\n<div>&nbsp; Power-over-Ethernet, cable de red,<\/div>\n<div>&nbsp; Gu&iacute;a de Referencia R&aacute;pida<\/div>\n<div>&#8211; Audio HD<br \/>\t\t\t&#8211; Base<br \/>\t\t\t&#8211; Montaje para pared<\/div>\n<\/td>\n<\/tr>\n<tr>\n<td><strong>Fecha revisi&oacute;n<\/strong><\/td>\n<td>\n<div>29-04-2015 por J4V<\/div>\n<\/td>\n<\/tr>\n<\/tbody>\n<\/table>\n","protected":false},"excerpt":{"rendered":"<p>Grandstream GX2130 V2 Grandstream GXP2130 V2 es un tel&eacute;fono IP de categor&iacute;a empresarial. GXP2130 V2 incluye de serie pantalla color LCD 2.8&rdquo;, 4 teclas programables XML sensibles al contexto, 8 teclas de extensi&oacute;n BLF programables, doble puerto de red Gigabit, PoE integrado, conferencia&nbsp; de voz de 4 v&iacute;as y Electronic Hook Switch (EHS). El GXP2130&hellip;&nbsp;<a href=\"https:\/\/aivlisoft.net\/shop\/producto\/grandstream-telefono-ip-gxp2130-v2-2\/\" rel=\"bookmark\"><span class=\"screen-reader-text\">Grandstream Telefono IP GXP2130 v2<\/span><\/a><\/p>\n","protected":false},"featured_media":22512,"template":"","meta":{"neve_meta_sidebar":"","neve_meta_container":"","neve_meta_enable_content_width":"","neve_meta_content_width":0,"neve_meta_title_alignment":"","neve_meta_author_avatar":"","neve_post_elements_order":"","neve_meta_disable_header":"","neve_meta_disable_footer":"","neve_meta_disable_title":""},"product_brand":[],"product_cat":[7909],"product_tag":[7960],"class_list":{"0":"post-22510","1":"product","2":"type-product","3":"status-publish","4":"has-post-thumbnail","6":"product_cat-telefonia-ip","7":"product_tag-gxp2130","9":"first","10":"instock","11":"taxable","12":"shipping-taxable","13":"purchasable","14":"product-type-simple"},"yoast_head":"<!-- This site is optimized with the Yoast SEO plugin v26.0 - https:\/\/yoast.com\/wordpress\/plugins\/seo\/ -->\n<title>Grandstream Telefono IP GXP2130 v2 - Aivlisoft Inform\u00e1tica<\/title>\n<meta name=\"robots\" content=\"index, follow, max-snippet:-1, max-image-preview:large, max-video-preview:-1\" \/>\n<link rel=\"canonical\" href=\"https:\/\/aivlisoft.net\/shop\/producto\/grandstream-telefono-ip-gxp2130-v2-2\/\" \/>\n<meta property=\"og:locale\" content=\"es_ES\" \/>\n<meta property=\"og:type\" content=\"article\" \/>\n<meta property=\"og:title\" content=\"Grandstream Telefono IP GXP2130 v2 - Aivlisoft Inform\u00e1tica\" \/>\n<meta property=\"og:description\" content=\"Grandstream GX2130 V2 Grandstream GXP2130 V2 es un tel&eacute;fono IP de categor&iacute;a empresarial. GXP2130 V2 incluye de serie pantalla color LCD 2.8&rdquo;, 4 teclas programables XML sensibles al contexto, 8 teclas de extensi&oacute;n BLF programables, doble puerto de red Gigabit, PoE integrado, conferencia&nbsp; de voz de 4 v&iacute;as y Electronic Hook Switch (EHS). El GXP2130&hellip;&nbsp;Grandstream Telefono IP GXP2130 v2\" \/>\n<meta property=\"og:url\" content=\"https:\/\/aivlisoft.net\/shop\/producto\/grandstream-telefono-ip-gxp2130-v2-2\/\" \/>\n<meta property=\"og:site_name\" content=\"Aivlisoft Inform\u00e1tica\" \/>\n<meta property=\"article:modified_time\" content=\"2025-01-13T16:06:52+00:00\" \/>\n<meta property=\"og:image\" content=\"https:\/\/aivlisoft.net\/shop\/wp-content\/uploads\/2025\/01\/NTITLI0005_800-1.jpg\" \/>\n\t<meta property=\"og:image:width\" content=\"800\" \/>\n\t<meta property=\"og:image:height\" content=\"800\" \/>\n\t<meta property=\"og:image:type\" content=\"image\/jpeg\" \/>\n<meta name=\"twitter:card\" content=\"summary_large_image\" \/>\n<meta name=\"twitter:label1\" content=\"Tiempo de lectura\" \/>\n\t<meta name=\"twitter:data1\" content=\"3 minutos\" \/>\n<script type=\"application\/ld+json\" class=\"yoast-schema-graph\">{\"@context\":\"https:\/\/schema.org\",\"@graph\":[{\"@type\":\"WebPage\",\"@id\":\"https:\/\/aivlisoft.net\/shop\/producto\/grandstream-telefono-ip-gxp2130-v2-2\/\",\"url\":\"https:\/\/aivlisoft.net\/shop\/producto\/grandstream-telefono-ip-gxp2130-v2-2\/\",\"name\":\"Grandstream Telefono IP GXP2130 v2 - Aivlisoft Inform\u00e1tica\",\"isPartOf\":{\"@id\":\"https:\/\/aivlisoft.net\/shop\/#website\"},\"primaryImageOfPage\":{\"@id\":\"https:\/\/aivlisoft.net\/shop\/producto\/grandstream-telefono-ip-gxp2130-v2-2\/#primaryimage\"},\"image\":{\"@id\":\"https:\/\/aivlisoft.net\/shop\/producto\/grandstream-telefono-ip-gxp2130-v2-2\/#primaryimage\"},\"thumbnailUrl\":\"https:\/\/aivlisoft.net\/shop\/wp-content\/uploads\/2025\/01\/NTITLI0005_800-1.jpg\",\"datePublished\":\"2025-01-13T16:06:51+00:00\",\"dateModified\":\"2025-01-13T16:06:52+00:00\",\"breadcrumb\":{\"@id\":\"https:\/\/aivlisoft.net\/shop\/producto\/grandstream-telefono-ip-gxp2130-v2-2\/#breadcrumb\"},\"inLanguage\":\"es\",\"potentialAction\":[{\"@type\":\"ReadAction\",\"target\":[\"https:\/\/aivlisoft.net\/shop\/producto\/grandstream-telefono-ip-gxp2130-v2-2\/\"]}]},{\"@type\":\"ImageObject\",\"inLanguage\":\"es\",\"@id\":\"https:\/\/aivlisoft.net\/shop\/producto\/grandstream-telefono-ip-gxp2130-v2-2\/#primaryimage\",\"url\":\"https:\/\/aivlisoft.net\/shop\/wp-content\/uploads\/2025\/01\/NTITLI0005_800-1.jpg\",\"contentUrl\":\"https:\/\/aivlisoft.net\/shop\/wp-content\/uploads\/2025\/01\/NTITLI0005_800-1.jpg\",\"width\":800,\"height\":800},{\"@type\":\"BreadcrumbList\",\"@id\":\"https:\/\/aivlisoft.net\/shop\/producto\/grandstream-telefono-ip-gxp2130-v2-2\/#breadcrumb\",\"itemListElement\":[{\"@type\":\"ListItem\",\"position\":1,\"name\":\"Portada\",\"item\":\"https:\/\/aivlisoft.net\/shop\/\"},{\"@type\":\"ListItem\",\"position\":2,\"name\":\"Tienda\",\"item\":\"https:\/\/aivlisoft.net\/shop\/tienda\/\"},{\"@type\":\"ListItem\",\"position\":3,\"name\":\"Grandstream Telefono IP GXP2130 v2\"}]},{\"@type\":\"WebSite\",\"@id\":\"https:\/\/aivlisoft.net\/shop\/#website\",\"url\":\"https:\/\/aivlisoft.net\/shop\/\",\"name\":\"Aivlisoft Inform\u00e1tica\",\"description\":\"En Aivlisoft Inform\u00e1tica ofrecemos soluciones tecnol\u00f3gicas para empresas: venta de ordenadores, consumibles, perif\u00e9ricos y m\u00e1s. Calidad, atenci\u00f3n personalizada y los mejores precios para tu negocio.\",\"publisher\":{\"@id\":\"https:\/\/aivlisoft.net\/shop\/#organization\"},\"potentialAction\":[{\"@type\":\"SearchAction\",\"target\":{\"@type\":\"EntryPoint\",\"urlTemplate\":\"https:\/\/aivlisoft.net\/shop\/?s={search_term_string}\"},\"query-input\":{\"@type\":\"PropertyValueSpecification\",\"valueRequired\":true,\"valueName\":\"search_term_string\"}}],\"inLanguage\":\"es\"},{\"@type\":\"Organization\",\"@id\":\"https:\/\/aivlisoft.net\/shop\/#organization\",\"name\":\"Aivlisoft Inform\u00e1tica\",\"url\":\"https:\/\/aivlisoft.net\/shop\/\",\"logo\":{\"@type\":\"ImageObject\",\"inLanguage\":\"es\",\"@id\":\"https:\/\/aivlisoft.net\/shop\/#\/schema\/logo\/image\/\",\"url\":\"https:\/\/aivlisoft.net\/shop\/wp-content\/uploads\/2024\/12\/removal.ai_5b848c54-0cdf-4140-95c5-c5536bb7573b-logodef.png\",\"contentUrl\":\"https:\/\/aivlisoft.net\/shop\/wp-content\/uploads\/2024\/12\/removal.ai_5b848c54-0cdf-4140-95c5-c5536bb7573b-logodef.png\",\"width\":484,\"height\":182,\"caption\":\"Aivlisoft Inform\u00e1tica\"},\"image\":{\"@id\":\"https:\/\/aivlisoft.net\/shop\/#\/schema\/logo\/image\/\"}}]}<\/script>\n<!-- \/ Yoast SEO plugin. -->","yoast_head_json":{"title":"Grandstream Telefono IP GXP2130 v2 - Aivlisoft Inform\u00e1tica","robots":{"index":"index","follow":"follow","max-snippet":"max-snippet:-1","max-image-preview":"max-image-preview:large","max-video-preview":"max-video-preview:-1"},"canonical":"https:\/\/aivlisoft.net\/shop\/producto\/grandstream-telefono-ip-gxp2130-v2-2\/","og_locale":"es_ES","og_type":"article","og_title":"Grandstream Telefono IP GXP2130 v2 - Aivlisoft Inform\u00e1tica","og_description":"Grandstream GX2130 V2 Grandstream GXP2130 V2 es un tel&eacute;fono IP de categor&iacute;a empresarial. GXP2130 V2 incluye de serie pantalla color LCD 2.8&rdquo;, 4 teclas programables XML sensibles al contexto, 8 teclas de extensi&oacute;n BLF programables, doble puerto de red Gigabit, PoE integrado, conferencia&nbsp; de voz de 4 v&iacute;as y Electronic Hook Switch (EHS). El GXP2130&hellip;&nbsp;Grandstream Telefono IP GXP2130 v2","og_url":"https:\/\/aivlisoft.net\/shop\/producto\/grandstream-telefono-ip-gxp2130-v2-2\/","og_site_name":"Aivlisoft Inform\u00e1tica","article_modified_time":"2025-01-13T16:06:52+00:00","og_image":[{"width":800,"height":800,"url":"https:\/\/aivlisoft.net\/shop\/wp-content\/uploads\/2025\/01\/NTITLI0005_800-1.jpg","type":"image\/jpeg"}],"twitter_card":"summary_large_image","twitter_misc":{"Tiempo de lectura":"3 minutos"},"schema":{"@context":"https:\/\/schema.org","@graph":[{"@type":"WebPage","@id":"https:\/\/aivlisoft.net\/shop\/producto\/grandstream-telefono-ip-gxp2130-v2-2\/","url":"https:\/\/aivlisoft.net\/shop\/producto\/grandstream-telefono-ip-gxp2130-v2-2\/","name":"Grandstream Telefono IP GXP2130 v2 - Aivlisoft Inform\u00e1tica","isPartOf":{"@id":"https:\/\/aivlisoft.net\/shop\/#website"},"primaryImageOfPage":{"@id":"https:\/\/aivlisoft.net\/shop\/producto\/grandstream-telefono-ip-gxp2130-v2-2\/#primaryimage"},"image":{"@id":"https:\/\/aivlisoft.net\/shop\/producto\/grandstream-telefono-ip-gxp2130-v2-2\/#primaryimage"},"thumbnailUrl":"https:\/\/aivlisoft.net\/shop\/wp-content\/uploads\/2025\/01\/NTITLI0005_800-1.jpg","datePublished":"2025-01-13T16:06:51+00:00","dateModified":"2025-01-13T16:06:52+00:00","breadcrumb":{"@id":"https:\/\/aivlisoft.net\/shop\/producto\/grandstream-telefono-ip-gxp2130-v2-2\/#breadcrumb"},"inLanguage":"es","potentialAction":[{"@type":"ReadAction","target":["https:\/\/aivlisoft.net\/shop\/producto\/grandstream-telefono-ip-gxp2130-v2-2\/"]}]},{"@type":"ImageObject","inLanguage":"es","@id":"https:\/\/aivlisoft.net\/shop\/producto\/grandstream-telefono-ip-gxp2130-v2-2\/#primaryimage","url":"https:\/\/aivlisoft.net\/shop\/wp-content\/uploads\/2025\/01\/NTITLI0005_800-1.jpg","contentUrl":"https:\/\/aivlisoft.net\/shop\/wp-content\/uploads\/2025\/01\/NTITLI0005_800-1.jpg","width":800,"height":800},{"@type":"BreadcrumbList","@id":"https:\/\/aivlisoft.net\/shop\/producto\/grandstream-telefono-ip-gxp2130-v2-2\/#breadcrumb","itemListElement":[{"@type":"ListItem","position":1,"name":"Portada","item":"https:\/\/aivlisoft.net\/shop\/"},{"@type":"ListItem","position":2,"name":"Tienda","item":"https:\/\/aivlisoft.net\/shop\/tienda\/"},{"@type":"ListItem","position":3,"name":"Grandstream Telefono IP GXP2130 v2"}]},{"@type":"WebSite","@id":"https:\/\/aivlisoft.net\/shop\/#website","url":"https:\/\/aivlisoft.net\/shop\/","name":"Aivlisoft Inform\u00e1tica","description":"En Aivlisoft Inform\u00e1tica ofrecemos soluciones tecnol\u00f3gicas para empresas: venta de ordenadores, consumibles, perif\u00e9ricos y m\u00e1s. Calidad, atenci\u00f3n personalizada y los mejores precios para tu negocio.","publisher":{"@id":"https:\/\/aivlisoft.net\/shop\/#organization"},"potentialAction":[{"@type":"SearchAction","target":{"@type":"EntryPoint","urlTemplate":"https:\/\/aivlisoft.net\/shop\/?s={search_term_string}"},"query-input":{"@type":"PropertyValueSpecification","valueRequired":true,"valueName":"search_term_string"}}],"inLanguage":"es"},{"@type":"Organization","@id":"https:\/\/aivlisoft.net\/shop\/#organization","name":"Aivlisoft Inform\u00e1tica","url":"https:\/\/aivlisoft.net\/shop\/","logo":{"@type":"ImageObject","inLanguage":"es","@id":"https:\/\/aivlisoft.net\/shop\/#\/schema\/logo\/image\/","url":"https:\/\/aivlisoft.net\/shop\/wp-content\/uploads\/2024\/12\/removal.ai_5b848c54-0cdf-4140-95c5-c5536bb7573b-logodef.png","contentUrl":"https:\/\/aivlisoft.net\/shop\/wp-content\/uploads\/2024\/12\/removal.ai_5b848c54-0cdf-4140-95c5-c5536bb7573b-logodef.png","width":484,"height":182,"caption":"Aivlisoft Inform\u00e1tica"},"image":{"@id":"https:\/\/aivlisoft.net\/shop\/#\/schema\/logo\/image\/"}}]}},"_links":{"self":[{"href":"https:\/\/aivlisoft.net\/shop\/wp-json\/wp\/v2\/product\/22510","targetHints":{"allow":["GET"]}}],"collection":[{"href":"https:\/\/aivlisoft.net\/shop\/wp-json\/wp\/v2\/product"}],"about":[{"href":"https:\/\/aivlisoft.net\/shop\/wp-json\/wp\/v2\/types\/product"}],"wp:featuredmedia":[{"embeddable":true,"href":"https:\/\/aivlisoft.net\/shop\/wp-json\/wp\/v2\/media\/22512"}],"wp:attachment":[{"href":"https:\/\/aivlisoft.net\/shop\/wp-json\/wp\/v2\/media?parent=22510"}],"wp:term":[{"taxonomy":"product_brand","embeddable":true,"href":"https:\/\/aivlisoft.net\/shop\/wp-json\/wp\/v2\/product_brand?post=22510"},{"taxonomy":"product_cat","embeddable":true,"href":"https:\/\/aivlisoft.net\/shop\/wp-json\/wp\/v2\/product_cat?post=22510"},{"taxonomy":"product_tag","embeddable":true,"href":"https:\/\/aivlisoft.net\/shop\/wp-json\/wp\/v2\/product_tag?post=22510"}],"curies":[{"name":"wp","href":"https:\/\/api.w.org\/{rel}","templated":true}]}}