{"id":22406,"date":"2025-01-13T16:05:55","date_gmt":"2025-01-13T16:05:55","guid":{"rendered":"https:\/\/aivlisoft.com\/?post_type=product&#038;p=22406"},"modified":"2025-01-14T12:02:26","modified_gmt":"2025-01-14T12:02:26","slug":"fanvil-bt20-dongle-bluetooth-para-la-serie-xu-v-x","status":"publish","type":"product","link":"https:\/\/aivlisoft.net\/shop\/producto\/fanvil-bt20-dongle-bluetooth-para-la-serie-xu-v-x\/","title":{"rendered":"Fanvil BT20 Dongle Bluetooth para la serie XU\/V\/X"},"content":{"rendered":"<p>BT20 USB BT Dongle es un dispositivo de bajo consumo y factor de forma peque&ntilde;o que se puede implementardentro de las oficinas para conectar sus tel&eacute;fonos IP a los auriculares Bluetooth disponibles.<\/p>\n<p>Compatible con una variedad de marcas de auriculares Bluetooth, los usuarios pueden responder\/colgar el tel&eacute;fono dentro del rango de comunicaci&oacute;n Bluetooth.<\/p>\n<p>Bluetooth V4.0 y compatible con Bluetooth 2.0, 2.1 y 3.0 para amplio uso.<\/p>\n<table class=\"tabla_caracteristicas\" width=\"100%\">\n<tr>\n<td valign=\"top\"><strong>Marca<\/strong><\/td>\n<td>Fanvil<\/td>\n<\/tr>\n<tr>\n<td valign=\"top\"><strong>Modelo<\/strong><\/td>\n<td><strong>BT20<\/strong><\/td>\n<\/tr>\n<tr>\n<td valign=\"top\"><strong>Caracter&iacute;sticas<\/strong><\/td>\n<td>&#8211; Especificaci&oacute;n de Bluetooth: V4.0<br \/>\t\t\t&#8211; Distancia de funcionamiento: <strong>10 metros<\/strong><br \/>\t\t\t&#8211; Velocidad de transmisi&oacute;n: 3Mbps<br \/>\t\t\t&#8211; Potencia de transmisi&oacute;n: Clase 2<br \/>\t\t\t&#8211; Rango de frecuencia: 2.402GHz-2.480GHz<br \/>\t\t\t&#8211; Interfaz:<strong> USB 2.0<\/strong><br \/>\t\t\t&#8211; Temperatura de trabajo: 0~45&deg;C<br \/>\t\t\t&#8211; Humedad de trabajo: 20~90%<br \/>\t\t\t&#8211; Color: negro<br \/>\t\t\t&#8211; Dimensiones del dispositivo: 22 x 15 x 5 mm<\/td>\n<\/tr>\n<tr>\n<td valign=\"top\"><strong>Fecha de revisi&oacute;n<\/strong><\/td>\n<td>02-05-2023 por RTY<\/td>\n<\/tr>\n<\/table>\n","protected":false},"excerpt":{"rendered":"<p>BT20 USB BT Dongle es un dispositivo de bajo consumo y factor de forma peque&ntilde;o que se puede implementardentro de las oficinas para conectar sus tel&eacute;fonos IP a los auriculares Bluetooth disponibles. Compatible con una variedad de marcas de auriculares Bluetooth, los usuarios pueden responder\/colgar el tel&eacute;fono dentro del rango de comunicaci&oacute;n Bluetooth. Bluetooth V4.0&hellip;&nbsp;<a href=\"https:\/\/aivlisoft.net\/shop\/producto\/fanvil-bt20-dongle-bluetooth-para-la-serie-xu-v-x\/\" rel=\"bookmark\"><span class=\"screen-reader-text\">Fanvil BT20 Dongle Bluetooth para la serie XU\/V\/X<\/span><\/a><\/p>\n","protected":false},"featured_media":22407,"template":"","meta":{"neve_meta_sidebar":"","neve_meta_container":"","neve_meta_enable_content_width":"","neve_meta_content_width":0,"neve_meta_title_alignment":"","neve_meta_author_avatar":"","neve_post_elements_order":"","neve_meta_disable_header":"","neve_meta_disable_footer":"","neve_meta_disable_title":""},"product_brand":[],"product_cat":[15],"product_tag":[7924],"class_list":{"0":"post-22406","1":"product","2":"type-product","3":"status-publish","4":"has-post-thumbnail","6":"product_cat-sin-categorizar","7":"product_tag-bt20","9":"first","10":"instock","11":"taxable","12":"shipping-taxable","13":"purchasable","14":"product-type-simple"},"yoast_head":"<!-- This site is optimized with the Yoast SEO plugin v26.0 - https:\/\/yoast.com\/wordpress\/plugins\/seo\/ -->\n<title>Fanvil BT20 Dongle Bluetooth para la serie XU\/V\/X - Aivlisoft Inform\u00e1tica<\/title>\n<meta name=\"robots\" content=\"index, follow, max-snippet:-1, max-image-preview:large, max-video-preview:-1\" \/>\n<link rel=\"canonical\" href=\"https:\/\/aivlisoft.net\/shop\/producto\/fanvil-bt20-dongle-bluetooth-para-la-serie-xu-v-x\/\" \/>\n<meta property=\"og:locale\" content=\"es_ES\" \/>\n<meta property=\"og:type\" content=\"article\" \/>\n<meta property=\"og:title\" content=\"Fanvil BT20 Dongle Bluetooth para la serie XU\/V\/X - Aivlisoft Inform\u00e1tica\" \/>\n<meta property=\"og:description\" content=\"BT20 USB BT Dongle es un dispositivo de bajo consumo y factor de forma peque&ntilde;o que se puede implementardentro de las oficinas para conectar sus tel&eacute;fonos IP a los auriculares Bluetooth disponibles. Compatible con una variedad de marcas de auriculares Bluetooth, los usuarios pueden responder\/colgar el tel&eacute;fono dentro del rango de comunicaci&oacute;n Bluetooth. Bluetooth V4.0&hellip;&nbsp;Fanvil BT20 Dongle Bluetooth para la serie XU\/V\/X\" \/>\n<meta property=\"og:url\" content=\"https:\/\/aivlisoft.net\/shop\/producto\/fanvil-bt20-dongle-bluetooth-para-la-serie-xu-v-x\/\" \/>\n<meta property=\"og:site_name\" content=\"Aivlisoft Inform\u00e1tica\" \/>\n<meta property=\"article:modified_time\" content=\"2025-01-14T12:02:26+00:00\" \/>\n<meta property=\"og:image\" content=\"https:\/\/aivlisoft.net\/shop\/wp-content\/uploads\/2025\/01\/NTIAIP0040_800.jpg\" \/>\n\t<meta property=\"og:image:width\" content=\"800\" \/>\n\t<meta property=\"og:image:height\" content=\"800\" \/>\n\t<meta property=\"og:image:type\" content=\"image\/jpeg\" \/>\n<meta name=\"twitter:card\" content=\"summary_large_image\" \/>\n<meta name=\"twitter:label1\" content=\"Tiempo de lectura\" \/>\n\t<meta name=\"twitter:data1\" content=\"1 minuto\" \/>\n<script type=\"application\/ld+json\" class=\"yoast-schema-graph\">{\"@context\":\"https:\/\/schema.org\",\"@graph\":[{\"@type\":\"WebPage\",\"@id\":\"https:\/\/aivlisoft.net\/shop\/producto\/fanvil-bt20-dongle-bluetooth-para-la-serie-xu-v-x\/\",\"url\":\"https:\/\/aivlisoft.net\/shop\/producto\/fanvil-bt20-dongle-bluetooth-para-la-serie-xu-v-x\/\",\"name\":\"Fanvil BT20 Dongle Bluetooth para la serie XU\/V\/X - Aivlisoft Inform\u00e1tica\",\"isPartOf\":{\"@id\":\"https:\/\/aivlisoft.net\/shop\/#website\"},\"primaryImageOfPage\":{\"@id\":\"https:\/\/aivlisoft.net\/shop\/producto\/fanvil-bt20-dongle-bluetooth-para-la-serie-xu-v-x\/#primaryimage\"},\"image\":{\"@id\":\"https:\/\/aivlisoft.net\/shop\/producto\/fanvil-bt20-dongle-bluetooth-para-la-serie-xu-v-x\/#primaryimage\"},\"thumbnailUrl\":\"https:\/\/aivlisoft.net\/shop\/wp-content\/uploads\/2025\/01\/NTIAIP0040_800.jpg\",\"datePublished\":\"2025-01-13T16:05:55+00:00\",\"dateModified\":\"2025-01-14T12:02:26+00:00\",\"breadcrumb\":{\"@id\":\"https:\/\/aivlisoft.net\/shop\/producto\/fanvil-bt20-dongle-bluetooth-para-la-serie-xu-v-x\/#breadcrumb\"},\"inLanguage\":\"es\",\"potentialAction\":[{\"@type\":\"ReadAction\",\"target\":[\"https:\/\/aivlisoft.net\/shop\/producto\/fanvil-bt20-dongle-bluetooth-para-la-serie-xu-v-x\/\"]}]},{\"@type\":\"ImageObject\",\"inLanguage\":\"es\",\"@id\":\"https:\/\/aivlisoft.net\/shop\/producto\/fanvil-bt20-dongle-bluetooth-para-la-serie-xu-v-x\/#primaryimage\",\"url\":\"https:\/\/aivlisoft.net\/shop\/wp-content\/uploads\/2025\/01\/NTIAIP0040_800.jpg\",\"contentUrl\":\"https:\/\/aivlisoft.net\/shop\/wp-content\/uploads\/2025\/01\/NTIAIP0040_800.jpg\",\"width\":800,\"height\":800},{\"@type\":\"BreadcrumbList\",\"@id\":\"https:\/\/aivlisoft.net\/shop\/producto\/fanvil-bt20-dongle-bluetooth-para-la-serie-xu-v-x\/#breadcrumb\",\"itemListElement\":[{\"@type\":\"ListItem\",\"position\":1,\"name\":\"Portada\",\"item\":\"https:\/\/aivlisoft.net\/shop\/\"},{\"@type\":\"ListItem\",\"position\":2,\"name\":\"Tienda\",\"item\":\"https:\/\/aivlisoft.net\/shop\/tienda\/\"},{\"@type\":\"ListItem\",\"position\":3,\"name\":\"Fanvil BT20 Dongle Bluetooth para la serie XU\/V\/X\"}]},{\"@type\":\"WebSite\",\"@id\":\"https:\/\/aivlisoft.net\/shop\/#website\",\"url\":\"https:\/\/aivlisoft.net\/shop\/\",\"name\":\"Aivlisoft Inform\u00e1tica\",\"description\":\"En Aivlisoft Inform\u00e1tica ofrecemos soluciones tecnol\u00f3gicas para empresas: venta de ordenadores, consumibles, perif\u00e9ricos y m\u00e1s. Calidad, atenci\u00f3n personalizada y los mejores precios para tu negocio.\",\"publisher\":{\"@id\":\"https:\/\/aivlisoft.net\/shop\/#organization\"},\"potentialAction\":[{\"@type\":\"SearchAction\",\"target\":{\"@type\":\"EntryPoint\",\"urlTemplate\":\"https:\/\/aivlisoft.net\/shop\/?s={search_term_string}\"},\"query-input\":{\"@type\":\"PropertyValueSpecification\",\"valueRequired\":true,\"valueName\":\"search_term_string\"}}],\"inLanguage\":\"es\"},{\"@type\":\"Organization\",\"@id\":\"https:\/\/aivlisoft.net\/shop\/#organization\",\"name\":\"Aivlisoft Inform\u00e1tica\",\"url\":\"https:\/\/aivlisoft.net\/shop\/\",\"logo\":{\"@type\":\"ImageObject\",\"inLanguage\":\"es\",\"@id\":\"https:\/\/aivlisoft.net\/shop\/#\/schema\/logo\/image\/\",\"url\":\"https:\/\/aivlisoft.net\/shop\/wp-content\/uploads\/2024\/12\/removal.ai_5b848c54-0cdf-4140-95c5-c5536bb7573b-logodef.png\",\"contentUrl\":\"https:\/\/aivlisoft.net\/shop\/wp-content\/uploads\/2024\/12\/removal.ai_5b848c54-0cdf-4140-95c5-c5536bb7573b-logodef.png\",\"width\":484,\"height\":182,\"caption\":\"Aivlisoft Inform\u00e1tica\"},\"image\":{\"@id\":\"https:\/\/aivlisoft.net\/shop\/#\/schema\/logo\/image\/\"}}]}<\/script>\n<!-- \/ Yoast SEO plugin. -->","yoast_head_json":{"title":"Fanvil BT20 Dongle Bluetooth para la serie XU\/V\/X - Aivlisoft Inform\u00e1tica","robots":{"index":"index","follow":"follow","max-snippet":"max-snippet:-1","max-image-preview":"max-image-preview:large","max-video-preview":"max-video-preview:-1"},"canonical":"https:\/\/aivlisoft.net\/shop\/producto\/fanvil-bt20-dongle-bluetooth-para-la-serie-xu-v-x\/","og_locale":"es_ES","og_type":"article","og_title":"Fanvil BT20 Dongle Bluetooth para la serie XU\/V\/X - Aivlisoft Inform\u00e1tica","og_description":"BT20 USB BT Dongle es un dispositivo de bajo consumo y factor de forma peque&ntilde;o que se puede implementardentro de las oficinas para conectar sus tel&eacute;fonos IP a los auriculares Bluetooth disponibles. Compatible con una variedad de marcas de auriculares Bluetooth, los usuarios pueden responder\/colgar el tel&eacute;fono dentro del rango de comunicaci&oacute;n Bluetooth. Bluetooth V4.0&hellip;&nbsp;Fanvil BT20 Dongle Bluetooth para la serie XU\/V\/X","og_url":"https:\/\/aivlisoft.net\/shop\/producto\/fanvil-bt20-dongle-bluetooth-para-la-serie-xu-v-x\/","og_site_name":"Aivlisoft Inform\u00e1tica","article_modified_time":"2025-01-14T12:02:26+00:00","og_image":[{"width":800,"height":800,"url":"https:\/\/aivlisoft.net\/shop\/wp-content\/uploads\/2025\/01\/NTIAIP0040_800.jpg","type":"image\/jpeg"}],"twitter_card":"summary_large_image","twitter_misc":{"Tiempo de lectura":"1 minuto"},"schema":{"@context":"https:\/\/schema.org","@graph":[{"@type":"WebPage","@id":"https:\/\/aivlisoft.net\/shop\/producto\/fanvil-bt20-dongle-bluetooth-para-la-serie-xu-v-x\/","url":"https:\/\/aivlisoft.net\/shop\/producto\/fanvil-bt20-dongle-bluetooth-para-la-serie-xu-v-x\/","name":"Fanvil BT20 Dongle Bluetooth para la serie XU\/V\/X - Aivlisoft Inform\u00e1tica","isPartOf":{"@id":"https:\/\/aivlisoft.net\/shop\/#website"},"primaryImageOfPage":{"@id":"https:\/\/aivlisoft.net\/shop\/producto\/fanvil-bt20-dongle-bluetooth-para-la-serie-xu-v-x\/#primaryimage"},"image":{"@id":"https:\/\/aivlisoft.net\/shop\/producto\/fanvil-bt20-dongle-bluetooth-para-la-serie-xu-v-x\/#primaryimage"},"thumbnailUrl":"https:\/\/aivlisoft.net\/shop\/wp-content\/uploads\/2025\/01\/NTIAIP0040_800.jpg","datePublished":"2025-01-13T16:05:55+00:00","dateModified":"2025-01-14T12:02:26+00:00","breadcrumb":{"@id":"https:\/\/aivlisoft.net\/shop\/producto\/fanvil-bt20-dongle-bluetooth-para-la-serie-xu-v-x\/#breadcrumb"},"inLanguage":"es","potentialAction":[{"@type":"ReadAction","target":["https:\/\/aivlisoft.net\/shop\/producto\/fanvil-bt20-dongle-bluetooth-para-la-serie-xu-v-x\/"]}]},{"@type":"ImageObject","inLanguage":"es","@id":"https:\/\/aivlisoft.net\/shop\/producto\/fanvil-bt20-dongle-bluetooth-para-la-serie-xu-v-x\/#primaryimage","url":"https:\/\/aivlisoft.net\/shop\/wp-content\/uploads\/2025\/01\/NTIAIP0040_800.jpg","contentUrl":"https:\/\/aivlisoft.net\/shop\/wp-content\/uploads\/2025\/01\/NTIAIP0040_800.jpg","width":800,"height":800},{"@type":"BreadcrumbList","@id":"https:\/\/aivlisoft.net\/shop\/producto\/fanvil-bt20-dongle-bluetooth-para-la-serie-xu-v-x\/#breadcrumb","itemListElement":[{"@type":"ListItem","position":1,"name":"Portada","item":"https:\/\/aivlisoft.net\/shop\/"},{"@type":"ListItem","position":2,"name":"Tienda","item":"https:\/\/aivlisoft.net\/shop\/tienda\/"},{"@type":"ListItem","position":3,"name":"Fanvil BT20 Dongle Bluetooth para la serie XU\/V\/X"}]},{"@type":"WebSite","@id":"https:\/\/aivlisoft.net\/shop\/#website","url":"https:\/\/aivlisoft.net\/shop\/","name":"Aivlisoft Inform\u00e1tica","description":"En Aivlisoft Inform\u00e1tica ofrecemos soluciones tecnol\u00f3gicas para empresas: venta de ordenadores, consumibles, perif\u00e9ricos y m\u00e1s. Calidad, atenci\u00f3n personalizada y los mejores precios para tu negocio.","publisher":{"@id":"https:\/\/aivlisoft.net\/shop\/#organization"},"potentialAction":[{"@type":"SearchAction","target":{"@type":"EntryPoint","urlTemplate":"https:\/\/aivlisoft.net\/shop\/?s={search_term_string}"},"query-input":{"@type":"PropertyValueSpecification","valueRequired":true,"valueName":"search_term_string"}}],"inLanguage":"es"},{"@type":"Organization","@id":"https:\/\/aivlisoft.net\/shop\/#organization","name":"Aivlisoft Inform\u00e1tica","url":"https:\/\/aivlisoft.net\/shop\/","logo":{"@type":"ImageObject","inLanguage":"es","@id":"https:\/\/aivlisoft.net\/shop\/#\/schema\/logo\/image\/","url":"https:\/\/aivlisoft.net\/shop\/wp-content\/uploads\/2024\/12\/removal.ai_5b848c54-0cdf-4140-95c5-c5536bb7573b-logodef.png","contentUrl":"https:\/\/aivlisoft.net\/shop\/wp-content\/uploads\/2024\/12\/removal.ai_5b848c54-0cdf-4140-95c5-c5536bb7573b-logodef.png","width":484,"height":182,"caption":"Aivlisoft Inform\u00e1tica"},"image":{"@id":"https:\/\/aivlisoft.net\/shop\/#\/schema\/logo\/image\/"}}]}},"_links":{"self":[{"href":"https:\/\/aivlisoft.net\/shop\/wp-json\/wp\/v2\/product\/22406","targetHints":{"allow":["GET"]}}],"collection":[{"href":"https:\/\/aivlisoft.net\/shop\/wp-json\/wp\/v2\/product"}],"about":[{"href":"https:\/\/aivlisoft.net\/shop\/wp-json\/wp\/v2\/types\/product"}],"wp:featuredmedia":[{"embeddable":true,"href":"https:\/\/aivlisoft.net\/shop\/wp-json\/wp\/v2\/media\/22407"}],"wp:attachment":[{"href":"https:\/\/aivlisoft.net\/shop\/wp-json\/wp\/v2\/media?parent=22406"}],"wp:term":[{"taxonomy":"product_brand","embeddable":true,"href":"https:\/\/aivlisoft.net\/shop\/wp-json\/wp\/v2\/product_brand?post=22406"},{"taxonomy":"product_cat","embeddable":true,"href":"https:\/\/aivlisoft.net\/shop\/wp-json\/wp\/v2\/product_cat?post=22406"},{"taxonomy":"product_tag","embeddable":true,"href":"https:\/\/aivlisoft.net\/shop\/wp-json\/wp\/v2\/product_tag?post=22406"}],"curies":[{"name":"wp","href":"https:\/\/api.w.org\/{rel}","templated":true}]}}