{"id":22394,"date":"2025-01-13T16:05:45","date_gmt":"2025-01-13T16:05:45","guid":{"rendered":"https:\/\/aivlisoft.com\/?post_type=product&#038;p=22394"},"modified":"2025-01-14T12:02:19","modified_gmt":"2025-01-14T12:02:19","slug":"fanvil-ht301-auriculares-monoqd-a-rj9-enc","status":"publish","type":"product","link":"https:\/\/aivlisoft.net\/shop\/producto\/fanvil-ht301-auriculares-monoqd-a-rj9-enc\/","title":{"rendered":"Fanvil HT301 Auriculares Mono,QD a RJ9, ENC"},"content":{"rendered":"<p>Es un auricular QD a RJ9 que est&aacute; especialmente dise&ntilde;ado para centros de llamadas y comunicaci&oacute;n de la oficina. HT301\/HT302 es compatible con la tecnolog&iacute;a de reducci&oacute;n de ruido pasivo y ofrece una experiencia de audio HD inmersiva.<\/p>\n<p>Dise&ntilde;o ergon&oacute;mico aerodin&aacute;mico, oreja de cuero suave Los cojines y el peso ultraligero brindan comodidad durante todo el d&iacute;a para que los use.<\/p>\n<p>Admiten la conexi&oacute;n a tel&eacute;fonos IP Fanvil y tel&eacute;fonos IP convencionales de terceros.<\/p>\n<p><strong>Audio HD<\/strong>: Admite audio HD de banda ancha y reducci&oacute;n pasiva de ruido, que es dise&ntilde;ado para la vocaci&oacute;n y la m&uacute;sica. Admite frecuencia antielectromagn&eacute;tica.<br \/>Interferencia y funci&oacute;n de ecualizaci&oacute;n din&aacute;mica, que proporciona una calidad de audio m&aacute;s v&iacute;vida y rica.<\/p>\n<p><strong>Comodidad durante todo el d&iacute;a:<\/strong> dise&ntilde;o ergon&oacute;mico con almohadillas de cuero suave para los o&iacute;dos y ultraligero. El brazo de pluma flexible de 260&deg; permite que los usuarios lo usen de acuerdo con sus preferencia.<\/p>\n<p><strong>Gran compatibilidad:<\/strong> compatible con todos los tel&eacute;fonos IP de Fanvil y de terceros tel&eacute;fono IP convencional<\/p>\n<table class=\"tabla_caracteristicas\" width=\"100%\">\n<tr>\n<td valign=\"top\"><strong>Marca<\/strong><\/td>\n<td>Fanvil<\/td>\n<\/tr>\n<tr>\n<td valign=\"top\"><strong>Modelo<\/strong><\/td>\n<td><strong>HT301<\/strong><\/td>\n<\/tr>\n<tr>\n<td valign=\"top\"><strong>Caracter&iacute;sticas<\/strong><\/td>\n<td>&#8211; Auriculares ajustables<br \/>\t\t\t&#8211; Interfaz QD a <strong>RJ9<\/strong><br \/>\t\t\t&#8211; Audio de banda ancha HD<br \/>\t\t\t&#8211; Admite cancelaci&oacute;n pasiva de ruido<br \/>\t\t\t<strong>Micr&oacute;fono<\/strong><br \/>\t\t\t&#8211; Micr&oacute;fono de reducci&oacute;n de ruido: 1 ruido omnidireccional micr&oacute;fonos de reducci&oacute;n<br \/>\t\t\t&#8211; Rango de respuesta de frecuencia del micr&oacute;fono: 50 Hz-8 KHz<br \/>\t\t\t&#8211; Sensibilidad del micr&oacute;fono: -42&plusmn;3 dB<br \/>\t\t\t&#8211; Brazo de pluma flexible de 260&deg;<br \/>\t\t\t<strong>Sonido<\/strong><br \/>\t\t\t&#8211; Rango de respuesta de frecuencia del altavoz: 20 Hz-20 KHz<br \/>\t\t\t&#8211; Sensibilidad del altavoz: 117 &plusmn; 3 dB<br \/>\t\t\t&#8211; Impedancia del altavoz: 32 &Omega; &plusmn; 15 %<br \/>\t\t\t&#8211; Potencia de entrada del altavoz: 10 mW<br \/>\t\t\t&#8211; Ancho de banda del altavoz: Banda ancha<br \/>\t\t\t<strong>Otras caracter&iacute;sticas<\/strong><br \/>\t\t\t&#8211; Color: Negro<br \/>\t\t\t&#8211; Temperatura de funcionamiento: -25~60 &deg;C<br \/>\t\t\t&#8211; Longitud del cable: 1,8 m<br \/>\t\t\t&#8211; Peso: 73 g<\/td>\n<\/tr>\n<tr>\n<td valign=\"top\"><strong>Fecha de revisi&oacute;n<\/strong><\/td>\n<td>26-04-2023 por RTY<\/td>\n<\/tr>\n<\/table>\n","protected":false},"excerpt":{"rendered":"<p>Es un auricular QD a RJ9 que est&aacute; especialmente dise&ntilde;ado para centros de llamadas y comunicaci&oacute;n de la oficina. HT301\/HT302 es compatible con la tecnolog&iacute;a de reducci&oacute;n de ruido pasivo y ofrece una experiencia de audio HD inmersiva. Dise&ntilde;o ergon&oacute;mico aerodin&aacute;mico, oreja de cuero suave Los cojines y el peso ultraligero brindan comodidad durante todo&hellip;&nbsp;<a href=\"https:\/\/aivlisoft.net\/shop\/producto\/fanvil-ht301-auriculares-monoqd-a-rj9-enc\/\" rel=\"bookmark\"><span class=\"screen-reader-text\">Fanvil HT301 Auriculares Mono,QD a RJ9, ENC<\/span><\/a><\/p>\n","protected":false},"featured_media":22395,"template":"","meta":{"neve_meta_sidebar":"","neve_meta_container":"","neve_meta_enable_content_width":"","neve_meta_content_width":0,"neve_meta_title_alignment":"","neve_meta_author_avatar":"","neve_post_elements_order":"","neve_meta_disable_header":"","neve_meta_disable_footer":"","neve_meta_disable_title":""},"product_brand":[],"product_cat":[15],"product_tag":[7916],"class_list":{"0":"post-22394","1":"product","2":"type-product","3":"status-publish","4":"has-post-thumbnail","6":"product_cat-sin-categorizar","7":"product_tag-ht301","9":"first","10":"instock","11":"taxable","12":"shipping-taxable","13":"purchasable","14":"product-type-simple"},"yoast_head":"<!-- This site is optimized with the Yoast SEO plugin v26.0 - https:\/\/yoast.com\/wordpress\/plugins\/seo\/ -->\n<title>Fanvil HT301 Auriculares Mono,QD a RJ9, ENC - Aivlisoft Inform\u00e1tica<\/title>\n<meta name=\"robots\" content=\"index, follow, max-snippet:-1, max-image-preview:large, max-video-preview:-1\" \/>\n<link rel=\"canonical\" href=\"https:\/\/aivlisoft.net\/shop\/producto\/fanvil-ht301-auriculares-monoqd-a-rj9-enc\/\" \/>\n<meta property=\"og:locale\" content=\"es_ES\" \/>\n<meta property=\"og:type\" content=\"article\" \/>\n<meta property=\"og:title\" content=\"Fanvil HT301 Auriculares Mono,QD a RJ9, ENC - Aivlisoft Inform\u00e1tica\" \/>\n<meta property=\"og:description\" content=\"Es un auricular QD a RJ9 que est&aacute; especialmente dise&ntilde;ado para centros de llamadas y comunicaci&oacute;n de la oficina. HT301\/HT302 es compatible con la tecnolog&iacute;a de reducci&oacute;n de ruido pasivo y ofrece una experiencia de audio HD inmersiva. Dise&ntilde;o ergon&oacute;mico aerodin&aacute;mico, oreja de cuero suave Los cojines y el peso ultraligero brindan comodidad durante todo&hellip;&nbsp;Fanvil HT301 Auriculares Mono,QD a RJ9, ENC\" \/>\n<meta property=\"og:url\" content=\"https:\/\/aivlisoft.net\/shop\/producto\/fanvil-ht301-auriculares-monoqd-a-rj9-enc\/\" \/>\n<meta property=\"og:site_name\" content=\"Aivlisoft Inform\u00e1tica\" \/>\n<meta property=\"article:modified_time\" content=\"2025-01-14T12:02:19+00:00\" \/>\n<meta property=\"og:image\" content=\"https:\/\/aivlisoft.net\/shop\/wp-content\/uploads\/2025\/01\/NTIAIP0032_800.jpg\" \/>\n\t<meta property=\"og:image:width\" content=\"800\" \/>\n\t<meta property=\"og:image:height\" content=\"800\" \/>\n\t<meta property=\"og:image:type\" content=\"image\/jpeg\" \/>\n<meta name=\"twitter:card\" content=\"summary_large_image\" \/>\n<meta name=\"twitter:label1\" content=\"Tiempo de lectura\" \/>\n\t<meta name=\"twitter:data1\" content=\"2 minutos\" \/>\n<script type=\"application\/ld+json\" class=\"yoast-schema-graph\">{\"@context\":\"https:\/\/schema.org\",\"@graph\":[{\"@type\":\"WebPage\",\"@id\":\"https:\/\/aivlisoft.net\/shop\/producto\/fanvil-ht301-auriculares-monoqd-a-rj9-enc\/\",\"url\":\"https:\/\/aivlisoft.net\/shop\/producto\/fanvil-ht301-auriculares-monoqd-a-rj9-enc\/\",\"name\":\"Fanvil HT301 Auriculares Mono,QD a RJ9, ENC - Aivlisoft Inform\u00e1tica\",\"isPartOf\":{\"@id\":\"https:\/\/aivlisoft.net\/shop\/#website\"},\"primaryImageOfPage\":{\"@id\":\"https:\/\/aivlisoft.net\/shop\/producto\/fanvil-ht301-auriculares-monoqd-a-rj9-enc\/#primaryimage\"},\"image\":{\"@id\":\"https:\/\/aivlisoft.net\/shop\/producto\/fanvil-ht301-auriculares-monoqd-a-rj9-enc\/#primaryimage\"},\"thumbnailUrl\":\"https:\/\/aivlisoft.net\/shop\/wp-content\/uploads\/2025\/01\/NTIAIP0032_800.jpg\",\"datePublished\":\"2025-01-13T16:05:45+00:00\",\"dateModified\":\"2025-01-14T12:02:19+00:00\",\"breadcrumb\":{\"@id\":\"https:\/\/aivlisoft.net\/shop\/producto\/fanvil-ht301-auriculares-monoqd-a-rj9-enc\/#breadcrumb\"},\"inLanguage\":\"es\",\"potentialAction\":[{\"@type\":\"ReadAction\",\"target\":[\"https:\/\/aivlisoft.net\/shop\/producto\/fanvil-ht301-auriculares-monoqd-a-rj9-enc\/\"]}]},{\"@type\":\"ImageObject\",\"inLanguage\":\"es\",\"@id\":\"https:\/\/aivlisoft.net\/shop\/producto\/fanvil-ht301-auriculares-monoqd-a-rj9-enc\/#primaryimage\",\"url\":\"https:\/\/aivlisoft.net\/shop\/wp-content\/uploads\/2025\/01\/NTIAIP0032_800.jpg\",\"contentUrl\":\"https:\/\/aivlisoft.net\/shop\/wp-content\/uploads\/2025\/01\/NTIAIP0032_800.jpg\",\"width\":800,\"height\":800},{\"@type\":\"BreadcrumbList\",\"@id\":\"https:\/\/aivlisoft.net\/shop\/producto\/fanvil-ht301-auriculares-monoqd-a-rj9-enc\/#breadcrumb\",\"itemListElement\":[{\"@type\":\"ListItem\",\"position\":1,\"name\":\"Portada\",\"item\":\"https:\/\/aivlisoft.net\/shop\/\"},{\"@type\":\"ListItem\",\"position\":2,\"name\":\"Tienda\",\"item\":\"https:\/\/aivlisoft.net\/shop\/tienda\/\"},{\"@type\":\"ListItem\",\"position\":3,\"name\":\"Fanvil HT301 Auriculares Mono,QD a RJ9, ENC\"}]},{\"@type\":\"WebSite\",\"@id\":\"https:\/\/aivlisoft.net\/shop\/#website\",\"url\":\"https:\/\/aivlisoft.net\/shop\/\",\"name\":\"Aivlisoft Inform\u00e1tica\",\"description\":\"En Aivlisoft Inform\u00e1tica ofrecemos soluciones tecnol\u00f3gicas para empresas: venta de ordenadores, consumibles, perif\u00e9ricos y m\u00e1s. Calidad, atenci\u00f3n personalizada y los mejores precios para tu negocio.\",\"publisher\":{\"@id\":\"https:\/\/aivlisoft.net\/shop\/#organization\"},\"potentialAction\":[{\"@type\":\"SearchAction\",\"target\":{\"@type\":\"EntryPoint\",\"urlTemplate\":\"https:\/\/aivlisoft.net\/shop\/?s={search_term_string}\"},\"query-input\":{\"@type\":\"PropertyValueSpecification\",\"valueRequired\":true,\"valueName\":\"search_term_string\"}}],\"inLanguage\":\"es\"},{\"@type\":\"Organization\",\"@id\":\"https:\/\/aivlisoft.net\/shop\/#organization\",\"name\":\"Aivlisoft Inform\u00e1tica\",\"url\":\"https:\/\/aivlisoft.net\/shop\/\",\"logo\":{\"@type\":\"ImageObject\",\"inLanguage\":\"es\",\"@id\":\"https:\/\/aivlisoft.net\/shop\/#\/schema\/logo\/image\/\",\"url\":\"https:\/\/aivlisoft.net\/shop\/wp-content\/uploads\/2024\/12\/removal.ai_5b848c54-0cdf-4140-95c5-c5536bb7573b-logodef.png\",\"contentUrl\":\"https:\/\/aivlisoft.net\/shop\/wp-content\/uploads\/2024\/12\/removal.ai_5b848c54-0cdf-4140-95c5-c5536bb7573b-logodef.png\",\"width\":484,\"height\":182,\"caption\":\"Aivlisoft Inform\u00e1tica\"},\"image\":{\"@id\":\"https:\/\/aivlisoft.net\/shop\/#\/schema\/logo\/image\/\"}}]}<\/script>\n<!-- \/ Yoast SEO plugin. -->","yoast_head_json":{"title":"Fanvil HT301 Auriculares Mono,QD a RJ9, ENC - Aivlisoft Inform\u00e1tica","robots":{"index":"index","follow":"follow","max-snippet":"max-snippet:-1","max-image-preview":"max-image-preview:large","max-video-preview":"max-video-preview:-1"},"canonical":"https:\/\/aivlisoft.net\/shop\/producto\/fanvil-ht301-auriculares-monoqd-a-rj9-enc\/","og_locale":"es_ES","og_type":"article","og_title":"Fanvil HT301 Auriculares Mono,QD a RJ9, ENC - Aivlisoft Inform\u00e1tica","og_description":"Es un auricular QD a RJ9 que est&aacute; especialmente dise&ntilde;ado para centros de llamadas y comunicaci&oacute;n de la oficina. HT301\/HT302 es compatible con la tecnolog&iacute;a de reducci&oacute;n de ruido pasivo y ofrece una experiencia de audio HD inmersiva. Dise&ntilde;o ergon&oacute;mico aerodin&aacute;mico, oreja de cuero suave Los cojines y el peso ultraligero brindan comodidad durante todo&hellip;&nbsp;Fanvil HT301 Auriculares Mono,QD a RJ9, ENC","og_url":"https:\/\/aivlisoft.net\/shop\/producto\/fanvil-ht301-auriculares-monoqd-a-rj9-enc\/","og_site_name":"Aivlisoft Inform\u00e1tica","article_modified_time":"2025-01-14T12:02:19+00:00","og_image":[{"width":800,"height":800,"url":"https:\/\/aivlisoft.net\/shop\/wp-content\/uploads\/2025\/01\/NTIAIP0032_800.jpg","type":"image\/jpeg"}],"twitter_card":"summary_large_image","twitter_misc":{"Tiempo de lectura":"2 minutos"},"schema":{"@context":"https:\/\/schema.org","@graph":[{"@type":"WebPage","@id":"https:\/\/aivlisoft.net\/shop\/producto\/fanvil-ht301-auriculares-monoqd-a-rj9-enc\/","url":"https:\/\/aivlisoft.net\/shop\/producto\/fanvil-ht301-auriculares-monoqd-a-rj9-enc\/","name":"Fanvil HT301 Auriculares Mono,QD a RJ9, ENC - Aivlisoft Inform\u00e1tica","isPartOf":{"@id":"https:\/\/aivlisoft.net\/shop\/#website"},"primaryImageOfPage":{"@id":"https:\/\/aivlisoft.net\/shop\/producto\/fanvil-ht301-auriculares-monoqd-a-rj9-enc\/#primaryimage"},"image":{"@id":"https:\/\/aivlisoft.net\/shop\/producto\/fanvil-ht301-auriculares-monoqd-a-rj9-enc\/#primaryimage"},"thumbnailUrl":"https:\/\/aivlisoft.net\/shop\/wp-content\/uploads\/2025\/01\/NTIAIP0032_800.jpg","datePublished":"2025-01-13T16:05:45+00:00","dateModified":"2025-01-14T12:02:19+00:00","breadcrumb":{"@id":"https:\/\/aivlisoft.net\/shop\/producto\/fanvil-ht301-auriculares-monoqd-a-rj9-enc\/#breadcrumb"},"inLanguage":"es","potentialAction":[{"@type":"ReadAction","target":["https:\/\/aivlisoft.net\/shop\/producto\/fanvil-ht301-auriculares-monoqd-a-rj9-enc\/"]}]},{"@type":"ImageObject","inLanguage":"es","@id":"https:\/\/aivlisoft.net\/shop\/producto\/fanvil-ht301-auriculares-monoqd-a-rj9-enc\/#primaryimage","url":"https:\/\/aivlisoft.net\/shop\/wp-content\/uploads\/2025\/01\/NTIAIP0032_800.jpg","contentUrl":"https:\/\/aivlisoft.net\/shop\/wp-content\/uploads\/2025\/01\/NTIAIP0032_800.jpg","width":800,"height":800},{"@type":"BreadcrumbList","@id":"https:\/\/aivlisoft.net\/shop\/producto\/fanvil-ht301-auriculares-monoqd-a-rj9-enc\/#breadcrumb","itemListElement":[{"@type":"ListItem","position":1,"name":"Portada","item":"https:\/\/aivlisoft.net\/shop\/"},{"@type":"ListItem","position":2,"name":"Tienda","item":"https:\/\/aivlisoft.net\/shop\/tienda\/"},{"@type":"ListItem","position":3,"name":"Fanvil HT301 Auriculares Mono,QD a RJ9, ENC"}]},{"@type":"WebSite","@id":"https:\/\/aivlisoft.net\/shop\/#website","url":"https:\/\/aivlisoft.net\/shop\/","name":"Aivlisoft Inform\u00e1tica","description":"En Aivlisoft Inform\u00e1tica ofrecemos soluciones tecnol\u00f3gicas para empresas: venta de ordenadores, consumibles, perif\u00e9ricos y m\u00e1s. Calidad, atenci\u00f3n personalizada y los mejores precios para tu negocio.","publisher":{"@id":"https:\/\/aivlisoft.net\/shop\/#organization"},"potentialAction":[{"@type":"SearchAction","target":{"@type":"EntryPoint","urlTemplate":"https:\/\/aivlisoft.net\/shop\/?s={search_term_string}"},"query-input":{"@type":"PropertyValueSpecification","valueRequired":true,"valueName":"search_term_string"}}],"inLanguage":"es"},{"@type":"Organization","@id":"https:\/\/aivlisoft.net\/shop\/#organization","name":"Aivlisoft Inform\u00e1tica","url":"https:\/\/aivlisoft.net\/shop\/","logo":{"@type":"ImageObject","inLanguage":"es","@id":"https:\/\/aivlisoft.net\/shop\/#\/schema\/logo\/image\/","url":"https:\/\/aivlisoft.net\/shop\/wp-content\/uploads\/2024\/12\/removal.ai_5b848c54-0cdf-4140-95c5-c5536bb7573b-logodef.png","contentUrl":"https:\/\/aivlisoft.net\/shop\/wp-content\/uploads\/2024\/12\/removal.ai_5b848c54-0cdf-4140-95c5-c5536bb7573b-logodef.png","width":484,"height":182,"caption":"Aivlisoft Inform\u00e1tica"},"image":{"@id":"https:\/\/aivlisoft.net\/shop\/#\/schema\/logo\/image\/"}}]}},"_links":{"self":[{"href":"https:\/\/aivlisoft.net\/shop\/wp-json\/wp\/v2\/product\/22394","targetHints":{"allow":["GET"]}}],"collection":[{"href":"https:\/\/aivlisoft.net\/shop\/wp-json\/wp\/v2\/product"}],"about":[{"href":"https:\/\/aivlisoft.net\/shop\/wp-json\/wp\/v2\/types\/product"}],"wp:featuredmedia":[{"embeddable":true,"href":"https:\/\/aivlisoft.net\/shop\/wp-json\/wp\/v2\/media\/22395"}],"wp:attachment":[{"href":"https:\/\/aivlisoft.net\/shop\/wp-json\/wp\/v2\/media?parent=22394"}],"wp:term":[{"taxonomy":"product_brand","embeddable":true,"href":"https:\/\/aivlisoft.net\/shop\/wp-json\/wp\/v2\/product_brand?post=22394"},{"taxonomy":"product_cat","embeddable":true,"href":"https:\/\/aivlisoft.net\/shop\/wp-json\/wp\/v2\/product_cat?post=22394"},{"taxonomy":"product_tag","embeddable":true,"href":"https:\/\/aivlisoft.net\/shop\/wp-json\/wp\/v2\/product_tag?post=22394"}],"curies":[{"name":"wp","href":"https:\/\/api.w.org\/{rel}","templated":true}]}}