{"id":22335,"date":"2025-01-13T16:05:04","date_gmt":"2025-01-13T16:05:04","guid":{"rendered":"https:\/\/aivlisoft.com\/?post_type=product&#038;p=22335"},"modified":"2025-01-14T13:46:33","modified_gmt":"2025-01-14T13:46:33","slug":"ckp-iphone-13-semi-nuevo-128gb-red","status":"publish","type":"product","link":"https:\/\/aivlisoft.net\/shop\/producto\/ckp-iphone-13-semi-nuevo-128gb-red\/","title":{"rendered":"CKP iPhone 13 Semi Nuevo 128GB Red"},"content":{"rendered":"<p><strong>iPhone Semi Nuevos<\/strong><br \/>Son productos de 2&ordf; mano o KM\/0, devueltos por clientes antes de 90 d&iacute;as o que han sido utilizados como unidad de demostraci&oacute;n.<\/p>\n<p>Los terminales son sometidos a un exhaustivo control de calidad antes de su comercializaci&oacute;n.<\/p>\n<p>Terminales con grado A<\/p>\n<p><strong>Caracter&iacute;sticas principales<\/strong><br \/>&#8211; Revisado por todo un equipo de ingenieros y Dpto de Calidad.<br \/>&#8211; Brillante y radiante como si fuera nuevo. (Carcasa y pantalla pueden contener alg&uacute;n rasgu&ntilde;o o muesca visibles a m&aacute;s de 20cm)<br \/>&#8211; 100% Funcional.<\/p>\n<p>&nbsp;<\/p>\n<table class=\"tabla_caracteristicas k-table\" width=\"100%\">\n<tr>\n<td valign=\"top\"><strong>Marca<\/strong><\/td>\n<td>Apple<\/td>\n<\/tr>\n<tr>\n<td valign=\"top\"><strong>Modelo<\/strong><\/td>\n<td valign=\"top\"><strong>IPH 13 128GB RE_A<\/strong><\/td>\n<\/tr>\n<tr>\n<td valign=\"top\"><strong>Procesador<\/strong><\/td>\n<td>&#8211; Chip A15 Bionic<br \/>\t\t\t&#8211; Nueva CPU de 6 n&uacute;cleos con 2 n&uacute;cleos de rendimiento y 4 de eficiencia<br \/>\t\t\t&#8211; Nueva GPU de 4 n&uacute;cleos<br \/>\t\t\t&#8211; Nuevo Neural Engine de 16 n&uacute;cleos<\/td>\n<\/tr>\n<tr>\n<td valign=\"top\"><strong>Sistema operativo<\/strong><\/td>\n<td><strong>iOS15<\/strong><\/td>\n<\/tr>\n<tr>\n<td valign=\"top\"><strong>Memoria<\/strong><\/td>\n<td>&#8211; Memoria Interna: <strong>128GB<\/strong><\/td>\n<\/tr>\n<tr>\n<td valign=\"top\"><strong>Pantalla<\/strong><\/td>\n<td>&#8211; Pantalla Super Retina XDR<br \/>\t\t\t&#8211; Pantalla OLED de 6,1 pulgadas (15,40 cm) en diagonal<br \/>\t\t\t&#8211; Resoluci&oacute;n de 2.532 por 1.170 p&iacute;xeles a 460 p\/p<br \/>\t\t\t&#8211; Pantalla HDR<br \/>\t\t\t&#8211; True Tone<br \/>\t\t\t&#8211; Gama crom&aacute;tica amplia (P3)<br \/>\t\t\t&#8211; Respuesta h&aacute;ptica<br \/>\t\t\t&#8211; Contraste de 2.000.000:1 (t&iacute;pico)<br \/>\t\t\t&#8211; Brillo m&aacute;ximo de 800 nits (t&iacute;pico) o de 1.200 nits (HDR)<br \/>\t\t\t&#8211; Cubierta ole&oacute;fuga antihuellas<br \/>\t\t\t&#8211; Compatible con la presentaci&oacute;n simult&aacute;nea de m&uacute;ltiples idiomas y grupos de car&aacute;cteres<\/td>\n<\/tr>\n<tr>\n<td valign=\"top\"><strong>C&aacute;mara<\/strong><\/td>\n<td>&#8211; Sistema de c&aacute;mara dual de 12 Mpx con gran angular y ultra gran angular<br \/>\t\t\t&#8211; Gran angular: apertura de &fnof;\/1,6<br \/>\t\t\t&#8211; Ultra gran angular: apertura de &fnof;\/2,4 y campo de visi&oacute;n de 120&deg;<br \/>\t\t\t&#8211; Zoom &oacute;ptico de alejamiento x2<br \/>\t\t\t&#8211; Zoom digital hasta x5<br \/>\t\t\t&#8211; Modo Retrato con efecto bokeh avanzado y Control de Profundidad<br \/>\t\t\t&#8211; Iluminaci&oacute;n de Retratos con seis efectos (Luz Natural, Luz de Estudio, Luz de Contorno, Luz de Escenario, Luz de Escenario Mono y Luz en Clave Alta Mono)<br \/>\t\t\t&#8211; Estabilizaci&oacute;n &oacute;ptica de imagen por desplazamiento del sensor (gran angular)<br \/>\t\t\t&#8211; Lente de siete elementos (gran angular) y lente de cinco elementos (ultra gran angular)<br \/>\t\t\t&#8211; Flash True Tone con sincronizaci&oacute;n lenta<br \/>\t\t\t&#8211; Fotos panor&aacute;micas (hasta 63 Mpx)<br \/>\t\t\t&#8211; Cubierta de la lente de cristal de zafiro<br \/>\t\t\t&#8211; 100 % Focus Pixels (gran angular)<br \/>\t\t\t&#8211; Modo Noche<br \/>\t\t\t&#8211; Deep Fusion<br \/>\t\t\t&#8211; HDR Inteligente 4<br \/>\t\t\t&#8211; Estilos Fotogr&aacute;ficos<br \/>\t\t\t&#8211; Gama crom&aacute;tica amplia para fotos y Live Photos<br \/>\t\t\t&#8211; Correcci&oacute;n del objetivo (ultra gran angular)<br \/>\t\t\t&#8211; Correcci&oacute;n avanzada de ojos rojos<br \/>\t\t\t&#8211; Estabilizaci&oacute;n autom&aacute;tica de imagen<br \/>\t\t\t&#8211; Modo r&aacute;faga<br \/>\t\t\t&#8211; Geoetiquetado de fotos<br \/>\t\t\t&#8211; Captura de imagen en formato HEIF y JPEG<br \/>\t\t\t<strong>Grabaci&oacute;n de v&iacute;deo<\/strong><br \/>\t\t\t&#8211; Modo Cine para grabar v&iacute;deos con poca profundidad de campo (1080p a 30 f\/s)<br \/>\t\t\t&#8211; Grabaci&oacute;n de v&iacute;deo en HDR con Dolby Vision hasta 4K a 60 f\/s<br \/>\t\t\t&#8211; Grabaci&oacute;n de v&iacute;deo en 4K a 24, 25, 30 o 60 f\/s<br \/>\t\t\t&#8211; Grabaci&oacute;n de v&iacute;deo en 1080p HD a 25, 30 o 60 f\/s<br \/>\t\t\t&#8211; Grabaci&oacute;n de v&iacute;deo en 720p HD a 30 f\/s<br \/>\t\t\t&#8211; Estabilizaci&oacute;n &oacute;ptica de imagen por desplazamiento del sensor para v&iacute;deo (gran angular)<br \/>\t\t\t&#8211; Zoom &oacute;ptico de alejamiento x2<br \/>\t\t\t&#8211; Zoom digital hasta x3<br \/>\t\t\t&#8211; Zoom de audio<br \/>\t\t\t&#8211; Flash True Tone<br \/>\t\t\t&#8211; V&iacute;deo QuickTake<br \/>\t\t\t&#8211; V&iacute;deo a c&aacute;mara lenta en 1080p a 120 o 240 f\/s<br \/>\t\t\t&#8211; V&iacute;deo en timelapse con estabili&shy;zaci&oacute;n<br \/>\t\t\t&#8211; Timelapse con modo Noche<br \/>\t\t\t&#8211; Estabilizaci&oacute;n de v&iacute;deo con calidad de cine (4K, 1080p y 720p)<br \/>\t\t\t&#8211; Enfoque autom&aacute;tico continuo<br \/>\t\t\t&#8211; Opci&oacute;n de sacar fotos de 8 Mpx durante la grabaci&oacute;n de v&iacute;deo en 4K<br \/>\t\t\t&#8211; Reproducci&oacute;n con zoom<br \/>\t\t\t&#8211; Grabaci&oacute;n de v&iacute;deo en formato HEVC y H.264<br \/>\t\t\t&#8211; Grabaci&oacute;n en est&eacute;reo<br \/>\t\t\t<strong>C&aacute;mara TrueDepth<\/strong><br \/>\t\t\t&#8211; C&aacute;mara de 12 Mpx<br \/>\t\t\t&#8211; Apertura de &fnof;\/2,2<br \/>\t\t\t&#8211; Modo Retrato con efecto bokeh avanzado y Control de Profundidad<br \/>\t\t\t&#8211; Iluminaci&oacute;n de Retratos con seis efectos (Luz Natural, Luz de Estudio, Luz de Contorno, Luz de Escenario, Luz de Escenario Mono y Luz en Clave Alta Mono)<br \/>\t\t\t&#8211; Animoji y Memoji<br \/>\t\t\t&#8211; Modo Noche<br \/>\t\t\t&#8211; Deep Fusion<br \/>\t\t\t&#8211; HDR Inteligente 4<br \/>\t\t\t&#8211; Estilos Fotogr&aacute;ficos<br \/>\t\t\t&#8211; Modo Cine para grabar v&iacute;deos con poca profundidad de campo (1080p a 30 f\/s)<br \/>\t\t\t&#8211; Grabaci&oacute;n de v&iacute;deo en HDR con Dolby Vision hasta 4K a 60 f\/s<br \/>\t\t\t&#8211; Grabaci&oacute;n de v&iacute;deo en 4K a 24, 25, 30 o 60 f\/s<br \/>\t\t\t&#8211; Grabaci&oacute;n de v&iacute;deo en 1080p HD a 25, 30 o 60 f\/s<br \/>\t\t\t&#8211; V&iacute;deo a c&aacute;mara lenta en 1080p a 120 f\/s<br \/>\t\t\t&#8211; V&iacute;deo en timelapse con estabili&shy;zaci&oacute;n<br \/>\t\t\t&#8211; Time-lapse con modo Noche<br \/>\t\t\t&#8211; Estabilizaci&oacute;n de v&iacute;deo con calidad de cine (4K, 1080p y 720p)<br \/>\t\t\t&#8211; V&iacute;deo QuickTake<br \/>\t\t\t&#8211; Gama crom&aacute;tica amplia para fotos y Live Photos<br \/>\t\t\t&#8211; Correcci&oacute;n del objetivo<br \/>\t\t\t&#8211; Retina Flash<br \/>\t\t\t&#8211; Estabilizaci&oacute;n autom&aacute;tica de imagen<br \/>\t\t\t&#8211; Modo r&aacute;faga<\/td>\n<\/tr>\n<tr>\n<td valign=\"top\"><strong>Redes\/Bandas<\/strong><\/td>\n<td>&#8211; 5G (sub 6 GHz) con MIMO 4&#215;4<br \/>\t\t\t&#8211; LTE Gigabit con MIMO 4&#215;4 y LAA<br \/>\t\t\t&#8211; Wifi 802.11ax (6.&ordf; gen.) con MIMO 2&#215;2<br \/>\t\t\t&#8211; Tecnolog&iacute;a inal&aacute;mbrica Bluetooth 5.0<br \/>\t\t\t&#8211; Chip de banda ultraancha para la detecci&oacute;n espacial<br \/>\t\t\t&#8211; NFC con modo de lectura<br \/>\t\t\t&#8211; Tarjetas expr&eacute;s con reserva de bater&iacute;a<br \/>\t\t\t<strong>Tarjeta SIM<\/strong><br \/>\t\t\t&#8211; Doble SIM (Nano SIM y eSIM)<br \/>\t\t\t&#8211; Compatible con doble eSIM<br \/>\t\t\t&#8211; El iPhone 13 y el iPhone 13 mini no son compatibles con las tarjetas Micro SIM<\/td>\n<\/tr>\n<tr>\n<td valign=\"top\"><strong>Otras <\/strong><br \/>\t\t\t<strong>caracter&iacute;sticas<\/strong><\/td>\n<td>&#8211; Calificaci&oacute;n IP68 seg&uacute;n la norma IEC 60529 (hasta 6 metros de profundidad durante un m&aacute;ximo de 30 minutos)<br \/>\t\t\t&#8211; Reconocimiento facial mediante la c&aacute;mara TrueDepth<br \/>\t\t\t<strong>Reproducci&oacute;n de audio<\/strong><br \/>\t\t\t&#8211; Formatos compatibles: AAC, MP3, Apple Lossless, FLAC, Dolby Digital, Dolby Digital Plus y Dolby Atmos (entre otros)<br \/>\t\t\t&#8211; Audio espacial<br \/>\t\t\t&#8211; L&iacute;mite de volumen configurable por el usuario<br \/>\t\t\t<strong>Reproducci&oacute;n de v&iacute;deo<\/strong><br \/>\t\t\t&#8211; Formatos compatibles: HEVC, H.264 y ProRes (entre otros)<br \/>\t\t\t&#8211; HDR con Dolby Vision, HDR10 y HLG<br \/>\t\t\t&#8211; AirPlay hasta 4K HDR para duplicaci&oacute;n de pantalla y salida de fotos y v&iacute;deo a trav&eacute;s del Apple TV (2.&ordf; generaci&oacute;n o posterior) o de un televisor inteligente con AirPlay 2<br \/>\t\t\t&#8211; Compatibilidad con v&iacute;deo en espejo y salida de v&iacute;deo: hasta 1080p a trav&eacute;s del adaptador de conector Lightning a AV digital y el adaptador de conector Lightning a VGA (se venden por separado)<br \/>\t\t\t<strong>Siri<\/strong><br \/>\t\t\t&#8211; Env&iacute;a mensajes, a&ntilde;ade recordatorios y mucho m&aacute;s con tu voz<br \/>\t\t\t&#8211; Act&iacute;valo con solo decir &laquo;Oye Siri&raquo;<br \/>\t\t\t&#8211; Usa tu voz para activar atajos en tus apps favoritas<br \/>\t\t\t<strong>Localizaci&oacute;n<\/strong><br \/>\t\t\t&#8211; GPS, GLONASS, Galileo, QZSS y BeiDou integrados<br \/>\t\t\t&#8211; Br&uacute;jula digital<br \/>\t\t\t&#8211; Wifi<br \/>\t\t\t&#8211; Redes m&oacute;viles<br \/>\t\t\t&#8211; Microlocalizaci&oacute;n iBeacon<br \/>\t\t\t<strong>Dimensiones y peso <\/strong><br \/>\t\t\t&#8211; Ancho: 7,15 cm<br \/>\t\t\t&#8211; Alto: 14,67 cm<br \/>\t\t\t&#8211; Grosor: 0,76 cm<br \/>\t\t\t&#8211; Peso: 173 g<br \/>\t\t\t<strong>Bater&iacute;a<\/strong><br \/>\t\t\t&#8211; Reproducci&oacute;n de v&iacute;deo: Hasta 19 horas<br \/>\t\t\t&#8211; Streaming de v&iacute;deo: Hasta 15 horas<br \/>\t\t\t&#8211; Reproducci&oacute;n de audio: Hasta 75 horas<br \/>\t\t\t&#8211; Bater&iacute;a recargable integrada de iones de litio<br \/>\t\t\t&#8211; Carga inal&aacute;mbrica con cargadores MagSafe de hasta 15 W<br \/>\t\t\t&#8211; Carga inal&aacute;mbrica con cargadores Qi de hasta 7,5 W<br \/>\t\t\t&#8211; Carga por conexi&oacute;n USB con un ordenador o adaptador de corriente<br \/>\t\t\t&#8211; Carga r&aacute;pida: Hasta un 50 % en 30 minutos con un adaptador de 20 W o superior (se vende por separado)<br \/>\t\t\tMagSafe<br \/>\t\t\t&#8211; Carga inal&aacute;mbrica de hasta 15 W<br \/>\t\t\t&#8211; Conjunto de imanes<br \/>\t\t\t&#8211; Im&aacute;n de alineaci&oacute;n<br \/>\t\t\t&#8211; NFC para la identificaci&oacute;n de accesorios<br \/>\t\t\t&#8211; Magnet&oacute;metro<br \/>\t\t\t<strong>Sensores<\/strong><br \/>\t\t\t&#8211; Face ID<br \/>\t\t\t&#8211; Bar&oacute;metro<br \/>\t\t\t&#8211; Giroscopio de tres ejes<br \/>\t\t\t&#8211; Aceler&oacute;metro<br \/>\t\t\t&#8211; Sensor de proximidad<br \/>\t\t\t&#8211; Sensor de luz ambiental<\/td>\n<\/tr>\n<tr>\n<td valign=\"top\"><strong>Fecha de revisi&oacute;n<\/strong><\/td>\n<td>15-02-2023 por RTY<\/td>\n<\/tr>\n<\/table>\n","protected":false},"excerpt":{"rendered":"<p>iPhone Semi NuevosSon productos de 2&ordf; mano o KM\/0, devueltos por clientes antes de 90 d&iacute;as o que han sido utilizados como unidad de demostraci&oacute;n. Los terminales son sometidos a un exhaustivo control de calidad antes de su comercializaci&oacute;n. Terminales con grado A Caracter&iacute;sticas principales&#8211; Revisado por todo un equipo de ingenieros y Dpto de&hellip;&nbsp;<a href=\"https:\/\/aivlisoft.net\/shop\/producto\/ckp-iphone-13-semi-nuevo-128gb-red\/\" rel=\"bookmark\"><span class=\"screen-reader-text\">CKP iPhone 13 Semi Nuevo 128GB Red<\/span><\/a><\/p>\n","protected":false},"featured_media":22336,"template":"","meta":{"neve_meta_sidebar":"","neve_meta_container":"","neve_meta_enable_content_width":"","neve_meta_content_width":0,"neve_meta_title_alignment":"","neve_meta_author_avatar":"","neve_post_elements_order":"","neve_meta_disable_header":"","neve_meta_disable_footer":"","neve_meta_disable_title":""},"product_brand":[],"product_cat":[15,8682],"product_tag":[7892],"class_list":{"0":"post-22335","1":"product","2":"type-product","3":"status-publish","4":"has-post-thumbnail","6":"product_cat-sin-categorizar","7":"product_cat-telefonia-y-tablets","8":"product_tag-iph-13-128gb-re_a","10":"first","11":"instock","12":"taxable","13":"shipping-taxable","14":"purchasable","15":"product-type-simple"},"yoast_head":"<!-- This site is optimized with the Yoast SEO plugin v26.0 - https:\/\/yoast.com\/wordpress\/plugins\/seo\/ -->\n<title>CKP iPhone 13 Semi Nuevo 128GB Red - Aivlisoft Inform\u00e1tica<\/title>\n<meta name=\"robots\" content=\"index, follow, max-snippet:-1, max-image-preview:large, max-video-preview:-1\" \/>\n<link rel=\"canonical\" href=\"https:\/\/aivlisoft.net\/shop\/producto\/ckp-iphone-13-semi-nuevo-128gb-red\/\" \/>\n<meta property=\"og:locale\" content=\"es_ES\" \/>\n<meta property=\"og:type\" content=\"article\" \/>\n<meta property=\"og:title\" content=\"CKP iPhone 13 Semi Nuevo 128GB Red - Aivlisoft Inform\u00e1tica\" \/>\n<meta property=\"og:description\" content=\"iPhone Semi NuevosSon productos de 2&ordf; mano o KM\/0, devueltos por clientes antes de 90 d&iacute;as o que han sido utilizados como unidad de demostraci&oacute;n. Los terminales son sometidos a un exhaustivo control de calidad antes de su comercializaci&oacute;n. Terminales con grado A Caracter&iacute;sticas principales&#8211; Revisado por todo un equipo de ingenieros y Dpto de&hellip;&nbsp;CKP iPhone 13 Semi Nuevo 128GB Red\" \/>\n<meta property=\"og:url\" content=\"https:\/\/aivlisoft.net\/shop\/producto\/ckp-iphone-13-semi-nuevo-128gb-red\/\" \/>\n<meta property=\"og:site_name\" content=\"Aivlisoft Inform\u00e1tica\" \/>\n<meta property=\"article:modified_time\" content=\"2025-01-14T13:46:33+00:00\" \/>\n<meta property=\"og:image\" content=\"https:\/\/aivlisoft.net\/shop\/wp-content\/uploads\/2025\/01\/NTETMS0167_800.jpg\" \/>\n\t<meta property=\"og:image:width\" content=\"800\" \/>\n\t<meta property=\"og:image:height\" content=\"800\" \/>\n\t<meta property=\"og:image:type\" content=\"image\/jpeg\" \/>\n<meta name=\"twitter:card\" content=\"summary_large_image\" \/>\n<meta name=\"twitter:label1\" content=\"Tiempo de lectura\" \/>\n\t<meta name=\"twitter:data1\" content=\"7 minutos\" \/>\n<script type=\"application\/ld+json\" class=\"yoast-schema-graph\">{\"@context\":\"https:\/\/schema.org\",\"@graph\":[{\"@type\":\"WebPage\",\"@id\":\"https:\/\/aivlisoft.net\/shop\/producto\/ckp-iphone-13-semi-nuevo-128gb-red\/\",\"url\":\"https:\/\/aivlisoft.net\/shop\/producto\/ckp-iphone-13-semi-nuevo-128gb-red\/\",\"name\":\"CKP iPhone 13 Semi Nuevo 128GB Red - Aivlisoft Inform\u00e1tica\",\"isPartOf\":{\"@id\":\"https:\/\/aivlisoft.net\/shop\/#website\"},\"primaryImageOfPage\":{\"@id\":\"https:\/\/aivlisoft.net\/shop\/producto\/ckp-iphone-13-semi-nuevo-128gb-red\/#primaryimage\"},\"image\":{\"@id\":\"https:\/\/aivlisoft.net\/shop\/producto\/ckp-iphone-13-semi-nuevo-128gb-red\/#primaryimage\"},\"thumbnailUrl\":\"https:\/\/aivlisoft.net\/shop\/wp-content\/uploads\/2025\/01\/NTETMS0167_800.jpg\",\"datePublished\":\"2025-01-13T16:05:04+00:00\",\"dateModified\":\"2025-01-14T13:46:33+00:00\",\"breadcrumb\":{\"@id\":\"https:\/\/aivlisoft.net\/shop\/producto\/ckp-iphone-13-semi-nuevo-128gb-red\/#breadcrumb\"},\"inLanguage\":\"es\",\"potentialAction\":[{\"@type\":\"ReadAction\",\"target\":[\"https:\/\/aivlisoft.net\/shop\/producto\/ckp-iphone-13-semi-nuevo-128gb-red\/\"]}]},{\"@type\":\"ImageObject\",\"inLanguage\":\"es\",\"@id\":\"https:\/\/aivlisoft.net\/shop\/producto\/ckp-iphone-13-semi-nuevo-128gb-red\/#primaryimage\",\"url\":\"https:\/\/aivlisoft.net\/shop\/wp-content\/uploads\/2025\/01\/NTETMS0167_800.jpg\",\"contentUrl\":\"https:\/\/aivlisoft.net\/shop\/wp-content\/uploads\/2025\/01\/NTETMS0167_800.jpg\",\"width\":800,\"height\":800},{\"@type\":\"BreadcrumbList\",\"@id\":\"https:\/\/aivlisoft.net\/shop\/producto\/ckp-iphone-13-semi-nuevo-128gb-red\/#breadcrumb\",\"itemListElement\":[{\"@type\":\"ListItem\",\"position\":1,\"name\":\"Portada\",\"item\":\"https:\/\/aivlisoft.net\/shop\/\"},{\"@type\":\"ListItem\",\"position\":2,\"name\":\"Tienda\",\"item\":\"https:\/\/aivlisoft.net\/shop\/tienda\/\"},{\"@type\":\"ListItem\",\"position\":3,\"name\":\"CKP iPhone 13 Semi Nuevo 128GB Red\"}]},{\"@type\":\"WebSite\",\"@id\":\"https:\/\/aivlisoft.net\/shop\/#website\",\"url\":\"https:\/\/aivlisoft.net\/shop\/\",\"name\":\"Aivlisoft Inform\u00e1tica\",\"description\":\"En Aivlisoft Inform\u00e1tica ofrecemos soluciones tecnol\u00f3gicas para empresas: venta de ordenadores, consumibles, perif\u00e9ricos y m\u00e1s. Calidad, atenci\u00f3n personalizada y los mejores precios para tu negocio.\",\"publisher\":{\"@id\":\"https:\/\/aivlisoft.net\/shop\/#organization\"},\"potentialAction\":[{\"@type\":\"SearchAction\",\"target\":{\"@type\":\"EntryPoint\",\"urlTemplate\":\"https:\/\/aivlisoft.net\/shop\/?s={search_term_string}\"},\"query-input\":{\"@type\":\"PropertyValueSpecification\",\"valueRequired\":true,\"valueName\":\"search_term_string\"}}],\"inLanguage\":\"es\"},{\"@type\":\"Organization\",\"@id\":\"https:\/\/aivlisoft.net\/shop\/#organization\",\"name\":\"Aivlisoft Inform\u00e1tica\",\"url\":\"https:\/\/aivlisoft.net\/shop\/\",\"logo\":{\"@type\":\"ImageObject\",\"inLanguage\":\"es\",\"@id\":\"https:\/\/aivlisoft.net\/shop\/#\/schema\/logo\/image\/\",\"url\":\"https:\/\/aivlisoft.net\/shop\/wp-content\/uploads\/2024\/12\/removal.ai_5b848c54-0cdf-4140-95c5-c5536bb7573b-logodef.png\",\"contentUrl\":\"https:\/\/aivlisoft.net\/shop\/wp-content\/uploads\/2024\/12\/removal.ai_5b848c54-0cdf-4140-95c5-c5536bb7573b-logodef.png\",\"width\":484,\"height\":182,\"caption\":\"Aivlisoft Inform\u00e1tica\"},\"image\":{\"@id\":\"https:\/\/aivlisoft.net\/shop\/#\/schema\/logo\/image\/\"}}]}<\/script>\n<!-- \/ Yoast SEO plugin. -->","yoast_head_json":{"title":"CKP iPhone 13 Semi Nuevo 128GB Red - Aivlisoft Inform\u00e1tica","robots":{"index":"index","follow":"follow","max-snippet":"max-snippet:-1","max-image-preview":"max-image-preview:large","max-video-preview":"max-video-preview:-1"},"canonical":"https:\/\/aivlisoft.net\/shop\/producto\/ckp-iphone-13-semi-nuevo-128gb-red\/","og_locale":"es_ES","og_type":"article","og_title":"CKP iPhone 13 Semi Nuevo 128GB Red - Aivlisoft Inform\u00e1tica","og_description":"iPhone Semi NuevosSon productos de 2&ordf; mano o KM\/0, devueltos por clientes antes de 90 d&iacute;as o que han sido utilizados como unidad de demostraci&oacute;n. Los terminales son sometidos a un exhaustivo control de calidad antes de su comercializaci&oacute;n. Terminales con grado A Caracter&iacute;sticas principales&#8211; Revisado por todo un equipo de ingenieros y Dpto de&hellip;&nbsp;CKP iPhone 13 Semi Nuevo 128GB Red","og_url":"https:\/\/aivlisoft.net\/shop\/producto\/ckp-iphone-13-semi-nuevo-128gb-red\/","og_site_name":"Aivlisoft Inform\u00e1tica","article_modified_time":"2025-01-14T13:46:33+00:00","og_image":[{"width":800,"height":800,"url":"https:\/\/aivlisoft.net\/shop\/wp-content\/uploads\/2025\/01\/NTETMS0167_800.jpg","type":"image\/jpeg"}],"twitter_card":"summary_large_image","twitter_misc":{"Tiempo de lectura":"7 minutos"},"schema":{"@context":"https:\/\/schema.org","@graph":[{"@type":"WebPage","@id":"https:\/\/aivlisoft.net\/shop\/producto\/ckp-iphone-13-semi-nuevo-128gb-red\/","url":"https:\/\/aivlisoft.net\/shop\/producto\/ckp-iphone-13-semi-nuevo-128gb-red\/","name":"CKP iPhone 13 Semi Nuevo 128GB Red - Aivlisoft Inform\u00e1tica","isPartOf":{"@id":"https:\/\/aivlisoft.net\/shop\/#website"},"primaryImageOfPage":{"@id":"https:\/\/aivlisoft.net\/shop\/producto\/ckp-iphone-13-semi-nuevo-128gb-red\/#primaryimage"},"image":{"@id":"https:\/\/aivlisoft.net\/shop\/producto\/ckp-iphone-13-semi-nuevo-128gb-red\/#primaryimage"},"thumbnailUrl":"https:\/\/aivlisoft.net\/shop\/wp-content\/uploads\/2025\/01\/NTETMS0167_800.jpg","datePublished":"2025-01-13T16:05:04+00:00","dateModified":"2025-01-14T13:46:33+00:00","breadcrumb":{"@id":"https:\/\/aivlisoft.net\/shop\/producto\/ckp-iphone-13-semi-nuevo-128gb-red\/#breadcrumb"},"inLanguage":"es","potentialAction":[{"@type":"ReadAction","target":["https:\/\/aivlisoft.net\/shop\/producto\/ckp-iphone-13-semi-nuevo-128gb-red\/"]}]},{"@type":"ImageObject","inLanguage":"es","@id":"https:\/\/aivlisoft.net\/shop\/producto\/ckp-iphone-13-semi-nuevo-128gb-red\/#primaryimage","url":"https:\/\/aivlisoft.net\/shop\/wp-content\/uploads\/2025\/01\/NTETMS0167_800.jpg","contentUrl":"https:\/\/aivlisoft.net\/shop\/wp-content\/uploads\/2025\/01\/NTETMS0167_800.jpg","width":800,"height":800},{"@type":"BreadcrumbList","@id":"https:\/\/aivlisoft.net\/shop\/producto\/ckp-iphone-13-semi-nuevo-128gb-red\/#breadcrumb","itemListElement":[{"@type":"ListItem","position":1,"name":"Portada","item":"https:\/\/aivlisoft.net\/shop\/"},{"@type":"ListItem","position":2,"name":"Tienda","item":"https:\/\/aivlisoft.net\/shop\/tienda\/"},{"@type":"ListItem","position":3,"name":"CKP iPhone 13 Semi Nuevo 128GB Red"}]},{"@type":"WebSite","@id":"https:\/\/aivlisoft.net\/shop\/#website","url":"https:\/\/aivlisoft.net\/shop\/","name":"Aivlisoft Inform\u00e1tica","description":"En Aivlisoft Inform\u00e1tica ofrecemos soluciones tecnol\u00f3gicas para empresas: venta de ordenadores, consumibles, perif\u00e9ricos y m\u00e1s. Calidad, atenci\u00f3n personalizada y los mejores precios para tu negocio.","publisher":{"@id":"https:\/\/aivlisoft.net\/shop\/#organization"},"potentialAction":[{"@type":"SearchAction","target":{"@type":"EntryPoint","urlTemplate":"https:\/\/aivlisoft.net\/shop\/?s={search_term_string}"},"query-input":{"@type":"PropertyValueSpecification","valueRequired":true,"valueName":"search_term_string"}}],"inLanguage":"es"},{"@type":"Organization","@id":"https:\/\/aivlisoft.net\/shop\/#organization","name":"Aivlisoft Inform\u00e1tica","url":"https:\/\/aivlisoft.net\/shop\/","logo":{"@type":"ImageObject","inLanguage":"es","@id":"https:\/\/aivlisoft.net\/shop\/#\/schema\/logo\/image\/","url":"https:\/\/aivlisoft.net\/shop\/wp-content\/uploads\/2024\/12\/removal.ai_5b848c54-0cdf-4140-95c5-c5536bb7573b-logodef.png","contentUrl":"https:\/\/aivlisoft.net\/shop\/wp-content\/uploads\/2024\/12\/removal.ai_5b848c54-0cdf-4140-95c5-c5536bb7573b-logodef.png","width":484,"height":182,"caption":"Aivlisoft Inform\u00e1tica"},"image":{"@id":"https:\/\/aivlisoft.net\/shop\/#\/schema\/logo\/image\/"}}]}},"_links":{"self":[{"href":"https:\/\/aivlisoft.net\/shop\/wp-json\/wp\/v2\/product\/22335","targetHints":{"allow":["GET"]}}],"collection":[{"href":"https:\/\/aivlisoft.net\/shop\/wp-json\/wp\/v2\/product"}],"about":[{"href":"https:\/\/aivlisoft.net\/shop\/wp-json\/wp\/v2\/types\/product"}],"wp:featuredmedia":[{"embeddable":true,"href":"https:\/\/aivlisoft.net\/shop\/wp-json\/wp\/v2\/media\/22336"}],"wp:attachment":[{"href":"https:\/\/aivlisoft.net\/shop\/wp-json\/wp\/v2\/media?parent=22335"}],"wp:term":[{"taxonomy":"product_brand","embeddable":true,"href":"https:\/\/aivlisoft.net\/shop\/wp-json\/wp\/v2\/product_brand?post=22335"},{"taxonomy":"product_cat","embeddable":true,"href":"https:\/\/aivlisoft.net\/shop\/wp-json\/wp\/v2\/product_cat?post=22335"},{"taxonomy":"product_tag","embeddable":true,"href":"https:\/\/aivlisoft.net\/shop\/wp-json\/wp\/v2\/product_tag?post=22335"}],"curies":[{"name":"wp","href":"https:\/\/api.w.org\/{rel}","templated":true}]}}