{"id":22282,"date":"2025-01-13T16:04:21","date_gmt":"2025-01-13T16:04:21","guid":{"rendered":"https:\/\/aivlisoft.com\/?post_type=product&#038;p=22282"},"modified":"2025-01-14T13:53:00","modified_gmt":"2025-01-14T13:53:00","slug":"samsung-a54-5g-ee-256gb-black","status":"publish","type":"product","link":"https:\/\/aivlisoft.net\/shop\/producto\/samsung-a54-5g-ee-256gb-black\/","title":{"rendered":"SAMSUNG A54 5G EE 256GB BLACK"},"content":{"rendered":"<p><\/p>\n<table class=\"tabla_caracteristicas\" width=\"100%\">\n<tr>\n<td valign=\"top\"><strong>Marca<\/strong><\/td>\n<td>Samsung<\/td>\n<\/tr>\n<tr>\n<td valign=\"top\"><strong>Modelo<\/strong><\/td>\n<td valign=\"top\"><strong>SM-A546BZKDEEB<\/strong><\/td>\n<\/tr>\n<tr>\n<td valign=\"top\"><strong>Procesador&nbsp;&nbsp;&nbsp;&nbsp;&nbsp;&nbsp;&nbsp;&nbsp;&nbsp;&nbsp;&nbsp;&nbsp;&nbsp;&nbsp;&nbsp;&nbsp;&nbsp;&nbsp;&nbsp;&nbsp; <\/strong><\/td>\n<td>&#8211; Velocidad CPU: 2.4GHz, 2GHz<br \/>\t\t\t&#8211; Tipo CPU: Octa-Core<\/td>\n<\/tr>\n<tr>\n<td valign=\"top\"><strong>Sistema operativo<\/strong><\/td>\n<td>&#8211;<strong> <\/strong><strong>Android<\/strong><\/td>\n<\/tr>\n<tr>\n<td valign=\"top\"><strong>Memoria<\/strong><\/td>\n<td>&#8211; RAM: <strong>8GB<\/strong><br \/>\t\t\t&#8211; Memoria Interna: <strong>256GB<br \/>\t\t\t&#8211; <\/strong>Almacenamiento disponible (GB): 219.0<br \/>\t\t\t&#8211; Externa: MicroSD (hasta 1TB)<\/td>\n<\/tr>\n<tr>\n<td valign=\"top\"><strong>Pantalla<\/strong><\/td>\n<td>&#8211; Tama&ntilde;o: <strong>6,4&#8243;&nbsp;<\/strong>158,9 (rect&aacute;ngulo completo) \/ 158.9 mm (esquinas redondeadas de 6,3&#8243;)<br \/>\t\t\t&#8211; Resoluci&oacute;n: 1080 x 2340 (FHD+)<br \/>\t\t\t&#8211; Tecnolog&iacute;a: Super AMOLED<br \/>\t\t\t&#8211; N&uacute;mero de colores: 16M<br \/>\t\t\t&#8211; Tasa refresco m&aacute;x.:120Hz<\/td>\n<\/tr>\n<tr>\n<td valign=\"top\"><strong>C&aacute;maras<\/strong><\/td>\n<td><strong>C&aacute;mara principal <\/strong><br \/>\t\t\t&#8211; Resoluci&oacute;n (M&uacute;ltiple): 50.0 MP + 8.0 MP + 5.0 MP<br \/>\t\t\t&#8211; Apertura (M&uacute;ltiple): F1.8 , F2.2 , F2.4<br \/>\t\t\t&#8211; Autofocus<br \/>\t\t\t&#8211; OIS<br \/>\t\t\t&#8211; Zoom digital hasta 10x<br \/>\t\t\t&#8211; Flash<br \/>\t\t\t<strong>C&aacute;mara frontal<\/strong><br \/>\t\t\t&#8211; Resoluci&oacute;n: 32.0 MP<br \/>\t\t\t&#8211; Apertura: F2.2<br \/>\t\t\t<strong>Resoluci&oacute;n de grabaci&oacute;n de v&iacute;deo<\/strong><br \/>\t\t\t&#8211; UHD 4K (3840 x 2160)@30fps<br \/>\t\t\t&#8211; Slow Motion: 240fps @HD<\/td>\n<\/tr>\n<tr>\n<td valign=\"top\"><strong>Conectividad<\/strong><\/td>\n<td>&#8211; Interfaz USB: USB Tipo C<br \/>\t\t\t&#8211; Versi&oacute;n USB: USB 2.0<br \/>\t\t\t&#8211; Localizaci&oacute;n: GPS, Glonass, Beidou, Galileo, QZSS<br \/>\t\t\t&#8211; Auriculares: USB Tipo C<br \/>\t\t\t&#8211; Wi-Fi: 802.11a\/b\/g\/n\/ac\/ax 2.4GHz+5GHz, HE80, MIMO, 1024-QAM<br \/>\t\t\t&#8211; Wi-Fi Direct<br \/>\t\t\t&#8211; Versi&oacute;n Bluetooth: Bluetooth v5.3<br \/>\t\t\t&#8211; NFC<br \/>\t\t\t&#8211; PC Sync: Smart Switch (PC version)<\/td>\n<\/tr>\n<tr>\n<td valign=\"top\"><strong>Redes\/Bandas<\/strong><\/td>\n<td>&#8211; N&uacute;mero de SIM: Dual-SIM<br \/>\t\t\t&#8211; Tipo de SIM: Nano-SIM (4FF), SIM embebida<br \/>\t\t\t&#8211; Tipo de bandeja de SIM: SIM 1 + Hybrid (SIM or MicroSD) or Embedded SIM<br \/>\t\t\t&#8211; Infra: 2G GSM, 3G WCDMA, 4G LTE FDD, 4G LTE TDD, 5G Sub6 FDD, 5G Sub6 TDD<br \/>\t\t\t&#8211; 2G GSM: GSM850, GSM900, DCS1800, PCS1900<br \/>\t\t\t&#8211; 3G UMTS: B1(2100), B2(1900), B4(AWS), B5(850), B8(900)<br \/>\t\t\t&#8211; 4G FDD LTE: B1(2100), B2(1900), B3(1800), B4(AWS), B5(850), B7(2600), B8(900), B12(700), B17(700), B20(800), B26(850), B28(700), B32(1500), B66(AWS-3)<br \/>\t\t\t&#8211; 4G TDD LTE: B38(2600), B40(2300), B41(2500)<br \/>\t\t\t&#8211; 5G FDD Sub6: N1(2100), N3(1800), N7(2600), N8(900), N20(800), N28(700)<br \/>\t\t\t&#8211; 5G TDD Sub6: N38(2600), N40(2300), N41(2500), N77(3700), N78(3500)<\/td>\n<\/tr>\n<tr>\n<td valign=\"top\"><strong>Audio y V&iacute;deo<\/strong><\/td>\n<td>&#8211; Soporte est&eacute;reo<br \/>\t\t\t&#8211; Formatos de reproducci&oacute;n de V&iacute;deo: MP4, M4V, 3GP, 3G2, AVI, FLV, MKV, WEBM<br \/>\t\t\t&#8211; Resoluci&oacute;n de reproducci&oacute;n de V&iacute;deo: UHD 4K (3840 x 2160) @30fps<br \/>\t\t\t&#8211; Formatos de reproducci&oacute;n de Audio: MP3, M4A, 3GA, AAC, OGG, OGA, WAV, AMR, AWB, FLAC, MID, MIDI, XMF, MXMF, IMY, RTTTL, RTX, OTA<\/td>\n<\/tr>\n<tr>\n<td valign=\"top\"><strong>Otras <\/strong><br \/>\t\t\t<strong>caracter&iacute;sticas<\/strong><\/td>\n<td><strong>Bater&iacute;a<\/strong><br \/>\t\t\t&#8211; Capacidad: 5000 mAh<br \/>\t\t\t&#8211; Bater&iacute;a extra&iacute;ble: No<br \/>\t\t\t&#8211; Tiempo de uso de Internet (4G): hasta 20 Horas<br \/>\t\t\t&#8211; Tiempo de uso de Internet (Wi-Fi): hasta 213 horas<br \/>\t\t\t&#8211; Tiempo de reproducci&oacute;n de V&iacute;deo (Horas, Wireless): Hasta 21<br \/>\t\t\t&#8211; Tiempo de reproducci&oacute;n de Audio (Horas, Wireless): Hasta 68<br \/>\t\t\t&#8211; Tiempo en conversaci&oacute;n (4G LTE) (Horas): Hasta 46<br \/>\t\t\t<strong>Sensores<\/strong><br \/>\t\t\t&#8211; Aceler&oacute;metro<br \/>\t\t\t&#8211; Sensor de huella dactilar<br \/>\t\t\t&#8211; Giroscopio<br \/>\t\t\t&#8211; Geomagn&eacute;tico<br \/>\t\t\t&#8211; Hall<br \/>\t\t\t&#8211; Luminosidad<br \/>\t\t\t&#8211; Sensor de proximidad virtual<br \/>\t\t\t<strong>Compatibilidad Gear<\/strong><br \/>\t\t\t&#8211; Galaxy Buds2 Pro, Galaxy Buds Pro, Galaxy Buds Live, Galaxy Buds+, Galaxy Buds2, Galaxy Buds<br \/>\t\t\t&#8211; Galaxy Fit2, Galaxy Fit e, Galaxy Fit<br \/>\t\t\t&#8211; Galaxy Watch5, Galaxy Watch4, Galaxy Watch3, Galaxy Watch, Galaxy Watch Active2, Galaxy Watch Active<br \/>\t\t\t&#8211; Gear Fit2 Pro, Gear Fit2, Gear Sport, Gear S3, Gear S2<br \/>\t\t\t<strong>Dimensiones y peso <\/strong><br \/>\t\t\t&#8211; 158,2 x 76,7 x 8,2 mm<br \/>\t\t\t&#8211; 202 g<\/td>\n<\/tr>\n<tr>\n<td valign=\"top\"><strong>Fecha de revisi&oacute;n<\/strong><\/td>\n<td>04-11-2024 por RTY<\/td>\n<\/tr>\n<\/table>\n","protected":false},"excerpt":{"rendered":"<p>Marca Samsung Modelo SM-A546BZKDEEB Procesador&nbsp;&nbsp;&nbsp;&nbsp;&nbsp;&nbsp;&nbsp;&nbsp;&nbsp;&nbsp;&nbsp;&nbsp;&nbsp;&nbsp;&nbsp;&nbsp;&nbsp;&nbsp;&nbsp;&nbsp; &#8211; Velocidad CPU: 2.4GHz, 2GHz &#8211; Tipo CPU: Octa-Core Sistema operativo &#8211; Android Memoria &#8211; RAM: 8GB &#8211; Memoria Interna: 256GB &#8211; Almacenamiento disponible (GB): 219.0 &#8211; Externa: MicroSD (hasta 1TB) Pantalla &#8211; Tama&ntilde;o: 6,4&#8243;&nbsp;158,9 (rect&aacute;ngulo completo) \/ 158.9 mm (esquinas redondeadas de 6,3&#8243;) &#8211; Resoluci&oacute;n: 1080 x 2340 (FHD+)&hellip;&nbsp;<a href=\"https:\/\/aivlisoft.net\/shop\/producto\/samsung-a54-5g-ee-256gb-black\/\" rel=\"bookmark\"><span class=\"screen-reader-text\">SAMSUNG A54 5G EE 256GB BLACK<\/span><\/a><\/p>\n","protected":false},"featured_media":0,"template":"","meta":{"neve_meta_sidebar":"","neve_meta_container":"","neve_meta_enable_content_width":"","neve_meta_content_width":0,"neve_meta_title_alignment":"","neve_meta_author_avatar":"","neve_post_elements_order":"","neve_meta_disable_header":"","neve_meta_disable_footer":"","neve_meta_disable_title":""},"product_brand":[],"product_cat":[15,8682],"product_tag":[7865],"class_list":{"0":"post-22282","1":"product","2":"type-product","3":"status-publish","5":"product_cat-sin-categorizar","6":"product_cat-telefonia-y-tablets","7":"product_tag-sm-a546bzkdeeb","9":"first","10":"instock","11":"taxable","12":"shipping-taxable","13":"purchasable","14":"product-type-simple"},"yoast_head":"<!-- This site is optimized with the Yoast SEO plugin v26.0 - https:\/\/yoast.com\/wordpress\/plugins\/seo\/ -->\n<title>SAMSUNG A54 5G EE 256GB BLACK - Aivlisoft Inform\u00e1tica<\/title>\n<meta name=\"robots\" content=\"index, follow, max-snippet:-1, max-image-preview:large, max-video-preview:-1\" \/>\n<link rel=\"canonical\" href=\"https:\/\/aivlisoft.net\/shop\/producto\/samsung-a54-5g-ee-256gb-black\/\" \/>\n<meta property=\"og:locale\" content=\"es_ES\" \/>\n<meta property=\"og:type\" content=\"article\" \/>\n<meta property=\"og:title\" content=\"SAMSUNG A54 5G EE 256GB BLACK - Aivlisoft Inform\u00e1tica\" \/>\n<meta property=\"og:description\" content=\"Marca Samsung Modelo SM-A546BZKDEEB Procesador&nbsp;&nbsp;&nbsp;&nbsp;&nbsp;&nbsp;&nbsp;&nbsp;&nbsp;&nbsp;&nbsp;&nbsp;&nbsp;&nbsp;&nbsp;&nbsp;&nbsp;&nbsp;&nbsp;&nbsp; &#8211; Velocidad CPU: 2.4GHz, 2GHz &#8211; Tipo CPU: Octa-Core Sistema operativo &#8211; Android Memoria &#8211; RAM: 8GB &#8211; Memoria Interna: 256GB &#8211; Almacenamiento disponible (GB): 219.0 &#8211; Externa: MicroSD (hasta 1TB) Pantalla &#8211; Tama&ntilde;o: 6,4&#8243;&nbsp;158,9 (rect&aacute;ngulo completo) \/ 158.9 mm (esquinas redondeadas de 6,3&#8243;) &#8211; Resoluci&oacute;n: 1080 x 2340 (FHD+)&hellip;&nbsp;SAMSUNG A54 5G EE 256GB BLACK\" \/>\n<meta property=\"og:url\" content=\"https:\/\/aivlisoft.net\/shop\/producto\/samsung-a54-5g-ee-256gb-black\/\" \/>\n<meta property=\"og:site_name\" content=\"Aivlisoft Inform\u00e1tica\" \/>\n<meta property=\"article:modified_time\" content=\"2025-01-14T13:53:00+00:00\" \/>\n<meta name=\"twitter:card\" content=\"summary_large_image\" \/>\n<meta name=\"twitter:label1\" content=\"Tiempo de lectura\" \/>\n\t<meta name=\"twitter:data1\" content=\"3 minutos\" \/>\n<script type=\"application\/ld+json\" class=\"yoast-schema-graph\">{\"@context\":\"https:\/\/schema.org\",\"@graph\":[{\"@type\":\"WebPage\",\"@id\":\"https:\/\/aivlisoft.net\/shop\/producto\/samsung-a54-5g-ee-256gb-black\/\",\"url\":\"https:\/\/aivlisoft.net\/shop\/producto\/samsung-a54-5g-ee-256gb-black\/\",\"name\":\"SAMSUNG A54 5G EE 256GB BLACK - Aivlisoft Inform\u00e1tica\",\"isPartOf\":{\"@id\":\"https:\/\/aivlisoft.net\/shop\/#website\"},\"datePublished\":\"2025-01-13T16:04:21+00:00\",\"dateModified\":\"2025-01-14T13:53:00+00:00\",\"breadcrumb\":{\"@id\":\"https:\/\/aivlisoft.net\/shop\/producto\/samsung-a54-5g-ee-256gb-black\/#breadcrumb\"},\"inLanguage\":\"es\",\"potentialAction\":[{\"@type\":\"ReadAction\",\"target\":[\"https:\/\/aivlisoft.net\/shop\/producto\/samsung-a54-5g-ee-256gb-black\/\"]}]},{\"@type\":\"BreadcrumbList\",\"@id\":\"https:\/\/aivlisoft.net\/shop\/producto\/samsung-a54-5g-ee-256gb-black\/#breadcrumb\",\"itemListElement\":[{\"@type\":\"ListItem\",\"position\":1,\"name\":\"Portada\",\"item\":\"https:\/\/aivlisoft.net\/shop\/\"},{\"@type\":\"ListItem\",\"position\":2,\"name\":\"Tienda\",\"item\":\"https:\/\/aivlisoft.net\/shop\/tienda\/\"},{\"@type\":\"ListItem\",\"position\":3,\"name\":\"SAMSUNG A54 5G EE 256GB BLACK\"}]},{\"@type\":\"WebSite\",\"@id\":\"https:\/\/aivlisoft.net\/shop\/#website\",\"url\":\"https:\/\/aivlisoft.net\/shop\/\",\"name\":\"Aivlisoft Inform\u00e1tica\",\"description\":\"En Aivlisoft Inform\u00e1tica ofrecemos soluciones tecnol\u00f3gicas para empresas: venta de ordenadores, consumibles, perif\u00e9ricos y m\u00e1s. Calidad, atenci\u00f3n personalizada y los mejores precios para tu negocio.\",\"publisher\":{\"@id\":\"https:\/\/aivlisoft.net\/shop\/#organization\"},\"potentialAction\":[{\"@type\":\"SearchAction\",\"target\":{\"@type\":\"EntryPoint\",\"urlTemplate\":\"https:\/\/aivlisoft.net\/shop\/?s={search_term_string}\"},\"query-input\":{\"@type\":\"PropertyValueSpecification\",\"valueRequired\":true,\"valueName\":\"search_term_string\"}}],\"inLanguage\":\"es\"},{\"@type\":\"Organization\",\"@id\":\"https:\/\/aivlisoft.net\/shop\/#organization\",\"name\":\"Aivlisoft Inform\u00e1tica\",\"url\":\"https:\/\/aivlisoft.net\/shop\/\",\"logo\":{\"@type\":\"ImageObject\",\"inLanguage\":\"es\",\"@id\":\"https:\/\/aivlisoft.net\/shop\/#\/schema\/logo\/image\/\",\"url\":\"https:\/\/aivlisoft.net\/shop\/wp-content\/uploads\/2024\/12\/removal.ai_5b848c54-0cdf-4140-95c5-c5536bb7573b-logodef.png\",\"contentUrl\":\"https:\/\/aivlisoft.net\/shop\/wp-content\/uploads\/2024\/12\/removal.ai_5b848c54-0cdf-4140-95c5-c5536bb7573b-logodef.png\",\"width\":484,\"height\":182,\"caption\":\"Aivlisoft Inform\u00e1tica\"},\"image\":{\"@id\":\"https:\/\/aivlisoft.net\/shop\/#\/schema\/logo\/image\/\"}}]}<\/script>\n<!-- \/ Yoast SEO plugin. -->","yoast_head_json":{"title":"SAMSUNG A54 5G EE 256GB BLACK - Aivlisoft Inform\u00e1tica","robots":{"index":"index","follow":"follow","max-snippet":"max-snippet:-1","max-image-preview":"max-image-preview:large","max-video-preview":"max-video-preview:-1"},"canonical":"https:\/\/aivlisoft.net\/shop\/producto\/samsung-a54-5g-ee-256gb-black\/","og_locale":"es_ES","og_type":"article","og_title":"SAMSUNG A54 5G EE 256GB BLACK - Aivlisoft Inform\u00e1tica","og_description":"Marca Samsung Modelo SM-A546BZKDEEB Procesador&nbsp;&nbsp;&nbsp;&nbsp;&nbsp;&nbsp;&nbsp;&nbsp;&nbsp;&nbsp;&nbsp;&nbsp;&nbsp;&nbsp;&nbsp;&nbsp;&nbsp;&nbsp;&nbsp;&nbsp; &#8211; Velocidad CPU: 2.4GHz, 2GHz &#8211; Tipo CPU: Octa-Core Sistema operativo &#8211; Android Memoria &#8211; RAM: 8GB &#8211; Memoria Interna: 256GB &#8211; Almacenamiento disponible (GB): 219.0 &#8211; Externa: MicroSD (hasta 1TB) Pantalla &#8211; Tama&ntilde;o: 6,4&#8243;&nbsp;158,9 (rect&aacute;ngulo completo) \/ 158.9 mm (esquinas redondeadas de 6,3&#8243;) &#8211; Resoluci&oacute;n: 1080 x 2340 (FHD+)&hellip;&nbsp;SAMSUNG A54 5G EE 256GB BLACK","og_url":"https:\/\/aivlisoft.net\/shop\/producto\/samsung-a54-5g-ee-256gb-black\/","og_site_name":"Aivlisoft Inform\u00e1tica","article_modified_time":"2025-01-14T13:53:00+00:00","twitter_card":"summary_large_image","twitter_misc":{"Tiempo de lectura":"3 minutos"},"schema":{"@context":"https:\/\/schema.org","@graph":[{"@type":"WebPage","@id":"https:\/\/aivlisoft.net\/shop\/producto\/samsung-a54-5g-ee-256gb-black\/","url":"https:\/\/aivlisoft.net\/shop\/producto\/samsung-a54-5g-ee-256gb-black\/","name":"SAMSUNG A54 5G EE 256GB BLACK - Aivlisoft Inform\u00e1tica","isPartOf":{"@id":"https:\/\/aivlisoft.net\/shop\/#website"},"datePublished":"2025-01-13T16:04:21+00:00","dateModified":"2025-01-14T13:53:00+00:00","breadcrumb":{"@id":"https:\/\/aivlisoft.net\/shop\/producto\/samsung-a54-5g-ee-256gb-black\/#breadcrumb"},"inLanguage":"es","potentialAction":[{"@type":"ReadAction","target":["https:\/\/aivlisoft.net\/shop\/producto\/samsung-a54-5g-ee-256gb-black\/"]}]},{"@type":"BreadcrumbList","@id":"https:\/\/aivlisoft.net\/shop\/producto\/samsung-a54-5g-ee-256gb-black\/#breadcrumb","itemListElement":[{"@type":"ListItem","position":1,"name":"Portada","item":"https:\/\/aivlisoft.net\/shop\/"},{"@type":"ListItem","position":2,"name":"Tienda","item":"https:\/\/aivlisoft.net\/shop\/tienda\/"},{"@type":"ListItem","position":3,"name":"SAMSUNG A54 5G EE 256GB BLACK"}]},{"@type":"WebSite","@id":"https:\/\/aivlisoft.net\/shop\/#website","url":"https:\/\/aivlisoft.net\/shop\/","name":"Aivlisoft Inform\u00e1tica","description":"En Aivlisoft Inform\u00e1tica ofrecemos soluciones tecnol\u00f3gicas para empresas: venta de ordenadores, consumibles, perif\u00e9ricos y m\u00e1s. Calidad, atenci\u00f3n personalizada y los mejores precios para tu negocio.","publisher":{"@id":"https:\/\/aivlisoft.net\/shop\/#organization"},"potentialAction":[{"@type":"SearchAction","target":{"@type":"EntryPoint","urlTemplate":"https:\/\/aivlisoft.net\/shop\/?s={search_term_string}"},"query-input":{"@type":"PropertyValueSpecification","valueRequired":true,"valueName":"search_term_string"}}],"inLanguage":"es"},{"@type":"Organization","@id":"https:\/\/aivlisoft.net\/shop\/#organization","name":"Aivlisoft Inform\u00e1tica","url":"https:\/\/aivlisoft.net\/shop\/","logo":{"@type":"ImageObject","inLanguage":"es","@id":"https:\/\/aivlisoft.net\/shop\/#\/schema\/logo\/image\/","url":"https:\/\/aivlisoft.net\/shop\/wp-content\/uploads\/2024\/12\/removal.ai_5b848c54-0cdf-4140-95c5-c5536bb7573b-logodef.png","contentUrl":"https:\/\/aivlisoft.net\/shop\/wp-content\/uploads\/2024\/12\/removal.ai_5b848c54-0cdf-4140-95c5-c5536bb7573b-logodef.png","width":484,"height":182,"caption":"Aivlisoft Inform\u00e1tica"},"image":{"@id":"https:\/\/aivlisoft.net\/shop\/#\/schema\/logo\/image\/"}}]}},"_links":{"self":[{"href":"https:\/\/aivlisoft.net\/shop\/wp-json\/wp\/v2\/product\/22282","targetHints":{"allow":["GET"]}}],"collection":[{"href":"https:\/\/aivlisoft.net\/shop\/wp-json\/wp\/v2\/product"}],"about":[{"href":"https:\/\/aivlisoft.net\/shop\/wp-json\/wp\/v2\/types\/product"}],"wp:attachment":[{"href":"https:\/\/aivlisoft.net\/shop\/wp-json\/wp\/v2\/media?parent=22282"}],"wp:term":[{"taxonomy":"product_brand","embeddable":true,"href":"https:\/\/aivlisoft.net\/shop\/wp-json\/wp\/v2\/product_brand?post=22282"},{"taxonomy":"product_cat","embeddable":true,"href":"https:\/\/aivlisoft.net\/shop\/wp-json\/wp\/v2\/product_cat?post=22282"},{"taxonomy":"product_tag","embeddable":true,"href":"https:\/\/aivlisoft.net\/shop\/wp-json\/wp\/v2\/product_tag?post=22282"}],"curies":[{"name":"wp","href":"https:\/\/api.w.org\/{rel}","templated":true}]}}