{"id":22206,"date":"2025-01-13T16:03:28","date_gmt":"2025-01-13T16:03:28","guid":{"rendered":"https:\/\/aivlisoft.com\/?post_type=product&#038;p=22206"},"modified":"2025-01-14T13:53:13","modified_gmt":"2025-01-14T13:53:13","slug":"tcl-50-pro-nxtpaper-5g-6-8-fhd-88gb-512gb-blue","status":"publish","type":"product","link":"https:\/\/aivlisoft.net\/shop\/producto\/tcl-50-pro-nxtpaper-5g-6-8-fhd-88gb-512gb-blue\/","title":{"rendered":"TCL 50 PRO NXTPAPER 5G 6.8&#8243; FHD+ 8+8GB 512GB Blue"},"content":{"rendered":"<p><\/p>\n<table class=\"tabla_caracteristicas\" width=\"100%\">\n<tr>\n<td valign=\"top\"><strong>Marca<\/strong><\/td>\n<td>TCL<\/td>\n<\/tr>\n<tr>\n<td valign=\"top\"><strong>Modelo<\/strong><\/td>\n<td valign=\"top\"><strong>T803D-2CLCA112<\/strong><\/td>\n<\/tr>\n<tr>\n<td valign=\"top\"><strong>Procesador<\/strong><\/td>\n<td>&#8211; CPU: Octa-Core, 2 x A76+6 x A55<br \/>\t\t\t&#8211; GPU: ARM G57 MC2<br \/>\t\t\t&#8211; Chipset: MediaTek Dimensity 6300<\/td>\n<\/tr>\n<tr>\n<td valign=\"top\"><strong>Sistema operativo<\/strong><\/td>\n<td>&#8211; Android 14, actualizable hasta Android 16<\/td>\n<\/tr>\n<tr>\n<td valign=\"top\"><strong>Memoria<\/strong><\/td>\n<td>&#8211; RAM: <strong>8 GB<\/strong> (+ 8GB RAM Expansi&oacute;n)<br \/>\t\t\t&#8211; Memoria Interna: <strong>512 GB<\/strong><br \/>\t\t\t*El almacenamiento interno real disponible puede variar seg&uacute;n el software preinstalado.<br \/>\t\t\t**La tarjeta MicroSD se vende por separado<\/td>\n<\/tr>\n<tr>\n<td valign=\"top\"><strong>Pantalla<\/strong><\/td>\n<td>&#8211; Tama&ntilde;o:<strong> 6,8&rdquo;<\/strong><br \/>\t\t\t&#8211; Resoluci&oacute;n: FHD+ (1080 x 2460 p&iacute;xeles), 396 PPI<br \/>\t\t\t&#8211; Tasa de refresco: 120Hz<br \/>\t\t\t&#8211; Brillo: 550 nits (T&iacute;p.)<br \/>\t\t\t&#8211; Relaci&oacute;n de aspecto: 20.5:9<br \/>\t\t\t&#8211; Relaci&oacute;n de contraste: 1500:1 (T&iacute;p.)<br \/>\t\t\t&#8211; Tipo de vidrio: Vidrio 2.5D (NXTPAPER: +AG)<br \/>\t\t\t&#8211; Revestimiento anti-huellas<br \/>\t\t\t&#8211; Gama de colores: NTSC 95% (T&iacute;p.)<br \/>\t\t\t&#8211; Relaci&oacute;n pantalla-cuerpo: VA = 91%; VA = 87.5%*<br \/>\t\t\t*La relaci&oacute;n pantalla-cuerpo se calcula con el m&eacute;todo VA\/TP.<\/td>\n<\/tr>\n<tr>\n<td valign=\"top\"><strong>C&aacute;mara<\/strong><\/td>\n<td><strong>C&aacute;mara principal de 108MP<\/strong><br \/>\t\t\t&#8211; PDAF<br \/>\t\t\t&#8211; Tama&ntilde;o del sensor 1\/1.67&rdquo;<br \/>\t\t\t&#8211; Tama&ntilde;o de p&iacute;xel 0.64&mu;m<br \/>\t\t\t&#8211; Apertura F1.75<br \/>\t\t\t&#8211; Campo de visi&oacute;n 83.62&deg;<br \/>\t\t\t&#8211; Lente 6P<br \/>\t\t\t<strong>C&aacute;mara ultra gran angular de 8MP<\/strong><br \/>\t\t\t&#8211; FF<br \/>\t\t\t&#8211; Tama&ntilde;o del sensor 1\/4&rdquo;<br \/>\t\t\t&#8211; Tama&ntilde;o de p&iacute;xel 1.12&mu;m<br \/>\t\t\t&#8211; Apertura F2.2<br \/>\t\t\t&#8211; Campo de visi&oacute;n 120&deg;<br \/>\t\t\t&#8211; Lente 5P<br \/>\t\t\t<strong>C&aacute;mara macro de 2MP FF<\/strong><br \/>\t\t\t&#8211; Tama&ntilde;o del sensor 1\/5&rdquo;<br \/>\t\t\t&#8211; Tama&ntilde;o de p&iacute;xel 1.75&mu;m<br \/>\t\t\t&#8211; Apertura F2.4<br \/>\t\t\t&#8211; Campo de visi&oacute;n 88.9&deg;<br \/>\t\t\t&#8211; Lente 3P<br \/>\t\t\t<strong>C&aacute;mara frontal de 32MP FF<\/strong><br \/>\t\t\t&#8211; Tama&ntilde;o del sensor 1\/3.45&rdquo;<br \/>\t\t\t&#8211; Tama&ntilde;o de p&iacute;xel 0.64&mu;m<br \/>\t\t\t&#8211; Apertura F2.0<br \/>\t\t\t&#8211; Campo de visi&oacute;n 71.5&deg;<br \/>\t\t\t&#8211; Lente 5P<br \/>\t\t\t<strong>V&iacute;deo<\/strong><br \/>\t\t\t&#8211; Captura y reproducci&oacute;n de video: 1080P@30fps<br \/>\t\t\t<strong>Caracter&iacute;sticas<\/strong><br \/>\t\t\t&#8211; Luz de antorcha<br \/>\t\t\t&#8211; MFNR<br \/>\t\t\t&#8211; HDR completo<br \/>\t\t\t&#8211; Detecci&oacute;n de escenas con IA<br \/>\t\t\t&#8211; Modo nocturno<br \/>\t\t\t&#8211; Bokeh<br \/>\t\t\t&#8211; Zoom<br \/>\t\t\t&#8211; Embellecimiento facial<\/td>\n<\/tr>\n<tr>\n<td valign=\"top\"><strong>Conectividad<\/strong><\/td>\n<td>&#8211; Versi&oacute;n Bluetooth: 5.3<br \/>\t\t\t&#8211; Conector de audio: 3.5mm<br \/>\t\t\t&#8211; NFC<\/td>\n<\/tr>\n<tr>\n<td valign=\"top\"><strong>Redes\/Bandas<\/strong><\/td>\n<td>&#8211; T803E: SIM1 + eSIM , SIM1 + tarjeta TF<br \/>\t\t\t&#8211; T803D: SIM1 + eSIM + tarjeta TF<br \/>\t\t\t&#8211; Datos: 5G NSA: DL: 2.74Gbps; UL: 0.73Gbps<br \/>\t\t\t&#8211; SA:DL: 3.27Gbps; UL: 625Mbps<br \/>\t\t\t&#8211; Datos 4G: UE CAT 7 DL CAT13: 400Mbps, UL CAT18: 211Mbps<br \/>\t\t\t&#8211; Datos 3G: HSPA+ (DL CAT24: 42.2Mbps, UL CAT7: 11.5Mbps)<br \/>\t\t\t&#8211; Datos 2G: GPRS\/EDGE<br \/>\t\t\t&#8211; Bandas 5G: n1\/2\/3\/5\/7\/28\/40\/66\/77\/78<br \/>\t\t\t&#8211; Bandas 4G: B1\/2\/3\/4\/5\/7\/8\/12\/13\/17\/20\/25\/26\/28\/38\/40\/41\/42\/48\/66<br \/>\t\t\t&#8211; Bandas 3G: B1\/2\/4\/5\/8<br \/>\t\t\t&#8211; Bandas 2G: 850\/900\/1800\/1900<\/td>\n<\/tr>\n<tr>\n<td valign=\"top\"><strong>Otras <\/strong><br \/>\t\t\t<strong>caracter&iacute;sticas<\/strong><\/td>\n<td><strong>Sensores<\/strong><br \/>\t\t\t&#8211; Autenticaci&oacute;n Desbloqueo facial<br \/>\t\t\t&#8211; Ubicaci&oacute;n: GPS, A-GPS, BeiDou, Galileo, GLONASS Otros: Aceler&oacute;metro (sensor G), Sensor de proximidad, Sensor de luz, Br&uacute;jula electr&oacute;nica, Giroscopio, Interruptor Hall, Bar&oacute;metro*<br \/>\t\t\t*Solo el T803D soporta Bar&oacute;metro.<br \/>\t\t\t<strong>Audio y v&iacute;deo<\/strong><br \/>\t\t\t&#8211; 2 x Altavoces<br \/>\t\t\t&#8211; Sonido envolvente DTS 3D certificado<br \/>\t\t\t&#8211; Cancelaci&oacute;n de ruido con doble micr&oacute;fono<br \/>\t\t\t<strong>Bater&iacute;a<\/strong><br \/>\t\t\t&#8211; Bater&iacute;a 5010 mAh (t&iacute;pica)<br \/>\t\t\t&#8211; Cargador: Carga r&aacute;pida de 33W, USB Tipo-C 2.0<br \/>\t\t\t&#8211; Tiempo de carga: 1.7 horas<br \/>\t\t\t&#8211; Valor DOU: 16*, hasta 26 d&iacute;as en Modo M&aacute;ximo de Tinta*<br \/>\t\t\t** Los datos provienen de pruebas de laboratorio internas. La vida &uacute;til real de la bater&iacute;a depende del uso personal (fuerza de la red, uso de aplicaciones, etc.).<br \/>\t\t\t<strong>Dimensiones y peso<\/strong><br \/>\t\t\t&#8211; 167,6 x 75,5 x 7,99 mm<br \/>\t\t\t&#8211; 196 g<\/td>\n<\/tr>\n<tr>\n<td valign=\"top\"><strong>Fecha de revisi&oacute;n<\/strong><\/td>\n<td>23-09-2024 por RTY<\/td>\n<\/tr>\n<\/table>\n","protected":false},"excerpt":{"rendered":"<p>Marca TCL Modelo T803D-2CLCA112 Procesador &#8211; CPU: Octa-Core, 2 x A76+6 x A55 &#8211; GPU: ARM G57 MC2 &#8211; Chipset: MediaTek Dimensity 6300 Sistema operativo &#8211; Android 14, actualizable hasta Android 16 Memoria &#8211; RAM: 8 GB (+ 8GB RAM Expansi&oacute;n) &#8211; Memoria Interna: 512 GB *El almacenamiento interno real disponible puede variar seg&uacute;n el&hellip;&nbsp;<a href=\"https:\/\/aivlisoft.net\/shop\/producto\/tcl-50-pro-nxtpaper-5g-6-8-fhd-88gb-512gb-blue\/\" rel=\"bookmark\"><span class=\"screen-reader-text\">TCL 50 PRO NXTPAPER 5G 6.8&#8243; FHD+ 8+8GB 512GB Blue<\/span><\/a><\/p>\n","protected":false},"featured_media":22207,"template":"","meta":{"neve_meta_sidebar":"","neve_meta_container":"","neve_meta_enable_content_width":"","neve_meta_content_width":0,"neve_meta_title_alignment":"","neve_meta_author_avatar":"","neve_post_elements_order":"","neve_meta_disable_header":"","neve_meta_disable_footer":"","neve_meta_disable_title":""},"product_brand":[],"product_cat":[15,8682],"product_tag":[7844],"class_list":{"0":"post-22206","1":"product","2":"type-product","3":"status-publish","4":"has-post-thumbnail","6":"product_cat-sin-categorizar","7":"product_cat-telefonia-y-tablets","8":"product_tag-t803d-2clca112","10":"first","11":"instock","12":"taxable","13":"shipping-taxable","14":"purchasable","15":"product-type-simple"},"yoast_head":"<!-- This site is optimized with the Yoast SEO plugin v26.0 - https:\/\/yoast.com\/wordpress\/plugins\/seo\/ -->\n<title>TCL 50 PRO NXTPAPER 5G 6.8&quot; FHD+ 8+8GB 512GB Blue - Aivlisoft Inform\u00e1tica<\/title>\n<meta name=\"robots\" content=\"index, follow, max-snippet:-1, max-image-preview:large, max-video-preview:-1\" \/>\n<link rel=\"canonical\" href=\"https:\/\/aivlisoft.net\/shop\/producto\/tcl-50-pro-nxtpaper-5g-6-8-fhd-88gb-512gb-blue\/\" \/>\n<meta property=\"og:locale\" content=\"es_ES\" \/>\n<meta property=\"og:type\" content=\"article\" \/>\n<meta property=\"og:title\" content=\"TCL 50 PRO NXTPAPER 5G 6.8&quot; FHD+ 8+8GB 512GB Blue - Aivlisoft Inform\u00e1tica\" \/>\n<meta property=\"og:description\" content=\"Marca TCL Modelo T803D-2CLCA112 Procesador &#8211; CPU: Octa-Core, 2 x A76+6 x A55 &#8211; GPU: ARM G57 MC2 &#8211; Chipset: MediaTek Dimensity 6300 Sistema operativo &#8211; Android 14, actualizable hasta Android 16 Memoria &#8211; RAM: 8 GB (+ 8GB RAM Expansi&oacute;n) &#8211; Memoria Interna: 512 GB *El almacenamiento interno real disponible puede variar seg&uacute;n el&hellip;&nbsp;TCL 50 PRO NXTPAPER 5G 6.8&#8243; FHD+ 8+8GB 512GB Blue\" \/>\n<meta property=\"og:url\" content=\"https:\/\/aivlisoft.net\/shop\/producto\/tcl-50-pro-nxtpaper-5g-6-8-fhd-88gb-512gb-blue\/\" \/>\n<meta property=\"og:site_name\" content=\"Aivlisoft Inform\u00e1tica\" \/>\n<meta property=\"article:modified_time\" content=\"2025-01-14T13:53:13+00:00\" \/>\n<meta property=\"og:image\" content=\"https:\/\/aivlisoft.net\/shop\/wp-content\/uploads\/2025\/01\/NTETMO2557_800.jpg\" \/>\n\t<meta property=\"og:image:width\" content=\"800\" \/>\n\t<meta property=\"og:image:height\" content=\"800\" \/>\n\t<meta property=\"og:image:type\" content=\"image\/jpeg\" \/>\n<meta name=\"twitter:card\" content=\"summary_large_image\" \/>\n<meta name=\"twitter:label1\" content=\"Tiempo de lectura\" \/>\n\t<meta name=\"twitter:data1\" content=\"3 minutos\" \/>\n<script type=\"application\/ld+json\" class=\"yoast-schema-graph\">{\"@context\":\"https:\/\/schema.org\",\"@graph\":[{\"@type\":\"WebPage\",\"@id\":\"https:\/\/aivlisoft.net\/shop\/producto\/tcl-50-pro-nxtpaper-5g-6-8-fhd-88gb-512gb-blue\/\",\"url\":\"https:\/\/aivlisoft.net\/shop\/producto\/tcl-50-pro-nxtpaper-5g-6-8-fhd-88gb-512gb-blue\/\",\"name\":\"TCL 50 PRO NXTPAPER 5G 6.8\\\" FHD+ 8+8GB 512GB Blue - Aivlisoft Inform\u00e1tica\",\"isPartOf\":{\"@id\":\"https:\/\/aivlisoft.net\/shop\/#website\"},\"primaryImageOfPage\":{\"@id\":\"https:\/\/aivlisoft.net\/shop\/producto\/tcl-50-pro-nxtpaper-5g-6-8-fhd-88gb-512gb-blue\/#primaryimage\"},\"image\":{\"@id\":\"https:\/\/aivlisoft.net\/shop\/producto\/tcl-50-pro-nxtpaper-5g-6-8-fhd-88gb-512gb-blue\/#primaryimage\"},\"thumbnailUrl\":\"https:\/\/aivlisoft.net\/shop\/wp-content\/uploads\/2025\/01\/NTETMO2557_800.jpg\",\"datePublished\":\"2025-01-13T16:03:28+00:00\",\"dateModified\":\"2025-01-14T13:53:13+00:00\",\"breadcrumb\":{\"@id\":\"https:\/\/aivlisoft.net\/shop\/producto\/tcl-50-pro-nxtpaper-5g-6-8-fhd-88gb-512gb-blue\/#breadcrumb\"},\"inLanguage\":\"es\",\"potentialAction\":[{\"@type\":\"ReadAction\",\"target\":[\"https:\/\/aivlisoft.net\/shop\/producto\/tcl-50-pro-nxtpaper-5g-6-8-fhd-88gb-512gb-blue\/\"]}]},{\"@type\":\"ImageObject\",\"inLanguage\":\"es\",\"@id\":\"https:\/\/aivlisoft.net\/shop\/producto\/tcl-50-pro-nxtpaper-5g-6-8-fhd-88gb-512gb-blue\/#primaryimage\",\"url\":\"https:\/\/aivlisoft.net\/shop\/wp-content\/uploads\/2025\/01\/NTETMO2557_800.jpg\",\"contentUrl\":\"https:\/\/aivlisoft.net\/shop\/wp-content\/uploads\/2025\/01\/NTETMO2557_800.jpg\",\"width\":800,\"height\":800},{\"@type\":\"BreadcrumbList\",\"@id\":\"https:\/\/aivlisoft.net\/shop\/producto\/tcl-50-pro-nxtpaper-5g-6-8-fhd-88gb-512gb-blue\/#breadcrumb\",\"itemListElement\":[{\"@type\":\"ListItem\",\"position\":1,\"name\":\"Portada\",\"item\":\"https:\/\/aivlisoft.net\/shop\/\"},{\"@type\":\"ListItem\",\"position\":2,\"name\":\"Tienda\",\"item\":\"https:\/\/aivlisoft.net\/shop\/tienda\/\"},{\"@type\":\"ListItem\",\"position\":3,\"name\":\"TCL 50 PRO NXTPAPER 5G 6.8&#8243; FHD+ 8+8GB 512GB Blue\"}]},{\"@type\":\"WebSite\",\"@id\":\"https:\/\/aivlisoft.net\/shop\/#website\",\"url\":\"https:\/\/aivlisoft.net\/shop\/\",\"name\":\"Aivlisoft Inform\u00e1tica\",\"description\":\"En Aivlisoft Inform\u00e1tica ofrecemos soluciones tecnol\u00f3gicas para empresas: venta de ordenadores, consumibles, perif\u00e9ricos y m\u00e1s. Calidad, atenci\u00f3n personalizada y los mejores precios para tu negocio.\",\"publisher\":{\"@id\":\"https:\/\/aivlisoft.net\/shop\/#organization\"},\"potentialAction\":[{\"@type\":\"SearchAction\",\"target\":{\"@type\":\"EntryPoint\",\"urlTemplate\":\"https:\/\/aivlisoft.net\/shop\/?s={search_term_string}\"},\"query-input\":{\"@type\":\"PropertyValueSpecification\",\"valueRequired\":true,\"valueName\":\"search_term_string\"}}],\"inLanguage\":\"es\"},{\"@type\":\"Organization\",\"@id\":\"https:\/\/aivlisoft.net\/shop\/#organization\",\"name\":\"Aivlisoft Inform\u00e1tica\",\"url\":\"https:\/\/aivlisoft.net\/shop\/\",\"logo\":{\"@type\":\"ImageObject\",\"inLanguage\":\"es\",\"@id\":\"https:\/\/aivlisoft.net\/shop\/#\/schema\/logo\/image\/\",\"url\":\"https:\/\/aivlisoft.net\/shop\/wp-content\/uploads\/2024\/12\/removal.ai_5b848c54-0cdf-4140-95c5-c5536bb7573b-logodef.png\",\"contentUrl\":\"https:\/\/aivlisoft.net\/shop\/wp-content\/uploads\/2024\/12\/removal.ai_5b848c54-0cdf-4140-95c5-c5536bb7573b-logodef.png\",\"width\":484,\"height\":182,\"caption\":\"Aivlisoft Inform\u00e1tica\"},\"image\":{\"@id\":\"https:\/\/aivlisoft.net\/shop\/#\/schema\/logo\/image\/\"}}]}<\/script>\n<!-- \/ Yoast SEO plugin. -->","yoast_head_json":{"title":"TCL 50 PRO NXTPAPER 5G 6.8\" FHD+ 8+8GB 512GB Blue - Aivlisoft Inform\u00e1tica","robots":{"index":"index","follow":"follow","max-snippet":"max-snippet:-1","max-image-preview":"max-image-preview:large","max-video-preview":"max-video-preview:-1"},"canonical":"https:\/\/aivlisoft.net\/shop\/producto\/tcl-50-pro-nxtpaper-5g-6-8-fhd-88gb-512gb-blue\/","og_locale":"es_ES","og_type":"article","og_title":"TCL 50 PRO NXTPAPER 5G 6.8\" FHD+ 8+8GB 512GB Blue - Aivlisoft Inform\u00e1tica","og_description":"Marca TCL Modelo T803D-2CLCA112 Procesador &#8211; CPU: Octa-Core, 2 x A76+6 x A55 &#8211; GPU: ARM G57 MC2 &#8211; Chipset: MediaTek Dimensity 6300 Sistema operativo &#8211; Android 14, actualizable hasta Android 16 Memoria &#8211; RAM: 8 GB (+ 8GB RAM Expansi&oacute;n) &#8211; Memoria Interna: 512 GB *El almacenamiento interno real disponible puede variar seg&uacute;n el&hellip;&nbsp;TCL 50 PRO NXTPAPER 5G 6.8&#8243; FHD+ 8+8GB 512GB Blue","og_url":"https:\/\/aivlisoft.net\/shop\/producto\/tcl-50-pro-nxtpaper-5g-6-8-fhd-88gb-512gb-blue\/","og_site_name":"Aivlisoft Inform\u00e1tica","article_modified_time":"2025-01-14T13:53:13+00:00","og_image":[{"width":800,"height":800,"url":"https:\/\/aivlisoft.net\/shop\/wp-content\/uploads\/2025\/01\/NTETMO2557_800.jpg","type":"image\/jpeg"}],"twitter_card":"summary_large_image","twitter_misc":{"Tiempo de lectura":"3 minutos"},"schema":{"@context":"https:\/\/schema.org","@graph":[{"@type":"WebPage","@id":"https:\/\/aivlisoft.net\/shop\/producto\/tcl-50-pro-nxtpaper-5g-6-8-fhd-88gb-512gb-blue\/","url":"https:\/\/aivlisoft.net\/shop\/producto\/tcl-50-pro-nxtpaper-5g-6-8-fhd-88gb-512gb-blue\/","name":"TCL 50 PRO NXTPAPER 5G 6.8\" FHD+ 8+8GB 512GB Blue - Aivlisoft Inform\u00e1tica","isPartOf":{"@id":"https:\/\/aivlisoft.net\/shop\/#website"},"primaryImageOfPage":{"@id":"https:\/\/aivlisoft.net\/shop\/producto\/tcl-50-pro-nxtpaper-5g-6-8-fhd-88gb-512gb-blue\/#primaryimage"},"image":{"@id":"https:\/\/aivlisoft.net\/shop\/producto\/tcl-50-pro-nxtpaper-5g-6-8-fhd-88gb-512gb-blue\/#primaryimage"},"thumbnailUrl":"https:\/\/aivlisoft.net\/shop\/wp-content\/uploads\/2025\/01\/NTETMO2557_800.jpg","datePublished":"2025-01-13T16:03:28+00:00","dateModified":"2025-01-14T13:53:13+00:00","breadcrumb":{"@id":"https:\/\/aivlisoft.net\/shop\/producto\/tcl-50-pro-nxtpaper-5g-6-8-fhd-88gb-512gb-blue\/#breadcrumb"},"inLanguage":"es","potentialAction":[{"@type":"ReadAction","target":["https:\/\/aivlisoft.net\/shop\/producto\/tcl-50-pro-nxtpaper-5g-6-8-fhd-88gb-512gb-blue\/"]}]},{"@type":"ImageObject","inLanguage":"es","@id":"https:\/\/aivlisoft.net\/shop\/producto\/tcl-50-pro-nxtpaper-5g-6-8-fhd-88gb-512gb-blue\/#primaryimage","url":"https:\/\/aivlisoft.net\/shop\/wp-content\/uploads\/2025\/01\/NTETMO2557_800.jpg","contentUrl":"https:\/\/aivlisoft.net\/shop\/wp-content\/uploads\/2025\/01\/NTETMO2557_800.jpg","width":800,"height":800},{"@type":"BreadcrumbList","@id":"https:\/\/aivlisoft.net\/shop\/producto\/tcl-50-pro-nxtpaper-5g-6-8-fhd-88gb-512gb-blue\/#breadcrumb","itemListElement":[{"@type":"ListItem","position":1,"name":"Portada","item":"https:\/\/aivlisoft.net\/shop\/"},{"@type":"ListItem","position":2,"name":"Tienda","item":"https:\/\/aivlisoft.net\/shop\/tienda\/"},{"@type":"ListItem","position":3,"name":"TCL 50 PRO NXTPAPER 5G 6.8&#8243; FHD+ 8+8GB 512GB Blue"}]},{"@type":"WebSite","@id":"https:\/\/aivlisoft.net\/shop\/#website","url":"https:\/\/aivlisoft.net\/shop\/","name":"Aivlisoft Inform\u00e1tica","description":"En Aivlisoft Inform\u00e1tica ofrecemos soluciones tecnol\u00f3gicas para empresas: venta de ordenadores, consumibles, perif\u00e9ricos y m\u00e1s. Calidad, atenci\u00f3n personalizada y los mejores precios para tu negocio.","publisher":{"@id":"https:\/\/aivlisoft.net\/shop\/#organization"},"potentialAction":[{"@type":"SearchAction","target":{"@type":"EntryPoint","urlTemplate":"https:\/\/aivlisoft.net\/shop\/?s={search_term_string}"},"query-input":{"@type":"PropertyValueSpecification","valueRequired":true,"valueName":"search_term_string"}}],"inLanguage":"es"},{"@type":"Organization","@id":"https:\/\/aivlisoft.net\/shop\/#organization","name":"Aivlisoft Inform\u00e1tica","url":"https:\/\/aivlisoft.net\/shop\/","logo":{"@type":"ImageObject","inLanguage":"es","@id":"https:\/\/aivlisoft.net\/shop\/#\/schema\/logo\/image\/","url":"https:\/\/aivlisoft.net\/shop\/wp-content\/uploads\/2024\/12\/removal.ai_5b848c54-0cdf-4140-95c5-c5536bb7573b-logodef.png","contentUrl":"https:\/\/aivlisoft.net\/shop\/wp-content\/uploads\/2024\/12\/removal.ai_5b848c54-0cdf-4140-95c5-c5536bb7573b-logodef.png","width":484,"height":182,"caption":"Aivlisoft Inform\u00e1tica"},"image":{"@id":"https:\/\/aivlisoft.net\/shop\/#\/schema\/logo\/image\/"}}]}},"_links":{"self":[{"href":"https:\/\/aivlisoft.net\/shop\/wp-json\/wp\/v2\/product\/22206","targetHints":{"allow":["GET"]}}],"collection":[{"href":"https:\/\/aivlisoft.net\/shop\/wp-json\/wp\/v2\/product"}],"about":[{"href":"https:\/\/aivlisoft.net\/shop\/wp-json\/wp\/v2\/types\/product"}],"wp:featuredmedia":[{"embeddable":true,"href":"https:\/\/aivlisoft.net\/shop\/wp-json\/wp\/v2\/media\/22207"}],"wp:attachment":[{"href":"https:\/\/aivlisoft.net\/shop\/wp-json\/wp\/v2\/media?parent=22206"}],"wp:term":[{"taxonomy":"product_brand","embeddable":true,"href":"https:\/\/aivlisoft.net\/shop\/wp-json\/wp\/v2\/product_brand?post=22206"},{"taxonomy":"product_cat","embeddable":true,"href":"https:\/\/aivlisoft.net\/shop\/wp-json\/wp\/v2\/product_cat?post=22206"},{"taxonomy":"product_tag","embeddable":true,"href":"https:\/\/aivlisoft.net\/shop\/wp-json\/wp\/v2\/product_tag?post=22206"}],"curies":[{"name":"wp","href":"https:\/\/api.w.org\/{rel}","templated":true}]}}