{"id":22192,"date":"2025-01-13T16:03:16","date_gmt":"2025-01-13T16:03:16","guid":{"rendered":"https:\/\/aivlisoft.com\/?post_type=product&#038;p=22192"},"modified":"2025-01-14T13:53:16","modified_gmt":"2025-01-14T13:53:16","slug":"motorola-moto-g04s-6-56-8gb-128gb-black","status":"publish","type":"product","link":"https:\/\/aivlisoft.net\/shop\/producto\/motorola-moto-g04s-6-56-8gb-128gb-black\/","title":{"rendered":"Motorola Moto G04s 6.56&#8243; 8GB 128GB Black"},"content":{"rendered":"<p><\/p>\n<table class=\"tabla_caracteristicas k-table\" width=\"100%\">\n<tr>\n<td valign=\"top\"><strong>Marca<\/strong><\/td>\n<td>Motorola<\/td>\n<\/tr>\n<tr>\n<td valign=\"top\"><strong>Modelo<\/strong><\/td>\n<td valign=\"top\"><strong>PB360027ES <\/strong><\/td>\n<\/tr>\n<tr>\n<td valign=\"top\"><strong>Sistema Operativo<\/strong><\/td>\n<td>&#8211; <strong>Android 14<\/strong><\/td>\n<\/tr>\n<tr>\n<td valign=\"top\"><strong>Procesador<\/strong><\/td>\n<td>&#8211; Procesador UNISOC T606 con CPU de ocho n&uacute;cleos (dos A75 y seis A55 de 1,6 GHz)<br \/>\t\t\t&#8211; GPU ARM Mali-G57 MP1 de 650 MHz<\/td>\n<\/tr>\n<tr>\n<td valign=\"top\"><strong>Memoria<\/strong><\/td>\n<td>&#8211;<strong> 8 GB<\/strong> RAM<br \/>\t\t\t&#8211; <strong>128 GB <\/strong>integrados<br \/>\t\t\t&#8211; Ampliables hasta 1 TB con tarjeta microSD<\/td>\n<\/tr>\n<tr>\n<td valign=\"top\"><strong>Pantalla<\/strong><\/td>\n<td>&#8211; <strong>6,56&#8243; <\/strong>HD+ (1612 &times; 720 p) | 269 ppp, 20:9<br \/>\t\t\t&#8211; &Aacute;rea activa-panel t&aacute;ctil (AA-PT): 89,50 %<br \/>\t\t\t&#8211; Relaci&oacute;n &aacute;rea activa-cuerpo (AA-cuerpo): 84,97 %<\/td>\n<\/tr>\n<tr>\n<td valign=\"top\"><strong>C&aacute;mara<\/strong><\/td>\n<td><strong>Trasera<\/strong><br \/>\t\t\t&#8211; 50 MP (f\/1,8 y 0,64 &micro;m) 4 en 1 con 1,28 &micro;m<br \/>\t\t\t&#8211; PDAF<br \/>\t\t\t&#8211; Tecnolog&iacute;a Quad Pixel<br \/>\t\t\t&#8211; Fotograf&iacute;a<br \/>\t\t\t&#8211; Retrato<br \/>\t\t\t&#8211; Visi&oacute;n nocturna<br \/>\t\t\t<strong>Captura de v&iacute;deo de la c&aacute;mara trasera<\/strong><br \/>\t\t\t&#8211; FHD (30 fps) | HD (30 fps))<br \/>\t\t\t&#8211; V&iacute;deo a c&aacute;mara r&aacute;pida<br \/>\t\t\t&#8211; Instant&aacute;neas durante la grabaci&oacute;n de v&iacute;deo<br \/>\t\t\t<strong>Delantera<\/strong><br \/>\t\t\t&#8211; 5 MP (f\/2.2, 1,12 &micro;m)<br \/>\t\t\t&#8211; Fotograf&iacute;a<br \/>\t\t\t&#8211; Retrato<br \/>\t\t\t&#8211; Retoque facial<br \/>\t\t\t&#8211; Espejo<br \/>\t\t\t<strong>Captura de v&iacute;deo de la c&aacute;mara delantera<\/strong><br \/>\t\t\t&#8211; FHD (30 fps) | HD (30 fps))<br \/>\t\t\t&#8211; V&iacute;deo a c&aacute;mara r&aacute;pida<br \/>\t\t\t&#8211; Instant&aacute;neas durante la grabaci&oacute;n de v&iacute;deo<\/td>\n<\/tr>\n<tr>\n<td valign=\"top\"><strong>Conectividad<\/strong><\/td>\n<td>&#8211; SIM dual (2 Nano SIM)<br \/>\t\t\t<strong>Bandas<\/strong><br \/>\t\t\t&#8211; 4G: LTE 1\/2\/3\/5\/7\/8\/20\/28\/38\/40\/41<br \/>\t\t\t&#8211; 3G: 1\/5\/8<br \/>\t\t\t&#8211; 2G: 3\/5\/8<br \/>\t\t\t<strong>Redes<\/strong><br \/>\t\t\t&#8211; Wi-Fi 802.11 a\/b\/g\/n\/ac<br \/>\t\t\t&#8211; 2,4 GHz y 5 GHz<br \/>\t\t\t&#8211; Punto de acceso Wi-Fi<br \/>\t\t\t<strong>Conectividad<\/strong><br \/>\t\t\t&#8211; Bluetooth 5.0<br \/>\t\t\t<strong>Puertos<br \/>\t\t\t&#8211; <\/strong>Clavija para auriculares con micr&oacute;fono de 3,5 mm<br \/>\t\t\t&#8211; Puerto tipo C (USB 2.0)\t\t\t<\/p>\n<div class=\"specification-group-value\">\n<div class=\"specification-value-name\"><strong>Servicios de ubicaci&oacute;n<\/strong><\/div>\n<\/p><\/div>\n<p>\t\t\t&#8211; GPS<br \/>\t\t\t&#8211; A-GPS<br \/>\t\t\t&#8211; GLONASS<br \/>\t\t\t&#8211; Galileo<\/td>\n<\/tr>\n<tr>\n<td valign=\"top\">\n<div><strong>Otras <\/strong><\/div>\n<div><strong>caracter&iacute;sticas<\/strong><\/div>\n<\/td>\n<td><strong>Audio<\/strong><br \/>\t\t\t&#8211; Un altavoz | Compatibilidad con Dolby Atmos<br \/>\t\t\t&#8211; Clavija para auriculares de 3,5 mm*<br \/>\t\t\t&#8211; 1 x micr&oacute;fonos<br \/>\t\t\t<strong>Sensores<\/strong><br \/>\t\t\t&#8211; Sensor de proximidad<br \/>\t\t\t&#8211; Sensor de luz ambiental<br \/>\t\t\t&#8211; Aceler&oacute;metro<br \/>\t\t\t<strong>Seguridad<\/strong><br \/>\t\t\t&#8211; Lector de huellas<br \/>\t\t\t<strong>&#8211; <\/strong> Desbloqueo facial<br \/>\t\t\t<strong>Bater&iacute;a<\/strong><br \/>\t\t\t&#8211; Bater&iacute;a: 5000 mAh<br \/>\t\t\t&#8211; Carga: Capacidad de carga del dispositivo de 15 W | 5 V\/3 A<br \/>\t\t\t<strong>F&iacute;sicas<\/strong><br \/>\t\t\t&#8211; Dise&ntilde;o repelente al agua<br \/>\t\t\t&#8211; Dimensiones: 163,49 &times; 74,53 &times; 7,99 mm<br \/>\t\t\t&#8211; Peso: 178,8 g<br \/>\t\t\t&#8211; Color: Negro<\/td>\n<\/tr>\n<tr>\n<td valign=\"top\"><strong>Fecha de revisi&oacute;n<\/strong><\/td>\n<td>16-09-2024 por A<\/td>\n<\/tr>\n<\/table>\n","protected":false},"excerpt":{"rendered":"<p>Marca Motorola Modelo PB360027ES Sistema Operativo &#8211; Android 14 Procesador &#8211; Procesador UNISOC T606 con CPU de ocho n&uacute;cleos (dos A75 y seis A55 de 1,6 GHz) &#8211; GPU ARM Mali-G57 MP1 de 650 MHz Memoria &#8211; 8 GB RAM &#8211; 128 GB integrados &#8211; Ampliables hasta 1 TB con tarjeta microSD Pantalla &#8211; 6,56&#8243;&hellip;&nbsp;<a href=\"https:\/\/aivlisoft.net\/shop\/producto\/motorola-moto-g04s-6-56-8gb-128gb-black\/\" rel=\"bookmark\"><span class=\"screen-reader-text\">Motorola Moto G04s 6.56&#8243; 8GB 128GB Black<\/span><\/a><\/p>\n","protected":false},"featured_media":22193,"template":"","meta":{"neve_meta_sidebar":"","neve_meta_container":"","neve_meta_enable_content_width":"","neve_meta_content_width":0,"neve_meta_title_alignment":"","neve_meta_author_avatar":"","neve_post_elements_order":"","neve_meta_disable_header":"","neve_meta_disable_footer":"","neve_meta_disable_title":""},"product_brand":[],"product_cat":[15,8682],"product_tag":[7840],"class_list":{"0":"post-22192","1":"product","2":"type-product","3":"status-publish","4":"has-post-thumbnail","6":"product_cat-sin-categorizar","7":"product_cat-telefonia-y-tablets","8":"product_tag-pb360027es","10":"first","11":"instock","12":"taxable","13":"shipping-taxable","14":"purchasable","15":"product-type-simple"},"yoast_head":"<!-- This site is optimized with the Yoast SEO plugin v26.0 - https:\/\/yoast.com\/wordpress\/plugins\/seo\/ -->\n<title>Motorola Moto G04s 6.56&quot; 8GB 128GB Black - Aivlisoft Inform\u00e1tica<\/title>\n<meta name=\"robots\" content=\"index, follow, max-snippet:-1, max-image-preview:large, max-video-preview:-1\" \/>\n<link rel=\"canonical\" href=\"https:\/\/aivlisoft.net\/shop\/producto\/motorola-moto-g04s-6-56-8gb-128gb-black\/\" \/>\n<meta property=\"og:locale\" content=\"es_ES\" \/>\n<meta property=\"og:type\" content=\"article\" \/>\n<meta property=\"og:title\" content=\"Motorola Moto G04s 6.56&quot; 8GB 128GB Black - Aivlisoft Inform\u00e1tica\" \/>\n<meta property=\"og:description\" content=\"Marca Motorola Modelo PB360027ES Sistema Operativo &#8211; Android 14 Procesador &#8211; Procesador UNISOC T606 con CPU de ocho n&uacute;cleos (dos A75 y seis A55 de 1,6 GHz) &#8211; GPU ARM Mali-G57 MP1 de 650 MHz Memoria &#8211; 8 GB RAM &#8211; 128 GB integrados &#8211; Ampliables hasta 1 TB con tarjeta microSD Pantalla &#8211; 6,56&#8243;&hellip;&nbsp;Motorola Moto G04s 6.56&#8243; 8GB 128GB Black\" \/>\n<meta property=\"og:url\" content=\"https:\/\/aivlisoft.net\/shop\/producto\/motorola-moto-g04s-6-56-8gb-128gb-black\/\" \/>\n<meta property=\"og:site_name\" content=\"Aivlisoft Inform\u00e1tica\" \/>\n<meta property=\"article:modified_time\" content=\"2025-01-14T13:53:16+00:00\" \/>\n<meta property=\"og:image\" content=\"https:\/\/aivlisoft.net\/shop\/wp-content\/uploads\/2025\/01\/NTETMO2548_800.jpg\" \/>\n\t<meta property=\"og:image:width\" content=\"800\" \/>\n\t<meta property=\"og:image:height\" content=\"800\" \/>\n\t<meta property=\"og:image:type\" content=\"image\/jpeg\" \/>\n<meta name=\"twitter:card\" content=\"summary_large_image\" \/>\n<meta name=\"twitter:label1\" content=\"Tiempo de lectura\" \/>\n\t<meta name=\"twitter:data1\" content=\"2 minutos\" \/>\n<script type=\"application\/ld+json\" class=\"yoast-schema-graph\">{\"@context\":\"https:\/\/schema.org\",\"@graph\":[{\"@type\":\"WebPage\",\"@id\":\"https:\/\/aivlisoft.net\/shop\/producto\/motorola-moto-g04s-6-56-8gb-128gb-black\/\",\"url\":\"https:\/\/aivlisoft.net\/shop\/producto\/motorola-moto-g04s-6-56-8gb-128gb-black\/\",\"name\":\"Motorola Moto G04s 6.56\\\" 8GB 128GB Black - Aivlisoft Inform\u00e1tica\",\"isPartOf\":{\"@id\":\"https:\/\/aivlisoft.net\/shop\/#website\"},\"primaryImageOfPage\":{\"@id\":\"https:\/\/aivlisoft.net\/shop\/producto\/motorola-moto-g04s-6-56-8gb-128gb-black\/#primaryimage\"},\"image\":{\"@id\":\"https:\/\/aivlisoft.net\/shop\/producto\/motorola-moto-g04s-6-56-8gb-128gb-black\/#primaryimage\"},\"thumbnailUrl\":\"https:\/\/aivlisoft.net\/shop\/wp-content\/uploads\/2025\/01\/NTETMO2548_800.jpg\",\"datePublished\":\"2025-01-13T16:03:16+00:00\",\"dateModified\":\"2025-01-14T13:53:16+00:00\",\"breadcrumb\":{\"@id\":\"https:\/\/aivlisoft.net\/shop\/producto\/motorola-moto-g04s-6-56-8gb-128gb-black\/#breadcrumb\"},\"inLanguage\":\"es\",\"potentialAction\":[{\"@type\":\"ReadAction\",\"target\":[\"https:\/\/aivlisoft.net\/shop\/producto\/motorola-moto-g04s-6-56-8gb-128gb-black\/\"]}]},{\"@type\":\"ImageObject\",\"inLanguage\":\"es\",\"@id\":\"https:\/\/aivlisoft.net\/shop\/producto\/motorola-moto-g04s-6-56-8gb-128gb-black\/#primaryimage\",\"url\":\"https:\/\/aivlisoft.net\/shop\/wp-content\/uploads\/2025\/01\/NTETMO2548_800.jpg\",\"contentUrl\":\"https:\/\/aivlisoft.net\/shop\/wp-content\/uploads\/2025\/01\/NTETMO2548_800.jpg\",\"width\":800,\"height\":800},{\"@type\":\"BreadcrumbList\",\"@id\":\"https:\/\/aivlisoft.net\/shop\/producto\/motorola-moto-g04s-6-56-8gb-128gb-black\/#breadcrumb\",\"itemListElement\":[{\"@type\":\"ListItem\",\"position\":1,\"name\":\"Portada\",\"item\":\"https:\/\/aivlisoft.net\/shop\/\"},{\"@type\":\"ListItem\",\"position\":2,\"name\":\"Tienda\",\"item\":\"https:\/\/aivlisoft.net\/shop\/tienda\/\"},{\"@type\":\"ListItem\",\"position\":3,\"name\":\"Motorola Moto G04s 6.56&#8243; 8GB 128GB Black\"}]},{\"@type\":\"WebSite\",\"@id\":\"https:\/\/aivlisoft.net\/shop\/#website\",\"url\":\"https:\/\/aivlisoft.net\/shop\/\",\"name\":\"Aivlisoft Inform\u00e1tica\",\"description\":\"En Aivlisoft Inform\u00e1tica ofrecemos soluciones tecnol\u00f3gicas para empresas: venta de ordenadores, consumibles, perif\u00e9ricos y m\u00e1s. Calidad, atenci\u00f3n personalizada y los mejores precios para tu negocio.\",\"publisher\":{\"@id\":\"https:\/\/aivlisoft.net\/shop\/#organization\"},\"potentialAction\":[{\"@type\":\"SearchAction\",\"target\":{\"@type\":\"EntryPoint\",\"urlTemplate\":\"https:\/\/aivlisoft.net\/shop\/?s={search_term_string}\"},\"query-input\":{\"@type\":\"PropertyValueSpecification\",\"valueRequired\":true,\"valueName\":\"search_term_string\"}}],\"inLanguage\":\"es\"},{\"@type\":\"Organization\",\"@id\":\"https:\/\/aivlisoft.net\/shop\/#organization\",\"name\":\"Aivlisoft Inform\u00e1tica\",\"url\":\"https:\/\/aivlisoft.net\/shop\/\",\"logo\":{\"@type\":\"ImageObject\",\"inLanguage\":\"es\",\"@id\":\"https:\/\/aivlisoft.net\/shop\/#\/schema\/logo\/image\/\",\"url\":\"https:\/\/aivlisoft.net\/shop\/wp-content\/uploads\/2024\/12\/removal.ai_5b848c54-0cdf-4140-95c5-c5536bb7573b-logodef.png\",\"contentUrl\":\"https:\/\/aivlisoft.net\/shop\/wp-content\/uploads\/2024\/12\/removal.ai_5b848c54-0cdf-4140-95c5-c5536bb7573b-logodef.png\",\"width\":484,\"height\":182,\"caption\":\"Aivlisoft Inform\u00e1tica\"},\"image\":{\"@id\":\"https:\/\/aivlisoft.net\/shop\/#\/schema\/logo\/image\/\"}}]}<\/script>\n<!-- \/ Yoast SEO plugin. -->","yoast_head_json":{"title":"Motorola Moto G04s 6.56\" 8GB 128GB Black - Aivlisoft Inform\u00e1tica","robots":{"index":"index","follow":"follow","max-snippet":"max-snippet:-1","max-image-preview":"max-image-preview:large","max-video-preview":"max-video-preview:-1"},"canonical":"https:\/\/aivlisoft.net\/shop\/producto\/motorola-moto-g04s-6-56-8gb-128gb-black\/","og_locale":"es_ES","og_type":"article","og_title":"Motorola Moto G04s 6.56\" 8GB 128GB Black - Aivlisoft Inform\u00e1tica","og_description":"Marca Motorola Modelo PB360027ES Sistema Operativo &#8211; Android 14 Procesador &#8211; Procesador UNISOC T606 con CPU de ocho n&uacute;cleos (dos A75 y seis A55 de 1,6 GHz) &#8211; GPU ARM Mali-G57 MP1 de 650 MHz Memoria &#8211; 8 GB RAM &#8211; 128 GB integrados &#8211; Ampliables hasta 1 TB con tarjeta microSD Pantalla &#8211; 6,56&#8243;&hellip;&nbsp;Motorola Moto G04s 6.56&#8243; 8GB 128GB Black","og_url":"https:\/\/aivlisoft.net\/shop\/producto\/motorola-moto-g04s-6-56-8gb-128gb-black\/","og_site_name":"Aivlisoft Inform\u00e1tica","article_modified_time":"2025-01-14T13:53:16+00:00","og_image":[{"width":800,"height":800,"url":"https:\/\/aivlisoft.net\/shop\/wp-content\/uploads\/2025\/01\/NTETMO2548_800.jpg","type":"image\/jpeg"}],"twitter_card":"summary_large_image","twitter_misc":{"Tiempo de lectura":"2 minutos"},"schema":{"@context":"https:\/\/schema.org","@graph":[{"@type":"WebPage","@id":"https:\/\/aivlisoft.net\/shop\/producto\/motorola-moto-g04s-6-56-8gb-128gb-black\/","url":"https:\/\/aivlisoft.net\/shop\/producto\/motorola-moto-g04s-6-56-8gb-128gb-black\/","name":"Motorola Moto G04s 6.56\" 8GB 128GB Black - Aivlisoft Inform\u00e1tica","isPartOf":{"@id":"https:\/\/aivlisoft.net\/shop\/#website"},"primaryImageOfPage":{"@id":"https:\/\/aivlisoft.net\/shop\/producto\/motorola-moto-g04s-6-56-8gb-128gb-black\/#primaryimage"},"image":{"@id":"https:\/\/aivlisoft.net\/shop\/producto\/motorola-moto-g04s-6-56-8gb-128gb-black\/#primaryimage"},"thumbnailUrl":"https:\/\/aivlisoft.net\/shop\/wp-content\/uploads\/2025\/01\/NTETMO2548_800.jpg","datePublished":"2025-01-13T16:03:16+00:00","dateModified":"2025-01-14T13:53:16+00:00","breadcrumb":{"@id":"https:\/\/aivlisoft.net\/shop\/producto\/motorola-moto-g04s-6-56-8gb-128gb-black\/#breadcrumb"},"inLanguage":"es","potentialAction":[{"@type":"ReadAction","target":["https:\/\/aivlisoft.net\/shop\/producto\/motorola-moto-g04s-6-56-8gb-128gb-black\/"]}]},{"@type":"ImageObject","inLanguage":"es","@id":"https:\/\/aivlisoft.net\/shop\/producto\/motorola-moto-g04s-6-56-8gb-128gb-black\/#primaryimage","url":"https:\/\/aivlisoft.net\/shop\/wp-content\/uploads\/2025\/01\/NTETMO2548_800.jpg","contentUrl":"https:\/\/aivlisoft.net\/shop\/wp-content\/uploads\/2025\/01\/NTETMO2548_800.jpg","width":800,"height":800},{"@type":"BreadcrumbList","@id":"https:\/\/aivlisoft.net\/shop\/producto\/motorola-moto-g04s-6-56-8gb-128gb-black\/#breadcrumb","itemListElement":[{"@type":"ListItem","position":1,"name":"Portada","item":"https:\/\/aivlisoft.net\/shop\/"},{"@type":"ListItem","position":2,"name":"Tienda","item":"https:\/\/aivlisoft.net\/shop\/tienda\/"},{"@type":"ListItem","position":3,"name":"Motorola Moto G04s 6.56&#8243; 8GB 128GB Black"}]},{"@type":"WebSite","@id":"https:\/\/aivlisoft.net\/shop\/#website","url":"https:\/\/aivlisoft.net\/shop\/","name":"Aivlisoft Inform\u00e1tica","description":"En Aivlisoft Inform\u00e1tica ofrecemos soluciones tecnol\u00f3gicas para empresas: venta de ordenadores, consumibles, perif\u00e9ricos y m\u00e1s. Calidad, atenci\u00f3n personalizada y los mejores precios para tu negocio.","publisher":{"@id":"https:\/\/aivlisoft.net\/shop\/#organization"},"potentialAction":[{"@type":"SearchAction","target":{"@type":"EntryPoint","urlTemplate":"https:\/\/aivlisoft.net\/shop\/?s={search_term_string}"},"query-input":{"@type":"PropertyValueSpecification","valueRequired":true,"valueName":"search_term_string"}}],"inLanguage":"es"},{"@type":"Organization","@id":"https:\/\/aivlisoft.net\/shop\/#organization","name":"Aivlisoft Inform\u00e1tica","url":"https:\/\/aivlisoft.net\/shop\/","logo":{"@type":"ImageObject","inLanguage":"es","@id":"https:\/\/aivlisoft.net\/shop\/#\/schema\/logo\/image\/","url":"https:\/\/aivlisoft.net\/shop\/wp-content\/uploads\/2024\/12\/removal.ai_5b848c54-0cdf-4140-95c5-c5536bb7573b-logodef.png","contentUrl":"https:\/\/aivlisoft.net\/shop\/wp-content\/uploads\/2024\/12\/removal.ai_5b848c54-0cdf-4140-95c5-c5536bb7573b-logodef.png","width":484,"height":182,"caption":"Aivlisoft Inform\u00e1tica"},"image":{"@id":"https:\/\/aivlisoft.net\/shop\/#\/schema\/logo\/image\/"}}]}},"_links":{"self":[{"href":"https:\/\/aivlisoft.net\/shop\/wp-json\/wp\/v2\/product\/22192","targetHints":{"allow":["GET"]}}],"collection":[{"href":"https:\/\/aivlisoft.net\/shop\/wp-json\/wp\/v2\/product"}],"about":[{"href":"https:\/\/aivlisoft.net\/shop\/wp-json\/wp\/v2\/types\/product"}],"wp:featuredmedia":[{"embeddable":true,"href":"https:\/\/aivlisoft.net\/shop\/wp-json\/wp\/v2\/media\/22193"}],"wp:attachment":[{"href":"https:\/\/aivlisoft.net\/shop\/wp-json\/wp\/v2\/media?parent=22192"}],"wp:term":[{"taxonomy":"product_brand","embeddable":true,"href":"https:\/\/aivlisoft.net\/shop\/wp-json\/wp\/v2\/product_brand?post=22192"},{"taxonomy":"product_cat","embeddable":true,"href":"https:\/\/aivlisoft.net\/shop\/wp-json\/wp\/v2\/product_cat?post=22192"},{"taxonomy":"product_tag","embeddable":true,"href":"https:\/\/aivlisoft.net\/shop\/wp-json\/wp\/v2\/product_tag?post=22192"}],"curies":[{"name":"wp","href":"https:\/\/api.w.org\/{rel}","templated":true}]}}