{"id":22132,"date":"2025-01-13T16:02:28","date_gmt":"2025-01-13T16:02:28","guid":{"rendered":"https:\/\/aivlisoft.com\/?post_type=product&#038;p=22132"},"modified":"2025-01-14T13:56:07","modified_gmt":"2025-01-14T13:56:07","slug":"tcl-505-6-75-hd-90hz-6gb4gb-256gb-space-grey","status":"publish","type":"product","link":"https:\/\/aivlisoft.net\/shop\/producto\/tcl-505-6-75-hd-90hz-6gb4gb-256gb-space-grey\/","title":{"rendered":"TCL 505 6.75&#8243; HD+ 90Hz 6GB(+4GB) 256GB Space Grey"},"content":{"rendered":"<p><\/p>\n<table class=\"tabla_caracteristicas\" width=\"100%\">\n<tr>\n<td valign=\"top\"><strong>Marca<\/strong><\/td>\n<td>TCL<\/td>\n<\/tr>\n<tr>\n<td valign=\"top\"><strong>Modelo<\/strong><\/td>\n<td valign=\"top\"><strong>T509K3-2ALCA112<\/strong><\/td>\n<\/tr>\n<tr>\n<td valign=\"top\"><strong>Procesador<\/strong><\/td>\n<td>&#8211; CPU :4xA53 a 2,2 GHz + 4xA53 a 1,6 GHz<br \/>\t\t\t&#8211; GPU: IMG GE8320 680 MHz<\/td>\n<\/tr>\n<tr>\n<td valign=\"top\"><strong>Sistema operativo<\/strong><\/td>\n<td>&#8211; Android 14<\/td>\n<\/tr>\n<tr>\n<td valign=\"top\"><strong>Memoria<\/strong><\/td>\n<td>&#8211; RAM: <strong>6 GB<\/strong> (+ 4GB RAM Expansi&oacute;n)<br \/>\t\t\t&#8211; Memoria Interna: <strong>256 GB<\/strong><br \/>\t\t\t*El almacenamiento interno real disponible puede variar seg&uacute;n el software preinstalado.<br \/>\t\t\t**La tarjeta MicroSD se vende por separado<\/td>\n<\/tr>\n<tr>\n<td valign=\"top\"><strong>Pantalla<\/strong><\/td>\n<td>&#8211; Tama&ntilde;o:<strong> 6,75&rdquo;<\/strong><br \/>\t\t\t&#8211; Resoluci&oacute;n: HD+ (720 x 1600 p&iacute;xeles), 260PPI<br \/>\t\t\t&#8211; Relaci&oacute;n de visualizaci&oacute;n: 20:9<br \/>\t\t\t&#8211; Relaci&oacute;n pantalla-cuerpo: 90,08%*<br \/>\t\t\t&#8211; Relaci&oacute;n de contraste: 1500:1 (M&iacute;n.), 1500:1 (T&iacute;p.)<br \/>\t\t\t&#8211; Gama de colores: NTSC 70 % (t&iacute;pica)<br \/>\t\t\t&#8211; Brillo: 400 nits (t&iacute;p.)<\/td>\n<\/tr>\n<tr>\n<td valign=\"top\"><strong>C&aacute;mara<\/strong><\/td>\n<td><strong>C&aacute;mara trasera<\/strong><br \/>\t\t\t&#8211; C&aacute;mara principal <strong>50MP<\/strong>:<br \/>\t\t\t&nbsp; AF+FF<br \/>\t\t\t&nbsp; PDAF<br \/>\t\t\t&nbsp; Tama&ntilde;o del sensor 1\/2,55 pulgadas<br \/>\t\t\t&nbsp; Tama&ntilde;o de p&iacute;xel 0,7 &mu;m<br \/>\t\t\t&nbsp; Apertura F1.8<br \/>\t\t\t&nbsp; Campo de visi&oacute;n 79,4&deg;<br \/>\t\t\t&nbsp; Lente 5P<br \/>\t\t\t&#8211; C&aacute;mara de profundidad de<strong> 2 MP<\/strong>: &nbsp;<br \/>\t\t\t&nbsp; FF<br \/>\t\t\t&nbsp; Tama&ntilde;o del sensor 1\/5 pulgadas<br \/>\t\t\t&nbsp; Tama&ntilde;o de p&iacute;xel 1,75 &mu;m<br \/>\t\t\t&nbsp; Apertura F2.4<br \/>\t\t\t&nbsp; Campo de visi&oacute;n 88,8&deg;<br \/>\t\t\t&nbsp; Lente 3P<br \/>\t\t\t<strong>C&aacute;mara frontal<\/strong><br \/>\t\t\t&#8211; <strong>5MP <\/strong><br \/>\t\t\t&#8211; FF<br \/>\t\t\t&#8211; Tama&ntilde;o del sensor 1\/5 pulgadas<br \/>\t\t\t&#8211; Tama&ntilde;o de p&iacute;xel 1,12 &mu;m<br \/>\t\t\t&#8211; Apertura F2.2<br \/>\t\t\t&#8211; Campo de visi&oacute;n 76,8&deg;<br \/>\t\t\t&#8211; Lente 3P<br \/>\t\t\t<strong>V&iacute;deo<\/strong><br \/>\t\t\t&#8211; Captura y reproducci&oacute;n de v&iacute;deo <strong>1080P@30fps<br \/>\t\t\tFunciones<\/strong><br \/>\t\t\t&#8211; Bokeh<br \/>\t\t\t&#8211; HDR<br \/>\t\t\t&#8211; Panor&aacute;mica<br \/>\t\t\t&#8211; Detecci&oacute;n de escenas IA<br \/>\t\t\t&#8211; Detecci&oacute;n facial<br \/>\t\t\t&#8211; Embellecedor de imagen<\/td>\n<\/tr>\n<tr>\n<td valign=\"top\"><strong>Conectividad<\/strong><\/td>\n<td>&#8211; Versi&oacute;n Bluetooth: 5<br \/>\t\t\t&#8211; Conector de audio: 3.5mm<br \/>\t\t\t&#8211; NFC<br \/>\t\t\t* La disponibilidad var&iacute;a seg&uacute;n el modelo de dispositivo.<\/td>\n<\/tr>\n<tr>\n<td valign=\"top\"><strong>Redes\/Bandas<\/strong><\/td>\n<td>&#8211; Tarjeta SIM:<br \/>\t\t\t&nbsp; Modelo con doble SIM: 2 Nano SIM + 1 tarjeta T-Flash*<br \/>\t\t\t&nbsp; Modelo con una sola tarjeta SIM: 1 tarjeta 4FF Nano + 1 tarjeta TF*<br \/>\t\t\t&#8211; Datos 4G: Cat 4 150 Mbit\/s de bajada, 50 Mbit\/s de subida 802.11a\/b\/g\/n\/ac, 2,4 GHz y 5 GHz, Wi-Fi Direct, Wi-Fi DisplayVoLTE, VoWiFi<br \/>\t\t\t&#8211; Datos 3G: HSPA+ (42&nbsp;Mbit\/s de bajada y 11&nbsp;Mbit\/s de subida)<br \/>\t\t\t&#8211; Datos 2G: GPRS\/EDGE<br \/>\t\t\t&#8211; Bandas 4G: B1\/3\/5\/7\/8\/20\/26\/28\/38\/40\/41 (2496-2690 MHz) ***<br \/>\t\t\t&#8211; Bandas 3G: B1\/B2\/B5\/B8<br \/>\t\t\t&#8211; Bandas 2G:GSM 850\/900\/1800\/1900<br \/>\t\t\t* El tipo de ranura Sim depende de la variante del modelo de dispositivo<br \/>\t\t\t** Las bandas 4G y 3G dependen de la variante del modelo de dispositivo<br \/>\t\t\t*** Las bandas 4G y 3G dependen de una variante de un modelo de dispositivo<\/td>\n<\/tr>\n<tr>\n<td valign=\"top\"><strong>Otras <\/strong><br \/>\t\t\t<strong>caracter&iacute;sticas<\/strong><\/td>\n<td><strong>Sensores<\/strong><br \/>\t\t\t&#8211; Autenticaci&oacute;n Desbloqueo facial<br \/>\t\t\t&#8211; Localizaci&oacute;n: BDS\/GPS\/Glonass\/Galileo con A-GPS<br \/>\t\t\t&#8211; Aceler&oacute;metro (sensor de gravedad)<br \/>\t\t\t<strong>Audio y v&iacute;deo<\/strong><br \/>\t\t\t&#8211; Formatos de reproducci&oacute;n de audio: AAC, HE-AAC v1, HE-AAC v2, AMR, AWB, MIDI, MP3, OGG VORBIS, WAV(Alaw\/Ulaw), WAV(Raw), FLAC, OPUS<br \/>\t\t\t&#8211; Auriculares compatibles: LRGM<br \/>\t\t\t&#8211; 2 x Altavoces<br \/>\t\t\t&#8211; Formatos de reproducci&oacute;n de v&iacute;deo: MPEG-2, H.263, MPEG-4, H.264, H.265, VP8, VP9<br \/>\t\t\t&#8211; Amplificaci&oacute;n de sonido TCL<br \/>\t\t\t<strong>Bater&iacute;a<\/strong><br \/>\t\t\t&#8211; Bater&iacute;a 5010 mAh (t&iacute;pica)<br \/>\t\t\t&#8211; Cargador: 10 W, 5 V, 2 A, USB 2.0 tipo C<br \/>\t\t\t&#8211; Tiempo de carga: 3 horas<br \/>\t\t\t&#8211; Valor DOU: 18 horas<br \/>\t\t\t<strong>Dimensiones y peso<\/strong><br \/>\t\t\t&#8211; 168,29 &times; 76,67 &times; 8,32<br \/>\t\t\t&#8211; 190 g<br \/>\t\t\t<strong>Contenido<br \/>\t\t\t&#8211; <\/strong>Cargador de 5V2A<br \/>\t\t\t&#8211; Cable USB tipo C<br \/>\t\t\t&#8211; Gu&iacute;a r&aacute;pida e info de seguridad<br \/>\t\t\t&#8211; Extractor de bandeja SIM<\/td>\n<\/tr>\n<tr>\n<td valign=\"top\"><strong>Fecha de revisi&oacute;n<\/strong><\/td>\n<td>04-09-2024 por RTY<\/td>\n<\/tr>\n<\/table>\n","protected":false},"excerpt":{"rendered":"<p>Marca TCL Modelo T509K3-2ALCA112 Procesador &#8211; CPU :4xA53 a 2,2 GHz + 4xA53 a 1,6 GHz &#8211; GPU: IMG GE8320 680 MHz Sistema operativo &#8211; Android 14 Memoria &#8211; RAM: 6 GB (+ 4GB RAM Expansi&oacute;n) &#8211; Memoria Interna: 256 GB *El almacenamiento interno real disponible puede variar seg&uacute;n el software preinstalado. **La tarjeta MicroSD&hellip;&nbsp;<a href=\"https:\/\/aivlisoft.net\/shop\/producto\/tcl-505-6-75-hd-90hz-6gb4gb-256gb-space-grey\/\" rel=\"bookmark\"><span class=\"screen-reader-text\">TCL 505 6.75&#8243; HD+ 90Hz 6GB(+4GB) 256GB Space Grey<\/span><\/a><\/p>\n","protected":false},"featured_media":22133,"template":"","meta":{"neve_meta_sidebar":"","neve_meta_container":"","neve_meta_enable_content_width":"","neve_meta_content_width":0,"neve_meta_title_alignment":"","neve_meta_author_avatar":"","neve_post_elements_order":"","neve_meta_disable_header":"","neve_meta_disable_footer":"","neve_meta_disable_title":""},"product_brand":[],"product_cat":[15,8682],"product_tag":[7828],"class_list":{"0":"post-22132","1":"product","2":"type-product","3":"status-publish","4":"has-post-thumbnail","6":"product_cat-sin-categorizar","7":"product_cat-telefonia-y-tablets","8":"product_tag-t509k3-2alca112","10":"first","11":"instock","12":"taxable","13":"shipping-taxable","14":"purchasable","15":"product-type-simple"},"yoast_head":"<!-- This site is optimized with the Yoast SEO plugin v26.0 - https:\/\/yoast.com\/wordpress\/plugins\/seo\/ -->\n<title>TCL 505 6.75&quot; HD+ 90Hz 6GB(+4GB) 256GB Space Grey - Aivlisoft Inform\u00e1tica<\/title>\n<meta name=\"robots\" content=\"index, follow, max-snippet:-1, max-image-preview:large, max-video-preview:-1\" \/>\n<link rel=\"canonical\" href=\"https:\/\/aivlisoft.net\/shop\/producto\/tcl-505-6-75-hd-90hz-6gb4gb-256gb-space-grey\/\" \/>\n<meta property=\"og:locale\" content=\"es_ES\" \/>\n<meta property=\"og:type\" content=\"article\" \/>\n<meta property=\"og:title\" content=\"TCL 505 6.75&quot; HD+ 90Hz 6GB(+4GB) 256GB Space Grey - Aivlisoft Inform\u00e1tica\" \/>\n<meta property=\"og:description\" content=\"Marca TCL Modelo T509K3-2ALCA112 Procesador &#8211; CPU :4xA53 a 2,2 GHz + 4xA53 a 1,6 GHz &#8211; GPU: IMG GE8320 680 MHz Sistema operativo &#8211; Android 14 Memoria &#8211; RAM: 6 GB (+ 4GB RAM Expansi&oacute;n) &#8211; Memoria Interna: 256 GB *El almacenamiento interno real disponible puede variar seg&uacute;n el software preinstalado. **La tarjeta MicroSD&hellip;&nbsp;TCL 505 6.75&#8243; HD+ 90Hz 6GB(+4GB) 256GB Space Grey\" \/>\n<meta property=\"og:url\" content=\"https:\/\/aivlisoft.net\/shop\/producto\/tcl-505-6-75-hd-90hz-6gb4gb-256gb-space-grey\/\" \/>\n<meta property=\"og:site_name\" content=\"Aivlisoft Inform\u00e1tica\" \/>\n<meta property=\"article:modified_time\" content=\"2025-01-14T13:56:07+00:00\" \/>\n<meta property=\"og:image\" content=\"https:\/\/aivlisoft.net\/shop\/wp-content\/uploads\/2025\/01\/NTETMO2533_800.jpg\" \/>\n\t<meta property=\"og:image:width\" content=\"800\" \/>\n\t<meta property=\"og:image:height\" content=\"800\" \/>\n\t<meta property=\"og:image:type\" content=\"image\/jpeg\" \/>\n<meta name=\"twitter:card\" content=\"summary_large_image\" \/>\n<meta name=\"twitter:label1\" content=\"Tiempo de lectura\" \/>\n\t<meta name=\"twitter:data1\" content=\"3 minutos\" \/>\n<script type=\"application\/ld+json\" class=\"yoast-schema-graph\">{\"@context\":\"https:\/\/schema.org\",\"@graph\":[{\"@type\":\"WebPage\",\"@id\":\"https:\/\/aivlisoft.net\/shop\/producto\/tcl-505-6-75-hd-90hz-6gb4gb-256gb-space-grey\/\",\"url\":\"https:\/\/aivlisoft.net\/shop\/producto\/tcl-505-6-75-hd-90hz-6gb4gb-256gb-space-grey\/\",\"name\":\"TCL 505 6.75\\\" HD+ 90Hz 6GB(+4GB) 256GB Space Grey - Aivlisoft Inform\u00e1tica\",\"isPartOf\":{\"@id\":\"https:\/\/aivlisoft.net\/shop\/#website\"},\"primaryImageOfPage\":{\"@id\":\"https:\/\/aivlisoft.net\/shop\/producto\/tcl-505-6-75-hd-90hz-6gb4gb-256gb-space-grey\/#primaryimage\"},\"image\":{\"@id\":\"https:\/\/aivlisoft.net\/shop\/producto\/tcl-505-6-75-hd-90hz-6gb4gb-256gb-space-grey\/#primaryimage\"},\"thumbnailUrl\":\"https:\/\/aivlisoft.net\/shop\/wp-content\/uploads\/2025\/01\/NTETMO2533_800.jpg\",\"datePublished\":\"2025-01-13T16:02:28+00:00\",\"dateModified\":\"2025-01-14T13:56:07+00:00\",\"breadcrumb\":{\"@id\":\"https:\/\/aivlisoft.net\/shop\/producto\/tcl-505-6-75-hd-90hz-6gb4gb-256gb-space-grey\/#breadcrumb\"},\"inLanguage\":\"es\",\"potentialAction\":[{\"@type\":\"ReadAction\",\"target\":[\"https:\/\/aivlisoft.net\/shop\/producto\/tcl-505-6-75-hd-90hz-6gb4gb-256gb-space-grey\/\"]}]},{\"@type\":\"ImageObject\",\"inLanguage\":\"es\",\"@id\":\"https:\/\/aivlisoft.net\/shop\/producto\/tcl-505-6-75-hd-90hz-6gb4gb-256gb-space-grey\/#primaryimage\",\"url\":\"https:\/\/aivlisoft.net\/shop\/wp-content\/uploads\/2025\/01\/NTETMO2533_800.jpg\",\"contentUrl\":\"https:\/\/aivlisoft.net\/shop\/wp-content\/uploads\/2025\/01\/NTETMO2533_800.jpg\",\"width\":800,\"height\":800},{\"@type\":\"BreadcrumbList\",\"@id\":\"https:\/\/aivlisoft.net\/shop\/producto\/tcl-505-6-75-hd-90hz-6gb4gb-256gb-space-grey\/#breadcrumb\",\"itemListElement\":[{\"@type\":\"ListItem\",\"position\":1,\"name\":\"Portada\",\"item\":\"https:\/\/aivlisoft.net\/shop\/\"},{\"@type\":\"ListItem\",\"position\":2,\"name\":\"Tienda\",\"item\":\"https:\/\/aivlisoft.net\/shop\/tienda\/\"},{\"@type\":\"ListItem\",\"position\":3,\"name\":\"TCL 505 6.75&#8243; HD+ 90Hz 6GB(+4GB) 256GB Space Grey\"}]},{\"@type\":\"WebSite\",\"@id\":\"https:\/\/aivlisoft.net\/shop\/#website\",\"url\":\"https:\/\/aivlisoft.net\/shop\/\",\"name\":\"Aivlisoft Inform\u00e1tica\",\"description\":\"En Aivlisoft Inform\u00e1tica ofrecemos soluciones tecnol\u00f3gicas para empresas: venta de ordenadores, consumibles, perif\u00e9ricos y m\u00e1s. Calidad, atenci\u00f3n personalizada y los mejores precios para tu negocio.\",\"publisher\":{\"@id\":\"https:\/\/aivlisoft.net\/shop\/#organization\"},\"potentialAction\":[{\"@type\":\"SearchAction\",\"target\":{\"@type\":\"EntryPoint\",\"urlTemplate\":\"https:\/\/aivlisoft.net\/shop\/?s={search_term_string}\"},\"query-input\":{\"@type\":\"PropertyValueSpecification\",\"valueRequired\":true,\"valueName\":\"search_term_string\"}}],\"inLanguage\":\"es\"},{\"@type\":\"Organization\",\"@id\":\"https:\/\/aivlisoft.net\/shop\/#organization\",\"name\":\"Aivlisoft Inform\u00e1tica\",\"url\":\"https:\/\/aivlisoft.net\/shop\/\",\"logo\":{\"@type\":\"ImageObject\",\"inLanguage\":\"es\",\"@id\":\"https:\/\/aivlisoft.net\/shop\/#\/schema\/logo\/image\/\",\"url\":\"https:\/\/aivlisoft.net\/shop\/wp-content\/uploads\/2024\/12\/removal.ai_5b848c54-0cdf-4140-95c5-c5536bb7573b-logodef.png\",\"contentUrl\":\"https:\/\/aivlisoft.net\/shop\/wp-content\/uploads\/2024\/12\/removal.ai_5b848c54-0cdf-4140-95c5-c5536bb7573b-logodef.png\",\"width\":484,\"height\":182,\"caption\":\"Aivlisoft Inform\u00e1tica\"},\"image\":{\"@id\":\"https:\/\/aivlisoft.net\/shop\/#\/schema\/logo\/image\/\"}}]}<\/script>\n<!-- \/ Yoast SEO plugin. -->","yoast_head_json":{"title":"TCL 505 6.75\" HD+ 90Hz 6GB(+4GB) 256GB Space Grey - Aivlisoft Inform\u00e1tica","robots":{"index":"index","follow":"follow","max-snippet":"max-snippet:-1","max-image-preview":"max-image-preview:large","max-video-preview":"max-video-preview:-1"},"canonical":"https:\/\/aivlisoft.net\/shop\/producto\/tcl-505-6-75-hd-90hz-6gb4gb-256gb-space-grey\/","og_locale":"es_ES","og_type":"article","og_title":"TCL 505 6.75\" HD+ 90Hz 6GB(+4GB) 256GB Space Grey - Aivlisoft Inform\u00e1tica","og_description":"Marca TCL Modelo T509K3-2ALCA112 Procesador &#8211; CPU :4xA53 a 2,2 GHz + 4xA53 a 1,6 GHz &#8211; GPU: IMG GE8320 680 MHz Sistema operativo &#8211; Android 14 Memoria &#8211; RAM: 6 GB (+ 4GB RAM Expansi&oacute;n) &#8211; Memoria Interna: 256 GB *El almacenamiento interno real disponible puede variar seg&uacute;n el software preinstalado. **La tarjeta MicroSD&hellip;&nbsp;TCL 505 6.75&#8243; HD+ 90Hz 6GB(+4GB) 256GB Space Grey","og_url":"https:\/\/aivlisoft.net\/shop\/producto\/tcl-505-6-75-hd-90hz-6gb4gb-256gb-space-grey\/","og_site_name":"Aivlisoft Inform\u00e1tica","article_modified_time":"2025-01-14T13:56:07+00:00","og_image":[{"width":800,"height":800,"url":"https:\/\/aivlisoft.net\/shop\/wp-content\/uploads\/2025\/01\/NTETMO2533_800.jpg","type":"image\/jpeg"}],"twitter_card":"summary_large_image","twitter_misc":{"Tiempo de lectura":"3 minutos"},"schema":{"@context":"https:\/\/schema.org","@graph":[{"@type":"WebPage","@id":"https:\/\/aivlisoft.net\/shop\/producto\/tcl-505-6-75-hd-90hz-6gb4gb-256gb-space-grey\/","url":"https:\/\/aivlisoft.net\/shop\/producto\/tcl-505-6-75-hd-90hz-6gb4gb-256gb-space-grey\/","name":"TCL 505 6.75\" HD+ 90Hz 6GB(+4GB) 256GB Space Grey - Aivlisoft Inform\u00e1tica","isPartOf":{"@id":"https:\/\/aivlisoft.net\/shop\/#website"},"primaryImageOfPage":{"@id":"https:\/\/aivlisoft.net\/shop\/producto\/tcl-505-6-75-hd-90hz-6gb4gb-256gb-space-grey\/#primaryimage"},"image":{"@id":"https:\/\/aivlisoft.net\/shop\/producto\/tcl-505-6-75-hd-90hz-6gb4gb-256gb-space-grey\/#primaryimage"},"thumbnailUrl":"https:\/\/aivlisoft.net\/shop\/wp-content\/uploads\/2025\/01\/NTETMO2533_800.jpg","datePublished":"2025-01-13T16:02:28+00:00","dateModified":"2025-01-14T13:56:07+00:00","breadcrumb":{"@id":"https:\/\/aivlisoft.net\/shop\/producto\/tcl-505-6-75-hd-90hz-6gb4gb-256gb-space-grey\/#breadcrumb"},"inLanguage":"es","potentialAction":[{"@type":"ReadAction","target":["https:\/\/aivlisoft.net\/shop\/producto\/tcl-505-6-75-hd-90hz-6gb4gb-256gb-space-grey\/"]}]},{"@type":"ImageObject","inLanguage":"es","@id":"https:\/\/aivlisoft.net\/shop\/producto\/tcl-505-6-75-hd-90hz-6gb4gb-256gb-space-grey\/#primaryimage","url":"https:\/\/aivlisoft.net\/shop\/wp-content\/uploads\/2025\/01\/NTETMO2533_800.jpg","contentUrl":"https:\/\/aivlisoft.net\/shop\/wp-content\/uploads\/2025\/01\/NTETMO2533_800.jpg","width":800,"height":800},{"@type":"BreadcrumbList","@id":"https:\/\/aivlisoft.net\/shop\/producto\/tcl-505-6-75-hd-90hz-6gb4gb-256gb-space-grey\/#breadcrumb","itemListElement":[{"@type":"ListItem","position":1,"name":"Portada","item":"https:\/\/aivlisoft.net\/shop\/"},{"@type":"ListItem","position":2,"name":"Tienda","item":"https:\/\/aivlisoft.net\/shop\/tienda\/"},{"@type":"ListItem","position":3,"name":"TCL 505 6.75&#8243; HD+ 90Hz 6GB(+4GB) 256GB Space Grey"}]},{"@type":"WebSite","@id":"https:\/\/aivlisoft.net\/shop\/#website","url":"https:\/\/aivlisoft.net\/shop\/","name":"Aivlisoft Inform\u00e1tica","description":"En Aivlisoft Inform\u00e1tica ofrecemos soluciones tecnol\u00f3gicas para empresas: venta de ordenadores, consumibles, perif\u00e9ricos y m\u00e1s. Calidad, atenci\u00f3n personalizada y los mejores precios para tu negocio.","publisher":{"@id":"https:\/\/aivlisoft.net\/shop\/#organization"},"potentialAction":[{"@type":"SearchAction","target":{"@type":"EntryPoint","urlTemplate":"https:\/\/aivlisoft.net\/shop\/?s={search_term_string}"},"query-input":{"@type":"PropertyValueSpecification","valueRequired":true,"valueName":"search_term_string"}}],"inLanguage":"es"},{"@type":"Organization","@id":"https:\/\/aivlisoft.net\/shop\/#organization","name":"Aivlisoft Inform\u00e1tica","url":"https:\/\/aivlisoft.net\/shop\/","logo":{"@type":"ImageObject","inLanguage":"es","@id":"https:\/\/aivlisoft.net\/shop\/#\/schema\/logo\/image\/","url":"https:\/\/aivlisoft.net\/shop\/wp-content\/uploads\/2024\/12\/removal.ai_5b848c54-0cdf-4140-95c5-c5536bb7573b-logodef.png","contentUrl":"https:\/\/aivlisoft.net\/shop\/wp-content\/uploads\/2024\/12\/removal.ai_5b848c54-0cdf-4140-95c5-c5536bb7573b-logodef.png","width":484,"height":182,"caption":"Aivlisoft Inform\u00e1tica"},"image":{"@id":"https:\/\/aivlisoft.net\/shop\/#\/schema\/logo\/image\/"}}]}},"_links":{"self":[{"href":"https:\/\/aivlisoft.net\/shop\/wp-json\/wp\/v2\/product\/22132","targetHints":{"allow":["GET"]}}],"collection":[{"href":"https:\/\/aivlisoft.net\/shop\/wp-json\/wp\/v2\/product"}],"about":[{"href":"https:\/\/aivlisoft.net\/shop\/wp-json\/wp\/v2\/types\/product"}],"wp:featuredmedia":[{"embeddable":true,"href":"https:\/\/aivlisoft.net\/shop\/wp-json\/wp\/v2\/media\/22133"}],"wp:attachment":[{"href":"https:\/\/aivlisoft.net\/shop\/wp-json\/wp\/v2\/media?parent=22132"}],"wp:term":[{"taxonomy":"product_brand","embeddable":true,"href":"https:\/\/aivlisoft.net\/shop\/wp-json\/wp\/v2\/product_brand?post=22132"},{"taxonomy":"product_cat","embeddable":true,"href":"https:\/\/aivlisoft.net\/shop\/wp-json\/wp\/v2\/product_cat?post=22132"},{"taxonomy":"product_tag","embeddable":true,"href":"https:\/\/aivlisoft.net\/shop\/wp-json\/wp\/v2\/product_tag?post=22132"}],"curies":[{"name":"wp","href":"https:\/\/api.w.org\/{rel}","templated":true}]}}