{"id":21942,"date":"2025-01-13T16:00:01","date_gmt":"2025-01-13T16:00:01","guid":{"rendered":"https:\/\/aivlisoft.com\/?post_type=product&#038;p=21942"},"modified":"2025-01-14T14:09:33","modified_gmt":"2025-01-14T14:09:33","slug":"tcl-505-6-75-hd-90hz-4gb4gb-128gb-space-grey","status":"publish","type":"product","link":"https:\/\/aivlisoft.net\/shop\/producto\/tcl-505-6-75-hd-90hz-4gb4gb-128gb-space-grey\/","title":{"rendered":"TCL 505 6.75&#8243; HD+ 90Hz 4GB(+4GB) 128GB Space Grey"},"content":{"rendered":"<p><\/p>\n<table class=\"tabla_caracteristicas\" width=\"100%\">\n<tr>\n<td valign=\"top\"><strong>Marca<\/strong><\/td>\n<td>TCL<\/td>\n<\/tr>\n<tr>\n<td valign=\"top\"><strong>Modelo<\/strong><\/td>\n<td valign=\"top\"><strong>T509K1-2ALCA112<\/strong><\/td>\n<\/tr>\n<tr>\n<td valign=\"top\"><strong>Procesador<\/strong><\/td>\n<td>&#8211; Chipset: MTK G36 (MT6765X)<br \/>\t\t\t&#8211; CPU: 4xA53@ 2.2GHz+4xA53@ 1.6GHz<br \/>\t\t\t&#8211; GPU: IMG GE8320 680MHz<\/td>\n<\/tr>\n<tr>\n<td valign=\"top\"><strong>Sistema operativo<\/strong><\/td>\n<td>&#8211; &nbsp;Android 14 (1 actualizaci&oacute;n del SO a Android 15)<\/td>\n<\/tr>\n<tr>\n<td valign=\"top\"><strong>Memoria<\/strong><\/td>\n<td>&#8211; RAM: <strong>8 GB<\/strong> (4GB + 4GB RAM Expansi&oacute;n)<br \/>\t\t\t&#8211; Memoria Interna: <strong>128 GB<\/strong><br \/>\t\t\t&#8211; Memoria Disponible*: 101 GB<br \/>\t\t\t&#8211; Tarjeta microSD: microSD hasta 512 GB<br \/>\t\t\t* El almacenamiento interno disponible depende del software preinstalado.<\/td>\n<\/tr>\n<tr>\n<td valign=\"top\"><strong>Pantalla<\/strong><\/td>\n<td>&#8211; Tama&ntilde;o: Pantalla NXTVISION de<strong> 6,75&rdquo;<\/strong><br \/>\t\t\t&#8211; Relaci&oacute;n de visualizaci&oacute;n 20:9<br \/>\t\t\t&#8211; Relaci&oacute;n pantalla-cuerpo 90,08 %*<br \/>\t\t\t&#8211; Relaci&oacute;n de contraste 1500: 1 (t&iacute;p.)<br \/>\t\t\t&#8211; Gama de colores NTSC 70% (t&iacute;p.)<br \/>\t\t\t&#8211; Brillo 400 nits (t&iacute;p.)<br \/>\t\t\t* Relaci&oacute;n pantalla-cuerpo calculada con el m&eacute;todo VA\/TP<\/td>\n<\/tr>\n<tr>\n<td valign=\"top\"><strong>C&aacute;mara<\/strong><\/td>\n<td><strong>C&aacute;mara trasera<\/strong><br \/>\t\t\t&#8211; <strong>50 MP<\/strong>: Principal + Macro (2 en 1)<br \/>\t\t\t&nbsp; PDAF<br \/>\t\t\t&nbsp; Tama&ntilde;o del sensor 1\/2,55&#8243;<br \/>\t\t\t&nbsp; Tama&ntilde;o de p&iacute;xel 0,7&mu;m,<br \/>\t\t\t&nbsp; Apertura F1,8<br \/>\t\t\t&nbsp; Campo de visi&oacute;n 79,4&deg;<br \/>\t\t\t&nbsp; Lente 5P<br \/>\t\t\t&#8211; C&aacute;mara de profundidad de 2 MP:<br \/>\t\t\t&nbsp;&nbsp; FF<br \/>\t\t\t&nbsp; Tama&ntilde;o de sensor 1\/5&#8243;<br \/>\t\t\t&nbsp; Tama&ntilde;o de p&iacute;xel 1,75&mu;m<br \/>\t\t\t&nbsp; Apertura F2,4<br \/>\t\t\t&nbsp; Campo de visi&oacute;n 88,8&deg;<br \/>\t\t\t&nbsp; Objetivo 3P<br \/>\t\t\t&nbsp; Flash de la c&aacute;mara: Un solo tono<br \/>\t\t\t&#8211; Captura de v&iacute;deo : 1080P @30FPS<br \/>\t\t\t&nbsp; Reproducci&oacute;n de v&iacute;deo : 1080P @30FPS<br \/>\t\t\t&nbsp; Caracter&iacute;sticas: Bokeh, HDR, Panorama, Detecci&oacute;n de escenas IA, Detecci&oacute;n de rostros<br \/>\t\t\t<strong>C&aacute;mara frontal<\/strong><br \/>\t\t\t&#8211; <strong>5 MP <\/strong><br \/>\t\t\t&nbsp; FF<br \/>\t\t\t&nbsp;Tama&ntilde;o de sensor 1\/5&#8243;<br \/>\t\t\t&nbsp; Tama&ntilde;o de p&iacute;xel 1,12&mu;m<br \/>\t\t\t&nbsp; Apertura F2.2<br \/>\t\t\t&nbsp; Campo de visi&oacute;n 76,8&deg;<br \/>\t\t\t&nbsp; Objetivo 3P<br \/>\t\t\t&#8211; Captura de v&iacute;deo : 1080p@30fps<br \/>\t\t\t&nbsp; Reproducci&oacute;n de v&iacute;deo : 1080p@30fps<br \/>\t\t\t&nbsp; Caracter&iacute;sticas : HDR, Modo belleza<br \/>\t\t\t<strong>V&iacute;deo<\/strong><br \/>\t\t\t&#8211; Captura y reproducci&oacute;n de v&iacute;deo 1080P@30fps<\/td>\n<\/tr>\n<tr>\n<td valign=\"top\"><strong>Conectividad<\/strong><\/td>\n<td>&#8211; Wi-Fi 802.11a\/b\/g\/n\/ac, 2.4GHz&amp;5GHz<br \/>\t\t\t&#8211; Wi-Fi direct<br \/>\t\t\t&#8211; Display<br \/>\t\t\t&#8211; VoLTE, VoWiFi<br \/>\t\t\t&#8211; Versi&oacute;n Bluetooth: 5.1<br \/>\t\t\t&#8211; Conector de audio: 3.5mm<br \/>\t\t\t&#8211; NFC<\/td>\n<\/tr>\n<tr>\n<td valign=\"top\"><strong>Redes\/Bandas<\/strong><\/td>\n<td>&#8211; Dual SIM: 2 Nano SIM + 1 Tarjeta microSD<br \/>\t\t\t&#8211; Datos 4G: Cat 4 DL 150Mbit\/s, UL 50Mbit\/s<br \/>\t\t\t&#8211; Datos 3G: HSPA+ (42M bit\/s DL, 11Mbit\/s UL)<br \/>\t\t\t&#8211; Datos 2G: GPRS\/EDGE<br \/>\t\t\t&#8211; Bandas 4G: B1\/3\/5\/7\/8\/20\/26\/28\/38\/40\/41 (2496-2690MHz )<br \/>\t\t\t&#8211; Bandas 3G: B1\/2\/5\/8<br \/>\t\t\t&#8211; Bandas 2G:<br \/>\t\t\t&nbsp; 850\/900\/1800\/1900<\/td>\n<\/tr>\n<tr>\n<td valign=\"top\"><strong>Otras <\/strong><br \/>\t\t\t<strong>caracter&iacute;sticas<\/strong><\/td>\n<td><strong>Sensores<\/strong><br \/>\t\t\t&#8211; Localizaci&oacute;n : BDS\/GPS\/Glonass\/Galileo, con A-GPS<br \/>\t\t\t&#8211; Otros: Aceler&oacute;metro (sensor G), Proximidad mediante soluci&oacute;n de software<br \/>\t\t\t<strong>Audio y v&iacute;deo<\/strong><br \/>\t\t\t&#8211; Formatos de reproducci&oacute;n de audio:<br \/>\t\t\t&nbsp; AAC, HE-AAC v1, HE-AAC v2, AMR, AWB, MIDI, MP3,<br \/>\t\t\t&nbsp; OGG VORBIS, WAV(Alaw\/Ulaw), WAV(Raw), FLAC,<br \/>\t\t\t&nbsp; OPUS<br \/>\t\t\t&#8211; Formatos de reproducci&oacute;n de v&iacute;deo:<br \/>\t\t\t&nbsp; MPEG2, H.263, MPEG4, H.264, H.265, VP8, VP9<br \/>\t\t\t&#8211; 2 x Altavoces<br \/>\t\t\t&nbsp; Cancelaci&oacute;n de ruido: Por defecto No, opcional<br \/>\t\t\t&#8211; Auriculares compatibles: LRGM<br \/>\t\t\t&#8211; Otros: Volumen alto (200%)<br \/>\t\t\t<strong>Seguridad<\/strong><br \/>\t\t\t&#8211; Desbloqueo facia<br \/>\t\t\t<strong>Bater&iacute;a<\/strong><br \/>\t\t\t&#8211; Capacidad: 5010 mAh<br \/>\t\t\t&#8211; Cargador 10W, 5V2A Tipo-C USB 2.0<br \/>\t\t\t&#8211; Tiempo de carga (Horas): 3<br \/>\t\t\t&#8211; Valor DOU (Horas): 18<br \/>\t\t\t<strong>Dimensiones y peso<\/strong><br \/>\t\t\t&#8211; 168.29 x 76.67 x 8.32 mm<br \/>\t\t\t&#8211; 190 g<br \/>\t\t\t<strong>Contiene<\/strong><br \/>\t\t\t&#8211; Cargador<br \/>\t\t\t&#8211; Cable Tipo-C 2.0<br \/>\t\t\t&#8211; Gu&iacute;a r&aacute;pida usuario<br \/>\t\t\t&#8211; Herramienta extractora SIM<\/td>\n<\/tr>\n<tr>\n<td valign=\"top\"><strong>Fecha de revisi&oacute;n<\/strong><\/td>\n<td>15-03-2024 por RTY<\/td>\n<\/tr>\n<\/table>\n","protected":false},"excerpt":{"rendered":"<p>Marca TCL Modelo T509K1-2ALCA112 Procesador &#8211; Chipset: MTK G36 (MT6765X) &#8211; CPU: 4xA53@ 2.2GHz+4xA53@ 1.6GHz &#8211; GPU: IMG GE8320 680MHz Sistema operativo &#8211; &nbsp;Android 14 (1 actualizaci&oacute;n del SO a Android 15) Memoria &#8211; RAM: 8 GB (4GB + 4GB RAM Expansi&oacute;n) &#8211; Memoria Interna: 128 GB &#8211; Memoria Disponible*: 101 GB &#8211; Tarjeta microSD:&hellip;&nbsp;<a href=\"https:\/\/aivlisoft.net\/shop\/producto\/tcl-505-6-75-hd-90hz-4gb4gb-128gb-space-grey\/\" rel=\"bookmark\"><span class=\"screen-reader-text\">TCL 505 6.75&#8243; HD+ 90Hz 4GB(+4GB) 128GB Space Grey<\/span><\/a><\/p>\n","protected":false},"featured_media":21943,"template":"","meta":{"neve_meta_sidebar":"","neve_meta_container":"","neve_meta_enable_content_width":"","neve_meta_content_width":0,"neve_meta_title_alignment":"","neve_meta_author_avatar":"","neve_post_elements_order":"","neve_meta_disable_header":"","neve_meta_disable_footer":"","neve_meta_disable_title":""},"product_brand":[],"product_cat":[15,8682],"product_tag":[7778],"class_list":{"0":"post-21942","1":"product","2":"type-product","3":"status-publish","4":"has-post-thumbnail","6":"product_cat-sin-categorizar","7":"product_cat-telefonia-y-tablets","8":"product_tag-t509k1-2alca112","10":"first","11":"instock","12":"taxable","13":"shipping-taxable","14":"purchasable","15":"product-type-simple"},"yoast_head":"<!-- This site is optimized with the Yoast SEO plugin v26.0 - https:\/\/yoast.com\/wordpress\/plugins\/seo\/ -->\n<title>TCL 505 6.75&quot; HD+ 90Hz 4GB(+4GB) 128GB Space Grey - Aivlisoft Inform\u00e1tica<\/title>\n<meta name=\"robots\" content=\"index, follow, max-snippet:-1, max-image-preview:large, max-video-preview:-1\" \/>\n<link rel=\"canonical\" href=\"https:\/\/aivlisoft.net\/shop\/producto\/tcl-505-6-75-hd-90hz-4gb4gb-128gb-space-grey\/\" \/>\n<meta property=\"og:locale\" content=\"es_ES\" \/>\n<meta property=\"og:type\" content=\"article\" \/>\n<meta property=\"og:title\" content=\"TCL 505 6.75&quot; HD+ 90Hz 4GB(+4GB) 128GB Space Grey - Aivlisoft Inform\u00e1tica\" \/>\n<meta property=\"og:description\" content=\"Marca TCL Modelo T509K1-2ALCA112 Procesador &#8211; Chipset: MTK G36 (MT6765X) &#8211; CPU: 4xA53@ 2.2GHz+4xA53@ 1.6GHz &#8211; GPU: IMG GE8320 680MHz Sistema operativo &#8211; &nbsp;Android 14 (1 actualizaci&oacute;n del SO a Android 15) Memoria &#8211; RAM: 8 GB (4GB + 4GB RAM Expansi&oacute;n) &#8211; Memoria Interna: 128 GB &#8211; Memoria Disponible*: 101 GB &#8211; Tarjeta microSD:&hellip;&nbsp;TCL 505 6.75&#8243; HD+ 90Hz 4GB(+4GB) 128GB Space Grey\" \/>\n<meta property=\"og:url\" content=\"https:\/\/aivlisoft.net\/shop\/producto\/tcl-505-6-75-hd-90hz-4gb4gb-128gb-space-grey\/\" \/>\n<meta property=\"og:site_name\" content=\"Aivlisoft Inform\u00e1tica\" \/>\n<meta property=\"article:modified_time\" content=\"2025-01-14T14:09:33+00:00\" \/>\n<meta property=\"og:image\" content=\"https:\/\/aivlisoft.net\/shop\/wp-content\/uploads\/2025\/01\/NTETMO2442_800.jpg\" \/>\n\t<meta property=\"og:image:width\" content=\"800\" \/>\n\t<meta property=\"og:image:height\" content=\"800\" \/>\n\t<meta property=\"og:image:type\" content=\"image\/jpeg\" \/>\n<meta name=\"twitter:card\" content=\"summary_large_image\" \/>\n<meta name=\"twitter:label1\" content=\"Tiempo de lectura\" \/>\n\t<meta name=\"twitter:data1\" content=\"3 minutos\" \/>\n<script type=\"application\/ld+json\" class=\"yoast-schema-graph\">{\"@context\":\"https:\/\/schema.org\",\"@graph\":[{\"@type\":\"WebPage\",\"@id\":\"https:\/\/aivlisoft.net\/shop\/producto\/tcl-505-6-75-hd-90hz-4gb4gb-128gb-space-grey\/\",\"url\":\"https:\/\/aivlisoft.net\/shop\/producto\/tcl-505-6-75-hd-90hz-4gb4gb-128gb-space-grey\/\",\"name\":\"TCL 505 6.75\\\" HD+ 90Hz 4GB(+4GB) 128GB Space Grey - Aivlisoft Inform\u00e1tica\",\"isPartOf\":{\"@id\":\"https:\/\/aivlisoft.net\/shop\/#website\"},\"primaryImageOfPage\":{\"@id\":\"https:\/\/aivlisoft.net\/shop\/producto\/tcl-505-6-75-hd-90hz-4gb4gb-128gb-space-grey\/#primaryimage\"},\"image\":{\"@id\":\"https:\/\/aivlisoft.net\/shop\/producto\/tcl-505-6-75-hd-90hz-4gb4gb-128gb-space-grey\/#primaryimage\"},\"thumbnailUrl\":\"https:\/\/aivlisoft.net\/shop\/wp-content\/uploads\/2025\/01\/NTETMO2442_800.jpg\",\"datePublished\":\"2025-01-13T16:00:01+00:00\",\"dateModified\":\"2025-01-14T14:09:33+00:00\",\"breadcrumb\":{\"@id\":\"https:\/\/aivlisoft.net\/shop\/producto\/tcl-505-6-75-hd-90hz-4gb4gb-128gb-space-grey\/#breadcrumb\"},\"inLanguage\":\"es\",\"potentialAction\":[{\"@type\":\"ReadAction\",\"target\":[\"https:\/\/aivlisoft.net\/shop\/producto\/tcl-505-6-75-hd-90hz-4gb4gb-128gb-space-grey\/\"]}]},{\"@type\":\"ImageObject\",\"inLanguage\":\"es\",\"@id\":\"https:\/\/aivlisoft.net\/shop\/producto\/tcl-505-6-75-hd-90hz-4gb4gb-128gb-space-grey\/#primaryimage\",\"url\":\"https:\/\/aivlisoft.net\/shop\/wp-content\/uploads\/2025\/01\/NTETMO2442_800.jpg\",\"contentUrl\":\"https:\/\/aivlisoft.net\/shop\/wp-content\/uploads\/2025\/01\/NTETMO2442_800.jpg\",\"width\":800,\"height\":800},{\"@type\":\"BreadcrumbList\",\"@id\":\"https:\/\/aivlisoft.net\/shop\/producto\/tcl-505-6-75-hd-90hz-4gb4gb-128gb-space-grey\/#breadcrumb\",\"itemListElement\":[{\"@type\":\"ListItem\",\"position\":1,\"name\":\"Portada\",\"item\":\"https:\/\/aivlisoft.net\/shop\/\"},{\"@type\":\"ListItem\",\"position\":2,\"name\":\"Tienda\",\"item\":\"https:\/\/aivlisoft.net\/shop\/tienda\/\"},{\"@type\":\"ListItem\",\"position\":3,\"name\":\"TCL 505 6.75&#8243; HD+ 90Hz 4GB(+4GB) 128GB Space Grey\"}]},{\"@type\":\"WebSite\",\"@id\":\"https:\/\/aivlisoft.net\/shop\/#website\",\"url\":\"https:\/\/aivlisoft.net\/shop\/\",\"name\":\"Aivlisoft Inform\u00e1tica\",\"description\":\"En Aivlisoft Inform\u00e1tica ofrecemos soluciones tecnol\u00f3gicas para empresas: venta de ordenadores, consumibles, perif\u00e9ricos y m\u00e1s. Calidad, atenci\u00f3n personalizada y los mejores precios para tu negocio.\",\"publisher\":{\"@id\":\"https:\/\/aivlisoft.net\/shop\/#organization\"},\"potentialAction\":[{\"@type\":\"SearchAction\",\"target\":{\"@type\":\"EntryPoint\",\"urlTemplate\":\"https:\/\/aivlisoft.net\/shop\/?s={search_term_string}\"},\"query-input\":{\"@type\":\"PropertyValueSpecification\",\"valueRequired\":true,\"valueName\":\"search_term_string\"}}],\"inLanguage\":\"es\"},{\"@type\":\"Organization\",\"@id\":\"https:\/\/aivlisoft.net\/shop\/#organization\",\"name\":\"Aivlisoft Inform\u00e1tica\",\"url\":\"https:\/\/aivlisoft.net\/shop\/\",\"logo\":{\"@type\":\"ImageObject\",\"inLanguage\":\"es\",\"@id\":\"https:\/\/aivlisoft.net\/shop\/#\/schema\/logo\/image\/\",\"url\":\"https:\/\/aivlisoft.net\/shop\/wp-content\/uploads\/2024\/12\/removal.ai_5b848c54-0cdf-4140-95c5-c5536bb7573b-logodef.png\",\"contentUrl\":\"https:\/\/aivlisoft.net\/shop\/wp-content\/uploads\/2024\/12\/removal.ai_5b848c54-0cdf-4140-95c5-c5536bb7573b-logodef.png\",\"width\":484,\"height\":182,\"caption\":\"Aivlisoft Inform\u00e1tica\"},\"image\":{\"@id\":\"https:\/\/aivlisoft.net\/shop\/#\/schema\/logo\/image\/\"}}]}<\/script>\n<!-- \/ Yoast SEO plugin. -->","yoast_head_json":{"title":"TCL 505 6.75\" HD+ 90Hz 4GB(+4GB) 128GB Space Grey - Aivlisoft Inform\u00e1tica","robots":{"index":"index","follow":"follow","max-snippet":"max-snippet:-1","max-image-preview":"max-image-preview:large","max-video-preview":"max-video-preview:-1"},"canonical":"https:\/\/aivlisoft.net\/shop\/producto\/tcl-505-6-75-hd-90hz-4gb4gb-128gb-space-grey\/","og_locale":"es_ES","og_type":"article","og_title":"TCL 505 6.75\" HD+ 90Hz 4GB(+4GB) 128GB Space Grey - Aivlisoft Inform\u00e1tica","og_description":"Marca TCL Modelo T509K1-2ALCA112 Procesador &#8211; Chipset: MTK G36 (MT6765X) &#8211; CPU: 4xA53@ 2.2GHz+4xA53@ 1.6GHz &#8211; GPU: IMG GE8320 680MHz Sistema operativo &#8211; &nbsp;Android 14 (1 actualizaci&oacute;n del SO a Android 15) Memoria &#8211; RAM: 8 GB (4GB + 4GB RAM Expansi&oacute;n) &#8211; Memoria Interna: 128 GB &#8211; Memoria Disponible*: 101 GB &#8211; Tarjeta microSD:&hellip;&nbsp;TCL 505 6.75&#8243; HD+ 90Hz 4GB(+4GB) 128GB Space Grey","og_url":"https:\/\/aivlisoft.net\/shop\/producto\/tcl-505-6-75-hd-90hz-4gb4gb-128gb-space-grey\/","og_site_name":"Aivlisoft Inform\u00e1tica","article_modified_time":"2025-01-14T14:09:33+00:00","og_image":[{"width":800,"height":800,"url":"https:\/\/aivlisoft.net\/shop\/wp-content\/uploads\/2025\/01\/NTETMO2442_800.jpg","type":"image\/jpeg"}],"twitter_card":"summary_large_image","twitter_misc":{"Tiempo de lectura":"3 minutos"},"schema":{"@context":"https:\/\/schema.org","@graph":[{"@type":"WebPage","@id":"https:\/\/aivlisoft.net\/shop\/producto\/tcl-505-6-75-hd-90hz-4gb4gb-128gb-space-grey\/","url":"https:\/\/aivlisoft.net\/shop\/producto\/tcl-505-6-75-hd-90hz-4gb4gb-128gb-space-grey\/","name":"TCL 505 6.75\" HD+ 90Hz 4GB(+4GB) 128GB Space Grey - Aivlisoft Inform\u00e1tica","isPartOf":{"@id":"https:\/\/aivlisoft.net\/shop\/#website"},"primaryImageOfPage":{"@id":"https:\/\/aivlisoft.net\/shop\/producto\/tcl-505-6-75-hd-90hz-4gb4gb-128gb-space-grey\/#primaryimage"},"image":{"@id":"https:\/\/aivlisoft.net\/shop\/producto\/tcl-505-6-75-hd-90hz-4gb4gb-128gb-space-grey\/#primaryimage"},"thumbnailUrl":"https:\/\/aivlisoft.net\/shop\/wp-content\/uploads\/2025\/01\/NTETMO2442_800.jpg","datePublished":"2025-01-13T16:00:01+00:00","dateModified":"2025-01-14T14:09:33+00:00","breadcrumb":{"@id":"https:\/\/aivlisoft.net\/shop\/producto\/tcl-505-6-75-hd-90hz-4gb4gb-128gb-space-grey\/#breadcrumb"},"inLanguage":"es","potentialAction":[{"@type":"ReadAction","target":["https:\/\/aivlisoft.net\/shop\/producto\/tcl-505-6-75-hd-90hz-4gb4gb-128gb-space-grey\/"]}]},{"@type":"ImageObject","inLanguage":"es","@id":"https:\/\/aivlisoft.net\/shop\/producto\/tcl-505-6-75-hd-90hz-4gb4gb-128gb-space-grey\/#primaryimage","url":"https:\/\/aivlisoft.net\/shop\/wp-content\/uploads\/2025\/01\/NTETMO2442_800.jpg","contentUrl":"https:\/\/aivlisoft.net\/shop\/wp-content\/uploads\/2025\/01\/NTETMO2442_800.jpg","width":800,"height":800},{"@type":"BreadcrumbList","@id":"https:\/\/aivlisoft.net\/shop\/producto\/tcl-505-6-75-hd-90hz-4gb4gb-128gb-space-grey\/#breadcrumb","itemListElement":[{"@type":"ListItem","position":1,"name":"Portada","item":"https:\/\/aivlisoft.net\/shop\/"},{"@type":"ListItem","position":2,"name":"Tienda","item":"https:\/\/aivlisoft.net\/shop\/tienda\/"},{"@type":"ListItem","position":3,"name":"TCL 505 6.75&#8243; HD+ 90Hz 4GB(+4GB) 128GB Space Grey"}]},{"@type":"WebSite","@id":"https:\/\/aivlisoft.net\/shop\/#website","url":"https:\/\/aivlisoft.net\/shop\/","name":"Aivlisoft Inform\u00e1tica","description":"En Aivlisoft Inform\u00e1tica ofrecemos soluciones tecnol\u00f3gicas para empresas: venta de ordenadores, consumibles, perif\u00e9ricos y m\u00e1s. Calidad, atenci\u00f3n personalizada y los mejores precios para tu negocio.","publisher":{"@id":"https:\/\/aivlisoft.net\/shop\/#organization"},"potentialAction":[{"@type":"SearchAction","target":{"@type":"EntryPoint","urlTemplate":"https:\/\/aivlisoft.net\/shop\/?s={search_term_string}"},"query-input":{"@type":"PropertyValueSpecification","valueRequired":true,"valueName":"search_term_string"}}],"inLanguage":"es"},{"@type":"Organization","@id":"https:\/\/aivlisoft.net\/shop\/#organization","name":"Aivlisoft Inform\u00e1tica","url":"https:\/\/aivlisoft.net\/shop\/","logo":{"@type":"ImageObject","inLanguage":"es","@id":"https:\/\/aivlisoft.net\/shop\/#\/schema\/logo\/image\/","url":"https:\/\/aivlisoft.net\/shop\/wp-content\/uploads\/2024\/12\/removal.ai_5b848c54-0cdf-4140-95c5-c5536bb7573b-logodef.png","contentUrl":"https:\/\/aivlisoft.net\/shop\/wp-content\/uploads\/2024\/12\/removal.ai_5b848c54-0cdf-4140-95c5-c5536bb7573b-logodef.png","width":484,"height":182,"caption":"Aivlisoft Inform\u00e1tica"},"image":{"@id":"https:\/\/aivlisoft.net\/shop\/#\/schema\/logo\/image\/"}}]}},"_links":{"self":[{"href":"https:\/\/aivlisoft.net\/shop\/wp-json\/wp\/v2\/product\/21942","targetHints":{"allow":["GET"]}}],"collection":[{"href":"https:\/\/aivlisoft.net\/shop\/wp-json\/wp\/v2\/product"}],"about":[{"href":"https:\/\/aivlisoft.net\/shop\/wp-json\/wp\/v2\/types\/product"}],"wp:featuredmedia":[{"embeddable":true,"href":"https:\/\/aivlisoft.net\/shop\/wp-json\/wp\/v2\/media\/21943"}],"wp:attachment":[{"href":"https:\/\/aivlisoft.net\/shop\/wp-json\/wp\/v2\/media?parent=21942"}],"wp:term":[{"taxonomy":"product_brand","embeddable":true,"href":"https:\/\/aivlisoft.net\/shop\/wp-json\/wp\/v2\/product_brand?post=21942"},{"taxonomy":"product_cat","embeddable":true,"href":"https:\/\/aivlisoft.net\/shop\/wp-json\/wp\/v2\/product_cat?post=21942"},{"taxonomy":"product_tag","embeddable":true,"href":"https:\/\/aivlisoft.net\/shop\/wp-json\/wp\/v2\/product_tag?post=21942"}],"curies":[{"name":"wp","href":"https:\/\/api.w.org\/{rel}","templated":true}]}}