{"id":21874,"date":"2025-01-13T15:59:17","date_gmt":"2025-01-13T15:59:17","guid":{"rendered":"https:\/\/aivlisoft.com\/?post_type=product&#038;p=21874"},"modified":"2025-01-14T14:09:47","modified_gmt":"2025-01-14T14:09:47","slug":"samsung-galaxy-s24-6-7-qhd-256gb-12gb-black","status":"publish","type":"product","link":"https:\/\/aivlisoft.net\/shop\/producto\/samsung-galaxy-s24-6-7-qhd-256gb-12gb-black\/","title":{"rendered":"Samsung Galaxy S24+ 6.7&#8243; QHD+ 256GB 12GB Black"},"content":{"rendered":"<p><\/p>\n<table class=\"tabla_caracteristicas\" width=\"100%\">\n<tr>\n<td valign=\"top\"><strong>Marca<\/strong><\/td>\n<td>Samsung<\/td>\n<\/tr>\n<tr>\n<td valign=\"top\"><strong>Modelo<\/strong><\/td>\n<td valign=\"top\"><strong>SM-S926BZKDEUB<\/strong><\/td>\n<\/tr>\n<tr>\n<td valign=\"top\"><strong>Procesador<\/strong><\/td>\n<td>&#8211; Velocidad CPU: 3.2GHz, 2.9GHz, 2.6GHz, 1.95GHz<br \/>\t\t\t&#8211; Tipo CPU: Deca-Core<\/td>\n<\/tr>\n<tr>\n<td valign=\"top\"><strong>Sistema operativo<\/strong><\/td>\n<td>&#8211;<strong> <\/strong><strong>Android<\/strong><\/td>\n<\/tr>\n<tr>\n<td valign=\"top\"><strong>Memoria<\/strong><\/td>\n<td>&#8211; RAM: <strong>12 GB<\/strong><br \/>\t\t\t&#8211; Memoria Interna: <strong>256 GB<\/strong><br \/>\t\t\t&#8211; Memoria Disponible:&nbsp;484.8 GB<\/td>\n<\/tr>\n<tr>\n<td valign=\"top\"><strong>Pantalla<\/strong><\/td>\n<td>&#8211;<strong> 6.7&#8243;<\/strong> ( 169.1mm )<br \/>\t\t\t&#8211; Resoluci&oacute;n: 3120 x 1440 (Quad HD+)<br \/>\t\t\t&#8211; Tecnolog&iacute;a: Dynamic AMOLED 2X<br \/>\t\t\t&#8211; N&uacute;mero de colores: 16M<br \/>\t\t\t&#8211; Tasa de refresco m&aacute;x: 120 Hz<\/td>\n<\/tr>\n<tr>\n<td valign=\"top\"><strong>C&aacute;mara<\/strong><\/td>\n<td><strong>C&aacute;mara principal <\/strong><br \/>\t\t\t&#8211; Resoluci&oacute;n (M&uacute;ltiple): 50.0 MP + 10.0 MP + 12.0 MP<br \/>\t\t\t&#8211; Apertura (M&uacute;ltiple): F1.8 , F2.4 , F2.2<br \/>\t\t\t&#8211; Autofocus<br \/>\t\t\t&#8211; C&aacute;mara principal &#8211; OIS<br \/>\t\t\t&#8211; C&aacute;mara principal &#8211; Zoom<br \/>\t\t\t&nbsp; Optical Zoom 3x<br \/>\t\t\t&nbsp; Optical quality Zoom 2x (Enabled by Adaptive Pixel sensor)<br \/>\t\t\t&nbsp; Digital Zoom up to 30x<br \/>\t\t\t&#8211; Flash<br \/>\t\t\t<strong>C&aacute;mara frontal<\/strong><br \/>\t\t\t&#8211; Resoluci&oacute;n: 12.0 MP<br \/>\t\t\t&#8211; Apertura: F2.2<br \/>\t\t\t&#8211; Autoenfoque<br \/>\t\t\t&#8211; Flash<br \/>\t\t\t<strong>Slow Motion<\/strong><br \/>\t\t\t&#8211; 240fps @FHD, 120fps @UHD<br \/>\t\t\t<strong>V&iacute;deo<\/strong><br \/>\t\t\t&#8211; Resoluci&oacute;n de grabaci&oacute;n de v&iacute;deo: UHD 8K (7680 x 4320)@30fps<\/td>\n<\/tr>\n<tr>\n<td valign=\"top\"><strong>Conectividad<\/strong><\/td>\n<td>&#8211; Interfaz USB: USB Tipo C<br \/>\t\t\t&#8211; Versi&oacute;n USB: USB 3.2 Gen 1<br \/>\t\t\t&#8211; Localizaci&oacute;n: GPS, Glonass, Beidou, Galileo, QZSS<br \/>\t\t\t&#8211; Auriculares: USB Type-C<br \/>\t\t\t&#8211; Wi-Fi: 802.11a\/b\/g\/n\/ac\/ax 2.4GHz+5GHz+6GHz, HE160, MIMO, 1024-QAM<br \/>\t\t\t&#8211; Wi-Fi Direct<br \/>\t\t\t&#8211; Versi&oacute;n Bluetooth: Bluetooth v5.3<br \/>\t\t\t&#8211; NFC<br \/>\t\t\t&#8211; UWB (Ultra Wideband)<br \/>\t\t\t&#8211; PC Sync: Smart Switch (PC version)<\/td>\n<\/tr>\n<tr>\n<td valign=\"top\"><strong>Redes\/Bandas<\/strong><\/td>\n<td>&#8211; N&uacute;mero de SIM: Dual-SIM<br \/>\t\t\t&#8211; Tipo de SIM: Nano-SIM (4FF), SIM embebida<br \/>\t\t\t&#8211; Tipo de bandeja de SIM: SIM 1 + SIM 2 \/ SIM 1 + eSIM \/ Dual eSIM<br \/>\t\t\t&#8211; Infra: 2G GSM, 3G WCDMA, 4G LTE FDD, 4G LTE TDD, 5G Sub6 FDD, 5G Sub6 TDD, 5G Sub6 SDL<br \/>\t\t\t&#8211; 2G GSM: GSM850, GSM900, DCS1800, PCS1900<br \/>\t\t\t&#8211; 3G UMTS: B1(2100), B2(1900), B4(AWS), B5(850), B8(900)<br \/>\t\t\t&#8211; 4G FDD LTE: B1(2100), B2(1900), B3(1800), B4(AWS), B5(850), B7(2600), B8(900), B12(700), B13(700), B17(700), B18(800), B19(800), B20(800), B25(1900), B26(850), B28(700), B32(1500), B66(AWS-3)<br \/>\t\t\t&#8211; 4G TDD LTE: B38(2600), B39(1900), B40(2300), B41(2500)<br \/>\t\t\t&#8211; 5G FDD Sub6: N1(2100), N2(1900), N3(1800), N5(850), N7(2600), N8(900), N12(700), N20(800), N25(1900), N26(850), N28(700), N66(AWS-3)<br \/>\t\t\t&#8211; 5G TDD Sub6: N38(2600), N40(2300), N41(2500), N77(3700), N78(3500)<br \/>\t\t\t&#8211; 5G SDL Sub6: N75(1500+)<\/td>\n<\/tr>\n<tr>\n<td valign=\"top\"><strong>Otras <\/strong><br \/>\t\t\t<strong>caracter&iacute;sticas<\/strong><\/td>\n<td><strong>Sensores<\/strong><br \/>\t\t\t&#8211; Aceler&oacute;metro<br \/>\t\t\t&#8211; Bar&oacute;metro<br \/>\t\t\t&#8211; Sensor de huella dactilar<br \/>\t\t\t&#8211; Hall<br \/>\t\t\t&#8211; Giroscopio<br \/>\t\t\t&#8211; Geomagn&eacute;tico<br \/>\t\t\t&#8211; Luminosidad<br \/>\t\t\t&#8211; Sensor de proximidad<br \/>\t\t\t<strong>Audio y V&iacute;deo<\/strong><br \/>\t\t\t&#8211; Soporte est&eacute;reo<br \/>\t\t\t&#8211; Formatos de reproducci&oacute;n de V&iacute;deo: MP4, M4V, 3GP, 3G2, AVI, FLV, MKV, WEBM<br \/>\t\t\t&#8211; Resoluci&oacute;n de reproducci&oacute;n de V&iacute;deo: UHD 8K (7680 x 4320) @60fps<br \/>\t\t\t&#8211; Formatos de reproducci&oacute;n de Audio: MP3, M4A, 3GA, AAC, OGG, OGA, WAV, AMR, AWB, FLAC, MID, MIDI, XMF, MXMF, IMY, RTTTL, RTX, OTA, DFF, DSF, APE<br \/>\t\t\t<strong>Bater&iacute;a<\/strong><br \/>\t\t\t&#8211; Capacidad: 4900 mAh<br \/>\t\t\t&#8211; Tiempo de uso de Internet (4G) (Horas): Hasta 26<br \/>\t\t\t&#8211; Tiempo de uso de Internet (Wi-Fi) (Horas): Hasta 27<br \/>\t\t\t&#8211; Tiempo de reproducci&oacute;n de V&iacute;deo (Horas, Wireless): Hasta 31<br \/>\t\t\t&#8211; Extra&iacute;ble: No<br \/>\t\t\t&#8211; Tiempo de reproducci&oacute;n de Audio (Horas, Wireless): Hasta 92<br \/>\t\t\t<strong>Dimensiones y peso <\/strong><br \/>\t\t\t&#8211; 158.5 x 75.9 x 7.7mm<br \/>\t\t\t&#8211; 196 g<\/td>\n<\/tr>\n<tr>\n<td valign=\"top\"><strong>Fecha de revisi&oacute;n<\/strong><\/td>\n<td>21-06-2024 por RTY<\/td>\n<\/tr>\n<\/table>\n","protected":false},"excerpt":{"rendered":"<p>Marca Samsung Modelo SM-S926BZKDEUB Procesador &#8211; Velocidad CPU: 3.2GHz, 2.9GHz, 2.6GHz, 1.95GHz &#8211; Tipo CPU: Deca-Core Sistema operativo &#8211; Android Memoria &#8211; RAM: 12 GB &#8211; Memoria Interna: 256 GB &#8211; Memoria Disponible:&nbsp;484.8 GB Pantalla &#8211; 6.7&#8243; ( 169.1mm ) &#8211; Resoluci&oacute;n: 3120 x 1440 (Quad HD+) &#8211; Tecnolog&iacute;a: Dynamic AMOLED 2X &#8211; N&uacute;mero de&hellip;&nbsp;<a href=\"https:\/\/aivlisoft.net\/shop\/producto\/samsung-galaxy-s24-6-7-qhd-256gb-12gb-black\/\" rel=\"bookmark\"><span class=\"screen-reader-text\">Samsung Galaxy S24+ 6.7&#8243; QHD+ 256GB 12GB Black<\/span><\/a><\/p>\n","protected":false},"featured_media":21875,"template":"","meta":{"neve_meta_sidebar":"","neve_meta_container":"","neve_meta_enable_content_width":"","neve_meta_content_width":0,"neve_meta_title_alignment":"","neve_meta_author_avatar":"","neve_post_elements_order":"","neve_meta_disable_header":"","neve_meta_disable_footer":"","neve_meta_disable_title":""},"product_brand":[],"product_cat":[15,8682],"product_tag":[7756],"class_list":{"0":"post-21874","1":"product","2":"type-product","3":"status-publish","4":"has-post-thumbnail","6":"product_cat-sin-categorizar","7":"product_cat-telefonia-y-tablets","8":"product_tag-sm-s926bzkdeub","10":"first","11":"instock","12":"taxable","13":"shipping-taxable","14":"purchasable","15":"product-type-simple"},"yoast_head":"<!-- This site is optimized with the Yoast SEO plugin v26.0 - https:\/\/yoast.com\/wordpress\/plugins\/seo\/ -->\n<title>Samsung Galaxy S24+ 6.7&quot; QHD+ 256GB 12GB Black - Aivlisoft Inform\u00e1tica<\/title>\n<meta name=\"robots\" content=\"index, follow, max-snippet:-1, max-image-preview:large, max-video-preview:-1\" \/>\n<link rel=\"canonical\" href=\"https:\/\/aivlisoft.net\/shop\/producto\/samsung-galaxy-s24-6-7-qhd-256gb-12gb-black\/\" \/>\n<meta property=\"og:locale\" content=\"es_ES\" \/>\n<meta property=\"og:type\" content=\"article\" \/>\n<meta property=\"og:title\" content=\"Samsung Galaxy S24+ 6.7&quot; QHD+ 256GB 12GB Black - Aivlisoft Inform\u00e1tica\" \/>\n<meta property=\"og:description\" content=\"Marca Samsung Modelo SM-S926BZKDEUB Procesador &#8211; Velocidad CPU: 3.2GHz, 2.9GHz, 2.6GHz, 1.95GHz &#8211; Tipo CPU: Deca-Core Sistema operativo &#8211; Android Memoria &#8211; RAM: 12 GB &#8211; Memoria Interna: 256 GB &#8211; Memoria Disponible:&nbsp;484.8 GB Pantalla &#8211; 6.7&#8243; ( 169.1mm ) &#8211; Resoluci&oacute;n: 3120 x 1440 (Quad HD+) &#8211; Tecnolog&iacute;a: Dynamic AMOLED 2X &#8211; N&uacute;mero de&hellip;&nbsp;Samsung Galaxy S24+ 6.7&#8243; QHD+ 256GB 12GB Black\" \/>\n<meta property=\"og:url\" content=\"https:\/\/aivlisoft.net\/shop\/producto\/samsung-galaxy-s24-6-7-qhd-256gb-12gb-black\/\" \/>\n<meta property=\"og:site_name\" content=\"Aivlisoft Inform\u00e1tica\" \/>\n<meta property=\"article:modified_time\" content=\"2025-01-14T14:09:47+00:00\" \/>\n<meta property=\"og:image\" content=\"https:\/\/aivlisoft.net\/shop\/wp-content\/uploads\/2025\/01\/NTETMO2400_800.jpg\" \/>\n\t<meta property=\"og:image:width\" content=\"800\" \/>\n\t<meta property=\"og:image:height\" content=\"800\" \/>\n\t<meta property=\"og:image:type\" content=\"image\/jpeg\" \/>\n<meta name=\"twitter:card\" content=\"summary_large_image\" \/>\n<meta name=\"twitter:label1\" content=\"Tiempo de lectura\" \/>\n\t<meta name=\"twitter:data1\" content=\"3 minutos\" \/>\n<script type=\"application\/ld+json\" class=\"yoast-schema-graph\">{\"@context\":\"https:\/\/schema.org\",\"@graph\":[{\"@type\":\"WebPage\",\"@id\":\"https:\/\/aivlisoft.net\/shop\/producto\/samsung-galaxy-s24-6-7-qhd-256gb-12gb-black\/\",\"url\":\"https:\/\/aivlisoft.net\/shop\/producto\/samsung-galaxy-s24-6-7-qhd-256gb-12gb-black\/\",\"name\":\"Samsung Galaxy S24+ 6.7\\\" QHD+ 256GB 12GB Black - Aivlisoft Inform\u00e1tica\",\"isPartOf\":{\"@id\":\"https:\/\/aivlisoft.net\/shop\/#website\"},\"primaryImageOfPage\":{\"@id\":\"https:\/\/aivlisoft.net\/shop\/producto\/samsung-galaxy-s24-6-7-qhd-256gb-12gb-black\/#primaryimage\"},\"image\":{\"@id\":\"https:\/\/aivlisoft.net\/shop\/producto\/samsung-galaxy-s24-6-7-qhd-256gb-12gb-black\/#primaryimage\"},\"thumbnailUrl\":\"https:\/\/aivlisoft.net\/shop\/wp-content\/uploads\/2025\/01\/NTETMO2400_800.jpg\",\"datePublished\":\"2025-01-13T15:59:17+00:00\",\"dateModified\":\"2025-01-14T14:09:47+00:00\",\"breadcrumb\":{\"@id\":\"https:\/\/aivlisoft.net\/shop\/producto\/samsung-galaxy-s24-6-7-qhd-256gb-12gb-black\/#breadcrumb\"},\"inLanguage\":\"es\",\"potentialAction\":[{\"@type\":\"ReadAction\",\"target\":[\"https:\/\/aivlisoft.net\/shop\/producto\/samsung-galaxy-s24-6-7-qhd-256gb-12gb-black\/\"]}]},{\"@type\":\"ImageObject\",\"inLanguage\":\"es\",\"@id\":\"https:\/\/aivlisoft.net\/shop\/producto\/samsung-galaxy-s24-6-7-qhd-256gb-12gb-black\/#primaryimage\",\"url\":\"https:\/\/aivlisoft.net\/shop\/wp-content\/uploads\/2025\/01\/NTETMO2400_800.jpg\",\"contentUrl\":\"https:\/\/aivlisoft.net\/shop\/wp-content\/uploads\/2025\/01\/NTETMO2400_800.jpg\",\"width\":800,\"height\":800},{\"@type\":\"BreadcrumbList\",\"@id\":\"https:\/\/aivlisoft.net\/shop\/producto\/samsung-galaxy-s24-6-7-qhd-256gb-12gb-black\/#breadcrumb\",\"itemListElement\":[{\"@type\":\"ListItem\",\"position\":1,\"name\":\"Portada\",\"item\":\"https:\/\/aivlisoft.net\/shop\/\"},{\"@type\":\"ListItem\",\"position\":2,\"name\":\"Tienda\",\"item\":\"https:\/\/aivlisoft.net\/shop\/tienda\/\"},{\"@type\":\"ListItem\",\"position\":3,\"name\":\"Samsung Galaxy S24+ 6.7&#8243; QHD+ 256GB 12GB Black\"}]},{\"@type\":\"WebSite\",\"@id\":\"https:\/\/aivlisoft.net\/shop\/#website\",\"url\":\"https:\/\/aivlisoft.net\/shop\/\",\"name\":\"Aivlisoft Inform\u00e1tica\",\"description\":\"En Aivlisoft Inform\u00e1tica ofrecemos soluciones tecnol\u00f3gicas para empresas: venta de ordenadores, consumibles, perif\u00e9ricos y m\u00e1s. Calidad, atenci\u00f3n personalizada y los mejores precios para tu negocio.\",\"publisher\":{\"@id\":\"https:\/\/aivlisoft.net\/shop\/#organization\"},\"potentialAction\":[{\"@type\":\"SearchAction\",\"target\":{\"@type\":\"EntryPoint\",\"urlTemplate\":\"https:\/\/aivlisoft.net\/shop\/?s={search_term_string}\"},\"query-input\":{\"@type\":\"PropertyValueSpecification\",\"valueRequired\":true,\"valueName\":\"search_term_string\"}}],\"inLanguage\":\"es\"},{\"@type\":\"Organization\",\"@id\":\"https:\/\/aivlisoft.net\/shop\/#organization\",\"name\":\"Aivlisoft Inform\u00e1tica\",\"url\":\"https:\/\/aivlisoft.net\/shop\/\",\"logo\":{\"@type\":\"ImageObject\",\"inLanguage\":\"es\",\"@id\":\"https:\/\/aivlisoft.net\/shop\/#\/schema\/logo\/image\/\",\"url\":\"https:\/\/aivlisoft.net\/shop\/wp-content\/uploads\/2024\/12\/removal.ai_5b848c54-0cdf-4140-95c5-c5536bb7573b-logodef.png\",\"contentUrl\":\"https:\/\/aivlisoft.net\/shop\/wp-content\/uploads\/2024\/12\/removal.ai_5b848c54-0cdf-4140-95c5-c5536bb7573b-logodef.png\",\"width\":484,\"height\":182,\"caption\":\"Aivlisoft Inform\u00e1tica\"},\"image\":{\"@id\":\"https:\/\/aivlisoft.net\/shop\/#\/schema\/logo\/image\/\"}}]}<\/script>\n<!-- \/ Yoast SEO plugin. -->","yoast_head_json":{"title":"Samsung Galaxy S24+ 6.7\" QHD+ 256GB 12GB Black - Aivlisoft Inform\u00e1tica","robots":{"index":"index","follow":"follow","max-snippet":"max-snippet:-1","max-image-preview":"max-image-preview:large","max-video-preview":"max-video-preview:-1"},"canonical":"https:\/\/aivlisoft.net\/shop\/producto\/samsung-galaxy-s24-6-7-qhd-256gb-12gb-black\/","og_locale":"es_ES","og_type":"article","og_title":"Samsung Galaxy S24+ 6.7\" QHD+ 256GB 12GB Black - Aivlisoft Inform\u00e1tica","og_description":"Marca Samsung Modelo SM-S926BZKDEUB Procesador &#8211; Velocidad CPU: 3.2GHz, 2.9GHz, 2.6GHz, 1.95GHz &#8211; Tipo CPU: Deca-Core Sistema operativo &#8211; Android Memoria &#8211; RAM: 12 GB &#8211; Memoria Interna: 256 GB &#8211; Memoria Disponible:&nbsp;484.8 GB Pantalla &#8211; 6.7&#8243; ( 169.1mm ) &#8211; Resoluci&oacute;n: 3120 x 1440 (Quad HD+) &#8211; Tecnolog&iacute;a: Dynamic AMOLED 2X &#8211; N&uacute;mero de&hellip;&nbsp;Samsung Galaxy S24+ 6.7&#8243; QHD+ 256GB 12GB Black","og_url":"https:\/\/aivlisoft.net\/shop\/producto\/samsung-galaxy-s24-6-7-qhd-256gb-12gb-black\/","og_site_name":"Aivlisoft Inform\u00e1tica","article_modified_time":"2025-01-14T14:09:47+00:00","og_image":[{"width":800,"height":800,"url":"https:\/\/aivlisoft.net\/shop\/wp-content\/uploads\/2025\/01\/NTETMO2400_800.jpg","type":"image\/jpeg"}],"twitter_card":"summary_large_image","twitter_misc":{"Tiempo de lectura":"3 minutos"},"schema":{"@context":"https:\/\/schema.org","@graph":[{"@type":"WebPage","@id":"https:\/\/aivlisoft.net\/shop\/producto\/samsung-galaxy-s24-6-7-qhd-256gb-12gb-black\/","url":"https:\/\/aivlisoft.net\/shop\/producto\/samsung-galaxy-s24-6-7-qhd-256gb-12gb-black\/","name":"Samsung Galaxy S24+ 6.7\" QHD+ 256GB 12GB Black - Aivlisoft Inform\u00e1tica","isPartOf":{"@id":"https:\/\/aivlisoft.net\/shop\/#website"},"primaryImageOfPage":{"@id":"https:\/\/aivlisoft.net\/shop\/producto\/samsung-galaxy-s24-6-7-qhd-256gb-12gb-black\/#primaryimage"},"image":{"@id":"https:\/\/aivlisoft.net\/shop\/producto\/samsung-galaxy-s24-6-7-qhd-256gb-12gb-black\/#primaryimage"},"thumbnailUrl":"https:\/\/aivlisoft.net\/shop\/wp-content\/uploads\/2025\/01\/NTETMO2400_800.jpg","datePublished":"2025-01-13T15:59:17+00:00","dateModified":"2025-01-14T14:09:47+00:00","breadcrumb":{"@id":"https:\/\/aivlisoft.net\/shop\/producto\/samsung-galaxy-s24-6-7-qhd-256gb-12gb-black\/#breadcrumb"},"inLanguage":"es","potentialAction":[{"@type":"ReadAction","target":["https:\/\/aivlisoft.net\/shop\/producto\/samsung-galaxy-s24-6-7-qhd-256gb-12gb-black\/"]}]},{"@type":"ImageObject","inLanguage":"es","@id":"https:\/\/aivlisoft.net\/shop\/producto\/samsung-galaxy-s24-6-7-qhd-256gb-12gb-black\/#primaryimage","url":"https:\/\/aivlisoft.net\/shop\/wp-content\/uploads\/2025\/01\/NTETMO2400_800.jpg","contentUrl":"https:\/\/aivlisoft.net\/shop\/wp-content\/uploads\/2025\/01\/NTETMO2400_800.jpg","width":800,"height":800},{"@type":"BreadcrumbList","@id":"https:\/\/aivlisoft.net\/shop\/producto\/samsung-galaxy-s24-6-7-qhd-256gb-12gb-black\/#breadcrumb","itemListElement":[{"@type":"ListItem","position":1,"name":"Portada","item":"https:\/\/aivlisoft.net\/shop\/"},{"@type":"ListItem","position":2,"name":"Tienda","item":"https:\/\/aivlisoft.net\/shop\/tienda\/"},{"@type":"ListItem","position":3,"name":"Samsung Galaxy S24+ 6.7&#8243; QHD+ 256GB 12GB Black"}]},{"@type":"WebSite","@id":"https:\/\/aivlisoft.net\/shop\/#website","url":"https:\/\/aivlisoft.net\/shop\/","name":"Aivlisoft Inform\u00e1tica","description":"En Aivlisoft Inform\u00e1tica ofrecemos soluciones tecnol\u00f3gicas para empresas: venta de ordenadores, consumibles, perif\u00e9ricos y m\u00e1s. Calidad, atenci\u00f3n personalizada y los mejores precios para tu negocio.","publisher":{"@id":"https:\/\/aivlisoft.net\/shop\/#organization"},"potentialAction":[{"@type":"SearchAction","target":{"@type":"EntryPoint","urlTemplate":"https:\/\/aivlisoft.net\/shop\/?s={search_term_string}"},"query-input":{"@type":"PropertyValueSpecification","valueRequired":true,"valueName":"search_term_string"}}],"inLanguage":"es"},{"@type":"Organization","@id":"https:\/\/aivlisoft.net\/shop\/#organization","name":"Aivlisoft Inform\u00e1tica","url":"https:\/\/aivlisoft.net\/shop\/","logo":{"@type":"ImageObject","inLanguage":"es","@id":"https:\/\/aivlisoft.net\/shop\/#\/schema\/logo\/image\/","url":"https:\/\/aivlisoft.net\/shop\/wp-content\/uploads\/2024\/12\/removal.ai_5b848c54-0cdf-4140-95c5-c5536bb7573b-logodef.png","contentUrl":"https:\/\/aivlisoft.net\/shop\/wp-content\/uploads\/2024\/12\/removal.ai_5b848c54-0cdf-4140-95c5-c5536bb7573b-logodef.png","width":484,"height":182,"caption":"Aivlisoft Inform\u00e1tica"},"image":{"@id":"https:\/\/aivlisoft.net\/shop\/#\/schema\/logo\/image\/"}}]}},"_links":{"self":[{"href":"https:\/\/aivlisoft.net\/shop\/wp-json\/wp\/v2\/product\/21874","targetHints":{"allow":["GET"]}}],"collection":[{"href":"https:\/\/aivlisoft.net\/shop\/wp-json\/wp\/v2\/product"}],"about":[{"href":"https:\/\/aivlisoft.net\/shop\/wp-json\/wp\/v2\/types\/product"}],"wp:featuredmedia":[{"embeddable":true,"href":"https:\/\/aivlisoft.net\/shop\/wp-json\/wp\/v2\/media\/21875"}],"wp:attachment":[{"href":"https:\/\/aivlisoft.net\/shop\/wp-json\/wp\/v2\/media?parent=21874"}],"wp:term":[{"taxonomy":"product_brand","embeddable":true,"href":"https:\/\/aivlisoft.net\/shop\/wp-json\/wp\/v2\/product_brand?post=21874"},{"taxonomy":"product_cat","embeddable":true,"href":"https:\/\/aivlisoft.net\/shop\/wp-json\/wp\/v2\/product_cat?post=21874"},{"taxonomy":"product_tag","embeddable":true,"href":"https:\/\/aivlisoft.net\/shop\/wp-json\/wp\/v2\/product_tag?post=21874"}],"curies":[{"name":"wp","href":"https:\/\/api.w.org\/{rel}","templated":true}]}}