{"id":21849,"date":"2025-01-13T15:59:00","date_gmt":"2025-01-13T15:59:00","guid":{"rendered":"https:\/\/aivlisoft.com\/?post_type=product&#038;p=21849"},"modified":"2025-01-14T14:09:52","modified_gmt":"2025-01-14T14:09:52","slug":"samsung-galaxy-a25-5g-6-5-fhd-256gb-8gb-black","status":"publish","type":"product","link":"https:\/\/aivlisoft.net\/shop\/producto\/samsung-galaxy-a25-5g-6-5-fhd-256gb-8gb-black\/","title":{"rendered":"Samsung Galaxy A25 5G 6.5&#8243; FHD+ 256GB 8GB Black"},"content":{"rendered":"<p><\/p>\n<table class=\"tabla_caracteristicas\" width=\"100%\">\n<tr>\n<td valign=\"top\"><strong>Marca<\/strong><\/td>\n<td>Samsung<\/td>\n<\/tr>\n<tr>\n<td valign=\"top\"><strong>Modelo<\/strong><\/td>\n<td valign=\"top\"><strong>SM-A256BZKHEUB<\/strong><\/td>\n<\/tr>\n<tr>\n<td valign=\"top\"><strong>Procesador<\/strong><\/td>\n<td>&#8211; Samsung Exynos 1280 Octa-Core<\/td>\n<\/tr>\n<tr>\n<td valign=\"top\"><strong>Sistema operativo<\/strong><\/td>\n<td>&#8211;<strong> <\/strong><strong>Android 14<\/strong><\/td>\n<\/tr>\n<tr>\n<td valign=\"top\"><strong>Memoria<\/strong><\/td>\n<td>&#8211; RAM: <strong>8 GB<\/strong><br \/>\t\t\t&#8211; Memoria Interna: <strong>256 GB<\/strong><br \/>\t\t\t&#8211; Externa: MicroSD (hasta 1TB)<\/td>\n<\/tr>\n<tr>\n<td valign=\"top\"><strong>Pantalla<\/strong><\/td>\n<td>&#8211;<strong> <\/strong><strong>6.5&#8243;<\/strong> FHD+ (1080 x 2340) Infinity U Super AMOLED (60-120HZ)<\/td>\n<\/tr>\n<tr>\n<td valign=\"top\"><strong>C&aacute;mara<\/strong><\/td>\n<td><strong>C&aacute;mara principal <\/strong><br \/>\t\t\t&#8211; OIS Principal: 50 MP (F1.8)<br \/>\t\t\t&#8211; Gran angular: 8 MP (F2.2)<br \/>\t\t\t&#8211; Macro: 2 MP F2.4)<br \/>\t\t\t<strong>C&aacute;mara Fontal<\/strong><br \/>\t\t\t&#8211; 13 MP (F2.2)<br \/>\t\t\t<strong>V&iacute;deo<\/strong><br \/>\t\t\t&#8211; Resoluci&oacute;n de grabaci&oacute;n de v&iacute;deo: FHD (1920 x 1080)@30fps<\/td>\n<\/tr>\n<tr>\n<td valign=\"top\"><strong>Conectividad<\/strong><\/td>\n<td>&#8211; SIM1+ Hybrid (SIM 2 or MicroSD)<br \/>\t\t\t&#8211; WiFi 5GHZ<br \/>\t\t\t&#8211; NFC<br \/>\t\t\t&#8211; Bluetooth v5.3<\/td>\n<\/tr>\n<tr>\n<td valign=\"top\"><strong>Otras <\/strong><br \/>\t\t\t<strong>caracter&iacute;sticas<\/strong><\/td>\n<td>&#8211; One UI 6.0, Jack 3.5mm Stereo &amp; Dolby Atmos<br \/>\t\t\t<strong>Biometr&iacute;a<\/strong><br \/>\t\t\t&#8211; Lector de huella<br \/>\t\t\t&#8211; Reconocimiento facial<br \/>\t\t\t<strong>Bater&iacute;a<\/strong><br \/>\t\t\t&#8211; Capacidad: 5000 mAh<br \/>\t\t\t&#8211; Carga r&aacute;pida: 25W<br \/>\t\t\t<strong>Dimensiones y peso <\/strong><br \/>\t\t\t&#8211; 161 x 76.5 x 8.3 mm<br \/>\t\t\t&#8211; 197 g<br \/>\t\t\t<strong>Contiene<\/strong><br \/>\t\t\t&#8211; Cable USB-C a USB-C<\/td>\n<\/tr>\n<tr>\n<td valign=\"top\"><strong>Fecha de revisi&oacute;n<\/strong><\/td>\n<td>10-01-2024 por RTY<\/td>\n<\/tr>\n<\/table>\n","protected":false},"excerpt":{"rendered":"<p>Marca Samsung Modelo SM-A256BZKHEUB Procesador &#8211; Samsung Exynos 1280 Octa-Core Sistema operativo &#8211; Android 14 Memoria &#8211; RAM: 8 GB &#8211; Memoria Interna: 256 GB &#8211; Externa: MicroSD (hasta 1TB) Pantalla &#8211; 6.5&#8243; FHD+ (1080 x 2340) Infinity U Super AMOLED (60-120HZ) C&aacute;mara C&aacute;mara principal &#8211; OIS Principal: 50 MP (F1.8) &#8211; Gran angular: 8&hellip;&nbsp;<a href=\"https:\/\/aivlisoft.net\/shop\/producto\/samsung-galaxy-a25-5g-6-5-fhd-256gb-8gb-black\/\" rel=\"bookmark\"><span class=\"screen-reader-text\">Samsung Galaxy A25 5G 6.5&#8243; FHD+ 256GB 8GB Black<\/span><\/a><\/p>\n","protected":false},"featured_media":21850,"template":"","meta":{"neve_meta_sidebar":"","neve_meta_container":"","neve_meta_enable_content_width":"","neve_meta_content_width":0,"neve_meta_title_alignment":"","neve_meta_author_avatar":"","neve_post_elements_order":"","neve_meta_disable_header":"","neve_meta_disable_footer":"","neve_meta_disable_title":""},"product_brand":[],"product_cat":[15,8682],"product_tag":[7748],"class_list":{"0":"post-21849","1":"product","2":"type-product","3":"status-publish","4":"has-post-thumbnail","6":"product_cat-sin-categorizar","7":"product_cat-telefonia-y-tablets","8":"product_tag-sm-a256bzkheub","10":"first","11":"instock","12":"taxable","13":"shipping-taxable","14":"purchasable","15":"product-type-simple"},"yoast_head":"<!-- This site is optimized with the Yoast SEO plugin v26.0 - https:\/\/yoast.com\/wordpress\/plugins\/seo\/ -->\n<title>Samsung Galaxy A25 5G 6.5&quot; FHD+ 256GB 8GB Black - Aivlisoft Inform\u00e1tica<\/title>\n<meta name=\"robots\" content=\"index, follow, max-snippet:-1, max-image-preview:large, max-video-preview:-1\" \/>\n<link rel=\"canonical\" href=\"https:\/\/aivlisoft.net\/shop\/producto\/samsung-galaxy-a25-5g-6-5-fhd-256gb-8gb-black\/\" \/>\n<meta property=\"og:locale\" content=\"es_ES\" \/>\n<meta property=\"og:type\" content=\"article\" \/>\n<meta property=\"og:title\" content=\"Samsung Galaxy A25 5G 6.5&quot; FHD+ 256GB 8GB Black - Aivlisoft Inform\u00e1tica\" \/>\n<meta property=\"og:description\" content=\"Marca Samsung Modelo SM-A256BZKHEUB Procesador &#8211; Samsung Exynos 1280 Octa-Core Sistema operativo &#8211; Android 14 Memoria &#8211; RAM: 8 GB &#8211; Memoria Interna: 256 GB &#8211; Externa: MicroSD (hasta 1TB) Pantalla &#8211; 6.5&#8243; FHD+ (1080 x 2340) Infinity U Super AMOLED (60-120HZ) C&aacute;mara C&aacute;mara principal &#8211; OIS Principal: 50 MP (F1.8) &#8211; Gran angular: 8&hellip;&nbsp;Samsung Galaxy A25 5G 6.5&#8243; FHD+ 256GB 8GB Black\" \/>\n<meta property=\"og:url\" content=\"https:\/\/aivlisoft.net\/shop\/producto\/samsung-galaxy-a25-5g-6-5-fhd-256gb-8gb-black\/\" \/>\n<meta property=\"og:site_name\" content=\"Aivlisoft Inform\u00e1tica\" \/>\n<meta property=\"article:modified_time\" content=\"2025-01-14T14:09:52+00:00\" \/>\n<meta property=\"og:image\" content=\"https:\/\/aivlisoft.net\/shop\/wp-content\/uploads\/2025\/01\/NTETMO2378_800.jpg\" \/>\n\t<meta property=\"og:image:width\" content=\"800\" \/>\n\t<meta property=\"og:image:height\" content=\"800\" \/>\n\t<meta property=\"og:image:type\" content=\"image\/jpeg\" \/>\n<meta name=\"twitter:card\" content=\"summary_large_image\" \/>\n<meta name=\"twitter:label1\" content=\"Tiempo de lectura\" \/>\n\t<meta name=\"twitter:data1\" content=\"1 minuto\" \/>\n<script type=\"application\/ld+json\" class=\"yoast-schema-graph\">{\"@context\":\"https:\/\/schema.org\",\"@graph\":[{\"@type\":\"WebPage\",\"@id\":\"https:\/\/aivlisoft.net\/shop\/producto\/samsung-galaxy-a25-5g-6-5-fhd-256gb-8gb-black\/\",\"url\":\"https:\/\/aivlisoft.net\/shop\/producto\/samsung-galaxy-a25-5g-6-5-fhd-256gb-8gb-black\/\",\"name\":\"Samsung Galaxy A25 5G 6.5\\\" FHD+ 256GB 8GB Black - Aivlisoft Inform\u00e1tica\",\"isPartOf\":{\"@id\":\"https:\/\/aivlisoft.net\/shop\/#website\"},\"primaryImageOfPage\":{\"@id\":\"https:\/\/aivlisoft.net\/shop\/producto\/samsung-galaxy-a25-5g-6-5-fhd-256gb-8gb-black\/#primaryimage\"},\"image\":{\"@id\":\"https:\/\/aivlisoft.net\/shop\/producto\/samsung-galaxy-a25-5g-6-5-fhd-256gb-8gb-black\/#primaryimage\"},\"thumbnailUrl\":\"https:\/\/aivlisoft.net\/shop\/wp-content\/uploads\/2025\/01\/NTETMO2378_800.jpg\",\"datePublished\":\"2025-01-13T15:59:00+00:00\",\"dateModified\":\"2025-01-14T14:09:52+00:00\",\"breadcrumb\":{\"@id\":\"https:\/\/aivlisoft.net\/shop\/producto\/samsung-galaxy-a25-5g-6-5-fhd-256gb-8gb-black\/#breadcrumb\"},\"inLanguage\":\"es\",\"potentialAction\":[{\"@type\":\"ReadAction\",\"target\":[\"https:\/\/aivlisoft.net\/shop\/producto\/samsung-galaxy-a25-5g-6-5-fhd-256gb-8gb-black\/\"]}]},{\"@type\":\"ImageObject\",\"inLanguage\":\"es\",\"@id\":\"https:\/\/aivlisoft.net\/shop\/producto\/samsung-galaxy-a25-5g-6-5-fhd-256gb-8gb-black\/#primaryimage\",\"url\":\"https:\/\/aivlisoft.net\/shop\/wp-content\/uploads\/2025\/01\/NTETMO2378_800.jpg\",\"contentUrl\":\"https:\/\/aivlisoft.net\/shop\/wp-content\/uploads\/2025\/01\/NTETMO2378_800.jpg\",\"width\":800,\"height\":800},{\"@type\":\"BreadcrumbList\",\"@id\":\"https:\/\/aivlisoft.net\/shop\/producto\/samsung-galaxy-a25-5g-6-5-fhd-256gb-8gb-black\/#breadcrumb\",\"itemListElement\":[{\"@type\":\"ListItem\",\"position\":1,\"name\":\"Portada\",\"item\":\"https:\/\/aivlisoft.net\/shop\/\"},{\"@type\":\"ListItem\",\"position\":2,\"name\":\"Tienda\",\"item\":\"https:\/\/aivlisoft.net\/shop\/tienda\/\"},{\"@type\":\"ListItem\",\"position\":3,\"name\":\"Samsung Galaxy A25 5G 6.5&#8243; FHD+ 256GB 8GB Black\"}]},{\"@type\":\"WebSite\",\"@id\":\"https:\/\/aivlisoft.net\/shop\/#website\",\"url\":\"https:\/\/aivlisoft.net\/shop\/\",\"name\":\"Aivlisoft Inform\u00e1tica\",\"description\":\"En Aivlisoft Inform\u00e1tica ofrecemos soluciones tecnol\u00f3gicas para empresas: venta de ordenadores, consumibles, perif\u00e9ricos y m\u00e1s. Calidad, atenci\u00f3n personalizada y los mejores precios para tu negocio.\",\"publisher\":{\"@id\":\"https:\/\/aivlisoft.net\/shop\/#organization\"},\"potentialAction\":[{\"@type\":\"SearchAction\",\"target\":{\"@type\":\"EntryPoint\",\"urlTemplate\":\"https:\/\/aivlisoft.net\/shop\/?s={search_term_string}\"},\"query-input\":{\"@type\":\"PropertyValueSpecification\",\"valueRequired\":true,\"valueName\":\"search_term_string\"}}],\"inLanguage\":\"es\"},{\"@type\":\"Organization\",\"@id\":\"https:\/\/aivlisoft.net\/shop\/#organization\",\"name\":\"Aivlisoft Inform\u00e1tica\",\"url\":\"https:\/\/aivlisoft.net\/shop\/\",\"logo\":{\"@type\":\"ImageObject\",\"inLanguage\":\"es\",\"@id\":\"https:\/\/aivlisoft.net\/shop\/#\/schema\/logo\/image\/\",\"url\":\"https:\/\/aivlisoft.net\/shop\/wp-content\/uploads\/2024\/12\/removal.ai_5b848c54-0cdf-4140-95c5-c5536bb7573b-logodef.png\",\"contentUrl\":\"https:\/\/aivlisoft.net\/shop\/wp-content\/uploads\/2024\/12\/removal.ai_5b848c54-0cdf-4140-95c5-c5536bb7573b-logodef.png\",\"width\":484,\"height\":182,\"caption\":\"Aivlisoft Inform\u00e1tica\"},\"image\":{\"@id\":\"https:\/\/aivlisoft.net\/shop\/#\/schema\/logo\/image\/\"}}]}<\/script>\n<!-- \/ Yoast SEO plugin. -->","yoast_head_json":{"title":"Samsung Galaxy A25 5G 6.5\" FHD+ 256GB 8GB Black - Aivlisoft Inform\u00e1tica","robots":{"index":"index","follow":"follow","max-snippet":"max-snippet:-1","max-image-preview":"max-image-preview:large","max-video-preview":"max-video-preview:-1"},"canonical":"https:\/\/aivlisoft.net\/shop\/producto\/samsung-galaxy-a25-5g-6-5-fhd-256gb-8gb-black\/","og_locale":"es_ES","og_type":"article","og_title":"Samsung Galaxy A25 5G 6.5\" FHD+ 256GB 8GB Black - Aivlisoft Inform\u00e1tica","og_description":"Marca Samsung Modelo SM-A256BZKHEUB Procesador &#8211; Samsung Exynos 1280 Octa-Core Sistema operativo &#8211; Android 14 Memoria &#8211; RAM: 8 GB &#8211; Memoria Interna: 256 GB &#8211; Externa: MicroSD (hasta 1TB) Pantalla &#8211; 6.5&#8243; FHD+ (1080 x 2340) Infinity U Super AMOLED (60-120HZ) C&aacute;mara C&aacute;mara principal &#8211; OIS Principal: 50 MP (F1.8) &#8211; Gran angular: 8&hellip;&nbsp;Samsung Galaxy A25 5G 6.5&#8243; FHD+ 256GB 8GB Black","og_url":"https:\/\/aivlisoft.net\/shop\/producto\/samsung-galaxy-a25-5g-6-5-fhd-256gb-8gb-black\/","og_site_name":"Aivlisoft Inform\u00e1tica","article_modified_time":"2025-01-14T14:09:52+00:00","og_image":[{"width":800,"height":800,"url":"https:\/\/aivlisoft.net\/shop\/wp-content\/uploads\/2025\/01\/NTETMO2378_800.jpg","type":"image\/jpeg"}],"twitter_card":"summary_large_image","twitter_misc":{"Tiempo de lectura":"1 minuto"},"schema":{"@context":"https:\/\/schema.org","@graph":[{"@type":"WebPage","@id":"https:\/\/aivlisoft.net\/shop\/producto\/samsung-galaxy-a25-5g-6-5-fhd-256gb-8gb-black\/","url":"https:\/\/aivlisoft.net\/shop\/producto\/samsung-galaxy-a25-5g-6-5-fhd-256gb-8gb-black\/","name":"Samsung Galaxy A25 5G 6.5\" FHD+ 256GB 8GB Black - Aivlisoft Inform\u00e1tica","isPartOf":{"@id":"https:\/\/aivlisoft.net\/shop\/#website"},"primaryImageOfPage":{"@id":"https:\/\/aivlisoft.net\/shop\/producto\/samsung-galaxy-a25-5g-6-5-fhd-256gb-8gb-black\/#primaryimage"},"image":{"@id":"https:\/\/aivlisoft.net\/shop\/producto\/samsung-galaxy-a25-5g-6-5-fhd-256gb-8gb-black\/#primaryimage"},"thumbnailUrl":"https:\/\/aivlisoft.net\/shop\/wp-content\/uploads\/2025\/01\/NTETMO2378_800.jpg","datePublished":"2025-01-13T15:59:00+00:00","dateModified":"2025-01-14T14:09:52+00:00","breadcrumb":{"@id":"https:\/\/aivlisoft.net\/shop\/producto\/samsung-galaxy-a25-5g-6-5-fhd-256gb-8gb-black\/#breadcrumb"},"inLanguage":"es","potentialAction":[{"@type":"ReadAction","target":["https:\/\/aivlisoft.net\/shop\/producto\/samsung-galaxy-a25-5g-6-5-fhd-256gb-8gb-black\/"]}]},{"@type":"ImageObject","inLanguage":"es","@id":"https:\/\/aivlisoft.net\/shop\/producto\/samsung-galaxy-a25-5g-6-5-fhd-256gb-8gb-black\/#primaryimage","url":"https:\/\/aivlisoft.net\/shop\/wp-content\/uploads\/2025\/01\/NTETMO2378_800.jpg","contentUrl":"https:\/\/aivlisoft.net\/shop\/wp-content\/uploads\/2025\/01\/NTETMO2378_800.jpg","width":800,"height":800},{"@type":"BreadcrumbList","@id":"https:\/\/aivlisoft.net\/shop\/producto\/samsung-galaxy-a25-5g-6-5-fhd-256gb-8gb-black\/#breadcrumb","itemListElement":[{"@type":"ListItem","position":1,"name":"Portada","item":"https:\/\/aivlisoft.net\/shop\/"},{"@type":"ListItem","position":2,"name":"Tienda","item":"https:\/\/aivlisoft.net\/shop\/tienda\/"},{"@type":"ListItem","position":3,"name":"Samsung Galaxy A25 5G 6.5&#8243; FHD+ 256GB 8GB Black"}]},{"@type":"WebSite","@id":"https:\/\/aivlisoft.net\/shop\/#website","url":"https:\/\/aivlisoft.net\/shop\/","name":"Aivlisoft Inform\u00e1tica","description":"En Aivlisoft Inform\u00e1tica ofrecemos soluciones tecnol\u00f3gicas para empresas: venta de ordenadores, consumibles, perif\u00e9ricos y m\u00e1s. Calidad, atenci\u00f3n personalizada y los mejores precios para tu negocio.","publisher":{"@id":"https:\/\/aivlisoft.net\/shop\/#organization"},"potentialAction":[{"@type":"SearchAction","target":{"@type":"EntryPoint","urlTemplate":"https:\/\/aivlisoft.net\/shop\/?s={search_term_string}"},"query-input":{"@type":"PropertyValueSpecification","valueRequired":true,"valueName":"search_term_string"}}],"inLanguage":"es"},{"@type":"Organization","@id":"https:\/\/aivlisoft.net\/shop\/#organization","name":"Aivlisoft Inform\u00e1tica","url":"https:\/\/aivlisoft.net\/shop\/","logo":{"@type":"ImageObject","inLanguage":"es","@id":"https:\/\/aivlisoft.net\/shop\/#\/schema\/logo\/image\/","url":"https:\/\/aivlisoft.net\/shop\/wp-content\/uploads\/2024\/12\/removal.ai_5b848c54-0cdf-4140-95c5-c5536bb7573b-logodef.png","contentUrl":"https:\/\/aivlisoft.net\/shop\/wp-content\/uploads\/2024\/12\/removal.ai_5b848c54-0cdf-4140-95c5-c5536bb7573b-logodef.png","width":484,"height":182,"caption":"Aivlisoft Inform\u00e1tica"},"image":{"@id":"https:\/\/aivlisoft.net\/shop\/#\/schema\/logo\/image\/"}}]}},"_links":{"self":[{"href":"https:\/\/aivlisoft.net\/shop\/wp-json\/wp\/v2\/product\/21849","targetHints":{"allow":["GET"]}}],"collection":[{"href":"https:\/\/aivlisoft.net\/shop\/wp-json\/wp\/v2\/product"}],"about":[{"href":"https:\/\/aivlisoft.net\/shop\/wp-json\/wp\/v2\/types\/product"}],"wp:featuredmedia":[{"embeddable":true,"href":"https:\/\/aivlisoft.net\/shop\/wp-json\/wp\/v2\/media\/21850"}],"wp:attachment":[{"href":"https:\/\/aivlisoft.net\/shop\/wp-json\/wp\/v2\/media?parent=21849"}],"wp:term":[{"taxonomy":"product_brand","embeddable":true,"href":"https:\/\/aivlisoft.net\/shop\/wp-json\/wp\/v2\/product_brand?post=21849"},{"taxonomy":"product_cat","embeddable":true,"href":"https:\/\/aivlisoft.net\/shop\/wp-json\/wp\/v2\/product_cat?post=21849"},{"taxonomy":"product_tag","embeddable":true,"href":"https:\/\/aivlisoft.net\/shop\/wp-json\/wp\/v2\/product_tag?post=21849"}],"curies":[{"name":"wp","href":"https:\/\/api.w.org\/{rel}","templated":true}]}}