{"id":21829,"date":"2025-01-13T15:58:48","date_gmt":"2025-01-13T15:58:48","guid":{"rendered":"https:\/\/aivlisoft.com\/?post_type=product&#038;p=21829"},"modified":"2025-01-14T14:09:53","modified_gmt":"2025-01-14T14:09:53","slug":"xiaomi-redmi-note-13-pro-667-256gb-8gb-black","status":"publish","type":"product","link":"https:\/\/aivlisoft.net\/shop\/producto\/xiaomi-redmi-note-13-pro-667-256gb-8gb-black\/","title":{"rendered":"XIAOMI Redmi Note 13 PRO 6,67&#8243; 256GB 8GB Black"},"content":{"rendered":"<p><\/p>\n<table class=\"tabla_caracteristicas k-table\" width=\"100%\">\n<tr>\n<td valign=\"top\"><strong>Marca<\/strong><\/td>\n<td>Xiaomi<\/td>\n<\/tr>\n<tr>\n<td valign=\"top\"><strong>Modelo<\/strong><\/td>\n<td valign=\"top\"><strong>MZB0FWWEU<\/strong><\/td>\n<\/tr>\n<tr>\n<td valign=\"top\"><strong>Procesador<\/strong><\/td>\n<td>&#8211; MediaTek Helio G99-Ultra<br \/>\t\t\t&#8211; Tecnolog&iacute;a de proceso de 6 nm<br \/>\t\t\t&#8211; CPU: Procesador de ocho n&uacute;cleos, hasta 2,2 GHz<br \/>\t\t\t&#8211; GPU: Mali-G57 MC2<\/td>\n<\/tr>\n<tr>\n<td valign=\"top\"><strong>Sistema operativo<\/strong><\/td>\n<td>&#8211; <strong>MIUI 14<\/strong><\/td>\n<\/tr>\n<tr>\n<td valign=\"top\"><strong>Memoria<\/strong><\/td>\n<td>&#8211; <strong>8 GB <\/strong>RAM<br \/>\t\t\t&#8211;<strong> 256 GB <\/strong>de almacenamiento<br \/>\t\t\t&#8211; LPDDR4X + UFS 2.2<br \/>\t\t\t&#8211; Permite ampliar el almacenamiento hasta 1 TB<br \/>\t\t\t*Las configuraciones disponibles pueden variar seg&uacute;n la regi&oacute;n. El almacenamiento y la RAM disponibles son inferiores a la memoria total debido al almacenamiento del sistema operativo y el software preinstalado en el dispositivo.<\/td>\n<\/tr>\n<tr>\n<td valign=\"top\"><strong>Pantalla<\/strong><\/td>\n<td>&#8211; <strong>6,67&Prime; <\/strong>AMOLED FHD+<strong> <\/strong><br \/>\t\t\t&#8211; Tasa de refresco: Hasta 120 Hz<br \/>\t\t\t&#8211; Brillo:<br \/>\t\t\t&nbsp; 500 nits (t&iacute;p.)<br \/>\t\t\t&nbsp; 1000 nits (brillo HBM)<br \/>\t\t\t&nbsp; 1300 nits (brillo m&aacute;ximo)<br \/>\t\t\t&#8211; Profundidad de color: 10 bits<br \/>\t\t\t&#8211; Relaci&oacute;n de contraste: 5 000 000:1<br \/>\t\t\t&#8211; Gama de colores: DCI-P3 al 100 %<br \/>\t\t\t&#8211; Resoluci&oacute;n: 2400 x 1080<br \/>\t\t\t&#8211; Corning Gorilla Glass 5<br \/>\t\t\t&#8211; Compatible con el modo diurno<br \/>\t\t\t&#8211; Compatible con el modo lectura<br \/>\t\t\t&#8211; Atenuaci&oacute;n PWM de 1920 Hz<br \/>\t\t\t&#8211; Certificaci&oacute;n de luz azul reducida de T&Uuml;V Rheinland (soluci&oacute;n de hardware)<br \/>\t\t\t&#8211; Certificaci&oacute;n de compatibilidad con ritmos circadianos de T&Uuml;V Rheinland<br \/>\t\t\t&#8211; Certificaci&oacute;n de tecnolog&iacute;a sin parpadeos de T&Uuml;V Rheinland<\/td>\n<\/tr>\n<tr>\n<td valign=\"top\"><strong>C&aacute;mara<\/strong><\/td>\n<td><strong>C&aacute;mara trasera<\/strong><br \/>\t\t\t&#8211; C&aacute;mara gran angular de <strong>200 MP:<br \/>\t\t\t&nbsp; <\/strong>Estabilizaci&oacute;n &oacute;ptica de imagen<br \/>\t\t\t&nbsp; f\/1,65<br \/>\t\t\t&nbsp; Super Pixel 16 en 1 de 2,24 &micro;m<br \/>\t\t\t&nbsp; Lente de 7 elementos<br \/>\t\t\t&#8211; C&aacute;mara ultra gran angular de <strong>8 MP<\/strong><br \/>\t\t\t&nbsp; f\/2,2<br \/>\t\t\t&#8211; C&aacute;mara macro de <strong>2 MP<\/strong><br \/>\t\t\t&nbsp; f\/2,4<br \/>\t\t\t<strong>C&aacute;mara frontal<\/strong><br \/>\t\t\t&#8211; C&aacute;mara frontal de <strong>16 MP <\/strong>f\/2,4<br \/>\t\t\t<strong>V&iacute;deo<\/strong><br \/>\t\t\t&#8211; Grabaci&oacute;n de v&iacute;deo de la c&aacute;mara trasera<br \/>\t\t\t&nbsp; 1080p 1920 x 1080 a 30\/60 fps<br \/>\t\t\t&nbsp; 720p 1280 x 720 a 30 fps<br \/>\t\t\t&#8211; Grabaci&oacute;n de v&iacute;deo de la c&aacute;mara frontal<br \/>\t\t\t&nbsp; 1080p 1920 x 1080 a 30\/60 fps<br \/>\t\t\t&nbsp; 720p 1280 x 720 a 30 fps<\/td>\n<\/tr>\n<tr>\n<td valign=\"top\"><strong>Redes y conectividad<\/strong><\/td>\n<td>&#8211; Bluetooth 5.2<br \/>\t\t\t&#8211; Wi-Fi: 802.11a\/b\/g\/n\/ac<br \/>\t\t\t&#8211; SIM 1 e h&iacute;brida (SIM o microSD)<br \/>\t\t\t<strong>Redes<\/strong><br \/>\t\t\t&#8211; 2G: GSM: 850, 900, 1800, 1900 MHz<br \/>\t\t\t&#8211; 3G: WCDMA: 1\/ 2\/ 4\/ 5\/ 8\/ 19<br \/>\t\t\t&#8211; 4G: LTE FDD: 1\/ 2\/ 3\/ 4\/ 5\/ 7\/ 8\/ 12\/ 13\/ 17\/ 18\/ 19\/ 20\/ 26\/ 28\/ 66<br \/>\t\t\t&#8211; 4G: LTE TDD:38\/ 40\/ 41<\/td>\n<\/tr>\n<tr>\n<td valign=\"top\">\n<div><strong>Otras <\/strong><\/div>\n<div><strong>caracter&iacute;sticas<\/strong><\/div>\n<\/td>\n<td>&#8211; NFC<br \/>\t\t\t*La disponibilidad y la funcionalidad pueden variar en algunos mercados.<br \/>\t\t\t<strong>Sensores<\/strong><br \/>\t\t\t&#8211; Sensor de proximidad<br \/>\t\t\t&#8211; Sensor de Iuz ambiental<br \/>\t\t\t&#8211; Aceler&oacute;metro<br \/>\t\t\t&#8211; Giroscopio<br \/>\t\t\t&#8211; Br&uacute;jula electr&oacute;nica<br \/>\t\t\t&#8211; Emisor de infrarrojos<br \/>\t\t\t<strong>Audio<\/strong><br \/>\t\t\t&#8211; 2 x altavoces<br \/>\t\t\t&#8211; Conector para auriculares de 3,5 mm<br \/>\t\t\t&#8211; Compatible con Dolby Atmos<br \/>\t\t\t<strong>Navegaci&oacute;n y posicionamiento<\/strong><br \/>\t\t\t&#8211; GPS: L1<br \/>\t\t\t&#8211; GLONASS: G1<br \/>\t\t\t&#8211; BDS: B1<br \/>\t\t\t&#8211; Galileo E1<br \/>\t\t\t<strong>Seguridad<\/strong><br \/>\t\t\t&#8211; Sensor de huella dactilar lateral<br \/>\t\t\t&#8211; Desbloqueo facial por IA<br \/>\t\t\t<strong>Dimensiones<\/strong><br \/>\t\t\t&#8211; 161,1 x 74,95 x 7,98 mm<br \/>\t\t\t&#8211; 188 g<br \/>\t\t\t*Datos proporcionados por laboratorios internos. Los m&eacute;todos de medici&oacute;n del sector pueden variar y, por tanto, es posible que los resultados reales var&iacute;en.<br \/>\t\t\t<strong>Bater&iacute;a<\/strong><br \/>\t\t\t&#8211; <strong>5000 <\/strong>mAh (t&iacute;p.)<br \/>\t\t\t&#8211; Carga turbo de 67 W<br \/>\t\t\t&#8211; Cargador incluido de 67 W<br \/>\t\t\t&#8211; USB-C<br \/>\t\t\t<strong>Contenido<\/strong><br \/>\t\t\t&#8211; Redmi Note 13 Pro<br \/>\t\t\t&#8211; Adaptador<br \/>\t\t\t&#8211; Cable USB tipo C<br \/>\t\t\t&#8211; Extractor de SIM<br \/>\t\t\t&#8211; Funda protectora<br \/>\t\t\t&#8211; Gu&iacute;a de inicio r&aacute;pido<br \/>\t\t\t* El contenido del paquete puede variar seg&uacute;n las regiones.<\/td>\n<\/tr>\n<tr>\n<td valign=\"top\"><strong>Fecha de revisi&oacute;n<\/strong><\/td>\n<td>16-01-2024 por RTY<\/td>\n<\/tr>\n<\/table>\n","protected":false},"excerpt":{"rendered":"<p>Marca Xiaomi Modelo MZB0FWWEU Procesador &#8211; MediaTek Helio G99-Ultra &#8211; Tecnolog&iacute;a de proceso de 6 nm &#8211; CPU: Procesador de ocho n&uacute;cleos, hasta 2,2 GHz &#8211; GPU: Mali-G57 MC2 Sistema operativo &#8211; MIUI 14 Memoria &#8211; 8 GB RAM &#8211; 256 GB de almacenamiento &#8211; LPDDR4X + UFS 2.2 &#8211; Permite ampliar el almacenamiento hasta&hellip;&nbsp;<a href=\"https:\/\/aivlisoft.net\/shop\/producto\/xiaomi-redmi-note-13-pro-667-256gb-8gb-black\/\" rel=\"bookmark\"><span class=\"screen-reader-text\">XIAOMI Redmi Note 13 PRO 6,67&#8243; 256GB 8GB Black<\/span><\/a><\/p>\n","protected":false},"featured_media":21830,"template":"","meta":{"neve_meta_sidebar":"","neve_meta_container":"","neve_meta_enable_content_width":"","neve_meta_content_width":0,"neve_meta_title_alignment":"","neve_meta_author_avatar":"","neve_post_elements_order":"","neve_meta_disable_header":"","neve_meta_disable_footer":"","neve_meta_disable_title":""},"product_brand":[],"product_cat":[15,8682],"product_tag":[7744],"class_list":{"0":"post-21829","1":"product","2":"type-product","3":"status-publish","4":"has-post-thumbnail","6":"product_cat-sin-categorizar","7":"product_cat-telefonia-y-tablets","8":"product_tag-mzb0fwweu","10":"first","11":"instock","12":"taxable","13":"shipping-taxable","14":"purchasable","15":"product-type-simple"},"yoast_head":"<!-- This site is optimized with the Yoast SEO plugin v26.0 - https:\/\/yoast.com\/wordpress\/plugins\/seo\/ -->\n<title>XIAOMI Redmi Note 13 PRO 6,67&quot; 256GB 8GB Black - Aivlisoft Inform\u00e1tica<\/title>\n<meta name=\"robots\" content=\"index, follow, max-snippet:-1, max-image-preview:large, max-video-preview:-1\" \/>\n<link rel=\"canonical\" href=\"https:\/\/aivlisoft.net\/shop\/producto\/xiaomi-redmi-note-13-pro-667-256gb-8gb-black\/\" \/>\n<meta property=\"og:locale\" content=\"es_ES\" \/>\n<meta property=\"og:type\" content=\"article\" \/>\n<meta property=\"og:title\" content=\"XIAOMI Redmi Note 13 PRO 6,67&quot; 256GB 8GB Black - Aivlisoft Inform\u00e1tica\" \/>\n<meta property=\"og:description\" content=\"Marca Xiaomi Modelo MZB0FWWEU Procesador &#8211; MediaTek Helio G99-Ultra &#8211; Tecnolog&iacute;a de proceso de 6 nm &#8211; CPU: Procesador de ocho n&uacute;cleos, hasta 2,2 GHz &#8211; GPU: Mali-G57 MC2 Sistema operativo &#8211; MIUI 14 Memoria &#8211; 8 GB RAM &#8211; 256 GB de almacenamiento &#8211; LPDDR4X + UFS 2.2 &#8211; Permite ampliar el almacenamiento hasta&hellip;&nbsp;XIAOMI Redmi Note 13 PRO 6,67&#8243; 256GB 8GB Black\" \/>\n<meta property=\"og:url\" content=\"https:\/\/aivlisoft.net\/shop\/producto\/xiaomi-redmi-note-13-pro-667-256gb-8gb-black\/\" \/>\n<meta property=\"og:site_name\" content=\"Aivlisoft Inform\u00e1tica\" \/>\n<meta property=\"article:modified_time\" content=\"2025-01-14T14:09:53+00:00\" \/>\n<meta property=\"og:image\" content=\"https:\/\/aivlisoft.net\/shop\/wp-content\/uploads\/2025\/01\/NTETMO2359_800.jpg\" \/>\n\t<meta property=\"og:image:width\" content=\"800\" \/>\n\t<meta property=\"og:image:height\" content=\"800\" \/>\n\t<meta property=\"og:image:type\" content=\"image\/jpeg\" \/>\n<meta name=\"twitter:card\" content=\"summary_large_image\" \/>\n<meta name=\"twitter:label1\" content=\"Tiempo de lectura\" \/>\n\t<meta name=\"twitter:data1\" content=\"3 minutos\" \/>\n<script type=\"application\/ld+json\" class=\"yoast-schema-graph\">{\"@context\":\"https:\/\/schema.org\",\"@graph\":[{\"@type\":\"WebPage\",\"@id\":\"https:\/\/aivlisoft.net\/shop\/producto\/xiaomi-redmi-note-13-pro-667-256gb-8gb-black\/\",\"url\":\"https:\/\/aivlisoft.net\/shop\/producto\/xiaomi-redmi-note-13-pro-667-256gb-8gb-black\/\",\"name\":\"XIAOMI Redmi Note 13 PRO 6,67\\\" 256GB 8GB Black - Aivlisoft Inform\u00e1tica\",\"isPartOf\":{\"@id\":\"https:\/\/aivlisoft.net\/shop\/#website\"},\"primaryImageOfPage\":{\"@id\":\"https:\/\/aivlisoft.net\/shop\/producto\/xiaomi-redmi-note-13-pro-667-256gb-8gb-black\/#primaryimage\"},\"image\":{\"@id\":\"https:\/\/aivlisoft.net\/shop\/producto\/xiaomi-redmi-note-13-pro-667-256gb-8gb-black\/#primaryimage\"},\"thumbnailUrl\":\"https:\/\/aivlisoft.net\/shop\/wp-content\/uploads\/2025\/01\/NTETMO2359_800.jpg\",\"datePublished\":\"2025-01-13T15:58:48+00:00\",\"dateModified\":\"2025-01-14T14:09:53+00:00\",\"breadcrumb\":{\"@id\":\"https:\/\/aivlisoft.net\/shop\/producto\/xiaomi-redmi-note-13-pro-667-256gb-8gb-black\/#breadcrumb\"},\"inLanguage\":\"es\",\"potentialAction\":[{\"@type\":\"ReadAction\",\"target\":[\"https:\/\/aivlisoft.net\/shop\/producto\/xiaomi-redmi-note-13-pro-667-256gb-8gb-black\/\"]}]},{\"@type\":\"ImageObject\",\"inLanguage\":\"es\",\"@id\":\"https:\/\/aivlisoft.net\/shop\/producto\/xiaomi-redmi-note-13-pro-667-256gb-8gb-black\/#primaryimage\",\"url\":\"https:\/\/aivlisoft.net\/shop\/wp-content\/uploads\/2025\/01\/NTETMO2359_800.jpg\",\"contentUrl\":\"https:\/\/aivlisoft.net\/shop\/wp-content\/uploads\/2025\/01\/NTETMO2359_800.jpg\",\"width\":800,\"height\":800},{\"@type\":\"BreadcrumbList\",\"@id\":\"https:\/\/aivlisoft.net\/shop\/producto\/xiaomi-redmi-note-13-pro-667-256gb-8gb-black\/#breadcrumb\",\"itemListElement\":[{\"@type\":\"ListItem\",\"position\":1,\"name\":\"Portada\",\"item\":\"https:\/\/aivlisoft.net\/shop\/\"},{\"@type\":\"ListItem\",\"position\":2,\"name\":\"Tienda\",\"item\":\"https:\/\/aivlisoft.net\/shop\/tienda\/\"},{\"@type\":\"ListItem\",\"position\":3,\"name\":\"XIAOMI Redmi Note 13 PRO 6,67&#8243; 256GB 8GB Black\"}]},{\"@type\":\"WebSite\",\"@id\":\"https:\/\/aivlisoft.net\/shop\/#website\",\"url\":\"https:\/\/aivlisoft.net\/shop\/\",\"name\":\"Aivlisoft Inform\u00e1tica\",\"description\":\"En Aivlisoft Inform\u00e1tica ofrecemos soluciones tecnol\u00f3gicas para empresas: venta de ordenadores, consumibles, perif\u00e9ricos y m\u00e1s. Calidad, atenci\u00f3n personalizada y los mejores precios para tu negocio.\",\"publisher\":{\"@id\":\"https:\/\/aivlisoft.net\/shop\/#organization\"},\"potentialAction\":[{\"@type\":\"SearchAction\",\"target\":{\"@type\":\"EntryPoint\",\"urlTemplate\":\"https:\/\/aivlisoft.net\/shop\/?s={search_term_string}\"},\"query-input\":{\"@type\":\"PropertyValueSpecification\",\"valueRequired\":true,\"valueName\":\"search_term_string\"}}],\"inLanguage\":\"es\"},{\"@type\":\"Organization\",\"@id\":\"https:\/\/aivlisoft.net\/shop\/#organization\",\"name\":\"Aivlisoft Inform\u00e1tica\",\"url\":\"https:\/\/aivlisoft.net\/shop\/\",\"logo\":{\"@type\":\"ImageObject\",\"inLanguage\":\"es\",\"@id\":\"https:\/\/aivlisoft.net\/shop\/#\/schema\/logo\/image\/\",\"url\":\"https:\/\/aivlisoft.net\/shop\/wp-content\/uploads\/2024\/12\/removal.ai_5b848c54-0cdf-4140-95c5-c5536bb7573b-logodef.png\",\"contentUrl\":\"https:\/\/aivlisoft.net\/shop\/wp-content\/uploads\/2024\/12\/removal.ai_5b848c54-0cdf-4140-95c5-c5536bb7573b-logodef.png\",\"width\":484,\"height\":182,\"caption\":\"Aivlisoft Inform\u00e1tica\"},\"image\":{\"@id\":\"https:\/\/aivlisoft.net\/shop\/#\/schema\/logo\/image\/\"}}]}<\/script>\n<!-- \/ Yoast SEO plugin. -->","yoast_head_json":{"title":"XIAOMI Redmi Note 13 PRO 6,67\" 256GB 8GB Black - Aivlisoft Inform\u00e1tica","robots":{"index":"index","follow":"follow","max-snippet":"max-snippet:-1","max-image-preview":"max-image-preview:large","max-video-preview":"max-video-preview:-1"},"canonical":"https:\/\/aivlisoft.net\/shop\/producto\/xiaomi-redmi-note-13-pro-667-256gb-8gb-black\/","og_locale":"es_ES","og_type":"article","og_title":"XIAOMI Redmi Note 13 PRO 6,67\" 256GB 8GB Black - Aivlisoft Inform\u00e1tica","og_description":"Marca Xiaomi Modelo MZB0FWWEU Procesador &#8211; MediaTek Helio G99-Ultra &#8211; Tecnolog&iacute;a de proceso de 6 nm &#8211; CPU: Procesador de ocho n&uacute;cleos, hasta 2,2 GHz &#8211; GPU: Mali-G57 MC2 Sistema operativo &#8211; MIUI 14 Memoria &#8211; 8 GB RAM &#8211; 256 GB de almacenamiento &#8211; LPDDR4X + UFS 2.2 &#8211; Permite ampliar el almacenamiento hasta&hellip;&nbsp;XIAOMI Redmi Note 13 PRO 6,67&#8243; 256GB 8GB Black","og_url":"https:\/\/aivlisoft.net\/shop\/producto\/xiaomi-redmi-note-13-pro-667-256gb-8gb-black\/","og_site_name":"Aivlisoft Inform\u00e1tica","article_modified_time":"2025-01-14T14:09:53+00:00","og_image":[{"width":800,"height":800,"url":"https:\/\/aivlisoft.net\/shop\/wp-content\/uploads\/2025\/01\/NTETMO2359_800.jpg","type":"image\/jpeg"}],"twitter_card":"summary_large_image","twitter_misc":{"Tiempo de lectura":"3 minutos"},"schema":{"@context":"https:\/\/schema.org","@graph":[{"@type":"WebPage","@id":"https:\/\/aivlisoft.net\/shop\/producto\/xiaomi-redmi-note-13-pro-667-256gb-8gb-black\/","url":"https:\/\/aivlisoft.net\/shop\/producto\/xiaomi-redmi-note-13-pro-667-256gb-8gb-black\/","name":"XIAOMI Redmi Note 13 PRO 6,67\" 256GB 8GB Black - Aivlisoft Inform\u00e1tica","isPartOf":{"@id":"https:\/\/aivlisoft.net\/shop\/#website"},"primaryImageOfPage":{"@id":"https:\/\/aivlisoft.net\/shop\/producto\/xiaomi-redmi-note-13-pro-667-256gb-8gb-black\/#primaryimage"},"image":{"@id":"https:\/\/aivlisoft.net\/shop\/producto\/xiaomi-redmi-note-13-pro-667-256gb-8gb-black\/#primaryimage"},"thumbnailUrl":"https:\/\/aivlisoft.net\/shop\/wp-content\/uploads\/2025\/01\/NTETMO2359_800.jpg","datePublished":"2025-01-13T15:58:48+00:00","dateModified":"2025-01-14T14:09:53+00:00","breadcrumb":{"@id":"https:\/\/aivlisoft.net\/shop\/producto\/xiaomi-redmi-note-13-pro-667-256gb-8gb-black\/#breadcrumb"},"inLanguage":"es","potentialAction":[{"@type":"ReadAction","target":["https:\/\/aivlisoft.net\/shop\/producto\/xiaomi-redmi-note-13-pro-667-256gb-8gb-black\/"]}]},{"@type":"ImageObject","inLanguage":"es","@id":"https:\/\/aivlisoft.net\/shop\/producto\/xiaomi-redmi-note-13-pro-667-256gb-8gb-black\/#primaryimage","url":"https:\/\/aivlisoft.net\/shop\/wp-content\/uploads\/2025\/01\/NTETMO2359_800.jpg","contentUrl":"https:\/\/aivlisoft.net\/shop\/wp-content\/uploads\/2025\/01\/NTETMO2359_800.jpg","width":800,"height":800},{"@type":"BreadcrumbList","@id":"https:\/\/aivlisoft.net\/shop\/producto\/xiaomi-redmi-note-13-pro-667-256gb-8gb-black\/#breadcrumb","itemListElement":[{"@type":"ListItem","position":1,"name":"Portada","item":"https:\/\/aivlisoft.net\/shop\/"},{"@type":"ListItem","position":2,"name":"Tienda","item":"https:\/\/aivlisoft.net\/shop\/tienda\/"},{"@type":"ListItem","position":3,"name":"XIAOMI Redmi Note 13 PRO 6,67&#8243; 256GB 8GB Black"}]},{"@type":"WebSite","@id":"https:\/\/aivlisoft.net\/shop\/#website","url":"https:\/\/aivlisoft.net\/shop\/","name":"Aivlisoft Inform\u00e1tica","description":"En Aivlisoft Inform\u00e1tica ofrecemos soluciones tecnol\u00f3gicas para empresas: venta de ordenadores, consumibles, perif\u00e9ricos y m\u00e1s. Calidad, atenci\u00f3n personalizada y los mejores precios para tu negocio.","publisher":{"@id":"https:\/\/aivlisoft.net\/shop\/#organization"},"potentialAction":[{"@type":"SearchAction","target":{"@type":"EntryPoint","urlTemplate":"https:\/\/aivlisoft.net\/shop\/?s={search_term_string}"},"query-input":{"@type":"PropertyValueSpecification","valueRequired":true,"valueName":"search_term_string"}}],"inLanguage":"es"},{"@type":"Organization","@id":"https:\/\/aivlisoft.net\/shop\/#organization","name":"Aivlisoft Inform\u00e1tica","url":"https:\/\/aivlisoft.net\/shop\/","logo":{"@type":"ImageObject","inLanguage":"es","@id":"https:\/\/aivlisoft.net\/shop\/#\/schema\/logo\/image\/","url":"https:\/\/aivlisoft.net\/shop\/wp-content\/uploads\/2024\/12\/removal.ai_5b848c54-0cdf-4140-95c5-c5536bb7573b-logodef.png","contentUrl":"https:\/\/aivlisoft.net\/shop\/wp-content\/uploads\/2024\/12\/removal.ai_5b848c54-0cdf-4140-95c5-c5536bb7573b-logodef.png","width":484,"height":182,"caption":"Aivlisoft Inform\u00e1tica"},"image":{"@id":"https:\/\/aivlisoft.net\/shop\/#\/schema\/logo\/image\/"}}]}},"_links":{"self":[{"href":"https:\/\/aivlisoft.net\/shop\/wp-json\/wp\/v2\/product\/21829","targetHints":{"allow":["GET"]}}],"collection":[{"href":"https:\/\/aivlisoft.net\/shop\/wp-json\/wp\/v2\/product"}],"about":[{"href":"https:\/\/aivlisoft.net\/shop\/wp-json\/wp\/v2\/types\/product"}],"wp:featuredmedia":[{"embeddable":true,"href":"https:\/\/aivlisoft.net\/shop\/wp-json\/wp\/v2\/media\/21830"}],"wp:attachment":[{"href":"https:\/\/aivlisoft.net\/shop\/wp-json\/wp\/v2\/media?parent=21829"}],"wp:term":[{"taxonomy":"product_brand","embeddable":true,"href":"https:\/\/aivlisoft.net\/shop\/wp-json\/wp\/v2\/product_brand?post=21829"},{"taxonomy":"product_cat","embeddable":true,"href":"https:\/\/aivlisoft.net\/shop\/wp-json\/wp\/v2\/product_cat?post=21829"},{"taxonomy":"product_tag","embeddable":true,"href":"https:\/\/aivlisoft.net\/shop\/wp-json\/wp\/v2\/product_tag?post=21829"}],"curies":[{"name":"wp","href":"https:\/\/api.w.org\/{rel}","templated":true}]}}