{"id":21777,"date":"2025-01-13T15:58:14","date_gmt":"2025-01-13T15:58:14","guid":{"rendered":"https:\/\/aivlisoft.com\/?post_type=product&#038;p=21777"},"modified":"2025-01-14T19:47:14","modified_gmt":"2025-01-14T19:47:14","slug":"spc-2336p-wild-4g-telefono-movil-2-8-bt-fm-rosa","status":"publish","type":"product","link":"https:\/\/aivlisoft.net\/shop\/producto\/spc-2336p-wild-4g-telefono-movil-2-8-bt-fm-rosa\/","title":{"rendered":"SPC 2336P Wild 4G Telefono Movil 2.8&#8243; BT FM Rosa"},"content":{"rendered":"<p><\/p>\n<table class=\"tabla_caracteristicas k-table\" width=\"100%\">\n<tr>\n<td><strong>Marca<\/strong><\/td>\n<td>SPC<\/td>\n<\/tr>\n<tr>\n<td><strong>Modelo<\/strong><\/td>\n<td><strong>2336P<\/strong><\/td>\n<\/tr>\n<tr>\n<td valign=\"top\"><strong>Pantalla<\/strong><\/td>\n<td>&#8211; Tama&ntilde;o:<br \/>\t\t\t&nbsp; Principal: <strong>2,8<\/strong><br \/>\t\t\t&nbsp; Exterior: 1,77<br \/>\t\t\t&#8211; Resoluci&oacute;n:<br \/>\t\t\t&nbsp; Principal: <strong>QVGA <\/strong>resoluci&oacute;n <strong>320&#215;240<\/strong> pixels<br \/>\t\t\t&nbsp; Exterior: QVGA resoluci&oacute;n 160&#215;128 pixels<br \/>\t\t\t&#8211; Indicadores:<br \/>\t\t\t&nbsp; Se&ntilde;al m&oacute;vil<br \/>\t\t\t&nbsp; Estado de la bater&iacute;a<\/td>\n<\/tr>\n<tr>\n<td valign=\"top\"><strong>Memoria<\/strong><\/td>\n<td>&#8211; Memoria interna: 48Mb+128Mb<br \/>\t\t\t&#8211; Memoria ampliable: Micro SD de hasta 64 GB<\/td>\n<\/tr>\n<tr>\n<td valign=\"top\"><strong>Conectividad<\/strong><\/td>\n<td>&#8211; Redes<br \/>\t\t\t&nbsp; 4G (B1, B3, B7, B8, B20)<br \/>\t\t\t&nbsp; 3G (900\/2100MHz)<br \/>\t\t\t&nbsp; 2G (850\/900\/1800\/1900MHz)<br \/>\t\t\t&#8211; Bluetooth: 5.0<br \/>\t\t\t&#8211; Dual SIM: 2 x Nano SIM<br \/>\t\t\t&#8211; Salida de audio: 3,5mm<\/td>\n<\/tr>\n<tr>\n<td valign=\"top\"><strong>C&aacute;mara<\/strong><\/td>\n<td>&#8211; C&aacute;mara trasera: 2.0 Mpx<br \/>\t\t\t&#8211; Flash<\/td>\n<\/tr>\n<tr>\n<td valign=\"top\"><strong>Otras caracter&iacute;sticas<\/strong><\/td>\n<td>&#8211; Bot&oacute;n SOS: 5 n&uacute;meros, mensaje SOS<br \/>\t\t\t&#8211; Memorias r&aacute;pidas: 9<br \/>\t\t\t&#8211; Agenda: 500 contactos<br \/>\t\t\t&#8211; Mensajer&iacute;a: SMS\/MMS<br \/>\t\t\t&#8211; Manos libres&nbsp;<br \/>\t\t\t&#8211; Vibraci&oacute;n&nbsp;<br \/>\t\t\t&#8211; Radio FM&nbsp;<br \/>\t\t\t&#8211; Alarma<br \/>\t\t\t&#8211; Linterna<br \/>\t\t\t&#8211; Calculadora&nbsp;<br \/>\t\t\t&#8211; Calendario&nbsp;<br \/>\t\t\t&#8211; Opci&oacute;n colgante&nbsp;<br \/>\t\t\t&#8211; Configuraci&oacute;n remota<br \/>\t\t\t&#8211; Notificaciones inteligentes<br \/>\t\t\t&#8211; Timbre inteligente&nbsp;<br \/>\t\t\t<strong>Alimentaci&oacute;n<\/strong><br \/>\t\t\t&#8211; Bater&iacute;a de iones de litio de <strong>1600mAh<\/strong><br \/>\t\t\t&#8211; Conexi&oacute;n USB: USB-C<br \/>\t\t\t<strong>Dimensiones y peso<\/strong><br \/>\t\t\t&#8211; 108 x 55 x 20,5 mm<br \/>\t\t\t&#8211; 118,4 g<br \/>\t\t\t<strong>Contenido<\/strong><br \/>\t\t\t&#8211; Tel&eacute;fono<br \/>\t\t\t&#8211; Bater&iacute;a<br \/>\t\t\t&#8211; Cable USB<br \/>\t\t\t&#8211; Gu&iacute;a de usuario<\/td>\n<\/tr>\n<tr>\n<td><strong>Fecha de revisi&oacute;n<\/strong><\/td>\n<td>18-11-2024 por RTY<\/td>\n<\/tr>\n<\/table>\n","protected":false},"excerpt":{"rendered":"<p>Marca SPC Modelo 2336P Pantalla &#8211; Tama&ntilde;o: &nbsp; Principal: 2,8 &nbsp; Exterior: 1,77 &#8211; Resoluci&oacute;n: &nbsp; Principal: QVGA resoluci&oacute;n 320&#215;240 pixels &nbsp; Exterior: QVGA resoluci&oacute;n 160&#215;128 pixels &#8211; Indicadores: &nbsp; Se&ntilde;al m&oacute;vil &nbsp; Estado de la bater&iacute;a Memoria &#8211; Memoria interna: 48Mb+128Mb &#8211; Memoria ampliable: Micro SD de hasta 64 GB Conectividad &#8211; Redes &nbsp;&hellip;&nbsp;<a href=\"https:\/\/aivlisoft.net\/shop\/producto\/spc-2336p-wild-4g-telefono-movil-2-8-bt-fm-rosa\/\" rel=\"bookmark\"><span class=\"screen-reader-text\">SPC 2336P Wild 4G Telefono Movil 2.8&#8243; BT FM Rosa<\/span><\/a><\/p>\n","protected":false},"featured_media":21778,"template":"","meta":{"neve_meta_sidebar":"","neve_meta_container":"","neve_meta_enable_content_width":"","neve_meta_content_width":0,"neve_meta_title_alignment":"","neve_meta_author_avatar":"","neve_post_elements_order":"","neve_meta_disable_header":"","neve_meta_disable_footer":"","neve_meta_disable_title":""},"product_brand":[],"product_cat":[15,7909],"product_tag":[7727],"class_list":{"0":"post-21777","1":"product","2":"type-product","3":"status-publish","4":"has-post-thumbnail","6":"product_cat-sin-categorizar","7":"product_cat-telefonia-ip","8":"product_tag-2336p","10":"first","11":"instock","12":"taxable","13":"shipping-taxable","14":"purchasable","15":"product-type-simple"},"yoast_head":"<!-- This site is optimized with the Yoast SEO plugin v26.0 - https:\/\/yoast.com\/wordpress\/plugins\/seo\/ -->\n<title>SPC 2336P Wild 4G Telefono Movil 2.8&quot; BT FM Rosa - Aivlisoft Inform\u00e1tica<\/title>\n<meta name=\"robots\" content=\"index, follow, max-snippet:-1, max-image-preview:large, max-video-preview:-1\" \/>\n<link rel=\"canonical\" href=\"https:\/\/aivlisoft.net\/shop\/producto\/spc-2336p-wild-4g-telefono-movil-2-8-bt-fm-rosa\/\" \/>\n<meta property=\"og:locale\" content=\"es_ES\" \/>\n<meta property=\"og:type\" content=\"article\" \/>\n<meta property=\"og:title\" content=\"SPC 2336P Wild 4G Telefono Movil 2.8&quot; BT FM Rosa - Aivlisoft Inform\u00e1tica\" \/>\n<meta property=\"og:description\" content=\"Marca SPC Modelo 2336P Pantalla &#8211; Tama&ntilde;o: &nbsp; Principal: 2,8 &nbsp; Exterior: 1,77 &#8211; Resoluci&oacute;n: &nbsp; Principal: QVGA resoluci&oacute;n 320&#215;240 pixels &nbsp; Exterior: QVGA resoluci&oacute;n 160&#215;128 pixels &#8211; Indicadores: &nbsp; Se&ntilde;al m&oacute;vil &nbsp; Estado de la bater&iacute;a Memoria &#8211; Memoria interna: 48Mb+128Mb &#8211; Memoria ampliable: Micro SD de hasta 64 GB Conectividad &#8211; Redes &nbsp;&hellip;&nbsp;SPC 2336P Wild 4G Telefono Movil 2.8&#8243; BT FM Rosa\" \/>\n<meta property=\"og:url\" content=\"https:\/\/aivlisoft.net\/shop\/producto\/spc-2336p-wild-4g-telefono-movil-2-8-bt-fm-rosa\/\" \/>\n<meta property=\"og:site_name\" content=\"Aivlisoft Inform\u00e1tica\" \/>\n<meta property=\"article:modified_time\" content=\"2025-01-14T19:47:14+00:00\" \/>\n<meta property=\"og:image\" content=\"https:\/\/aivlisoft.net\/shop\/wp-content\/uploads\/2025\/01\/NTETMM0053_800.jpg\" \/>\n\t<meta property=\"og:image:width\" content=\"800\" \/>\n\t<meta property=\"og:image:height\" content=\"800\" \/>\n\t<meta property=\"og:image:type\" content=\"image\/jpeg\" \/>\n<meta name=\"twitter:card\" content=\"summary_large_image\" \/>\n<meta name=\"twitter:label1\" content=\"Tiempo de lectura\" \/>\n\t<meta name=\"twitter:data1\" content=\"1 minuto\" \/>\n<script type=\"application\/ld+json\" class=\"yoast-schema-graph\">{\"@context\":\"https:\/\/schema.org\",\"@graph\":[{\"@type\":\"WebPage\",\"@id\":\"https:\/\/aivlisoft.net\/shop\/producto\/spc-2336p-wild-4g-telefono-movil-2-8-bt-fm-rosa\/\",\"url\":\"https:\/\/aivlisoft.net\/shop\/producto\/spc-2336p-wild-4g-telefono-movil-2-8-bt-fm-rosa\/\",\"name\":\"SPC 2336P Wild 4G Telefono Movil 2.8\\\" BT FM Rosa - Aivlisoft Inform\u00e1tica\",\"isPartOf\":{\"@id\":\"https:\/\/aivlisoft.net\/shop\/#website\"},\"primaryImageOfPage\":{\"@id\":\"https:\/\/aivlisoft.net\/shop\/producto\/spc-2336p-wild-4g-telefono-movil-2-8-bt-fm-rosa\/#primaryimage\"},\"image\":{\"@id\":\"https:\/\/aivlisoft.net\/shop\/producto\/spc-2336p-wild-4g-telefono-movil-2-8-bt-fm-rosa\/#primaryimage\"},\"thumbnailUrl\":\"https:\/\/aivlisoft.net\/shop\/wp-content\/uploads\/2025\/01\/NTETMM0053_800.jpg\",\"datePublished\":\"2025-01-13T15:58:14+00:00\",\"dateModified\":\"2025-01-14T19:47:14+00:00\",\"breadcrumb\":{\"@id\":\"https:\/\/aivlisoft.net\/shop\/producto\/spc-2336p-wild-4g-telefono-movil-2-8-bt-fm-rosa\/#breadcrumb\"},\"inLanguage\":\"es\",\"potentialAction\":[{\"@type\":\"ReadAction\",\"target\":[\"https:\/\/aivlisoft.net\/shop\/producto\/spc-2336p-wild-4g-telefono-movil-2-8-bt-fm-rosa\/\"]}]},{\"@type\":\"ImageObject\",\"inLanguage\":\"es\",\"@id\":\"https:\/\/aivlisoft.net\/shop\/producto\/spc-2336p-wild-4g-telefono-movil-2-8-bt-fm-rosa\/#primaryimage\",\"url\":\"https:\/\/aivlisoft.net\/shop\/wp-content\/uploads\/2025\/01\/NTETMM0053_800.jpg\",\"contentUrl\":\"https:\/\/aivlisoft.net\/shop\/wp-content\/uploads\/2025\/01\/NTETMM0053_800.jpg\",\"width\":800,\"height\":800},{\"@type\":\"BreadcrumbList\",\"@id\":\"https:\/\/aivlisoft.net\/shop\/producto\/spc-2336p-wild-4g-telefono-movil-2-8-bt-fm-rosa\/#breadcrumb\",\"itemListElement\":[{\"@type\":\"ListItem\",\"position\":1,\"name\":\"Portada\",\"item\":\"https:\/\/aivlisoft.net\/shop\/\"},{\"@type\":\"ListItem\",\"position\":2,\"name\":\"Tienda\",\"item\":\"https:\/\/aivlisoft.net\/shop\/tienda\/\"},{\"@type\":\"ListItem\",\"position\":3,\"name\":\"SPC 2336P Wild 4G Telefono Movil 2.8&#8243; BT FM Rosa\"}]},{\"@type\":\"WebSite\",\"@id\":\"https:\/\/aivlisoft.net\/shop\/#website\",\"url\":\"https:\/\/aivlisoft.net\/shop\/\",\"name\":\"Aivlisoft Inform\u00e1tica\",\"description\":\"En Aivlisoft Inform\u00e1tica ofrecemos soluciones tecnol\u00f3gicas para empresas: venta de ordenadores, consumibles, perif\u00e9ricos y m\u00e1s. Calidad, atenci\u00f3n personalizada y los mejores precios para tu negocio.\",\"publisher\":{\"@id\":\"https:\/\/aivlisoft.net\/shop\/#organization\"},\"potentialAction\":[{\"@type\":\"SearchAction\",\"target\":{\"@type\":\"EntryPoint\",\"urlTemplate\":\"https:\/\/aivlisoft.net\/shop\/?s={search_term_string}\"},\"query-input\":{\"@type\":\"PropertyValueSpecification\",\"valueRequired\":true,\"valueName\":\"search_term_string\"}}],\"inLanguage\":\"es\"},{\"@type\":\"Organization\",\"@id\":\"https:\/\/aivlisoft.net\/shop\/#organization\",\"name\":\"Aivlisoft Inform\u00e1tica\",\"url\":\"https:\/\/aivlisoft.net\/shop\/\",\"logo\":{\"@type\":\"ImageObject\",\"inLanguage\":\"es\",\"@id\":\"https:\/\/aivlisoft.net\/shop\/#\/schema\/logo\/image\/\",\"url\":\"https:\/\/aivlisoft.net\/shop\/wp-content\/uploads\/2024\/12\/removal.ai_5b848c54-0cdf-4140-95c5-c5536bb7573b-logodef.png\",\"contentUrl\":\"https:\/\/aivlisoft.net\/shop\/wp-content\/uploads\/2024\/12\/removal.ai_5b848c54-0cdf-4140-95c5-c5536bb7573b-logodef.png\",\"width\":484,\"height\":182,\"caption\":\"Aivlisoft Inform\u00e1tica\"},\"image\":{\"@id\":\"https:\/\/aivlisoft.net\/shop\/#\/schema\/logo\/image\/\"}}]}<\/script>\n<!-- \/ Yoast SEO plugin. -->","yoast_head_json":{"title":"SPC 2336P Wild 4G Telefono Movil 2.8\" BT FM Rosa - Aivlisoft Inform\u00e1tica","robots":{"index":"index","follow":"follow","max-snippet":"max-snippet:-1","max-image-preview":"max-image-preview:large","max-video-preview":"max-video-preview:-1"},"canonical":"https:\/\/aivlisoft.net\/shop\/producto\/spc-2336p-wild-4g-telefono-movil-2-8-bt-fm-rosa\/","og_locale":"es_ES","og_type":"article","og_title":"SPC 2336P Wild 4G Telefono Movil 2.8\" BT FM Rosa - Aivlisoft Inform\u00e1tica","og_description":"Marca SPC Modelo 2336P Pantalla &#8211; Tama&ntilde;o: &nbsp; Principal: 2,8 &nbsp; Exterior: 1,77 &#8211; Resoluci&oacute;n: &nbsp; Principal: QVGA resoluci&oacute;n 320&#215;240 pixels &nbsp; Exterior: QVGA resoluci&oacute;n 160&#215;128 pixels &#8211; Indicadores: &nbsp; Se&ntilde;al m&oacute;vil &nbsp; Estado de la bater&iacute;a Memoria &#8211; Memoria interna: 48Mb+128Mb &#8211; Memoria ampliable: Micro SD de hasta 64 GB Conectividad &#8211; Redes &nbsp;&hellip;&nbsp;SPC 2336P Wild 4G Telefono Movil 2.8&#8243; BT FM Rosa","og_url":"https:\/\/aivlisoft.net\/shop\/producto\/spc-2336p-wild-4g-telefono-movil-2-8-bt-fm-rosa\/","og_site_name":"Aivlisoft Inform\u00e1tica","article_modified_time":"2025-01-14T19:47:14+00:00","og_image":[{"width":800,"height":800,"url":"https:\/\/aivlisoft.net\/shop\/wp-content\/uploads\/2025\/01\/NTETMM0053_800.jpg","type":"image\/jpeg"}],"twitter_card":"summary_large_image","twitter_misc":{"Tiempo de lectura":"1 minuto"},"schema":{"@context":"https:\/\/schema.org","@graph":[{"@type":"WebPage","@id":"https:\/\/aivlisoft.net\/shop\/producto\/spc-2336p-wild-4g-telefono-movil-2-8-bt-fm-rosa\/","url":"https:\/\/aivlisoft.net\/shop\/producto\/spc-2336p-wild-4g-telefono-movil-2-8-bt-fm-rosa\/","name":"SPC 2336P Wild 4G Telefono Movil 2.8\" BT FM Rosa - Aivlisoft Inform\u00e1tica","isPartOf":{"@id":"https:\/\/aivlisoft.net\/shop\/#website"},"primaryImageOfPage":{"@id":"https:\/\/aivlisoft.net\/shop\/producto\/spc-2336p-wild-4g-telefono-movil-2-8-bt-fm-rosa\/#primaryimage"},"image":{"@id":"https:\/\/aivlisoft.net\/shop\/producto\/spc-2336p-wild-4g-telefono-movil-2-8-bt-fm-rosa\/#primaryimage"},"thumbnailUrl":"https:\/\/aivlisoft.net\/shop\/wp-content\/uploads\/2025\/01\/NTETMM0053_800.jpg","datePublished":"2025-01-13T15:58:14+00:00","dateModified":"2025-01-14T19:47:14+00:00","breadcrumb":{"@id":"https:\/\/aivlisoft.net\/shop\/producto\/spc-2336p-wild-4g-telefono-movil-2-8-bt-fm-rosa\/#breadcrumb"},"inLanguage":"es","potentialAction":[{"@type":"ReadAction","target":["https:\/\/aivlisoft.net\/shop\/producto\/spc-2336p-wild-4g-telefono-movil-2-8-bt-fm-rosa\/"]}]},{"@type":"ImageObject","inLanguage":"es","@id":"https:\/\/aivlisoft.net\/shop\/producto\/spc-2336p-wild-4g-telefono-movil-2-8-bt-fm-rosa\/#primaryimage","url":"https:\/\/aivlisoft.net\/shop\/wp-content\/uploads\/2025\/01\/NTETMM0053_800.jpg","contentUrl":"https:\/\/aivlisoft.net\/shop\/wp-content\/uploads\/2025\/01\/NTETMM0053_800.jpg","width":800,"height":800},{"@type":"BreadcrumbList","@id":"https:\/\/aivlisoft.net\/shop\/producto\/spc-2336p-wild-4g-telefono-movil-2-8-bt-fm-rosa\/#breadcrumb","itemListElement":[{"@type":"ListItem","position":1,"name":"Portada","item":"https:\/\/aivlisoft.net\/shop\/"},{"@type":"ListItem","position":2,"name":"Tienda","item":"https:\/\/aivlisoft.net\/shop\/tienda\/"},{"@type":"ListItem","position":3,"name":"SPC 2336P Wild 4G Telefono Movil 2.8&#8243; BT FM Rosa"}]},{"@type":"WebSite","@id":"https:\/\/aivlisoft.net\/shop\/#website","url":"https:\/\/aivlisoft.net\/shop\/","name":"Aivlisoft Inform\u00e1tica","description":"En Aivlisoft Inform\u00e1tica ofrecemos soluciones tecnol\u00f3gicas para empresas: venta de ordenadores, consumibles, perif\u00e9ricos y m\u00e1s. Calidad, atenci\u00f3n personalizada y los mejores precios para tu negocio.","publisher":{"@id":"https:\/\/aivlisoft.net\/shop\/#organization"},"potentialAction":[{"@type":"SearchAction","target":{"@type":"EntryPoint","urlTemplate":"https:\/\/aivlisoft.net\/shop\/?s={search_term_string}"},"query-input":{"@type":"PropertyValueSpecification","valueRequired":true,"valueName":"search_term_string"}}],"inLanguage":"es"},{"@type":"Organization","@id":"https:\/\/aivlisoft.net\/shop\/#organization","name":"Aivlisoft Inform\u00e1tica","url":"https:\/\/aivlisoft.net\/shop\/","logo":{"@type":"ImageObject","inLanguage":"es","@id":"https:\/\/aivlisoft.net\/shop\/#\/schema\/logo\/image\/","url":"https:\/\/aivlisoft.net\/shop\/wp-content\/uploads\/2024\/12\/removal.ai_5b848c54-0cdf-4140-95c5-c5536bb7573b-logodef.png","contentUrl":"https:\/\/aivlisoft.net\/shop\/wp-content\/uploads\/2024\/12\/removal.ai_5b848c54-0cdf-4140-95c5-c5536bb7573b-logodef.png","width":484,"height":182,"caption":"Aivlisoft Inform\u00e1tica"},"image":{"@id":"https:\/\/aivlisoft.net\/shop\/#\/schema\/logo\/image\/"}}]}},"_links":{"self":[{"href":"https:\/\/aivlisoft.net\/shop\/wp-json\/wp\/v2\/product\/21777","targetHints":{"allow":["GET"]}}],"collection":[{"href":"https:\/\/aivlisoft.net\/shop\/wp-json\/wp\/v2\/product"}],"about":[{"href":"https:\/\/aivlisoft.net\/shop\/wp-json\/wp\/v2\/types\/product"}],"wp:featuredmedia":[{"embeddable":true,"href":"https:\/\/aivlisoft.net\/shop\/wp-json\/wp\/v2\/media\/21778"}],"wp:attachment":[{"href":"https:\/\/aivlisoft.net\/shop\/wp-json\/wp\/v2\/media?parent=21777"}],"wp:term":[{"taxonomy":"product_brand","embeddable":true,"href":"https:\/\/aivlisoft.net\/shop\/wp-json\/wp\/v2\/product_brand?post=21777"},{"taxonomy":"product_cat","embeddable":true,"href":"https:\/\/aivlisoft.net\/shop\/wp-json\/wp\/v2\/product_cat?post=21777"},{"taxonomy":"product_tag","embeddable":true,"href":"https:\/\/aivlisoft.net\/shop\/wp-json\/wp\/v2\/product_tag?post=21777"}],"curies":[{"name":"wp","href":"https:\/\/api.w.org\/{rel}","templated":true}]}}