{"id":21752,"date":"2025-01-13T15:57:56","date_gmt":"2025-01-13T15:57:56","guid":{"rendered":"https:\/\/aivlisoft.com\/?post_type=product&#038;p=21752"},"modified":"2025-01-14T19:47:18","modified_gmt":"2025-01-14T19:47:18","slug":"nokia-8210-4g-2-8-rojo","status":"publish","type":"product","link":"https:\/\/aivlisoft.net\/shop\/producto\/nokia-8210-4g-2-8-rojo\/","title":{"rendered":"Nokia 8210 4G 2.8&#8243; Rojo"},"content":{"rendered":"<p>&nbsp;<\/p>\n<table class=\"tabla_caracteristicas\" width=\"100%\">\n<tr>\n<td valign=\"top\"><strong>Marca<\/strong><\/td>\n<td>Nokia<\/td>\n<\/tr>\n<tr>\n<td valign=\"top\"><strong>Modelo<\/strong><\/td>\n<td valign=\"top\"><strong>TA-1489<\/strong><\/td>\n<\/tr>\n<tr>\n<td valign=\"top\"><strong>Procesador<\/strong><\/td>\n<td>&#8211; Unisoc T107<\/td>\n<\/tr>\n<tr>\n<td valign=\"top\"><strong>Sistema Operativo<\/strong><\/td>\n<td>&#8211; Nokia Serie 30+<\/td>\n<\/tr>\n<tr>\n<td valign=\"top\"><strong>Memoria<\/strong><\/td>\n<td>&#8211; <strong>128 MB<\/strong><br \/>\t\t\t&#8211; Compatibilidad con tarjetas MicroSD hasta: 32GB<br \/>\t\t\t&#8211; RAM: 48 MB<\/td>\n<\/tr>\n<tr>\n<td valign=\"top\"><strong>Pantalla<\/strong><\/td>\n<td>&#8211; Tama&ntilde;o: <strong>2.8&quot;<\/strong><br \/>\t\t\t&#8211; Resoluci&oacute;n: QVGA<\/td>\n<\/tr>\n<tr>\n<td valign=\"top\"><strong>C&aacute;mara<\/strong><\/td>\n<td>&#8211; Principal 0.3 megap&iacute;xeles<\/td>\n<\/tr>\n<tr>\n<td valign=\"top\"><strong>Redes y conectividad<\/strong><\/td>\n<td><strong>Redes<\/strong><br \/>\t\t\t&#8211; Velocidad m&aacute;xima de la red: 4G<br \/>\t\t\t&#8211; Bandas de red (GSM): APAC (VN, BD, MM, NP, LA), UE, RUCIS: 850\/900\/1800 MENA, SSA, resto de APAC:850\/900\/1800 IN&amp; CN:850\/900\/1800 LATAM:850\/900\/1800 \/mil novecientos<br \/>\t\t\t&#8211; Bandas de red (LTE): APAC (VN, BD, MM, NP, LA), UE, RUCIS:1, 3, 5, 7, 8, 20 MENA, SSA, resto de APAC:1, 3, 5, 7, 8, 20, 28, 38, 40, 41 (solo 120 mHz) IN&amp; CN:1, 3, 5, 8,38,39, 40, 41 (solo 120 mHz) LATAM: 1, 2,3, 4,5, 7,8,28,40<br \/>\t\t\t&#8211; Bandas de red (WCDMA): APAC (VN, BD, MM, NP, LA), UE, RUCIS:1,5,8 MENA, SSA, resto de APAC:1,5,8 IN&amp; CN:1,5,8 LATAM:1,2,4 ,5,8<br \/>\t\t\t&#8211; Tama&ntilde;o de Sim: Nano<br \/>\t\t\t<strong>Conectividad<\/strong><br \/>\t\t\t&#8211; Bluetooth: 5.0<br \/>\t\t\t&#8211; Toma de auriculares: 3,5mm<br \/>\t\t\t&#8211; Conexi&oacute;n USB: Micro USB (USB 2.0)<\/td>\n<\/tr>\n<tr>\n<td valign=\"top\"><strong>Otras <\/strong><br \/>\t\t\t<strong>caracter&iacute;sticas<\/strong><\/td>\n<td><strong>Audio<\/strong><br \/>\t\t\t&#8211; Radio FM (con o sin cable) reproductor de MP3<br \/>\t\t\t&#8211; Reproductor de MP3 (requiere tarjeta MicroSD, se vende por separado), radio FM (al&aacute;mbrica e inal&aacute;mbrica)<br \/>\t\t\t<strong>Bater&iacute;a<\/strong><br \/>\t\t\t&#8211; Bater&iacute;a: 1450 mAh (extra&iacute;ble)&nbsp;<br \/>\t\t\t&nbsp;*La bater&iacute;a tiene ciclos de recarga limitados y la capacidad de la bater&iacute;a se reduce con el tiempo. Eventualmente, la bater&iacute;a puede necesitar ser reemplazada.<br \/>\t\t\t&#8211; Potencia: 2.75W<br \/>\t\t\t<strong>Dimensiones y peso<\/strong><br \/>\t\t\t&#8211; 131.3 x 56.2 x 13.8mm<br \/>\t\t\t&#8211; 107 g<br \/>\t\t\t<strong>Contenido<\/strong><br \/>\t\t\t&#8211; Cargador micro USB<br \/>\t\t\t&#8211; Bater&iacute;a extra&iacute;ble<br \/>\t\t\t&#8211; Gu&iacute;a de inicio r&aacute;pido<\/td>\n<\/tr>\n<tr>\n<td valign=\"top\"><strong>Fecha de revisi&oacute;n<\/strong><\/td>\n<td>19-01-2023 por RTY<\/td>\n<\/tr>\n<\/table>\n","protected":false},"excerpt":{"rendered":"<p>&nbsp; Marca Nokia Modelo TA-1489 Procesador &#8211; Unisoc T107 Sistema Operativo &#8211; Nokia Serie 30+ Memoria &#8211; 128 MB &#8211; Compatibilidad con tarjetas MicroSD hasta: 32GB &#8211; RAM: 48 MB Pantalla &#8211; Tama&ntilde;o: 2.8&quot; &#8211; Resoluci&oacute;n: QVGA C&aacute;mara &#8211; Principal 0.3 megap&iacute;xeles Redes y conectividad Redes &#8211; Velocidad m&aacute;xima de la red: 4G &#8211; Bandas&hellip;&nbsp;<a href=\"https:\/\/aivlisoft.net\/shop\/producto\/nokia-8210-4g-2-8-rojo\/\" rel=\"bookmark\"><span class=\"screen-reader-text\">Nokia 8210 4G 2.8&#8243; Rojo<\/span><\/a><\/p>\n","protected":false},"featured_media":21753,"template":"","meta":{"neve_meta_sidebar":"","neve_meta_container":"","neve_meta_enable_content_width":"","neve_meta_content_width":0,"neve_meta_title_alignment":"","neve_meta_author_avatar":"","neve_post_elements_order":"","neve_meta_disable_header":"","neve_meta_disable_footer":"","neve_meta_disable_title":""},"product_brand":[],"product_cat":[15,7909],"product_tag":[7716],"class_list":{"0":"post-21752","1":"product","2":"type-product","3":"status-publish","4":"has-post-thumbnail","6":"product_cat-sin-categorizar","7":"product_cat-telefonia-ip","8":"product_tag-ta-1489","10":"first","11":"instock","12":"taxable","13":"shipping-taxable","14":"purchasable","15":"product-type-simple"},"yoast_head":"<!-- This site is optimized with the Yoast SEO plugin v26.0 - https:\/\/yoast.com\/wordpress\/plugins\/seo\/ -->\n<title>Nokia 8210 4G 2.8&quot; Rojo - Aivlisoft Inform\u00e1tica<\/title>\n<meta name=\"robots\" content=\"index, follow, max-snippet:-1, max-image-preview:large, max-video-preview:-1\" \/>\n<link rel=\"canonical\" href=\"https:\/\/aivlisoft.net\/shop\/producto\/nokia-8210-4g-2-8-rojo\/\" \/>\n<meta property=\"og:locale\" content=\"es_ES\" \/>\n<meta property=\"og:type\" content=\"article\" \/>\n<meta property=\"og:title\" content=\"Nokia 8210 4G 2.8&quot; Rojo - Aivlisoft Inform\u00e1tica\" \/>\n<meta property=\"og:description\" content=\"&nbsp; Marca Nokia Modelo TA-1489 Procesador &#8211; Unisoc T107 Sistema Operativo &#8211; Nokia Serie 30+ Memoria &#8211; 128 MB &#8211; Compatibilidad con tarjetas MicroSD hasta: 32GB &#8211; RAM: 48 MB Pantalla &#8211; Tama&ntilde;o: 2.8&quot; &#8211; Resoluci&oacute;n: QVGA C&aacute;mara &#8211; Principal 0.3 megap&iacute;xeles Redes y conectividad Redes &#8211; Velocidad m&aacute;xima de la red: 4G &#8211; Bandas&hellip;&nbsp;Nokia 8210 4G 2.8&#8243; Rojo\" \/>\n<meta property=\"og:url\" content=\"https:\/\/aivlisoft.net\/shop\/producto\/nokia-8210-4g-2-8-rojo\/\" \/>\n<meta property=\"og:site_name\" content=\"Aivlisoft Inform\u00e1tica\" \/>\n<meta property=\"article:modified_time\" content=\"2025-01-14T19:47:18+00:00\" \/>\n<meta property=\"og:image\" content=\"https:\/\/aivlisoft.net\/shop\/wp-content\/uploads\/2025\/01\/NTETMM0030_800.jpg\" \/>\n\t<meta property=\"og:image:width\" content=\"800\" \/>\n\t<meta property=\"og:image:height\" content=\"800\" \/>\n\t<meta property=\"og:image:type\" content=\"image\/jpeg\" \/>\n<meta name=\"twitter:card\" content=\"summary_large_image\" \/>\n<meta name=\"twitter:label1\" content=\"Tiempo de lectura\" \/>\n\t<meta name=\"twitter:data1\" content=\"1 minuto\" \/>\n<script type=\"application\/ld+json\" class=\"yoast-schema-graph\">{\"@context\":\"https:\/\/schema.org\",\"@graph\":[{\"@type\":\"WebPage\",\"@id\":\"https:\/\/aivlisoft.net\/shop\/producto\/nokia-8210-4g-2-8-rojo\/\",\"url\":\"https:\/\/aivlisoft.net\/shop\/producto\/nokia-8210-4g-2-8-rojo\/\",\"name\":\"Nokia 8210 4G 2.8\\\" Rojo - Aivlisoft Inform\u00e1tica\",\"isPartOf\":{\"@id\":\"https:\/\/aivlisoft.net\/shop\/#website\"},\"primaryImageOfPage\":{\"@id\":\"https:\/\/aivlisoft.net\/shop\/producto\/nokia-8210-4g-2-8-rojo\/#primaryimage\"},\"image\":{\"@id\":\"https:\/\/aivlisoft.net\/shop\/producto\/nokia-8210-4g-2-8-rojo\/#primaryimage\"},\"thumbnailUrl\":\"https:\/\/aivlisoft.net\/shop\/wp-content\/uploads\/2025\/01\/NTETMM0030_800.jpg\",\"datePublished\":\"2025-01-13T15:57:56+00:00\",\"dateModified\":\"2025-01-14T19:47:18+00:00\",\"breadcrumb\":{\"@id\":\"https:\/\/aivlisoft.net\/shop\/producto\/nokia-8210-4g-2-8-rojo\/#breadcrumb\"},\"inLanguage\":\"es\",\"potentialAction\":[{\"@type\":\"ReadAction\",\"target\":[\"https:\/\/aivlisoft.net\/shop\/producto\/nokia-8210-4g-2-8-rojo\/\"]}]},{\"@type\":\"ImageObject\",\"inLanguage\":\"es\",\"@id\":\"https:\/\/aivlisoft.net\/shop\/producto\/nokia-8210-4g-2-8-rojo\/#primaryimage\",\"url\":\"https:\/\/aivlisoft.net\/shop\/wp-content\/uploads\/2025\/01\/NTETMM0030_800.jpg\",\"contentUrl\":\"https:\/\/aivlisoft.net\/shop\/wp-content\/uploads\/2025\/01\/NTETMM0030_800.jpg\",\"width\":800,\"height\":800},{\"@type\":\"BreadcrumbList\",\"@id\":\"https:\/\/aivlisoft.net\/shop\/producto\/nokia-8210-4g-2-8-rojo\/#breadcrumb\",\"itemListElement\":[{\"@type\":\"ListItem\",\"position\":1,\"name\":\"Portada\",\"item\":\"https:\/\/aivlisoft.net\/shop\/\"},{\"@type\":\"ListItem\",\"position\":2,\"name\":\"Tienda\",\"item\":\"https:\/\/aivlisoft.net\/shop\/tienda\/\"},{\"@type\":\"ListItem\",\"position\":3,\"name\":\"Nokia 8210 4G 2.8&#8243; Rojo\"}]},{\"@type\":\"WebSite\",\"@id\":\"https:\/\/aivlisoft.net\/shop\/#website\",\"url\":\"https:\/\/aivlisoft.net\/shop\/\",\"name\":\"Aivlisoft Inform\u00e1tica\",\"description\":\"En Aivlisoft Inform\u00e1tica ofrecemos soluciones tecnol\u00f3gicas para empresas: venta de ordenadores, consumibles, perif\u00e9ricos y m\u00e1s. Calidad, atenci\u00f3n personalizada y los mejores precios para tu negocio.\",\"publisher\":{\"@id\":\"https:\/\/aivlisoft.net\/shop\/#organization\"},\"potentialAction\":[{\"@type\":\"SearchAction\",\"target\":{\"@type\":\"EntryPoint\",\"urlTemplate\":\"https:\/\/aivlisoft.net\/shop\/?s={search_term_string}\"},\"query-input\":{\"@type\":\"PropertyValueSpecification\",\"valueRequired\":true,\"valueName\":\"search_term_string\"}}],\"inLanguage\":\"es\"},{\"@type\":\"Organization\",\"@id\":\"https:\/\/aivlisoft.net\/shop\/#organization\",\"name\":\"Aivlisoft Inform\u00e1tica\",\"url\":\"https:\/\/aivlisoft.net\/shop\/\",\"logo\":{\"@type\":\"ImageObject\",\"inLanguage\":\"es\",\"@id\":\"https:\/\/aivlisoft.net\/shop\/#\/schema\/logo\/image\/\",\"url\":\"https:\/\/aivlisoft.net\/shop\/wp-content\/uploads\/2024\/12\/removal.ai_5b848c54-0cdf-4140-95c5-c5536bb7573b-logodef.png\",\"contentUrl\":\"https:\/\/aivlisoft.net\/shop\/wp-content\/uploads\/2024\/12\/removal.ai_5b848c54-0cdf-4140-95c5-c5536bb7573b-logodef.png\",\"width\":484,\"height\":182,\"caption\":\"Aivlisoft Inform\u00e1tica\"},\"image\":{\"@id\":\"https:\/\/aivlisoft.net\/shop\/#\/schema\/logo\/image\/\"}}]}<\/script>\n<!-- \/ Yoast SEO plugin. -->","yoast_head_json":{"title":"Nokia 8210 4G 2.8\" Rojo - Aivlisoft Inform\u00e1tica","robots":{"index":"index","follow":"follow","max-snippet":"max-snippet:-1","max-image-preview":"max-image-preview:large","max-video-preview":"max-video-preview:-1"},"canonical":"https:\/\/aivlisoft.net\/shop\/producto\/nokia-8210-4g-2-8-rojo\/","og_locale":"es_ES","og_type":"article","og_title":"Nokia 8210 4G 2.8\" Rojo - Aivlisoft Inform\u00e1tica","og_description":"&nbsp; Marca Nokia Modelo TA-1489 Procesador &#8211; Unisoc T107 Sistema Operativo &#8211; Nokia Serie 30+ Memoria &#8211; 128 MB &#8211; Compatibilidad con tarjetas MicroSD hasta: 32GB &#8211; RAM: 48 MB Pantalla &#8211; Tama&ntilde;o: 2.8&quot; &#8211; Resoluci&oacute;n: QVGA C&aacute;mara &#8211; Principal 0.3 megap&iacute;xeles Redes y conectividad Redes &#8211; Velocidad m&aacute;xima de la red: 4G &#8211; Bandas&hellip;&nbsp;Nokia 8210 4G 2.8&#8243; Rojo","og_url":"https:\/\/aivlisoft.net\/shop\/producto\/nokia-8210-4g-2-8-rojo\/","og_site_name":"Aivlisoft Inform\u00e1tica","article_modified_time":"2025-01-14T19:47:18+00:00","og_image":[{"width":800,"height":800,"url":"https:\/\/aivlisoft.net\/shop\/wp-content\/uploads\/2025\/01\/NTETMM0030_800.jpg","type":"image\/jpeg"}],"twitter_card":"summary_large_image","twitter_misc":{"Tiempo de lectura":"1 minuto"},"schema":{"@context":"https:\/\/schema.org","@graph":[{"@type":"WebPage","@id":"https:\/\/aivlisoft.net\/shop\/producto\/nokia-8210-4g-2-8-rojo\/","url":"https:\/\/aivlisoft.net\/shop\/producto\/nokia-8210-4g-2-8-rojo\/","name":"Nokia 8210 4G 2.8\" Rojo - Aivlisoft Inform\u00e1tica","isPartOf":{"@id":"https:\/\/aivlisoft.net\/shop\/#website"},"primaryImageOfPage":{"@id":"https:\/\/aivlisoft.net\/shop\/producto\/nokia-8210-4g-2-8-rojo\/#primaryimage"},"image":{"@id":"https:\/\/aivlisoft.net\/shop\/producto\/nokia-8210-4g-2-8-rojo\/#primaryimage"},"thumbnailUrl":"https:\/\/aivlisoft.net\/shop\/wp-content\/uploads\/2025\/01\/NTETMM0030_800.jpg","datePublished":"2025-01-13T15:57:56+00:00","dateModified":"2025-01-14T19:47:18+00:00","breadcrumb":{"@id":"https:\/\/aivlisoft.net\/shop\/producto\/nokia-8210-4g-2-8-rojo\/#breadcrumb"},"inLanguage":"es","potentialAction":[{"@type":"ReadAction","target":["https:\/\/aivlisoft.net\/shop\/producto\/nokia-8210-4g-2-8-rojo\/"]}]},{"@type":"ImageObject","inLanguage":"es","@id":"https:\/\/aivlisoft.net\/shop\/producto\/nokia-8210-4g-2-8-rojo\/#primaryimage","url":"https:\/\/aivlisoft.net\/shop\/wp-content\/uploads\/2025\/01\/NTETMM0030_800.jpg","contentUrl":"https:\/\/aivlisoft.net\/shop\/wp-content\/uploads\/2025\/01\/NTETMM0030_800.jpg","width":800,"height":800},{"@type":"BreadcrumbList","@id":"https:\/\/aivlisoft.net\/shop\/producto\/nokia-8210-4g-2-8-rojo\/#breadcrumb","itemListElement":[{"@type":"ListItem","position":1,"name":"Portada","item":"https:\/\/aivlisoft.net\/shop\/"},{"@type":"ListItem","position":2,"name":"Tienda","item":"https:\/\/aivlisoft.net\/shop\/tienda\/"},{"@type":"ListItem","position":3,"name":"Nokia 8210 4G 2.8&#8243; Rojo"}]},{"@type":"WebSite","@id":"https:\/\/aivlisoft.net\/shop\/#website","url":"https:\/\/aivlisoft.net\/shop\/","name":"Aivlisoft Inform\u00e1tica","description":"En Aivlisoft Inform\u00e1tica ofrecemos soluciones tecnol\u00f3gicas para empresas: venta de ordenadores, consumibles, perif\u00e9ricos y m\u00e1s. Calidad, atenci\u00f3n personalizada y los mejores precios para tu negocio.","publisher":{"@id":"https:\/\/aivlisoft.net\/shop\/#organization"},"potentialAction":[{"@type":"SearchAction","target":{"@type":"EntryPoint","urlTemplate":"https:\/\/aivlisoft.net\/shop\/?s={search_term_string}"},"query-input":{"@type":"PropertyValueSpecification","valueRequired":true,"valueName":"search_term_string"}}],"inLanguage":"es"},{"@type":"Organization","@id":"https:\/\/aivlisoft.net\/shop\/#organization","name":"Aivlisoft Inform\u00e1tica","url":"https:\/\/aivlisoft.net\/shop\/","logo":{"@type":"ImageObject","inLanguage":"es","@id":"https:\/\/aivlisoft.net\/shop\/#\/schema\/logo\/image\/","url":"https:\/\/aivlisoft.net\/shop\/wp-content\/uploads\/2024\/12\/removal.ai_5b848c54-0cdf-4140-95c5-c5536bb7573b-logodef.png","contentUrl":"https:\/\/aivlisoft.net\/shop\/wp-content\/uploads\/2024\/12\/removal.ai_5b848c54-0cdf-4140-95c5-c5536bb7573b-logodef.png","width":484,"height":182,"caption":"Aivlisoft Inform\u00e1tica"},"image":{"@id":"https:\/\/aivlisoft.net\/shop\/#\/schema\/logo\/image\/"}}]}},"_links":{"self":[{"href":"https:\/\/aivlisoft.net\/shop\/wp-json\/wp\/v2\/product\/21752","targetHints":{"allow":["GET"]}}],"collection":[{"href":"https:\/\/aivlisoft.net\/shop\/wp-json\/wp\/v2\/product"}],"about":[{"href":"https:\/\/aivlisoft.net\/shop\/wp-json\/wp\/v2\/types\/product"}],"wp:featuredmedia":[{"embeddable":true,"href":"https:\/\/aivlisoft.net\/shop\/wp-json\/wp\/v2\/media\/21753"}],"wp:attachment":[{"href":"https:\/\/aivlisoft.net\/shop\/wp-json\/wp\/v2\/media?parent=21752"}],"wp:term":[{"taxonomy":"product_brand","embeddable":true,"href":"https:\/\/aivlisoft.net\/shop\/wp-json\/wp\/v2\/product_brand?post=21752"},{"taxonomy":"product_cat","embeddable":true,"href":"https:\/\/aivlisoft.net\/shop\/wp-json\/wp\/v2\/product_cat?post=21752"},{"taxonomy":"product_tag","embeddable":true,"href":"https:\/\/aivlisoft.net\/shop\/wp-json\/wp\/v2\/product_tag?post=21752"}],"curies":[{"name":"wp","href":"https:\/\/api.w.org\/{rel}","templated":true}]}}