{"id":21748,"date":"2025-01-13T15:57:54","date_gmt":"2025-01-13T15:57:54","guid":{"rendered":"https:\/\/aivlisoft.com\/?post_type=product&#038;p=21748"},"modified":"2025-01-14T19:47:18","modified_gmt":"2025-01-14T19:47:18","slug":"nokia-2660-4g-flip-2-8-negro","status":"publish","type":"product","link":"https:\/\/aivlisoft.net\/shop\/producto\/nokia-2660-4g-flip-2-8-negro\/","title":{"rendered":"Nokia 2660 4G Flip 2.8&#8243; Negro"},"content":{"rendered":"<p>&nbsp;<\/p>\n<table class=\"tabla_caracteristicas\" width=\"100%\">\n<tr>\n<td valign=\"top\"><strong>Marca<\/strong><\/td>\n<td>Nokia<\/td>\n<\/tr>\n<tr>\n<td valign=\"top\"><strong>Modelo<\/strong><\/td>\n<td valign=\"top\"><strong>TA-1469<\/strong><\/td>\n<\/tr>\n<tr>\n<td valign=\"top\"><strong>Procesador<\/strong><\/td>\n<td>&#8211; Unisoc T107<\/td>\n<\/tr>\n<tr>\n<td valign=\"top\"><strong>Sistema Operativo<\/strong><\/td>\n<td>&#8211; S30+<\/td>\n<\/tr>\n<tr>\n<td valign=\"top\"><strong>Memoria<\/strong><\/td>\n<td>&#8211; <strong>128 MB<\/strong><br \/>\t\t\t&#8211; Compatibilidad con tarjetas MicroSD hasta: 32GB<br \/>\t\t\t&#8211; RAM: 48 MB<\/td>\n<\/tr>\n<tr>\n<td valign=\"top\"><strong>Pantalla<\/strong><\/td>\n<td>&#8211; Tama&ntilde;o: <strong>2.8&quot;<\/strong><br \/>\t\t\t&#8211; Segunda pantalla: 1.77&quot; QQVGA<br \/>\t\t\t&#8211; Resoluci&oacute;n: 2.8&quot; QVGA<\/td>\n<\/tr>\n<tr>\n<td valign=\"top\"><strong>C&aacute;mara<\/strong><\/td>\n<td>&#8211; Principal 0.3 megap&iacute;xeles<br \/>\t\t\t&#8211; Flash LED trasero<\/td>\n<\/tr>\n<tr>\n<td valign=\"top\"><strong>Redes y conectividad<\/strong><\/td>\n<td><strong>Redes<\/strong><br \/>\t\t\t&#8211; Velocidad m&aacute;xima de la red: 4G<br \/>\t\t\t&#8211; Bandas de red (GSM):<br \/>\t\t\t&nbsp; EURO+RUCIS:3,5,8 MENA+SSA+APAC:3,5,8 India &amp;GCR:3,5,8<br \/>\t\t\t&nbsp; LATAM+Brasil:Cuatribanda<br \/>\t\t\t&#8211; Bandas de red (LTE):<br \/>\t\t\t&nbsp; EURO+RUCIS:1,3,5,7,8,20 MENA+SSA+APAC:1,3,5,7,8,20,28,38,40,41(120Mhz)<br \/>\t\t\t&nbsp; India y GCR:1,3, 5,8,38,39,40,41(120Mhz) LATAM+Brasil:1,2,3,4,5,7,8,28<br \/>\t\t\t&#8211; Bandas de red (WCDMA):<br \/>\t\t\t&nbsp; EURO+RUCIS:1,5,8 MENA+SSA+APAC:1,5,8<br \/>\t\t\t&nbsp; India y GCR:1,5,8 LATAM+Brasil:B1,2,4,5,8<br \/>\t\t\t&#8211; Tama&ntilde;o de Sim: Nano<br \/>\t\t\t<strong>Conectividad<\/strong><br \/>\t\t\t&#8211; Bluetooth: 4.2<br \/>\t\t\t&#8211; Toma de auriculares: 3,5mm<br \/>\t\t\t&#8211; Conexi&oacute;n USB: Micro USB (USB 2.0)<\/td>\n<\/tr>\n<tr>\n<td valign=\"top\"><strong>Otras <\/strong><br \/>\t\t\t<strong>caracter&iacute;sticas<\/strong><\/td>\n<td><strong>Audio<\/strong><br \/>\t\t\t&#8211; Radio FM (con o sin cable) reproductor de MP3<br \/>\t\t\t<strong>Bater&iacute;a<\/strong><br \/>\t\t\t&#8211; Bater&iacute;a: 1450 mAh (extra&iacute;ble)&nbsp;<br \/>\t\t\t&nbsp;*La bater&iacute;a tiene ciclos de recarga limitados y la capacidad de la bater&iacute;a se reduce con el tiempo. Eventualmente, la bater&iacute;a puede necesitar ser reemplazada.<br \/>\t\t\t&#8211; Potencia: 2.75W<br \/>\t\t\t<strong>Dimensiones y peso<\/strong><br \/>\t\t\t&#8211; 108 x 55 x 18.9mm<br \/>\t\t\t&#8211; 123 g<br \/>\t\t\t<strong>Contenido<\/strong><br \/>\t\t\t&#8211; Cargador micro USB<br \/>\t\t\t&#8211; Bater&iacute;a extra&iacute;ble<br \/>\t\t\t&#8211; Gu&iacute;a de inicio r&aacute;pido<\/td>\n<\/tr>\n<tr>\n<td valign=\"top\"><strong>Fecha de revisi&oacute;n<\/strong><\/td>\n<td>18-01-2023 por RTY<\/td>\n<\/tr>\n<\/table>\n","protected":false},"excerpt":{"rendered":"<p>&nbsp; Marca Nokia Modelo TA-1469 Procesador &#8211; Unisoc T107 Sistema Operativo &#8211; S30+ Memoria &#8211; 128 MB &#8211; Compatibilidad con tarjetas MicroSD hasta: 32GB &#8211; RAM: 48 MB Pantalla &#8211; Tama&ntilde;o: 2.8&quot; &#8211; Segunda pantalla: 1.77&quot; QQVGA &#8211; Resoluci&oacute;n: 2.8&quot; QVGA C&aacute;mara &#8211; Principal 0.3 megap&iacute;xeles &#8211; Flash LED trasero Redes y conectividad Redes &#8211;&hellip;&nbsp;<a href=\"https:\/\/aivlisoft.net\/shop\/producto\/nokia-2660-4g-flip-2-8-negro\/\" rel=\"bookmark\"><span class=\"screen-reader-text\">Nokia 2660 4G Flip 2.8&#8243; Negro<\/span><\/a><\/p>\n","protected":false},"featured_media":21749,"template":"","meta":{"neve_meta_sidebar":"","neve_meta_container":"","neve_meta_enable_content_width":"","neve_meta_content_width":0,"neve_meta_title_alignment":"","neve_meta_author_avatar":"","neve_post_elements_order":"","neve_meta_disable_header":"","neve_meta_disable_footer":"","neve_meta_disable_title":""},"product_brand":[],"product_cat":[15,7909],"product_tag":[7715],"class_list":{"0":"post-21748","1":"product","2":"type-product","3":"status-publish","4":"has-post-thumbnail","6":"product_cat-sin-categorizar","7":"product_cat-telefonia-ip","8":"product_tag-ta-1469","10":"first","11":"instock","12":"taxable","13":"shipping-taxable","14":"purchasable","15":"product-type-simple"},"yoast_head":"<!-- This site is optimized with the Yoast SEO plugin v26.0 - https:\/\/yoast.com\/wordpress\/plugins\/seo\/ -->\n<title>Nokia 2660 4G Flip 2.8&quot; Negro - Aivlisoft Inform\u00e1tica<\/title>\n<meta name=\"robots\" content=\"index, follow, max-snippet:-1, max-image-preview:large, max-video-preview:-1\" \/>\n<link rel=\"canonical\" href=\"https:\/\/aivlisoft.net\/shop\/producto\/nokia-2660-4g-flip-2-8-negro\/\" \/>\n<meta property=\"og:locale\" content=\"es_ES\" \/>\n<meta property=\"og:type\" content=\"article\" \/>\n<meta property=\"og:title\" content=\"Nokia 2660 4G Flip 2.8&quot; Negro - Aivlisoft Inform\u00e1tica\" \/>\n<meta property=\"og:description\" content=\"&nbsp; Marca Nokia Modelo TA-1469 Procesador &#8211; Unisoc T107 Sistema Operativo &#8211; S30+ Memoria &#8211; 128 MB &#8211; Compatibilidad con tarjetas MicroSD hasta: 32GB &#8211; RAM: 48 MB Pantalla &#8211; Tama&ntilde;o: 2.8&quot; &#8211; Segunda pantalla: 1.77&quot; QQVGA &#8211; Resoluci&oacute;n: 2.8&quot; QVGA C&aacute;mara &#8211; Principal 0.3 megap&iacute;xeles &#8211; Flash LED trasero Redes y conectividad Redes &#8211;&hellip;&nbsp;Nokia 2660 4G Flip 2.8&#8243; Negro\" \/>\n<meta property=\"og:url\" content=\"https:\/\/aivlisoft.net\/shop\/producto\/nokia-2660-4g-flip-2-8-negro\/\" \/>\n<meta property=\"og:site_name\" content=\"Aivlisoft Inform\u00e1tica\" \/>\n<meta property=\"article:modified_time\" content=\"2025-01-14T19:47:18+00:00\" \/>\n<meta property=\"og:image\" content=\"https:\/\/aivlisoft.net\/shop\/wp-content\/uploads\/2025\/01\/NTETMM0029_800.jpg\" \/>\n\t<meta property=\"og:image:width\" content=\"800\" \/>\n\t<meta property=\"og:image:height\" content=\"800\" \/>\n\t<meta property=\"og:image:type\" content=\"image\/jpeg\" \/>\n<meta name=\"twitter:card\" content=\"summary_large_image\" \/>\n<meta name=\"twitter:label1\" content=\"Tiempo de lectura\" \/>\n\t<meta name=\"twitter:data1\" content=\"1 minuto\" \/>\n<script type=\"application\/ld+json\" class=\"yoast-schema-graph\">{\"@context\":\"https:\/\/schema.org\",\"@graph\":[{\"@type\":\"WebPage\",\"@id\":\"https:\/\/aivlisoft.net\/shop\/producto\/nokia-2660-4g-flip-2-8-negro\/\",\"url\":\"https:\/\/aivlisoft.net\/shop\/producto\/nokia-2660-4g-flip-2-8-negro\/\",\"name\":\"Nokia 2660 4G Flip 2.8\\\" Negro - Aivlisoft Inform\u00e1tica\",\"isPartOf\":{\"@id\":\"https:\/\/aivlisoft.net\/shop\/#website\"},\"primaryImageOfPage\":{\"@id\":\"https:\/\/aivlisoft.net\/shop\/producto\/nokia-2660-4g-flip-2-8-negro\/#primaryimage\"},\"image\":{\"@id\":\"https:\/\/aivlisoft.net\/shop\/producto\/nokia-2660-4g-flip-2-8-negro\/#primaryimage\"},\"thumbnailUrl\":\"https:\/\/aivlisoft.net\/shop\/wp-content\/uploads\/2025\/01\/NTETMM0029_800.jpg\",\"datePublished\":\"2025-01-13T15:57:54+00:00\",\"dateModified\":\"2025-01-14T19:47:18+00:00\",\"breadcrumb\":{\"@id\":\"https:\/\/aivlisoft.net\/shop\/producto\/nokia-2660-4g-flip-2-8-negro\/#breadcrumb\"},\"inLanguage\":\"es\",\"potentialAction\":[{\"@type\":\"ReadAction\",\"target\":[\"https:\/\/aivlisoft.net\/shop\/producto\/nokia-2660-4g-flip-2-8-negro\/\"]}]},{\"@type\":\"ImageObject\",\"inLanguage\":\"es\",\"@id\":\"https:\/\/aivlisoft.net\/shop\/producto\/nokia-2660-4g-flip-2-8-negro\/#primaryimage\",\"url\":\"https:\/\/aivlisoft.net\/shop\/wp-content\/uploads\/2025\/01\/NTETMM0029_800.jpg\",\"contentUrl\":\"https:\/\/aivlisoft.net\/shop\/wp-content\/uploads\/2025\/01\/NTETMM0029_800.jpg\",\"width\":800,\"height\":800},{\"@type\":\"BreadcrumbList\",\"@id\":\"https:\/\/aivlisoft.net\/shop\/producto\/nokia-2660-4g-flip-2-8-negro\/#breadcrumb\",\"itemListElement\":[{\"@type\":\"ListItem\",\"position\":1,\"name\":\"Portada\",\"item\":\"https:\/\/aivlisoft.net\/shop\/\"},{\"@type\":\"ListItem\",\"position\":2,\"name\":\"Tienda\",\"item\":\"https:\/\/aivlisoft.net\/shop\/tienda\/\"},{\"@type\":\"ListItem\",\"position\":3,\"name\":\"Nokia 2660 4G Flip 2.8&#8243; Negro\"}]},{\"@type\":\"WebSite\",\"@id\":\"https:\/\/aivlisoft.net\/shop\/#website\",\"url\":\"https:\/\/aivlisoft.net\/shop\/\",\"name\":\"Aivlisoft Inform\u00e1tica\",\"description\":\"En Aivlisoft Inform\u00e1tica ofrecemos soluciones tecnol\u00f3gicas para empresas: venta de ordenadores, consumibles, perif\u00e9ricos y m\u00e1s. Calidad, atenci\u00f3n personalizada y los mejores precios para tu negocio.\",\"publisher\":{\"@id\":\"https:\/\/aivlisoft.net\/shop\/#organization\"},\"potentialAction\":[{\"@type\":\"SearchAction\",\"target\":{\"@type\":\"EntryPoint\",\"urlTemplate\":\"https:\/\/aivlisoft.net\/shop\/?s={search_term_string}\"},\"query-input\":{\"@type\":\"PropertyValueSpecification\",\"valueRequired\":true,\"valueName\":\"search_term_string\"}}],\"inLanguage\":\"es\"},{\"@type\":\"Organization\",\"@id\":\"https:\/\/aivlisoft.net\/shop\/#organization\",\"name\":\"Aivlisoft Inform\u00e1tica\",\"url\":\"https:\/\/aivlisoft.net\/shop\/\",\"logo\":{\"@type\":\"ImageObject\",\"inLanguage\":\"es\",\"@id\":\"https:\/\/aivlisoft.net\/shop\/#\/schema\/logo\/image\/\",\"url\":\"https:\/\/aivlisoft.net\/shop\/wp-content\/uploads\/2024\/12\/removal.ai_5b848c54-0cdf-4140-95c5-c5536bb7573b-logodef.png\",\"contentUrl\":\"https:\/\/aivlisoft.net\/shop\/wp-content\/uploads\/2024\/12\/removal.ai_5b848c54-0cdf-4140-95c5-c5536bb7573b-logodef.png\",\"width\":484,\"height\":182,\"caption\":\"Aivlisoft Inform\u00e1tica\"},\"image\":{\"@id\":\"https:\/\/aivlisoft.net\/shop\/#\/schema\/logo\/image\/\"}}]}<\/script>\n<!-- \/ Yoast SEO plugin. -->","yoast_head_json":{"title":"Nokia 2660 4G Flip 2.8\" Negro - Aivlisoft Inform\u00e1tica","robots":{"index":"index","follow":"follow","max-snippet":"max-snippet:-1","max-image-preview":"max-image-preview:large","max-video-preview":"max-video-preview:-1"},"canonical":"https:\/\/aivlisoft.net\/shop\/producto\/nokia-2660-4g-flip-2-8-negro\/","og_locale":"es_ES","og_type":"article","og_title":"Nokia 2660 4G Flip 2.8\" Negro - Aivlisoft Inform\u00e1tica","og_description":"&nbsp; Marca Nokia Modelo TA-1469 Procesador &#8211; Unisoc T107 Sistema Operativo &#8211; S30+ Memoria &#8211; 128 MB &#8211; Compatibilidad con tarjetas MicroSD hasta: 32GB &#8211; RAM: 48 MB Pantalla &#8211; Tama&ntilde;o: 2.8&quot; &#8211; Segunda pantalla: 1.77&quot; QQVGA &#8211; Resoluci&oacute;n: 2.8&quot; QVGA C&aacute;mara &#8211; Principal 0.3 megap&iacute;xeles &#8211; Flash LED trasero Redes y conectividad Redes &#8211;&hellip;&nbsp;Nokia 2660 4G Flip 2.8&#8243; Negro","og_url":"https:\/\/aivlisoft.net\/shop\/producto\/nokia-2660-4g-flip-2-8-negro\/","og_site_name":"Aivlisoft Inform\u00e1tica","article_modified_time":"2025-01-14T19:47:18+00:00","og_image":[{"width":800,"height":800,"url":"https:\/\/aivlisoft.net\/shop\/wp-content\/uploads\/2025\/01\/NTETMM0029_800.jpg","type":"image\/jpeg"}],"twitter_card":"summary_large_image","twitter_misc":{"Tiempo de lectura":"1 minuto"},"schema":{"@context":"https:\/\/schema.org","@graph":[{"@type":"WebPage","@id":"https:\/\/aivlisoft.net\/shop\/producto\/nokia-2660-4g-flip-2-8-negro\/","url":"https:\/\/aivlisoft.net\/shop\/producto\/nokia-2660-4g-flip-2-8-negro\/","name":"Nokia 2660 4G Flip 2.8\" Negro - Aivlisoft Inform\u00e1tica","isPartOf":{"@id":"https:\/\/aivlisoft.net\/shop\/#website"},"primaryImageOfPage":{"@id":"https:\/\/aivlisoft.net\/shop\/producto\/nokia-2660-4g-flip-2-8-negro\/#primaryimage"},"image":{"@id":"https:\/\/aivlisoft.net\/shop\/producto\/nokia-2660-4g-flip-2-8-negro\/#primaryimage"},"thumbnailUrl":"https:\/\/aivlisoft.net\/shop\/wp-content\/uploads\/2025\/01\/NTETMM0029_800.jpg","datePublished":"2025-01-13T15:57:54+00:00","dateModified":"2025-01-14T19:47:18+00:00","breadcrumb":{"@id":"https:\/\/aivlisoft.net\/shop\/producto\/nokia-2660-4g-flip-2-8-negro\/#breadcrumb"},"inLanguage":"es","potentialAction":[{"@type":"ReadAction","target":["https:\/\/aivlisoft.net\/shop\/producto\/nokia-2660-4g-flip-2-8-negro\/"]}]},{"@type":"ImageObject","inLanguage":"es","@id":"https:\/\/aivlisoft.net\/shop\/producto\/nokia-2660-4g-flip-2-8-negro\/#primaryimage","url":"https:\/\/aivlisoft.net\/shop\/wp-content\/uploads\/2025\/01\/NTETMM0029_800.jpg","contentUrl":"https:\/\/aivlisoft.net\/shop\/wp-content\/uploads\/2025\/01\/NTETMM0029_800.jpg","width":800,"height":800},{"@type":"BreadcrumbList","@id":"https:\/\/aivlisoft.net\/shop\/producto\/nokia-2660-4g-flip-2-8-negro\/#breadcrumb","itemListElement":[{"@type":"ListItem","position":1,"name":"Portada","item":"https:\/\/aivlisoft.net\/shop\/"},{"@type":"ListItem","position":2,"name":"Tienda","item":"https:\/\/aivlisoft.net\/shop\/tienda\/"},{"@type":"ListItem","position":3,"name":"Nokia 2660 4G Flip 2.8&#8243; Negro"}]},{"@type":"WebSite","@id":"https:\/\/aivlisoft.net\/shop\/#website","url":"https:\/\/aivlisoft.net\/shop\/","name":"Aivlisoft Inform\u00e1tica","description":"En Aivlisoft Inform\u00e1tica ofrecemos soluciones tecnol\u00f3gicas para empresas: venta de ordenadores, consumibles, perif\u00e9ricos y m\u00e1s. Calidad, atenci\u00f3n personalizada y los mejores precios para tu negocio.","publisher":{"@id":"https:\/\/aivlisoft.net\/shop\/#organization"},"potentialAction":[{"@type":"SearchAction","target":{"@type":"EntryPoint","urlTemplate":"https:\/\/aivlisoft.net\/shop\/?s={search_term_string}"},"query-input":{"@type":"PropertyValueSpecification","valueRequired":true,"valueName":"search_term_string"}}],"inLanguage":"es"},{"@type":"Organization","@id":"https:\/\/aivlisoft.net\/shop\/#organization","name":"Aivlisoft Inform\u00e1tica","url":"https:\/\/aivlisoft.net\/shop\/","logo":{"@type":"ImageObject","inLanguage":"es","@id":"https:\/\/aivlisoft.net\/shop\/#\/schema\/logo\/image\/","url":"https:\/\/aivlisoft.net\/shop\/wp-content\/uploads\/2024\/12\/removal.ai_5b848c54-0cdf-4140-95c5-c5536bb7573b-logodef.png","contentUrl":"https:\/\/aivlisoft.net\/shop\/wp-content\/uploads\/2024\/12\/removal.ai_5b848c54-0cdf-4140-95c5-c5536bb7573b-logodef.png","width":484,"height":182,"caption":"Aivlisoft Inform\u00e1tica"},"image":{"@id":"https:\/\/aivlisoft.net\/shop\/#\/schema\/logo\/image\/"}}]}},"_links":{"self":[{"href":"https:\/\/aivlisoft.net\/shop\/wp-json\/wp\/v2\/product\/21748","targetHints":{"allow":["GET"]}}],"collection":[{"href":"https:\/\/aivlisoft.net\/shop\/wp-json\/wp\/v2\/product"}],"about":[{"href":"https:\/\/aivlisoft.net\/shop\/wp-json\/wp\/v2\/types\/product"}],"wp:featuredmedia":[{"embeddable":true,"href":"https:\/\/aivlisoft.net\/shop\/wp-json\/wp\/v2\/media\/21749"}],"wp:attachment":[{"href":"https:\/\/aivlisoft.net\/shop\/wp-json\/wp\/v2\/media?parent=21748"}],"wp:term":[{"taxonomy":"product_brand","embeddable":true,"href":"https:\/\/aivlisoft.net\/shop\/wp-json\/wp\/v2\/product_brand?post=21748"},{"taxonomy":"product_cat","embeddable":true,"href":"https:\/\/aivlisoft.net\/shop\/wp-json\/wp\/v2\/product_cat?post=21748"},{"taxonomy":"product_tag","embeddable":true,"href":"https:\/\/aivlisoft.net\/shop\/wp-json\/wp\/v2\/product_tag?post=21748"}],"curies":[{"name":"wp","href":"https:\/\/api.w.org\/{rel}","templated":true}]}}