{"id":21714,"date":"2025-01-13T15:57:30","date_gmt":"2025-01-13T15:57:30","guid":{"rendered":"https:\/\/aivlisoft.com\/?post_type=product&#038;p=21714"},"modified":"2025-01-14T19:47:23","modified_gmt":"2025-01-14T19:47:23","slug":"spc-7292rc2-telefono-dect-blade-id-ag50-rojo-duo","status":"publish","type":"product","link":"https:\/\/aivlisoft.net\/shop\/producto\/spc-7292rc2-telefono-dect-blade-id-ag50-rojo-duo\/","title":{"rendered":"SPC 7292RC2 Telefono DECT BLADE ID AG50 Rojo Duo"},"content":{"rendered":"<p><\/p>\n<table class=\"tabla_caracteristicas\" height=\"111\" width=\"1549\">\n<tr>\n<td valign=\"top\"><strong>Marca<\/strong><\/td>\n<td>SPC<\/td>\n<\/tr>\n<tr>\n<td valign=\"top\"><strong>Modelo<\/strong><\/td>\n<td><strong>7292RC2<\/strong><\/td>\n<\/tr>\n<tr>\n<td valign=\"top\"><strong>Caracter&iacute;sticas<\/strong><\/td>\n<td><strong>Pantalla<\/strong><br \/>\t\t\t&#8211; Identificaci&oacute;n de llamada en espera<br \/>\t\t\t&#8211; Listado de llamadas recibidas: 20 posiciones<br \/>\t\t\t&#8211; Listado de llamadas realizadas: 10 posiciones<br \/>\t\t\t&#8211; Rellamada al &uacute;ltimo n&uacute;mero marcado<br \/>\t\t\t<strong>Identificaci&oacute;n de llamada<\/strong><br \/>\t\t\t&#8211; Identificaci&oacute;n de llamada<br \/>\t\t\t&#8211; Identificaci&oacute;n de llamada en espera<br \/>\t\t\t&#8211; Agenda &#8211; 100 nombres y n&uacute;meros<br \/>\t\t\t&#8211; Melod&iacute;a asociada a contacto: Personalizable<br \/>\t\t\t&#8211; Bloqueo de llamada: Hasta 100 n&uacute;meros<br \/>\t\t\t&#8211; Listado de llamadas recibidas: 50<br \/>\t\t\t&#8211; Listado de llamadas realizadas: 20<br \/>\t\t\t<strong>Teclado<\/strong><br \/>\t\t\t&#8211; Marcaci&oacute;n en colgado&nbsp;<br \/>\t\t\t&#8211; Marcaci&oacute;n r&aacute;pida: 3 (Teclas 1, 2 y 3)&nbsp;<br \/>\t\t\t&#8211; Bloqueo de teclado&nbsp;<br \/>\t\t\t&#8211; Mute \/ Silenciado del micr&oacute;fono&nbsp;<br \/>\t\t\t&#8211; Descolgado autom&aacute;tico configurable&nbsp;<br \/>\t\t\t&#8211; Teclado sonoro configurable&nbsp;<br \/>\t\t\t&#8211; Tecla R configurable&nbsp;<br \/>\t\t\t&#8211; Tecla de encendido y apagado del port&aacute;til<br \/>\t\t\t<strong>Sonido<\/strong><br \/>\t\t\t&#8211; 5 niveles de volumen del auricular y manos libres<br \/>\t\t\t&#8211; 6 niveles de timbre (incluido silencio)<br \/>\t\t\t&#8211; 10 melod&iacute;as de timbre en port&aacute;til: 5 polif&oacute;nicas y 5 normales<br \/>\t\t\t<strong>Funcionalidades GAP<\/strong><br \/>\t\t\t&#8211; GAP compatible<br \/>\t\t\t&#8211; N&uacute;mero de port&aacute;tiles que una base puede soportar: hasta 5<br \/>\t\t\t&#8211; N&uacute;mero de bases en las que un port&aacute;til se puede registrar: 1<br \/>\t\t\t&#8211; Transferencia de llamadas entre port&aacute;tiles<br \/>\t\t\t&#8211; Llamadas internas entre port&aacute;tiles<br \/>\t\t\t&#8211; Conferencia a tres: 2 internas y 1 externa<br \/>\t\t\t<strong>Otros par&aacute;metros<\/strong><br \/>\t\t\t&#8211; Idioma seleccionable: Espa&ntilde;ol, Italiano, Portugu&eacute;s, Ingl&eacute;s, Holand&eacute;s, Franc&eacute;s.<br \/>\t\t\t&#8211; Funci&oacute;n alarma<br \/>\t\t\t&#8211; Ajuste de fecha y hora<br \/>\t\t\t&#8211; N&uacute;mero PIN configurable<br \/>\t\t\t&#8211; B&uacute;squeda del port&aacute;til desde la base<br \/>\t\t\t&#8211; Tipo de marcaci&oacute;n: Tonos o Pulsos<br \/>\t\t\t&#8211; Modo ECO<br \/>\t\t\t&#8211; Conexi&oacute;n telef&oacute;nica RJ11<br \/>\t\t\t&#8211; Compatible con las redes telef&oacute;nicas anal&oacute;gicas Espa&ntilde;olas<br \/>\t\t\t<strong>Dimensiones y peso<\/strong><br \/>\t\t\t&#8211; 175 x 53 x 20 mm<br \/>\t\t\t&#8211; 123 g<\/td>\n<\/tr>\n<tr>\n<td valign=\"top\"><strong>Fecha de revisi&oacute;n<\/strong><\/td>\n<td>08-08-2024 por RTY<\/td>\n<\/tr>\n<\/table>\n","protected":false},"excerpt":{"rendered":"<p>Marca SPC Modelo 7292RC2 Caracter&iacute;sticas Pantalla &#8211; Identificaci&oacute;n de llamada en espera &#8211; Listado de llamadas recibidas: 20 posiciones &#8211; Listado de llamadas realizadas: 10 posiciones &#8211; Rellamada al &uacute;ltimo n&uacute;mero marcado Identificaci&oacute;n de llamada &#8211; Identificaci&oacute;n de llamada &#8211; Identificaci&oacute;n de llamada en espera &#8211; Agenda &#8211; 100 nombres y n&uacute;meros &#8211; Melod&iacute;a asociada&hellip;&nbsp;<a href=\"https:\/\/aivlisoft.net\/shop\/producto\/spc-7292rc2-telefono-dect-blade-id-ag50-rojo-duo\/\" rel=\"bookmark\"><span class=\"screen-reader-text\">SPC 7292RC2 Telefono DECT BLADE ID AG50 Rojo Duo<\/span><\/a><\/p>\n","protected":false},"featured_media":21715,"template":"","meta":{"neve_meta_sidebar":"","neve_meta_container":"","neve_meta_enable_content_width":"","neve_meta_content_width":0,"neve_meta_title_alignment":"","neve_meta_author_avatar":"","neve_post_elements_order":"","neve_meta_disable_header":"","neve_meta_disable_footer":"","neve_meta_disable_title":""},"product_brand":[],"product_cat":[15,7909],"product_tag":[7698],"class_list":{"0":"post-21714","1":"product","2":"type-product","3":"status-publish","4":"has-post-thumbnail","6":"product_cat-sin-categorizar","7":"product_cat-telefonia-ip","8":"product_tag-7292rc2","10":"first","11":"instock","12":"taxable","13":"shipping-taxable","14":"purchasable","15":"product-type-simple"},"yoast_head":"<!-- This site is optimized with the Yoast SEO plugin v26.0 - https:\/\/yoast.com\/wordpress\/plugins\/seo\/ -->\n<title>SPC 7292RC2 Telefono DECT BLADE ID AG50 Rojo Duo - Aivlisoft Inform\u00e1tica<\/title>\n<meta name=\"robots\" content=\"index, follow, max-snippet:-1, max-image-preview:large, max-video-preview:-1\" \/>\n<link rel=\"canonical\" href=\"https:\/\/aivlisoft.net\/shop\/producto\/spc-7292rc2-telefono-dect-blade-id-ag50-rojo-duo\/\" \/>\n<meta property=\"og:locale\" content=\"es_ES\" \/>\n<meta property=\"og:type\" content=\"article\" \/>\n<meta property=\"og:title\" content=\"SPC 7292RC2 Telefono DECT BLADE ID AG50 Rojo Duo - Aivlisoft Inform\u00e1tica\" \/>\n<meta property=\"og:description\" content=\"Marca SPC Modelo 7292RC2 Caracter&iacute;sticas Pantalla &#8211; Identificaci&oacute;n de llamada en espera &#8211; Listado de llamadas recibidas: 20 posiciones &#8211; Listado de llamadas realizadas: 10 posiciones &#8211; Rellamada al &uacute;ltimo n&uacute;mero marcado Identificaci&oacute;n de llamada &#8211; Identificaci&oacute;n de llamada &#8211; Identificaci&oacute;n de llamada en espera &#8211; Agenda &#8211; 100 nombres y n&uacute;meros &#8211; Melod&iacute;a asociada&hellip;&nbsp;SPC 7292RC2 Telefono DECT BLADE ID AG50 Rojo Duo\" \/>\n<meta property=\"og:url\" content=\"https:\/\/aivlisoft.net\/shop\/producto\/spc-7292rc2-telefono-dect-blade-id-ag50-rojo-duo\/\" \/>\n<meta property=\"og:site_name\" content=\"Aivlisoft Inform\u00e1tica\" \/>\n<meta property=\"article:modified_time\" content=\"2025-01-14T19:47:23+00:00\" \/>\n<meta property=\"og:image\" content=\"https:\/\/aivlisoft.net\/shop\/wp-content\/uploads\/2025\/01\/NTETIN0179_800.jpg\" \/>\n\t<meta property=\"og:image:width\" content=\"800\" \/>\n\t<meta property=\"og:image:height\" content=\"800\" \/>\n\t<meta property=\"og:image:type\" content=\"image\/jpeg\" \/>\n<meta name=\"twitter:card\" content=\"summary_large_image\" \/>\n<meta name=\"twitter:label1\" content=\"Tiempo de lectura\" \/>\n\t<meta name=\"twitter:data1\" content=\"2 minutos\" \/>\n<script type=\"application\/ld+json\" class=\"yoast-schema-graph\">{\"@context\":\"https:\/\/schema.org\",\"@graph\":[{\"@type\":\"WebPage\",\"@id\":\"https:\/\/aivlisoft.net\/shop\/producto\/spc-7292rc2-telefono-dect-blade-id-ag50-rojo-duo\/\",\"url\":\"https:\/\/aivlisoft.net\/shop\/producto\/spc-7292rc2-telefono-dect-blade-id-ag50-rojo-duo\/\",\"name\":\"SPC 7292RC2 Telefono DECT BLADE ID AG50 Rojo Duo - Aivlisoft Inform\u00e1tica\",\"isPartOf\":{\"@id\":\"https:\/\/aivlisoft.net\/shop\/#website\"},\"primaryImageOfPage\":{\"@id\":\"https:\/\/aivlisoft.net\/shop\/producto\/spc-7292rc2-telefono-dect-blade-id-ag50-rojo-duo\/#primaryimage\"},\"image\":{\"@id\":\"https:\/\/aivlisoft.net\/shop\/producto\/spc-7292rc2-telefono-dect-blade-id-ag50-rojo-duo\/#primaryimage\"},\"thumbnailUrl\":\"https:\/\/aivlisoft.net\/shop\/wp-content\/uploads\/2025\/01\/NTETIN0179_800.jpg\",\"datePublished\":\"2025-01-13T15:57:30+00:00\",\"dateModified\":\"2025-01-14T19:47:23+00:00\",\"breadcrumb\":{\"@id\":\"https:\/\/aivlisoft.net\/shop\/producto\/spc-7292rc2-telefono-dect-blade-id-ag50-rojo-duo\/#breadcrumb\"},\"inLanguage\":\"es\",\"potentialAction\":[{\"@type\":\"ReadAction\",\"target\":[\"https:\/\/aivlisoft.net\/shop\/producto\/spc-7292rc2-telefono-dect-blade-id-ag50-rojo-duo\/\"]}]},{\"@type\":\"ImageObject\",\"inLanguage\":\"es\",\"@id\":\"https:\/\/aivlisoft.net\/shop\/producto\/spc-7292rc2-telefono-dect-blade-id-ag50-rojo-duo\/#primaryimage\",\"url\":\"https:\/\/aivlisoft.net\/shop\/wp-content\/uploads\/2025\/01\/NTETIN0179_800.jpg\",\"contentUrl\":\"https:\/\/aivlisoft.net\/shop\/wp-content\/uploads\/2025\/01\/NTETIN0179_800.jpg\",\"width\":800,\"height\":800},{\"@type\":\"BreadcrumbList\",\"@id\":\"https:\/\/aivlisoft.net\/shop\/producto\/spc-7292rc2-telefono-dect-blade-id-ag50-rojo-duo\/#breadcrumb\",\"itemListElement\":[{\"@type\":\"ListItem\",\"position\":1,\"name\":\"Portada\",\"item\":\"https:\/\/aivlisoft.net\/shop\/\"},{\"@type\":\"ListItem\",\"position\":2,\"name\":\"Tienda\",\"item\":\"https:\/\/aivlisoft.net\/shop\/tienda\/\"},{\"@type\":\"ListItem\",\"position\":3,\"name\":\"SPC 7292RC2 Telefono DECT BLADE ID AG50 Rojo Duo\"}]},{\"@type\":\"WebSite\",\"@id\":\"https:\/\/aivlisoft.net\/shop\/#website\",\"url\":\"https:\/\/aivlisoft.net\/shop\/\",\"name\":\"Aivlisoft Inform\u00e1tica\",\"description\":\"En Aivlisoft Inform\u00e1tica ofrecemos soluciones tecnol\u00f3gicas para empresas: venta de ordenadores, consumibles, perif\u00e9ricos y m\u00e1s. Calidad, atenci\u00f3n personalizada y los mejores precios para tu negocio.\",\"publisher\":{\"@id\":\"https:\/\/aivlisoft.net\/shop\/#organization\"},\"potentialAction\":[{\"@type\":\"SearchAction\",\"target\":{\"@type\":\"EntryPoint\",\"urlTemplate\":\"https:\/\/aivlisoft.net\/shop\/?s={search_term_string}\"},\"query-input\":{\"@type\":\"PropertyValueSpecification\",\"valueRequired\":true,\"valueName\":\"search_term_string\"}}],\"inLanguage\":\"es\"},{\"@type\":\"Organization\",\"@id\":\"https:\/\/aivlisoft.net\/shop\/#organization\",\"name\":\"Aivlisoft Inform\u00e1tica\",\"url\":\"https:\/\/aivlisoft.net\/shop\/\",\"logo\":{\"@type\":\"ImageObject\",\"inLanguage\":\"es\",\"@id\":\"https:\/\/aivlisoft.net\/shop\/#\/schema\/logo\/image\/\",\"url\":\"https:\/\/aivlisoft.net\/shop\/wp-content\/uploads\/2024\/12\/removal.ai_5b848c54-0cdf-4140-95c5-c5536bb7573b-logodef.png\",\"contentUrl\":\"https:\/\/aivlisoft.net\/shop\/wp-content\/uploads\/2024\/12\/removal.ai_5b848c54-0cdf-4140-95c5-c5536bb7573b-logodef.png\",\"width\":484,\"height\":182,\"caption\":\"Aivlisoft Inform\u00e1tica\"},\"image\":{\"@id\":\"https:\/\/aivlisoft.net\/shop\/#\/schema\/logo\/image\/\"}}]}<\/script>\n<!-- \/ Yoast SEO plugin. -->","yoast_head_json":{"title":"SPC 7292RC2 Telefono DECT BLADE ID AG50 Rojo Duo - Aivlisoft Inform\u00e1tica","robots":{"index":"index","follow":"follow","max-snippet":"max-snippet:-1","max-image-preview":"max-image-preview:large","max-video-preview":"max-video-preview:-1"},"canonical":"https:\/\/aivlisoft.net\/shop\/producto\/spc-7292rc2-telefono-dect-blade-id-ag50-rojo-duo\/","og_locale":"es_ES","og_type":"article","og_title":"SPC 7292RC2 Telefono DECT BLADE ID AG50 Rojo Duo - Aivlisoft Inform\u00e1tica","og_description":"Marca SPC Modelo 7292RC2 Caracter&iacute;sticas Pantalla &#8211; Identificaci&oacute;n de llamada en espera &#8211; Listado de llamadas recibidas: 20 posiciones &#8211; Listado de llamadas realizadas: 10 posiciones &#8211; Rellamada al &uacute;ltimo n&uacute;mero marcado Identificaci&oacute;n de llamada &#8211; Identificaci&oacute;n de llamada &#8211; Identificaci&oacute;n de llamada en espera &#8211; Agenda &#8211; 100 nombres y n&uacute;meros &#8211; Melod&iacute;a asociada&hellip;&nbsp;SPC 7292RC2 Telefono DECT BLADE ID AG50 Rojo Duo","og_url":"https:\/\/aivlisoft.net\/shop\/producto\/spc-7292rc2-telefono-dect-blade-id-ag50-rojo-duo\/","og_site_name":"Aivlisoft Inform\u00e1tica","article_modified_time":"2025-01-14T19:47:23+00:00","og_image":[{"width":800,"height":800,"url":"https:\/\/aivlisoft.net\/shop\/wp-content\/uploads\/2025\/01\/NTETIN0179_800.jpg","type":"image\/jpeg"}],"twitter_card":"summary_large_image","twitter_misc":{"Tiempo de lectura":"2 minutos"},"schema":{"@context":"https:\/\/schema.org","@graph":[{"@type":"WebPage","@id":"https:\/\/aivlisoft.net\/shop\/producto\/spc-7292rc2-telefono-dect-blade-id-ag50-rojo-duo\/","url":"https:\/\/aivlisoft.net\/shop\/producto\/spc-7292rc2-telefono-dect-blade-id-ag50-rojo-duo\/","name":"SPC 7292RC2 Telefono DECT BLADE ID AG50 Rojo Duo - Aivlisoft Inform\u00e1tica","isPartOf":{"@id":"https:\/\/aivlisoft.net\/shop\/#website"},"primaryImageOfPage":{"@id":"https:\/\/aivlisoft.net\/shop\/producto\/spc-7292rc2-telefono-dect-blade-id-ag50-rojo-duo\/#primaryimage"},"image":{"@id":"https:\/\/aivlisoft.net\/shop\/producto\/spc-7292rc2-telefono-dect-blade-id-ag50-rojo-duo\/#primaryimage"},"thumbnailUrl":"https:\/\/aivlisoft.net\/shop\/wp-content\/uploads\/2025\/01\/NTETIN0179_800.jpg","datePublished":"2025-01-13T15:57:30+00:00","dateModified":"2025-01-14T19:47:23+00:00","breadcrumb":{"@id":"https:\/\/aivlisoft.net\/shop\/producto\/spc-7292rc2-telefono-dect-blade-id-ag50-rojo-duo\/#breadcrumb"},"inLanguage":"es","potentialAction":[{"@type":"ReadAction","target":["https:\/\/aivlisoft.net\/shop\/producto\/spc-7292rc2-telefono-dect-blade-id-ag50-rojo-duo\/"]}]},{"@type":"ImageObject","inLanguage":"es","@id":"https:\/\/aivlisoft.net\/shop\/producto\/spc-7292rc2-telefono-dect-blade-id-ag50-rojo-duo\/#primaryimage","url":"https:\/\/aivlisoft.net\/shop\/wp-content\/uploads\/2025\/01\/NTETIN0179_800.jpg","contentUrl":"https:\/\/aivlisoft.net\/shop\/wp-content\/uploads\/2025\/01\/NTETIN0179_800.jpg","width":800,"height":800},{"@type":"BreadcrumbList","@id":"https:\/\/aivlisoft.net\/shop\/producto\/spc-7292rc2-telefono-dect-blade-id-ag50-rojo-duo\/#breadcrumb","itemListElement":[{"@type":"ListItem","position":1,"name":"Portada","item":"https:\/\/aivlisoft.net\/shop\/"},{"@type":"ListItem","position":2,"name":"Tienda","item":"https:\/\/aivlisoft.net\/shop\/tienda\/"},{"@type":"ListItem","position":3,"name":"SPC 7292RC2 Telefono DECT BLADE ID AG50 Rojo Duo"}]},{"@type":"WebSite","@id":"https:\/\/aivlisoft.net\/shop\/#website","url":"https:\/\/aivlisoft.net\/shop\/","name":"Aivlisoft Inform\u00e1tica","description":"En Aivlisoft Inform\u00e1tica ofrecemos soluciones tecnol\u00f3gicas para empresas: venta de ordenadores, consumibles, perif\u00e9ricos y m\u00e1s. Calidad, atenci\u00f3n personalizada y los mejores precios para tu negocio.","publisher":{"@id":"https:\/\/aivlisoft.net\/shop\/#organization"},"potentialAction":[{"@type":"SearchAction","target":{"@type":"EntryPoint","urlTemplate":"https:\/\/aivlisoft.net\/shop\/?s={search_term_string}"},"query-input":{"@type":"PropertyValueSpecification","valueRequired":true,"valueName":"search_term_string"}}],"inLanguage":"es"},{"@type":"Organization","@id":"https:\/\/aivlisoft.net\/shop\/#organization","name":"Aivlisoft Inform\u00e1tica","url":"https:\/\/aivlisoft.net\/shop\/","logo":{"@type":"ImageObject","inLanguage":"es","@id":"https:\/\/aivlisoft.net\/shop\/#\/schema\/logo\/image\/","url":"https:\/\/aivlisoft.net\/shop\/wp-content\/uploads\/2024\/12\/removal.ai_5b848c54-0cdf-4140-95c5-c5536bb7573b-logodef.png","contentUrl":"https:\/\/aivlisoft.net\/shop\/wp-content\/uploads\/2024\/12\/removal.ai_5b848c54-0cdf-4140-95c5-c5536bb7573b-logodef.png","width":484,"height":182,"caption":"Aivlisoft Inform\u00e1tica"},"image":{"@id":"https:\/\/aivlisoft.net\/shop\/#\/schema\/logo\/image\/"}}]}},"_links":{"self":[{"href":"https:\/\/aivlisoft.net\/shop\/wp-json\/wp\/v2\/product\/21714","targetHints":{"allow":["GET"]}}],"collection":[{"href":"https:\/\/aivlisoft.net\/shop\/wp-json\/wp\/v2\/product"}],"about":[{"href":"https:\/\/aivlisoft.net\/shop\/wp-json\/wp\/v2\/types\/product"}],"wp:featuredmedia":[{"embeddable":true,"href":"https:\/\/aivlisoft.net\/shop\/wp-json\/wp\/v2\/media\/21715"}],"wp:attachment":[{"href":"https:\/\/aivlisoft.net\/shop\/wp-json\/wp\/v2\/media?parent=21714"}],"wp:term":[{"taxonomy":"product_brand","embeddable":true,"href":"https:\/\/aivlisoft.net\/shop\/wp-json\/wp\/v2\/product_brand?post=21714"},{"taxonomy":"product_cat","embeddable":true,"href":"https:\/\/aivlisoft.net\/shop\/wp-json\/wp\/v2\/product_cat?post=21714"},{"taxonomy":"product_tag","embeddable":true,"href":"https:\/\/aivlisoft.net\/shop\/wp-json\/wp\/v2\/product_tag?post=21714"}],"curies":[{"name":"wp","href":"https:\/\/api.w.org\/{rel}","templated":true}]}}