{"id":21694,"date":"2025-01-13T15:57:16","date_gmt":"2025-01-13T15:57:16","guid":{"rendered":"https:\/\/aivlisoft.com\/?post_type=product&#038;p=21694"},"modified":"2025-01-14T19:47:27","modified_gmt":"2025-01-14T19:47:27","slug":"spc-7334n-telefono-dect-keops-negro","status":"publish","type":"product","link":"https:\/\/aivlisoft.net\/shop\/producto\/spc-7334n-telefono-dect-keops-negro\/","title":{"rendered":"SPC 7334N Telefono DECT KEOPS Negro"},"content":{"rendered":"<p><strong>Lo bueno, sin complicaciones, dos veces bueno<\/strong><br \/>SPC KEOPS es un tel&eacute;fono inal&aacute;mbrico robusto y elegante que siempre est&aacute; cerca cuando lo necesitas. F&aacute;cil de usar, tan solo tienes que sacarlo de su base de carga y marcar para empezar a hablar, a escuchar y a compartir.<\/p>\n<p><strong>Hogar ecol&oacute;gico, hogar feliz<\/strong><br \/>El tel&eacute;fono no emite ninguna radiaci&oacute;n cuando est&aacute; en modo standby. Y durante una llamada, su tecnolog&iacute;a respetuosa con el medioambiente ajusta la transmisi&oacute;n de energ&iacute;a a la distancia entre la estaci&oacute;n base y el terminal.<br \/>&nbsp;<\/p>\n<table class=\"tabla_caracteristicas k-table\" width=\"100%\">\n<tr>\n<td><strong>Marca<\/strong><\/td>\n<td>SPC<\/td>\n<\/tr>\n<tr>\n<td><strong>Modelo<\/strong><\/td>\n<td><strong>7334N<\/strong><\/td>\n<\/tr>\n<tr>\n<td><strong>Caracter&iacute;sticas<\/strong><\/td>\n<td><strong>Pantalla<\/strong><br \/>\t\t\t&#8211; Pantalla iluminada: S&iacute;. Luz de fondo &aacute;mbar<br \/>\t\t\t&#8211; Nombre del port&aacute;til: Configurable<br \/>\t\t\t&#8211; Indicadores en pantalla: Tiempo de conversaci&oacute;n. Estado de la bater&iacute;a. Cobertura.<br \/>\t\t\t<strong>Identificaci&oacute;n de llamada<\/strong><br \/>\t\t\t&#8211; Identificaci&oacute;n de llamada: s&iacute;<br \/>\t\t\t&#8211; Agenda: 50 nombres y n&uacute;meros<br \/>\t\t\t&#8211; Listado de llamadas recibidas: 20<br \/>\t\t\t&#8211; Listado de llamadas realizadas: 10<br \/>\t\t\t&#8211; Rellamada al &uacute;ltimo n&uacute;mero marcado: s&iacute;<br \/>\t\t\t<strong>Teclado<\/strong><br \/>\t\t\t&#8211; Marcaci&oacute;n en colgado: S&iacute;<br \/>\t\t\t&#8211; Bloqueo de teclado: S&iacute;<br \/>\t\t\t&#8211; Descolgado autom&aacute;tico: Configurable<br \/>\t\t\t&#8211; Teclado sonoro: Configurable<br \/>\t\t\t&#8211; Tecla R: Configurable<br \/>\t\t\t&#8211; Tecla de encendido y apagado del port&aacute;til: S&iacute;<br \/>\t\t\t<strong>Sonido<\/strong><br \/>\t\t\t&#8211; Melod&iacute;as de timbre: 5<br \/>\t\t\t&#8211; Niveles de volumen de auricular: 5<br \/>\t\t\t&#8211; Niveles de volumen de timbre: 6 (incluido silencio)<br \/>\t\t\t<strong>Funcionalidades GAP<\/strong><br \/>\t\t\t&#8211; Compatible con GAP: S&iacute;<br \/>\t\t\t&#8211; N&ordm; de port&aacute;tiles que una base puede soportar: Hasta 4<br \/>\t\t\t&#8211; Transferencia de llamada entre port&aacute;tiles: S&iacute;<br \/>\t\t\t&#8211; Llamadas internas desde port&aacute;tiles: S&iacute;<br \/>\t\t\t&#8211; Conferencia A 3: 2 internas y 1 externa<br \/>\t\t\t<strong>Otras funcionalidades<\/strong><br \/>\t\t\t&#8211; Modo ECO: S&iacute;<br \/>\t\t\t&#8211; Funci&oacute;n alarma: S&iacute;<br \/>\t\t\t&#8211; Ajuste de fecha y hora: S&iacute;<br \/>\t\t\t&#8211; N&uacute;mero PIN: Configurable<br \/>\t\t\t&#8211; B&uacute;squeda del port&aacute;til desde la base: S&iacute;<br \/>\t\t\t&#8211; Tipo de marcaci&oacute;n: Tonos o pulsos<br \/>\t\t\t&#8211; Conexi&oacute;n telef&oacute;nica RJ11: S&iacute;<br \/>\t\t\t&#8211; Compatible con las redes an&aacute;logicas espa&ntilde;olas: S&iacute;<br \/>\t\t\t<strong>Medidas<\/strong><br \/>\t\t\t&#8211; Alto: 153,5 mm<br \/>\t\t\t&#8211; Ancho: 50,5 mm<br \/>\t\t\t&#8211; Fondo: 24,5 mm<br \/>\t\t\t&#8211; Peso: 103 g<br \/>\t\t\t<strong>Contiene<\/strong><br \/>\t\t\t&#8211; Tel&eacute;fono<br \/>\t\t\t&#8211; Base cargadora<br \/>\t\t\t&#8211; Alimentador<br \/>\t\t\t&#8211; Bater&iacute;as<br \/>\t\t\t&#8211; Manual de usuario.<\/td>\n<\/tr>\n<tr>\n<td><strong>Fecha de revisi&oacute;n<\/strong><\/td>\n<td>10-10-2022 por MPM<\/td>\n<\/tr>\n<\/table>\n","protected":false},"excerpt":{"rendered":"<p>Lo bueno, sin complicaciones, dos veces buenoSPC KEOPS es un tel&eacute;fono inal&aacute;mbrico robusto y elegante que siempre est&aacute; cerca cuando lo necesitas. F&aacute;cil de usar, tan solo tienes que sacarlo de su base de carga y marcar para empezar a hablar, a escuchar y a compartir. Hogar ecol&oacute;gico, hogar felizEl tel&eacute;fono no emite ninguna radiaci&oacute;n&hellip;&nbsp;<a href=\"https:\/\/aivlisoft.net\/shop\/producto\/spc-7334n-telefono-dect-keops-negro\/\" rel=\"bookmark\"><span class=\"screen-reader-text\">SPC 7334N Telefono DECT KEOPS Negro<\/span><\/a><\/p>\n","protected":false},"featured_media":21695,"template":"","meta":{"neve_meta_sidebar":"","neve_meta_container":"","neve_meta_enable_content_width":"","neve_meta_content_width":0,"neve_meta_title_alignment":"","neve_meta_author_avatar":"","neve_post_elements_order":"","neve_meta_disable_header":"","neve_meta_disable_footer":"","neve_meta_disable_title":""},"product_brand":[],"product_cat":[15,7909],"product_tag":[7684],"class_list":{"0":"post-21694","1":"product","2":"type-product","3":"status-publish","4":"has-post-thumbnail","6":"product_cat-sin-categorizar","7":"product_cat-telefonia-ip","8":"product_tag-7334n","10":"first","11":"instock","12":"taxable","13":"shipping-taxable","14":"purchasable","15":"product-type-simple"},"yoast_head":"<!-- This site is optimized with the Yoast SEO plugin v26.0 - https:\/\/yoast.com\/wordpress\/plugins\/seo\/ -->\n<title>SPC 7334N Telefono DECT KEOPS Negro - Aivlisoft Inform\u00e1tica<\/title>\n<meta name=\"robots\" content=\"index, follow, max-snippet:-1, max-image-preview:large, max-video-preview:-1\" \/>\n<link rel=\"canonical\" href=\"https:\/\/aivlisoft.net\/shop\/producto\/spc-7334n-telefono-dect-keops-negro\/\" \/>\n<meta property=\"og:locale\" content=\"es_ES\" \/>\n<meta property=\"og:type\" content=\"article\" \/>\n<meta property=\"og:title\" content=\"SPC 7334N Telefono DECT KEOPS Negro - Aivlisoft Inform\u00e1tica\" \/>\n<meta property=\"og:description\" content=\"Lo bueno, sin complicaciones, dos veces buenoSPC KEOPS es un tel&eacute;fono inal&aacute;mbrico robusto y elegante que siempre est&aacute; cerca cuando lo necesitas. F&aacute;cil de usar, tan solo tienes que sacarlo de su base de carga y marcar para empezar a hablar, a escuchar y a compartir. Hogar ecol&oacute;gico, hogar felizEl tel&eacute;fono no emite ninguna radiaci&oacute;n&hellip;&nbsp;SPC 7334N Telefono DECT KEOPS Negro\" \/>\n<meta property=\"og:url\" content=\"https:\/\/aivlisoft.net\/shop\/producto\/spc-7334n-telefono-dect-keops-negro\/\" \/>\n<meta property=\"og:site_name\" content=\"Aivlisoft Inform\u00e1tica\" \/>\n<meta property=\"article:modified_time\" content=\"2025-01-14T19:47:27+00:00\" \/>\n<meta property=\"og:image\" content=\"https:\/\/aivlisoft.net\/shop\/wp-content\/uploads\/2025\/01\/NTETIN0162_800.jpg\" \/>\n\t<meta property=\"og:image:width\" content=\"800\" \/>\n\t<meta property=\"og:image:height\" content=\"800\" \/>\n\t<meta property=\"og:image:type\" content=\"image\/jpeg\" \/>\n<meta name=\"twitter:card\" content=\"summary_large_image\" \/>\n<meta name=\"twitter:label1\" content=\"Tiempo de lectura\" \/>\n\t<meta name=\"twitter:data1\" content=\"2 minutos\" \/>\n<script type=\"application\/ld+json\" class=\"yoast-schema-graph\">{\"@context\":\"https:\/\/schema.org\",\"@graph\":[{\"@type\":\"WebPage\",\"@id\":\"https:\/\/aivlisoft.net\/shop\/producto\/spc-7334n-telefono-dect-keops-negro\/\",\"url\":\"https:\/\/aivlisoft.net\/shop\/producto\/spc-7334n-telefono-dect-keops-negro\/\",\"name\":\"SPC 7334N Telefono DECT KEOPS Negro - Aivlisoft Inform\u00e1tica\",\"isPartOf\":{\"@id\":\"https:\/\/aivlisoft.net\/shop\/#website\"},\"primaryImageOfPage\":{\"@id\":\"https:\/\/aivlisoft.net\/shop\/producto\/spc-7334n-telefono-dect-keops-negro\/#primaryimage\"},\"image\":{\"@id\":\"https:\/\/aivlisoft.net\/shop\/producto\/spc-7334n-telefono-dect-keops-negro\/#primaryimage\"},\"thumbnailUrl\":\"https:\/\/aivlisoft.net\/shop\/wp-content\/uploads\/2025\/01\/NTETIN0162_800.jpg\",\"datePublished\":\"2025-01-13T15:57:16+00:00\",\"dateModified\":\"2025-01-14T19:47:27+00:00\",\"breadcrumb\":{\"@id\":\"https:\/\/aivlisoft.net\/shop\/producto\/spc-7334n-telefono-dect-keops-negro\/#breadcrumb\"},\"inLanguage\":\"es\",\"potentialAction\":[{\"@type\":\"ReadAction\",\"target\":[\"https:\/\/aivlisoft.net\/shop\/producto\/spc-7334n-telefono-dect-keops-negro\/\"]}]},{\"@type\":\"ImageObject\",\"inLanguage\":\"es\",\"@id\":\"https:\/\/aivlisoft.net\/shop\/producto\/spc-7334n-telefono-dect-keops-negro\/#primaryimage\",\"url\":\"https:\/\/aivlisoft.net\/shop\/wp-content\/uploads\/2025\/01\/NTETIN0162_800.jpg\",\"contentUrl\":\"https:\/\/aivlisoft.net\/shop\/wp-content\/uploads\/2025\/01\/NTETIN0162_800.jpg\",\"width\":800,\"height\":800},{\"@type\":\"BreadcrumbList\",\"@id\":\"https:\/\/aivlisoft.net\/shop\/producto\/spc-7334n-telefono-dect-keops-negro\/#breadcrumb\",\"itemListElement\":[{\"@type\":\"ListItem\",\"position\":1,\"name\":\"Portada\",\"item\":\"https:\/\/aivlisoft.net\/shop\/\"},{\"@type\":\"ListItem\",\"position\":2,\"name\":\"Tienda\",\"item\":\"https:\/\/aivlisoft.net\/shop\/tienda\/\"},{\"@type\":\"ListItem\",\"position\":3,\"name\":\"SPC 7334N Telefono DECT KEOPS Negro\"}]},{\"@type\":\"WebSite\",\"@id\":\"https:\/\/aivlisoft.net\/shop\/#website\",\"url\":\"https:\/\/aivlisoft.net\/shop\/\",\"name\":\"Aivlisoft Inform\u00e1tica\",\"description\":\"En Aivlisoft Inform\u00e1tica ofrecemos soluciones tecnol\u00f3gicas para empresas: venta de ordenadores, consumibles, perif\u00e9ricos y m\u00e1s. Calidad, atenci\u00f3n personalizada y los mejores precios para tu negocio.\",\"publisher\":{\"@id\":\"https:\/\/aivlisoft.net\/shop\/#organization\"},\"potentialAction\":[{\"@type\":\"SearchAction\",\"target\":{\"@type\":\"EntryPoint\",\"urlTemplate\":\"https:\/\/aivlisoft.net\/shop\/?s={search_term_string}\"},\"query-input\":{\"@type\":\"PropertyValueSpecification\",\"valueRequired\":true,\"valueName\":\"search_term_string\"}}],\"inLanguage\":\"es\"},{\"@type\":\"Organization\",\"@id\":\"https:\/\/aivlisoft.net\/shop\/#organization\",\"name\":\"Aivlisoft Inform\u00e1tica\",\"url\":\"https:\/\/aivlisoft.net\/shop\/\",\"logo\":{\"@type\":\"ImageObject\",\"inLanguage\":\"es\",\"@id\":\"https:\/\/aivlisoft.net\/shop\/#\/schema\/logo\/image\/\",\"url\":\"https:\/\/aivlisoft.net\/shop\/wp-content\/uploads\/2024\/12\/removal.ai_5b848c54-0cdf-4140-95c5-c5536bb7573b-logodef.png\",\"contentUrl\":\"https:\/\/aivlisoft.net\/shop\/wp-content\/uploads\/2024\/12\/removal.ai_5b848c54-0cdf-4140-95c5-c5536bb7573b-logodef.png\",\"width\":484,\"height\":182,\"caption\":\"Aivlisoft Inform\u00e1tica\"},\"image\":{\"@id\":\"https:\/\/aivlisoft.net\/shop\/#\/schema\/logo\/image\/\"}}]}<\/script>\n<!-- \/ Yoast SEO plugin. -->","yoast_head_json":{"title":"SPC 7334N Telefono DECT KEOPS Negro - Aivlisoft Inform\u00e1tica","robots":{"index":"index","follow":"follow","max-snippet":"max-snippet:-1","max-image-preview":"max-image-preview:large","max-video-preview":"max-video-preview:-1"},"canonical":"https:\/\/aivlisoft.net\/shop\/producto\/spc-7334n-telefono-dect-keops-negro\/","og_locale":"es_ES","og_type":"article","og_title":"SPC 7334N Telefono DECT KEOPS Negro - Aivlisoft Inform\u00e1tica","og_description":"Lo bueno, sin complicaciones, dos veces buenoSPC KEOPS es un tel&eacute;fono inal&aacute;mbrico robusto y elegante que siempre est&aacute; cerca cuando lo necesitas. F&aacute;cil de usar, tan solo tienes que sacarlo de su base de carga y marcar para empezar a hablar, a escuchar y a compartir. Hogar ecol&oacute;gico, hogar felizEl tel&eacute;fono no emite ninguna radiaci&oacute;n&hellip;&nbsp;SPC 7334N Telefono DECT KEOPS Negro","og_url":"https:\/\/aivlisoft.net\/shop\/producto\/spc-7334n-telefono-dect-keops-negro\/","og_site_name":"Aivlisoft Inform\u00e1tica","article_modified_time":"2025-01-14T19:47:27+00:00","og_image":[{"width":800,"height":800,"url":"https:\/\/aivlisoft.net\/shop\/wp-content\/uploads\/2025\/01\/NTETIN0162_800.jpg","type":"image\/jpeg"}],"twitter_card":"summary_large_image","twitter_misc":{"Tiempo de lectura":"2 minutos"},"schema":{"@context":"https:\/\/schema.org","@graph":[{"@type":"WebPage","@id":"https:\/\/aivlisoft.net\/shop\/producto\/spc-7334n-telefono-dect-keops-negro\/","url":"https:\/\/aivlisoft.net\/shop\/producto\/spc-7334n-telefono-dect-keops-negro\/","name":"SPC 7334N Telefono DECT KEOPS Negro - Aivlisoft Inform\u00e1tica","isPartOf":{"@id":"https:\/\/aivlisoft.net\/shop\/#website"},"primaryImageOfPage":{"@id":"https:\/\/aivlisoft.net\/shop\/producto\/spc-7334n-telefono-dect-keops-negro\/#primaryimage"},"image":{"@id":"https:\/\/aivlisoft.net\/shop\/producto\/spc-7334n-telefono-dect-keops-negro\/#primaryimage"},"thumbnailUrl":"https:\/\/aivlisoft.net\/shop\/wp-content\/uploads\/2025\/01\/NTETIN0162_800.jpg","datePublished":"2025-01-13T15:57:16+00:00","dateModified":"2025-01-14T19:47:27+00:00","breadcrumb":{"@id":"https:\/\/aivlisoft.net\/shop\/producto\/spc-7334n-telefono-dect-keops-negro\/#breadcrumb"},"inLanguage":"es","potentialAction":[{"@type":"ReadAction","target":["https:\/\/aivlisoft.net\/shop\/producto\/spc-7334n-telefono-dect-keops-negro\/"]}]},{"@type":"ImageObject","inLanguage":"es","@id":"https:\/\/aivlisoft.net\/shop\/producto\/spc-7334n-telefono-dect-keops-negro\/#primaryimage","url":"https:\/\/aivlisoft.net\/shop\/wp-content\/uploads\/2025\/01\/NTETIN0162_800.jpg","contentUrl":"https:\/\/aivlisoft.net\/shop\/wp-content\/uploads\/2025\/01\/NTETIN0162_800.jpg","width":800,"height":800},{"@type":"BreadcrumbList","@id":"https:\/\/aivlisoft.net\/shop\/producto\/spc-7334n-telefono-dect-keops-negro\/#breadcrumb","itemListElement":[{"@type":"ListItem","position":1,"name":"Portada","item":"https:\/\/aivlisoft.net\/shop\/"},{"@type":"ListItem","position":2,"name":"Tienda","item":"https:\/\/aivlisoft.net\/shop\/tienda\/"},{"@type":"ListItem","position":3,"name":"SPC 7334N Telefono DECT KEOPS Negro"}]},{"@type":"WebSite","@id":"https:\/\/aivlisoft.net\/shop\/#website","url":"https:\/\/aivlisoft.net\/shop\/","name":"Aivlisoft Inform\u00e1tica","description":"En Aivlisoft Inform\u00e1tica ofrecemos soluciones tecnol\u00f3gicas para empresas: venta de ordenadores, consumibles, perif\u00e9ricos y m\u00e1s. Calidad, atenci\u00f3n personalizada y los mejores precios para tu negocio.","publisher":{"@id":"https:\/\/aivlisoft.net\/shop\/#organization"},"potentialAction":[{"@type":"SearchAction","target":{"@type":"EntryPoint","urlTemplate":"https:\/\/aivlisoft.net\/shop\/?s={search_term_string}"},"query-input":{"@type":"PropertyValueSpecification","valueRequired":true,"valueName":"search_term_string"}}],"inLanguage":"es"},{"@type":"Organization","@id":"https:\/\/aivlisoft.net\/shop\/#organization","name":"Aivlisoft Inform\u00e1tica","url":"https:\/\/aivlisoft.net\/shop\/","logo":{"@type":"ImageObject","inLanguage":"es","@id":"https:\/\/aivlisoft.net\/shop\/#\/schema\/logo\/image\/","url":"https:\/\/aivlisoft.net\/shop\/wp-content\/uploads\/2024\/12\/removal.ai_5b848c54-0cdf-4140-95c5-c5536bb7573b-logodef.png","contentUrl":"https:\/\/aivlisoft.net\/shop\/wp-content\/uploads\/2024\/12\/removal.ai_5b848c54-0cdf-4140-95c5-c5536bb7573b-logodef.png","width":484,"height":182,"caption":"Aivlisoft Inform\u00e1tica"},"image":{"@id":"https:\/\/aivlisoft.net\/shop\/#\/schema\/logo\/image\/"}}]}},"_links":{"self":[{"href":"https:\/\/aivlisoft.net\/shop\/wp-json\/wp\/v2\/product\/21694","targetHints":{"allow":["GET"]}}],"collection":[{"href":"https:\/\/aivlisoft.net\/shop\/wp-json\/wp\/v2\/product"}],"about":[{"href":"https:\/\/aivlisoft.net\/shop\/wp-json\/wp\/v2\/types\/product"}],"wp:featuredmedia":[{"embeddable":true,"href":"https:\/\/aivlisoft.net\/shop\/wp-json\/wp\/v2\/media\/21695"}],"wp:attachment":[{"href":"https:\/\/aivlisoft.net\/shop\/wp-json\/wp\/v2\/media?parent=21694"}],"wp:term":[{"taxonomy":"product_brand","embeddable":true,"href":"https:\/\/aivlisoft.net\/shop\/wp-json\/wp\/v2\/product_brand?post=21694"},{"taxonomy":"product_cat","embeddable":true,"href":"https:\/\/aivlisoft.net\/shop\/wp-json\/wp\/v2\/product_cat?post=21694"},{"taxonomy":"product_tag","embeddable":true,"href":"https:\/\/aivlisoft.net\/shop\/wp-json\/wp\/v2\/product_tag?post=21694"}],"curies":[{"name":"wp","href":"https:\/\/api.w.org\/{rel}","templated":true}]}}